{"id":24146,"date":"2025-04-13T17:41:08","date_gmt":"2025-04-13T17:41:08","guid":{"rendered":"https:\/\/researchchemicalhub.com\/?post_type=product&#038;p=24146"},"modified":"2025-10-13T10:38:38","modified_gmt":"2025-10-13T10:38:38","slug":"chem-mist-4-ho-met-7-spray","status":"publish","type":"product","link":"https:\/\/researchchemicalhub.com\/sk\/shop\/b2b\/chem-mist-4-ho-met-7-spray\/","title":{"rendered":"Chemick\u00e1 hmla 4-HO-MET 7% sprej"},"content":{"rendered":"<h3 data-start=\"4754\" data-end=\"4771\">\u00davod<\/h3>\n<p data-start=\"4772\" data-end=\"5331\">Sprej Chem-mist 4-HO-MET 7% je presne vyvinut\u00fd v\u00fdskumn\u00fd produkt s obsahom tryptam\u00ednu ur\u010den\u00fd na laborat\u00f3rne a analytick\u00e9 pou\u017eitie. Poskytuje <strong data-start=\"4920\" data-end=\"4971\">4-hydroxy-N-metyl-N-etyltryptam\u00edn (4-HO-MET)<\/strong> v stabilizovanom vodnom nosovom spreji, ktor\u00e9 umo\u017e\u0148uje reprodukovate\u013en\u00e9 mikrod\u00e1vkovanie a \u00fa\u010dinn\u00fa absorpciu sliznicou v kontrolovan\u00fdch experiment\u00e1lnych podmienkach. Form\u00e1t nosov\u00e9ho spreja je navrhnut\u00fd tak, aby zjednodu\u0161il manipul\u00e1ciu, zlep\u0161il konzistenciu d\u00e1vky a zn\u00ed\u017eil odpad v porovnan\u00ed s objemov\u00fdmi tekutinami alebo pr\u00e1\u0161kami. Sprej Chem-mist 4-HO-MET 7%<\/p>\n<hr data-start=\"5333\" data-end=\"5336\" \/>\n<h3 data-start=\"5338\" data-end=\"5371\">K\u013e\u00fa\u010dov\u00e9 vlastnosti<\/h3>\n<ul data-start=\"5372\" data-end=\"6075\">\n<li data-start=\"5372\" data-end=\"5461\">\n<p data-start=\"5374\" data-end=\"5461\"><strong data-start=\"5374\" data-end=\"5393\">Koncentr\u00e1cia 7%<\/strong>Poskytuje stredn\u00fa \u00fa\u010dinnos\u0165 vhodn\u00fa pre \u0161t\u00fadie s mikrod\u00e1vkovan\u00edm.<\/p>\n<\/li>\n<li data-start=\"5462\" data-end=\"5537\">\n<p data-start=\"5464\" data-end=\"5537\"><strong data-start=\"5464\" data-end=\"5480\">Ve\u013ekos\u0165 spreja<\/strong>Ka\u017ed\u00e9 vstreknutie dod\u00e1va kontrolovan\u00fa mikrod\u00e1vku.<\/p>\n<\/li>\n<li data-start=\"5538\" data-end=\"5629\">\n<p data-start=\"5540\" data-end=\"5629\"><strong data-start=\"5540\" data-end=\"5567\">Viacero d\u00e1vok na f\u013ea\u0161u<\/strong>Dod\u00e1va desiatky \u0161tandardizovan\u00fdch postrekov na jedno balenie.<\/p>\n<\/li>\n<li data-start=\"5630\" data-end=\"5745\">\n<p data-start=\"5632\" data-end=\"5745\"><strong data-start=\"5632\" data-end=\"5664\">Stabilizovan\u00fd syst\u00e9m n\u00e1razn\u00edkov<\/strong>Obsahuje tlmiv\u00e9 formy a pomocn\u00e9 l\u00e1tky na udr\u017eanie pH a chemickej stability.<\/p>\n<\/li>\n<li data-start=\"5746\" data-end=\"5890\">\n<p data-start=\"5748\" data-end=\"5890\"><strong data-start=\"5748\" data-end=\"5777\">Vysok\u00e1 \u010distota v\u00fdskumu<\/strong>Vyroben\u00e9 pod\u013ea vysok\u00fdch \u0161tandardov \u010distoty v r\u00e1mci rady \u201eChem-mist\u201c.<\/p>\n<\/li>\n<li data-start=\"5891\" data-end=\"6075\">\n<p data-start=\"5893\" data-end=\"6075\"><strong data-start=\"5893\" data-end=\"5938\">Jasne ozna\u010den\u00e9 na v\u00fdskumn\u00e9 \u00fa\u010dely<\/strong>Ozna\u010den\u00e9 \u201elen na v\u00fdskumn\u00e9 \u00fa\u010dely\u201c na ozna\u010denie stavu bez konzum\u00e1cie.<\/p>\n<\/li>\n<\/ul>\n<hr data-start=\"6077\" data-end=\"6080\" \/>\n<h3 data-start=\"6082\" data-end=\"6141\">V\u00fdhody (pre v\u00fdskumn\u00e9\/laborat\u00f3rne aplik\u00e1cie)<\/h3>\n<ol data-start=\"6142\" data-end=\"6954\">\n<li data-start=\"6142\" data-end=\"6293\">\n<p data-start=\"6145\" data-end=\"6293\"><strong data-start=\"6145\" data-end=\"6171\">Presn\u00e9 mikrod\u00e1vkovanie<\/strong><br data-start=\"6171\" data-end=\"6174\" \/>Rozpra\u0161ovac\u00ed mechanizmus poskytuje konzistentn\u00e9 mikrod\u00e1vky, \u010d\u00edm sa zni\u017euje variabilita sp\u00f4soben\u00e1 pipetovan\u00edm alebo v\u00e1\u017een\u00edm.<\/p>\n<\/li>\n<li data-start=\"6295\" data-end=\"6440\">\n<p data-start=\"6298\" data-end=\"6440\"><strong data-start=\"6298\" data-end=\"6324\">Jednoduch\u0161\u00ed pracovn\u00fd postup<\/strong><br data-start=\"6324\" data-end=\"6327\" \/>Spreje pripraven\u00e9 na pou\u017eitie eliminuj\u00fa potrebu rozp\u00fa\u0161\u0165ania pevn\u00fdch l\u00e1tok alebo s\u00e9riov\u00e9ho riedenia.<\/p>\n<\/li>\n<li data-start=\"6442\" data-end=\"6589\">\n<p data-start=\"6445\" data-end=\"6589\"><strong data-start=\"6445\" data-end=\"6478\">Zn\u00ed\u017een\u00e9 riziko kontamin\u00e1cie<\/strong><br data-start=\"6478\" data-end=\"6481\" \/>Uzavret\u00e1 preprava spreja obmedzuje vystavenie teplote, vlhkosti alebo kontaminantom pren\u00e1\u0161an\u00fdm vzduchom.<\/p>\n<\/li>\n<li data-start=\"6591\" data-end=\"6776\">\n<p data-start=\"6594\" data-end=\"6776\"><strong data-start=\"6594\" data-end=\"6625\">Lep\u0161ie modelovanie absorpcie<\/strong><br data-start=\"6625\" data-end=\"6628\" \/>Podanie cez nosov\u00fa sliznicu m\u00f4\u017ee lep\u0161ie napodob\u0148ova\u0165 kinetiku absorpcie in vivo ako pod\u00e1vanie \u0161tandardn\u00e9ho roztoku.<\/p>\n<\/li>\n<li data-start=\"6778\" data-end=\"6954\">\n<p data-start=\"6781\" data-end=\"6954\"><strong data-start=\"6781\" data-end=\"6822\">Zv\u00fd\u0161en\u00e1 stabilita a trvanlivos\u0165<\/strong><br data-start=\"6822\" data-end=\"6825\" \/>Pufrovan\u00e9 zlo\u017eenie a ochrann\u00e9 balenie pom\u00e1haj\u00fa udr\u017eiava\u0165 integritu zl\u00fa\u010deniny pri spr\u00e1vnych skladovac\u00edch podmienkach.<\/p>\n<\/li>\n<\/ol>\n<hr data-start=\"6956\" data-end=\"6959\" \/>\n<h3 data-start=\"6961\" data-end=\"7018\">Ako pou\u017e\u00edva\u0165 (len na v\u00fdskumn\u00e9 \u00fa\u010dely)<\/h3>\n<blockquote data-start=\"7019\" data-end=\"7278\">\n<p data-start=\"7021\" data-end=\"7278\">\u26a0\ufe0f <strong data-start=\"7024\" data-end=\"7049\">Bezpe\u010dnostn\u00e1 pozn\u00e1mka:<\/strong> Tento produkt je ur\u010den\u00fd len na laborat\u00f3rne testovanie. Nie je ur\u010den\u00fd na pou\u017eitie u \u013eud\u00ed ani u zvierat. Noste kompletn\u00e9 osobn\u00e9 ochrann\u00e9 prostriedky, pracujte v primeranom prostred\u00ed (napr. v digestore) a dodr\u017eiavajte bezpe\u010dnostn\u00e9 protokoly v\u00e1\u0161ho zariadenia.<\/p>\n<\/blockquote>\n<ol data-start=\"7280\" data-end=\"8288\">\n<li data-start=\"7280\" data-end=\"7425\">\n<p data-start=\"7283\" data-end=\"7310\"><strong data-start=\"7283\" data-end=\"7308\">Pr\u00edprava a pr\u00edprava<\/strong><\/p>\n<ul data-start=\"7314\" data-end=\"7425\">\n<li data-start=\"7314\" data-end=\"7359\">\n<p data-start=\"7316\" data-end=\"7359\">Skontrolujte rozpra\u0161ovaciu trysku, \u010di nie je upchat\u00e1.<\/p>\n<\/li>\n<li data-start=\"7363\" data-end=\"7425\">\n<p data-start=\"7365\" data-end=\"7425\">Pre dosiahnutie stabiln\u00e9ho v\u00fdstupu naneste z\u00e1kladn\u00fd n\u00e1ter 1\u20132 streknutiami.<\/p>\n<\/li>\n<\/ul>\n<\/li>\n<li data-start=\"7427\" data-end=\"7697\">\n<p data-start=\"7430\" data-end=\"7452\"><strong data-start=\"7430\" data-end=\"7450\">Administrat\u00edvny postup<\/strong><\/p>\n<ul data-start=\"7456\" data-end=\"7697\">\n<li data-start=\"7456\" data-end=\"7552\">\n<p data-start=\"7458\" data-end=\"7552\">Umiestnite trysku do reprodukovate\u013enej vzdialenosti (napr. 1 \u2013 2 cm) od tkaniva alebo povrchu.<\/p>\n<\/li>\n<li data-start=\"7556\" data-end=\"7637\">\n<p data-start=\"7558\" data-end=\"7637\">Stla\u010dte ovl\u00e1da\u010d po\u017eadovan\u00fd po\u010detkr\u00e1t pod\u013ea v\u00e1\u0161ho experiment\u00e1lneho protokolu.<\/p>\n<\/li>\n<li data-start=\"7641\" data-end=\"7697\">\n<p data-start=\"7643\" data-end=\"7697\">Zaznamenajte po\u010det spusten\u00ed, \u010dasy a podmienky.<\/p>\n<\/li>\n<\/ul>\n<\/li>\n<li data-start=\"7699\" data-end=\"7986\">\n<p data-start=\"7702\" data-end=\"7721\"><strong data-start=\"7702\" data-end=\"7719\">Po podan\u00ed<\/strong><\/p>\n<ul data-start=\"7725\" data-end=\"7986\">\n<li data-start=\"7725\" data-end=\"7799\">\n<p data-start=\"7727\" data-end=\"7799\">Okam\u017eite nasa\u010fte uz\u00e1ver, aby ste zabr\u00e1nili odparovaniu alebo kontamin\u00e1cii.<\/p>\n<\/li>\n<li data-start=\"7803\" data-end=\"7857\">\n<p data-start=\"7805\" data-end=\"7857\">Skladujte vo zvislej polohe <strong data-start=\"7827\" data-end=\"7845\">chladn\u00fd, tmav\u00fd<\/strong> prostredie.<\/p>\n<\/li>\n<li data-start=\"7861\" data-end=\"7986\">\n<p data-start=\"7863\" data-end=\"7986\">V pr\u00edpade potreby trysku jemne opl\u00e1chnite vhodn\u00fdm rozp\u00fa\u0161\u0165adlom (napr. deionizovanou vodou), aby ste predi\u0161li upchatiu.<\/p>\n<\/li>\n<\/ul>\n<\/li>\n<li data-start=\"7988\" data-end=\"8288\">\n<p data-start=\"7991\" data-end=\"8022\"><strong data-start=\"7991\" data-end=\"8020\">Bezpe\u010dnos\u0165 a likvid\u00e1cia<\/strong><\/p>\n<ul data-start=\"8026\" data-end=\"8288\">\n<li data-start=\"8026\" data-end=\"8076\">\n<p data-start=\"8028\" data-end=\"8076\">Zabr\u00e1\u0148te vd\u00fdchnutiu alebo kontaktu s poko\u017ekou alebo o\u010dami.<\/p>\n<\/li>\n<li data-start=\"8080\" data-end=\"8180\">\n<p data-start=\"8082\" data-end=\"8180\">V pr\u00edpade n\u00e1hodnej expoz\u00edcie: opl\u00e1chnite vodou a pozrite si kartu bezpe\u010dnostn\u00fdch \u00fadajov (SDS).<\/p>\n<\/li>\n<li data-start=\"8184\" data-end=\"8288\">\n<p data-start=\"8186\" data-end=\"8288\">Prebyto\u010dn\u00fd roztok, n\u00e1doby a obaly zlikvidujte v s\u00falade s predpismi o chemickom odpade.<\/p>\n<\/li>\n<\/ul>\n<\/li>\n<\/ol>\n<hr data-start=\"8290\" data-end=\"8293\" \/>\n<h3 data-start=\"8295\" data-end=\"8326\">\u010casto kladen\u00e9 ot\u00e1zky (FAQ)<\/h3>\n<p data-start=\"8328\" data-end=\"8592\"><strong data-start=\"8328\" data-end=\"8352\">Ot\u00e1zka 1: \u010co je 4-HO-MET?<\/strong><br data-start=\"8352\" data-end=\"8355\" \/>4-HO-MET (4-hydroxy-N-metyl-N-etyltryptam\u00edn) je tryptam\u00ednov\u00e1 zl\u00fa\u010denina pou\u017e\u00edvan\u00e1 vo v\u00fdskume. Patr\u00ed do triedy hydroxytryptam\u00ednov a pou\u017e\u00edva sa v analytick\u00fdch, receptorovo-v\u00e4zbov\u00fdch a mechanistick\u00fdch \u0161t\u00fadi\u00e1ch.<\/p>\n<p data-start=\"8594\" data-end=\"8851\"><strong data-start=\"8594\" data-end=\"8637\">Ot\u00e1zka 2: Ko\u013eko 4-HO-MET sa dosiahne pri ka\u017edom streknut\u00ed?<\/strong><br data-start=\"8637\" data-end=\"8640\" \/>Ka\u017ed\u00e9 vstreknutie dod\u00e1va mikrod\u00e1vku \u00famern\u00fa koncentr\u00e1cii 7%. Presn\u00e9 mg na vstrek z\u00e1vis\u00ed od kalibr\u00e1cie v\u00fdrobcom a malo by sa overi\u0165 experiment\u00e1lnou valid\u00e1ciou.<\/p>\n<p data-start=\"8853\" data-end=\"9190\"><strong data-start=\"8853\" data-end=\"8900\">Ot\u00e1zka 3: Ako dlho sa m\u00f4\u017ee tento sprej skladova\u0165?<\/strong><br data-start=\"8900\" data-end=\"8903\" \/>Pri skladovan\u00ed v uzavretej, zvislej polohe a v chladnom, tmavom a suchom prostred\u00ed sa o\u010dak\u00e1va, \u017ee formul\u00e1cia zostane stabiln\u00e1 nieko\u013eko mesiacov a\u017e rokov, v z\u00e1vislosti od formul\u00e1cie a kinetiky degrad\u00e1cie. Pre dosiahnutie optim\u00e1lnych v\u00fdsledkov spotrebujte v r\u00e1mci odpor\u00fa\u010danej doby pou\u017eite\u013enosti.<\/p>","protected":false},"excerpt":{"rendered":"<p>Introductie Chem-mist 4-HO-MET 7% Spray is een precisie-geformuleerd tryptamine onderzoeksproduct, bedoeld voor laboratorium- en analytisch gebruik. Het levert 4-hydroxy-N-methyl-N-ethyltryptamine (4-HO-MET)<\/p>","protected":false},"featured_media":21205,"comment_status":"closed","ping_status":"closed","template":"","meta":[],"product_brand":[],"product_cat":[555],"product_tag":[1097,326],"class_list":{"0":"post-24146","1":"product","2":"type-product","3":"status-publish","4":"has-post-thumbnail","6":"product_cat-b2b","7":"product_tag-chem-mist-4-ho-met-7-spray","8":"product_tag-nl","10":"first","11":"instock","12":"taxable","13":"shipping-taxable","14":"purchasable","15":"product-type-variable"},"_links":{"self":[{"href":"https:\/\/researchchemicalhub.com\/sk\/wp-json\/wp\/v2\/product\/24146","targetHints":{"allow":["GET"]}}],"collection":[{"href":"https:\/\/researchchemicalhub.com\/sk\/wp-json\/wp\/v2\/product"}],"about":[{"href":"https:\/\/researchchemicalhub.com\/sk\/wp-json\/wp\/v2\/types\/product"}],"replies":[{"embeddable":true,"href":"https:\/\/researchchemicalhub.com\/sk\/wp-json\/wp\/v2\/comments?post=24146"}],"version-history":[{"count":3,"href":"https:\/\/researchchemicalhub.com\/sk\/wp-json\/wp\/v2\/product\/24146\/revisions"}],"predecessor-version":[{"id":27862,"href":"https:\/\/researchchemicalhub.com\/sk\/wp-json\/wp\/v2\/product\/24146\/revisions\/27862"}],"wp:featuredmedia":[{"embeddable":true,"href":"https:\/\/researchchemicalhub.com\/sk\/wp-json\/wp\/v2\/media\/21205"}],"wp:attachment":[{"href":"https:\/\/researchchemicalhub.com\/sk\/wp-json\/wp\/v2\/media?parent=24146"}],"wp:term":[{"taxonomy":"product_brand","embeddable":true,"href":"https:\/\/researchchemicalhub.com\/sk\/wp-json\/wp\/v2\/product_brand?post=24146"},{"taxonomy":"product_cat","embeddable":true,"href":"https:\/\/researchchemicalhub.com\/sk\/wp-json\/wp\/v2\/product_cat?post=24146"},{"taxonomy":"product_tag","embeddable":true,"href":"https:\/\/researchchemicalhub.com\/sk\/wp-json\/wp\/v2\/product_tag?post=24146"}],"curies":[{"name":"pracovn\u00fd list","href":"https:\/\/api.w.org\/{rel}","templated":true}]}}