{"id":23992,"date":"2025-04-13T17:40:51","date_gmt":"2025-04-13T17:40:51","guid":{"rendered":"https:\/\/researchchemicalhub.com\/?post_type=product&#038;p=23992"},"modified":"2025-10-30T07:42:11","modified_gmt":"2025-10-30T07:42:11","slug":"6-apb-kopen-130mg-pellets","status":"publish","type":"product","link":"https:\/\/researchchemicalhub.com\/sk\/shop\/6-apb\/6-apb-kopen-130mg-pellets\/","title":{"rendered":"6-APB 130 mg pelety"},"content":{"rendered":"<h3 data-start=\"6022\" data-end=\"6041\"><strong data-start=\"6026\" data-end=\"6041\">\u00davod<\/strong><\/h3>\n<p data-start=\"6043\" data-end=\"6339\"><strong data-start=\"6043\" data-end=\"6066\">6-APB 130 mg pelety<\/strong> s\u00fa <strong data-start=\"6072\" data-end=\"6119\">v\u00fdskumn\u00e9 l\u00e1tky laborat\u00f3rnej kvality<\/strong>, vyvinut\u00fd pre <strong data-start=\"6137\" data-end=\"6181\">vedeck\u00fd a analytick\u00fd v\u00fdskum<\/strong>.<br data-start=\"6182\" data-end=\"6185\" \/>Ka\u017ed\u00e1 peleta obsahuje <strong data-start=\"6203\" data-end=\"6261\">130 miligramov (mg) 6-(2-aminopropyl)benzofur\u00e1nu (6-APB)<\/strong> - Jeden <strong data-start=\"6268\" data-end=\"6293\">benzofur\u00e1nov\u00e1 zl\u00fa\u010denina<\/strong> ktor\u00fd patr\u00ed k <strong data-start=\"6313\" data-end=\"6336\">trieda fenetylam\u00ednu<\/strong>. 6 APB k\u00fapi\u0165<\/p>\n<p data-start=\"6341\" data-end=\"6575\">Vyroben\u00e9 pod\u013ea <strong data-start=\"6362\" data-end=\"6403\">Normy GLP (spr\u00e1vna laborat\u00f3rna prax)<\/strong>, tieto pelety pon\u00fakaj\u00fa <strong data-start=\"6425\" data-end=\"6444\">\u010cistota \u226599%<\/strong>, <strong data-start=\"6446\" data-end=\"6471\">chemick\u00e1 stabilita<\/strong>a <strong data-start=\"6476\" data-end=\"6504\">spo\u013eahliv\u00e1 konzistencia<\/strong>, ide\u00e1lne pre <strong data-start=\"6518\" data-end=\"6572\">forenzn\u00fd, farmakologick\u00fd a analytick\u00fd v\u00fdskum<\/strong>.<\/p>\n<blockquote data-start=\"6577\" data-end=\"6721\">\n<p data-start=\"6579\" data-end=\"6721\">\u26a0\ufe0f <strong data-start=\"6582\" data-end=\"6593\">Pozn\u00e1mka:<\/strong> Tento produkt je <strong data-start=\"6609\" data-end=\"6659\">ur\u010den\u00e9 len na laborat\u00f3rny v\u00fdskum<\/strong> a <strong data-start=\"6663\" data-end=\"6720\">nie je vhodn\u00e9 na \u013eudsk\u00fa ani zvieraciu spotrebu<\/strong>.<\/p>\n<\/blockquote>\n<hr data-start=\"6723\" data-end=\"6726\" \/>\n<h3 data-start=\"6728\" data-end=\"6759\"><strong data-start=\"6732\" data-end=\"6759\">K\u013e\u00fa\u010dov\u00e9 vlastnosti<\/strong><\/h3>\n<ul data-start=\"6761\" data-end=\"7230\">\n<li data-start=\"6761\" data-end=\"6857\">\n<p data-start=\"6763\" data-end=\"6857\"><strong data-start=\"6763\" data-end=\"6783\">Vysok\u00e1 \u010distota:<\/strong> Analytick\u00e1 \u010distota \u226599%, testovan\u00e1 chromatografiou a spektrometriou.<\/p>\n<\/li>\n<li data-start=\"6858\" data-end=\"6913\">\n<p data-start=\"6860\" data-end=\"6913\"><strong data-start=\"6860\" data-end=\"6880\">Presn\u00e9 d\u00e1vkovanie:<\/strong> Ka\u017ed\u00e1 peleta obsahuje 130 mg 6-APB.<\/p>\n<\/li>\n<li data-start=\"6914\" data-end=\"6980\">\n<p data-start=\"6916\" data-end=\"6980\"><strong data-start=\"6916\" data-end=\"6937\">Chemicky stabiln\u00fd:<\/strong> Pri spr\u00e1vnom skladovan\u00ed odoln\u00fd vo\u010di rozkladu.<\/p>\n<\/li>\n<li data-start=\"6981\" data-end=\"7058\">\n<p data-start=\"6983\" data-end=\"7058\"><strong data-start=\"6983\" data-end=\"7000\">D\u00e1vkovo testovan\u00e9:<\/strong> Ka\u017ed\u00e1 \u0161ar\u017ea bola skontrolovan\u00e1 na \u010distotu a konzistenciu.<\/p>\n<\/li>\n<li data-start=\"7059\" data-end=\"7137\">\n<p data-start=\"7061\" data-end=\"7137\"><strong data-start=\"7061\" data-end=\"7079\">SLP v\u00fdroba:<\/strong> Vyroben\u00e9 pod\u013ea medzin\u00e1rodn\u00fdch laborat\u00f3rnych \u0161tandardov.<\/p>\n<\/li>\n<li data-start=\"7138\" data-end=\"7230\">\n<p data-start=\"7140\" data-end=\"7230\"><strong data-start=\"7140\" data-end=\"7163\">Bezpe\u010dn\u00e9 balenie:<\/strong> Vzduchotesn\u00e9 a vlhkos\u0165odoln\u00e9 balenie pre maxim\u00e1lnu trvanlivos\u0165.<\/p>\n<\/li>\n<\/ul>\n<hr data-start=\"7232\" data-end=\"7235\" \/>\n<h3 data-start=\"7237\" data-end=\"7254\"><strong data-start=\"7241\" data-end=\"7254\">V\u00fdhody<\/strong><\/h3>\n<ol data-start=\"7256\" data-end=\"7666\">\n<li data-start=\"7256\" data-end=\"7345\">\n<p data-start=\"7259\" data-end=\"7345\"><strong data-start=\"7259\" data-end=\"7294\">Kon\u0161tantn\u00e9 v\u00fdsledky v\u00fdskumu:<\/strong> Vysok\u00e1 \u010distota zais\u0165uje reprodukovate\u013en\u00e9 \u00fadaje.<\/p>\n<\/li>\n<li data-start=\"7346\" data-end=\"7432\">\n<p data-start=\"7349\" data-end=\"7432\"><strong data-start=\"7349\" data-end=\"7376\">Dlhodob\u00e1 stabilita:<\/strong> Odoln\u00e9 vo\u010di vlhkosti, svetlu a teplotn\u00fdm zmen\u00e1m.<\/p>\n<\/li>\n<li data-start=\"7433\" data-end=\"7506\">\n<p data-start=\"7436\" data-end=\"7506\"><strong data-start=\"7436\" data-end=\"7458\">Bezpe\u010dn\u00e1 manipul\u00e1cia:<\/strong> Peletov\u00e1 forma minimalizuje riziko kontamin\u00e1cie.<\/p>\n<\/li>\n<li data-start=\"7507\" data-end=\"7590\">\n<p data-start=\"7510\" data-end=\"7590\"><strong data-start=\"7510\" data-end=\"7538\">Profesion\u00e1lna kvalita:<\/strong> Vhodn\u00e9 pre analytick\u00fd a forenzn\u00fd v\u00fdskum. K\u00fapi\u0165 6 apb<\/p>\n<\/li>\n<li data-start=\"7591\" data-end=\"7666\">\n<p data-start=\"7594\" data-end=\"7666\"><strong data-start=\"7594\" data-end=\"7612\">Jednoduchos\u0165 pou\u017eitia:<\/strong> Vopred odmeran\u00e9 pelety pre presn\u00e9 merania.<\/p>\n<\/li>\n<\/ol>\n<hr data-start=\"7668\" data-end=\"7671\" \/>\n<h3 data-start=\"7673\" data-end=\"7712\"><strong data-start=\"7677\" data-end=\"7712\">Pou\u017eitie (len na v\u00fdskum)<\/strong><\/h3>\n<ol data-start=\"7714\" data-end=\"8068\">\n<li data-start=\"7714\" data-end=\"7790\">\n<p data-start=\"7717\" data-end=\"7790\"><strong data-start=\"7717\" data-end=\"7747\">Noste ochrann\u00fd odev<\/strong> (rukavice, laborat\u00f3rny pl\u00e1\u0161\u0165, ochrann\u00e9 okuliare).<\/p>\n<\/li>\n<li data-start=\"7791\" data-end=\"7861\">\n<p data-start=\"7794\" data-end=\"7861\"><strong data-start=\"7794\" data-end=\"7832\">Pou\u017e\u00edvajte kalibrovan\u00e9 pr\u00edstroje<\/strong> pre presn\u00e9 merania.<\/p>\n<\/li>\n<li data-start=\"7862\" data-end=\"7927\">\n<p data-start=\"7865\" data-end=\"7927\"><strong data-start=\"7865\" data-end=\"7903\">Zaznamenajte inform\u00e1cie o \u0161ar\u017ei a vzorke<\/strong> pre sledovate\u013enos\u0165.<\/p>\n<\/li>\n<li data-start=\"7928\" data-end=\"7992\">\n<p data-start=\"7931\" data-end=\"7992\"><strong data-start=\"7931\" data-end=\"7955\">Ulo\u017ete zvy\u0161n\u00fd materi\u00e1l<\/strong> v dobre uzavretej n\u00e1dobe.<\/p>\n<\/li>\n<li data-start=\"7993\" data-end=\"8068\">\n<p data-start=\"7996\" data-end=\"8068\"><strong data-start=\"7996\" data-end=\"8022\">Odstr\u00e1\u0148te odpad<\/strong> v s\u00falade s platn\u00fdmi bezpe\u010dnostn\u00fdmi pokynmi.<\/p>\n<\/li>\n<\/ol>\n<blockquote data-start=\"8070\" data-end=\"8147\">\n<p data-start=\"8072\" data-end=\"8147\">\u2697\ufe0f <strong data-start=\"8075\" data-end=\"8147\">Len na laborat\u00f3rne testovanie \u2013 nie na \u013eudsk\u00fa spotrebu.<\/strong><\/p>\n<\/blockquote>\n<hr data-start=\"8149\" data-end=\"8152\" \/>\n<h3 data-start=\"8154\" data-end=\"8179\"><strong data-start=\"8158\" data-end=\"8179\">Pokyny na skladovanie<\/strong><\/h3>\n<ul data-start=\"8181\" data-end=\"8356\">\n<li data-start=\"8181\" data-end=\"8223\">\n<p data-start=\"8183\" data-end=\"8223\">Ulo\u017ei\u0165 na <strong data-start=\"8194\" data-end=\"8203\">2\u20138 \u00b0C<\/strong>, such\u00e9 a tmav\u00e9.<\/p>\n<\/li>\n<li data-start=\"8224\" data-end=\"8267\">\n<p data-start=\"8226\" data-end=\"8267\">Uschovajte si obal <strong data-start=\"8245\" data-end=\"8264\">dobre zatvoren\u00e9<\/strong>.<\/p>\n<\/li>\n<li data-start=\"8268\" data-end=\"8313\">\n<p data-start=\"8270\" data-end=\"8313\">Chr\u00e1\u0148te pred <strong data-start=\"8285\" data-end=\"8310\">svetlo, vlhkos\u0165 a teplo<\/strong>.<\/p>\n<\/li>\n<li data-start=\"8314\" data-end=\"8356\">\n<p data-start=\"8316\" data-end=\"8356\">Uchov\u00e1vajte mimo dosahu neopr\u00e1vnen\u00fdch os\u00f4b.<\/p>\n<\/li>\n<\/ul>\n<hr data-start=\"8358\" data-end=\"8361\" \/>\n<h3 data-start=\"8363\" data-end=\"8398\"><strong data-start=\"8367\" data-end=\"8398\">\u010casto kladen\u00e9 ot\u00e1zky (FAQ)<\/strong><\/h3>\n<p data-start=\"8400\" data-end=\"8548\"><strong data-start=\"8400\" data-end=\"8443\">1. Na \u010do sa pou\u017e\u00edva 6-APB 130 mg?<\/strong><br data-start=\"8443\" data-end=\"8446\" \/>Pre <strong data-start=\"8451\" data-end=\"8489\">analytick\u00fd a forenzn\u00fd v\u00fdskum<\/strong> Nepr\u00edjemn\u00e9 <strong data-start=\"8495\" data-end=\"8545\">benzofur\u00e1nov\u00e9 zl\u00fa\u010deniny a interakcie receptorov<\/strong>.<\/p>\n<p data-start=\"8550\" data-end=\"8735\"><strong data-start=\"8550\" data-end=\"8597\">2. Je tento produkt vhodn\u00fd na konzum\u00e1ciu?<\/strong><br data-start=\"8597\" data-end=\"8600\" \/>Nie. <strong data-start=\"8605\" data-end=\"8628\">6-APB 130 mg pelety<\/strong> s\u00fa <strong data-start=\"8634\" data-end=\"8684\">ur\u010den\u00e9 len na laborat\u00f3rny v\u00fdskum<\/strong> a <strong data-start=\"8688\" data-end=\"8732\">nie je vhodn\u00e9 na \u013eudsk\u00fa spotrebu<\/strong>.<\/p>\n<p data-start=\"8737\" data-end=\"8892\"><strong data-start=\"8737\" data-end=\"8787\">3. Ak\u00fd je najlep\u0161\u00ed sp\u00f4sob skladovania peliet 6-APB?<\/strong><br data-start=\"8787\" data-end=\"8790\" \/>Uchov\u00e1vajte ich v <strong data-start=\"8807\" data-end=\"8851\">chladnom, suchom a tmavom prostred\u00ed (2\u20138 \u00b0C)<\/strong> v <strong data-start=\"8859\" data-end=\"8889\">dobre uzavret\u00e9 balenie<\/strong>.<\/p>\n<hr data-start=\"8894\" data-end=\"8897\" \/>\n<h3 data-start=\"8899\" data-end=\"8916\"><strong data-start=\"8903\" data-end=\"8916\">Z\u00e1ver<\/strong><\/h3>\n<p data-start=\"8918\" data-end=\"9204\"><strong data-start=\"8918\" data-end=\"8941\">6-APB 130 mg pelety<\/strong> ponuka <strong data-start=\"8949\" data-end=\"9014\">v\u00fdnimo\u010dn\u00e1 \u010distota, stabilita a reprodukovate\u013enos\u0165<\/strong>, vyvinut\u00fd pre profesion\u00e1lny analytick\u00fd v\u00fdskum.<br data-start=\"9067\" data-end=\"9070\" \/>Spo\u013eahliv\u00e1 vo\u013eba pre laborat\u00f3ri\u00e1 pracuj\u00face na <strong data-start=\"9124\" data-end=\"9201\">chemick\u00e9 anal\u00fdzy a \u0161truktur\u00e1lne \u0161t\u00fadie benzofur\u00e1nov\u00fdch zl\u00fa\u010den\u00edn<\/strong>.<\/p>\n<p><span style=\"vertical-align: inherit;\"><span style=\"vertical-align: inherit;\">\u00a0<\/span><\/span><a href=\"https:\/\/researchchemicalhub.com\/sk\/shop\/lysergamides\/1v-lsd-150-mcg-blotters\/\"><span style=\"vertical-align: inherit;\"><span style=\"vertical-align: inherit;\">1V-LSD 150 MCG pijavice<\/span><\/span><\/a><span style=\"vertical-align: inherit;\"><span style=\"vertical-align: inherit;\">\u00a0<\/span><\/span><a href=\"https:\/\/researchchemicalhub.com\/sk\/shop\/cathinonen\/2-cmc-kopen\/\"><span style=\"vertical-align: inherit;\"><span style=\"vertical-align: inherit;\">2-CMC 250 mg pelety<\/span><\/span><\/a><span style=\"vertical-align: inherit;\"><span style=\"vertical-align: inherit;\">\u00a0<\/span><\/span><a href=\"https:\/\/researchchemicalhub.com\/sk\/shop\/bijna-verboden\/pink-star-pellets-5-mapb-70mg-2-fma-20mg-5-meo-mipt-2mg\/\"><span style=\"vertical-align: inherit;\"><span style=\"vertical-align: inherit;\">Pink Star Pellets 5-MAPB 70 mg \/ 2-FMA 20 mg \/ 5-MeO-MiPT 2 mg <\/span><\/span><\/a><a href=\"https:\/\/researchchemicalhub.com\/sk\/shop\/bijna-verboden\/4f-mph-25-mg-pellets\/\"><span style=\"vertical-align: inherit;\"><span style=\"vertical-align: inherit;\">4F-MPH 25 MG pelety<\/span><\/span><\/a><span style=\"vertical-align: inherit;\"><span style=\"vertical-align: inherit;\">\u00a0<\/span><\/span><a href=\"https:\/\/researchchemicalhub.com\/sk\/shop\/pellets\/erextc-homosildenafil-100-mg-pellets\/\"><span style=\"vertical-align: inherit;\"><span style=\"vertical-align: inherit;\">EREXTC Homosildenafil 100 MG pelety<\/span><\/span><\/a><\/p>","protected":false},"excerpt":{"rendered":"<h3><span style=\"vertical-align: inherit;\"><span style=\"vertical-align: inherit;\">6-APB nehnute\u013enosti<\/span><\/span><\/h3>\n<p><strong><span style=\"vertical-align: inherit;\"><span style=\"vertical-align: inherit;\">Synonymum<\/span><\/span><\/strong><span style=\"vertical-align: inherit;\"><span style=\"vertical-align: inherit;\"> 6-(2-aminopropyl)benzofur\u00e1n <\/span><\/span><br \/>\n<strong><span style=\"vertical-align: inherit;\"><span style=\"vertical-align: inherit;\">\u010c\u00edslo CAS:<\/span><\/span><\/strong><span style=\"vertical-align: inherit;\"><span style=\"vertical-align: inherit;\"> 286834-85-3 <\/span><\/span><br \/>\n<strong><span style=\"vertical-align: inherit;\"><span style=\"vertical-align: inherit;\">Vzorec<\/span><\/span><\/strong><span style=\"vertical-align: inherit;\"><span style=\"vertical-align: inherit;\"> : <\/span><\/span><span title=\"Uhl\u00edk\"><span style=\"vertical-align: inherit;\"><span style=\"vertical-align: inherit;\">C <\/span><\/span><\/span><sub><span style=\"vertical-align: inherit;\"><span style=\"vertical-align: inherit;\">11 <\/span><\/span><\/sub><span title=\"Vod\u00edk\"><span style=\"vertical-align: inherit;\"><span style=\"vertical-align: inherit;\">H <\/span><\/span><\/span><sub><span style=\"vertical-align: inherit;\"><span style=\"vertical-align: inherit;\">13 <\/span><\/span><\/sub><span title=\"Dus\u00edk\"><span style=\"vertical-align: inherit;\"><span style=\"vertical-align: inherit;\">N <\/span><\/span><\/span><span title=\"Kysl\u00edk\"><span style=\"vertical-align: inherit;\"><span style=\"vertical-align: inherit;\">O <\/span><\/span><\/span><br \/>\n<strong><span style=\"vertical-align: inherit;\"><span style=\"vertical-align: inherit;\">Mol\u00e1rna hmotnos\u0165<\/span><\/span><\/strong><span style=\"vertical-align: inherit;\"><span style=\"vertical-align: inherit;\"> : <\/span><\/span><span class=\"nowrap\"><span style=\"vertical-align: inherit;\"><span style=\"vertical-align: inherit;\">175.231<\/span><\/span><\/span><span style=\"vertical-align: inherit;\"><span style=\"vertical-align: inherit;\"> \u00a0g\/mol <\/span><\/span><br \/>\n<strong><span style=\"vertical-align: inherit;\"><span style=\"vertical-align: inherit;\">\u010cistota<\/span><\/span><\/strong><span style=\"vertical-align: inherit;\"><span style=\"vertical-align: inherit;\"> : &gt;98%<\/span><\/span><\/p>","protected":false},"featured_media":28696,"comment_status":"closed","ping_status":"closed","template":"","meta":[],"product_brand":[82],"product_cat":[340,341,339,322,324],"product_tag":[126,326],"class_list":{"0":"post-23992","1":"product","2":"type-product","3":"status-publish","4":"has-post-thumbnail","6":"product_brand-research-chemical","7":"product_cat-6-apb","8":"product_cat-6-apb-pellets","9":"product_cat-benzofuran","10":"product_cat-bijna-verboden","11":"product_cat-pellets-for-pellet","12":"product_tag-6-apb-kopen","13":"product_tag-nl","15":"first","16":"instock","17":"taxable","18":"shipping-taxable","19":"purchasable","20":"product-type-variable"},"_links":{"self":[{"href":"https:\/\/researchchemicalhub.com\/sk\/wp-json\/wp\/v2\/product\/23992","targetHints":{"allow":["GET"]}}],"collection":[{"href":"https:\/\/researchchemicalhub.com\/sk\/wp-json\/wp\/v2\/product"}],"about":[{"href":"https:\/\/researchchemicalhub.com\/sk\/wp-json\/wp\/v2\/types\/product"}],"replies":[{"embeddable":true,"href":"https:\/\/researchchemicalhub.com\/sk\/wp-json\/wp\/v2\/comments?post=23992"}],"version-history":[{"count":6,"href":"https:\/\/researchchemicalhub.com\/sk\/wp-json\/wp\/v2\/product\/23992\/revisions"}],"predecessor-version":[{"id":27907,"href":"https:\/\/researchchemicalhub.com\/sk\/wp-json\/wp\/v2\/product\/23992\/revisions\/27907"}],"wp:featuredmedia":[{"embeddable":true,"href":"https:\/\/researchchemicalhub.com\/sk\/wp-json\/wp\/v2\/media\/28696"}],"wp:attachment":[{"href":"https:\/\/researchchemicalhub.com\/sk\/wp-json\/wp\/v2\/media?parent=23992"}],"wp:term":[{"taxonomy":"product_brand","embeddable":true,"href":"https:\/\/researchchemicalhub.com\/sk\/wp-json\/wp\/v2\/product_brand?post=23992"},{"taxonomy":"product_cat","embeddable":true,"href":"https:\/\/researchchemicalhub.com\/sk\/wp-json\/wp\/v2\/product_cat?post=23992"},{"taxonomy":"product_tag","embeddable":true,"href":"https:\/\/researchchemicalhub.com\/sk\/wp-json\/wp\/v2\/product_tag?post=23992"}],"curies":[{"name":"pracovn\u00fd list","href":"https:\/\/api.w.org\/{rel}","templated":true}]}}