{"id":23975,"date":"2025-04-13T17:40:48","date_gmt":"2025-04-13T17:40:48","guid":{"rendered":"https:\/\/researchchemicalhub.com\/?post_type=product&#038;p=23975"},"modified":"2025-10-30T07:44:23","modified_gmt":"2025-10-30T07:44:23","slug":"2-mmc-220-mg-pelety","status":"publish","type":"product","link":"https:\/\/researchchemicalhub.com\/sk\/obchod\/kupit-2-mmc\/2-mmc-220-mg-pelety\/","title":{"rendered":"2-MMC pelety 220 mg"},"content":{"rendered":"<h3 data-start=\"558\" data-end=\"577\"><strong data-start=\"562\" data-end=\"577\">\u00davod<\/strong><\/h3>\n<p data-start=\"579\" data-end=\"915\"><strong data-start=\"579\" data-end=\"602\">2-MMC 220mg pelety<\/strong> s\u00fa <strong data-start=\"608\" data-end=\"655\">v\u00fdskumn\u00e9 l\u00e1tky laborat\u00f3rnej kvality<\/strong>, ur\u010den\u00fd pre <strong data-start=\"672\" data-end=\"728\">vedeck\u00fd, analytick\u00fd a forenzn\u00fd v\u00fdskum<\/strong>2-mmc pelety<br data-start=\"729\" data-end=\"732\" \/>Ka\u017ed\u00e1 peleta obsahuje <strong data-start=\"750\" data-end=\"772\">220 miligramov (mg)<\/strong> <strong data-start=\"773\" data-end=\"805\">2-metylmetakatin\u00f3n (2-MMC)<\/strong> \u2013 syntetick\u00e1 zl\u00fa\u010denina z <strong data-start=\"843\" data-end=\"861\">trieda katin\u00f3nov<\/strong>, \u0161truktur\u00e1lne pr\u00edbuzn\u00fd s in\u00fdmi \u03b2-ketoamfetam\u00ednmi.<\/p>\n<p data-start=\"917\" data-end=\"1172\">Vyroben\u00e9 pod\u013ea <strong data-start=\"938\" data-end=\"972\">Spr\u00e1vna laborat\u00f3rna prax (SLP)<\/strong>-\u0161tandardy, tieto pelety poskytuj\u00fa <strong data-start=\"1001\" data-end=\"1020\">\u010cistota \u226599%<\/strong>, <strong data-start=\"1022\" data-end=\"1047\">chemick\u00e1 stabilita<\/strong> a <strong data-start=\"1051\" data-end=\"1073\">konzistencia d\u00e1vky<\/strong>.<br data-start=\"1074\" data-end=\"1077\" \/>S\u00fa ide\u00e1lne pre <strong data-start=\"1097\" data-end=\"1169\">analytick\u00e1 ch\u00e9mia, \u0161truktur\u00e1lne anal\u00fdzy a forenzn\u00e9 aplik\u00e1cie<\/strong>.<\/p>\n<blockquote data-start=\"1174\" data-end=\"1318\">\n<p data-start=\"1176\" data-end=\"1318\">\u26a0\ufe0f <strong data-start=\"1179\" data-end=\"1190\">Pozn\u00e1mka:<\/strong> Tento produkt je <strong data-start=\"1206\" data-end=\"1256\">ur\u010den\u00e9 len na laborat\u00f3rny v\u00fdskum<\/strong> a <strong data-start=\"1260\" data-end=\"1317\">nie je vhodn\u00e9 na \u013eudsk\u00fa ani zvieraciu spotrebu<\/strong>.<\/p>\n<\/blockquote>\n<hr data-start=\"1320\" data-end=\"1323\" \/>\n<h3 data-start=\"1325\" data-end=\"1356\"><strong data-start=\"1329\" data-end=\"1356\">K\u013e\u00fa\u010dov\u00e9 vlastnosti<\/strong><\/h3>\n<ul data-start=\"1358\" data-end=\"1960\">\n<li data-start=\"1358\" data-end=\"1470\">\n<p data-start=\"1360\" data-end=\"1470\"><strong data-start=\"1360\" data-end=\"1392\">Vysok\u00e1 analytick\u00e1 \u010distota:<\/strong> \u010cistota \u226599%, testovan\u00e1 chromatografick\u00fdmi a spektroskopick\u00fdmi met\u00f3dami.<\/p>\n<\/li>\n<li data-start=\"1471\" data-end=\"1573\">\n<p data-start=\"1473\" data-end=\"1573\"><strong data-start=\"1473\" data-end=\"1493\">Presn\u00e9 d\u00e1vkovanie:<\/strong> Ka\u017ed\u00e1 peleta obsahuje <strong data-start=\"1512\" data-end=\"1527\">220 mg 2-MMC<\/strong>, \u010do zaru\u010duje reprodukovate\u013en\u00e9 v\u00fdsledky.<\/p>\n<\/li>\n<li data-start=\"1574\" data-end=\"1668\">\n<p data-start=\"1576\" data-end=\"1668\"><strong data-start=\"1576\" data-end=\"1597\">Chemicky stabiln\u00fd:<\/strong> Navrhnut\u00e9 pre dlhodob\u00fa trvanlivos\u0165 za spr\u00e1vnych skladovac\u00edch podmienok.<\/p>\n<\/li>\n<li data-start=\"1669\" data-end=\"1775\">\n<p data-start=\"1671\" data-end=\"1775\"><strong data-start=\"1671\" data-end=\"1705\">V\u00fdroba s certifik\u00e1tom GLP:<\/strong> Vyroben\u00e9 za pr\u00edsnych podmienok <strong data-start=\"1732\" data-end=\"1760\">Spr\u00e1vna laborat\u00f3rna prax<\/strong>-usmernenia.<\/p>\n<\/li>\n<li data-start=\"1776\" data-end=\"1865\">\n<p data-start=\"1778\" data-end=\"1865\"><strong data-start=\"1778\" data-end=\"1795\">D\u00e1vkovo testovan\u00e9:<\/strong> Ka\u017ed\u00e1 \u0161ar\u017ea bola skontrolovan\u00e1 z h\u013eadiska identity, \u0161trukt\u00fary a zlo\u017eenia.<\/p>\n<\/li>\n<li data-start=\"1866\" data-end=\"1960\">\n<p data-start=\"1868\" data-end=\"1960\"><strong data-start=\"1868\" data-end=\"1891\">Bezpe\u010dn\u00e9 balenie:<\/strong> Vzduchotesn\u00e9, vlhkos\u0165odoln\u00e9 n\u00e1doby pre optim\u00e1lnu ochranu.<\/p>\n<\/li>\n<\/ul>\n<hr data-start=\"1962\" data-end=\"1965\" \/>\n<h3 data-start=\"1967\" data-end=\"1984\"><strong data-start=\"1971\" data-end=\"1984\">V\u00fdhody<\/strong><\/h3>\n<ol data-start=\"1986\" data-end=\"2434\">\n<li data-start=\"1986\" data-end=\"2088\">\n<p data-start=\"1989\" data-end=\"2088\"><strong data-start=\"1989\" data-end=\"2026\">Spo\u013eahliv\u00e9 v\u00fdsledky v\u00fdskumu:<\/strong> Vysok\u00e1 \u010distota zais\u0165uje konzistentn\u00e9 a presn\u00e9 \u00fadaje.<\/p>\n<\/li>\n<li data-start=\"2089\" data-end=\"2164\">\n<p data-start=\"2092\" data-end=\"2164\"><strong data-start=\"2092\" data-end=\"2119\">Dlhodob\u00e1 stabilita:<\/strong> Pri spr\u00e1vnom skladovan\u00ed odoln\u00fd vo\u010di rozkladu.<\/p>\n<\/li>\n<li data-start=\"2165\" data-end=\"2255\">\n<p data-start=\"2168\" data-end=\"2255\"><strong data-start=\"2168\" data-end=\"2190\">Bezpe\u010dn\u00e1 manipul\u00e1cia:<\/strong> Peletov\u00e1 forma minimalizuje riziko kontamin\u00e1cie po\u010das pou\u017e\u00edvania.<\/p>\n<\/li>\n<li data-start=\"2256\" data-end=\"2336\">\n<p data-start=\"2259\" data-end=\"2336\"><strong data-start=\"2259\" data-end=\"2283\">Jednoduch\u00e9 d\u00e1vkovanie:<\/strong> 220 mg na peletu pre maxim\u00e1lnu presnos\u0165 merania.<\/p>\n<\/li>\n<li data-start=\"2337\" data-end=\"2434\">\n<p data-start=\"2340\" data-end=\"2434\"><strong data-start=\"2340\" data-end=\"2368\">Profesion\u00e1lna kvalita:<\/strong> Vhodn\u00e9 pre <strong data-start=\"2383\" data-end=\"2431\">analytick\u00fd, chemick\u00fd a forenzn\u00fd v\u00fdskum<\/strong>.<\/p>\n<\/li>\n<\/ol>\n<hr data-start=\"2436\" data-end=\"2439\" \/>\n<h3 data-start=\"2441\" data-end=\"2480\"><strong data-start=\"2445\" data-end=\"2480\">Pou\u017eitie (len na v\u00fdskum)<\/strong><\/h3>\n<ol data-start=\"2482\" data-end=\"2853\">\n<li data-start=\"2482\" data-end=\"2568\">\n<p data-start=\"2485\" data-end=\"2568\"><strong data-start=\"2485\" data-end=\"2515\">Noste ochrann\u00fd odev<\/strong> ako s\u00fa rukavice, ochrann\u00e9 okuliare a laborat\u00f3rny pl\u00e1\u0161\u0165.<\/p>\n<\/li>\n<li data-start=\"2569\" data-end=\"2640\">\n<p data-start=\"2572\" data-end=\"2640\"><strong data-start=\"2572\" data-end=\"2614\">Pou\u017e\u00edvajte kalibrovan\u00e9 meracie pr\u00edstroje<\/strong> pre presn\u00e9 v\u00fdsledky.<\/p>\n<\/li>\n<li data-start=\"2641\" data-end=\"2706\">\n<p data-start=\"2644\" data-end=\"2706\"><strong data-start=\"2644\" data-end=\"2682\">Zaznamenajte inform\u00e1cie o \u0161ar\u017ei a vzorke<\/strong> pre sledovate\u013enos\u0165.<\/p>\n<\/li>\n<li data-start=\"2707\" data-end=\"2774\">\n<p data-start=\"2710\" data-end=\"2774\"><strong data-start=\"2710\" data-end=\"2728\">Spusti\u0165 testy<\/strong> v kontrolovanom laborat\u00f3rnom prostred\u00ed.<\/p>\n<\/li>\n<li data-start=\"2775\" data-end=\"2853\">\n<p data-start=\"2778\" data-end=\"2853\"><strong data-start=\"2778\" data-end=\"2804\">Odstr\u00e1\u0148te odpad<\/strong> v s\u00falade s platn\u00fdmi bezpe\u010dnostn\u00fdmi a environment\u00e1lnymi predpismi.<\/p>\n<\/li>\n<\/ol>\n<blockquote data-start=\"2855\" data-end=\"2972\">\n<p data-start=\"2857\" data-end=\"2972\">\u2697\ufe0f <strong data-start=\"2860\" data-end=\"2972\">Len na vedeck\u00fd a analytick\u00fd v\u00fdskum \u2013 nie na \u013eudsk\u00fa ani \u017eivo\u010d\u00ed\u0161nu spotrebu.<\/strong><\/p>\n<\/blockquote>\n<hr data-start=\"2974\" data-end=\"2977\" \/>\n<h3 data-start=\"2979\" data-end=\"3004\"><strong data-start=\"2983\" data-end=\"3004\">Pokyny na skladovanie<\/strong><\/h3>\n<ul data-start=\"3006\" data-end=\"3234\">\n<li data-start=\"3006\" data-end=\"3074\">\n<p data-start=\"3008\" data-end=\"3074\">Ulo\u017ei\u0165 na <strong data-start=\"3019\" data-end=\"3028\">2\u20138 \u00b0C<\/strong>, na <strong data-start=\"3037\" data-end=\"3071\">chladnom, suchom a tmavom mieste<\/strong>.<\/p>\n<\/li>\n<li data-start=\"3075\" data-end=\"3144\">\n<p data-start=\"3077\" data-end=\"3144\">Uchov\u00e1vajte n\u00e1dobu <strong data-start=\"3095\" data-end=\"3114\">dobre zatvoren\u00e9<\/strong> aby sa zabr\u00e1nilo kontamin\u00e1cii.<\/p>\n<\/li>\n<li data-start=\"3145\" data-end=\"3191\">\n<p data-start=\"3147\" data-end=\"3191\">Chr\u00e1\u0148te pred <strong data-start=\"3162\" data-end=\"3188\">svetlo, teplo a vlhkos\u0165<\/strong>.<\/p>\n<\/li>\n<li data-start=\"3192\" data-end=\"3234\">\n<p data-start=\"3194\" data-end=\"3234\">Uchov\u00e1vajte mimo dosahu neopr\u00e1vnen\u00fdch os\u00f4b.<\/p>\n<\/li>\n<\/ul>\n<hr data-start=\"3236\" data-end=\"3239\" \/>\n<h3 data-start=\"3241\" data-end=\"3276\"><strong data-start=\"3245\" data-end=\"3276\">\u010casto kladen\u00e9 ot\u00e1zky (FAQ)<\/strong><\/h3>\n<p data-start=\"3278\" data-end=\"3478\"><strong data-start=\"3278\" data-end=\"3321\">1. Na \u010do sa 2-MMC 220 mg pou\u017e\u00edva?<\/strong><br data-start=\"3321\" data-end=\"3324\" \/>Pelety 2-MMC 220 mg sa pou\u017e\u00edvaj\u00fa na <strong data-start=\"3365\" data-end=\"3403\">analytick\u00fd a forenzn\u00fd v\u00fdskum<\/strong>, zameran\u00fd najm\u00e4 na <strong data-start=\"3423\" data-end=\"3475\">deriv\u00e1ty katin\u00f3nu a \u0161t\u00fadie chemickej \u0161trukt\u00fary<\/strong>2-mmc pelety<\/p>\n<p data-start=\"3480\" data-end=\"3674\"><strong data-start=\"3480\" data-end=\"3532\">2. Je 2-MMC vhodn\u00fd na \u013eudsk\u00fa spotrebu?<\/strong><br data-start=\"3532\" data-end=\"3535\" \/>Nie. <strong data-start=\"3540\" data-end=\"3563\">2-MMC 220mg pelety<\/strong> s\u00fa <strong data-start=\"3569\" data-end=\"3619\">ur\u010den\u00e9 len na laborat\u00f3rny v\u00fdskum<\/strong> a <strong data-start=\"3623\" data-end=\"3671\">nie je ur\u010den\u00e9 na \u013eudsk\u00fa ani \u017eivo\u010d\u00ed\u0161nu spotrebu<\/strong>.<\/p>\n<p data-start=\"3676\" data-end=\"3859\"><strong data-start=\"3676\" data-end=\"3709\">3. Ako m\u00e1m skladova\u0165 2-MMC?<\/strong><br data-start=\"3709\" data-end=\"3712\" \/>Ulo\u017ei\u0165 na <strong data-start=\"3723\" data-end=\"3732\">2\u20138 \u00b0C<\/strong>, na <strong data-start=\"3741\" data-end=\"3775\">chladnom, suchom a tmavom mieste<\/strong>, v p\u00f4vodnej vzduchotesnej n\u00e1dobe pre zachovanie \u010distoty a stability.<\/p>\n<hr data-start=\"3861\" data-end=\"3864\" \/>\n<h3 data-start=\"3866\" data-end=\"3898\"><strong data-start=\"3870\" data-end=\"3898\">Technick\u00e9 \u0161pecifik\u00e1cie<\/strong><\/h3>\n<div class=\"_tableContainer_1rjym_1\">\n<div class=\"group _tableWrapper_1rjym_13 flex w-fit flex-col-reverse\" tabindex=\"-1\">\n<table class=\"w-fit min-w-(--thread-content-width)\" data-start=\"3900\" data-end=\"4436\">\n<thead data-start=\"3900\" data-end=\"3932\">\n<tr data-start=\"3900\" data-end=\"3932\">\n<th data-start=\"3900\" data-end=\"3917\" data-col-size=\"sm\"><strong data-start=\"3902\" data-end=\"3916\">Charakteristick\u00fd<\/strong><\/th>\n<th data-start=\"3917\" data-end=\"3932\" data-col-size=\"sm\"><strong data-start=\"3919\" data-end=\"3930\">Detaily<\/strong><\/th>\n<\/tr>\n<\/thead>\n<tbody data-start=\"3967\" data-end=\"4436\">\n<tr data-start=\"3967\" data-end=\"4008\">\n<td data-start=\"3967\" data-end=\"3985\" data-col-size=\"sm\"><strong data-start=\"3969\" data-end=\"3984\">N\u00e1zov produktu<\/strong><\/td>\n<td data-start=\"3985\" data-end=\"4008\" data-col-size=\"sm\">2-MMC 220mg pelety<\/td>\n<\/tr>\n<tr data-start=\"4009\" data-end=\"4054\">\n<td data-start=\"4009\" data-end=\"4030\" data-col-size=\"sm\"><strong data-start=\"4011\" data-end=\"4029\">Chemick\u00fd n\u00e1zov<\/strong><\/td>\n<td data-start=\"4030\" data-end=\"4054\" data-col-size=\"sm\">2-metylmetakatin\u00f3n<\/td>\n<\/tr>\n<tr data-start=\"4055\" data-end=\"4091\">\n<td data-start=\"4055\" data-end=\"4079\" data-col-size=\"sm\"><strong data-start=\"4057\" data-end=\"4078\">Chemick\u00fd vzorec<\/strong><\/td>\n<td data-start=\"4079\" data-end=\"4091\" data-col-size=\"sm\">C11H15NO<\/td>\n<\/tr>\n<tr data-start=\"4092\" data-end=\"4130\">\n<td data-start=\"4092\" data-end=\"4114\" data-col-size=\"sm\"><strong data-start=\"4094\" data-end=\"4113\">Molekulov\u00e1 hmotnos\u0165<\/strong><\/td>\n<td data-start=\"4114\" data-end=\"4130\" data-col-size=\"sm\">177,24 g\/mol<\/td>\n<\/tr>\n<tr data-start=\"4131\" data-end=\"4166\">\n<td data-start=\"4131\" data-end=\"4157\" data-col-size=\"sm\"><strong data-start=\"4133\" data-end=\"4156\">D\u00e1vkovanie na peletu<\/strong><\/td>\n<td data-start=\"4157\" data-end=\"4166\" data-col-size=\"sm\">220 mg<\/td>\n<\/tr>\n<tr data-start=\"4167\" data-end=\"4216\">\n<td data-start=\"4167\" data-end=\"4184\" data-col-size=\"sm\"><strong data-start=\"4169\" data-end=\"4183\">\u010cistota<\/strong><\/td>\n<td data-start=\"4184\" data-end=\"4216\" data-col-size=\"sm\">\u226599% (Analytick\u00e1 kvalita)<\/td>\n<\/tr>\n<tr data-start=\"4217\" data-end=\"4272\">\n<td data-start=\"4217\" data-end=\"4240\" data-col-size=\"sm\"><strong data-start=\"4219\" data-end=\"4239\">Chemick\u00e1 trieda<\/strong><\/td>\n<td data-start=\"4240\" data-end=\"4272\" data-col-size=\"sm\">Katin\u00f3n \/ \u03b2-keto amfetam\u00edn<\/td>\n<\/tr>\n<tr data-start=\"4273\" data-end=\"4333\">\n<td data-start=\"4273\" data-end=\"4290\" data-col-size=\"sm\"><strong data-start=\"4275\" data-end=\"4289\">Aplik\u00e1cia<\/strong><\/td>\n<td data-start=\"4290\" data-end=\"4333\" data-col-size=\"sm\">Vedeck\u00fd \/ Analytick\u00fd v\u00fdskum<\/td>\n<\/tr>\n<tr data-start=\"4334\" data-end=\"4381\">\n<td data-start=\"4334\" data-end=\"4356\" data-col-size=\"sm\"><strong data-start=\"4336\" data-end=\"4355\">Podmienky skladovania<\/strong><\/td>\n<td data-start=\"4356\" data-end=\"4381\" data-col-size=\"sm\">2\u20138 \u00b0C, sucho a tma<\/td>\n<\/tr>\n<tr data-start=\"4382\" data-end=\"4436\">\n<td data-start=\"4382\" data-end=\"4399\" data-col-size=\"sm\"><strong data-start=\"4384\" data-end=\"4398\">Balenie<\/strong><\/td>\n<td data-start=\"4399\" data-end=\"4436\" data-col-size=\"sm\">Vzduchotesn\u00e1, uzavret\u00e1 n\u00e1doba<\/td>\n<\/tr>\n<\/tbody>\n<\/table>\n<\/div>\n<\/div>\n<hr data-start=\"4438\" data-end=\"4441\" \/>\n<h3 data-start=\"4443\" data-end=\"4460\"><strong data-start=\"4447\" data-end=\"4460\">Z\u00e1ver<\/strong><\/h3>\n<p data-start=\"4462\" data-end=\"4782\"><strong data-start=\"4462\" data-end=\"4485\">2-MMC 220mg pelety<\/strong> s\u00fa <strong data-start=\"4491\" data-end=\"4537\">v\u00fdskumn\u00e9 l\u00e1tky najvy\u0161\u0161ej kvality<\/strong>, vyvinut\u00fd pre <strong data-start=\"4555\" data-end=\"4607\">profesion\u00e1lny analytick\u00fd a forenzn\u00fd v\u00fdskum<\/strong>.<br data-start=\"4608\" data-end=\"4611\" \/>V\u010faka nim <strong data-start=\"4623\" data-end=\"4674\">stabilita, \u010distota a presn\u00e9 d\u00e1vkovanie<\/strong> S\u00fa ide\u00e1lne pre laborat\u00f3ri\u00e1, ktor\u00e9 sa zaoberaj\u00fa <strong data-start=\"4732\" data-end=\"4779\">chemick\u00e9 anal\u00fdzy katin\u00f3nov\u00fdch zl\u00fa\u010den\u00edn<\/strong>.<\/p>","protected":false},"excerpt":{"rendered":"<h2><span dir=\"auto\" style=\"vertical-align: inherit;\"><span dir=\"auto\" style=\"vertical-align: inherit;\"><span dir=\"auto\" style=\"vertical-align: inherit;\"><span dir=\"auto\" style=\"vertical-align: inherit;\">Vlastnosti 2-MMC<\/span><\/span><\/span><\/span><\/h2>\n<p><strong><span dir=\"auto\" style=\"vertical-align: inherit;\"><span dir=\"auto\" style=\"vertical-align: inherit;\"><span dir=\"auto\" style=\"vertical-align: inherit;\"><span dir=\"auto\" style=\"vertical-align: inherit;\">\u010c\u00edslo CAS<\/span><\/span><\/span><\/span><\/strong><span dir=\"auto\" style=\"vertical-align: inherit;\"><span dir=\"auto\" style=\"vertical-align: inherit;\"><span dir=\"auto\" style=\"vertical-align: inherit;\"><span dir=\"auto\" style=\"vertical-align: inherit;\"> : 1246911-71-6 <\/span><\/span><\/span><\/span><br \/>\n<strong><span dir=\"auto\" style=\"vertical-align: inherit;\"><span dir=\"auto\" style=\"vertical-align: inherit;\"><span dir=\"auto\" style=\"vertical-align: inherit;\"><span dir=\"auto\" style=\"vertical-align: inherit;\">Vzorec<\/span><\/span><\/span><\/span><\/strong><span dir=\"auto\" style=\"vertical-align: inherit;\"><span dir=\"auto\" style=\"vertical-align: inherit;\"><span dir=\"auto\" style=\"vertical-align: inherit;\"><span dir=\"auto\" style=\"vertical-align: inherit;\"> : C11h15NO \u2022 HCL <\/span><\/span><\/span><\/span><br \/>\n<strong><span dir=\"auto\" style=\"vertical-align: inherit;\"><span dir=\"auto\" style=\"vertical-align: inherit;\"><span dir=\"auto\" style=\"vertical-align: inherit;\"><span dir=\"auto\" style=\"vertical-align: inherit;\">Mol\u00e1rna hmotnos\u0165<\/span><\/span><\/span><\/span><\/strong><span dir=\"auto\" style=\"vertical-align: inherit;\"><span dir=\"auto\" style=\"vertical-align: inherit;\"><span dir=\"auto\" style=\"vertical-align: inherit;\"><span dir=\"auto\" style=\"vertical-align: inherit;\"> : 177.247 <\/span><\/span><\/span><\/span><br \/>\n<strong><span dir=\"auto\" style=\"vertical-align: inherit;\"><span dir=\"auto\" style=\"vertical-align: inherit;\"><span dir=\"auto\" style=\"vertical-align: inherit;\"><span dir=\"auto\" style=\"vertical-align: inherit;\">\u010cistota<\/span><\/span><\/span><\/span><\/strong><span dir=\"auto\" style=\"vertical-align: inherit;\"><span dir=\"auto\" style=\"vertical-align: inherit;\"><span dir=\"auto\" style=\"vertical-align: inherit;\"><span dir=\"auto\" style=\"vertical-align: inherit;\"> : \u226599%<\/span><\/span><\/span><\/span><\/p>","protected":false},"featured_media":28391,"comment_status":"closed","ping_status":"closed","template":"","meta":[],"product_brand":[82],"product_cat":[372,463,322,79,324],"product_tag":[83,679,652,678,326],"class_list":{"0":"post-23975","1":"product","2":"type-product","3":"status-publish","4":"has-post-thumbnail","6":"product_brand-research-chemical","7":"product_cat-2-mmc-kopen","8":"product_cat-2-mmc-pellets","9":"product_cat-bijna-verboden","10":"product_cat-cathinonen","11":"product_cat-pellets-for-pellet","12":"product_tag-2-mmc-kopen","13":"product_tag-2-mmc-pellets","14":"product_tag-2-mmc-pellets-kopen","15":"product_tag-2mmc-pellets","16":"product_tag-nl","18":"first","19":"instock","20":"taxable","21":"shipping-taxable","22":"purchasable","23":"product-type-variable"},"_links":{"self":[{"href":"https:\/\/researchchemicalhub.com\/sk\/wp-json\/wp\/v2\/product\/23975","targetHints":{"allow":["GET"]}}],"collection":[{"href":"https:\/\/researchchemicalhub.com\/sk\/wp-json\/wp\/v2\/product"}],"about":[{"href":"https:\/\/researchchemicalhub.com\/sk\/wp-json\/wp\/v2\/types\/product"}],"replies":[{"embeddable":true,"href":"https:\/\/researchchemicalhub.com\/sk\/wp-json\/wp\/v2\/comments?post=23975"}],"version-history":[{"count":5,"href":"https:\/\/researchchemicalhub.com\/sk\/wp-json\/wp\/v2\/product\/23975\/revisions"}],"predecessor-version":[{"id":27913,"href":"https:\/\/researchchemicalhub.com\/sk\/wp-json\/wp\/v2\/product\/23975\/revisions\/27913"}],"wp:featuredmedia":[{"embeddable":true,"href":"https:\/\/researchchemicalhub.com\/sk\/wp-json\/wp\/v2\/media\/28391"}],"wp:attachment":[{"href":"https:\/\/researchchemicalhub.com\/sk\/wp-json\/wp\/v2\/media?parent=23975"}],"wp:term":[{"taxonomy":"product_brand","embeddable":true,"href":"https:\/\/researchchemicalhub.com\/sk\/wp-json\/wp\/v2\/product_brand?post=23975"},{"taxonomy":"product_cat","embeddable":true,"href":"https:\/\/researchchemicalhub.com\/sk\/wp-json\/wp\/v2\/product_cat?post=23975"},{"taxonomy":"product_tag","embeddable":true,"href":"https:\/\/researchchemicalhub.com\/sk\/wp-json\/wp\/v2\/product_tag?post=23975"}],"curies":[{"name":"pracovn\u00fd list","href":"https:\/\/api.w.org\/{rel}","templated":true}]}}