{"id":23933,"date":"2025-04-13T17:40:43","date_gmt":"2025-04-13T17:40:43","guid":{"rendered":"https:\/\/researchchemicalhub.com\/?post_type=product&#038;p=23933"},"modified":"2025-10-30T07:53:12","modified_gmt":"2025-10-30T07:53:12","slug":"norflurazepam-5-mg-pelety","status":"publish","type":"product","link":"https:\/\/researchchemicalhub.com\/sk\/obchod\/benzodiazepiny\/norflurazepam-5-mg-pelety\/","title":{"rendered":"Norflurazepam 5 MG pelety"},"content":{"rendered":"<div class=\"dad65929\">\n<div class=\"_4f9bf79 d7dc56a8 _43c05b5\">\n<div class=\"ds-markdown ds-markdown--block\">\n<h3 data-start=\"6228\" data-end=\"6247\"><strong data-start=\"6232\" data-end=\"6247\">\u00davod<\/strong><\/h3>\n<p data-start=\"6249\" data-end=\"6610\"><strong data-start=\"6249\" data-end=\"6278\">Norflurazepam 5 mg pelety<\/strong> s\u00fa <strong data-start=\"6284\" data-end=\"6331\">v\u00fdskumn\u00e9 l\u00e1tky analytickej kvality<\/strong>, \u0161peci\u00e1lne vyvinut\u00fd pre <strong data-start=\"6358\" data-end=\"6412\">vedeck\u00fd, forenzn\u00fd a chemick\u00fd v\u00fdskum<\/strong>Norflurazepam 5 mg pelety<br data-start=\"6413\" data-end=\"6416\" \/>Tie\u017e zn\u00e1my ako <strong data-start=\"6431\" data-end=\"6453\">Desalkylflurazepam<\/strong>, patr\u00ed toto spojenie k <strong data-start=\"6486\" data-end=\"6510\">trieda benzodiazep\u00ednov<\/strong> a je <strong data-start=\"6521\" data-end=\"6563\">metabolit r\u00f4znych benzodiazep\u00ednov<\/strong>, pod\u013ea ktor\u00e9ho <strong data-start=\"6575\" data-end=\"6589\">Flurazepam<\/strong> a <strong data-start=\"6593\" data-end=\"6607\">Diclazepam<\/strong>.<\/p>\n<p data-start=\"6612\" data-end=\"6857\">Vyroben\u00e9 pod <strong data-start=\"6631\" data-end=\"6672\">Normy GLP (spr\u00e1vna laborat\u00f3rna prax)<\/strong>, tieto pelety pon\u00fakaj\u00fa <strong data-start=\"6698\" data-end=\"6721\">\u010distota \u226599%<\/strong>, <strong data-start=\"6723\" data-end=\"6748\">chemick\u00e1 stabilita<\/strong> a <strong data-start=\"6752\" data-end=\"6775\">konzistentn\u00e1 kvalita<\/strong>.<br data-start=\"6776\" data-end=\"6779\" \/>Ide\u00e1lne pre <strong data-start=\"6791\" data-end=\"6854\">chromatografick\u00e9, spektroskopick\u00e9 a \u0161truktur\u00e1lne anal\u00fdzy<\/strong>.<\/p>\n<blockquote data-start=\"6859\" data-end=\"7003\">\n<p data-start=\"6861\" data-end=\"7003\">\u26a0\ufe0f <strong data-start=\"6864\" data-end=\"6875\">Pozn\u00e1mka:<\/strong> Tento produkt je <strong data-start=\"6891\" data-end=\"6941\">ur\u010den\u00e9 len na laborat\u00f3rny v\u00fdskum<\/strong> a <strong data-start=\"6945\" data-end=\"7002\">nie je vhodn\u00e9 na \u013eudsk\u00fa ani zvieraciu spotrebu<\/strong>.<\/p>\n<\/blockquote>\n<hr data-start=\"7005\" data-end=\"7008\" \/>\n<h3 data-start=\"7010\" data-end=\"7041\"><strong data-start=\"7014\" data-end=\"7041\">K\u013e\u00fa\u010dov\u00e9 vlastnosti<\/strong><\/h3>\n<ul data-start=\"7043\" data-end=\"7484\">\n<li data-start=\"7043\" data-end=\"7125\">\n<p data-start=\"7045\" data-end=\"7125\"><strong data-start=\"7045\" data-end=\"7077\">Vysok\u00e1 analytick\u00e1 \u010distota:<\/strong> \u226599% testovan\u00e9 chromatografick\u00fdmi technikami.<\/p>\n<\/li>\n<li data-start=\"7126\" data-end=\"7191\">\n<p data-start=\"7128\" data-end=\"7191\"><strong data-start=\"7128\" data-end=\"7148\">Presn\u00e9 d\u00e1vkovanie:<\/strong> Ka\u017ed\u00e1 peleta obsahuje <strong data-start=\"7167\" data-end=\"7188\">5 mg norflurazepamu<\/strong>.<\/p>\n<\/li>\n<li data-start=\"7192\" data-end=\"7258\">\n<p data-start=\"7194\" data-end=\"7258\"><strong data-start=\"7194\" data-end=\"7215\">Chemicky stabiln\u00fd:<\/strong> Pri spr\u00e1vnom skladovan\u00ed odoln\u00fd vo\u010di rozkladu.<\/p>\n<\/li>\n<li data-start=\"7259\" data-end=\"7328\">\n<p data-start=\"7261\" data-end=\"7328\"><strong data-start=\"7261\" data-end=\"7279\">SLP v\u00fdroba:<\/strong> Vyroben\u00e9 pod\u013ea pr\u00edsnych laborat\u00f3rnych \u0161tandardov.<\/p>\n<\/li>\n<li data-start=\"7329\" data-end=\"7404\">\n<p data-start=\"7331\" data-end=\"7404\"><strong data-start=\"7331\" data-end=\"7348\">D\u00e1vkovo testovan\u00e9:<\/strong> Ka\u017ed\u00e1 \u0161ar\u017ea sa kontroluje z h\u013eadiska identity a \u010distoty. Norflurazepam 5 mg pelety<\/p>\n<\/li>\n<li data-start=\"7405\" data-end=\"7484\">\n<p data-start=\"7407\" data-end=\"7484\"><strong data-start=\"7407\" data-end=\"7430\">Bezpe\u010dn\u00e9 balenie:<\/strong> Vzduchotesn\u00e9 a utesnen\u00e9 pre optim\u00e1lnu trvanlivos\u0165.<\/p>\n<\/li>\n<\/ul>\n<hr data-start=\"7486\" data-end=\"7489\" \/>\n<h3 data-start=\"7491\" data-end=\"7508\"><strong data-start=\"7495\" data-end=\"7508\">V\u00fdhody<\/strong><\/h3>\n<ol data-start=\"7510\" data-end=\"7970\">\n<li data-start=\"7510\" data-end=\"7601\">\n<p data-start=\"7513\" data-end=\"7601\"><strong data-start=\"7513\" data-end=\"7550\">Spo\u013eahliv\u00e9 v\u00fdsledky v\u00fdskumu:<\/strong> Vysok\u00e1 \u010distota zaru\u010duje reprodukovate\u013en\u00e9 \u00fadaje.<\/p>\n<\/li>\n<li data-start=\"7602\" data-end=\"7690\">\n<p data-start=\"7605\" data-end=\"7690\"><strong data-start=\"7605\" data-end=\"7632\">Dlhodob\u00e1 stabilita:<\/strong> Odoln\u00e9 vo\u010di svetlu, vlhkosti a teplotn\u00fdm v\u00fdkyvom.<\/p>\n<\/li>\n<li data-start=\"7691\" data-end=\"7771\">\n<p data-start=\"7694\" data-end=\"7771\"><strong data-start=\"7694\" data-end=\"7722\">\u013dahko sa s n\u00edm manipuluje:<\/strong> Forma peliet zjednodu\u0161uje presn\u00e9 d\u00e1vkovanie.<\/p>\n<\/li>\n<li data-start=\"7772\" data-end=\"7855\">\n<p data-start=\"7775\" data-end=\"7855\"><strong data-start=\"7775\" data-end=\"7803\">Profesion\u00e1lny \u0161tandard:<\/strong> Vhodn\u00e9 pre forenzn\u00fd a analytick\u00fd v\u00fdskum.<\/p>\n<\/li>\n<li data-start=\"7856\" data-end=\"7970\">\n<p data-start=\"7859\" data-end=\"7970\"><strong data-start=\"7859\" data-end=\"7880\">\u0160iroko pou\u017eite\u013en\u00e9:<\/strong> Ide\u00e1lne pre <strong data-start=\"7893\" data-end=\"7967\">anal\u00fdza benzodiazep\u00ednov, \u0161t\u00fadia metabolitov a chemick\u00e1 identifik\u00e1cia<\/strong>.<\/p>\n<\/li>\n<\/ol>\n<hr data-start=\"7972\" data-end=\"7975\" \/>\n<h3 data-start=\"7977\" data-end=\"8016\"><strong data-start=\"7981\" data-end=\"8016\">Pou\u017eitie (len na v\u00fdskum)<\/strong><\/h3>\n<ol data-start=\"8018\" data-end=\"8403\">\n<li data-start=\"8018\" data-end=\"8105\">\n<p data-start=\"8021\" data-end=\"8105\"><strong data-start=\"8021\" data-end=\"8052\">Noste ochrann\u00fd odev:<\/strong> Vy\u017eaduj\u00fa sa rukavice, ochrann\u00e9 okuliare a laborat\u00f3rny pl\u00e1\u0161\u0165.<\/p>\n<\/li>\n<li data-start=\"8106\" data-end=\"8177\">\n<p data-start=\"8109\" data-end=\"8177\"><strong data-start=\"8109\" data-end=\"8148\">Pou\u017eitie v kontrolovanom prostred\u00ed:<\/strong> Pracujte \u010disto a presne.<\/p>\n<\/li>\n<li data-start=\"8178\" data-end=\"8259\">\n<p data-start=\"8181\" data-end=\"8259\"><strong data-start=\"8181\" data-end=\"8208\">Inform\u00e1cie o d\u00e1vke pozn\u00e1mky:<\/strong> Zaznamenajte \u010distotu, mno\u017estvo a podmienky.<\/p>\n<\/li>\n<li data-start=\"8260\" data-end=\"8329\">\n<p data-start=\"8263\" data-end=\"8329\"><strong data-start=\"8263\" data-end=\"8300\">Pou\u017e\u00edvajte kalibrovan\u00e9 vybavenie:<\/strong> Pre spo\u013eahliv\u00e9 merania.<\/p>\n<\/li>\n<li data-start=\"8330\" data-end=\"8403\">\n<p data-start=\"8333\" data-end=\"8403\"><strong data-start=\"8333\" data-end=\"8367\">Bezpe\u010dne zlikvidujte odpad:<\/strong> Dodr\u017eiavajte bezpe\u010dnostn\u00e9 pokyny.<\/p>\n<\/li>\n<\/ol>\n<blockquote data-start=\"8405\" data-end=\"8490\">\n<p data-start=\"8407\" data-end=\"8490\">\u2697\ufe0f <strong data-start=\"8410\" data-end=\"8490\">Len na laborat\u00f3rne testovanie \u2013 nie na \u013eudsk\u00fa spotrebu.<\/strong><\/p>\n<\/blockquote>\n<hr data-start=\"8492\" data-end=\"8495\" \/>\n<h3 data-start=\"8497\" data-end=\"8522\"><strong data-start=\"8501\" data-end=\"8522\">Pokyny na skladovanie<\/strong><\/h3>\n<ul data-start=\"8524\" data-end=\"8692\">\n<li data-start=\"8524\" data-end=\"8566\">\n<p data-start=\"8526\" data-end=\"8566\">Ulo\u017ei\u0165 na <strong data-start=\"8537\" data-end=\"8546\">2\u20138 \u00b0C<\/strong>, such\u00e9 a tmav\u00e9.<\/p>\n<\/li>\n<li data-start=\"8567\" data-end=\"8603\">\n<p data-start=\"8569\" data-end=\"8603\">Uchov\u00e1vajte n\u00e1dobu tesne uzavret\u00fa.<\/p>\n<\/li>\n<li data-start=\"8604\" data-end=\"8649\">\n<p data-start=\"8606\" data-end=\"8649\">Chr\u00e1\u0148te pred <strong data-start=\"8621\" data-end=\"8646\">svetlo, teplo a vlhkos\u0165<\/strong>.<\/p>\n<\/li>\n<li data-start=\"8650\" data-end=\"8692\">\n<p data-start=\"8652\" data-end=\"8692\">Uchov\u00e1vajte mimo dosahu neopr\u00e1vnen\u00fdch os\u00f4b.<\/p>\n<\/li>\n<\/ul>\n<hr data-start=\"8694\" data-end=\"8697\" \/>\n<h3 data-start=\"8699\" data-end=\"8734\"><strong data-start=\"8703\" data-end=\"8734\">\u010casto kladen\u00e9 ot\u00e1zky (FAQ)<\/strong><\/h3>\n<p data-start=\"8736\" data-end=\"8910\"><strong data-start=\"8736\" data-end=\"8781\">1. Na \u010do sa pou\u017e\u00edva Norflurazepam?<\/strong><br data-start=\"8781\" data-end=\"8784\" \/>Pre <strong data-start=\"8789\" data-end=\"8827\">analytick\u00fd a forenzn\u00fd v\u00fdskum<\/strong>, najm\u00e4 v oblasti <strong data-start=\"8856\" data-end=\"8907\">metabolizmus a chemick\u00e1 anal\u00fdza benzodiazep\u00ednov<\/strong>.<\/p>\n<p data-start=\"8912\" data-end=\"9129\"><strong data-start=\"8912\" data-end=\"8972\">2. Je norflurazepam vhodn\u00fd na \u013eudsk\u00fa konzum\u00e1ciu?<\/strong><br data-start=\"8972\" data-end=\"8975\" \/>Nie. <strong data-start=\"8980\" data-end=\"9009\">Norflurazepam 5 mg pelety<\/strong> s\u00fa <strong data-start=\"9015\" data-end=\"9065\">ur\u010den\u00e9 len na laborat\u00f3rny v\u00fdskum<\/strong> a <strong data-start=\"9069\" data-end=\"9126\">nie je vhodn\u00e9 na \u013eudsk\u00fa ani zvieraciu spotrebu<\/strong>.<\/p>\n<p data-start=\"9131\" data-end=\"9277\"><strong data-start=\"9131\" data-end=\"9176\">3. Ako m\u00e1m najlep\u0161ie uchov\u00e1va\u0165 Norflurazepam?<\/strong><br data-start=\"9176\" data-end=\"9179\" \/>U\u0161etrite na <strong data-start=\"9193\" data-end=\"9235\">chladnom, suchom a tmavom mieste (2\u20138 \u00b0C)<\/strong>, v <strong data-start=\"9244\" data-end=\"9274\">dobre uzavret\u00e9 balenie<\/strong>.<\/p>\n<hr data-start=\"9279\" data-end=\"9282\" \/>\n<h3 data-start=\"9284\" data-end=\"9301\"><strong data-start=\"9288\" data-end=\"9301\">Z\u00e1ver<\/strong><\/h3>\n<p data-start=\"9303\" data-end=\"9597\"><strong data-start=\"9303\" data-end=\"9332\">Norflurazepam 5 mg pelety<\/strong> ponuka <strong data-start=\"9340\" data-end=\"9398\">v\u00fdnimo\u010dn\u00e1 \u010distota, stabilita a konzistencia<\/strong>, ide\u00e1lne pre <strong data-start=\"9412\" data-end=\"9464\">profesion\u00e1lny analytick\u00fd a forenzn\u00fd v\u00fdskum<\/strong>.<br data-start=\"9465\" data-end=\"9468\" \/>Spo\u013eahliv\u00e1 vo\u013eba pre laborat\u00f3ri\u00e1 zameran\u00e9 na <strong data-start=\"9527\" data-end=\"9594\">anal\u00fdza benzodiazep\u00ednov, chromatografia a \u0161truktur\u00e1lna \u0161t\u00fadia<\/strong>.<\/p>\n<\/div>\n<\/div>\n<\/div>","protected":false},"excerpt":{"rendered":"<h3><span data-sheets-value=\"{\" data-sheets-userformat=\"{\"><span style=\"vertical-align: inherit;\"><span style=\"vertical-align: inherit;\"><span dir=\"auto\" style=\"vertical-align: inherit;\"><span dir=\"auto\" style=\"vertical-align: inherit;\">Vlastnosti norflurazepamu<\/span><\/span><\/span><\/span><\/span><\/h3>\n<p><strong><span style=\"vertical-align: inherit;\"><span style=\"vertical-align: inherit;\"><span dir=\"auto\" style=\"vertical-align: inherit;\"><span dir=\"auto\" style=\"vertical-align: inherit;\">Synonymum:<\/span><\/span><\/span><\/span><\/strong><span style=\"vertical-align: inherit;\"><span style=\"vertical-align: inherit;\"><span dir=\"auto\" style=\"vertical-align: inherit;\"><span dir=\"auto\" style=\"vertical-align: inherit;\"> Norflurazepam <\/span><\/span><\/span><\/span><br \/>\n<strong><span style=\"vertical-align: inherit;\"><span style=\"vertical-align: inherit;\"><span dir=\"auto\" style=\"vertical-align: inherit;\"><span dir=\"auto\" style=\"vertical-align: inherit;\">\u010c\u00edslo CAS:<\/span><\/span><\/span><\/span><\/strong><span style=\"vertical-align: inherit;\"><span style=\"vertical-align: inherit;\"><span dir=\"auto\" style=\"vertical-align: inherit;\"><span dir=\"auto\" style=\"vertical-align: inherit;\"> 2886-65-9 <\/span><\/span><\/span><\/span><br \/>\n<strong><span style=\"vertical-align: inherit;\"><span style=\"vertical-align: inherit;\"><span dir=\"auto\" style=\"vertical-align: inherit;\"><span dir=\"auto\" style=\"vertical-align: inherit;\">Vzorec:<\/span><\/span><\/span><\/span><\/strong><span style=\"vertical-align: inherit;\"><span style=\"vertical-align: inherit;\"><span dir=\"auto\" style=\"vertical-align: inherit;\"><span dir=\"auto\" style=\"vertical-align: inherit;\"> 7-chl\u00f3r-5-(2-flu\u00f3rfenyl)-1,3-dihydro-2H-1,4-benzodiazep\u00edn-2-\u00f3n <\/span><\/span><\/span><\/span><br \/>\n<strong><span style=\"vertical-align: inherit;\"><span style=\"vertical-align: inherit;\"><span dir=\"auto\" style=\"vertical-align: inherit;\"><span dir=\"auto\" style=\"vertical-align: inherit;\">Mol\u00e1rna hmotnos\u0165:<\/span><\/span><\/span><\/span><\/strong><span style=\"vertical-align: inherit;\"><span style=\"vertical-align: inherit;\"><span dir=\"auto\" style=\"vertical-align: inherit;\"><span dir=\"auto\" style=\"vertical-align: inherit;\"> 299,3 g\/mol <\/span><\/span><\/span><\/span><br \/>\n<strong><span style=\"vertical-align: inherit;\"><span style=\"vertical-align: inherit;\"><span dir=\"auto\" style=\"vertical-align: inherit;\"><span dir=\"auto\" style=\"vertical-align: inherit;\">\u010cistota:<\/span><\/span><\/span><\/span><\/strong><span style=\"vertical-align: inherit;\"><span style=\"vertical-align: inherit;\"><span dir=\"auto\" style=\"vertical-align: inherit;\"><span dir=\"auto\" style=\"vertical-align: inherit;\"> &gt;97%<\/span><\/span><\/span><\/span><\/p>","protected":false},"featured_media":28577,"comment_status":"closed","ping_status":"closed","template":"","meta":[],"product_brand":[],"product_cat":[76,388,394,324,398],"product_tag":[326],"class_list":{"0":"post-23933","1":"product","2":"type-product","3":"status-publish","4":"has-post-thumbnail","6":"product_cat-benzodiazepinen","7":"product_cat-norflurazepam","8":"product_cat-norflurazepam-pellets","9":"product_cat-pellets-for-pellet","10":"product_cat-verkoop","11":"product_tag-nl","13":"first","14":"instock","15":"sale","16":"taxable","17":"shipping-taxable","18":"purchasable","19":"product-type-variable"},"_links":{"self":[{"href":"https:\/\/researchchemicalhub.com\/sk\/wp-json\/wp\/v2\/product\/23933","targetHints":{"allow":["GET"]}}],"collection":[{"href":"https:\/\/researchchemicalhub.com\/sk\/wp-json\/wp\/v2\/product"}],"about":[{"href":"https:\/\/researchchemicalhub.com\/sk\/wp-json\/wp\/v2\/types\/product"}],"replies":[{"embeddable":true,"href":"https:\/\/researchchemicalhub.com\/sk\/wp-json\/wp\/v2\/comments?post=23933"}],"version-history":[{"count":5,"href":"https:\/\/researchchemicalhub.com\/sk\/wp-json\/wp\/v2\/product\/23933\/revisions"}],"predecessor-version":[{"id":27920,"href":"https:\/\/researchchemicalhub.com\/sk\/wp-json\/wp\/v2\/product\/23933\/revisions\/27920"}],"wp:featuredmedia":[{"embeddable":true,"href":"https:\/\/researchchemicalhub.com\/sk\/wp-json\/wp\/v2\/media\/28577"}],"wp:attachment":[{"href":"https:\/\/researchchemicalhub.com\/sk\/wp-json\/wp\/v2\/media?parent=23933"}],"wp:term":[{"taxonomy":"product_brand","embeddable":true,"href":"https:\/\/researchchemicalhub.com\/sk\/wp-json\/wp\/v2\/product_brand?post=23933"},{"taxonomy":"product_cat","embeddable":true,"href":"https:\/\/researchchemicalhub.com\/sk\/wp-json\/wp\/v2\/product_cat?post=23933"},{"taxonomy":"product_tag","embeddable":true,"href":"https:\/\/researchchemicalhub.com\/sk\/wp-json\/wp\/v2\/product_tag?post=23933"}],"curies":[{"name":"pracovn\u00fd list","href":"https:\/\/api.w.org\/{rel}","templated":true}]}}