{"id":23869,"date":"2025-04-13T17:40:36","date_gmt":"2025-04-13T17:40:36","guid":{"rendered":"https:\/\/researchchemicalhub.com\/?post_type=product&#038;p=23869"},"modified":"2025-10-30T08:00:44","modified_gmt":"2025-10-30T08:00:44","slug":"kupit-34-dmmc","status":"publish","type":"product","link":"https:\/\/researchchemicalhub.com\/sk\/obchod\/3\/kupit-34-dmmc\/","title":{"rendered":"3,4-DMMC (3,4-dimetylmetkatin\u00f3n)"},"content":{"rendered":"<p data-start=\"4596\" data-end=\"4908\"><strong data-start=\"4596\" data-end=\"4636\">3,4-DMMC (3,4-dimetylmetkatin\u00f3n)<\/strong> je <strong data-start=\"4644\" data-end=\"4679\">dizajn\u00e9rska stimula\u010dn\u00e1 zmes<\/strong> v r\u00e1mci triedy <strong data-start=\"4701\" data-end=\"4725\">nahradi\u0165 katin\u00f3ny<\/strong>.\u00a0<br data-start=\"4764\" data-end=\"4767\" \/>Prv\u00fdkr\u00e1t bol zisten\u00fd okolo roku 2010 ako anal\u00f3g mefedr\u00f3nu a in\u00fdch katin\u00f3nov. <span class=\"___SBox_epc1q-ko_ ___SText_zko9t-ko_\" data-ui-name=\"Link.Text\">K\u00fapi\u0165 34 dmmc<\/span><\/p>\n<p data-start=\"4910\" data-end=\"5190\">Ako v\u00fdskumn\u00e1 chemik\u00e1lia sa 3,4-DMMC pou\u017e\u00edva v <strong data-start=\"4966\" data-end=\"5017\">analytick\u00e9, \u0161truktur\u00e1lne a forenzn\u00e9 \u0161t\u00fadie<\/strong> nov\u00fdch psychoakt\u00edvnych l\u00e1tok (NPS). Sl\u00fa\u017ei ako referen\u010dn\u00fd \u0161tandard v laborat\u00f3ri\u00e1ch sk\u00famaj\u00facich interakcie transport\u00e9rov, metabolity a spektr\u00e1lnu identifik\u00e1ciu.<\/p>\n<hr data-start=\"5192\" data-end=\"5195\" \/>\n<h3 data-start=\"5197\" data-end=\"5228\"><strong data-start=\"5201\" data-end=\"5228\">K\u013e\u00fa\u010dov\u00e9 vlastnosti<\/strong><\/h3>\n<ul data-start=\"5230\" data-end=\"6038\">\n<li data-start=\"5230\" data-end=\"5319\">\n<p data-start=\"5232\" data-end=\"5319\"><strong data-start=\"5232\" data-end=\"5264\">Vysok\u00e1 analytick\u00e1 \u010distota:<\/strong> Typick\u00e1 \u010distota \u2265 98\u201399% (z\u00e1vis\u00ed od \u0161ar\u017ee).<\/p>\n<\/li>\n<li data-start=\"5320\" data-end=\"5456\">\n<p data-start=\"5322\" data-end=\"5456\"><strong data-start=\"5322\" data-end=\"5346\">\u0160truktur\u00e1lne analogick\u00e9:<\/strong> Katin\u00f3n s metylov\u00fdmi skupinami v poloh\u00e1ch 3 a 4 fenylov\u00e9ho kruhu.<\/p>\n<\/li>\n<li data-start=\"5457\" data-end=\"5650\">\n<p data-start=\"5459\" data-end=\"5650\"><strong data-start=\"5459\" data-end=\"5495\">Aktivita monoam\u00ednov\u00e9ho transport\u00e9ra:<\/strong> P\u00f4sob\u00ed ako substr\u00e1t\/inhib\u00edtor transport\u00e9rov seroton\u00ednu a noradrenal\u00ednu; men\u0161\u00ed vplyv na sp\u00e4tn\u00e9 vychyt\u00e1vanie dopam\u00ednu.<\/p>\n<\/li>\n<li data-start=\"5651\" data-end=\"5785\">\n<p data-start=\"5653\" data-end=\"5785\"><strong data-start=\"5653\" data-end=\"5689\">Robustn\u00e9 charakteriza\u010dn\u00e9 \u00fadaje:<\/strong> Plne charakterizovan\u00e9 pomocou GC\/MS, IR, NMR, UV\/Vis.<\/p>\n<\/li>\n<li data-start=\"5786\" data-end=\"5946\">\n<p data-start=\"5788\" data-end=\"5946\"><strong data-start=\"5788\" data-end=\"5815\">Jedine\u010dn\u00fd reten\u010dn\u00fd \u010das GC:<\/strong> Hoci IR\/UV profily pripom\u00ednaj\u00fa mefedr\u00f3n, reten\u010dn\u00e9 \u010dasy a fragment\u00e1cia sa l\u00ed\u0161ia.<\/p>\n<\/li>\n<li data-start=\"5947\" data-end=\"6038\">\n<p data-start=\"5949\" data-end=\"6038\"><strong data-start=\"5949\" data-end=\"5979\">Stabiln\u00e9 pri spr\u00e1vnom skladovan\u00ed:<\/strong> Pri spr\u00e1vnom zakryt\u00ed a ochrane si zachov\u00e1va integritu.<\/p>\n<\/li>\n<\/ul>\n<hr data-start=\"6040\" data-end=\"6043\" \/>\n<h3 data-start=\"6045\" data-end=\"6062\"><strong data-start=\"6049\" data-end=\"6062\">V\u00fdhody<\/strong><\/h3>\n<ol data-start=\"6064\" data-end=\"6583\">\n<li data-start=\"6064\" data-end=\"6166\">\n<p data-start=\"6067\" data-end=\"6166\"><strong data-start=\"6067\" data-end=\"6098\">Spo\u013eahliv\u00e1 referen\u010dn\u00e1 l\u00e1tka:<\/strong> Pou\u017eitie ako kalibra\u010dn\u00fd a porovn\u00e1vac\u00ed n\u00e1stroj vo forenzn\u00fdch laborat\u00f3ri\u00e1ch.<\/p>\n<\/li>\n<li data-start=\"6167\" data-end=\"6262\">\n<p data-start=\"6170\" data-end=\"6262\"><strong data-start=\"6170\" data-end=\"6194\">Spektr\u00e1lna v\u00fdzva:<\/strong> Sl\u00fa\u017ei ako n\u00e1ro\u010dn\u00fd anal\u00f3g na testovanie selektivity pr\u00edstroja.<\/p>\n<\/li>\n<li data-start=\"6263\" data-end=\"6359\">\n<p data-start=\"6266\" data-end=\"6359\"><strong data-start=\"6266\" data-end=\"6291\">V\u00fdskum transport\u00e9rov:<\/strong> Cenn\u00e9 vo farmakologickom v\u00fdskume seroton\u00ednu\/noradrenal\u00ednu.<\/p>\n<\/li>\n<li data-start=\"6360\" data-end=\"6468\">\n<p data-start=\"6363\" data-end=\"6468\"><strong data-start=\"6363\" data-end=\"6387\">V\u00fdskum metabolitov:<\/strong> Pom\u00e1ha pri mapovan\u00ed metabolick\u00fdch dr\u00e1h v biologick\u00fdch vzork\u00e1ch.<\/p>\n<\/li>\n<li data-start=\"6469\" data-end=\"6583\">\n<p data-start=\"6472\" data-end=\"6583\"><strong data-start=\"6472\" data-end=\"6509\">Podporuje forenzn\u00e9 vy\u0161etrovanie:<\/strong> U\u013eah\u010duje vytv\u00e1ranie spektr\u00e1lnych datab\u00e1z pre nov\u00e9 l\u00e1tky.<\/p>\n<\/li>\n<\/ol>\n<hr data-start=\"6585\" data-end=\"6588\" \/>\n<h3 data-start=\"6590\" data-end=\"6650\"><strong data-start=\"6594\" data-end=\"6650\">N\u00e1vod na pou\u017eitie (len na laborat\u00f3rne pou\u017eitie)<\/strong><\/h3>\n<ol data-start=\"6652\" data-end=\"7071\">\n<li data-start=\"6652\" data-end=\"6737\">\n<p data-start=\"6655\" data-end=\"6737\"><strong data-start=\"6655\" data-end=\"6696\">Noste kompletn\u00e9 ochrann\u00e9 vybavenie:<\/strong> rukavice, ochrann\u00e9 okuliare, laborat\u00f3rny pl\u00e1\u0161\u0165.<\/p>\n<\/li>\n<li data-start=\"6738\" data-end=\"6819\">\n<p data-start=\"6741\" data-end=\"6819\"><strong data-start=\"6741\" data-end=\"6781\">Pr\u00e1ca v kontrolovanom prostred\u00ed:<\/strong> napr. digestor, \u010dist\u00fd pracovn\u00fd priestor.<\/p>\n<\/li>\n<li data-start=\"6820\" data-end=\"6896\">\n<p data-start=\"6823\" data-end=\"6896\"><strong data-start=\"6823\" data-end=\"6857\">Pou\u017e\u00edvajte presn\u00e9 n\u00e1stroje:<\/strong> v\u00e1hy, pipety, spektrometre at\u010f.<\/p>\n<\/li>\n<li data-start=\"6897\" data-end=\"6984\">\n<p data-start=\"6900\" data-end=\"6984\"><strong data-start=\"6900\" data-end=\"6932\">Vzorov\u00e9 \u00fadaje dokumentu:<\/strong> \u010d\u00edslo \u0161ar\u017ee, hmotnos\u0165, \u010distota, podmienky.<\/p>\n<\/li>\n<li data-start=\"6985\" data-end=\"7071\">\n<p data-start=\"6988\" data-end=\"7071\"><strong data-start=\"6988\" data-end=\"7018\">Bezpe\u010dne odstr\u00e1\u0148te zvy\u0161ky:<\/strong> pod\u013ea bezpe\u010dnostn\u00fdch protokolov va\u0161ej in\u0161tit\u00facie.<\/p>\n<\/li>\n<\/ol>\n<blockquote data-start=\"7073\" data-end=\"7189\">\n<p data-start=\"7075\" data-end=\"7189\">\u2697\ufe0f <strong data-start=\"7078\" data-end=\"7189\">Len na analytick\u00e9\/vedeck\u00e9 v\u00fdskumn\u00e9 \u00fa\u010dely \u2013 nie na \u013eudsk\u00fa ani \u017eivo\u010d\u00ed\u0161nu spotrebu.<\/strong><\/p>\n<\/blockquote>\n<hr data-start=\"7191\" data-end=\"7194\" \/>\n<h3 data-start=\"7196\" data-end=\"7221\"><strong data-start=\"7200\" data-end=\"7221\">Pokyny na skladovanie<\/strong><\/h3>\n<ul data-start=\"7223\" data-end=\"7494\">\n<li data-start=\"7223\" data-end=\"7283\">\n<p data-start=\"7225\" data-end=\"7283\">Ulo\u017ei\u0165 na <strong data-start=\"7236\" data-end=\"7246\">2\u20138 \u00b0C<\/strong> na chladnom, suchom a tmavom mieste.<\/p>\n<\/li>\n<li data-start=\"7284\" data-end=\"7370\">\n<p data-start=\"7286\" data-end=\"7370\">Pou\u017e\u00edvajte inertn\u00e9, vzduchotesn\u00e9 n\u00e1doby (napr. jant\u00e1rov\u00e9 liekovky) na ochranu pred vlhkos\u0165ou a svetlom.<\/p>\n<\/li>\n<li data-start=\"7371\" data-end=\"7430\">\n<p data-start=\"7373\" data-end=\"7430\">Zabr\u00e1\u0148te opakovan\u00e9mu vystaveniu teplu alebo svetlu.<\/p>\n<\/li>\n<li data-start=\"7431\" data-end=\"7494\">\n<p data-start=\"7433\" data-end=\"7494\">Pr\u00edstupn\u00e9 len kvalifikovan\u00fdm analytick\u00fdm pracovn\u00edkom. <span class=\"___SBox_epc1q-ko_ ___SText_zko9t-ko_\" data-ui-name=\"Link.Text\">K\u00fapi\u0165 34 dmmc<\/span><\/p>\n<\/li>\n<\/ul>\n<hr data-start=\"7496\" data-end=\"7499\" \/>\n<h3 data-start=\"7501\" data-end=\"7536\"><strong data-start=\"7505\" data-end=\"7536\">\u010casto kladen\u00e9 ot\u00e1zky (FAQ)<\/strong><\/h3>\n<p data-start=\"7538\" data-end=\"7781\"><strong data-start=\"7538\" data-end=\"7587\">1. Ak\u00fd je mechanizmus \u00fa\u010dinku 3,4-DMMC?<\/strong><br data-start=\"7587\" data-end=\"7590\" \/>In vitro funguje ako substr\u00e1t\/inhib\u00edtor transport\u00e9rov seroton\u00ednu a noradrenal\u00ednu; jeho \u00fa\u010dinok na sp\u00e4tn\u00e9 vychyt\u00e1vanie dopam\u00ednu je relat\u00edvne slab\u0161\u00ed.<\/p>\n<p data-start=\"7783\" data-end=\"8013\"><strong data-start=\"7783\" data-end=\"7850\">2. D\u00e1 sa 3,4-DMMC analyticky odl\u00ed\u0161i\u0165 od mefedr\u00f3nu?<\/strong><br data-start=\"7850\" data-end=\"7853\" \/>\u00c1no. Hoci sa IR\/UV profily m\u00f4\u017eu prekr\u00fdva\u0165, rozdiel robia reten\u010dn\u00e9 \u010dasy plynovej chromatografie (GC) a fragment\u00e1cia hmoty.<\/p>\n<p data-start=\"8015\" data-end=\"8234\"><strong data-start=\"8015\" data-end=\"8058\">3. Je 3,4-DMMC regulovan\u00fd alebo neleg\u00e1lny?<\/strong><br data-start=\"8058\" data-end=\"8061\" \/>V mnoh\u00fdch krajin\u00e1ch je 3,4-DMMC regulovan\u00fd ako dizajnov\u00fd katin\u00f3n. V USA je klasifikovan\u00fd ako droga Zoznamu I ako pozi\u010dn\u00fd izom\u00e9r 4-MEC. <a href=\"https:\/\/researchchemicalhub.com\/sk\/obchod\/pelety-2\/1p-lsd-10-mcg-pelety-mikrodavka\/\">1P-LSD mikrod\u00e1vka<\/a><\/p>","protected":false},"excerpt":{"rendered":"<h3><span style=\"vertical-align: inherit;\"><span style=\"vertical-align: inherit;\">3,4-DMMC je l\u00e1tka pr\u00edbuzn\u00e1 3-MMC\/3-CMC<\/span><\/span><\/h3>\n<p><span style=\"vertical-align: inherit;\"><span style=\"vertical-align: inherit;\">3,4-DMMC\/3,4-dimetylmetakatin\u00f3n je l\u00e1tka, ktor\u00fa pred\u00e1vame iba na v\u00fdskumn\u00e9 \u00fa\u010dely, a preto nie je ur\u010den\u00e1 na konzum\u00e1ciu. L\u00e1tka patr\u00ed do kateg\u00f3rie katin\u00f3nov. 3,4-DMMC sa dod\u00e1va vo forme pr\u00e1\u0161ku a pri skladovan\u00ed v spr\u00e1vnom prostred\u00ed je mo\u017en\u00e9 ho sk\u00fama\u0165 a\u017e 2 roky.<\/span><\/span><\/p>","protected":false},"featured_media":28394,"comment_status":"closed","ping_status":"closed","template":"","meta":[],"product_brand":[],"product_cat":[493,494,322,79],"product_tag":[1105,326],"class_list":{"0":"post-23869","1":"product","2":"type-product","3":"status-publish","4":"has-post-thumbnail","6":"product_cat-493","7":"product_cat-4-dmmc","8":"product_cat-bijna-verboden","9":"product_cat-cathinonen","10":"product_tag-34-dmmc-kopen","11":"product_tag-nl","13":"first","14":"instock","15":"taxable","16":"shipping-taxable","17":"purchasable","18":"product-type-variable"},"_links":{"self":[{"href":"https:\/\/researchchemicalhub.com\/sk\/wp-json\/wp\/v2\/product\/23869","targetHints":{"allow":["GET"]}}],"collection":[{"href":"https:\/\/researchchemicalhub.com\/sk\/wp-json\/wp\/v2\/product"}],"about":[{"href":"https:\/\/researchchemicalhub.com\/sk\/wp-json\/wp\/v2\/types\/product"}],"replies":[{"embeddable":true,"href":"https:\/\/researchchemicalhub.com\/sk\/wp-json\/wp\/v2\/comments?post=23869"}],"version-history":[{"count":5,"href":"https:\/\/researchchemicalhub.com\/sk\/wp-json\/wp\/v2\/product\/23869\/revisions"}],"predecessor-version":[{"id":27928,"href":"https:\/\/researchchemicalhub.com\/sk\/wp-json\/wp\/v2\/product\/23869\/revisions\/27928"}],"wp:featuredmedia":[{"embeddable":true,"href":"https:\/\/researchchemicalhub.com\/sk\/wp-json\/wp\/v2\/media\/28394"}],"wp:attachment":[{"href":"https:\/\/researchchemicalhub.com\/sk\/wp-json\/wp\/v2\/media?parent=23869"}],"wp:term":[{"taxonomy":"product_brand","embeddable":true,"href":"https:\/\/researchchemicalhub.com\/sk\/wp-json\/wp\/v2\/product_brand?post=23869"},{"taxonomy":"product_cat","embeddable":true,"href":"https:\/\/researchchemicalhub.com\/sk\/wp-json\/wp\/v2\/product_cat?post=23869"},{"taxonomy":"product_tag","embeddable":true,"href":"https:\/\/researchchemicalhub.com\/sk\/wp-json\/wp\/v2\/product_tag?post=23869"}],"curies":[{"name":"pracovn\u00fd list","href":"https:\/\/api.w.org\/{rel}","templated":true}]}}