{"id":23834,"date":"2025-04-13T17:40:30","date_gmt":"2025-04-13T17:40:30","guid":{"rendered":"https:\/\/researchchemicalhub.com\/?post_type=product&#038;p=23834"},"modified":"2025-10-30T08:12:59","modified_gmt":"2025-10-30T08:12:59","slug":"kupit-jwh-210","status":"publish","type":"product","link":"https:\/\/researchchemicalhub.com\/sk\/obchod\/takmer-zakazane\/kupit-jwh-210\/","title":{"rendered":"JWH-210 (John William Huffman \u2013 210)"},"content":{"rendered":"<p data-start=\"5035\" data-end=\"5263\"><strong data-start=\"5035\" data-end=\"5073\">JWH-210 (John William Huffman-210)<\/strong> je <strong data-start=\"5081\" data-end=\"5118\">syntetick\u00fd kanabinoidn\u00fd agonista<\/strong> z <strong data-start=\"5126\" data-end=\"5151\">naftoylindolov\u00e1 rodina<\/strong>P\u00f4vodne bol vyvinut\u00fd po\u010das akademick\u00e9ho v\u00fdskumu fungovania kanabinoidn\u00fdch receptorov. K\u00fapi\u0165 JWH-210<\/p>\n<p data-start=\"5265\" data-end=\"5586\">Dnes JWH-210 sl\u00fa\u017ei ako <strong data-start=\"5296\" data-end=\"5326\">referen\u010dn\u00e1 a analytick\u00e1 l\u00e1tka<\/strong> v laborat\u00f3ri\u00e1ch, ktor\u00e9 vykon\u00e1vaj\u00fa v\u00fdskum <strong data-start=\"5366\" data-end=\"5396\">syntetick\u00e9 kanabinoidy<\/strong>, <strong data-start=\"5398\" data-end=\"5419\">anal\u00fdza metabolitov<\/strong> a <strong data-start=\"5423\" data-end=\"5455\">toxikologick\u00e1 identifik\u00e1cia<\/strong>Produkt je <strong data-start=\"5472\" data-end=\"5522\">ur\u010den\u00e9 len na laborat\u00f3rny v\u00fdskum<\/strong> a <strong data-start=\"5526\" data-end=\"5583\">nie je vhodn\u00e9 na \u013eudsk\u00fa ani zvieraciu spotrebu<\/strong>.<\/p>\n<hr data-start=\"5588\" data-end=\"5591\" \/>\n<h3 data-start=\"5593\" data-end=\"5624\"><strong data-start=\"5597\" data-end=\"5624\">K\u013e\u00fa\u010dov\u00e9 vlastnosti<\/strong><\/h3>\n<ul data-start=\"5626\" data-end=\"6080\">\n<li data-start=\"5626\" data-end=\"5709\">\n<p data-start=\"5628\" data-end=\"5709\"><strong data-start=\"5628\" data-end=\"5653\">Chemick\u00e1 identita:<\/strong> Syntetick\u00fd kanabinoid z triedy naftoylindolov.<\/p>\n<\/li>\n<li data-start=\"5710\" data-end=\"5790\">\n<p data-start=\"5712\" data-end=\"5790\"><strong data-start=\"5712\" data-end=\"5732\">Vysok\u00e1 \u010distota:<\/strong> Navrhnut\u00e9 pre presn\u00e9 met\u00f3dy detekcie a anal\u00fdzy.<\/p>\n<\/li>\n<li data-start=\"5791\" data-end=\"5884\">\n<p data-start=\"5793\" data-end=\"5884\"><strong data-start=\"5793\" data-end=\"5832\">Certifikovan\u00fd referen\u010dn\u00fd materi\u00e1l:<\/strong> Dod\u00e1va sa s certifik\u00e1tom o anal\u00fdze a \u00fadajmi o \u0161ar\u017ei.<\/p>\n<\/li>\n<li data-start=\"5885\" data-end=\"5981\">\n<p data-start=\"5887\" data-end=\"5981\"><strong data-start=\"5887\" data-end=\"5910\">Stabiln\u00e1 \u0161trukt\u00fara:<\/strong> Vhodn\u00e9 na dlhodob\u00e9 skladovanie za kontrolovan\u00fdch podmienok.<\/p>\n<\/li>\n<li data-start=\"5982\" data-end=\"6080\">\n<p data-start=\"5984\" data-end=\"6080\"><strong data-start=\"5984\" data-end=\"6018\">Kompatibiln\u00e9 s merac\u00edmi technikami:<\/strong> Pou\u017eite\u013en\u00e9 v <strong data-start=\"6033\" data-end=\"6042\">GC-MS<\/strong>, <strong data-start=\"6044\" data-end=\"6056\">LC-MS\/MS<\/strong> a <strong data-start=\"6060\" data-end=\"6068\">HPLC<\/strong> anal\u00fdzy.<\/p>\n<\/li>\n<\/ul>\n<hr data-start=\"6082\" data-end=\"6085\" \/>\n<h3 data-start=\"6087\" data-end=\"6104\"><strong data-start=\"6091\" data-end=\"6104\">V\u00fdhody<\/strong><\/h3>\n<ul data-start=\"6106\" data-end=\"6616\">\n<li data-start=\"6106\" data-end=\"6223\">\n<p data-start=\"6108\" data-end=\"6223\"><strong data-start=\"6108\" data-end=\"6145\">Podporuje analytick\u00fd v\u00fdskum:<\/strong> Pom\u00e1ha pri identifik\u00e1cii a kvantifik\u00e1cii syntetick\u00fdch kanabinoidov.<\/p>\n<\/li>\n<li data-start=\"6224\" data-end=\"6313\">\n<p data-start=\"6226\" data-end=\"6313\"><strong data-start=\"6226\" data-end=\"6254\">Zvy\u0161uje presnos\u0165:<\/strong> Zais\u0165uje spo\u013eahliv\u00fa kalibr\u00e1ciu analytick\u00fdch pr\u00edstrojov.<\/p>\n<\/li>\n<li data-start=\"6314\" data-end=\"6432\">\n<p data-start=\"6316\" data-end=\"6432\"><strong data-start=\"6316\" data-end=\"6357\">Nevyhnutn\u00e9 pre forenzn\u00e9 vy\u0161etrovanie:<\/strong> Prispieva k pochopeniu \u0161truktur\u00e1lnych vz\u0165ahov v r\u00e1mci kanabinoidov.<\/p>\n<\/li>\n<li data-start=\"6433\" data-end=\"6529\">\n<p data-start=\"6435\" data-end=\"6529\"><strong data-start=\"6435\" data-end=\"6466\">Pr\u00edsna kontrola kvality:<\/strong> Vyroben\u00e9 pod\u013ea medzin\u00e1rodn\u00fdch laborat\u00f3rnych smern\u00edc. K\u00fapi\u0165 JWH-210<\/p>\n<\/li>\n<li data-start=\"6530\" data-end=\"6616\">\n<p data-start=\"6532\" data-end=\"6616\"><strong data-start=\"6532\" data-end=\"6558\">Vzdel\u00e1vacia aplik\u00e1cia:<\/strong> Vhodn\u00e9 pre akademick\u00e9 a vedeck\u00e9 \u0161t\u00fadium.<\/p>\n<\/li>\n<\/ul>\n<hr data-start=\"6618\" data-end=\"6621\" \/>\n<h3 data-start=\"6623\" data-end=\"6684\"><strong data-start=\"6627\" data-end=\"6684\">N\u00e1vod na pou\u017eitie (len na v\u00fdskumn\u00e9 \u00fa\u010dely)<\/strong><\/h3>\n<ol data-start=\"6686\" data-end=\"7020\">\n<li data-start=\"6686\" data-end=\"6799\">\n<p data-start=\"6689\" data-end=\"6799\"><strong data-start=\"6689\" data-end=\"6703\">Manipul\u00e1cia:<\/strong> Len na pou\u017eitie v schv\u00e1len\u00fdch laborat\u00f3ri\u00e1ch vy\u0161kolen\u00fdm person\u00e1lom s pou\u017eit\u00edm vhodnej ochrany.<\/p>\n<\/li>\n<li data-start=\"6800\" data-end=\"6886\">\n<p data-start=\"6803\" data-end=\"6886\"><strong data-start=\"6803\" data-end=\"6821\">Pr\u00edprava:<\/strong> Zrie\u010fte alebo pripravte pod\u013ea validovan\u00fdch analytick\u00fdch protokolov.<\/p>\n<\/li>\n<li data-start=\"6887\" data-end=\"6945\">\n<p data-start=\"6890\" data-end=\"6945\"><strong data-start=\"6890\" data-end=\"6901\">Skladovanie:<\/strong> Skladujte vo vzduchotesnej n\u00e1dobe na chladnom, suchom a tmavom mieste.<\/p>\n<\/li>\n<li data-start=\"6946\" data-end=\"7020\">\n<p data-start=\"6949\" data-end=\"7020\"><strong data-start=\"6949\" data-end=\"6960\">Likvid\u00e1cia:<\/strong> Zvy\u0161ky zlikvidujte v s\u00falade s bezpe\u010dnostn\u00fdmi a environment\u00e1lnymi predpismi.<\/p>\n<\/li>\n<\/ol>\n<hr data-start=\"7022\" data-end=\"7025\" \/>\n<h3 data-start=\"7027\" data-end=\"7061\"><strong data-start=\"7031\" data-end=\"7061\">Bezpe\u010dnos\u0165 a s\u00falad<\/strong><\/h3>\n<ul data-start=\"7063\" data-end=\"7546\">\n<li data-start=\"7063\" data-end=\"7159\">\n<p data-start=\"7065\" data-end=\"7159\"><strong data-start=\"7065\" data-end=\"7103\">Len pre laborat\u00f3rny v\u00fdskum:<\/strong> Nie je ur\u010den\u00e9 na \u013eudsk\u00fa ani zvieraciu spotrebu.<\/p>\n<\/li>\n<li data-start=\"7160\" data-end=\"7298\">\n<p data-start=\"7162\" data-end=\"7298\"><strong data-start=\"7162\" data-end=\"7190\">Pr\u00e1vne aspekty:<\/strong> Dr\u017eanie a pou\u017e\u00edvanie JWH-210 m\u00f4\u017ee by\u0165 regulovan\u00e9 alebo zak\u00e1zan\u00e9. V\u017edy si overte miestne predpisy.<\/p>\n<\/li>\n<li data-start=\"7299\" data-end=\"7410\">\n<p data-start=\"7301\" data-end=\"7410\"><strong data-start=\"7301\" data-end=\"7329\">Zdravie a bezpe\u010dnos\u0165:<\/strong> Zabr\u00e1\u0148te kontaktu a vd\u00fdchnutiu. Pracujte v dobre vetranej vy\u0161etrovacej miestnosti.<\/p>\n<\/li>\n<li data-start=\"7411\" data-end=\"7546\">\n<p data-start=\"7413\" data-end=\"7546\"><strong data-start=\"7413\" data-end=\"7430\">Dokument\u00e1cia:<\/strong> A <strong data-start=\"7435\" data-end=\"7471\">karta bezpe\u010dnostn\u00fdch \u00fadajov (MSDS)<\/strong> a certifik\u00e1t z anal\u00fdzy s\u00fa k dispoz\u00edcii registrovan\u00fdm in\u0161tit\u00faci\u00e1m.<\/p>\n<\/li>\n<\/ul>\n<hr data-start=\"7548\" data-end=\"7551\" \/>\n<h3 data-start=\"7553\" data-end=\"7588\"><strong data-start=\"7557\" data-end=\"7588\">\u010casto kladen\u00e9 ot\u00e1zky (FAQ)<\/strong><\/h3>\n<p data-start=\"7590\" data-end=\"7750\"><strong data-start=\"7590\" data-end=\"7629\">1. Na \u010do sa pou\u017e\u00edva JWH-210?<\/strong><br data-start=\"7629\" data-end=\"7632\" \/>JWH-210 sa pou\u017e\u00edva ako <strong data-start=\"7659\" data-end=\"7677\">referen\u010dn\u00e1 l\u00e1tka<\/strong> v analytick\u00fdch a forenzn\u00fdch \u0161t\u00fadi\u00e1ch syntetick\u00fdch kanabinoidov.<\/p>\n<p data-start=\"7752\" data-end=\"7900\"><strong data-start=\"7752\" data-end=\"7777\">2. Je JWH-210 leg\u00e1lny?<\/strong><br data-start=\"7777\" data-end=\"7780\" \/>The <strong data-start=\"7783\" data-end=\"7823\">pr\u00e1vny status sa l\u00ed\u0161i v z\u00e1vislosti od krajiny<\/strong>V mnoh\u00fdch oblastiach spad\u00e1 pod z\u00e1kon o \u00f3piu alebo podobn\u00e9 predpisy.<\/p>\n<p data-start=\"7902\" data-end=\"8073\"><strong data-start=\"7902\" data-end=\"7944\">3. Ako by sa mal skladova\u0165 JWH-210?<\/strong><br data-start=\"7944\" data-end=\"7947\" \/>Ulo\u017ei\u0165 v <strong data-start=\"7961\" data-end=\"7995\">chladnom, suchom a tmavom mieste<\/strong>, riadne uzavret\u00e9 a pr\u00edstupn\u00e9 len opr\u00e1vnen\u00e9mu person\u00e1lu laborat\u00f3ria.<\/p>\n<p><a href=\"https:\/\/researchchemicalhub.com\/sk\/obchod\/pelety\/o-dsmt-50-mg-pelety\/\">O-DSMT 50 mg pelety <\/a><a href=\"https:\/\/researchchemicalhub.com\/sk\/obchod\/lysergamidy\/1-cp-lsd-150-mcg-peliet\/\">Umeleck\u00e9 pijavice 1cP-LSD 150 MCG <\/a><a href=\"https:\/\/researchchemicalhub.com\/sk\/obchod\/iboga-ibogain\/kora-korena-iboga\/\">1V-LSD 150 MCG pijavice <\/a><\/p>","protected":false},"excerpt":{"rendered":"<h2>JWH-210<b>\u00a0<\/b>vlastnosti<\/h2>\n<p><strong>Synonymum: <\/strong>John William Huffman 210<strong><br \/>\n\u010c\u00edslo CAS<\/strong>: 824959-81-1<br \/>\n<strong>Vzorec<\/strong>: <span title=\"Uhl\u00edk\">C<\/span><sub>26<\/sub><span title=\"Vod\u00edk\">H<\/span><sub>27<\/sub><span title=\"Dus\u00edk\">N<\/span><span title=\"Kysl\u00edk\">O<\/span><br \/>\n<strong>Mol\u00e1rna hmotnos\u0165<\/strong>: 369,508 g mol<br \/>\n<strong>\u010cistota<\/strong>: \u226598%<\/p>","protected":false},"featured_media":28549,"comment_status":"closed","ping_status":"closed","template":"","meta":[],"product_brand":[82],"product_cat":[322,370,398],"product_tag":[629,644,778,664,326],"class_list":{"0":"post-23834","1":"product","2":"type-product","3":"status-publish","4":"has-post-thumbnail","6":"product_brand-research-chemical","7":"product_cat-bijna-verboden","8":"product_cat-jwh-210","9":"product_cat-verkoop","10":"product_tag-4-fma-kopen","11":"product_tag-4-fma","12":"product_tag-jwh-210","13":"product_tag-maxtc","14":"product_tag-nl","16":"first","17":"instock","18":"sale","19":"taxable","20":"shipping-taxable","21":"purchasable","22":"product-type-variable"},"_links":{"self":[{"href":"https:\/\/researchchemicalhub.com\/sk\/wp-json\/wp\/v2\/product\/23834","targetHints":{"allow":["GET"]}}],"collection":[{"href":"https:\/\/researchchemicalhub.com\/sk\/wp-json\/wp\/v2\/product"}],"about":[{"href":"https:\/\/researchchemicalhub.com\/sk\/wp-json\/wp\/v2\/types\/product"}],"replies":[{"embeddable":true,"href":"https:\/\/researchchemicalhub.com\/sk\/wp-json\/wp\/v2\/comments?post=23834"}],"version-history":[{"count":7,"href":"https:\/\/researchchemicalhub.com\/sk\/wp-json\/wp\/v2\/product\/23834\/revisions"}],"predecessor-version":[{"id":27948,"href":"https:\/\/researchchemicalhub.com\/sk\/wp-json\/wp\/v2\/product\/23834\/revisions\/27948"}],"wp:featuredmedia":[{"embeddable":true,"href":"https:\/\/researchchemicalhub.com\/sk\/wp-json\/wp\/v2\/media\/28549"}],"wp:attachment":[{"href":"https:\/\/researchchemicalhub.com\/sk\/wp-json\/wp\/v2\/media?parent=23834"}],"wp:term":[{"taxonomy":"product_brand","embeddable":true,"href":"https:\/\/researchchemicalhub.com\/sk\/wp-json\/wp\/v2\/product_brand?post=23834"},{"taxonomy":"product_cat","embeddable":true,"href":"https:\/\/researchchemicalhub.com\/sk\/wp-json\/wp\/v2\/product_cat?post=23834"},{"taxonomy":"product_tag","embeddable":true,"href":"https:\/\/researchchemicalhub.com\/sk\/wp-json\/wp\/v2\/product_tag?post=23834"}],"curies":[{"name":"pracovn\u00fd list","href":"https:\/\/api.w.org\/{rel}","templated":true}]}}