{"id":23790,"date":"2025-04-13T17:40:26","date_gmt":"2025-04-13T17:40:26","guid":{"rendered":"https:\/\/researchchemicalhub.com\/?post_type=product&#038;p=23790"},"modified":"2025-10-30T08:21:45","modified_gmt":"2025-10-30T08:21:45","slug":"deschloroetizolam-5-mg-pellets","status":"publish","type":"product","link":"https:\/\/researchchemicalhub.com\/sk\/shop\/benzodiazepinen\/deschloroetizolam-5-mg-pellets\/","title":{"rendered":"DeschloroEtizolam 5 MG pelety"},"content":{"rendered":"<p data-start=\"5079\" data-end=\"5377\"><strong data-start=\"5079\" data-end=\"5100\"><span dir=\"auto\" style=\"vertical-align: inherit;\"><span dir=\"auto\" style=\"vertical-align: inherit;\">Deschloroetizolam<\/span><\/span><\/strong><span dir=\"auto\" style=\"vertical-align: inherit;\"><span dir=\"auto\" style=\"vertical-align: inherit;\"> je <\/span><\/span><strong data-start=\"5108\" data-end=\"5138\"><span dir=\"auto\" style=\"vertical-align: inherit;\"><span dir=\"auto\" style=\"vertical-align: inherit;\">thienodiazepine compound<\/span><\/span><\/strong><span dir=\"auto\" style=\"vertical-align: inherit;\"><span dir=\"auto\" style=\"vertical-align: inherit;\"> , related to etizolam, and is used as <\/span><\/span><strong data-start=\"5184\" data-end=\"5202\"><span dir=\"auto\" style=\"vertical-align: inherit;\"><span dir=\"auto\" style=\"vertical-align: inherit;\">a reference substance in analytical and forensic laboratories. This <\/span><\/span><\/strong><span dir=\"auto\" style=\"vertical-align: inherit;\"><span class=\"___SBox_epc1q-ko_ ___SText_zko9t-ko_\" data-ui-name=\"Link.Text\"><span dir=\"auto\" style=\"vertical-align: inherit;\">substance<\/span><\/span><span dir=\"auto\" style=\"vertical-align: inherit;\"> helps researchers study benzodiazepine analogs and their detection in chemical or biological samples.<\/span><\/span><\/p>\n<p data-start=\"5379\" data-end=\"5643\"><span dir=\"auto\" style=\"vertical-align: inherit;\"><span dir=\"auto\" style=\"vertical-align: inherit;\">Deschl\u00f3retizolam <\/span><\/span><strong data-start=\"5382\" data-end=\"5416\"><span dir=\"auto\" style=\"vertical-align: inherit;\"><span dir=\"auto\" style=\"vertical-align: inherit;\">5 mg Pellets<\/span><\/span><\/strong><span dir=\"auto\" style=\"vertical-align: inherit;\"><span dir=\"auto\" style=\"vertical-align: inherit;\"> are designed for <\/span><\/span><strong data-start=\"5437\" data-end=\"5461\"><span dir=\"auto\" style=\"vertical-align: inherit;\"><span dir=\"auto\" style=\"vertical-align: inherit;\">analytical research<\/span><\/span><\/strong><span dir=\"auto\" style=\"vertical-align: inherit;\"><span dir=\"auto\" style=\"vertical-align: inherit;\"> a <\/span><\/span><strong data-start=\"5465\" data-end=\"5495\"><span dir=\"auto\" style=\"vertical-align: inherit;\"><span dir=\"auto\" style=\"vertical-align: inherit;\">valid\u00e1cia met\u00f3dy<\/span><\/span><\/strong><span dir=\"auto\" style=\"vertical-align: inherit;\"><span dir=\"auto\" style=\"vertical-align: inherit;\"> . They are <\/span><\/span><strong data-start=\"5505\" data-end=\"5561\"><span dir=\"auto\" style=\"vertical-align: inherit;\"><span dir=\"auto\" style=\"vertical-align: inherit;\">nie je ur\u010den\u00e9 na \u013eudsk\u00fa ani zvieraciu spotrebu<\/span><\/span><\/strong><span dir=\"auto\" style=\"vertical-align: inherit;\"><span dir=\"auto\" style=\"vertical-align: inherit;\"> and should only be handled by qualified laboratory personnel.<\/span><\/span><\/p>\n<hr data-start=\"5645\" data-end=\"5648\" \/>\n<h3 data-start=\"5650\" data-end=\"5681\"><strong data-start=\"5654\" data-end=\"5681\"><span dir=\"auto\" style=\"vertical-align: inherit;\"><span dir=\"auto\" style=\"vertical-align: inherit;\">K\u013e\u00fa\u010dov\u00e9 vlastnosti<\/span><\/span><\/strong><\/h3>\n<ul data-start=\"5683\" data-end=\"6188\">\n<li data-start=\"5683\" data-end=\"5795\">\n<p data-start=\"5685\" data-end=\"5795\"><strong data-start=\"5685\" data-end=\"5705\"><span dir=\"auto\" style=\"vertical-align: inherit;\"><span dir=\"auto\" style=\"vertical-align: inherit;\">Vysok\u00e1 \u010distota:<\/span><\/span><\/strong><span dir=\"auto\" style=\"vertical-align: inherit;\"><span dir=\"auto\" style=\"vertical-align: inherit;\"> Produced under controlled conditions for reliable research results.<\/span><\/span><\/p>\n<\/li>\n<li data-start=\"5796\" data-end=\"5902\">\n<p data-start=\"5798\" data-end=\"5902\"><strong data-start=\"5798\" data-end=\"5830\"><span dir=\"auto\" style=\"vertical-align: inherit;\"><span dir=\"auto\" style=\"vertical-align: inherit;\">\u0160tandardizovan\u00e9 d\u00e1vkovanie:<\/span><\/span><\/strong><span dir=\"auto\" style=\"vertical-align: inherit;\"><span dir=\"auto\" style=\"vertical-align: inherit;\"> Each pellet contains 5 mg DeschloroEtizolam for accurate calibration.<\/span><\/span><\/p>\n<\/li>\n<li data-start=\"5903\" data-end=\"6014\">\n<p data-start=\"5905\" data-end=\"6014\"><strong data-start=\"5905\" data-end=\"5944\"><span dir=\"auto\" style=\"vertical-align: inherit;\"><span dir=\"auto\" style=\"vertical-align: inherit;\">Certifikovan\u00fd referen\u010dn\u00fd materi\u00e1l:<\/span><\/span><\/strong><span dir=\"auto\" style=\"vertical-align: inherit;\"><span dir=\"auto\" style=\"vertical-align: inherit;\"> Dod\u00e1van\u00e9 s <\/span><\/span><strong data-start=\"5958\" data-end=\"5986\"><span dir=\"auto\" style=\"vertical-align: inherit;\"><span dir=\"auto\" style=\"vertical-align: inherit;\">Certifik\u00e1t anal\u00fdzy (COA)<\/span><\/span><\/strong><span dir=\"auto\" style=\"vertical-align: inherit;\"><span dir=\"auto\" style=\"vertical-align: inherit;\"> and purity information.<\/span><\/span><\/p>\n<\/li>\n<li data-start=\"6015\" data-end=\"6100\">\n<p data-start=\"6017\" data-end=\"6100\"><strong data-start=\"6017\" data-end=\"6038\"><span dir=\"auto\" style=\"vertical-align: inherit;\"><span dir=\"auto\" style=\"vertical-align: inherit;\">Broad Applicability:<\/span><\/span><\/strong><span dir=\"auto\" style=\"vertical-align: inherit;\"><span dir=\"auto\" style=\"vertical-align: inherit;\"> Vhodn\u00e9 pre <\/span><\/span><strong data-start=\"6053\" data-end=\"6062\"><span dir=\"auto\" style=\"vertical-align: inherit;\"><span dir=\"auto\" style=\"vertical-align: inherit;\">GC-MS<\/span><\/span><\/strong><span dir=\"auto\" style=\"vertical-align: inherit;\"><span dir=\"auto\" style=\"vertical-align: inherit;\"> , <\/span><\/span><strong data-start=\"6064\" data-end=\"6072\"><span dir=\"auto\" style=\"vertical-align: inherit;\"><span dir=\"auto\" style=\"vertical-align: inherit;\">HPLC<\/span><\/span><\/strong><span dir=\"auto\" style=\"vertical-align: inherit;\"><span dir=\"auto\" style=\"vertical-align: inherit;\"> a <\/span><\/span><strong data-start=\"6076\" data-end=\"6088\"><span dir=\"auto\" style=\"vertical-align: inherit;\"><span dir=\"auto\" style=\"vertical-align: inherit;\">LC-MS\/MS<\/span><\/span><\/strong><span dir=\"auto\" style=\"vertical-align: inherit;\"><span dir=\"auto\" style=\"vertical-align: inherit;\"> anal\u00fdzy.<\/span><\/span><\/p>\n<\/li>\n<li data-start=\"6101\" data-end=\"6188\">\n<p data-start=\"6103\" data-end=\"6188\"><strong data-start=\"6103\" data-end=\"6127\"><span dir=\"auto\" style=\"vertical-align: inherit;\"><span dir=\"auto\" style=\"vertical-align: inherit;\">Stable Pellet Form:<\/span><\/span><\/strong><span dir=\"auto\" style=\"vertical-align: inherit;\"><span dir=\"auto\" style=\"vertical-align: inherit;\"> Maintains chemical integrity during storage and transportation.<\/span><\/span><\/p>\n<\/li>\n<\/ul>\n<hr data-start=\"6190\" data-end=\"6193\" \/>\n<h3 data-start=\"6195\" data-end=\"6212\"><strong data-start=\"6199\" data-end=\"6212\"><span dir=\"auto\" style=\"vertical-align: inherit;\"><span dir=\"auto\" style=\"vertical-align: inherit;\">V\u00fdhody<\/span><\/span><\/strong><\/h3>\n<ul data-start=\"6214\" data-end=\"6690\">\n<li data-start=\"6214\" data-end=\"6325\">\n<p data-start=\"6216\" data-end=\"6325\"><strong data-start=\"6216\" data-end=\"6253\"><span dir=\"auto\" style=\"vertical-align: inherit;\"><span dir=\"auto\" style=\"vertical-align: inherit;\">Supports Analytical Research:<\/span><\/span><\/strong><span dir=\"auto\" style=\"vertical-align: inherit;\"><span dir=\"auto\" style=\"vertical-align: inherit;\"> Helps develop detection methods for thienodiazepines.<\/span><\/span><\/p>\n<\/li>\n<li data-start=\"6326\" data-end=\"6418\">\n<p data-start=\"6328\" data-end=\"6418\"><strong data-start=\"6328\" data-end=\"6355\"><span dir=\"auto\" style=\"vertical-align: inherit;\"><span dir=\"auto\" style=\"vertical-align: inherit;\">Spo\u013eahliv\u00e1 kalibr\u00e1cia:<\/span><\/span><\/strong><span dir=\"auto\" style=\"vertical-align: inherit;\"><span dir=\"auto\" style=\"vertical-align: inherit;\"> Provides consistent reference points for laboratory analysis.<\/span><\/span><\/p>\n<\/li>\n<li data-start=\"6419\" data-end=\"6516\">\n<p data-start=\"6421\" data-end=\"6516\"><strong data-start=\"6421\" data-end=\"6448\"><span dir=\"auto\" style=\"vertical-align: inherit;\"><span dir=\"auto\" style=\"vertical-align: inherit;\">Forensic Relevance:<\/span><\/span><\/strong><span dir=\"auto\" style=\"vertical-align: inherit;\"><span dir=\"auto\" style=\"vertical-align: inherit;\"> Used in toxicological studies of benzodiazepine analogues.<\/span><\/span><\/p>\n<\/li>\n<li data-start=\"6517\" data-end=\"6612\">\n<p data-start=\"6519\" data-end=\"6612\"><strong data-start=\"6519\" data-end=\"6550\"><span dir=\"auto\" style=\"vertical-align: inherit;\"><span dir=\"auto\" style=\"vertical-align: inherit;\">Bezpe\u010dn\u00e9 pou\u017eitie v laborat\u00f3riu:<\/span><\/span><\/strong><span dir=\"auto\" style=\"vertical-align: inherit;\"><span dir=\"auto\" style=\"vertical-align: inherit;\"> Manufactured according to international safety guidelines.<\/span><\/span><\/p>\n<\/li>\n<li data-start=\"6613\" data-end=\"6690\">\n<p data-start=\"6615\" data-end=\"6690\"><strong data-start=\"6615\" data-end=\"6641\"><span dir=\"auto\" style=\"vertical-align: inherit;\"><span dir=\"auto\" style=\"vertical-align: inherit;\">Vzdel\u00e1vacia aplik\u00e1cia:<\/span><\/span><\/strong><span dir=\"auto\" style=\"vertical-align: inherit;\"><span dir=\"auto\" style=\"vertical-align: inherit;\"> Suitable for academic research projects.<\/span><\/span><\/p>\n<\/li>\n<\/ul>\n<hr data-start=\"6692\" data-end=\"6695\" \/>\n<h3 data-start=\"6697\" data-end=\"6758\"><strong data-start=\"6701\" data-end=\"6758\"><span dir=\"auto\" style=\"vertical-align: inherit;\"><span dir=\"auto\" style=\"vertical-align: inherit;\">N\u00e1vod na pou\u017eitie (len na v\u00fdskumn\u00e9 \u00fa\u010dely)<\/span><\/span><\/strong><\/h3>\n<ol data-start=\"6760\" data-end=\"7113\">\n<li data-start=\"6760\" data-end=\"6867\">\n<p data-start=\"6763\" data-end=\"6867\"><strong data-start=\"6763\" data-end=\"6781\"><span dir=\"auto\" style=\"vertical-align: inherit;\"><span dir=\"auto\" style=\"vertical-align: inherit;\">Pr\u00edprava:<\/span><\/span><\/strong><span dir=\"auto\" style=\"vertical-align: inherit;\"><span dir=\"auto\" style=\"vertical-align: inherit;\"> Use only in accredited laboratories and wear appropriate protective equipment.<\/span><\/span><\/p>\n<\/li>\n<li data-start=\"6868\" data-end=\"6963\">\n<p data-start=\"6871\" data-end=\"6963\"><strong data-start=\"6871\" data-end=\"6886\"><span dir=\"auto\" style=\"vertical-align: inherit;\"><span dir=\"auto\" style=\"vertical-align: inherit;\">Aplik\u00e1cia:<\/span><\/span><\/strong><span dir=\"auto\" style=\"vertical-align: inherit;\"><span dir=\"auto\" style=\"vertical-align: inherit;\"> Use according to validated analytical or chromatographic protocols.<\/span><\/span><\/p>\n<\/li>\n<li data-start=\"6964\" data-end=\"7027\">\n<p data-start=\"6967\" data-end=\"7027\"><strong data-start=\"6967\" data-end=\"6978\"><span dir=\"auto\" style=\"vertical-align: inherit;\"><span dir=\"auto\" style=\"vertical-align: inherit;\">Skladovanie:<\/span><\/span><\/strong><span dir=\"auto\" style=\"vertical-align: inherit;\"><span dir=\"auto\" style=\"vertical-align: inherit;\"> Skladujte na chladnom, suchom a tmavom mieste, d\u00f4kladne uzatvoren\u00e9.<\/span><\/span><\/p>\n<\/li>\n<li data-start=\"7028\" data-end=\"7113\">\n<p data-start=\"7031\" data-end=\"7113\"><strong data-start=\"7031\" data-end=\"7042\"><span dir=\"auto\" style=\"vertical-align: inherit;\"><span dir=\"auto\" style=\"vertical-align: inherit;\">Likvid\u00e1cia:<\/span><\/span><\/strong><span dir=\"auto\" style=\"vertical-align: inherit;\"><span dir=\"auto\" style=\"vertical-align: inherit;\"> Dispose of residues in accordance with local guidelines for chemical waste.<\/span><\/span><\/p>\n<\/li>\n<\/ol>\n<hr data-start=\"7115\" data-end=\"7118\" \/>\n<h3 data-start=\"7120\" data-end=\"7154\"><strong data-start=\"7124\" data-end=\"7154\"><span dir=\"auto\" style=\"vertical-align: inherit;\"><span dir=\"auto\" style=\"vertical-align: inherit;\">Bezpe\u010dnos\u0165 a s\u00falad<\/span><\/span><\/strong><\/h3>\n<ul data-start=\"7156\" data-end=\"7614\">\n<li data-start=\"7156\" data-end=\"7253\">\n<p data-start=\"7158\" data-end=\"7253\"><strong data-start=\"7158\" data-end=\"7196\"><span dir=\"auto\" style=\"vertical-align: inherit;\"><span dir=\"auto\" style=\"vertical-align: inherit;\">For Laboratory Research Only:<\/span><\/span><\/strong><span dir=\"auto\" style=\"vertical-align: inherit;\"><span dir=\"auto\" style=\"vertical-align: inherit;\"> Nie je vhodn\u00e9 na \u013eudsk\u00fa ani zvieraciu konzum\u00e1ciu.<\/span><\/span><\/p>\n<\/li>\n<li data-start=\"7254\" data-end=\"7383\">\n<p data-start=\"7256\" data-end=\"7383\"><strong data-start=\"7256\" data-end=\"7284\"><span dir=\"auto\" style=\"vertical-align: inherit;\"><span dir=\"auto\" style=\"vertical-align: inherit;\">Pr\u00e1vne aspekty:<\/span><\/span><\/strong><span dir=\"auto\" style=\"vertical-align: inherit;\"><span dir=\"auto\" style=\"vertical-align: inherit;\"> The status of DeschloroEtizolam may vary by country. Always check your local regulations.<\/span><\/span><\/p>\n<\/li>\n<li data-start=\"7384\" data-end=\"7489\">\n<p data-start=\"7386\" data-end=\"7489\"><strong data-start=\"7386\" data-end=\"7414\"><span dir=\"auto\" style=\"vertical-align: inherit;\"><span dir=\"auto\" style=\"vertical-align: inherit;\">Zdravie a bezpe\u010dnos\u0165:<\/span><\/span><\/strong><span dir=\"auto\" style=\"vertical-align: inherit;\"><span dir=\"auto\" style=\"vertical-align: inherit;\"> Avoid contact with skin and eyes. Use in well-ventilated areas.<\/span><\/span><\/p>\n<\/li>\n<li data-start=\"7490\" data-end=\"7614\">\n<p data-start=\"7492\" data-end=\"7614\"><strong data-start=\"7492\" data-end=\"7509\"><span dir=\"auto\" style=\"vertical-align: inherit;\"><span dir=\"auto\" style=\"vertical-align: inherit;\">Dokument\u00e1cia:<\/span><\/span><\/strong><span dir=\"auto\" style=\"vertical-align: inherit;\"><span dir=\"auto\" style=\"vertical-align: inherit;\"> A <\/span><\/span><strong data-start=\"7514\" data-end=\"7550\"><span dir=\"auto\" style=\"vertical-align: inherit;\"><span dir=\"auto\" style=\"vertical-align: inherit;\">Karta bezpe\u010dnostn\u00fdch \u00fadajov (MSDS)<\/span><\/span><\/strong><span dir=\"auto\" style=\"vertical-align: inherit;\"><span dir=\"auto\" style=\"vertical-align: inherit;\"> a <\/span><\/span><strong data-start=\"7554\" data-end=\"7582\"><span dir=\"auto\" style=\"vertical-align: inherit;\"><span dir=\"auto\" style=\"vertical-align: inherit;\">Certifik\u00e1t anal\u00fdzy (COA)<\/span><\/span><\/strong><span dir=\"auto\" style=\"vertical-align: inherit;\"><span dir=\"auto\" style=\"vertical-align: inherit;\"> s\u00fa k dispoz\u00edcii na po\u017eiadanie.<\/span><\/span><\/p>\n<\/li>\n<\/ul>\n<hr data-start=\"7616\" data-end=\"7619\" \/>\n<h3 data-start=\"7621\" data-end=\"7656\"><strong data-start=\"7625\" data-end=\"7656\"><span dir=\"auto\" style=\"vertical-align: inherit;\"><span dir=\"auto\" style=\"vertical-align: inherit;\">\u010casto kladen\u00e9 ot\u00e1zky (FAQ)<\/span><\/span><\/strong><\/h3>\n<p data-start=\"7658\" data-end=\"7843\"><strong data-start=\"7658\" data-end=\"7721\"><span dir=\"auto\" style=\"vertical-align: inherit;\"><span dir=\"auto\" style=\"vertical-align: inherit;\">1. What are DeschloroEtizolam 5 mg Pellets used for?<\/span><\/span><\/strong><br data-start=\"7721\" data-end=\"7724\" \/><span dir=\"auto\" style=\"vertical-align: inherit;\"><span dir=\"auto\" style=\"vertical-align: inherit;\"> Pou\u017e\u00edvaj\u00fa sa ako <\/span><\/span><strong data-start=\"7747\" data-end=\"7770\"><span dir=\"auto\" style=\"vertical-align: inherit;\"><span dir=\"auto\" style=\"vertical-align: inherit;\">a reference standard<\/span><\/span><\/strong><span dir=\"auto\" style=\"vertical-align: inherit;\"><span dir=\"auto\" style=\"vertical-align: inherit;\"> in forensic and toxicological studies of benzodiazepine analogs.<\/span><\/span><\/p>\n<p data-start=\"7845\" data-end=\"8029\"><strong data-start=\"7845\" data-end=\"7905\"><span dir=\"auto\" style=\"vertical-align: inherit;\"><span dir=\"auto\" style=\"vertical-align: inherit;\">2. Are these pellets intended for human consumption?<\/span><\/span><\/strong><br data-start=\"7905\" data-end=\"7908\" \/><span dir=\"auto\" style=\"vertical-align: inherit;\"><span dir=\"auto\" style=\"vertical-align: inherit;\"> Nie. Tieto pelety s\u00fa <\/span><\/span><strong data-start=\"7931\" data-end=\"7981\"><span dir=\"auto\" style=\"vertical-align: inherit;\"><span dir=\"auto\" style=\"vertical-align: inherit;\">ur\u010den\u00e9 len na laborat\u00f3rny v\u00fdskum<\/span><\/span><\/strong><span dir=\"auto\" style=\"vertical-align: inherit;\"><span dir=\"auto\" style=\"vertical-align: inherit;\"> a <\/span><\/span><strong data-start=\"7985\" data-end=\"8026\"><span dir=\"auto\" style=\"vertical-align: inherit;\"><span dir=\"auto\" style=\"vertical-align: inherit;\">are not approved for medical use<\/span><\/span><\/strong><span dir=\"auto\" style=\"vertical-align: inherit;\"><span dir=\"auto\" style=\"vertical-align: inherit;\"> .<\/span><\/span><\/p>\n<p data-start=\"8031\" data-end=\"8177\"><strong data-start=\"8031\" data-end=\"8093\"><span dir=\"auto\" style=\"vertical-align: inherit;\"><span dir=\"auto\" style=\"vertical-align: inherit;\">3. How should DeschloroEtizolam Pellets be stored?<\/span><\/span><\/strong><br data-start=\"8093\" data-end=\"8096\" \/><span dir=\"auto\" style=\"vertical-align: inherit;\"><span dir=\"auto\" style=\"vertical-align: inherit;\"> Skladujte na chladnom, suchom a tmavom mieste, tesne uzavret\u00e9 a mimo dosahu neopr\u00e1vnen\u00fdch os\u00f4b.<\/span><\/span><\/p>","protected":false},"excerpt":{"rendered":"<h2><span dir=\"auto\" style=\"vertical-align: inherit;\"><span dir=\"auto\" style=\"vertical-align: inherit;\"><span dir=\"auto\" style=\"vertical-align: inherit;\"><span dir=\"auto\" style=\"vertical-align: inherit;\">DeschloroEtizolam pellets properties<\/span><\/span><\/span><\/span><\/h2>\n<p><strong><span dir=\"auto\" style=\"vertical-align: inherit;\"><span dir=\"auto\" style=\"vertical-align: inherit;\"><span dir=\"auto\" style=\"vertical-align: inherit;\"><span dir=\"auto\" style=\"vertical-align: inherit;\">Synonym<\/span><\/span><\/span><\/span><\/strong><span dir=\"auto\" style=\"vertical-align: inherit;\"><span dir=\"auto\" style=\"vertical-align: inherit;\"><span dir=\"auto\" style=\"vertical-align: inherit;\"><span dir=\"auto\" style=\"vertical-align: inherit;\"> : <\/span><\/span><\/span><\/span><i><span dir=\"auto\" style=\"vertical-align: inherit;\"><span dir=\"auto\" style=\"vertical-align: inherit;\"><span dir=\"auto\" style=\"vertical-align: inherit;\"><span dir=\"auto\" style=\"vertical-align: inherit;\">2-ethyl-9-methyl-4-phenyl-6H-thieno[3,2-f][1,2,4]triazolo[4,3-a][1,4]diazepine <\/span><\/span><\/span><\/span><\/i><br \/>\n<strong><span dir=\"auto\" style=\"vertical-align: inherit;\"><span dir=\"auto\" style=\"vertical-align: inherit;\"><span dir=\"auto\" style=\"vertical-align: inherit;\"><span dir=\"auto\" style=\"vertical-align: inherit;\">CAS Number<\/span><\/span><\/span><\/span><\/strong><span dir=\"auto\" style=\"vertical-align: inherit;\"><span dir=\"auto\" style=\"vertical-align: inherit;\"><span dir=\"auto\" style=\"vertical-align: inherit;\"><span dir=\"auto\" style=\"vertical-align: inherit;\"> : 40054-73-7 <\/span><\/span><\/span><\/span><br \/>\n<strong><span dir=\"auto\" style=\"vertical-align: inherit;\"><span dir=\"auto\" style=\"vertical-align: inherit;\"><span dir=\"auto\" style=\"vertical-align: inherit;\"><span dir=\"auto\" style=\"vertical-align: inherit;\">Formula<\/span><\/span><\/span><\/span><\/strong><span dir=\"auto\" style=\"vertical-align: inherit;\"><span dir=\"auto\" style=\"vertical-align: inherit;\"><span dir=\"auto\" style=\"vertical-align: inherit;\"><span dir=\"auto\" style=\"vertical-align: inherit;\"> : C17H16N4S <\/span><\/span><\/span><\/span><br \/>\n<strong><span dir=\"auto\" style=\"vertical-align: inherit;\"><span dir=\"auto\" style=\"vertical-align: inherit;\"><span dir=\"auto\" style=\"vertical-align: inherit;\"><span dir=\"auto\" style=\"vertical-align: inherit;\">Molar Mass<\/span><\/span><\/span><\/span><\/strong><span dir=\"auto\" style=\"vertical-align: inherit;\"><span dir=\"auto\" style=\"vertical-align: inherit;\"><span dir=\"auto\" style=\"vertical-align: inherit;\"><span dir=\"auto\" style=\"vertical-align: inherit;\"> : 308.4 <\/span><\/span><\/span><\/span><br \/>\n<strong><span dir=\"auto\" style=\"vertical-align: inherit;\"><span dir=\"auto\" style=\"vertical-align: inherit;\"><span dir=\"auto\" style=\"vertical-align: inherit;\"><span dir=\"auto\" style=\"vertical-align: inherit;\">Purity<\/span><\/span><\/span><\/span><\/strong><span dir=\"auto\" style=\"vertical-align: inherit;\"><span dir=\"auto\" style=\"vertical-align: inherit;\"><span dir=\"auto\" style=\"vertical-align: inherit;\"><span dir=\"auto\" style=\"vertical-align: inherit;\"> : \u2265 99%<\/span><\/span><\/span><\/span><\/p>\n","protected":false},"featured_media":28505,"comment_status":"closed","ping_status":"closed","template":"","meta":[],"product_brand":[],"product_cat":[76,354,391,324],"product_tag":[166,1112,326],"class_list":{"0":"post-23790","1":"product","2":"type-product","3":"status-publish","4":"has-post-thumbnail","6":"product_cat-benzodiazepinen","7":"product_cat-deschloroetizolam","8":"product_cat-deschloroetizolam-pellets","9":"product_cat-pellets-for-pellet","10":"product_tag-deschloroetizolam","11":"product_tag-deschloroetizolam-kopen","12":"product_tag-nl","14":"first","15":"instock","16":"taxable","17":"shipping-taxable","18":"purchasable","19":"product-type-variable"},"_links":{"self":[{"href":"https:\/\/researchchemicalhub.com\/sk\/wp-json\/wp\/v2\/product\/23790","targetHints":{"allow":["GET"]}}],"collection":[{"href":"https:\/\/researchchemicalhub.com\/sk\/wp-json\/wp\/v2\/product"}],"about":[{"href":"https:\/\/researchchemicalhub.com\/sk\/wp-json\/wp\/v2\/types\/product"}],"replies":[{"embeddable":true,"href":"https:\/\/researchchemicalhub.com\/sk\/wp-json\/wp\/v2\/comments?post=23790"}],"version-history":[{"count":6,"href":"https:\/\/researchchemicalhub.com\/sk\/wp-json\/wp\/v2\/product\/23790\/revisions"}],"predecessor-version":[{"id":28704,"href":"https:\/\/researchchemicalhub.com\/sk\/wp-json\/wp\/v2\/product\/23790\/revisions\/28704"}],"wp:featuredmedia":[{"embeddable":true,"href":"https:\/\/researchchemicalhub.com\/sk\/wp-json\/wp\/v2\/media\/28505"}],"wp:attachment":[{"href":"https:\/\/researchchemicalhub.com\/sk\/wp-json\/wp\/v2\/media?parent=23790"}],"wp:term":[{"taxonomy":"product_brand","embeddable":true,"href":"https:\/\/researchchemicalhub.com\/sk\/wp-json\/wp\/v2\/product_brand?post=23790"},{"taxonomy":"product_cat","embeddable":true,"href":"https:\/\/researchchemicalhub.com\/sk\/wp-json\/wp\/v2\/product_cat?post=23790"},{"taxonomy":"product_tag","embeddable":true,"href":"https:\/\/researchchemicalhub.com\/sk\/wp-json\/wp\/v2\/product_tag?post=23790"}],"curies":[{"name":"pracovn\u00fd list","href":"https:\/\/api.w.org\/{rel}","templated":true}]}}