{"id":23732,"date":"2025-04-13T17:40:19","date_gmt":"2025-04-13T17:40:19","guid":{"rendered":"https:\/\/researchchemicalhub.com\/?post_type=product&#038;p=23732"},"modified":"2025-10-30T08:31:47","modified_gmt":"2025-10-30T08:31:47","slug":"zmes-modrej-mandaly","status":"publish","type":"product","link":"https:\/\/researchchemicalhub.com\/sk\/obchod\/2-fa\/zmes-modrej-mandaly\/","title":{"rendered":"Blue Mandala Mix"},"content":{"rendered":"<p data-start=\"4843\" data-end=\"5084\"><strong data-start=\"4843\" data-end=\"4863\"><span dir=\"auto\" style=\"vertical-align: inherit;\"><span dir=\"auto\" style=\"vertical-align: inherit;\">Blue Mandala Mix<\/span><\/span><\/strong><span dir=\"auto\" style=\"vertical-align: inherit;\"><span dir=\"auto\" style=\"vertical-align: inherit;\"> je <\/span><\/span><strong data-start=\"4871\" data-end=\"4898\"><span dir=\"auto\" style=\"vertical-align: inherit;\"><span dir=\"auto\" style=\"vertical-align: inherit;\">analytick\u00fd vzorec zmesi<\/span><\/span><\/strong><span dir=\"auto\" style=\"vertical-align: inherit;\"><span dir=\"auto\" style=\"vertical-align: inherit;\"> pou\u017e\u00edvan\u00e9 v <\/span><\/span><strong data-start=\"4923\" data-end=\"4959\"><span dir=\"auto\" style=\"vertical-align: inherit;\"><span dir=\"auto\" style=\"vertical-align: inherit;\">forensic and chemical testing<\/span><\/span><\/strong><span dir=\"auto\" style=\"vertical-align: inherit;\"><span dir=\"auto\" style=\"vertical-align: inherit;\"> . <\/span><\/span><br data-start=\"4960\" data-end=\"4963\" \/><span dir=\"auto\" style=\"vertical-align: inherit;\"><span dir=\"auto\" style=\"vertical-align: inherit;\">It serves as <\/span><\/span><strong data-start=\"4977\" data-end=\"5000\"><span dir=\"auto\" style=\"vertical-align: inherit;\"><span dir=\"auto\" style=\"vertical-align: inherit;\">referen\u010dn\u00fd materi\u00e1l<\/span><\/span><\/strong><span dir=\"auto\" style=\"vertical-align: inherit;\"><span dir=\"auto\" style=\"vertical-align: inherit;\"> for calibration, compound identification, and spectrometric comparison.<\/span><\/span><\/p>\n<p data-start=\"5086\" data-end=\"5341\"><span dir=\"auto\" style=\"vertical-align: inherit;\"><span dir=\"auto\" style=\"vertical-align: inherit;\">The mixture helps researchers study the <\/span><\/span><strong data-start=\"5143\" data-end=\"5196\"><span dir=\"auto\" style=\"vertical-align: inherit;\"><span dir=\"auto\" style=\"vertical-align: inherit;\">chemical composition and detection properties<\/span><\/span><\/strong><span dir=\"auto\" style=\"vertical-align: inherit;\"><span dir=\"auto\" style=\"vertical-align: inherit;\"> of complex samples. <\/span><\/span><br data-start=\"5219\" data-end=\"5222\" \/><span dir=\"auto\" style=\"vertical-align: inherit;\"><span dir=\"auto\" style=\"vertical-align: inherit;\">Je to <\/span><\/span><strong data-start=\"5229\" data-end=\"5279\"><span dir=\"auto\" style=\"vertical-align: inherit;\"><span dir=\"auto\" style=\"vertical-align: inherit;\">ur\u010den\u00e9 len na laborat\u00f3rny v\u00fdskum<\/span><\/span><\/strong><span dir=\"auto\" style=\"vertical-align: inherit;\"><span dir=\"auto\" style=\"vertical-align: inherit;\"> a <\/span><\/span><strong data-start=\"5283\" data-end=\"5340\"><span dir=\"auto\" style=\"vertical-align: inherit;\"><span dir=\"auto\" style=\"vertical-align: inherit;\">nie je vhodn\u00fd na \u013eudsk\u00fa ani zvieraciu konzum\u00e1ciu<\/span><\/span><\/strong><span dir=\"auto\" style=\"vertical-align: inherit;\"><span dir=\"auto\" style=\"vertical-align: inherit;\"> .<\/span><\/span><\/p>\n<hr data-start=\"5343\" data-end=\"5346\" \/>\n<h3 data-start=\"5348\" data-end=\"5379\"><strong data-start=\"5352\" data-end=\"5379\"><span dir=\"auto\" style=\"vertical-align: inherit;\"><span dir=\"auto\" style=\"vertical-align: inherit;\">K\u013e\u00fa\u010dov\u00e9 vlastnosti<\/span><\/span><\/strong><\/h3>\n<ul data-start=\"5381\" data-end=\"5813\">\n<li data-start=\"5381\" data-end=\"5467\">\n<p data-start=\"5383\" data-end=\"5467\"><strong data-start=\"5383\" data-end=\"5403\"><span dir=\"auto\" style=\"vertical-align: inherit;\"><span dir=\"auto\" style=\"vertical-align: inherit;\">Vysok\u00e1 \u010distota:<\/span><\/span><\/strong><span dir=\"auto\" style=\"vertical-align: inherit;\"><span dir=\"auto\" style=\"vertical-align: inherit;\"> Vyroben\u00e9 za kontrolovan\u00fdch laborat\u00f3rnych podmienok.<\/span><\/span><\/p>\n<\/li>\n<li data-start=\"5468\" data-end=\"5555\">\n<p data-start=\"5470\" data-end=\"5555\"><strong data-start=\"5470\" data-end=\"5500\"><span dir=\"auto\" style=\"vertical-align: inherit;\"><span dir=\"auto\" style=\"vertical-align: inherit;\">Viacn\u00e1sobn\u00e9 zlo\u017eenie:<\/span><\/span><\/strong><span dir=\"auto\" style=\"vertical-align: inherit;\"><span dir=\"auto\" style=\"vertical-align: inherit;\"> Designed for calibration and comparative analysis.<\/span><\/span><\/p>\n<\/li>\n<li data-start=\"5556\" data-end=\"5645\">\n<p data-start=\"5558\" data-end=\"5645\"><strong data-start=\"5558\" data-end=\"5591\"><span dir=\"auto\" style=\"vertical-align: inherit;\"><span dir=\"auto\" style=\"vertical-align: inherit;\">Overen\u00e1 dokument\u00e1cia:<\/span><\/span><\/strong><span dir=\"auto\" style=\"vertical-align: inherit;\"><span dir=\"auto\" style=\"vertical-align: inherit;\"> Supplied with certificate of analysis and batch information.<\/span><\/span><\/p>\n<\/li>\n<li data-start=\"5646\" data-end=\"5737\">\n<p data-start=\"5648\" data-end=\"5737\"><strong data-start=\"5648\" data-end=\"5678\"><span dir=\"auto\" style=\"vertical-align: inherit;\"><span dir=\"auto\" style=\"vertical-align: inherit;\">Compatible with Equipment:<\/span><\/span><\/strong><span dir=\"auto\" style=\"vertical-align: inherit;\"><span dir=\"auto\" style=\"vertical-align: inherit;\"> Vhodn\u00e9 pre <\/span><\/span><strong data-start=\"5693\" data-end=\"5702\"><span dir=\"auto\" style=\"vertical-align: inherit;\"><span dir=\"auto\" style=\"vertical-align: inherit;\">GC-MS<\/span><\/span><\/strong><span dir=\"auto\" style=\"vertical-align: inherit;\"><span dir=\"auto\" style=\"vertical-align: inherit;\"> , <\/span><\/span><strong data-start=\"5704\" data-end=\"5712\"><span dir=\"auto\" style=\"vertical-align: inherit;\"><span dir=\"auto\" style=\"vertical-align: inherit;\">HPLC<\/span><\/span><\/strong><span dir=\"auto\" style=\"vertical-align: inherit;\"><span dir=\"auto\" style=\"vertical-align: inherit;\"> a <\/span><\/span><strong data-start=\"5717\" data-end=\"5725\"><span dir=\"auto\" style=\"vertical-align: inherit;\"><span dir=\"auto\" style=\"vertical-align: inherit;\">FTIR<\/span><\/span><\/strong><span dir=\"auto\" style=\"vertical-align: inherit;\"><span dir=\"auto\" style=\"vertical-align: inherit;\"> anal\u00fdzy.<\/span><\/span><\/p>\n<\/li>\n<li data-start=\"5738\" data-end=\"5813\">\n<p data-start=\"5740\" data-end=\"5813\"><strong data-start=\"5740\" data-end=\"5761\"><span dir=\"auto\" style=\"vertical-align: inherit;\"><span dir=\"auto\" style=\"vertical-align: inherit;\">Stabiln\u00fd vzorec:<\/span><\/span><\/strong><span dir=\"auto\" style=\"vertical-align: inherit;\"><span dir=\"auto\" style=\"vertical-align: inherit;\"> Zachov\u00e1va si stabilitu za vhodn\u00fdch skladovac\u00edch podmienok.<\/span><\/span><\/p>\n<\/li>\n<\/ul>\n<hr data-start=\"5815\" data-end=\"5818\" \/>\n<h3 data-start=\"5820\" data-end=\"5837\"><strong data-start=\"5824\" data-end=\"5837\"><span dir=\"auto\" style=\"vertical-align: inherit;\"><span dir=\"auto\" style=\"vertical-align: inherit;\">V\u00fdhody<\/span><\/span><\/strong><\/h3>\n<ul data-start=\"5839\" data-end=\"6253\">\n<li data-start=\"5839\" data-end=\"5922\">\n<p data-start=\"5841\" data-end=\"5922\"><strong data-start=\"5841\" data-end=\"5878\"><span dir=\"auto\" style=\"vertical-align: inherit;\"><span dir=\"auto\" style=\"vertical-align: inherit;\">Podporuje forenzn\u00e9 vy\u0161etrovanie:<\/span><\/span><\/strong><span dir=\"auto\" style=\"vertical-align: inherit;\"><span dir=\"auto\" style=\"vertical-align: inherit;\"> Helps detect complex mixtures.<\/span><\/span><\/p>\n<\/li>\n<li data-start=\"5923\" data-end=\"6004\">\n<p data-start=\"5925\" data-end=\"6004\"><strong data-start=\"5925\" data-end=\"5952\"><span dir=\"auto\" style=\"vertical-align: inherit;\"><span dir=\"auto\" style=\"vertical-align: inherit;\">Spo\u013eahliv\u00e1 kalibr\u00e1cia:<\/span><\/span><\/strong><span dir=\"auto\" style=\"vertical-align: inherit;\"><span dir=\"auto\" style=\"vertical-align: inherit;\"> Delivers consistent and reproducible results.<\/span><\/span><\/p>\n<\/li>\n<li data-start=\"6005\" data-end=\"6083\">\n<p data-start=\"6007\" data-end=\"6083\"><strong data-start=\"6007\" data-end=\"6033\"><span dir=\"auto\" style=\"vertical-align: inherit;\"><span dir=\"auto\" style=\"vertical-align: inherit;\">Vzdel\u00e1vacia aplik\u00e1cia:<\/span><\/span><\/strong><span dir=\"auto\" style=\"vertical-align: inherit;\"><span dir=\"auto\" style=\"vertical-align: inherit;\"> Suitable for teaching and research projects.<\/span><\/span><\/p>\n<\/li>\n<li data-start=\"6084\" data-end=\"6155\">\n<p data-start=\"6086\" data-end=\"6155\"><strong data-start=\"6086\" data-end=\"6114\"><span dir=\"auto\" style=\"vertical-align: inherit;\"><span dir=\"auto\" style=\"vertical-align: inherit;\">Increases Accuracy:<\/span><\/span><\/strong><span dir=\"auto\" style=\"vertical-align: inherit;\"><span dir=\"auto\" style=\"vertical-align: inherit;\"> Supports methodological validation.<\/span><\/span><\/p>\n<\/li>\n<li data-start=\"6156\" data-end=\"6253\">\n<p data-start=\"6158\" data-end=\"6253\"><strong data-start=\"6158\" data-end=\"6192\"><span dir=\"auto\" style=\"vertical-align: inherit;\"><span dir=\"auto\" style=\"vertical-align: inherit;\">Sp\u013a\u0148a bezpe\u010dnostn\u00e9 normy:<\/span><\/span><\/strong><span dir=\"auto\" style=\"vertical-align: inherit;\"><span dir=\"auto\" style=\"vertical-align: inherit;\"> Manufactured according to international quality guidelines.<\/span><\/span><\/p>\n<\/li>\n<\/ul>\n<hr data-start=\"6255\" data-end=\"6258\" \/>\n<h3 data-start=\"6260\" data-end=\"6321\"><strong data-start=\"6264\" data-end=\"6321\"><span dir=\"auto\" style=\"vertical-align: inherit;\"><span dir=\"auto\" style=\"vertical-align: inherit;\">N\u00e1vod na pou\u017eitie (len na v\u00fdskumn\u00e9 \u00fa\u010dely)<\/span><\/span><\/strong><\/h3>\n<ol data-start=\"6323\" data-end=\"6671\">\n<li data-start=\"6323\" data-end=\"6420\">\n<p data-start=\"6326\" data-end=\"6420\"><strong data-start=\"6326\" data-end=\"6344\"><span dir=\"auto\" style=\"vertical-align: inherit;\"><span dir=\"auto\" style=\"vertical-align: inherit;\">Pr\u00edprava:<\/span><\/span><\/strong><span dir=\"auto\" style=\"vertical-align: inherit;\"><span dir=\"auto\" style=\"vertical-align: inherit;\"> Pou\u017e\u00edvajte iba v akreditovan\u00fdch laborat\u00f3ri\u00e1ch s vhodn\u00fdm ochrann\u00fdm vybaven\u00edm.<\/span><\/span><\/p>\n<\/li>\n<li data-start=\"6421\" data-end=\"6518\">\n<p data-start=\"6424\" data-end=\"6518\"><strong data-start=\"6424\" data-end=\"6439\"><span dir=\"auto\" style=\"vertical-align: inherit;\"><span dir=\"auto\" style=\"vertical-align: inherit;\">Aplik\u00e1cia:<\/span><\/span><\/strong><span dir=\"auto\" style=\"vertical-align: inherit;\"><span dir=\"auto\" style=\"vertical-align: inherit;\"> Use as <\/span><\/span><strong data-start=\"6452\" data-end=\"6475\"><span dir=\"auto\" style=\"vertical-align: inherit;\"><span dir=\"auto\" style=\"vertical-align: inherit;\">referen\u010dn\u00fd materi\u00e1l<\/span><\/span><\/strong><span dir=\"auto\" style=\"vertical-align: inherit;\"><span dir=\"auto\" style=\"vertical-align: inherit;\"> in analytical and forensic analyses.<\/span><\/span><\/p>\n<\/li>\n<li data-start=\"6519\" data-end=\"6582\">\n<p data-start=\"6522\" data-end=\"6582\"><strong data-start=\"6522\" data-end=\"6533\"><span dir=\"auto\" style=\"vertical-align: inherit;\"><span dir=\"auto\" style=\"vertical-align: inherit;\">Skladovanie:<\/span><\/span><\/strong><span dir=\"auto\" style=\"vertical-align: inherit;\"><span dir=\"auto\" style=\"vertical-align: inherit;\"> Skladujte na chladnom, suchom a tmavom mieste, d\u00f4kladne uzatvoren\u00e9.<\/span><\/span><\/p>\n<\/li>\n<li data-start=\"6583\" data-end=\"6671\">\n<p data-start=\"6586\" data-end=\"6671\"><strong data-start=\"6586\" data-end=\"6597\"><span dir=\"auto\" style=\"vertical-align: inherit;\"><span dir=\"auto\" style=\"vertical-align: inherit;\">Likvid\u00e1cia:<\/span><\/span><\/strong><span dir=\"auto\" style=\"vertical-align: inherit;\"><span dir=\"auto\" style=\"vertical-align: inherit;\"> Dispose of residues in accordance with local guidelines for chemical waste management.<\/span><\/span><\/p>\n<\/li>\n<\/ol>\n<hr data-start=\"6673\" data-end=\"6676\" \/>\n<h3 data-start=\"6678\" data-end=\"6712\"><strong data-start=\"6682\" data-end=\"6712\"><span dir=\"auto\" style=\"vertical-align: inherit;\"><span dir=\"auto\" style=\"vertical-align: inherit;\">Bezpe\u010dnos\u0165 a s\u00falad<\/span><\/span><\/strong><\/h3>\n<ul data-start=\"6714\" data-end=\"7157\">\n<li data-start=\"6714\" data-end=\"6809\">\n<p data-start=\"6716\" data-end=\"6809\"><strong data-start=\"6716\" data-end=\"6752\"><span dir=\"auto\" style=\"vertical-align: inherit;\"><span dir=\"auto\" style=\"vertical-align: inherit;\">Len na laborat\u00f3rne pou\u017eitie:<\/span><\/span><\/strong><span dir=\"auto\" style=\"vertical-align: inherit;\"><span dir=\"auto\" style=\"vertical-align: inherit;\"> Nie je vhodn\u00e9 na \u013eudsk\u00fa ani zvieraciu konzum\u00e1ciu.<\/span><\/span><\/p>\n<\/li>\n<li data-start=\"6810\" data-end=\"6933\">\n<p data-start=\"6812\" data-end=\"6933\"><strong data-start=\"6812\" data-end=\"6840\"><span dir=\"auto\" style=\"vertical-align: inherit;\"><span dir=\"auto\" style=\"vertical-align: inherit;\">Pr\u00e1vne aspekty:<\/span><\/span><\/strong><span dir=\"auto\" style=\"vertical-align: inherit;\"><span dir=\"auto\" style=\"vertical-align: inherit;\"> Always check local laws regarding the composition of this product.<\/span><\/span><\/p>\n<\/li>\n<li data-start=\"6934\" data-end=\"7032\">\n<p data-start=\"6936\" data-end=\"7032\"><strong data-start=\"6936\" data-end=\"6964\"><span dir=\"auto\" style=\"vertical-align: inherit;\"><span dir=\"auto\" style=\"vertical-align: inherit;\">Zdravie a bezpe\u010dnos\u0165:<\/span><\/span><\/strong><span dir=\"auto\" style=\"vertical-align: inherit;\"><span dir=\"auto\" style=\"vertical-align: inherit;\"> Avoid contact and inhalation; use standard laboratory PPE.<\/span><\/span><\/p>\n<\/li>\n<li data-start=\"7033\" data-end=\"7157\">\n<p data-start=\"7035\" data-end=\"7157\"><strong data-start=\"7035\" data-end=\"7052\"><span dir=\"auto\" style=\"vertical-align: inherit;\"><span dir=\"auto\" style=\"vertical-align: inherit;\">Dokument\u00e1cia:<\/span><\/span><\/strong><span dir=\"auto\" style=\"vertical-align: inherit;\"><span dir=\"auto\" style=\"vertical-align: inherit;\"> A <\/span><\/span><strong data-start=\"7057\" data-end=\"7093\"><span dir=\"auto\" style=\"vertical-align: inherit;\"><span dir=\"auto\" style=\"vertical-align: inherit;\">Karta bezpe\u010dnostn\u00fdch \u00fadajov (MSDS)<\/span><\/span><\/strong><span dir=\"auto\" style=\"vertical-align: inherit;\"><span dir=\"auto\" style=\"vertical-align: inherit;\"> a <\/span><\/span><strong data-start=\"7097\" data-end=\"7125\"><span dir=\"auto\" style=\"vertical-align: inherit;\"><span dir=\"auto\" style=\"vertical-align: inherit;\">Certifik\u00e1t anal\u00fdzy (COA)<\/span><\/span><\/strong><span dir=\"auto\" style=\"vertical-align: inherit;\"><span dir=\"auto\" style=\"vertical-align: inherit;\"> s\u00fa k dispoz\u00edcii na po\u017eiadanie.<\/span><\/span><\/p>\n<\/li>\n<\/ul>\n<hr data-start=\"7159\" data-end=\"7162\" \/>\n<h3 data-start=\"7164\" data-end=\"7199\"><strong data-start=\"7168\" data-end=\"7199\"><span dir=\"auto\" style=\"vertical-align: inherit;\"><span dir=\"auto\" style=\"vertical-align: inherit;\">\u010casto kladen\u00e9 ot\u00e1zky (FAQ)<\/span><\/span><\/strong><\/h3>\n<p data-start=\"7201\" data-end=\"7376\"><strong data-start=\"7201\" data-end=\"7249\"><span dir=\"auto\" style=\"vertical-align: inherit;\"><span dir=\"auto\" style=\"vertical-align: inherit;\">1. What is Blue Mandala Mix used for?<\/span><\/span><\/strong><br data-start=\"7249\" data-end=\"7252\" \/><span dir=\"auto\" style=\"vertical-align: inherit;\"><span dir=\"auto\" style=\"vertical-align: inherit;\"> Blue Mandala Mix is \u200b\u200bused as <\/span><\/span><strong data-start=\"7288\" data-end=\"7311\"><span dir=\"auto\" style=\"vertical-align: inherit;\"><span dir=\"auto\" style=\"vertical-align: inherit;\">referen\u010dn\u00fd materi\u00e1l<\/span><\/span><\/strong><span dir=\"auto\" style=\"vertical-align: inherit;\"><span dir=\"auto\" style=\"vertical-align: inherit;\"> for chemical and forensic calibration and detection testing.<\/span><\/span><\/p>\n<p data-start=\"7378\" data-end=\"7552\"><strong data-start=\"7378\" data-end=\"7441\"><span dir=\"auto\" style=\"vertical-align: inherit;\"><span dir=\"auto\" style=\"vertical-align: inherit;\">2. Is Blue Mandala Mix suitable for human consumption?<\/span><\/span><\/strong><br data-start=\"7441\" data-end=\"7444\" \/><span dir=\"auto\" style=\"vertical-align: inherit;\"><span dir=\"auto\" style=\"vertical-align: inherit;\"> Nie. Tento produkt je <\/span><\/span><strong data-start=\"7464\" data-end=\"7502\"><span dir=\"auto\" style=\"vertical-align: inherit;\"><span dir=\"auto\" style=\"vertical-align: inherit;\">len na v\u00fdskumn\u00e9 \u00fa\u010dely<\/span><\/span><\/strong><span dir=\"auto\" style=\"vertical-align: inherit;\"><span dir=\"auto\" style=\"vertical-align: inherit;\"> a <\/span><\/span><strong data-start=\"7506\" data-end=\"7549\"><span dir=\"auto\" style=\"vertical-align: inherit;\"><span dir=\"auto\" style=\"vertical-align: inherit;\">nie je schv\u00e1len\u00fd na hum\u00e1nne pou\u017eitie<\/span><\/span><\/strong><span dir=\"auto\" style=\"vertical-align: inherit;\"><span dir=\"auto\" style=\"vertical-align: inherit;\"> .<\/span><\/span><\/p>\n<p data-start=\"7554\" data-end=\"7689\"><strong data-start=\"7554\" data-end=\"7605\"><span dir=\"auto\" style=\"vertical-align: inherit;\"><span dir=\"auto\" style=\"vertical-align: inherit;\">3. How should Blue Mandala Mix be stored?<\/span><\/span><\/strong><br data-start=\"7605\" data-end=\"7608\" \/><span dir=\"auto\" style=\"vertical-align: inherit;\"><span dir=\"auto\" style=\"vertical-align: inherit;\"> Skladujte na chladnom, suchom a tmavom mieste, tesne uzavret\u00e9 a mimo dosahu neopr\u00e1vnen\u00fdch os\u00f4b.<\/span><\/span><\/p>","protected":false},"excerpt":{"rendered":"<h3><span style=\"vertical-align: inherit;\"><span style=\"vertical-align: inherit;\"><span dir=\"auto\" style=\"vertical-align: inherit;\"><span dir=\"auto\" style=\"vertical-align: inherit;\">Vlastnosti modrej mandaly:<\/span><\/span><\/span><\/span><\/h3>\n<ul>\n<li><span style=\"vertical-align: inherit;\"><span style=\"vertical-align: inherit;\"><span dir=\"auto\" style=\"vertical-align: inherit;\"><span dir=\"auto\" style=\"vertical-align: inherit;\">40 mg 2-FA<\/span><\/span><\/span><\/span><\/li>\n<li><span style=\"vertical-align: inherit;\"><span style=\"vertical-align: inherit;\"><span dir=\"auto\" style=\"vertical-align: inherit;\"><span dir=\"auto\" style=\"vertical-align: inherit;\">40 mg 4-FMA<\/span><\/span><\/span><\/span><\/li>\n<li><span style=\"vertical-align: inherit;\"><span style=\"vertical-align: inherit;\"><span dir=\"auto\" style=\"vertical-align: inherit;\"><span dir=\"auto\" style=\"vertical-align: inherit;\">20 MG 2-FMA<\/span><\/span><\/span><\/span><\/li>\n<\/ul>","protected":false},"featured_media":28485,"comment_status":"closed","ping_status":"closed","template":"","meta":[],"product_brand":[],"product_cat":[470,431,459,322,333,396,486,398],"product_tag":[1120,1121,1118,1119,326],"class_list":{"0":"post-23732","1":"product","2":"type-product","3":"status-publish","4":"has-post-thumbnail","6":"product_cat-2-fa","7":"product_cat-2-fma-kopen","8":"product_cat-4fma-kopen","9":"product_cat-bijna-verboden","10":"product_cat-gefluoreerden","11":"product_cat-liquid-rcs","12":"product_cat-mandala-mixes","13":"product_cat-verkoop","14":"product_tag-blue-mandala","15":"product_tag-blue-mandala-kopen","16":"product_tag-blue-mandala-mix","17":"product_tag-blue-mandala-mix-kopen","18":"product_tag-nl","20":"first","21":"instock","22":"sale","23":"taxable","24":"shipping-taxable","25":"purchasable","26":"product-type-variable"},"_links":{"self":[{"href":"https:\/\/researchchemicalhub.com\/sk\/wp-json\/wp\/v2\/product\/23732","targetHints":{"allow":["GET"]}}],"collection":[{"href":"https:\/\/researchchemicalhub.com\/sk\/wp-json\/wp\/v2\/product"}],"about":[{"href":"https:\/\/researchchemicalhub.com\/sk\/wp-json\/wp\/v2\/types\/product"}],"replies":[{"embeddable":true,"href":"https:\/\/researchchemicalhub.com\/sk\/wp-json\/wp\/v2\/comments?post=23732"}],"version-history":[{"count":6,"href":"https:\/\/researchchemicalhub.com\/sk\/wp-json\/wp\/v2\/product\/23732\/revisions"}],"predecessor-version":[{"id":28709,"href":"https:\/\/researchchemicalhub.com\/sk\/wp-json\/wp\/v2\/product\/23732\/revisions\/28709"}],"wp:featuredmedia":[{"embeddable":true,"href":"https:\/\/researchchemicalhub.com\/sk\/wp-json\/wp\/v2\/media\/28485"}],"wp:attachment":[{"href":"https:\/\/researchchemicalhub.com\/sk\/wp-json\/wp\/v2\/media?parent=23732"}],"wp:term":[{"taxonomy":"product_brand","embeddable":true,"href":"https:\/\/researchchemicalhub.com\/sk\/wp-json\/wp\/v2\/product_brand?post=23732"},{"taxonomy":"product_cat","embeddable":true,"href":"https:\/\/researchchemicalhub.com\/sk\/wp-json\/wp\/v2\/product_cat?post=23732"},{"taxonomy":"product_tag","embeddable":true,"href":"https:\/\/researchchemicalhub.com\/sk\/wp-json\/wp\/v2\/product_tag?post=23732"}],"curies":[{"name":"pracovn\u00fd list","href":"https:\/\/api.w.org\/{rel}","templated":true}]}}