{"id":23695,"date":"2025-04-13T17:40:15","date_gmt":"2025-04-13T17:40:15","guid":{"rendered":"https:\/\/researchchemicalhub.com\/?post_type=product&#038;p=23695"},"modified":"2025-10-30T08:55:26","modified_gmt":"2025-10-30T08:55:26","slug":"zmes-fialovej-mandaly","status":"publish","type":"product","link":"https:\/\/researchchemicalhub.com\/sk\/obchod\/kupit-4fma\/zmes-fialovej-mandaly\/","title":{"rendered":"Mix fialovej mandaly"},"content":{"rendered":"<p data-start=\"4859\" data-end=\"5081\"><strong data-start=\"4859\" data-end=\"4881\"><span dir=\"auto\" style=\"vertical-align: inherit;\"><span dir=\"auto\" style=\"vertical-align: inherit;\">Mix fialovej mandaly<\/span><\/span><\/strong><span dir=\"auto\" style=\"vertical-align: inherit;\"><span dir=\"auto\" style=\"vertical-align: inherit;\"> je <\/span><\/span><strong data-start=\"4889\" data-end=\"4916\"><span dir=\"auto\" style=\"vertical-align: inherit;\"><span dir=\"auto\" style=\"vertical-align: inherit;\">analytick\u00fd vzorec zmesi<\/span><\/span><\/strong><span dir=\"auto\" style=\"vertical-align: inherit;\"><span dir=\"auto\" style=\"vertical-align: inherit;\"> pou\u017e\u00edvan\u00e9 v <\/span><\/span><strong data-start=\"4939\" data-end=\"4979\"><span dir=\"auto\" style=\"vertical-align: inherit;\"><span dir=\"auto\" style=\"vertical-align: inherit;\">forenzn\u00e9 a chemick\u00e9 laborat\u00f3ri\u00e1<\/span><\/span><\/strong><span dir=\"auto\" style=\"vertical-align: inherit;\"><span dir=\"auto\" style=\"vertical-align: inherit;\"> . <\/span><\/span><br data-start=\"4980\" data-end=\"4983\" \/><span dir=\"auto\" style=\"vertical-align: inherit;\"><span dir=\"auto\" style=\"vertical-align: inherit;\">Sl\u00fa\u017ei ako <\/span><\/span><strong data-start=\"4997\" data-end=\"5018\"><span dir=\"auto\" style=\"vertical-align: inherit;\"><span dir=\"auto\" style=\"vertical-align: inherit;\">referen\u010dn\u00e1 zmes<\/span><\/span><\/strong><span dir=\"auto\" style=\"vertical-align: inherit;\"><span dir=\"auto\" style=\"vertical-align: inherit;\"> pre <\/span><\/span><strong data-start=\"5024\" data-end=\"5078\"><span dir=\"auto\" style=\"vertical-align: inherit;\"><span dir=\"auto\" style=\"vertical-align: inherit;\">kalibr\u00e1cia, valid\u00e1cia met\u00f3d a v\u00fdskum detekcie<\/span><\/span><\/strong><span dir=\"auto\" style=\"vertical-align: inherit;\"><span dir=\"auto\" style=\"vertical-align: inherit;\"> .<\/span><\/span><\/p>\n<p data-start=\"5083\" data-end=\"5347\"><span dir=\"auto\" style=\"vertical-align: inherit;\"><span dir=\"auto\" style=\"vertical-align: inherit;\">Vzorec podporuje v\u00fdskumn\u00edkov pri \u0161t\u00fadiu <\/span><\/span><strong data-start=\"5142\" data-end=\"5219\"><span dir=\"auto\" style=\"vertical-align: inherit;\"><span dir=\"auto\" style=\"vertical-align: inherit;\">chemick\u00e1 identifik\u00e1cia, porovn\u00e1vacia anal\u00fdza a spektr\u00e1lna interpret\u00e1cia<\/span><\/span><\/strong><span dir=\"auto\" style=\"vertical-align: inherit;\"><span dir=\"auto\" style=\"vertical-align: inherit;\"> . <\/span><\/span><br data-start=\"5220\" data-end=\"5223\" \/><span dir=\"auto\" style=\"vertical-align: inherit;\"><span dir=\"auto\" style=\"vertical-align: inherit;\">Je to <\/span><\/span><strong data-start=\"5230\" data-end=\"5285\"><span dir=\"auto\" style=\"vertical-align: inherit;\"><span dir=\"auto\" style=\"vertical-align: inherit;\">ur\u010den\u00e9 len na vedeck\u00fd v\u00fdskum<\/span><\/span><\/strong><span dir=\"auto\" style=\"vertical-align: inherit;\"><span dir=\"auto\" style=\"vertical-align: inherit;\"> a <\/span><\/span><strong data-start=\"5289\" data-end=\"5346\"><span dir=\"auto\" style=\"vertical-align: inherit;\"><span dir=\"auto\" style=\"vertical-align: inherit;\">nie je vhodn\u00fd na \u013eudsk\u00fa ani zvieraciu konzum\u00e1ciu<\/span><\/span><\/strong><span dir=\"auto\" style=\"vertical-align: inherit;\"><span dir=\"auto\" style=\"vertical-align: inherit;\"> .<\/span><\/span><\/p>\n<hr data-start=\"5349\" data-end=\"5352\" \/>\n<h3 data-start=\"5354\" data-end=\"5385\"><strong data-start=\"5358\" data-end=\"5385\"><span dir=\"auto\" style=\"vertical-align: inherit;\"><span dir=\"auto\" style=\"vertical-align: inherit;\">K\u013e\u00fa\u010dov\u00e9 vlastnosti<\/span><\/span><\/strong><\/h3>\n<ul data-start=\"5387\" data-end=\"5839\">\n<li data-start=\"5387\" data-end=\"5473\">\n<p data-start=\"5389\" data-end=\"5473\"><strong data-start=\"5389\" data-end=\"5409\"><span dir=\"auto\" style=\"vertical-align: inherit;\"><span dir=\"auto\" style=\"vertical-align: inherit;\">Vysok\u00e1 \u010distota:<\/span><\/span><\/strong><span dir=\"auto\" style=\"vertical-align: inherit;\"><span dir=\"auto\" style=\"vertical-align: inherit;\"> Vyroben\u00e9 za kontrolovan\u00fdch laborat\u00f3rnych podmienok.<\/span><\/span><\/p>\n<\/li>\n<li data-start=\"5474\" data-end=\"5570\">\n<p data-start=\"5476\" data-end=\"5570\"><strong data-start=\"5476\" data-end=\"5506\"><span dir=\"auto\" style=\"vertical-align: inherit;\"><span dir=\"auto\" style=\"vertical-align: inherit;\">Viacn\u00e1sobn\u00e9 zlo\u017eenie:<\/span><\/span><\/strong><span dir=\"auto\" style=\"vertical-align: inherit;\"><span dir=\"auto\" style=\"vertical-align: inherit;\"> Ur\u010den\u00e9 pre pokro\u010dil\u00fa chemick\u00fa a forenzn\u00fa anal\u00fdzu.<\/span><\/span><\/p>\n<\/li>\n<li data-start=\"5571\" data-end=\"5670\">\n<p data-start=\"5573\" data-end=\"5670\"><strong data-start=\"5573\" data-end=\"5606\"><span dir=\"auto\" style=\"vertical-align: inherit;\"><span dir=\"auto\" style=\"vertical-align: inherit;\">Overen\u00e1 dokument\u00e1cia:<\/span><\/span><\/strong><span dir=\"auto\" style=\"vertical-align: inherit;\"><span dir=\"auto\" style=\"vertical-align: inherit;\"> Dod\u00e1van\u00e9 s <\/span><\/span><strong data-start=\"5620\" data-end=\"5648\"><span dir=\"auto\" style=\"vertical-align: inherit;\"><span dir=\"auto\" style=\"vertical-align: inherit;\">Certifik\u00e1t anal\u00fdzy (COA)<\/span><\/span><\/strong><span dir=\"auto\" style=\"vertical-align: inherit;\"><span dir=\"auto\" style=\"vertical-align: inherit;\"> a inform\u00e1cie o d\u00e1vke.<\/span><\/span><\/p>\n<\/li>\n<li data-start=\"5671\" data-end=\"5763\">\n<p data-start=\"5673\" data-end=\"5763\"><strong data-start=\"5673\" data-end=\"5704\"><span dir=\"auto\" style=\"vertical-align: inherit;\"><span dir=\"auto\" style=\"vertical-align: inherit;\">Analytick\u00e1 v\u0161estrannos\u0165:<\/span><\/span><\/strong><span dir=\"auto\" style=\"vertical-align: inherit;\"><span dir=\"auto\" style=\"vertical-align: inherit;\"> Vhodn\u00e9 pre <\/span><\/span><strong data-start=\"5719\" data-end=\"5728\"><span dir=\"auto\" style=\"vertical-align: inherit;\"><span dir=\"auto\" style=\"vertical-align: inherit;\">GC-MS<\/span><\/span><\/strong><span dir=\"auto\" style=\"vertical-align: inherit;\"><span dir=\"auto\" style=\"vertical-align: inherit;\"> , <\/span><\/span><strong data-start=\"5730\" data-end=\"5738\"><span dir=\"auto\" style=\"vertical-align: inherit;\"><span dir=\"auto\" style=\"vertical-align: inherit;\">HPLC<\/span><\/span><\/strong><span dir=\"auto\" style=\"vertical-align: inherit;\"><span dir=\"auto\" style=\"vertical-align: inherit;\"> a <\/span><\/span><strong data-start=\"5743\" data-end=\"5751\"><span dir=\"auto\" style=\"vertical-align: inherit;\"><span dir=\"auto\" style=\"vertical-align: inherit;\">FTIR<\/span><\/span><\/strong><span dir=\"auto\" style=\"vertical-align: inherit;\"><span dir=\"auto\" style=\"vertical-align: inherit;\"> anal\u00fdzy.<\/span><\/span><\/p>\n<\/li>\n<li data-start=\"5764\" data-end=\"5839\">\n<p data-start=\"5766\" data-end=\"5839\"><strong data-start=\"5766\" data-end=\"5787\"><span dir=\"auto\" style=\"vertical-align: inherit;\"><span dir=\"auto\" style=\"vertical-align: inherit;\">Stabiln\u00fd vzorec:<\/span><\/span><\/strong><span dir=\"auto\" style=\"vertical-align: inherit;\"><span dir=\"auto\" style=\"vertical-align: inherit;\"> Zachov\u00e1va si stabilitu za vhodn\u00fdch skladovac\u00edch podmienok.<\/span><\/span><\/p>\n<\/li>\n<\/ul>\n<hr data-start=\"5841\" data-end=\"5844\" \/>\n<h3 data-start=\"5846\" data-end=\"5863\"><strong data-start=\"5850\" data-end=\"5863\"><span dir=\"auto\" style=\"vertical-align: inherit;\"><span dir=\"auto\" style=\"vertical-align: inherit;\">V\u00fdhody<\/span><\/span><\/strong><\/h3>\n<ul data-start=\"5865\" data-end=\"6279\">\n<li data-start=\"5865\" data-end=\"5953\">\n<p data-start=\"5867\" data-end=\"5953\"><strong data-start=\"5867\" data-end=\"5894\"><span dir=\"auto\" style=\"vertical-align: inherit;\"><span dir=\"auto\" style=\"vertical-align: inherit;\">Forenzn\u00e1 aplik\u00e1cia:<\/span><\/span><\/strong><span dir=\"auto\" style=\"vertical-align: inherit;\"><span dir=\"auto\" style=\"vertical-align: inherit;\"> Podporuje identifik\u00e1ciu chemick\u00fdch zl\u00fa\u010den\u00edn.<\/span><\/span><\/p>\n<\/li>\n<li data-start=\"5954\" data-end=\"6043\">\n<p data-start=\"5956\" data-end=\"6043\"><strong data-start=\"5956\" data-end=\"5983\"><span dir=\"auto\" style=\"vertical-align: inherit;\"><span dir=\"auto\" style=\"vertical-align: inherit;\">Spo\u013eahliv\u00e1 kalibr\u00e1cia:<\/span><\/span><\/strong><span dir=\"auto\" style=\"vertical-align: inherit;\"><span dir=\"auto\" style=\"vertical-align: inherit;\"> Zais\u0165uje konzistentn\u00e9 a reprodukovate\u013en\u00e9 v\u00fdsledky merania.<\/span><\/span><\/p>\n<\/li>\n<li data-start=\"6044\" data-end=\"6121\">\n<p data-start=\"6046\" data-end=\"6121\"><strong data-start=\"6046\" data-end=\"6068\"><span dir=\"auto\" style=\"vertical-align: inherit;\"><span dir=\"auto\" style=\"vertical-align: inherit;\">Vzdel\u00e1vacia hodnota:<\/span><\/span><\/strong><span dir=\"auto\" style=\"vertical-align: inherit;\"><span dir=\"auto\" style=\"vertical-align: inherit;\"> Vhodn\u00e9 na akademick\u00e9 a \u0161koliace \u00fa\u010dely.<\/span><\/span><\/p>\n<\/li>\n<li data-start=\"6122\" data-end=\"6221\">\n<p data-start=\"6124\" data-end=\"6221\"><strong data-start=\"6124\" data-end=\"6158\"><span dir=\"auto\" style=\"vertical-align: inherit;\"><span dir=\"auto\" style=\"vertical-align: inherit;\">Sp\u013a\u0148a bezpe\u010dnostn\u00e9 normy:<\/span><\/span><\/strong><span dir=\"auto\" style=\"vertical-align: inherit;\"><span dir=\"auto\" style=\"vertical-align: inherit;\"> Vyroben\u00e9 pod\u013ea medzin\u00e1rodn\u00fdch laborat\u00f3rnych smern\u00edc.<\/span><\/span><\/p>\n<\/li>\n<li data-start=\"6222\" data-end=\"6279\">\n<p data-start=\"6224\" data-end=\"6279\"><strong data-start=\"6224\" data-end=\"6251\"><span dir=\"auto\" style=\"vertical-align: inherit;\"><span dir=\"auto\" style=\"vertical-align: inherit;\">\u00dapln\u00e1 dokument\u00e1cia:<\/span><\/span><\/strong><span dir=\"auto\" style=\"vertical-align: inherit;\"><span dir=\"auto\" style=\"vertical-align: inherit;\"> Dod\u00e1va sa s bezpe\u010dnostn\u00fdm listom (MSDS) a certifik\u00e1tom pravosti (COA).<\/span><\/span><\/p>\n<\/li>\n<\/ul>\n<hr data-start=\"6281\" data-end=\"6284\" \/>\n<h3 data-start=\"6286\" data-end=\"6347\"><strong data-start=\"6290\" data-end=\"6347\"><span dir=\"auto\" style=\"vertical-align: inherit;\"><span dir=\"auto\" style=\"vertical-align: inherit;\">N\u00e1vod na pou\u017eitie (len na v\u00fdskumn\u00e9 \u00fa\u010dely)<\/span><\/span><\/strong><\/h3>\n<ol data-start=\"6349\" data-end=\"6683\">\n<li data-start=\"6349\" data-end=\"6446\">\n<p data-start=\"6352\" data-end=\"6446\"><strong data-start=\"6352\" data-end=\"6370\"><span dir=\"auto\" style=\"vertical-align: inherit;\"><span dir=\"auto\" style=\"vertical-align: inherit;\">Pr\u00edprava:<\/span><\/span><\/strong><span dir=\"auto\" style=\"vertical-align: inherit;\"><span dir=\"auto\" style=\"vertical-align: inherit;\"> Pou\u017e\u00edvajte iba v akreditovan\u00fdch laborat\u00f3ri\u00e1ch s vhodn\u00fdm ochrann\u00fdm vybaven\u00edm.<\/span><\/span><\/p>\n<\/li>\n<li data-start=\"6447\" data-end=\"6528\">\n<p data-start=\"6450\" data-end=\"6528\"><strong data-start=\"6450\" data-end=\"6465\"><span dir=\"auto\" style=\"vertical-align: inherit;\"><span dir=\"auto\" style=\"vertical-align: inherit;\">Aplik\u00e1cia:<\/span><\/span><\/strong><span dir=\"auto\" style=\"vertical-align: inherit;\"><span dir=\"auto\" style=\"vertical-align: inherit;\"> Pou\u017e\u00edva sa na analytick\u00fa kalibr\u00e1ciu alebo porovnanie met\u00f3d.<\/span><\/span><\/p>\n<\/li>\n<li data-start=\"6529\" data-end=\"6592\">\n<p data-start=\"6532\" data-end=\"6592\"><strong data-start=\"6532\" data-end=\"6543\"><span dir=\"auto\" style=\"vertical-align: inherit;\"><span dir=\"auto\" style=\"vertical-align: inherit;\">Skladovanie:<\/span><\/span><\/strong><span dir=\"auto\" style=\"vertical-align: inherit;\"><span dir=\"auto\" style=\"vertical-align: inherit;\"> Skladujte na chladnom, suchom a tmavom mieste, d\u00f4kladne uzatvoren\u00e9.<\/span><\/span><\/p>\n<\/li>\n<li data-start=\"6593\" data-end=\"6683\">\n<p data-start=\"6596\" data-end=\"6683\"><strong data-start=\"6596\" data-end=\"6607\"><span dir=\"auto\" style=\"vertical-align: inherit;\"><span dir=\"auto\" style=\"vertical-align: inherit;\">Likvid\u00e1cia:<\/span><\/span><\/strong><span dir=\"auto\" style=\"vertical-align: inherit;\"><span dir=\"auto\" style=\"vertical-align: inherit;\"> Zvy\u0161ky zlikvidujte v s\u00falade s miestnymi predpismi pre nakladanie s chemick\u00fdm odpadom.<\/span><\/span><\/p>\n<\/li>\n<\/ol>\n<hr data-start=\"6685\" data-end=\"6688\" \/>\n<h3 data-start=\"6690\" data-end=\"6724\"><strong data-start=\"6694\" data-end=\"6724\"><span dir=\"auto\" style=\"vertical-align: inherit;\"><span dir=\"auto\" style=\"vertical-align: inherit;\">Bezpe\u010dnos\u0165 a s\u00falad<\/span><\/span><\/strong><\/h3>\n<ul data-start=\"6726\" data-end=\"7124\">\n<li data-start=\"6726\" data-end=\"6821\">\n<p data-start=\"6728\" data-end=\"6821\"><strong data-start=\"6728\" data-end=\"6764\"><span dir=\"auto\" style=\"vertical-align: inherit;\"><span dir=\"auto\" style=\"vertical-align: inherit;\">Len na laborat\u00f3rne pou\u017eitie:<\/span><\/span><\/strong><span dir=\"auto\" style=\"vertical-align: inherit;\"><span dir=\"auto\" style=\"vertical-align: inherit;\"> Nie je vhodn\u00e9 na \u013eudsk\u00fa ani zvieraciu konzum\u00e1ciu.<\/span><\/span><\/p>\n<\/li>\n<li data-start=\"6822\" data-end=\"6915\">\n<p data-start=\"6824\" data-end=\"6915\"><strong data-start=\"6824\" data-end=\"6852\"><span dir=\"auto\" style=\"vertical-align: inherit;\"><span dir=\"auto\" style=\"vertical-align: inherit;\">Pr\u00e1vne aspekty:<\/span><\/span><\/strong><span dir=\"auto\" style=\"vertical-align: inherit;\"><span dir=\"auto\" style=\"vertical-align: inherit;\"> Pred pou\u017eit\u00edm alebo dr\u017ebou si v\u017edy overte miestne z\u00e1kony.<\/span><\/span><\/p>\n<\/li>\n<li data-start=\"6916\" data-end=\"6999\">\n<p data-start=\"6918\" data-end=\"6999\"><strong data-start=\"6918\" data-end=\"6946\"><span dir=\"auto\" style=\"vertical-align: inherit;\"><span dir=\"auto\" style=\"vertical-align: inherit;\">Zdravie a bezpe\u010dnos\u0165:<\/span><\/span><\/strong><span dir=\"auto\" style=\"vertical-align: inherit;\"><span dir=\"auto\" style=\"vertical-align: inherit;\"> Zabr\u00e1\u0148te kontaktu alebo vd\u00fdchnutiu; noste vhodn\u00e9 osobn\u00e9 ochrann\u00e9 prostriedky.<\/span><\/span><\/p>\n<\/li>\n<li data-start=\"7000\" data-end=\"7124\">\n<p data-start=\"7002\" data-end=\"7124\"><strong data-start=\"7002\" data-end=\"7019\"><span dir=\"auto\" style=\"vertical-align: inherit;\"><span dir=\"auto\" style=\"vertical-align: inherit;\">Dokument\u00e1cia:<\/span><\/span><\/strong><span dir=\"auto\" style=\"vertical-align: inherit;\"><span dir=\"auto\" style=\"vertical-align: inherit;\"> A <\/span><\/span><strong data-start=\"7024\" data-end=\"7060\"><span dir=\"auto\" style=\"vertical-align: inherit;\"><span dir=\"auto\" style=\"vertical-align: inherit;\">Karta bezpe\u010dnostn\u00fdch \u00fadajov (MSDS)<\/span><\/span><\/strong><span dir=\"auto\" style=\"vertical-align: inherit;\"><span dir=\"auto\" style=\"vertical-align: inherit;\"> a <\/span><\/span><strong data-start=\"7064\" data-end=\"7092\"><span dir=\"auto\" style=\"vertical-align: inherit;\"><span dir=\"auto\" style=\"vertical-align: inherit;\">Certifik\u00e1t anal\u00fdzy (COA)<\/span><\/span><\/strong><span dir=\"auto\" style=\"vertical-align: inherit;\"><span dir=\"auto\" style=\"vertical-align: inherit;\"> s\u00fa k dispoz\u00edcii na po\u017eiadanie.<\/span><\/span><\/p>\n<\/li>\n<\/ul>\n<hr data-start=\"7126\" data-end=\"7129\" \/>\n<h3 data-start=\"7131\" data-end=\"7166\"><strong data-start=\"7135\" data-end=\"7166\"><span dir=\"auto\" style=\"vertical-align: inherit;\"><span dir=\"auto\" style=\"vertical-align: inherit;\">\u010casto kladen\u00e9 ot\u00e1zky (FAQ)<\/span><\/span><\/strong><\/h3>\n<p data-start=\"7168\" data-end=\"7323\"><strong data-start=\"7168\" data-end=\"7218\"><span dir=\"auto\" style=\"vertical-align: inherit;\"><span dir=\"auto\" style=\"vertical-align: inherit;\">1. Na \u010do sa pou\u017e\u00edva zmes Purple Mandala?<\/span><\/span><\/strong><br data-start=\"7218\" data-end=\"7221\" \/><span dir=\"auto\" style=\"vertical-align: inherit;\"><span dir=\"auto\" style=\"vertical-align: inherit;\"> Fialov\u00e1 mandala zmes sa pou\u017e\u00edva ako <\/span><\/span><strong data-start=\"7259\" data-end=\"7282\"><span dir=\"auto\" style=\"vertical-align: inherit;\"><span dir=\"auto\" style=\"vertical-align: inherit;\">referen\u010dn\u00fd materi\u00e1l<\/span><\/span><\/strong><span dir=\"auto\" style=\"vertical-align: inherit;\"><span dir=\"auto\" style=\"vertical-align: inherit;\"> v forenznom a analytickom v\u00fdskume.<\/span><\/span><\/p>\n<p data-start=\"7325\" data-end=\"7501\"><strong data-start=\"7325\" data-end=\"7390\"><span dir=\"auto\" style=\"vertical-align: inherit;\"><span dir=\"auto\" style=\"vertical-align: inherit;\">2. Je zmes Purple Mandala vhodn\u00e1 na \u013eudsk\u00fa konzum\u00e1ciu?<\/span><\/span><\/strong><br data-start=\"7390\" data-end=\"7393\" \/><span dir=\"auto\" style=\"vertical-align: inherit;\"><span dir=\"auto\" style=\"vertical-align: inherit;\"> Nie. Tento produkt je <\/span><\/span><strong data-start=\"7413\" data-end=\"7451\"><span dir=\"auto\" style=\"vertical-align: inherit;\"><span dir=\"auto\" style=\"vertical-align: inherit;\">len na v\u00fdskumn\u00e9 \u00fa\u010dely<\/span><\/span><\/strong><span dir=\"auto\" style=\"vertical-align: inherit;\"><span dir=\"auto\" style=\"vertical-align: inherit;\"> a <\/span><\/span><strong data-start=\"7455\" data-end=\"7498\"><span dir=\"auto\" style=\"vertical-align: inherit;\"><span dir=\"auto\" style=\"vertical-align: inherit;\">nie je schv\u00e1len\u00fd na hum\u00e1nne pou\u017eitie<\/span><\/span><\/strong><span dir=\"auto\" style=\"vertical-align: inherit;\"><span dir=\"auto\" style=\"vertical-align: inherit;\"> .<\/span><\/span><\/p>\n<p data-start=\"7503\" data-end=\"7640\"><strong data-start=\"7503\" data-end=\"7556\"><span dir=\"auto\" style=\"vertical-align: inherit;\"><span dir=\"auto\" style=\"vertical-align: inherit;\">3. Ako by sa mala skladova\u0165 zmes Purple Mandala?<\/span><\/span><\/strong><br data-start=\"7556\" data-end=\"7559\" \/><span dir=\"auto\" style=\"vertical-align: inherit;\"><span dir=\"auto\" style=\"vertical-align: inherit;\"> Skladujte na chladnom, suchom a tmavom mieste, tesne uzavret\u00e9 a mimo dosahu neopr\u00e1vnen\u00fdch os\u00f4b.<\/span><\/span><\/p>","protected":false},"excerpt":{"rendered":"<h3><span style=\"vertical-align: inherit;\"><span style=\"vertical-align: inherit;\"><span dir=\"auto\" style=\"vertical-align: inherit;\"><span dir=\"auto\" style=\"vertical-align: inherit;\"><span dir=\"auto\" style=\"vertical-align: inherit;\"><span dir=\"auto\" style=\"vertical-align: inherit;\">Vlastnosti fialovej mandaly:<\/span><\/span><\/span><\/span><\/span><\/span><\/h3>\n<ul>\n<li><span style=\"vertical-align: inherit;\"><span style=\"vertical-align: inherit;\"><span dir=\"auto\" style=\"vertical-align: inherit;\"><span dir=\"auto\" style=\"vertical-align: inherit;\"><span dir=\"auto\" style=\"vertical-align: inherit;\"><span dir=\"auto\" style=\"vertical-align: inherit;\">90 MG 5-MAPB<\/span><\/span><\/span><\/span><\/span><\/span><\/li>\n<li><span style=\"vertical-align: inherit;\"><span style=\"vertical-align: inherit;\"><span dir=\"auto\" style=\"vertical-align: inherit;\"><span dir=\"auto\" style=\"vertical-align: inherit;\"><span dir=\"auto\" style=\"vertical-align: inherit;\"><span dir=\"auto\" style=\"vertical-align: inherit;\">45 MG 4-FMA<\/span><\/span><\/span><\/span><\/span><\/span><\/li>\n<\/ul>","protected":false},"featured_media":28593,"comment_status":"closed","ping_status":"closed","template":"","meta":[],"product_brand":[],"product_cat":[459,383,339,322,333,396,486,500,398],"product_tag":[326,1132,1133],"class_list":{"0":"post-23695","1":"product","2":"type-product","3":"status-publish","4":"has-post-thumbnail","6":"product_cat-4fma-kopen","7":"product_cat-5-mapb","8":"product_cat-benzofuran","9":"product_cat-bijna-verboden","10":"product_cat-gefluoreerden","11":"product_cat-liquid-rcs","12":"product_cat-mandala-mixes","13":"product_cat-purple-mandala","14":"product_cat-verkoop","15":"product_tag-nl","16":"product_tag-purple-mandala","17":"product_tag-purple-mandala-kopen","19":"first","20":"instock","21":"sale","22":"taxable","23":"shipping-taxable","24":"purchasable","25":"product-type-variable"},"_links":{"self":[{"href":"https:\/\/researchchemicalhub.com\/sk\/wp-json\/wp\/v2\/product\/23695","targetHints":{"allow":["GET"]}}],"collection":[{"href":"https:\/\/researchchemicalhub.com\/sk\/wp-json\/wp\/v2\/product"}],"about":[{"href":"https:\/\/researchchemicalhub.com\/sk\/wp-json\/wp\/v2\/types\/product"}],"replies":[{"embeddable":true,"href":"https:\/\/researchchemicalhub.com\/sk\/wp-json\/wp\/v2\/comments?post=23695"}],"version-history":[{"count":6,"href":"https:\/\/researchchemicalhub.com\/sk\/wp-json\/wp\/v2\/product\/23695\/revisions"}],"predecessor-version":[{"id":28716,"href":"https:\/\/researchchemicalhub.com\/sk\/wp-json\/wp\/v2\/product\/23695\/revisions\/28716"}],"wp:featuredmedia":[{"embeddable":true,"href":"https:\/\/researchchemicalhub.com\/sk\/wp-json\/wp\/v2\/media\/28593"}],"wp:attachment":[{"href":"https:\/\/researchchemicalhub.com\/sk\/wp-json\/wp\/v2\/media?parent=23695"}],"wp:term":[{"taxonomy":"product_brand","embeddable":true,"href":"https:\/\/researchchemicalhub.com\/sk\/wp-json\/wp\/v2\/product_brand?post=23695"},{"taxonomy":"product_cat","embeddable":true,"href":"https:\/\/researchchemicalhub.com\/sk\/wp-json\/wp\/v2\/product_cat?post=23695"},{"taxonomy":"product_tag","embeddable":true,"href":"https:\/\/researchchemicalhub.com\/sk\/wp-json\/wp\/v2\/product_tag?post=23695"}],"curies":[{"name":"pracovn\u00fd list","href":"https:\/\/api.w.org\/{rel}","templated":true}]}}