{"id":23663,"date":"2025-04-13T17:40:11","date_gmt":"2025-04-13T17:40:11","guid":{"rendered":"https:\/\/researchchemicalhub.com\/?post_type=product&#038;p=23663"},"modified":"2025-10-18T13:43:29","modified_gmt":"2025-10-18T13:43:29","slug":"flubrotizolam-fanax-tycinky-05-mg","status":"publish","type":"product","link":"https:\/\/researchchemicalhub.com\/sk\/obchod\/benzodiazepiny\/flubrotizolam-fanax-tycinky-05-mg\/","title":{"rendered":"Flubrotizolam Fanax Bars 0,5 MG"},"content":{"rendered":"<h3 data-start=\"2659\" data-end=\"2734\"><strong data-start=\"2663\" data-end=\"2734\">Flubrotizolam Fanax Bars 0,5 MG<\/strong><\/h3>\n<h3 data-start=\"2736\" data-end=\"2755\"><strong data-start=\"2740\" data-end=\"2755\">\u00davod<\/strong><\/h3>\n<p data-start=\"2756\" data-end=\"3160\">Ty\u010dinky Flubrotizolam Fanax 0,5 MG s\u00fa vysoko kvalitn\u00e9 tablety v\u00fdskumnej triedy, zn\u00e1me svojou vysokou \u00fa\u010dinnos\u0165ou a spo\u013eahlivos\u0165ou. Ka\u017ed\u00e1 ty\u010dinka obsahuje presn\u00fa d\u00e1vku <strong data-start=\"2930\" data-end=\"2954\">0,5 mg flubrotizolamu<\/strong>, zl\u00fa\u010denina zn\u00e1ma svojou silou <strong data-start=\"3000\" data-end=\"3064\">upokojuj\u00face, proti \u00fazkosti a sp\u00e1nok podporuj\u00face vlastnosti<\/strong>Tieto ty\u010dinky sa pou\u017e\u00edvaj\u00fa predov\u0161etk\u00fdm v laborat\u00f3rnom v\u00fdskume tienotriazolodiazep\u00ednov.<\/p>\n<hr data-start=\"3162\" data-end=\"3165\" \/>\n<h3 data-start=\"3167\" data-end=\"3198\"><strong data-start=\"3171\" data-end=\"3198\">K\u013e\u00fa\u010dov\u00e9 vlastnosti<\/strong><\/h3>\n<ul data-start=\"3199\" data-end=\"3738\">\n<li data-start=\"3199\" data-end=\"3319\">\n<p data-start=\"3201\" data-end=\"3319\"><strong data-start=\"3201\" data-end=\"3226\">Presn\u00e9 d\u00e1vkovanie:<\/strong> Ka\u017ed\u00e1 ty\u010dinka obsahuje presne 0,5 mg vysoko \u010dist\u00e9ho flubrotizolamu pre konzistentn\u00e9 v\u00fdsledky.<\/p>\n<\/li>\n<li data-start=\"3320\" data-end=\"3435\">\n<p data-start=\"3322\" data-end=\"3435\"><strong data-start=\"3322\" data-end=\"3348\">Laborat\u00f3rna kvalita:<\/strong> Vyroben\u00e9 pod\u013ea pr\u00edsnych \u0161tandardov kvality pre maxim\u00e1lnu \u010distotu a stabilitu.<\/p>\n<\/li>\n<li data-start=\"3436\" data-end=\"3533\">\n<p data-start=\"3438\" data-end=\"3533\"><strong data-start=\"3438\" data-end=\"3458\">Kompaktn\u00fd dizajn:<\/strong> \u013dahko sa s n\u00edm manipuluje pre kontrolovan\u00e9 a bezpe\u010dn\u00e9 pou\u017eitie vo v\u00fdskume.<\/p>\n<\/li>\n<li data-start=\"3534\" data-end=\"3635\">\n<p data-start=\"3536\" data-end=\"3635\"><strong data-start=\"3536\" data-end=\"3571\">Publikovan\u00fd v\u00fdskumn\u00fd profil:<\/strong> Zn\u00e1my pre svoje siln\u00e9 sedat\u00edvne a svalovo-relaxa\u010dn\u00e9 \u00fa\u010dinky.<\/p>\n<\/li>\n<li data-start=\"3636\" data-end=\"3738\">\n<p data-start=\"3638\" data-end=\"3738\"><strong data-start=\"3638\" data-end=\"3661\">Bezpe\u010dn\u00e9 balenie:<\/strong> Vzduchotesne utesnen\u00e9 pre zachovanie integrity produktu po\u010das prepravy.<\/p>\n<\/li>\n<\/ul>\n<hr data-start=\"3740\" data-end=\"3743\" \/>\n<h3 data-start=\"3745\" data-end=\"3762\"><strong data-start=\"3749\" data-end=\"3762\">V\u00fdhody<\/strong><\/h3>\n<ul data-start=\"3763\" data-end=\"4059\">\n<li data-start=\"3763\" data-end=\"3851\">\n<p data-start=\"3765\" data-end=\"3851\">Zna\u010dky <strong data-start=\"3771\" data-end=\"3804\">presn\u00e1 kontrola d\u00e1vkovania<\/strong> mo\u017en\u00e9 vo vedeck\u00fdch experimentoch.<\/p>\n<\/li>\n<li data-start=\"3852\" data-end=\"3933\">\n<p data-start=\"3854\" data-end=\"3933\">Ponuky <strong data-start=\"3860\" data-end=\"3888\">spo\u013eahliv\u00e1 konzistencia<\/strong> pre reprodukovate\u013en\u00e9 v\u00fdsledky v\u00fdskumu.<\/p>\n<\/li>\n<li data-start=\"3934\" data-end=\"3994\">\n<p data-start=\"3936\" data-end=\"3994\">Podporuje v\u00fdskum v oblasti <strong data-start=\"3963\" data-end=\"3991\">modul\u00e1cia sp\u00e1nku a \u00fazkosti<\/strong>.<\/p>\n<\/li>\n<li data-start=\"3995\" data-end=\"4059\">\n<p data-start=\"3997\" data-end=\"4059\">Propaguje <strong data-start=\"4007\" data-end=\"4036\">bezpe\u010dnos\u0165 a efekt\u00edvnos\u0165<\/strong> v laborat\u00f3riu.<\/p>\n<\/li>\n<\/ul>\n<hr data-start=\"4061\" data-end=\"4064\" \/>\n<h3 data-start=\"4066\" data-end=\"4081\"><strong data-start=\"4070\" data-end=\"4081\">Pou\u017eitie<\/strong><\/h3>\n<p data-start=\"4082\" data-end=\"4166\">Tento produkt je <strong data-start=\"4097\" data-end=\"4163\">ur\u010den\u00e9 len na laborat\u00f3rne a v\u00fdskumn\u00e9 \u00fa\u010dely<\/strong>.<\/p>\n<ul data-start=\"4167\" data-end=\"4378\">\n<li data-start=\"4167\" data-end=\"4253\">\n<p data-start=\"4169\" data-end=\"4253\">Pou\u017e\u00edvajte vhodn\u00e9 ochrann\u00e9 prostriedky a dodr\u017eiavajte \u0161tandardn\u00e9 bezpe\u010dnostn\u00e9 opatrenia.<\/p>\n<\/li>\n<li data-start=\"4254\" data-end=\"4319\">\n<p data-start=\"4256\" data-end=\"4319\">Skladujte na chladnom a suchom mieste, chr\u00e1nenom pred slne\u010dn\u00fdm \u017eiaren\u00edm.<\/p>\n<\/li>\n<li data-start=\"4320\" data-end=\"4378\">\n<p data-start=\"4322\" data-end=\"4378\">Nie je vhodn\u00e9 na \u013eudsk\u00fa ani zvieraciu konzum\u00e1ciu.<\/p>\n<\/li>\n<\/ul>\n<hr data-start=\"4380\" data-end=\"4383\" \/>\n<h3 data-start=\"4385\" data-end=\"4420\"><strong data-start=\"4389\" data-end=\"4420\">\u010casto kladen\u00e9 ot\u00e1zky (FAQ)<\/strong><\/h3>\n<p data-start=\"4422\" data-end=\"4613\"><strong data-start=\"4422\" data-end=\"4486\">1. Na \u010do sa pou\u017e\u00edvaj\u00fa ty\u010dinky Flubrotizolam Fanax 0,5 MG?<\/strong><br data-start=\"4486\" data-end=\"4489\" \/>Pou\u017e\u00edvaj\u00fa sa na vedeck\u00fd v\u00fdskum sedat\u00edvnych a anxiolytick\u00fdch \u00fa\u010dinkov tienotriazolodiazep\u00ednov.<\/p>\n<p data-start=\"4615\" data-end=\"4783\"><strong data-start=\"4615\" data-end=\"4669\">2. Je tento produkt bezpe\u010dn\u00fd na osobn\u00e9 pou\u017eitie?<\/strong><br data-start=\"4669\" data-end=\"4672\" \/>Nie. Tento produkt je ur\u010den\u00fd len na pou\u017eitie. <strong data-start=\"4717\" data-end=\"4741\">v\u00fdskumn\u00e9 \u00fa\u010dely<\/strong> a \u013eudia ich nesm\u00fa u\u017e\u00edva\u0165.<\/p>\n<p data-start=\"4785\" data-end=\"4923\"><strong data-start=\"4785\" data-end=\"4828\">3. Ako by sa mal produkt skladova\u0165?<\/strong><br data-start=\"4828\" data-end=\"4831\" \/>Skladujte v uzavretej n\u00e1dobe pri izbovej teplote, mimo dosahu vlhkosti a tepla.<\/p>","protected":false},"excerpt":{"rendered":"<h3><span data-sheets-value=\"{\" data-sheets-userformat=\"{\"><strong><span style=\"vertical-align: inherit;\"><span style=\"vertical-align: inherit;\"><span dir=\"auto\" style=\"vertical-align: inherit;\"><span dir=\"auto\" style=\"vertical-align: inherit;\">Flubrotizolam Fanax Bars<\/span><\/span><\/span><\/span><\/strong><span style=\"vertical-align: inherit;\"><span style=\"vertical-align: inherit;\"><span dir=\"auto\" style=\"vertical-align: inherit;\"><span dir=\"auto\" style=\"vertical-align: inherit;\"> Properties<\/span><\/span><\/span><\/span><\/span><\/h3>\n<p><strong><span style=\"vertical-align: inherit;\"><span style=\"vertical-align: inherit;\"><span dir=\"auto\" style=\"vertical-align: inherit;\"><span dir=\"auto\" style=\"vertical-align: inherit;\">Synonym:<\/span><\/span><\/span><\/span><\/strong><span style=\"vertical-align: inherit;\"><span style=\"vertical-align: inherit;\"><span dir=\"auto\" style=\"vertical-align: inherit;\"><span dir=\"auto\" style=\"vertical-align: inherit;\"> 2-bromo-4-(2-fluorophenyl)-9-methyl-6H-thieno[3,2-f][1,2,4]triazolo[4,3-a][1,4]diazepine <\/span><\/span><\/span><\/span><br \/>\n<strong><span style=\"vertical-align: inherit;\"><span style=\"vertical-align: inherit;\"><span dir=\"auto\" style=\"vertical-align: inherit;\"><span dir=\"auto\" style=\"vertical-align: inherit;\">CAS Number:<\/span><\/span><\/span><\/span><\/strong><span style=\"vertical-align: inherit;\"><span style=\"vertical-align: inherit;\"><span dir=\"auto\" style=\"vertical-align: inherit;\"><span dir=\"auto\" style=\"vertical-align: inherit;\"> 57801-95-3 <\/span><\/span><\/span><\/span><br \/>\n<strong><span style=\"vertical-align: inherit;\"><span style=\"vertical-align: inherit;\"><span dir=\"auto\" style=\"vertical-align: inherit;\"><span dir=\"auto\" style=\"vertical-align: inherit;\">Formula:<\/span><\/span><\/span><\/span><\/strong><span style=\"vertical-align: inherit;\"><span style=\"vertical-align: inherit;\"><span dir=\"auto\" style=\"vertical-align: inherit;\"><span dir=\"auto\" style=\"vertical-align: inherit;\"> C17H12BrFN4 <\/span><\/span><\/span><\/span><br \/>\n<strong><span style=\"vertical-align: inherit;\"><span style=\"vertical-align: inherit;\"><span dir=\"auto\" style=\"vertical-align: inherit;\"><span dir=\"auto\" style=\"vertical-align: inherit;\">Mole mass:<\/span><\/span><\/span><\/span><\/strong><span style=\"vertical-align: inherit;\"><span style=\"vertical-align: inherit;\"><span dir=\"auto\" style=\"vertical-align: inherit;\"><span dir=\"auto\" style=\"vertical-align: inherit;\"> 377.2 g\/mol <\/span><\/span><\/span><\/span><br \/>\n<strong><span style=\"vertical-align: inherit;\"><span style=\"vertical-align: inherit;\"><span dir=\"auto\" style=\"vertical-align: inherit;\"><span dir=\"auto\" style=\"vertical-align: inherit;\">Purity:<\/span><\/span><\/span><\/span><\/strong><span style=\"vertical-align: inherit;\"><span style=\"vertical-align: inherit;\"><span dir=\"auto\" style=\"vertical-align: inherit;\"><span dir=\"auto\" style=\"vertical-align: inherit;\"> \u226599%<\/span><\/span><\/span><\/span><\/p>\n<p><span style=\"color: #ed1c24;\">\u00a0<\/span><\/p>\n","protected":false},"featured_media":20588,"comment_status":"closed","ping_status":"closed","template":"","meta":[],"product_brand":[],"product_cat":[76,476],"product_tag":[150,1139,326],"class_list":{"0":"post-23663","1":"product","2":"type-product","3":"status-publish","4":"has-post-thumbnail","6":"product_cat-benzodiazepinen","7":"product_cat-flubrotizolam","8":"product_tag-flubrotizolam","9":"product_tag-flubrotizolam-kopen","10":"product_tag-nl","12":"first","13":"instock","14":"taxable","15":"shipping-taxable","16":"purchasable","17":"product-type-variable"},"_links":{"self":[{"href":"https:\/\/researchchemicalhub.com\/sk\/wp-json\/wp\/v2\/product\/23663","targetHints":{"allow":["GET"]}}],"collection":[{"href":"https:\/\/researchchemicalhub.com\/sk\/wp-json\/wp\/v2\/product"}],"about":[{"href":"https:\/\/researchchemicalhub.com\/sk\/wp-json\/wp\/v2\/types\/product"}],"replies":[{"embeddable":true,"href":"https:\/\/researchchemicalhub.com\/sk\/wp-json\/wp\/v2\/comments?post=23663"}],"version-history":[{"count":5,"href":"https:\/\/researchchemicalhub.com\/sk\/wp-json\/wp\/v2\/product\/23663\/revisions"}],"predecessor-version":[{"id":27989,"href":"https:\/\/researchchemicalhub.com\/sk\/wp-json\/wp\/v2\/product\/23663\/revisions\/27989"}],"wp:featuredmedia":[{"embeddable":true,"href":"https:\/\/researchchemicalhub.com\/sk\/wp-json\/wp\/v2\/media\/20588"}],"wp:attachment":[{"href":"https:\/\/researchchemicalhub.com\/sk\/wp-json\/wp\/v2\/media?parent=23663"}],"wp:term":[{"taxonomy":"product_brand","embeddable":true,"href":"https:\/\/researchchemicalhub.com\/sk\/wp-json\/wp\/v2\/product_brand?post=23663"},{"taxonomy":"product_cat","embeddable":true,"href":"https:\/\/researchchemicalhub.com\/sk\/wp-json\/wp\/v2\/product_cat?post=23663"},{"taxonomy":"product_tag","embeddable":true,"href":"https:\/\/researchchemicalhub.com\/sk\/wp-json\/wp\/v2\/product_tag?post=23663"}],"curies":[{"name":"pracovn\u00fd list","href":"https:\/\/api.w.org\/{rel}","templated":true}]}}