{"id":23595,"date":"2025-04-13T17:40:01","date_gmt":"2025-04-13T17:40:01","guid":{"rendered":"https:\/\/researchchemicalhub.com\/?post_type=product&#038;p=23595"},"modified":"2025-10-30T09:18:12","modified_gmt":"2025-10-30T09:18:12","slug":"1p-kupit-lsd-3","status":"publish","type":"product","link":"https:\/\/researchchemicalhub.com\/sk\/obchod\/1p-lsd-20-mcg-pijavice\/1p-kupit-lsd-3\/","title":{"rendered":"1P-LSD 150 MCG pelety"},"content":{"rendered":"<h3>Objednajte si pelety LSD 1P-LSD 150 MCG \u2013 pr\u00e9miov\u00e1 kvalita pre vedeck\u00fd v\u00fdskum<\/h3>\n<p data-start=\"4066\" data-end=\"4258\"><strong data-start=\"4066\" data-end=\"4117\">1P-LSD (dietylamid kyseliny 1-propionyl-lysergovej)<\/strong> Pelety s hmotnos\u0165ou 150 \u00b5g s\u00fa <strong data-start=\"4138\" data-end=\"4184\">vysoko \u010dist\u00e9 v\u00fdskumn\u00e9 zl\u00fa\u010deniny<\/strong>, vyvinut\u00fd pre <strong data-start=\"4202\" data-end=\"4255\">neurovedeck\u00fd a farmakologick\u00fd v\u00fdskum<\/strong>1p k\u00fapi\u0165 LSD<\/p>\n<p data-start=\"4260\" data-end=\"4523\">Ak <strong data-start=\"4264\" data-end=\"4296\">\u0161truktur\u00e1lny anal\u00f3g LSD<\/strong>1P-LSD obsahuje propionylov\u00fa skupinu, ktor\u00e1 ovplyv\u0148uje jeho farmakologick\u00e9 vlastnosti. \u010casto sa pou\u017e\u00edva v <strong data-start=\"4406\" data-end=\"4446\">v\u00fdskum seroton\u00ednov\u00fdch receptorov<\/strong> a <strong data-start=\"4450\" data-end=\"4492\">vz\u0165ahy medzi \u0161trukt\u00farou a aktivitou (SAR)<\/strong> v r\u00e1mci triedy lysergamidu.<\/p>\n<p data-start=\"4525\" data-end=\"4673\">Ka\u017ed\u00e1 peleta obsahuje <strong data-start=\"4543\" data-end=\"4567\">150 mikrogramov 1P-LSD<\/strong> s vysokou presnos\u0165ou, \u010do zais\u0165uje reprodukovate\u013en\u00e9 v\u00fdsledky v\u00fdskumu a dlhodob\u00fa stabilitu.<\/p>\n<blockquote data-start=\"4675\" data-end=\"4813\">\n<p data-start=\"4677\" data-end=\"4813\">\u26a0\ufe0f <strong data-start=\"4680\" data-end=\"4691\">Pozn\u00e1mka:<\/strong> Tento produkt je <strong data-start=\"4707\" data-end=\"4762\">ur\u010den\u00e9 len na vedeck\u00fd v\u00fdskum<\/strong> a <strong data-start=\"4766\" data-end=\"4810\">nie je vhodn\u00e9 na \u013eudsk\u00fa spotrebu<\/strong>.<\/p>\n<\/blockquote>\n<hr data-start=\"4815\" data-end=\"4818\" \/>\n<h3 data-start=\"4820\" data-end=\"4851\"><strong data-start=\"4824\" data-end=\"4851\">K\u013e\u00fa\u010dov\u00e9 vlastnosti<\/strong><\/h3>\n<ul data-start=\"4852\" data-end=\"5288\">\n<li data-start=\"4852\" data-end=\"4935\">\n<p data-start=\"4854\" data-end=\"4935\"><strong data-start=\"4854\" data-end=\"4880\">Vysok\u00e1 \u010distota (\u226599%)<\/strong> \u2013 Laborat\u00f3rne testovan\u00e9 na identitu a stabilitu.<\/p>\n<\/li>\n<li data-start=\"4936\" data-end=\"5034\">\n<p data-start=\"4938\" data-end=\"5034\"><strong data-start=\"4938\" data-end=\"4976\">Presn\u00e9 mikrod\u00e1vkovanie (150 \u00b5g)<\/strong> \u2013 Pre konzistentn\u00e9 a spo\u013eahliv\u00e9 v\u00fdsledky v\u00fdskumu.<\/p>\n<\/li>\n<li data-start=\"5035\" data-end=\"5117\">\n<p data-start=\"5037\" data-end=\"5117\"><strong data-start=\"5037\" data-end=\"5063\">Zlep\u0161en\u00e1 stabilita<\/strong> \u2013 Navrhnut\u00e9 tak, aby sa zabr\u00e1nilo degrad\u00e1cii po\u010das skladovania.<\/p>\n<\/li>\n<li data-start=\"5118\" data-end=\"5200\">\n<p data-start=\"5120\" data-end=\"5200\"><strong data-start=\"5120\" data-end=\"5145\">V\u00fdroba podobn\u00e1 GMP<\/strong> \u2013 Zaru\u010den\u00e1 kvalita pre v\u00fdskumn\u00e9 \u00fa\u010dely.<\/p>\n<\/li>\n<li data-start=\"5201\" data-end=\"5288\">\n<p data-start=\"5203\" data-end=\"5288\"><strong data-start=\"5203\" data-end=\"5225\">Bezpe\u010dn\u00e9 balenie<\/strong> \u2013 Vzduchotesn\u00e9 a odoln\u00e9 vo\u010di vlhkosti pre dlh\u00fa trvanlivos\u0165.<\/p>\n<\/li>\n<\/ul>\n<hr data-start=\"5290\" data-end=\"5293\" \/>\n<h3 data-start=\"5295\" data-end=\"5312\"><strong data-start=\"5299\" data-end=\"5312\">V\u00fdhody<\/strong><\/h3>\n<ul data-start=\"5313\" data-end=\"5576\">\n<li data-start=\"5313\" data-end=\"5394\">\n<p data-start=\"5315\" data-end=\"5394\">Podporuje <strong data-start=\"5327\" data-end=\"5391\">v\u00fdskum seroton\u00ednov\u00fdch receptorov a anal\u00f3gov lysergamidu<\/strong>.<\/p>\n<\/li>\n<li data-start=\"5395\" data-end=\"5461\">\n<p data-start=\"5397\" data-end=\"5461\"><strong data-start=\"5397\" data-end=\"5421\">Presn\u00e9 d\u00e1vkovanie<\/strong> pre spo\u013eahliv\u00fa reprodukovate\u013enos\u0165.<\/p>\n<\/li>\n<li data-start=\"5462\" data-end=\"5514\">\n<p data-start=\"5464\" data-end=\"5514\"><strong data-start=\"5464\" data-end=\"5490\">Dlhodob\u00e1 stabilita<\/strong> a jednoduch\u00e9 skladovanie. K\u00fapte si 1p LSD<\/p>\n<\/li>\n<li data-start=\"5515\" data-end=\"5576\">\n<p data-start=\"5517\" data-end=\"5576\">Vhodn\u00e9 pre <strong data-start=\"5531\" data-end=\"5573\">farmakologick\u00fd a analytick\u00fd v\u00fdskum<\/strong>.<\/p>\n<\/li>\n<\/ul>\n<hr data-start=\"5578\" data-end=\"5581\" \/>\n<h3 data-start=\"5583\" data-end=\"5598\"><strong data-start=\"5587\" data-end=\"5598\">Pou\u017eitie<\/strong><\/h3>\n<ul data-start=\"5599\" data-end=\"5881\">\n<li data-start=\"5599\" data-end=\"5669\">\n<p data-start=\"5601\" data-end=\"5669\">Len na pou\u017eitie <strong data-start=\"5626\" data-end=\"5666\">kvalifikovan\u00fd laborat\u00f3rny person\u00e1l<\/strong>.<\/p>\n<\/li>\n<li data-start=\"5670\" data-end=\"5746\">\n<p data-start=\"5672\" data-end=\"5746\">Pou\u017eite vhodn\u00e9 <strong data-start=\"5690\" data-end=\"5714\">ochrann\u00e9 vybavenie<\/strong> (rukavice, ochrann\u00e9 okuliare, laborat\u00f3rny pl\u00e1\u0161\u0165).<\/p>\n<\/li>\n<li data-start=\"5747\" data-end=\"5822\">\n<p data-start=\"5749\" data-end=\"5822\">U\u0161etrite na <strong data-start=\"5764\" data-end=\"5787\">chladnom a suchom mieste<\/strong>, chr\u00e1nen\u00e9 pred svetlom a vlhkos\u0165ou.<\/p>\n<\/li>\n<li data-start=\"5823\" data-end=\"5881\">\n<p data-start=\"5825\" data-end=\"5881\">Nie je vhodn\u00e9 na \u013eudsk\u00fa ani zvieraciu konzum\u00e1ciu.<\/p>\n<\/li>\n<\/ul>\n<hr data-start=\"5883\" data-end=\"5886\" \/>\n<h3 data-start=\"5888\" data-end=\"5923\"><strong data-start=\"5892\" data-end=\"5923\">\u010casto kladen\u00e9 ot\u00e1zky (FAQ)<\/strong><\/h3>\n<p data-start=\"5925\" data-end=\"6082\"><strong data-start=\"5925\" data-end=\"5963\">1. Na \u010do sa pou\u017e\u00edva 1P-LSD?<\/strong><br data-start=\"5963\" data-end=\"5966\" \/>1P-LSD sa pou\u017e\u00edva v <strong data-start=\"5991\" data-end=\"6021\">vedeck\u00fd v\u00fdskum<\/strong> o lysergamidoch a ich \u00fa\u010dinkoch na seroton\u00ednov\u00e9 receptory.<\/p>\n<p data-start=\"6084\" data-end=\"6260\"><strong data-start=\"6084\" data-end=\"6138\">2. Je 1P-LSD 150 \u00b5g bezpe\u010dn\u00fd pre \u013eudsk\u00e9 pou\u017eitie?<\/strong><br data-start=\"6138\" data-end=\"6141\" \/>Nie. Tento produkt je <strong data-start=\"6161\" data-end=\"6210\">ur\u010den\u00e9 len na v\u00fdskumn\u00e9 \u00fa\u010dely<\/strong> a nie je schv\u00e1len\u00fd na \u013eudsk\u00fa spotrebu.<\/p>\n<p data-start=\"6262\" data-end=\"6430\"><strong data-start=\"6262\" data-end=\"6307\">3. Ako by sa mal skladova\u0165 1P-LSD 150 \u00b5g?<\/strong><br data-start=\"6307\" data-end=\"6310\" \/>Skladujte v <strong data-start=\"6325\" data-end=\"6355\">dobre uzavret\u00e9 balenie<\/strong> pri izbovej teplote (15 \u2013 25 \u00b0C), mimo dosahu vlhkosti, tepla a svetla.<\/p>\n<h4><span style=\"color: #333333; font-size: 16px;\">.<\/span><a style=\"font-size: 16px;\" href=\"https:\/\/researchchemicalhub.com\/sk\/obchod\/iboga-ibogain\/kora-korena-iboga\/\">k\u00f4ra kore\u0148a iboga<\/a><a style=\"font-size: 16px;\" href=\"https:\/\/researchchemicalhub.com\/sk\/obchod\/iboga-ibogain\/kupit-ibogain-hydrochlorid-online\/\">k\u00fapi\u0165 iboga\u00edn hydrochlorid online<\/a><a style=\"font-size: 16px;\" href=\"https:\/\/researchchemicalhub.com\/sk\/obchod\/pelety\/o-dsmt-50-mg-pelety\/\">o-dsmt<\/a><a style=\"font-size: 16px;\" href=\"https:\/\/researchchemicalhub.com\/sk\/obchod\/lysergamidy\/1v-lsd-150-mcg-pijavice\/\">1vlsd<\/a><a style=\"font-size: 16px;\" href=\"https:\/\/researchchemicalhub.com\/sk\/obchod\/lysergamidy\/1cp-lsd-150-mcg-umelecke-pijavice\/\">1 cp lsd<\/a><\/h4>","protected":false},"excerpt":{"rendered":"<h2>1P-LSD 150 MCG Pellets eigenschappen<\/h2>\n<p><strong>Synoniemen<\/strong>: N,N-diethyl-7-methyl-4-propanoyl-6,6a,8,9-tetrahydroindolo [4,3-fg]chinoline-9-carboxamide<br \/>\n<strong>CAS Nummer<\/strong>: 2349358-81-0<br \/>\n<strong>Formule<\/strong>: C23H29N3O2<br \/>\n<strong>Molmassa<\/strong>: 379,5 g\/mol<br \/>\n<strong>Zuiverheid<\/strong>: \u226599,3%<\/p>\n","protected":false},"featured_media":28356,"comment_status":"closed","ping_status":"closed","template":"","meta":[],"product_brand":[82],"product_cat":[363,379,358,324],"product_tag":[929,926,774,326],"class_list":{"0":"post-23595","1":"product","2":"type-product","3":"status-publish","4":"has-post-thumbnail","6":"product_brand-research-chemical","7":"product_cat-1p-lsd-kopen","8":"product_cat-1p-lsd-pellets","9":"product_cat-lysergamides","10":"product_cat-pellets-for-pellet","11":"product_tag-1p-lsd","12":"product_tag-1p-lsd-kopen","13":"product_tag-lsd-bestellen","14":"product_tag-nl","16":"first","17":"instock","18":"taxable","19":"shipping-taxable","20":"purchasable","21":"product-type-variable"},"_links":{"self":[{"href":"https:\/\/researchchemicalhub.com\/sk\/wp-json\/wp\/v2\/product\/23595","targetHints":{"allow":["GET"]}}],"collection":[{"href":"https:\/\/researchchemicalhub.com\/sk\/wp-json\/wp\/v2\/product"}],"about":[{"href":"https:\/\/researchchemicalhub.com\/sk\/wp-json\/wp\/v2\/types\/product"}],"replies":[{"embeddable":true,"href":"https:\/\/researchchemicalhub.com\/sk\/wp-json\/wp\/v2\/comments?post=23595"}],"version-history":[{"count":5,"href":"https:\/\/researchchemicalhub.com\/sk\/wp-json\/wp\/v2\/product\/23595\/revisions"}],"predecessor-version":[{"id":28001,"href":"https:\/\/researchchemicalhub.com\/sk\/wp-json\/wp\/v2\/product\/23595\/revisions\/28001"}],"wp:featuredmedia":[{"embeddable":true,"href":"https:\/\/researchchemicalhub.com\/sk\/wp-json\/wp\/v2\/media\/28356"}],"wp:attachment":[{"href":"https:\/\/researchchemicalhub.com\/sk\/wp-json\/wp\/v2\/media?parent=23595"}],"wp:term":[{"taxonomy":"product_brand","embeddable":true,"href":"https:\/\/researchchemicalhub.com\/sk\/wp-json\/wp\/v2\/product_brand?post=23595"},{"taxonomy":"product_cat","embeddable":true,"href":"https:\/\/researchchemicalhub.com\/sk\/wp-json\/wp\/v2\/product_cat?post=23595"},{"taxonomy":"product_tag","embeddable":true,"href":"https:\/\/researchchemicalhub.com\/sk\/wp-json\/wp\/v2\/product_tag?post=23595"}],"curies":[{"name":"pracovn\u00fd list","href":"https:\/\/api.w.org\/{rel}","templated":true}]}}