{"id":23509,"date":"2025-04-13T17:39:53","date_gmt":"2025-04-13T17:39:53","guid":{"rendered":"https:\/\/researchchemicalhub.com\/?post_type=product&#038;p=23509"},"modified":"2025-10-19T20:17:28","modified_gmt":"2025-10-19T20:17:28","slug":"5-meo-met-fumarate","status":"publish","type":"product","link":"https:\/\/researchchemicalhub.com\/sk\/shop\/5-meo-met\/5-meo-met-fumarate\/","title":{"rendered":"5-MeO-MET fumar\u00e1t"},"content":{"rendered":"<h3><strong><span dir=\"auto\" style=\"vertical-align: inherit;\"><span dir=\"auto\" style=\"vertical-align: inherit;\">5-MeO-MET fumar\u00e1t \u2013 popis produktu, pou\u017eitie, v\u00fdhody a nev\u00fdhody a naj\u010dastej\u0161ie ot\u00e1zky<\/span><\/span><\/strong><\/h3>\n<p data-start=\"4063\" data-end=\"4259\"><strong data-start=\"4063\" data-end=\"4124\">5-MeO-MET fumar\u00e1t (5-metoxy-N-metyl-N-etyltryptam\u00edn)<\/strong> je <strong data-start=\"4132\" data-end=\"4174\">vysoko \u010dist\u00e1 v\u00fdskumn\u00e1 zl\u00fa\u010denina<\/strong>, ur\u010den\u00fd pre <strong data-start=\"4191\" data-end=\"4256\">neurovedeck\u00fd, farmakologick\u00fd a analytick\u00fd v\u00fdskum<\/strong>5 meo s fumar\u00e1tom<\/p>\n<p data-start=\"4261\" data-end=\"4523\">Ak <strong data-start=\"4265\" data-end=\"4301\">metoxy-substituovan\u00fd anal\u00f3g<\/strong> od <strong data-start=\"4306\" data-end=\"4342\">MET (N-metyl-N-etyltryptam\u00edn)<\/strong> 5-MeO-MET patr\u00ed medzi <strong data-start=\"4368\" data-end=\"4388\">trieda tryptam\u00ednov<\/strong> a je to d\u00f4le\u017eit\u00e9 pre v\u00fdskum <strong data-start=\"4430\" data-end=\"4474\">seroton\u00ednov\u00e9 receptory (5-HT2A a 5-HT1A)<\/strong> a <strong data-start=\"4478\" data-end=\"4520\">vz\u0165ahy medzi \u0161trukt\u00farou a aktivitou (SAR)<\/strong>.<\/p>\n<p data-start=\"4525\" data-end=\"4704\">The <strong data-start=\"4528\" data-end=\"4548\">forma fumar\u00e1tovej soli<\/strong> zabezpe\u010duje <strong data-start=\"4560\" data-end=\"4623\">lep\u0161ia chemick\u00e1 stabilita, rozpustnos\u0165 a trvanlivos\u0165<\/strong>, \u010do je nevyhnutn\u00e9 pre dlhodob\u00e9 skladovanie a presn\u00e9 laborat\u00f3rne testovanie.<\/p>\n<blockquote data-start=\"4706\" data-end=\"4857\">\n<p data-start=\"4708\" data-end=\"4857\">\u26a0\ufe0f <strong data-start=\"4711\" data-end=\"4722\">Pozn\u00e1mka:<\/strong> Tento produkt je <strong data-start=\"4738\" data-end=\"4793\">ur\u010den\u00e9 len na vedeck\u00fd v\u00fdskum<\/strong> a <strong data-start=\"4797\" data-end=\"4854\">nie je vhodn\u00e9 na \u013eudsk\u00fa ani zvieraciu spotrebu<\/strong>.<\/p>\n<\/blockquote>\n<hr data-start=\"4859\" data-end=\"4862\" \/>\n<h3 data-start=\"4864\" data-end=\"4895\"><strong data-start=\"4868\" data-end=\"4895\">K\u013e\u00fa\u010dov\u00e9 vlastnosti<\/strong><\/h3>\n<ul data-start=\"4896\" data-end=\"5326\">\n<li data-start=\"4896\" data-end=\"4994\">\n<p data-start=\"4898\" data-end=\"4994\"><strong data-start=\"4898\" data-end=\"4924\">Vysok\u00e1 \u010distota (\u226599%)<\/strong> \u2013 Laborat\u00f3rne testovan\u00e9 na identitu, stabilitu a zlo\u017eenie.<\/p>\n<\/li>\n<li data-start=\"4995\" data-end=\"5070\">\n<p data-start=\"4997\" data-end=\"5070\"><strong data-start=\"4997\" data-end=\"5026\">Stabiln\u00e1 forma fumar\u00e1tovej soli<\/strong> \u2013 Zvy\u0161uje trvanlivos\u0165 a rozpustnos\u0165.<\/p>\n<\/li>\n<li data-start=\"5071\" data-end=\"5158\">\n<p data-start=\"5073\" data-end=\"5158\"><strong data-start=\"5073\" data-end=\"5112\">\u0160tandard farmakologick\u00e9ho v\u00fdskumu<\/strong> \u2013 Vhodn\u00e9 pre v\u00fdskum receptorov a SAR.<\/p>\n<\/li>\n<li data-start=\"5159\" data-end=\"5237\">\n<p data-start=\"5161\" data-end=\"5237\"><strong data-start=\"5161\" data-end=\"5186\">Konzistentn\u00e1 kvalita<\/strong> \u2013 Vyroben\u00e9 za podmienok podobn\u00fdch GMP.<\/p>\n<\/li>\n<li data-start=\"5238\" data-end=\"5326\">\n<p data-start=\"5240\" data-end=\"5326\"><strong data-start=\"5240\" data-end=\"5262\">Bezpe\u010dn\u00e9 balenie<\/strong> \u2013 Vzduchotesn\u00e9 a svetlotesn\u00e9 balenie pre maxim\u00e1lnu ochranu. 5 mJ\/l s fumar\u00e1tom<\/p>\n<\/li>\n<\/ul>\n<hr data-start=\"5328\" data-end=\"5331\" \/>\n<h3 data-start=\"5333\" data-end=\"5350\"><strong data-start=\"5337\" data-end=\"5350\">V\u00fdhody<\/strong><\/h3>\n<ul data-start=\"5351\" data-end=\"5645\">\n<li data-start=\"5351\" data-end=\"5431\">\n<p data-start=\"5353\" data-end=\"5431\">Podporuje <strong data-start=\"5365\" data-end=\"5428\">v\u00fdskum seroton\u00ednov\u00fdch receptorov a anal\u00f3gov tryptam\u00ednu<\/strong>.<\/p>\n<\/li>\n<li data-start=\"5432\" data-end=\"5510\">\n<p data-start=\"5434\" data-end=\"5510\"><strong data-start=\"5434\" data-end=\"5479\">Spo\u013eahliv\u00e9 a reprodukovate\u013en\u00e9 v\u00fdsledky<\/strong> v kontrolovanom v\u00fdskume.<\/p>\n<\/li>\n<li data-start=\"5511\" data-end=\"5575\">\n<p data-start=\"5513\" data-end=\"5575\"><strong data-start=\"5513\" data-end=\"5539\">Zlep\u0161en\u00e1 stabilita<\/strong> v porovnan\u00ed s vo\u013enou b\u00e1zickou formou.<\/p>\n<\/li>\n<li data-start=\"5576\" data-end=\"5645\">\n<p data-start=\"5578\" data-end=\"5645\">Vhodn\u00e9 pre <strong data-start=\"5592\" data-end=\"5642\">akademick\u00fd, analytick\u00fd a forenzn\u00fd v\u00fdskum<\/strong>.<\/p>\n<\/li>\n<\/ul>\n<hr data-start=\"5647\" data-end=\"5650\" \/>\n<h3 data-start=\"5652\" data-end=\"5667\"><strong data-start=\"5656\" data-end=\"5667\">Pou\u017eitie<\/strong><\/h3>\n<ul data-start=\"5668\" data-end=\"5950\">\n<li data-start=\"5668\" data-end=\"5738\">\n<p data-start=\"5670\" data-end=\"5738\">Len na pou\u017eitie <strong data-start=\"5695\" data-end=\"5735\">kvalifikovan\u00fd laborat\u00f3rny person\u00e1l<\/strong>.<\/p>\n<\/li>\n<li data-start=\"5739\" data-end=\"5826\">\n<p data-start=\"5741\" data-end=\"5826\">Pou\u017eite vhodn\u00e9 <strong data-start=\"5759\" data-end=\"5783\">ochrann\u00e9 vybavenie<\/strong> (rukavice, ochrann\u00e9 okuliare, laborat\u00f3rny pl\u00e1\u0161\u0165).<\/p>\n<\/li>\n<li data-start=\"5827\" data-end=\"5891\">\n<p data-start=\"5829\" data-end=\"5891\">U\u0161etrite na <strong data-start=\"5844\" data-end=\"5878\">chladnom, suchom a tmavom mieste<\/strong> (15 \u2013 25 \u00b0C).<\/p>\n<\/li>\n<li data-start=\"5892\" data-end=\"5950\">\n<p data-start=\"5894\" data-end=\"5950\">Nie je vhodn\u00e9 na \u013eudsk\u00fa ani zvieraciu konzum\u00e1ciu.<\/p>\n<\/li>\n<\/ul>\n<hr data-start=\"5952\" data-end=\"5955\" \/>\n<h3 data-start=\"5957\" data-end=\"5992\"><strong data-start=\"5961\" data-end=\"5992\">\u010casto kladen\u00e9 ot\u00e1zky (FAQ)<\/strong><\/h3>\n<p data-start=\"5994\" data-end=\"6184\"><strong data-start=\"5994\" data-end=\"6044\">1. Na \u010do sa pou\u017e\u00edva 5-MeO-MET fumar\u00e1t?<\/strong><br data-start=\"6044\" data-end=\"6047\" \/>5-MeO-MET fumar\u00e1t sa pou\u017e\u00edva na <strong data-start=\"6086\" data-end=\"6131\">farmakologick\u00fd a neurochemick\u00fd v\u00fdskum<\/strong> na seroton\u00ednov\u00e9 receptory a anal\u00f3gy tryptam\u00ednu.<\/p>\n<p data-start=\"6186\" data-end=\"6367\"><strong data-start=\"6186\" data-end=\"6245\">2. Je 5-MeO-MET fumar\u00e1t bezpe\u010dn\u00fd pre \u013eudsk\u00e9 pou\u017eitie?<\/strong><br data-start=\"6245\" data-end=\"6248\" \/>Nie. Tento produkt je <strong data-start=\"6268\" data-end=\"6317\">ur\u010den\u00e9 len na v\u00fdskumn\u00e9 \u00fa\u010dely<\/strong> a nie je schv\u00e1len\u00fd na \u013eudsk\u00fa spotrebu.<\/p>\n<p data-start=\"6369\" data-end=\"6541\"><strong data-start=\"6369\" data-end=\"6419\">3. Ako by sa mal skladova\u0165 5-MeO-MET fumar\u00e1t?<\/strong><br data-start=\"6419\" data-end=\"6422\" \/>Skladujte v <strong data-start=\"6437\" data-end=\"6467\">dobre uzavret\u00e9 balenie<\/strong> pri izbovej teplote (15 \u2013 25 \u00b0C), chr\u00e1nen\u00e9 pred vlhkos\u0165ou, teplom a svetlom.<\/p>","protected":false},"excerpt":{"rendered":"<h3><span data-sheets-value=\"{\" data-sheets-userformat=\"{\"><span dir=\"auto\" style=\"vertical-align: inherit;\"><span dir=\"auto\" style=\"vertical-align: inherit;\">5-MeO-MET fumarate properties<\/span><\/span><\/span><\/h3>\n<p><strong><span style=\"vertical-align: inherit;\"><span style=\"vertical-align: inherit;\"><span dir=\"auto\" style=\"vertical-align: inherit;\"><span dir=\"auto\" style=\"vertical-align: inherit;\">Synonym:<\/span><\/span><\/span><\/span><\/strong><span style=\"vertical-align: inherit;\"><span style=\"vertical-align: inherit;\"><span dir=\"auto\" style=\"vertical-align: inherit;\"><span dir=\"auto\" style=\"vertical-align: inherit;\"> 5-methoxy-N-methyl-N-ethyltryptamine fumarate <\/span><\/span><\/span><\/span><br \/>\n<strong><span style=\"vertical-align: inherit;\"><span style=\"vertical-align: inherit;\"><span dir=\"auto\" style=\"vertical-align: inherit;\"><span dir=\"auto\" style=\"vertical-align: inherit;\">CAS Number:<\/span><\/span><\/span><\/span><\/strong><span style=\"vertical-align: inherit;\"><span style=\"vertical-align: inherit;\"><span dir=\"auto\" style=\"vertical-align: inherit;\"><span dir=\"auto\" style=\"vertical-align: inherit;\"> n\/a <\/span><\/span><\/span><\/span><br \/>\n<strong><span style=\"vertical-align: inherit;\"><span style=\"vertical-align: inherit;\"><span dir=\"auto\" style=\"vertical-align: inherit;\"><span dir=\"auto\" style=\"vertical-align: inherit;\">Formula:<\/span><\/span><\/span><\/span><\/strong><span style=\"vertical-align: inherit;\"><span style=\"vertical-align: inherit;\"><span dir=\"auto\" style=\"vertical-align: inherit;\"><span dir=\"auto\" style=\"vertical-align: inherit;\"> 3-[2-(ethylmethylamino)ethyl]-5-methoxyindole fumarate <\/span><\/span><\/span><\/span><br \/>\n<strong><span style=\"vertical-align: inherit;\"><span style=\"vertical-align: inherit;\"><span dir=\"auto\" style=\"vertical-align: inherit;\"><span dir=\"auto\" style=\"vertical-align: inherit;\">Molar Mass:<\/span><\/span><\/span><\/span><\/strong><span style=\"vertical-align: inherit;\"><span style=\"vertical-align: inherit;\"><span dir=\"auto\" style=\"vertical-align: inherit;\"><span dir=\"auto\" style=\"vertical-align: inherit;\"> 348.4 g\/mol <\/span><\/span><\/span><\/span><br \/>\n<strong><span style=\"vertical-align: inherit;\"><span style=\"vertical-align: inherit;\"><span dir=\"auto\" style=\"vertical-align: inherit;\"><span dir=\"auto\" style=\"vertical-align: inherit;\">Purity:<\/span><\/span><\/span><\/span><\/strong><span style=\"vertical-align: inherit;\"><span style=\"vertical-align: inherit;\"><span dir=\"auto\" style=\"vertical-align: inherit;\"><span dir=\"auto\" style=\"vertical-align: inherit;\"> &gt;97%<\/span><\/span><\/span><\/span><\/p>\n","protected":false},"featured_media":20399,"comment_status":"closed","ping_status":"closed","template":"","meta":[],"product_brand":[],"product_cat":[545,381],"product_tag":[1169,1167,1168,326],"class_list":{"0":"post-23509","1":"product","2":"type-product","3":"status-publish","4":"has-post-thumbnail","6":"product_cat-5-meo-met","7":"product_cat-tryptamines","8":"product_tag-5-meo-met","9":"product_tag-5-meo-met-fumarate","10":"product_tag-5-meo-met-fumarate-kopen","11":"product_tag-nl","13":"first","14":"instock","15":"taxable","16":"shipping-taxable","17":"purchasable","18":"product-type-variable"},"_links":{"self":[{"href":"https:\/\/researchchemicalhub.com\/sk\/wp-json\/wp\/v2\/product\/23509","targetHints":{"allow":["GET"]}}],"collection":[{"href":"https:\/\/researchchemicalhub.com\/sk\/wp-json\/wp\/v2\/product"}],"about":[{"href":"https:\/\/researchchemicalhub.com\/sk\/wp-json\/wp\/v2\/types\/product"}],"replies":[{"embeddable":true,"href":"https:\/\/researchchemicalhub.com\/sk\/wp-json\/wp\/v2\/comments?post=23509"}],"version-history":[{"count":5,"href":"https:\/\/researchchemicalhub.com\/sk\/wp-json\/wp\/v2\/product\/23509\/revisions"}],"predecessor-version":[{"id":28028,"href":"https:\/\/researchchemicalhub.com\/sk\/wp-json\/wp\/v2\/product\/23509\/revisions\/28028"}],"wp:featuredmedia":[{"embeddable":true,"href":"https:\/\/researchchemicalhub.com\/sk\/wp-json\/wp\/v2\/media\/20399"}],"wp:attachment":[{"href":"https:\/\/researchchemicalhub.com\/sk\/wp-json\/wp\/v2\/media?parent=23509"}],"wp:term":[{"taxonomy":"product_brand","embeddable":true,"href":"https:\/\/researchchemicalhub.com\/sk\/wp-json\/wp\/v2\/product_brand?post=23509"},{"taxonomy":"product_cat","embeddable":true,"href":"https:\/\/researchchemicalhub.com\/sk\/wp-json\/wp\/v2\/product_cat?post=23509"},{"taxonomy":"product_tag","embeddable":true,"href":"https:\/\/researchchemicalhub.com\/sk\/wp-json\/wp\/v2\/product_tag?post=23509"}],"curies":[{"name":"pracovn\u00fd list","href":"https:\/\/api.w.org\/{rel}","templated":true}]}}