{"id":23471,"date":"2025-04-13T17:39:49","date_gmt":"2025-04-13T17:39:49","guid":{"rendered":"https:\/\/researchchemicalhub.com\/?post_type=product&#038;p=23471"},"modified":"2025-10-19T20:39:55","modified_gmt":"2025-10-19T20:39:55","slug":"4-ho-mipt-fumarate","status":"publish","type":"product","link":"https:\/\/researchchemicalhub.com\/sk\/shop\/4-ho-mipt\/4-ho-mipt-fumarate\/","title":{"rendered":"4-HO-MiPT fumar\u00e1t"},"content":{"rendered":"<h3><strong><span dir=\"auto\" style=\"vertical-align: inherit;\"><span dir=\"auto\" style=\"vertical-align: inherit;\">4-HO-MiPT fumar\u00e1t \u2013 popis produktu, pou\u017eitie, v\u00fdhody a nev\u00fdhody a naj\u010dastej\u0161ie ot\u00e1zky<\/span><\/span><\/strong><\/h3>\n<p data-start=\"4058\" data-end=\"4259\"><strong data-start=\"4058\" data-end=\"4123\">4-HO-MiPT fumar\u00e1t (4-hydroxy-N-metyl-N-izopropyltryptam\u00edn)<\/strong> je <strong data-start=\"4131\" data-end=\"4173\">vysoko \u010dist\u00e1 v\u00fdskumn\u00e1 zl\u00fa\u010denina<\/strong>, vyvinut\u00fd pre <strong data-start=\"4191\" data-end=\"4256\">neurovedeck\u00fd, farmakologick\u00fd a analytick\u00fd v\u00fdskum<\/strong>4-HO-MiPT fumar\u00e1t<\/p>\n<p data-start=\"4261\" data-end=\"4597\">Ako \u010dlen <strong data-start=\"4276\" data-end=\"4312\">Trieda 4-hydroxytryptam\u00ednu (4-HO)<\/strong> s\u00favis\u00ed to \u0161truktur\u00e1lne s <strong data-start=\"4344\" data-end=\"4368\">psiloc\u00edn (4-HO-DMT)<\/strong> a \u010fal\u0161ie pr\u00edrodn\u00e9 tryptam\u00edny. <strong data-start=\"4407\" data-end=\"4440\">hydroxylov\u00e1 skupina v polohe 4<\/strong> ovplyv\u0148uje <strong data-start=\"4455\" data-end=\"4504\">v\u00e4zba na seroton\u00ednov\u00e9 receptory (5-HT1A a 5-HT2A)<\/strong>, v\u010faka \u010domu je 4-HO-MiPT cenn\u00fd pre <strong data-start=\"4543\" data-end=\"4584\">vz\u0165ah medzi \u0161trukt\u00farou a aktivitou (SAR)<\/strong>-v\u00fdskum.<\/p>\n<p data-start=\"4599\" data-end=\"4793\">The <strong data-start=\"4602\" data-end=\"4622\">forma fumar\u00e1tovej soli<\/strong> zabezpe\u010duje <strong data-start=\"4634\" data-end=\"4702\">vynikaj\u00faca chemick\u00e1 stabilita, rozpustnos\u0165 a trvanlivos\u0165<\/strong>, v\u010faka \u010domu je ide\u00e1lny na dlhodob\u00e9 skladovanie a kontrolovan\u00e9 laborat\u00f3rne aplik\u00e1cie.<\/p>\n<blockquote data-start=\"4795\" data-end=\"4946\">\n<p data-start=\"4797\" data-end=\"4946\">\u26a0\ufe0f <strong data-start=\"4800\" data-end=\"4811\">Pozn\u00e1mka:<\/strong> Tento produkt je <strong data-start=\"4827\" data-end=\"4882\">ur\u010den\u00e9 len na vedeck\u00fd v\u00fdskum<\/strong> a <strong data-start=\"4886\" data-end=\"4943\">nie je vhodn\u00e9 na \u013eudsk\u00fa ani zvieraciu spotrebu<\/strong>.<\/p>\n<\/blockquote>\n<hr data-start=\"4948\" data-end=\"4951\" \/>\n<h3 data-start=\"4953\" data-end=\"4984\"><strong data-start=\"4957\" data-end=\"4984\">K\u013e\u00fa\u010dov\u00e9 vlastnosti<\/strong><\/h3>\n<ul data-start=\"4985\" data-end=\"5377\">\n<li data-start=\"4985\" data-end=\"5055\">\n<p data-start=\"4987\" data-end=\"5055\"><strong data-start=\"4987\" data-end=\"5013\">Vysok\u00e1 \u010distota (\u226599%)<\/strong> \u2013 Potvrden\u00e9 anal\u00fdzou HPLC a GC-MS.<\/p>\n<\/li>\n<li data-start=\"5056\" data-end=\"5130\">\n<p data-start=\"5058\" data-end=\"5130\"><strong data-start=\"5058\" data-end=\"5087\">Stabiln\u00e1 forma fumar\u00e1tovej soli<\/strong> \u2013 Zvy\u0161uje stabilitu a u\u013eah\u010duje pou\u017e\u00edvanie.<\/p>\n<\/li>\n<li data-start=\"5131\" data-end=\"5218\">\n<p data-start=\"5133\" data-end=\"5218\"><strong data-start=\"5133\" data-end=\"5172\">\u0160tandard farmakologick\u00e9ho v\u00fdskumu<\/strong> \u2013 Vhodn\u00e9 pre v\u00fdskum receptorov a SAR.<\/p>\n<\/li>\n<li data-start=\"5219\" data-end=\"5288\">\n<p data-start=\"5221\" data-end=\"5288\"><strong data-start=\"5221\" data-end=\"5246\">V\u00fdroba podobn\u00e1 GMP<\/strong> \u2013 Zabezpe\u010duje konzistentnos\u0165 a kvalitu.<\/p>\n<\/li>\n<li data-start=\"5289\" data-end=\"5377\">\n<p data-start=\"5291\" data-end=\"5377\"><strong data-start=\"5291\" data-end=\"5313\">Bezpe\u010dn\u00e9 balenie<\/strong> \u2013 Vzduchotesn\u00e9 a svetlotesn\u00e9 balenie pre maxim\u00e1lnu ochranu. 4-HO-MiPT fumar\u00e1t<\/p>\n<\/li>\n<\/ul>\n<hr data-start=\"5379\" data-end=\"5382\" \/>\n<h3 data-start=\"5384\" data-end=\"5401\"><strong data-start=\"5388\" data-end=\"5401\">V\u00fdhody<\/strong><\/h3>\n<ul data-start=\"5402\" data-end=\"5699\">\n<li data-start=\"5402\" data-end=\"5482\">\n<p data-start=\"5404\" data-end=\"5482\">Podporuje <strong data-start=\"5416\" data-end=\"5479\">v\u00fdskum seroton\u00ednov\u00fdch receptorov a anal\u00f3gov tryptam\u00ednu<\/strong>.<\/p>\n<\/li>\n<li data-start=\"5483\" data-end=\"5560\">\n<p data-start=\"5485\" data-end=\"5560\"><strong data-start=\"5485\" data-end=\"5530\">Presn\u00e9 a reprodukovate\u013en\u00e9 v\u00fdsledky<\/strong> v kontrolovanom v\u00fdskume.<\/p>\n<\/li>\n<li data-start=\"5561\" data-end=\"5627\">\n<p data-start=\"5563\" data-end=\"5627\"><strong data-start=\"5563\" data-end=\"5589\">Zlep\u0161en\u00e1 stabilita<\/strong> v porovnan\u00ed s vo\u013enou b\u00e1zickou formou.<\/p>\n<\/li>\n<li data-start=\"5628\" data-end=\"5699\">\n<p data-start=\"5630\" data-end=\"5699\">Ide\u00e1lne pre <strong data-start=\"5642\" data-end=\"5696\">akademick\u00fd, farmakologick\u00fd a analytick\u00fd v\u00fdskum<\/strong>.<\/p>\n<\/li>\n<\/ul>\n<hr data-start=\"5701\" data-end=\"5704\" \/>\n<h3 data-start=\"5706\" data-end=\"5721\"><strong data-start=\"5710\" data-end=\"5721\">Pou\u017eitie<\/strong><\/h3>\n<ul data-start=\"5722\" data-end=\"5993\">\n<li data-start=\"5722\" data-end=\"5792\">\n<p data-start=\"5724\" data-end=\"5792\">Len na pou\u017eitie <strong data-start=\"5749\" data-end=\"5789\">kvalifikovan\u00fd laborat\u00f3rny person\u00e1l<\/strong>.<\/p>\n<\/li>\n<li data-start=\"5793\" data-end=\"5869\">\n<p data-start=\"5795\" data-end=\"5869\">Pou\u017eite vhodn\u00e9 <strong data-start=\"5813\" data-end=\"5837\">ochrann\u00e9 vybavenie<\/strong> (rukavice, ochrann\u00e9 okuliare, laborat\u00f3rny pl\u00e1\u0161\u0165).<\/p>\n<\/li>\n<li data-start=\"5870\" data-end=\"5934\">\n<p data-start=\"5872\" data-end=\"5934\">U\u0161etrite na <strong data-start=\"5887\" data-end=\"5921\">chladnom, suchom a tmavom mieste<\/strong> (15 \u2013 25 \u00b0C).<\/p>\n<\/li>\n<li data-start=\"5935\" data-end=\"5993\">\n<p data-start=\"5937\" data-end=\"5993\">Nie je vhodn\u00e9 na \u013eudsk\u00fa ani zvieraciu konzum\u00e1ciu.<\/p>\n<\/li>\n<\/ul>\n<hr data-start=\"5995\" data-end=\"5998\" \/>\n<h3 data-start=\"6000\" data-end=\"6035\"><strong data-start=\"6004\" data-end=\"6035\">\u010casto kladen\u00e9 ot\u00e1zky (FAQ)<\/strong><\/h3>\n<p data-start=\"6037\" data-end=\"6225\"><strong data-start=\"6037\" data-end=\"6087\">1. Na \u010do sa pou\u017e\u00edva 4-HO-MiPT fumar\u00e1t?<\/strong><br data-start=\"6087\" data-end=\"6090\" \/>4-HO-MiPT fumar\u00e1t sa pou\u017e\u00edva v <strong data-start=\"6127\" data-end=\"6172\">farmakologick\u00fd a neurochemick\u00fd v\u00fdskum<\/strong> na seroton\u00ednov\u00e9 receptory a anal\u00f3gy tryptam\u00ednu.<\/p>\n<p data-start=\"6227\" data-end=\"6408\"><strong data-start=\"6227\" data-end=\"6286\">2. Je 4-HO-MiPT fumar\u00e1t bezpe\u010dn\u00fd pre \u013eudsk\u00e9 pou\u017eitie?<\/strong><br data-start=\"6286\" data-end=\"6289\" \/>Nie. Tento produkt je <strong data-start=\"6309\" data-end=\"6358\">ur\u010den\u00e9 len na v\u00fdskumn\u00e9 \u00fa\u010dely<\/strong> a nie je schv\u00e1len\u00fd na \u013eudsk\u00fa spotrebu.<\/p>\n<p data-start=\"6410\" data-end=\"6582\"><strong data-start=\"6410\" data-end=\"6460\">3. Ako sa m\u00e1 skladova\u0165 4-HO-MiPT fumar\u00e1t?<\/strong><br data-start=\"6460\" data-end=\"6463\" \/>Skladujte v <strong data-start=\"6478\" data-end=\"6508\">dobre uzavret\u00e9 balenie<\/strong> pri izbovej teplote (15 \u2013 25 \u00b0C), chr\u00e1nen\u00e9 pred vlhkos\u0165ou, teplom a svetlom.<\/p>","protected":false},"excerpt":{"rendered":"<h3><span data-sheets-value=\"{\" data-sheets-userformat=\"{\"><span style=\"vertical-align: inherit;\"><span style=\"vertical-align: inherit;\"><span dir=\"auto\" style=\"vertical-align: inherit;\"><span dir=\"auto\" style=\"vertical-align: inherit;\">4-HO-MiPT fumarate properties<\/span><\/span><\/span><\/span><\/span><\/h3>\n<p><strong><span style=\"vertical-align: inherit;\"><span style=\"vertical-align: inherit;\"><span dir=\"auto\" style=\"vertical-align: inherit;\"><span dir=\"auto\" style=\"vertical-align: inherit;\">Synonym:<\/span><\/span><\/span><\/span><\/strong><span style=\"vertical-align: inherit;\"><span style=\"vertical-align: inherit;\"><span dir=\"auto\" style=\"vertical-align: inherit;\"><span dir=\"auto\" style=\"vertical-align: inherit;\"> 4-hydroxy-N-methyl-N-isopropyltryptamine fumarate <\/span><\/span><\/span><\/span><br \/>\n<strong><span style=\"vertical-align: inherit;\"><span style=\"vertical-align: inherit;\"><span dir=\"auto\" style=\"vertical-align: inherit;\"><span dir=\"auto\" style=\"vertical-align: inherit;\">CAS Number:<\/span><\/span><\/span><\/span><\/strong><span style=\"vertical-align: inherit;\"><span style=\"vertical-align: inherit;\"><span dir=\"auto\" style=\"vertical-align: inherit;\"><span dir=\"auto\" style=\"vertical-align: inherit;\"> 77872-43-6 <\/span><\/span><\/span><\/span><br \/>\n<strong><span style=\"vertical-align: inherit;\"><span style=\"vertical-align: inherit;\"><span dir=\"auto\" style=\"vertical-align: inherit;\"><span dir=\"auto\" style=\"vertical-align: inherit;\">Formula:<\/span><\/span><\/span><\/span><\/strong><span style=\"vertical-align: inherit;\"><span style=\"vertical-align: inherit;\"><span dir=\"auto\" style=\"vertical-align: inherit;\"><span dir=\"auto\" style=\"vertical-align: inherit;\"> 3-[2-(isopropyl(methyl)amino)ethyl]-1H-indole-4-ol fumarate <\/span><\/span><\/span><\/span><br \/>\n<strong><span style=\"vertical-align: inherit;\"><span style=\"vertical-align: inherit;\"><span dir=\"auto\" style=\"vertical-align: inherit;\"><span dir=\"auto\" style=\"vertical-align: inherit;\">Molar Mass:<\/span><\/span><\/span><\/span><\/strong><span style=\"vertical-align: inherit;\"><span style=\"vertical-align: inherit;\"><span dir=\"auto\" style=\"vertical-align: inherit;\"><span dir=\"auto\" style=\"vertical-align: inherit;\"> 348.4 g\/mol <\/span><\/span><\/span><\/span><br \/>\n<strong><span style=\"vertical-align: inherit;\"><span style=\"vertical-align: inherit;\"><span dir=\"auto\" style=\"vertical-align: inherit;\"><span dir=\"auto\" style=\"vertical-align: inherit;\">Purity:<\/span><\/span><\/span><\/span><\/strong><span style=\"vertical-align: inherit;\"><span style=\"vertical-align: inherit;\"><span dir=\"auto\" style=\"vertical-align: inherit;\"><span dir=\"auto\" style=\"vertical-align: inherit;\"> &gt;97%<\/span><\/span><\/span><\/span><\/p>\n","protected":false},"featured_media":20353,"comment_status":"closed","ping_status":"closed","template":"","meta":[],"product_brand":[],"product_cat":[505,381],"product_tag":[1156,1157,326],"class_list":{"0":"post-23471","1":"product","2":"type-product","3":"status-publish","4":"has-post-thumbnail","6":"product_cat-4-ho-mipt","7":"product_cat-tryptamines","8":"product_tag-4-ho-mipt-fumarate","9":"product_tag-4-ho-mipt-fumarate-kopen","10":"product_tag-nl","12":"first","13":"instock","14":"taxable","15":"shipping-taxable","16":"purchasable","17":"product-type-variable"},"_links":{"self":[{"href":"https:\/\/researchchemicalhub.com\/sk\/wp-json\/wp\/v2\/product\/23471","targetHints":{"allow":["GET"]}}],"collection":[{"href":"https:\/\/researchchemicalhub.com\/sk\/wp-json\/wp\/v2\/product"}],"about":[{"href":"https:\/\/researchchemicalhub.com\/sk\/wp-json\/wp\/v2\/types\/product"}],"replies":[{"embeddable":true,"href":"https:\/\/researchchemicalhub.com\/sk\/wp-json\/wp\/v2\/comments?post=23471"}],"version-history":[{"count":4,"href":"https:\/\/researchchemicalhub.com\/sk\/wp-json\/wp\/v2\/product\/23471\/revisions"}],"predecessor-version":[{"id":28036,"href":"https:\/\/researchchemicalhub.com\/sk\/wp-json\/wp\/v2\/product\/23471\/revisions\/28036"}],"wp:featuredmedia":[{"embeddable":true,"href":"https:\/\/researchchemicalhub.com\/sk\/wp-json\/wp\/v2\/media\/20353"}],"wp:attachment":[{"href":"https:\/\/researchchemicalhub.com\/sk\/wp-json\/wp\/v2\/media?parent=23471"}],"wp:term":[{"taxonomy":"product_brand","embeddable":true,"href":"https:\/\/researchchemicalhub.com\/sk\/wp-json\/wp\/v2\/product_brand?post=23471"},{"taxonomy":"product_cat","embeddable":true,"href":"https:\/\/researchchemicalhub.com\/sk\/wp-json\/wp\/v2\/product_cat?post=23471"},{"taxonomy":"product_tag","embeddable":true,"href":"https:\/\/researchchemicalhub.com\/sk\/wp-json\/wp\/v2\/product_tag?post=23471"}],"curies":[{"name":"pracovn\u00fd list","href":"https:\/\/api.w.org\/{rel}","templated":true}]}}