{"id":23461,"date":"2025-04-13T17:39:49","date_gmt":"2025-04-13T17:39:49","guid":{"rendered":"https:\/\/researchchemicalhub.com\/?post_type=product&#038;p=23461"},"modified":"2025-10-19T20:33:31","modified_gmt":"2025-10-19T20:33:31","slug":"4-hodinovy-sladovy-fumarat","status":"publish","type":"product","link":"https:\/\/researchchemicalhub.com\/sk\/obchod\/4-ho-slad\/4-hodinovy-sladovy-fumarat\/","title":{"rendered":"4-HO-MALT fumar\u00e1t"},"content":{"rendered":"<h3><strong><span dir=\"auto\" style=\"vertical-align: inherit;\"><span dir=\"auto\" style=\"vertical-align: inherit;\">4-HO-MALT fumar\u00e1t \u2013 vedeck\u00fd popis produktu<\/span><\/span><\/strong><\/h3>\n<p data-start=\"4163\" data-end=\"4360\"><strong data-start=\"4163\" data-end=\"4224\">4-HO-MALT fumar\u00e1t (4-hydroxy-N-metyl-N-allyltryptam\u00edn)<\/strong> je <strong data-start=\"4232\" data-end=\"4274\">vysoko \u010dist\u00e1 v\u00fdskumn\u00e1 zl\u00fa\u010denina<\/strong>, vyvinut\u00fd pre <strong data-start=\"4292\" data-end=\"4357\">neurovedeck\u00fd, farmakologick\u00fd a analytick\u00fd v\u00fdskum<\/strong>4-HO-MALT fumar\u00e1t<\/p>\n<p data-start=\"4362\" data-end=\"4695\">Ako \u010dlen <strong data-start=\"4377\" data-end=\"4413\">Trieda 4-hydroxytryptam\u00ednu (4-HO)<\/strong> je 4-HO-MALT a <strong data-start=\"4431\" data-end=\"4468\">hydroxylovou skupinou substituovan\u00fd anal\u00f3g<\/strong> od <strong data-start=\"4473\" data-end=\"4481\">SLAD<\/strong>a \u00fazko s\u00favisiace so zl\u00fa\u010deninami, ako napr\u00edklad <strong data-start=\"4522\" data-end=\"4546\">4-HO-DMT (Psiloc\u00edn)<\/strong> a <strong data-start=\"4550\" data-end=\"4563\">4-HO-MiPT<\/strong>Pou\u017e\u00edva sa na <strong data-start=\"4589\" data-end=\"4646\">v\u00fdskum seroton\u00ednov\u00fdch receptorov (5-HT2A, 5-HT1A)<\/strong> a <strong data-start=\"4650\" data-end=\"4692\">vz\u0165ahy medzi \u0161trukt\u00farou a aktivitou (SAR)<\/strong>.<\/p>\n<p data-start=\"4697\" data-end=\"4878\">The <strong data-start=\"4700\" data-end=\"4720\">forma fumar\u00e1tovej soli<\/strong> zvy\u0161uje <strong data-start=\"4733\" data-end=\"4789\">chemick\u00e1 stabilita, rozpustnos\u0165 a trvanlivos\u0165<\/strong>, v\u010faka \u010domu je ide\u00e1lny na dlhodob\u00e9 skladovanie a kontrolovan\u00fd laborat\u00f3rny v\u00fdskum.<\/p>\n<blockquote data-start=\"4880\" data-end=\"5031\">\n<p data-start=\"4882\" data-end=\"5031\">\u26a0\ufe0f <strong data-start=\"4885\" data-end=\"4896\">Pozn\u00e1mka:<\/strong> Tento produkt je <strong data-start=\"4912\" data-end=\"4967\">ur\u010den\u00e9 len na vedeck\u00fd v\u00fdskum<\/strong> a <strong data-start=\"4971\" data-end=\"5028\">nie je vhodn\u00e9 na \u013eudsk\u00fa ani zvieraciu spotrebu<\/strong>.<\/p>\n<\/blockquote>\n<hr data-start=\"5033\" data-end=\"5036\" \/>\n<h3 data-start=\"5038\" data-end=\"5069\"><strong data-start=\"5042\" data-end=\"5069\">K\u013e\u00fa\u010dov\u00e9 vlastnosti<\/strong><\/h3>\n<ul data-start=\"5070\" data-end=\"5454\">\n<li data-start=\"5070\" data-end=\"5140\">\n<p data-start=\"5072\" data-end=\"5140\"><strong data-start=\"5072\" data-end=\"5098\">Vysok\u00e1 \u010distota (\u226599%)<\/strong> \u2013 Laborat\u00f3rne testovan\u00e9 pomocou HPLC a GC-MS.<\/p>\n<\/li>\n<li data-start=\"5141\" data-end=\"5214\">\n<p data-start=\"5143\" data-end=\"5214\"><strong data-start=\"5143\" data-end=\"5172\">Stabiln\u00e1 forma fumar\u00e1tovej soli<\/strong> \u2013 Zvy\u0161uje trvanlivos\u0165 a stabilitu.<\/p>\n<\/li>\n<li data-start=\"5215\" data-end=\"5302\">\n<p data-start=\"5217\" data-end=\"5302\"><strong data-start=\"5217\" data-end=\"5256\">\u0160tandard farmakologick\u00e9ho v\u00fdskumu<\/strong> \u2013 Vhodn\u00e9 pre v\u00fdskum receptorov a SAR.<\/p>\n<\/li>\n<li data-start=\"5303\" data-end=\"5373\">\n<p data-start=\"5305\" data-end=\"5373\"><strong data-start=\"5305\" data-end=\"5330\">Konzistentn\u00e1 kvalita<\/strong> \u2013 Vyroben\u00e9 pod\u013ea \u0161tandardov podobn\u00fdch GMP.<\/p>\n<\/li>\n<li data-start=\"5374\" data-end=\"5454\">\n<p data-start=\"5376\" data-end=\"5454\"><strong data-start=\"5376\" data-end=\"5398\">Bezpe\u010dn\u00e9 balenie<\/strong> \u2013 Vzduchotesn\u00e9 a svetlotesn\u00e9 pre optim\u00e1lnu ochranu.<\/p>\n<\/li>\n<\/ul>\n<hr data-start=\"5456\" data-end=\"5459\" \/>\n<h3 data-start=\"5461\" data-end=\"5478\"><strong data-start=\"5465\" data-end=\"5478\">V\u00fdhody<\/strong><\/h3>\n<ul data-start=\"5479\" data-end=\"5748\">\n<li data-start=\"5479\" data-end=\"5559\">\n<p data-start=\"5481\" data-end=\"5559\">Podporuje <strong data-start=\"5493\" data-end=\"5556\">v\u00fdskum seroton\u00ednov\u00fdch receptorov a anal\u00f3gov tryptam\u00ednu<\/strong>.<\/p>\n<\/li>\n<li data-start=\"5560\" data-end=\"5620\">\n<p data-start=\"5562\" data-end=\"5620\"><strong data-start=\"5562\" data-end=\"5617\">Presn\u00e9 a reprodukovate\u013en\u00e9 v\u00fdsledky v\u00fdskumu<\/strong>.<\/p>\n<\/li>\n<li data-start=\"5621\" data-end=\"5676\">\n<p data-start=\"5623\" data-end=\"5676\"><strong data-start=\"5623\" data-end=\"5649\">Zlep\u0161en\u00e1 stabilita<\/strong> a dlh\u0161iu trvanlivos\u0165.<\/p>\n<\/li>\n<li data-start=\"5677\" data-end=\"5748\">\n<p data-start=\"5679\" data-end=\"5748\">Ide\u00e1lne pre <strong data-start=\"5691\" data-end=\"5745\">akademick\u00fd, farmakologick\u00fd a analytick\u00fd v\u00fdskum<\/strong>4-HO-MALT fumar\u00e1t<\/p>\n<\/li>\n<\/ul>\n<hr data-start=\"5750\" data-end=\"5753\" \/>\n<h3 data-start=\"5755\" data-end=\"5770\"><strong data-start=\"5759\" data-end=\"5770\">Pou\u017eitie<\/strong><\/h3>\n<ul data-start=\"5771\" data-end=\"6042\">\n<li data-start=\"5771\" data-end=\"5841\">\n<p data-start=\"5773\" data-end=\"5841\">Len na pou\u017eitie <strong data-start=\"5798\" data-end=\"5838\">kvalifikovan\u00fd laborat\u00f3rny person\u00e1l<\/strong>.<\/p>\n<\/li>\n<li data-start=\"5842\" data-end=\"5918\">\n<p data-start=\"5844\" data-end=\"5918\">Pou\u017eite vhodn\u00e9 <strong data-start=\"5862\" data-end=\"5886\">ochrann\u00e9 vybavenie<\/strong> (rukavice, ochrann\u00e9 okuliare, laborat\u00f3rny pl\u00e1\u0161\u0165).<\/p>\n<\/li>\n<li data-start=\"5919\" data-end=\"5983\">\n<p data-start=\"5921\" data-end=\"5983\">U\u0161etrite na <strong data-start=\"5936\" data-end=\"5970\">chladnom, suchom a tmavom mieste<\/strong> (15 \u2013 25 \u00b0C).<\/p>\n<\/li>\n<li data-start=\"5984\" data-end=\"6042\">\n<p data-start=\"5986\" data-end=\"6042\">Nie je vhodn\u00e9 na \u013eudsk\u00fa ani zvieraciu konzum\u00e1ciu.<\/p>\n<\/li>\n<\/ul>\n<hr data-start=\"6044\" data-end=\"6047\" \/>\n<h3 data-start=\"6049\" data-end=\"6084\"><strong data-start=\"6053\" data-end=\"6084\">\u010casto kladen\u00e9 ot\u00e1zky (FAQ)<\/strong><\/h3>\n<p data-start=\"6086\" data-end=\"6289\"><strong data-start=\"6086\" data-end=\"6136\">1. Na \u010do sa pou\u017e\u00edva 4-HO-MALT fumar\u00e1t?<\/strong><br data-start=\"6136\" data-end=\"6139\" \/>4-HO-MALT fumar\u00e1t sa pou\u017e\u00edva na <strong data-start=\"6178\" data-end=\"6223\">farmakologick\u00fd a neurochemick\u00fd v\u00fdskum<\/strong> na seroton\u00ednov\u00e9 receptory a vz\u0165ahy medzi \u0161trukt\u00farou a aktivitou.<\/p>\n<p data-start=\"6291\" data-end=\"6472\"><strong data-start=\"6291\" data-end=\"6350\">2. Je 4-HO-MALT fumar\u00e1t bezpe\u010dn\u00fd pre \u013eudsk\u00e9 pou\u017eitie?<\/strong><br data-start=\"6350\" data-end=\"6353\" \/>Nie. Tento produkt je <strong data-start=\"6373\" data-end=\"6422\">ur\u010den\u00e9 len na v\u00fdskumn\u00e9 \u00fa\u010dely<\/strong> a nie je schv\u00e1len\u00fd na \u013eudsk\u00fa spotrebu.<\/p>\n<p data-start=\"6474\" data-end=\"6646\"><strong data-start=\"6474\" data-end=\"6524\">3. Ako sa m\u00e1 skladova\u0165 4-HO-MALT fumar\u00e1t?<\/strong><br data-start=\"6524\" data-end=\"6527\" \/>Skladujte v <strong data-start=\"6542\" data-end=\"6572\">dobre uzavret\u00e9 balenie<\/strong> pri izbovej teplote (15 \u2013 25 \u00b0C), chr\u00e1nen\u00e9 pred svetlom, teplom a vlhkos\u0165ou.<\/p>","protected":false},"excerpt":{"rendered":"<p>4-HO-MALT Fumarate \u2013 Scientific Product Description 4-HO-MALT Fumaraat (4-Hydroxy-N-Methyl-N-Allyltryptamine) is een onderzoekscompound van hoge zuiverheid, ontwikkeld voor neurowetenschappelijk, farmacologisch en<\/p>","protected":false},"featured_media":20349,"comment_status":"closed","ping_status":"closed","template":"","meta":[],"product_brand":[],"product_cat":[543,381],"product_tag":[1174,1175,326],"class_list":{"0":"post-23461","1":"product","2":"type-product","3":"status-publish","4":"has-post-thumbnail","6":"product_cat-4-ho-malt","7":"product_cat-tryptamines","8":"product_tag-4-ho-malt-fumarate","9":"product_tag-4-ho-malt-fumarate-kopen","10":"product_tag-nl","12":"first","13":"instock","14":"taxable","15":"shipping-taxable","16":"purchasable","17":"product-type-variable"},"_links":{"self":[{"href":"https:\/\/researchchemicalhub.com\/sk\/wp-json\/wp\/v2\/product\/23461","targetHints":{"allow":["GET"]}}],"collection":[{"href":"https:\/\/researchchemicalhub.com\/sk\/wp-json\/wp\/v2\/product"}],"about":[{"href":"https:\/\/researchchemicalhub.com\/sk\/wp-json\/wp\/v2\/types\/product"}],"replies":[{"embeddable":true,"href":"https:\/\/researchchemicalhub.com\/sk\/wp-json\/wp\/v2\/comments?post=23461"}],"version-history":[{"count":4,"href":"https:\/\/researchchemicalhub.com\/sk\/wp-json\/wp\/v2\/product\/23461\/revisions"}],"predecessor-version":[{"id":28033,"href":"https:\/\/researchchemicalhub.com\/sk\/wp-json\/wp\/v2\/product\/23461\/revisions\/28033"}],"wp:featuredmedia":[{"embeddable":true,"href":"https:\/\/researchchemicalhub.com\/sk\/wp-json\/wp\/v2\/media\/20349"}],"wp:attachment":[{"href":"https:\/\/researchchemicalhub.com\/sk\/wp-json\/wp\/v2\/media?parent=23461"}],"wp:term":[{"taxonomy":"product_brand","embeddable":true,"href":"https:\/\/researchchemicalhub.com\/sk\/wp-json\/wp\/v2\/product_brand?post=23461"},{"taxonomy":"product_cat","embeddable":true,"href":"https:\/\/researchchemicalhub.com\/sk\/wp-json\/wp\/v2\/product_cat?post=23461"},{"taxonomy":"product_tag","embeddable":true,"href":"https:\/\/researchchemicalhub.com\/sk\/wp-json\/wp\/v2\/product_tag?post=23461"}],"curies":[{"name":"pracovn\u00fd list","href":"https:\/\/api.w.org\/{rel}","templated":true}]}}