{"id":23445,"date":"2025-04-13T17:39:46","date_gmt":"2025-04-13T17:39:46","guid":{"rendered":"https:\/\/researchchemicalhub.com\/?post_type=product&#038;p=23445"},"modified":"2025-10-30T09:28:37","modified_gmt":"2025-10-30T09:28:37","slug":"4-hodinovy-difuzny-fumarat","status":"publish","type":"product","link":"https:\/\/researchchemicalhub.com\/sk\/obchod\/4-hodinove-oddelenie\/4-hodinovy-difuzny-fumarat\/","title":{"rendered":"4-HO-DPT fumar\u00e1t"},"content":{"rendered":"<h3><strong><span dir=\"auto\" style=\"vertical-align: inherit;\"><span dir=\"auto\" style=\"vertical-align: inherit;\">4-HO-DPT fumar\u00e1t \u2013 popis produktu, pou\u017eitie, \u00fa\u010dinky a naj\u010dastej\u0161ie ot\u00e1zky<\/span><\/span><\/strong><\/h3>\n<p data-start=\"4143\" data-end=\"4335\"><strong data-start=\"4143\" data-end=\"4199\">4-HO-DPT fumar\u00e1t (4-hydroxy-N,N-dipropyltryptam\u00edn)<\/strong> je <strong data-start=\"4207\" data-end=\"4249\">vysoko \u010dist\u00e1 v\u00fdskumn\u00e1 zl\u00fa\u010denina<\/strong>, vyvinut\u00fd pre <strong data-start=\"4267\" data-end=\"4332\">neurovedeck\u00fd, farmakologick\u00fd a analytick\u00fd v\u00fdskum<\/strong>. <span class=\"___SBox_epc1q-ko_ ___SText_zko9t-ko_\" data-ui-name=\"Link.Text\">4-hodinov\u00e9 oddelenie<\/span><\/p>\n<p data-start=\"4337\" data-end=\"4661\">Ak <strong data-start=\"4341\" data-end=\"4378\">hydroxylovou skupinou substituovan\u00fd anal\u00f3g<\/strong> od <strong data-start=\"4383\" data-end=\"4415\">DPT (N,N-dipropyltryptam\u00edn)<\/strong> patr\u00ed to k <strong data-start=\"4435\" data-end=\"4471\">Trieda 4-hydroxytryptam\u00ednu (4-HO)<\/strong> a \u00fazko s\u00favis\u00ed s <strong data-start=\"4499\" data-end=\"4523\">4-HO-DMT (Psiloc\u00edn)<\/strong>Pou\u017e\u00edva sa v <strong data-start=\"4547\" data-end=\"4612\">v\u00fdskum seroton\u00ednov\u00fdch receptorov (5-HT1A, 5-HT2A, 5-HT2C)<\/strong> a <strong data-start=\"4616\" data-end=\"4658\">vz\u0165ahy medzi \u0161trukt\u00farou a aktivitou (SAR)<\/strong>.<\/p>\n<p data-start=\"4663\" data-end=\"4845\">The <strong data-start=\"4666\" data-end=\"4686\">forma fumar\u00e1tovej soli<\/strong> pon\u00faka <strong data-start=\"4693\" data-end=\"4756\">lep\u0161ia chemick\u00e1 stabilita, rozpustnos\u0165 a trvanlivos\u0165<\/strong>, v\u010faka \u010domu je ide\u00e1lny na dlhodob\u00e9 skladovanie a kontrolovan\u00fd laborat\u00f3rny v\u00fdskum.<\/p>\n<blockquote data-start=\"4847\" data-end=\"4998\">\n<p data-start=\"4849\" data-end=\"4998\">\u26a0\ufe0f <strong data-start=\"4852\" data-end=\"4863\">Pozn\u00e1mka:<\/strong> Tento produkt je <strong data-start=\"4879\" data-end=\"4934\">ur\u010den\u00e9 len na vedeck\u00fd v\u00fdskum<\/strong> a <strong data-start=\"4938\" data-end=\"4995\">nie je vhodn\u00e9 na \u013eudsk\u00fa ani zvieraciu spotrebu<\/strong>.<\/p>\n<\/blockquote>\n<hr data-start=\"5000\" data-end=\"5003\" \/>\n<h3 data-start=\"5005\" data-end=\"5036\"><strong data-start=\"5009\" data-end=\"5036\">K\u013e\u00fa\u010dov\u00e9 vlastnosti<\/strong><\/h3>\n<ul data-start=\"5037\" data-end=\"5435\">\n<li data-start=\"5037\" data-end=\"5113\">\n<p data-start=\"5039\" data-end=\"5113\"><strong data-start=\"5039\" data-end=\"5065\">Vysok\u00e1 \u010distota (\u226599%)<\/strong> \u2013 Potvrden\u00e9 anal\u00fdzou HPLC, NMR a GC-MS.<\/p>\n<\/li>\n<li data-start=\"5114\" data-end=\"5187\">\n<p data-start=\"5116\" data-end=\"5187\"><strong data-start=\"5116\" data-end=\"5145\">Stabiln\u00e1 forma fumar\u00e1tovej soli<\/strong> \u2013 Zvy\u0161uje trvanlivos\u0165 a stabilitu.<\/p>\n<\/li>\n<li data-start=\"5188\" data-end=\"5275\">\n<p data-start=\"5190\" data-end=\"5275\"><strong data-start=\"5190\" data-end=\"5229\">\u0160tandard farmakologick\u00e9ho v\u00fdskumu<\/strong> \u2013 Vhodn\u00e9 pre v\u00fdskum receptorov a SAR.<\/p>\n<\/li>\n<li data-start=\"5276\" data-end=\"5346\">\n<p data-start=\"5278\" data-end=\"5346\"><strong data-start=\"5278\" data-end=\"5303\">Konzistentn\u00e1 kvalita<\/strong> \u2013 Vyroben\u00e9 pod\u013ea \u0161tandardov podobn\u00fdch GMP.<\/p>\n<\/li>\n<li data-start=\"5347\" data-end=\"5435\">\n<p data-start=\"5349\" data-end=\"5435\"><strong data-start=\"5349\" data-end=\"5371\">Bezpe\u010dn\u00e9 balenie<\/strong> \u2013 Vzduchotesn\u00e9 a svetlotesn\u00e9 balenie pre maxim\u00e1lnu ochranu.<\/p>\n<\/li>\n<\/ul>\n<hr data-start=\"5437\" data-end=\"5440\" \/>\n<h3 data-start=\"5442\" data-end=\"5459\"><strong data-start=\"5446\" data-end=\"5459\">V\u00fdhody<\/strong><\/h3>\n<ul data-start=\"5460\" data-end=\"5757\">\n<li data-start=\"5460\" data-end=\"5540\">\n<p data-start=\"5462\" data-end=\"5540\">Podporuje <strong data-start=\"5474\" data-end=\"5537\">v\u00fdskum seroton\u00ednov\u00fdch receptorov a anal\u00f3gov tryptam\u00ednu<\/strong>.<\/p>\n<\/li>\n<li data-start=\"5541\" data-end=\"5601\">\n<p data-start=\"5543\" data-end=\"5601\"><strong data-start=\"5543\" data-end=\"5598\">Spo\u013eahliv\u00e9 a reprodukovate\u013en\u00e9 v\u00fdsledky v\u00fdskumu<\/strong>.<\/p>\n<\/li>\n<li data-start=\"5602\" data-end=\"5685\">\n<p data-start=\"5604\" data-end=\"5685\"><strong data-start=\"5604\" data-end=\"5647\">Zlep\u0161en\u00e1 stabilita a rozpustnos\u0165<\/strong> v porovnan\u00ed s vo\u013enou b\u00e1zickou formou.<\/p>\n<\/li>\n<li data-start=\"5686\" data-end=\"5757\">\n<p data-start=\"5688\" data-end=\"5757\">Ide\u00e1lne pre <strong data-start=\"5700\" data-end=\"5754\">akademick\u00fd, farmakologick\u00fd a analytick\u00fd v\u00fdskum<\/strong>.<\/p>\n<\/li>\n<\/ul>\n<hr data-start=\"5759\" data-end=\"5762\" \/>\n<h3 data-start=\"5764\" data-end=\"5779\"><strong data-start=\"5768\" data-end=\"5779\">Pou\u017eitie<\/strong><\/h3>\n<ul data-start=\"5780\" data-end=\"6051\">\n<li data-start=\"5780\" data-end=\"5850\">\n<p data-start=\"5782\" data-end=\"5850\">Len na pou\u017eitie <strong data-start=\"5807\" data-end=\"5847\">kvalifikovan\u00fd laborat\u00f3rny person\u00e1l<\/strong>. <span class=\"___SBox_epc1q-ko_ ___SText_zko9t-ko_\" data-ui-name=\"Link.Text\">4-hodinov\u00e9 oddelenie<\/span><\/p>\n<\/li>\n<li data-start=\"5851\" data-end=\"5927\">\n<p data-start=\"5853\" data-end=\"5927\">Pou\u017eite vhodn\u00e9 <strong data-start=\"5871\" data-end=\"5895\">ochrann\u00e9 vybavenie<\/strong> (rukavice, ochrann\u00e9 okuliare, laborat\u00f3rny pl\u00e1\u0161\u0165).<\/p>\n<\/li>\n<li data-start=\"5928\" data-end=\"5992\">\n<p data-start=\"5930\" data-end=\"5992\">U\u0161etrite na <strong data-start=\"5945\" data-end=\"5979\">chladnom, suchom a tmavom mieste<\/strong> (15 \u2013 25 \u00b0C).<\/p>\n<\/li>\n<li data-start=\"5993\" data-end=\"6051\">\n<p data-start=\"5995\" data-end=\"6051\">Nie je vhodn\u00e9 na \u013eudsk\u00fa ani zvieraciu konzum\u00e1ciu.<\/p>\n<\/li>\n<\/ul>\n<hr data-start=\"6053\" data-end=\"6056\" \/>\n<h3 data-start=\"6058\" data-end=\"6093\"><strong data-start=\"6062\" data-end=\"6093\">\u010casto kladen\u00e9 ot\u00e1zky (FAQ)<\/strong><\/h3>\n<p data-start=\"6095\" data-end=\"6295\"><strong data-start=\"6095\" data-end=\"6144\">1. Na \u010do sa pou\u017e\u00edva 4-HO-DPT fumar\u00e1t?<\/strong><br data-start=\"6144\" data-end=\"6147\" \/>4-HO-DPT fumar\u00e1t sa pou\u017e\u00edva na <strong data-start=\"6185\" data-end=\"6230\">farmakologick\u00fd a neurochemick\u00fd v\u00fdskum<\/strong> na seroton\u00ednov\u00e9 receptory a \u0161truktur\u00e1lne anal\u00f3gy tryptam\u00ednu.<\/p>\n<p data-start=\"6297\" data-end=\"6477\"><strong data-start=\"6297\" data-end=\"6355\">2. Je 4-HO-DPT fumar\u00e1t bezpe\u010dn\u00fd pre \u013eudsk\u00e9 pou\u017eitie?<\/strong><br data-start=\"6355\" data-end=\"6358\" \/>Nie. Tento produkt je <strong data-start=\"6378\" data-end=\"6427\">ur\u010den\u00e9 len na v\u00fdskumn\u00e9 \u00fa\u010dely<\/strong> a nie je schv\u00e1len\u00fd na \u013eudsk\u00fa spotrebu.<\/p>\n<p data-start=\"6479\" data-end=\"6650\"><strong data-start=\"6479\" data-end=\"6528\">3. Ako sa m\u00e1 skladova\u0165 4-HO-DPT fumar\u00e1t?<\/strong><br data-start=\"6528\" data-end=\"6531\" \/>Skladujte v <strong data-start=\"6546\" data-end=\"6576\">dobre uzavret\u00e9 balenie<\/strong> pri izbovej teplote (15 \u2013 25 \u00b0C), chr\u00e1nen\u00e9 pred svetlom, vlhkos\u0165ou a teplom.<\/p>","protected":false},"excerpt":{"rendered":"<h3><span dir=\"auto\" style=\"vertical-align: inherit;\"><span dir=\"auto\" style=\"vertical-align: inherit;\">4-HO-DPT fumarate properties<\/span><\/span><\/h3>\n<p><strong><span dir=\"auto\" style=\"vertical-align: inherit;\"><span dir=\"auto\" style=\"vertical-align: inherit;\">Synonym:<\/span><\/span><\/strong><span dir=\"auto\" style=\"vertical-align: inherit;\"><span dir=\"auto\" style=\"vertical-align: inherit;\"> 4-hydroxy-N,N-dipropyltryptamine fumarate <\/span><\/span><br \/>\n<strong><span dir=\"auto\" style=\"vertical-align: inherit;\"><span dir=\"auto\" style=\"vertical-align: inherit;\">CAS Number:<\/span><\/span><\/strong><span dir=\"auto\" style=\"vertical-align: inherit;\"><span dir=\"auto\" style=\"vertical-align: inherit;\"> 63065-88-3 <\/span><\/span><br \/>\n<strong><span dir=\"auto\" style=\"vertical-align: inherit;\"><span dir=\"auto\" style=\"vertical-align: inherit;\">Formula:<\/span><\/span><\/strong><span dir=\"auto\" style=\"vertical-align: inherit;\"><span dir=\"auto\" style=\"vertical-align: inherit;\"> 3-[2-(dipropylamino)ethyl]-1H-indol-4-ol fumarate <\/span><\/span><br \/>\n<strong><span dir=\"auto\" style=\"vertical-align: inherit;\"><span dir=\"auto\" style=\"vertical-align: inherit;\">Molar mass:<\/span><\/span><\/strong><span dir=\"auto\" style=\"vertical-align: inherit;\"><span dir=\"auto\" style=\"vertical-align: inherit;\"> 376.4 g\/mol <\/span><\/span><br \/>\n<strong><span dir=\"auto\" style=\"vertical-align: inherit;\"><span dir=\"auto\" style=\"vertical-align: inherit;\">Purity:<\/span><\/span><\/strong><span dir=\"auto\" style=\"vertical-align: inherit;\"><span dir=\"auto\" style=\"vertical-align: inherit;\"> &gt;97%<\/span><\/span><\/p>\n","protected":false},"featured_media":28443,"comment_status":"closed","ping_status":"closed","template":"","meta":[],"product_brand":[],"product_cat":[541,381],"product_tag":[1181,1182,326],"class_list":{"0":"post-23445","1":"product","2":"type-product","3":"status-publish","4":"has-post-thumbnail","6":"product_cat-4-ho-dpt","7":"product_cat-tryptamines","8":"product_tag-4-ho-dpt","9":"product_tag-4-ho-dpt-kopen","10":"product_tag-nl","12":"first","13":"instock","14":"taxable","15":"shipping-taxable","16":"purchasable","17":"product-type-variable"},"_links":{"self":[{"href":"https:\/\/researchchemicalhub.com\/sk\/wp-json\/wp\/v2\/product\/23445","targetHints":{"allow":["GET"]}}],"collection":[{"href":"https:\/\/researchchemicalhub.com\/sk\/wp-json\/wp\/v2\/product"}],"about":[{"href":"https:\/\/researchchemicalhub.com\/sk\/wp-json\/wp\/v2\/types\/product"}],"replies":[{"embeddable":true,"href":"https:\/\/researchchemicalhub.com\/sk\/wp-json\/wp\/v2\/comments?post=23445"}],"version-history":[{"count":5,"href":"https:\/\/researchchemicalhub.com\/sk\/wp-json\/wp\/v2\/product\/23445\/revisions"}],"predecessor-version":[{"id":28041,"href":"https:\/\/researchchemicalhub.com\/sk\/wp-json\/wp\/v2\/product\/23445\/revisions\/28041"}],"wp:featuredmedia":[{"embeddable":true,"href":"https:\/\/researchchemicalhub.com\/sk\/wp-json\/wp\/v2\/media\/28443"}],"wp:attachment":[{"href":"https:\/\/researchchemicalhub.com\/sk\/wp-json\/wp\/v2\/media?parent=23445"}],"wp:term":[{"taxonomy":"product_brand","embeddable":true,"href":"https:\/\/researchchemicalhub.com\/sk\/wp-json\/wp\/v2\/product_brand?post=23445"},{"taxonomy":"product_cat","embeddable":true,"href":"https:\/\/researchchemicalhub.com\/sk\/wp-json\/wp\/v2\/product_cat?post=23445"},{"taxonomy":"product_tag","embeddable":true,"href":"https:\/\/researchchemicalhub.com\/sk\/wp-json\/wp\/v2\/product_tag?post=23445"}],"curies":[{"name":"pracovn\u00fd list","href":"https:\/\/api.w.org\/{rel}","templated":true}]}}