{"id":23305,"date":"2025-04-13T17:39:31","date_gmt":"2025-04-13T17:39:31","guid":{"rendered":"https:\/\/researchchemicalhub.com\/?post_type=product&#038;p=23305"},"modified":"2025-10-30T11:46:51","modified_gmt":"2025-10-30T11:46:51","slug":"flunitrazolam-kopen","status":"publish","type":"product","link":"https:\/\/researchchemicalhub.com\/sk\/shop\/benzodiazepinen\/flunitrazolam-kopen\/","title":{"rendered":"Flunitrazolam 0,25 mg saje"},"content":{"rendered":"<h1><span dir=\"auto\" style=\"vertical-align: inherit;\"><span dir=\"auto\" style=\"vertical-align: inherit;\">K\u00fapte si pijavky s obsahom flunitrazolamu 0,25 mg \u2013 presne d\u00e1vkovan\u00fd v\u00fdskumn\u00fd materi\u00e1l na vedeck\u00fa anal\u00fdzu<\/span><\/span><\/h1>\n<p data-start=\"6003\" data-end=\"6439\">K\u00fapi\u0165 flunitrazolam, flunitrazolam je <strong data-start=\"6024\" data-end=\"6050\">anal\u00f3g benzodiazep\u00ednu<\/strong> ktor\u00e9mu sa v posledn\u00fdch rokoch venovala pozornos\u0165 v r\u00e1mci <strong data-start=\"6107\" data-end=\"6140\">neurofarmakologick\u00fd v\u00fdskum<\/strong>\u0160truktur\u00e1lne je pr\u00edbuzn\u00e1 l\u00e1tkam, ako s\u00fa napr. <strong data-start=\"6187\" data-end=\"6204\">Flunitrazepam<\/strong> a <strong data-start=\"6208\" data-end=\"6222\">Alprazolam<\/strong>, ktor\u00e9 s\u00fa zn\u00e1me svojimi sedat\u00edvnymi a anxiolytick\u00fdmi vlastnos\u0165ami. V\u00fdskumn\u00edci \u0161tuduj\u00fa flunitrazolam, aby lep\u0161ie pochopili jeho funkciu na benzodiazep\u00ednov\u00fdch receptoroch, jeho \u00fa\u010dinnos\u0165 a vz\u0165ah medzi \u0161trukt\u00farou a aktivitou. <span class=\"___SBox_epc1q-ko_ ___SText_zko9t-ko_\" data-ui-name=\"Link.Text\">k\u00fapi\u0165 flunitrazolam<\/span><\/p>\n<p data-start=\"6441\" data-end=\"6698\">Je d\u00f4le\u017eit\u00e9 zd\u00f4razni\u0165, \u017ee <strong data-start=\"6478\" data-end=\"6552\">Flunitrazolam nie je schv\u00e1len\u00fd na pou\u017eitie u \u013eud\u00ed ani vo veterin\u00e1rnej medic\u00edne.<\/strong> a vo v\u00e4\u010d\u0161ine kraj\u00edn <strong data-start=\"6576\" data-end=\"6622\">podlieha predpisom alebo je zak\u00e1zan\u00e9<\/strong>Tento \u010dl\u00e1nok poskytuje iba <strong data-start=\"6654\" data-end=\"6697\">vedeck\u00fd a pr\u00e1vny kontext<\/strong>.<\/p>\n<hr data-start=\"6700\" data-end=\"6703\" \/>\n<h2 data-start=\"6705\" data-end=\"6739\"><strong data-start=\"6708\" data-end=\"6739\">Farmakologick\u00e9 pozadie<\/strong><\/h2>\n<p data-start=\"6741\" data-end=\"6983\">Flunitrazolam patr\u00ed medzi <strong data-start=\"6770\" data-end=\"6797\">triazolobenzodiazep\u00edny<\/strong>, podtrieda, ktor\u00e1 vykazuje siln\u00fa interakciu s <strong data-start=\"6851\" data-end=\"6872\">GABA-A receptory<\/strong> v mozgu. Tento syst\u00e9m hr\u00e1 d\u00f4le\u017eit\u00fa \u00falohu v <strong data-start=\"6932\" data-end=\"6982\">sed\u00e1cia, podpora sp\u00e1nku a zn\u00ed\u017eenie \u00fazkosti<\/strong>.<\/p>\n<p data-start=\"6985\" data-end=\"7022\">V\u00fdskumn\u00edci okrem in\u00e9ho sk\u00famaj\u00fa:<\/p>\n<ul data-start=\"7023\" data-end=\"7291\">\n<li data-start=\"7023\" data-end=\"7105\">\n<p data-start=\"7025\" data-end=\"7105\">The <strong data-start=\"7028\" data-end=\"7059\">v\u00e4zba na receptor a \u00fa\u010dinnos\u0165<\/strong> v porovnan\u00ed s klasick\u00fdmi benzodiazep\u00ednmi.<\/p>\n<\/li>\n<li data-start=\"7106\" data-end=\"7160\">\n<p data-start=\"7108\" data-end=\"7160\">The <strong data-start=\"7111\" data-end=\"7134\">trvanie \u00fa\u010dinku<\/strong> a metabolick\u00e9 dr\u00e1hy.<\/p>\n<\/li>\n<li data-start=\"7161\" data-end=\"7238\">\n<p data-start=\"7163\" data-end=\"7238\">The <strong data-start=\"7166\" data-end=\"7207\">vz\u0165ahy medzi \u0161trukt\u00farou a aktivitou (SAR)<\/strong> v r\u00e1mci triazolov\u00fdch zl\u00fa\u010den\u00edn.<\/p>\n<\/li>\n<li data-start=\"7239\" data-end=\"7291\">\n<p data-start=\"7241\" data-end=\"7291\">To <strong data-start=\"7245\" data-end=\"7288\">riziko tolerancie a z\u00e1vislosti<\/strong>.<\/p>\n<\/li>\n<\/ul>\n<hr data-start=\"7293\" data-end=\"7296\" \/>\n<h2 data-start=\"7298\" data-end=\"7325\"><strong data-start=\"7301\" data-end=\"7325\">V\u00fdskumn\u00e9 \u00fa\u010dely<\/strong><\/h2>\n<p data-start=\"7327\" data-end=\"7504\">Hoci <em data-start=\"7334\" data-end=\"7349\">flunitrazolam<\/em> nem\u00e1 \u017eiadne lek\u00e1rske vyu\u017eitie, sk\u00fama sa v... <strong data-start=\"7406\" data-end=\"7458\">forenzn\u00fd, chemick\u00fd a farmakologick\u00fd v\u00fdskum<\/strong>Akademick\u00fd z\u00e1ujem sa zameriava na:<\/p>\n<ul data-start=\"7505\" data-end=\"7787\">\n<li data-start=\"7505\" data-end=\"7605\">\n<p data-start=\"7507\" data-end=\"7605\"><strong data-start=\"7507\" data-end=\"7534\">Forenzn\u00e1 toxikol\u00f3gia<\/strong> \u2014 identifik\u00e1cia dizajn\u00e9rskych benzodiazep\u00ednov v biologick\u00fdch vzork\u00e1ch.<\/p>\n<\/li>\n<li data-start=\"7606\" data-end=\"7692\">\n<p data-start=\"7608\" data-end=\"7692\"><strong data-start=\"7608\" data-end=\"7630\">Analytick\u00e1 ch\u00e9mia<\/strong> \u2014 v\u00fdvoj detek\u010dn\u00fdch met\u00f3d (ako napr\u00edklad LC-MS a GC-MS).<\/p>\n<\/li>\n<li data-start=\"7693\" data-end=\"7787\">\n<p data-start=\"7695\" data-end=\"7787\"><strong data-start=\"7695\" data-end=\"7732\">Porovn\u00e1vacie \u0161t\u00fadie \u00fa\u010dinnosti<\/strong> monitorova\u0165 trendy v oblasti nov\u00fdch psychoakt\u00edvnych l\u00e1tok.<\/p>\n<\/li>\n<\/ul>\n<hr data-start=\"7789\" data-end=\"7792\" \/>\n<h2 data-start=\"7794\" data-end=\"7838\"><strong data-start=\"7797\" data-end=\"7838\">Bezpe\u010dnostn\u00e9 a pr\u00e1vne aspekty<\/strong><\/h2>\n<p data-start=\"7840\" data-end=\"8085\">Kv\u00f4li <strong data-start=\"7851\" data-end=\"7868\">vysok\u00fd potenci\u00e1l<\/strong> Flunitrazolam predstavuje zna\u010dn\u00e9 rizik\u00e1, ak sa s n\u00edm zaobch\u00e1dza bez dodr\u017eania laborat\u00f3rnych \u0161tandardov. N\u00e1hodn\u00e1 expoz\u00edcia m\u00f4\u017ee vies\u0165 k <strong data-start=\"8021\" data-end=\"8082\">z\u00e1va\u017en\u00e1 sed\u00e1cia, respira\u010dn\u00e1 depresia alebo strata pam\u00e4ti<\/strong>.<\/p>\n<p data-start=\"8087\" data-end=\"8303\">Pou\u017eitie, dr\u017eba alebo predaj na \u013eudsk\u00fa spotrebu je <strong data-start=\"8150\" data-end=\"8182\">zak\u00e1zan\u00e9 vo v\u00e4\u010d\u0161ine kraj\u00edn<\/strong>Iba <strong data-start=\"8191\" data-end=\"8223\">kvalifikovan\u00ed v\u00fdskumn\u00edci<\/strong> m\u00f4\u017ee tento produkt pou\u017e\u00edva\u0165 pod\u013ea <strong data-start=\"8258\" data-end=\"8302\">miestne z\u00e1kony a etick\u00e9 pokyny<\/strong>K\u00fapi\u0165 flunitrazolam<\/p>\n<hr data-start=\"8305\" data-end=\"8308\" \/>\n<h2 data-start=\"8310\" data-end=\"8344\"><strong data-start=\"8313\" data-end=\"8344\">\u010casto kladen\u00e9 ot\u00e1zky (FAQ)<\/strong><\/h2>\n<h3 data-start=\"8346\" data-end=\"8395\"><strong data-start=\"8350\" data-end=\"8395\">1. Na \u010do sa flunitrazolam pou\u017e\u00edva?<\/strong><\/h3>\n<p data-start=\"8396\" data-end=\"8513\">Flunitrazolam sa sk\u00fama iba na <strong data-start=\"8444\" data-end=\"8476\">vedeck\u00e9 \u00fa\u010dely<\/strong>Nem\u00e1 \u017eiadne lek\u00e1rske vyu\u017eitie.<\/p>\n<h3 data-start=\"8515\" data-end=\"8550\"><strong data-start=\"8519\" data-end=\"8550\">2. Je flunitrazolam leg\u00e1lny?<\/strong><\/h3>\n<p data-start=\"8551\" data-end=\"8665\">Vo v\u00e4\u010d\u0161ine kraj\u00edn je flunitrazolam klasifikovan\u00fd ako <strong data-start=\"8599\" data-end=\"8642\">legislat\u00edva o kontrolovan\u00fdch l\u00e1tkach<\/strong> alebo <strong data-start=\"8649\" data-end=\"8664\">anal\u00f3gov\u00fd z\u00e1kon<\/strong>.<\/p>\n<h3 data-start=\"8667\" data-end=\"8725\"><strong data-start=\"8671\" data-end=\"8725\">3. Ako by sa malo bezpe\u010dne zaobch\u00e1dza\u0165 s flunitrazolamom?<\/strong><\/h3>\n<p>&nbsp;<\/p>","protected":false},"excerpt":{"rendered":"<h3><span dir=\"auto\" style=\"vertical-align: inherit;\"><span dir=\"auto\" style=\"vertical-align: inherit;\">Flunitrazolam blotters properties<\/span><\/span><\/h3>\n<p><strong><span dir=\"auto\" style=\"vertical-align: inherit;\"><span dir=\"auto\" style=\"vertical-align: inherit;\">Synonym:<\/span><\/span><\/strong><span dir=\"auto\" style=\"vertical-align: inherit;\"><span dir=\"auto\" style=\"vertical-align: inherit;\"> 1-methyl-8-nitro-6-(2-fluorophenyl)-4H-[1,2,4]triazolo[4,3-a][1,4]benzodiazepine <\/span><\/span><br \/>\n<strong><span dir=\"auto\" style=\"vertical-align: inherit;\"><span dir=\"auto\" style=\"vertical-align: inherit;\">CAS Number:<\/span><\/span><\/strong><span dir=\"auto\" style=\"vertical-align: inherit;\"><span dir=\"auto\" style=\"vertical-align: inherit;\"> 2243815-18-9 <\/span><\/span><br \/>\n<strong><span dir=\"auto\" style=\"vertical-align: inherit;\"><span dir=\"auto\" style=\"vertical-align: inherit;\">Formula:<\/span><\/span><\/strong><span dir=\"auto\" style=\"vertical-align: inherit;\"><span dir=\"auto\" style=\"vertical-align: inherit;\"> 1-methyl-8-nitro-6-(2-fluorophenyl)-4H-[1,2,4]triazolo[4,3-a][1,4]benzodiazepine <\/span><\/span><br \/>\n<strong><span dir=\"auto\" style=\"vertical-align: inherit;\"><span dir=\"auto\" style=\"vertical-align: inherit;\">Molar mass:<\/span><\/span><\/strong><span dir=\"auto\" style=\"vertical-align: inherit;\"><span dir=\"auto\" style=\"vertical-align: inherit;\"> 337,307 g\/mol <\/span><\/span><br \/>\n<strong><span dir=\"auto\" style=\"vertical-align: inherit;\"><span dir=\"auto\" style=\"vertical-align: inherit;\">Purity:<\/span><\/span><\/strong><span dir=\"auto\" style=\"vertical-align: inherit;\"><span dir=\"auto\" style=\"vertical-align: inherit;\"> \u226598%<\/span><\/span><\/p>\n","protected":false},"featured_media":28533,"comment_status":"closed","ping_status":"closed","template":"","meta":[],"product_brand":[82],"product_cat":[76,527],"product_tag":[563,565,158,564,566,326],"class_list":{"0":"post-23305","1":"product","2":"type-product","3":"status-publish","4":"has-post-thumbnail","6":"product_brand-research-chemical","7":"product_cat-benzodiazepinen","8":"product_cat-flunitrazolam","9":"product_tag-flunitrazolam","10":"product_tag-flunitrazolam-effects","11":"product_tag-flunitrazolam-ervaring","12":"product_tag-flunitrazolam-kopen","13":"product_tag-flunitrazolam-werking","14":"product_tag-nl","16":"first","17":"instock","18":"taxable","19":"shipping-taxable","20":"purchasable","21":"product-type-variable"},"_links":{"self":[{"href":"https:\/\/researchchemicalhub.com\/sk\/wp-json\/wp\/v2\/product\/23305","targetHints":{"allow":["GET"]}}],"collection":[{"href":"https:\/\/researchchemicalhub.com\/sk\/wp-json\/wp\/v2\/product"}],"about":[{"href":"https:\/\/researchchemicalhub.com\/sk\/wp-json\/wp\/v2\/types\/product"}],"replies":[{"embeddable":true,"href":"https:\/\/researchchemicalhub.com\/sk\/wp-json\/wp\/v2\/comments?post=23305"}],"version-history":[{"count":7,"href":"https:\/\/researchchemicalhub.com\/sk\/wp-json\/wp\/v2\/product\/23305\/revisions"}],"predecessor-version":[{"id":28045,"href":"https:\/\/researchchemicalhub.com\/sk\/wp-json\/wp\/v2\/product\/23305\/revisions\/28045"}],"wp:featuredmedia":[{"embeddable":true,"href":"https:\/\/researchchemicalhub.com\/sk\/wp-json\/wp\/v2\/media\/28533"}],"wp:attachment":[{"href":"https:\/\/researchchemicalhub.com\/sk\/wp-json\/wp\/v2\/media?parent=23305"}],"wp:term":[{"taxonomy":"product_brand","embeddable":true,"href":"https:\/\/researchchemicalhub.com\/sk\/wp-json\/wp\/v2\/product_brand?post=23305"},{"taxonomy":"product_cat","embeddable":true,"href":"https:\/\/researchchemicalhub.com\/sk\/wp-json\/wp\/v2\/product_cat?post=23305"},{"taxonomy":"product_tag","embeddable":true,"href":"https:\/\/researchchemicalhub.com\/sk\/wp-json\/wp\/v2\/product_tag?post=23305"}],"curies":[{"name":"pracovn\u00fd list","href":"https:\/\/api.w.org\/{rel}","templated":true}]}}