{"id":26112,"date":"2025-10-20T01:20:16","date_gmt":"2025-10-20T01:20:16","guid":{"rendered":"https:\/\/researchchemicalhub.com\/?post_type=product&#038;p=26112"},"modified":"2025-10-29T08:34:39","modified_gmt":"2025-10-29T08:34:39","slug":"caluanie-muelear-oxidize","status":"publish","type":"product","link":"https:\/\/researchchemicalhub.com\/pt\/shop\/okategoriserad\/caluanie-muelear-oxidize\/","title":{"rendered":"Caluanie Muelear Oxidado"},"content":{"rendered":"<p class=\"\" data-start=\"268\" data-end=\"544\"><strong data-start=\"268\" data-end=\"296\"><span dir=\"auto\" style=\"vertical-align: inherit;\"><span dir=\"auto\" style=\"vertical-align: inherit;\">Caluanie Muelear Oxidado<\/span><\/span><\/strong><span dir=\"auto\" style=\"vertical-align: inherit;\"><span dir=\"auto\" style=\"vertical-align: inherit;\"> \u00e9 um poderoso <\/span><\/span><strong data-start=\"314\" data-end=\"337\"><span dir=\"auto\" style=\"vertical-align: inherit;\"><span dir=\"auto\" style=\"vertical-align: inherit;\">reagente qu\u00edmico<\/span><\/span><\/strong><span dir=\"auto\" style=\"vertical-align: inherit;\"><span dir=\"auto\" style=\"vertical-align: inherit;\"> conhecida principalmente por sua capacidade de <\/span><\/span><strong data-start=\"382\" data-end=\"427\"><span dir=\"auto\" style=\"vertical-align: inherit;\"><span dir=\"auto\" style=\"vertical-align: inherit;\">quebrar metais e materiais resistentes<\/span><\/span><\/strong><span dir=\"auto\" style=\"vertical-align: inherit;\"><span dir=\"auto\" style=\"vertical-align: inherit;\"> \u00c9 amplamente utilizado em <\/span><\/span><strong data-start=\"459\" data-end=\"541\"><span dir=\"auto\" style=\"vertical-align: inherit;\"><span dir=\"auto\" style=\"vertical-align: inherit;\">aplica\u00e7\u00f5es industriais, metal\u00fargicas, de pesquisa laboratorial e de minera\u00e7\u00e3o<\/span><\/span><\/strong><span dir=\"auto\" style=\"vertical-align: inherit;\"><span dir=\"auto\" style=\"vertical-align: inherit;\"> . caluanie muelear oxidar, pre\u00e7o do caluanie muelear oxidar nos EUA, caluanie muelear oxidar EUA, pre\u00e7o do caluanie muelear oxidar, fabricante do caluanie muelear oxidar nos EUA, caluanie muelear oxidar \u00e0 venda<\/span><\/span><\/p>\n<p class=\"\" data-start=\"546\" data-end=\"822\"><span dir=\"auto\" style=\"vertical-align: inherit;\"><span dir=\"auto\" style=\"vertical-align: inherit;\">Este fluido de alta viscosidade e cor \u00e2mbar \u00e9 conhecido por sua profunda <\/span><\/span><strong data-start=\"644\" data-end=\"672\"><span dir=\"auto\" style=\"vertical-align: inherit;\"><span dir=\"auto\" style=\"vertical-align: inherit;\">propriedades oxidativas<\/span><\/span><\/strong><span dir=\"auto\" style=\"vertical-align: inherit;\"><span dir=\"auto\" style=\"vertical-align: inherit;\"> Sua composi\u00e7\u00e3o qu\u00edmica \u00fanica pode atacar as liga\u00e7\u00f5es moleculares em materiais duros, tornando-os mais macios ou quebradi\u00e7os. <\/span><\/span><a href=\"https:\/\/researchchemicalhub.com\/pt\/shop\/top-10-research-chemicals\/3-cmc-hcl\/\"><span dir=\"auto\" style=\"vertical-align: inherit;\"><span dir=\"auto\" style=\"vertical-align: inherit;\">Sach\u00ea de 3-CMC HCl 1g<\/span><\/span><\/a><\/p>\n<hr class=\"\" data-start=\"824\" data-end=\"827\" \/>\n<h2 class=\"\" data-start=\"829\" data-end=\"862\">\u2699\ufe0f<span dir=\"auto\" style=\"vertical-align: inherit;\"><span dir=\"auto\" style=\"vertical-align: inherit;\">Principais caracter\u00edsticas<\/span><\/span><\/h2>\n<ul data-start=\"864\" data-end=\"1189\">\n<li class=\"\" data-start=\"864\" data-end=\"918\">\n<p class=\"\" data-start=\"866\" data-end=\"918\"><strong data-start=\"866\" data-end=\"885\"><span dir=\"auto\" style=\"vertical-align: inherit;\"><span dir=\"auto\" style=\"vertical-align: inherit;\">Forma qu\u00edmica:<\/span><\/span><\/strong><span dir=\"auto\" style=\"vertical-align: inherit;\"><span dir=\"auto\" style=\"vertical-align: inherit;\"> L\u00edquido espesso e \u00e2mbar<\/span><\/span><\/p>\n<\/li>\n<li class=\"\" data-start=\"919\" data-end=\"1018\">\n<p class=\"\" data-start=\"921\" data-end=\"1018\"><strong data-start=\"921\" data-end=\"943\"><span dir=\"auto\" style=\"vertical-align: inherit;\"><span dir=\"auto\" style=\"vertical-align: inherit;\">Principais aplica\u00e7\u00f5es:<\/span><\/span><\/strong><span dir=\"auto\" style=\"vertical-align: inherit;\"><span dir=\"auto\" style=\"vertical-align: inherit;\"> Processamento de metais, demoli\u00e7\u00e3o de materiais, minera\u00e7\u00e3o, pesquisa cient\u00edfica<\/span><\/span><\/p>\n<\/li>\n<li class=\"\" data-start=\"1019\" data-end=\"1071\">\n<p class=\"\" data-start=\"1021\" data-end=\"1071\"><strong data-start=\"1021\" data-end=\"1038\"><span dir=\"auto\" style=\"vertical-align: inherit;\"><span dir=\"auto\" style=\"vertical-align: inherit;\">Reatividade:<\/span><\/span><\/strong><span dir=\"auto\" style=\"vertical-align: inherit;\"><span dir=\"auto\" style=\"vertical-align: inherit;\"> Agente oxidante muito poderoso<\/span><\/span><\/p>\n<\/li>\n<li class=\"\" data-start=\"1072\" data-end=\"1129\">\n<p class=\"\" data-start=\"1074\" data-end=\"1129\"><strong data-start=\"1074\" data-end=\"1085\"><span dir=\"auto\" style=\"vertical-align: inherit;\"><span dir=\"auto\" style=\"vertical-align: inherit;\">Perigo:<\/span><\/span><\/strong><span dir=\"auto\" style=\"vertical-align: inherit;\"><span dir=\"auto\" style=\"vertical-align: inherit;\"> Corrosivo e prejudicial se usado incorretamente.<\/span><\/span><\/p>\n<\/li>\n<li class=\"\" data-start=\"1130\" data-end=\"1189\">\n<p class=\"\" data-start=\"1132\" data-end=\"1189\"><strong data-start=\"1132\" data-end=\"1147\"><span dir=\"auto\" style=\"vertical-align: inherit;\"><span dir=\"auto\" style=\"vertical-align: inherit;\">Embalagem:<\/span><\/span><\/strong><span dir=\"auto\" style=\"vertical-align: inherit;\"><span dir=\"auto\" style=\"vertical-align: inherit;\"> Herm\u00e9tico e \u00e0 prova de vazamentos, seguro para transporte. <\/span><\/span><a href=\"https:\/\/researchchemicalhub.com\/pt\/shop\/weegschalen\/digitale-bio-mini-weegschaal\/\"><span dir=\"auto\" style=\"vertical-align: inherit;\"><span dir=\"auto\" style=\"vertical-align: inherit;\">Balan\u00e7a Digital Bio Mini \u2013 20g x 0,001g<\/span><\/span><\/a><\/p>\n<\/li>\n<\/ul>\n<hr class=\"\" data-start=\"1191\" data-end=\"1194\" \/>\n<h2 class=\"\" data-start=\"1196\" data-end=\"1243\">\ud83d\udcbc<span dir=\"auto\" style=\"vertical-align: inherit;\"><span dir=\"auto\" style=\"vertical-align: inherit;\">Aplica\u00e7\u00f5es do Oxidado de Calaunie Muelear<\/span><\/span><\/h2>\n<h3 class=\"\" data-start=\"1245\" data-end=\"1287\"><span dir=\"auto\" style=\"vertical-align: inherit;\"><span dir=\"auto\" style=\"vertical-align: inherit;\">1. <\/span><\/span><strong data-start=\"1252\" data-end=\"1285\"><span dir=\"auto\" style=\"vertical-align: inherit;\"><span dir=\"auto\" style=\"vertical-align: inherit;\">Processamento e reciclagem de metais<\/span><\/span><\/strong><\/h3>\n<p class=\"\" data-start=\"1288\" data-end=\"1468\"><strong data-start=\"1349\" data-end=\"1386\"><span dir=\"auto\" style=\"vertical-align: inherit;\"><span dir=\"auto\" style=\"vertical-align: inherit;\">O carbonato de c\u00e1lcio \u00e9 usado para amolecer ou enfraquecer<\/span><\/span><\/strong><span dir=\"auto\" style=\"vertical-align: inherit;\"><span dir=\"auto\" style=\"vertical-align: inherit;\"> metais duros como ferro e a\u00e7o <\/span><span dir=\"auto\" style=\"vertical-align: inherit;\">, tornando o processamento significativamente mais f\u00e1cil sem a necessidade de equipamentos pesados. <\/span><\/span><a href=\"https:\/\/researchchemicalhub.com\/pt\/shop\/top-10-research-chemicals\/pyrazolam-werking\/\"><span dir=\"auto\" style=\"vertical-align: inherit;\"><span dir=\"auto\" style=\"vertical-align: inherit;\">Pellets de Pirazolam 2,5 mg<\/span><\/span><\/a><\/p>\n<h3 class=\"\" data-start=\"1470\" data-end=\"1514\"><span dir=\"auto\" style=\"vertical-align: inherit;\"><span dir=\"auto\" style=\"vertical-align: inherit;\">2. <\/span><\/span><strong data-start=\"1477\" data-end=\"1512\"><span dir=\"auto\" style=\"vertical-align: inherit;\"><span dir=\"auto\" style=\"vertical-align: inherit;\">Minera\u00e7\u00e3o e Extra\u00e7\u00e3o de Metais Preciosos<\/span><\/span><\/strong><\/h3>\n<p class=\"\" data-start=\"1515\" data-end=\"1665\"><span dir=\"auto\" style=\"vertical-align: inherit;\"><span dir=\"auto\" style=\"vertical-align: inherit;\">Em pequenas opera\u00e7\u00f5es de minera\u00e7\u00e3o, Calaunie est\u00e1 acostumado a <\/span><\/span><strong data-start=\"1570\" data-end=\"1593\"><span dir=\"auto\" style=\"vertical-align: inherit;\"><span dir=\"auto\" style=\"vertical-align: inherit;\">quebrar min\u00e9rios<\/span><\/span><\/strong><span dir=\"auto\" style=\"vertical-align: inherit;\"><span dir=\"auto\" style=\"vertical-align: inherit;\"> e extrair metais valiosos como ouro ou platina de forma mais eficiente.<\/span><\/span><\/p>\n<h3 class=\"\" data-start=\"1667\" data-end=\"1701\"><span dir=\"auto\" style=\"vertical-align: inherit;\"><span dir=\"auto\" style=\"vertical-align: inherit;\">3. <\/span><\/span><strong data-start=\"1674\" data-end=\"1699\"><span dir=\"auto\" style=\"vertical-align: inherit;\"><span dir=\"auto\" style=\"vertical-align: inherit;\">Exame laboratorial<\/span><\/span><\/strong><\/h3>\n<p class=\"\" data-start=\"1702\" data-end=\"1834\"><span dir=\"auto\" style=\"vertical-align: inherit;\"><span dir=\"auto\" style=\"vertical-align: inherit;\">Nas institui\u00e7\u00f5es de pesquisa, \u00e9 aplicado em <\/span><\/span><strong data-start=\"1752\" data-end=\"1779\"><span dir=\"auto\" style=\"vertical-align: inherit;\"><span dir=\"auto\" style=\"vertical-align: inherit;\">testes de degrada\u00e7\u00e3o de materiais<\/span><\/span><\/strong><span dir=\"auto\" style=\"vertical-align: inherit;\"><span dir=\"auto\" style=\"vertical-align: inherit;\"> e <\/span><\/span><strong data-start=\"1783\" data-end=\"1802\"><span dir=\"auto\" style=\"vertical-align: inherit;\"><span dir=\"auto\" style=\"vertical-align: inherit;\">estudos de oxida\u00e7\u00e3o<\/span><\/span><\/strong><span dir=\"auto\" style=\"vertical-align: inherit;\"><span dir=\"auto\" style=\"vertical-align: inherit;\"> em qu\u00edmica e ci\u00eancia dos materiais.<\/span><\/span><\/p>\n<h3 class=\"\" data-start=\"1836\" data-end=\"1872\"><span dir=\"auto\" style=\"vertical-align: inherit;\"><span dir=\"auto\" style=\"vertical-align: inherit;\">4. <\/span><\/span><strong data-start=\"1843\" data-end=\"1870\"><span dir=\"auto\" style=\"vertical-align: inherit;\"><span dir=\"auto\" style=\"vertical-align: inherit;\">Processamento de tintas e resinas<\/span><\/span><\/strong><\/h3>\n<p class=\"\" data-start=\"1873\" data-end=\"2033\"><span dir=\"auto\" style=\"vertical-align: inherit;\"><span dir=\"auto\" style=\"vertical-align: inherit;\">Em concentra\u00e7\u00f5es mais baixas, Calaunie pode ser usado para <\/span><\/span><strong data-start=\"1935\" data-end=\"1975\"><span dir=\"auto\" style=\"vertical-align: inherit;\"><span dir=\"auto\" style=\"vertical-align: inherit;\">remover revestimentos industriais<\/span><\/span><\/strong><span dir=\"auto\" style=\"vertical-align: inherit;\"><span dir=\"auto\" style=\"vertical-align: inherit;\"> , camadas de resina ou pol\u00edmeros em aplica\u00e7\u00f5es especializadas.<\/span><\/span><\/p>\n<hr class=\"\" data-start=\"2035\" data-end=\"2038\" \/>\n<h2 class=\"\" data-start=\"2040\" data-end=\"2068\">\u26a0\ufe0f<span dir=\"auto\" style=\"vertical-align: inherit;\"><span dir=\"auto\" style=\"vertical-align: inherit;\">Medidas de seguran\u00e7a<\/span><\/span><\/h2>\n<p class=\"\" data-start=\"2070\" data-end=\"2185\"><span dir=\"auto\" style=\"vertical-align: inherit;\"><span dir=\"auto\" style=\"vertical-align: inherit;\">Caluanie Muelear Oxidize \u00e9 um <\/span><\/span><strong data-start=\"2102\" data-end=\"2132\"><span dir=\"auto\" style=\"vertical-align: inherit;\"><span dir=\"auto\" style=\"vertical-align: inherit;\">subst\u00e2ncia corrosiva e reativa<\/span><\/span><\/strong><span dir=\"auto\" style=\"vertical-align: inherit;\"><span dir=\"auto\" style=\"vertical-align: inherit;\"> Sua utiliza\u00e7\u00e3o requer protocolos de seguran\u00e7a rigorosos:<\/span><\/span><\/p>\n<ul data-start=\"2187\" data-end=\"2535\">\n<li class=\"\" data-start=\"2187\" data-end=\"2261\">\n<p class=\"\" data-start=\"2189\" data-end=\"2261\"><span dir=\"auto\" style=\"vertical-align: inherit;\"><span dir=\"auto\" style=\"vertical-align: inherit;\">Use sempre <\/span><\/span><strong data-start=\"2202\" data-end=\"2259\"><span dir=\"auto\" style=\"vertical-align: inherit;\"><span dir=\"auto\" style=\"vertical-align: inherit;\">luvas, \u00f3culos de seguran\u00e7a e roupas de prote\u00e7\u00e3o<\/span><\/span><\/strong><\/p>\n<\/li>\n<li class=\"\" data-start=\"2262\" data-end=\"2334\">\n<p class=\"\" data-start=\"2264\" data-end=\"2334\"><span dir=\"auto\" style=\"vertical-align: inherit;\"><span dir=\"auto\" style=\"vertical-align: inherit;\">Utilizar somente em \u00e1reas bem ventiladas ou sob uma capela de exaust\u00e3o.<\/span><\/span><\/p>\n<\/li>\n<li class=\"\" data-start=\"2335\" data-end=\"2397\">\n<p class=\"\" data-start=\"2337\" data-end=\"2397\"><span dir=\"auto\" style=\"vertical-align: inherit;\"><span dir=\"auto\" style=\"vertical-align: inherit;\">N\u00e3o misture com outros produtos qu\u00edmicos, a menos que tenha sido especificamente testado.<\/span><\/span><\/p>\n<\/li>\n<li class=\"\" data-start=\"2398\" data-end=\"2454\">\n<p class=\"\" data-start=\"2400\" data-end=\"2454\"><span dir=\"auto\" style=\"vertical-align: inherit;\"><span dir=\"auto\" style=\"vertical-align: inherit;\">Mantenha fora do alcance de crian\u00e7as e pessoas n\u00e3o autorizadas.<\/span><\/span><\/p>\n<\/li>\n<li class=\"\" data-start=\"2455\" data-end=\"2535\">\n<p class=\"\" data-start=\"2457\" data-end=\"2535\"><span dir=\"auto\" style=\"vertical-align: inherit;\"><span dir=\"auto\" style=\"vertical-align: inherit;\">Armazenar em local fresco, seco e seguro, em embalagem resistente a produtos qu\u00edmicos. <\/span><\/span><a href=\"https:\/\/researchchemicalhub.com\/pt\/shop\/weegschalen\/digitale-tank-mini-weegschaal\/\"><span dir=\"auto\" style=\"vertical-align: inherit;\"><span dir=\"auto\" style=\"vertical-align: inherit;\">Balan\u00e7a digital mini para aqu\u00e1rio \u2013 20g x 0,001g<\/span><\/span><\/a><\/p>\n<\/li>\n<\/ul>\n<hr class=\"\" data-start=\"2537\" data-end=\"2540\" \/>\n<h2 class=\"\" data-start=\"2542\" data-end=\"2601\">\u2705<span dir=\"auto\" style=\"vertical-align: inherit;\"><span dir=\"auto\" style=\"vertical-align: inherit;\">Por que comprar Calaunie de um fornecedor confi\u00e1vel?<\/span><\/span><\/h2>\n<p class=\"\" data-start=\"2603\" data-end=\"2729\"><span dir=\"auto\" style=\"vertical-align: inherit;\"><span dir=\"auto\" style=\"vertical-align: inherit;\">Se voc\u00ea est\u00e1 procurando por <\/span><\/span><strong data-start=\"2628\" data-end=\"2671\"><span dir=\"auto\" style=\"vertical-align: inherit;\"><span dir=\"auto\" style=\"vertical-align: inherit;\">Calaunie puro, de grau industrial<\/span><\/span><\/strong><span dir=\"auto\" style=\"vertical-align: inherit;\"><span dir=\"auto\" style=\"vertical-align: inherit;\"> \u00c9 crucial comprar de um fornecedor que:<\/span><\/span><\/p>\n<ul data-start=\"2731\" data-end=\"2973\">\n<li class=\"\" data-start=\"2731\" data-end=\"2793\">\n<p class=\"\" data-start=\"2733\" data-end=\"2793\"><span dir=\"auto\" style=\"vertical-align: inherit;\"><span dir=\"auto\" style=\"vertical-align: inherit;\">Ofertas <\/span><strong data-start=\"2733\" data-end=\"2755\"><span dir=\"auto\" style=\"vertical-align: inherit;\">testes laboratoriais e certificados de pureza<\/span><\/strong><\/span><\/p>\n<\/li>\n<li class=\"\" data-start=\"2794\" data-end=\"2843\">\n<p class=\"\" data-start=\"2796\" data-end=\"2843\"><strong data-start=\"2796\" data-end=\"2830\"><span dir=\"auto\" style=\"vertical-align: inherit;\"><span dir=\"auto\" style=\"vertical-align: inherit;\">Embalagem segura e discreta<\/span><\/span><\/strong><span dir=\"auto\" style=\"vertical-align: inherit;\"><span dir=\"auto\" style=\"vertical-align: inherit;\"> garantias<\/span><\/span><\/p>\n<\/li>\n<li class=\"\" data-start=\"2844\" data-end=\"2908\">\n<p class=\"\" data-start=\"2846\" data-end=\"2908\"><span dir=\"auto\" style=\"vertical-align: inherit;\"><span dir=\"auto\" style=\"vertical-align: inherit;\">Habilita <\/span><strong data-start=\"2846\" data-end=\"2877\"><span dir=\"auto\" style=\"vertical-align: inherit;\">Transporte r\u00e1pido e seguro em toda a Europa.<\/span><\/strong><\/span><\/p>\n<\/li>\n<li class=\"\" data-start=\"2909\" data-end=\"2973\">\n<p class=\"\" data-start=\"2911\" data-end=\"2973\"><strong data-start=\"2911\" data-end=\"2939\"><span dir=\"auto\" style=\"vertical-align: inherit;\"><span dir=\"auto\" style=\"vertical-align: inherit;\">Fornece suporte t\u00e9cnico<\/span><\/span><\/strong><span dir=\"auto\" style=\"vertical-align: inherit;\"><span dir=\"auto\" style=\"vertical-align: inherit;\"> para uso e aplica\u00e7\u00f5es<\/span><\/span><\/p>\n<\/li>\n<\/ul>\n<hr class=\"\" data-start=\"2975\" data-end=\"2978\" \/>\n<h2 class=\"\" data-start=\"2980\" data-end=\"2995\">\ud83d\udd1a<span dir=\"auto\" style=\"vertical-align: inherit;\"><span dir=\"auto\" style=\"vertical-align: inherit;\">Conclus\u00e3o<\/span><\/span><\/h2>\n<p class=\"\" data-start=\"2997\" data-end=\"3265\"><strong data-start=\"2997\" data-end=\"3025\"><span dir=\"auto\" style=\"vertical-align: inherit;\"><span dir=\"auto\" style=\"vertical-align: inherit;\">Caluanie Muelear Oxidado<\/span><\/span><\/strong><span dir=\"auto\" style=\"vertical-align: inherit;\"><span dir=\"auto\" style=\"vertical-align: inherit;\"> \u00c9 um fluido \u00fanico e poderoso com uma ampla gama de aplica\u00e7\u00f5es industriais e cient\u00edficas. Quando usado de forma correta e respons\u00e1vel, pode aumentar significativamente a efici\u00eancia no manuseio de materiais e na metalurgia.<\/span><\/span><\/p>\n<p class=\"\" data-start=\"3267\" data-end=\"3398\"><span dir=\"auto\" style=\"vertical-align: inherit;\"><span dir=\"auto\" style=\"vertical-align: inherit;\">Para profissionais em <\/span><\/span><strong data-start=\"3289\" data-end=\"3322\"><span dir=\"auto\" style=\"vertical-align: inherit;\"><span dir=\"auto\" style=\"vertical-align: inherit;\">qu\u00edmica, minera\u00e7\u00e3o ou reciclagem,<\/span><\/span><\/strong><span dir=\"auto\" style=\"vertical-align: inherit;\"><span dir=\"auto\" style=\"vertical-align: inherit;\"> O Calaunie \u00e9 uma ferramenta valiosa em processos de pesquisa ou produ\u00e7\u00e3o. <\/span><\/span><a href=\"https:\/\/researchchemicalhub.com\/pt\/shop\/weegschalen\/digitale-cs-weegschaal\/\"><span dir=\"auto\" style=\"vertical-align: inherit;\"><span dir=\"auto\" style=\"vertical-align: inherit;\">Balan\u00e7a digital CS \u2013 100g x 0,01g<\/span><\/span><\/a><\/p>","protected":false},"excerpt":{"rendered":"<p>O Oxidante Caluanie Muelear \u00e9 um poderoso reagente qu\u00edmico conhecido principalmente por sua capacidade de decompor metais e materiais resistentes.<\/p>","protected":false},"featured_media":28489,"comment_status":"open","ping_status":"closed","template":"","meta":[],"product_brand":[],"product_cat":[1085],"product_tag":[905,897,904,902,903,901,906,900,907,898,899],"class_list":{"0":"post-26112","1":"product","2":"type-product","3":"status-publish","4":"has-post-thumbnail","6":"product_cat-okategoriserad","7":"product_tag-buy-caluanie-muelear-oxidize-online","8":"product_tag-caluanie-muelear-oxidize","9":"product_tag-caluanie-muelear-oxidize-deutschland","10":"product_tag-caluanie-muelear-oxidize-for-sale","11":"product_tag-caluanie-muelear-oxidize-kaufen","12":"product_tag-caluanie-muelear-oxidize-manufacturer-in-usa","13":"product_tag-caluanie-muelear-oxidize-pasteurize","14":"product_tag-caluanie-muelear-oxidize-price","15":"product_tag-caluanie-muelear-oxidize-price-in-india","16":"product_tag-caluanie-muelear-oxidize-price-in-usa","17":"product_tag-caluanie-muelear-oxidize-usa","19":"first","20":"instock","21":"taxable","22":"shipping-taxable","23":"purchasable","24":"product-type-simple"},"_links":{"self":[{"href":"https:\/\/researchchemicalhub.com\/pt\/wp-json\/wp\/v2\/product\/26112","targetHints":{"allow":["GET"]}}],"collection":[{"href":"https:\/\/researchchemicalhub.com\/pt\/wp-json\/wp\/v2\/product"}],"about":[{"href":"https:\/\/researchchemicalhub.com\/pt\/wp-json\/wp\/v2\/types\/product"}],"replies":[{"embeddable":true,"href":"https:\/\/researchchemicalhub.com\/pt\/wp-json\/wp\/v2\/comments?post=26112"}],"version-history":[{"count":3,"href":"https:\/\/researchchemicalhub.com\/pt\/wp-json\/wp\/v2\/product\/26112\/revisions"}],"predecessor-version":[{"id":28680,"href":"https:\/\/researchchemicalhub.com\/pt\/wp-json\/wp\/v2\/product\/26112\/revisions\/28680"}],"wp:featuredmedia":[{"embeddable":true,"href":"https:\/\/researchchemicalhub.com\/pt\/wp-json\/wp\/v2\/media\/28489"}],"wp:attachment":[{"href":"https:\/\/researchchemicalhub.com\/pt\/wp-json\/wp\/v2\/media?parent=26112"}],"wp:term":[{"taxonomy":"product_brand","embeddable":true,"href":"https:\/\/researchchemicalhub.com\/pt\/wp-json\/wp\/v2\/product_brand?post=26112"},{"taxonomy":"product_cat","embeddable":true,"href":"https:\/\/researchchemicalhub.com\/pt\/wp-json\/wp\/v2\/product_cat?post=26112"},{"taxonomy":"product_tag","embeddable":true,"href":"https:\/\/researchchemicalhub.com\/pt\/wp-json\/wp\/v2\/product_tag?post=26112"}],"curies":[{"name":"wp","href":"https:\/\/api.w.org\/{rel}","templated":true}]}}