{"id":24961,"date":"2025-10-20T17:43:53","date_gmt":"2025-10-20T17:43:53","guid":{"rendered":"https:\/\/researchchemicalhub.com\/?post_type=product&#038;p=24961"},"modified":"2025-10-28T22:38:22","modified_gmt":"2025-10-28T22:38:22","slug":"pellets-de-dsmt-50mg","status":"publish","type":"product","link":"https:\/\/researchchemicalhub.com\/pt\/comprar\/o-dsmt\/pellets-de-dsmt-50mg\/","title":{"rendered":"Pellets de O-DSMT 50 mg"},"content":{"rendered":"<h1 data-start=\"399\" data-end=\"488\"><strong data-start=\"401\" data-end=\"488\">O-DSMT (O-Desmetiltramadol) \u2013 Informa\u00e7\u00f5es cient\u00edficas e vis\u00e3o geral anal\u00edtica<\/strong><\/h1>\n<p data-start=\"490\" data-end=\"739\"><strong data-start=\"490\" data-end=\"512\">Meta descri\u00e7\u00e3o:<\/strong><br data-start=\"512\" data-end=\"515\" \/>O-DSMT (O-Desmetiltramadol) \u00e9 um medicamento em pesquisa e um metab\u00f3lito farmacologicamente ativo do tramadol. Saiba mais sobre a estrutura qu\u00edmica, o mecanismo de a\u00e7\u00e3o, a relev\u00e2ncia cient\u00edfica e os aspectos de seguran\u00e7a do O-DSMT.<\/p>\n<hr data-start=\"741\" data-end=\"744\" \/>\n<h2 data-start=\"746\" data-end=\"762\"><strong data-start=\"749\" data-end=\"762\">Introdu\u00e7\u00e3o<\/strong><\/h2>\n<p data-start=\"764\" data-end=\"1036\"><strong data-start=\"764\" data-end=\"796\">O-Desmetiltramadol (O-DSMT)<\/strong> \u00e9 um <strong data-start=\"804\" data-end=\"831\">composto sint\u00e9tico<\/strong> que pertence ao grupo de <strong data-start=\"861\" data-end=\"883\">analg\u00e9sicos opioides<\/strong>. \u00c9 o <strong data-start=\"895\" data-end=\"930\">metab\u00f3lito ativo do tramadol<\/strong>, um analg\u00e9sico usado mundialmente para o tratamento de dores moderadas a intensas.<\/p>\n<p data-start=\"1038\" data-end=\"1395\">O O-DSMT \u00e9 formado no organismo quando o tramadol \u00e9 metabolizado pelo f\u00edgado atrav\u00e9s da enzima CYP2D6. Este metab\u00f3lito \u00e9 <strong data-start=\"1154\" data-end=\"1221\">respons\u00e1vel por grande parte do efeito analg\u00e9sico<\/strong> de tramadol. Em um contexto de pesquisa, o O-DSMT est\u00e1 sendo estudado para <strong data-start=\"1287\" data-end=\"1348\">a\u00e7\u00e3o farmacol\u00f3gica, atividade do receptor e seguran\u00e7a<\/strong> para entender melhor os compostos opioides.<\/p>\n<p data-start=\"1397\" data-end=\"1601\">O-DSMT \u00e9 algumas vezes mencionado na literatura cient\u00edfica sobre <strong data-start=\"1460\" data-end=\"1498\">novas subst\u00e2ncias psicoativas (NSP)<\/strong> e <strong data-start=\"1502\" data-end=\"1529\">toxicologia forense<\/strong>, mas \u00e9 <strong data-start=\"1543\" data-end=\"1600\">n\u00e3o aprovado para uso ou consumo humano<\/strong>.<\/p>\n<hr data-start=\"1603\" data-end=\"1606\" \/>\n<h2 data-start=\"1608\" data-end=\"1653\"><strong data-start=\"1611\" data-end=\"1653\">Principais caracter\u00edsticas<\/strong><\/h2>\n<div class=\"_tableContainer_1rjym_1\">\n<div class=\"group _tableWrapper_1rjym_13 flex w-fit flex-col-reverse\" tabindex=\"-1\">\n<table class=\"w-fit min-w-(--thread-content-width)\" data-start=\"1655\" data-end=\"2176\">\n<thead data-start=\"1655\" data-end=\"1692\">\n<tr data-start=\"1655\" data-end=\"1692\">\n<th data-start=\"1655\" data-end=\"1672\" data-col-size=\"sm\"><strong data-start=\"1657\" data-end=\"1671\">Caracter\u00edstica<\/strong><\/th>\n<th data-start=\"1672\" data-end=\"1692\" data-col-size=\"md\"><strong data-start=\"1674\" data-end=\"1690\">Descri\u00e7\u00e3o<\/strong><\/th>\n<\/tr>\n<\/thead>\n<tbody data-start=\"1732\" data-end=\"2176\">\n<tr data-start=\"1732\" data-end=\"1776\">\n<td data-start=\"1732\" data-end=\"1753\" data-col-size=\"sm\"><strong data-start=\"1734\" data-end=\"1752\">Nome completo<\/strong><\/td>\n<td data-start=\"1753\" data-end=\"1776\" data-col-size=\"md\">O-Desmetiltramadol<\/td>\n<\/tr>\n<tr data-start=\"1777\" data-end=\"1814\">\n<td data-start=\"1777\" data-end=\"1801\" data-col-size=\"sm\"><strong data-start=\"1779\" data-end=\"1800\">F\u00f3rmula qu\u00edmica<\/strong><\/td>\n<td data-start=\"1801\" data-end=\"1814\" data-col-size=\"md\">C\u2081\u2085H\u2082\u2083NO\u2082<\/td>\n<\/tr>\n<tr data-start=\"1815\" data-end=\"1851\">\n<td data-start=\"1815\" data-end=\"1835\" data-col-size=\"sm\"><strong data-start=\"1817\" data-end=\"1834\">Massa molar<\/strong><\/td>\n<td data-col-size=\"md\" data-start=\"1835\" data-end=\"1851\">249,35 g\/mol<\/td>\n<\/tr>\n<tr data-start=\"1852\" data-end=\"1919\">\n<td data-start=\"1852\" data-end=\"1875\" data-col-size=\"sm\"><strong data-start=\"1854\" data-end=\"1874\">Classe qu\u00edmica<\/strong><\/td>\n<td data-start=\"1875\" data-end=\"1919\" data-col-size=\"md\">Opioide sint\u00e9tico; metab\u00f3lito do tramadol<\/td>\n<\/tr>\n<tr data-start=\"1920\" data-end=\"1979\">\n<td data-start=\"1920\" data-end=\"1950\" data-col-size=\"sm\"><strong data-start=\"1922\" data-end=\"1949\">A\u00e7\u00e3o farmacol\u00f3gica<\/strong><\/td>\n<td data-col-size=\"md\" data-start=\"1950\" data-end=\"1979\">agonista do receptor \u03bc-opioide<\/td>\n<\/tr>\n<tr data-start=\"1980\" data-end=\"2042\">\n<td data-start=\"1980\" data-end=\"1997\" data-col-size=\"sm\"><strong data-start=\"1982\" data-end=\"1996\">Aplicativo<\/strong><\/td>\n<td data-col-size=\"md\" data-start=\"1997\" data-end=\"2042\">Pesquisa farmacol\u00f3gica e toxicol\u00f3gica<\/td>\n<\/tr>\n<tr data-start=\"2043\" data-end=\"2097\">\n<td data-start=\"2043\" data-end=\"2054\" data-col-size=\"sm\"><strong data-start=\"2045\" data-end=\"2053\">Forma<\/strong><\/td>\n<td data-col-size=\"md\" data-start=\"2054\" data-end=\"2097\">Subst\u00e2ncia de refer\u00eancia para an\u00e1lise laboratorial<\/td>\n<\/tr>\n<tr data-start=\"2098\" data-end=\"2176\">\n<td data-start=\"2098\" data-end=\"2122\" data-col-size=\"sm\"><strong data-start=\"2100\" data-end=\"2121\">Situa\u00e7\u00e3o jur\u00eddica<\/strong><\/td>\n<td data-col-size=\"md\" data-start=\"2122\" data-end=\"2176\">Regulamentado pelas leis de opioides em muitos pa\u00edses<\/td>\n<\/tr>\n<\/tbody>\n<\/table>\n<\/div>\n<\/div>\n<hr data-start=\"2178\" data-end=\"2181\" \/>\n<h2 data-start=\"2183\" data-end=\"2238\"><strong data-start=\"2186\" data-end=\"2238\">Relev\u00e2ncia cient\u00edfica e valor da pesquisa<\/strong><\/h2>\n<ul data-start=\"2240\" data-end=\"3199\">\n<li data-start=\"2240\" data-end=\"2514\">\n<p data-start=\"2242\" data-end=\"2514\"><strong data-start=\"2242\" data-end=\"2270\">Pesquisa farmacol\u00f3gica<\/strong><br data-start=\"2270\" data-end=\"2273\" \/>O-DSMT \u00e9 usado para <strong data-start=\"2303\" data-end=\"2335\">mecanismos de al\u00edvio da dor<\/strong> Compreender melhor e compar\u00e1-lo com outros agonistas opioides. Isso ajuda os pesquisadores a obter insights sobre a seletividade do receptor, vias metab\u00f3licas e varia\u00e7\u00f5es estruturais.<\/p>\n<\/li>\n<li data-start=\"2516\" data-end=\"2769\">\n<p data-start=\"2518\" data-end=\"2769\"><strong data-start=\"2518\" data-end=\"2544\">An\u00e1lise toxicol\u00f3gica<\/strong><br data-start=\"2544\" data-end=\"2547\" \/>Em laborat\u00f3rios de toxicologia forense e cl\u00ednica, o O-DSMT \u00e9 usado como <strong data-start=\"2629\" data-end=\"2663\">subst\u00e2ncia de refer\u00eancia ou calibra\u00e7\u00e3o<\/strong> para analisar amostras biol\u00f3gicas (como sangue ou urina) quanto \u00e0 presen\u00e7a de metab\u00f3litos de tramadol.<\/p>\n<\/li>\n<li data-start=\"2771\" data-end=\"2970\">\n<p data-start=\"2773\" data-end=\"2970\"><strong data-start=\"2773\" data-end=\"2804\">Caracteriza\u00e7\u00e3o anal\u00edtica<\/strong><br data-start=\"2804\" data-end=\"2807\" \/>O material \u00e9 examinado usando t\u00e9cnicas como <strong data-start=\"2866\" data-end=\"2892\">LC-MS\/MS, GC-MS e RMN<\/strong> para permitir a identifica\u00e7\u00e3o e quantifica\u00e7\u00e3o em amostras de pesquisa.<\/p>\n<\/li>\n<li data-start=\"2972\" data-end=\"3199\">\n<p data-start=\"2974\" data-end=\"3199\"><strong data-start=\"2974\" data-end=\"3013\">Estudos regulat\u00f3rios e de seguran\u00e7a<\/strong><br data-start=\"3013\" data-end=\"3016\" \/>O-DSMT ajuda a desenvolver protocolos de detec\u00e7\u00e3o para <strong data-start=\"3080\" data-end=\"3118\">novas subst\u00e2ncias psicoativas (NSP)<\/strong> e na avalia\u00e7\u00e3o de riscos \u00e0 sa\u00fade p\u00fablica e potencial de abuso.<\/p>\n<\/li>\n<\/ul>\n<hr data-start=\"3201\" data-end=\"3204\" \/>\n<h2 data-start=\"3206\" data-end=\"3264\"><strong data-start=\"3209\" data-end=\"3264\">Uso em laborat\u00f3rio (somente para pesquisa)<\/strong><\/h2>\n<blockquote data-start=\"3266\" data-end=\"3480\">\n<p data-start=\"3268\" data-end=\"3480\">\u26a0\ufe0f <strong data-start=\"3271\" data-end=\"3286\">Importante:<\/strong><br data-start=\"3286\" data-end=\"3289\" \/>O-DSMT \u00e9 <strong data-start=\"3301\" data-end=\"3356\">destinado apenas \u00e0 pesquisa cient\u00edfica<\/strong> em laborat\u00f3rios autorizados.<br data-start=\"3387\" data-end=\"3390\" \/>Isso \u00e9 <strong data-start=\"3399\" data-end=\"3480\">n\u00e3o se destina ao consumo humano, automedica\u00e7\u00e3o ou uso recreativo.<\/strong><\/p>\n<\/blockquote>\n<ol data-start=\"3482\" data-end=\"4188\">\n<li data-start=\"3482\" data-end=\"3702\">\n<p data-start=\"3485\" data-end=\"3512\"><strong data-start=\"3485\" data-end=\"3510\">Armazenamento e Estabilidade<\/strong><\/p>\n<ul data-start=\"3516\" data-end=\"3702\">\n<li data-start=\"3516\" data-end=\"3577\">\n<p data-start=\"3518\" data-end=\"3577\">Conservar em recipiente fechado, seco e fresco (2\u20138 \u00b0C).<\/p>\n<\/li>\n<li data-start=\"3581\" data-end=\"3624\">\n<p data-start=\"3583\" data-end=\"3624\">Proteger da luz, umidade e ar.<\/p>\n<\/li>\n<li data-start=\"3628\" data-end=\"3702\">\n<p data-start=\"3630\" data-end=\"3702\">Use somente em institui\u00e7\u00f5es com autoriza\u00e7\u00f5es de pesquisa v\u00e1lidas.<\/p>\n<\/li>\n<\/ul>\n<\/li>\n<li data-start=\"3704\" data-end=\"3931\">\n<p data-start=\"3707\" data-end=\"3735\"><strong data-start=\"3707\" data-end=\"3733\">Aplica\u00e7\u00e3o Anal\u00edtica<\/strong><\/p>\n<ul data-start=\"3739\" data-end=\"3931\">\n<li data-start=\"3739\" data-end=\"3839\">\n<p data-start=\"3741\" data-end=\"3839\">Usado como padr\u00e3o em an\u00e1lises de LC-MS e GC-MS para identificar metab\u00f3litos de tramadol.<\/p>\n<\/li>\n<li data-start=\"3843\" data-end=\"3931\">\n<p data-start=\"3845\" data-end=\"3931\">Adequado para valida\u00e7\u00e3o metodol\u00f3gica em estudos toxicol\u00f3gicos ou farmac\u00eauticos.<\/p>\n<\/li>\n<\/ul>\n<\/li>\n<li data-start=\"3933\" data-end=\"4188\">\n<p data-start=\"3936\" data-end=\"3972\"><strong data-start=\"3936\" data-end=\"3970\">Seguran\u00e7a no Laborat\u00f3rio<\/strong><\/p>\n<ul data-start=\"3976\" data-end=\"4188\">\n<li data-start=\"3976\" data-end=\"4042\">\n<p data-start=\"3978\" data-end=\"4042\">Use sempre luvas, \u00f3culos de seguran\u00e7a e jaleco.<\/p>\n<\/li>\n<li data-start=\"4046\" data-end=\"4097\">\n<p data-start=\"4048\" data-end=\"4097\">Evite contato com a pele, olhos ou mucosas.<\/p>\n<\/li>\n<li data-start=\"4101\" data-end=\"4188\">\n<p data-start=\"4103\" data-end=\"4188\">Descarte os res\u00edduos de acordo com as normas de seguran\u00e7a qu\u00edmica e as normas nacionais.<\/p>\n<\/li>\n<\/ul>\n<\/li>\n<\/ol>\n<hr data-start=\"4190\" data-end=\"4193\" \/>\n<h2 data-start=\"4195\" data-end=\"4223\"><strong data-start=\"4198\" data-end=\"4223\">Informa\u00e7\u00f5es legais<\/strong><\/h2>\n<p data-start=\"4225\" data-end=\"4501\">O-DSMT \u00e9 coberto pelo <strong data-start=\"4270\" data-end=\"4298\">Lei do \u00d3pio<\/strong> ou acordos semelhantes para subst\u00e2ncias opioides.<br data-start=\"4348\" data-end=\"4351\" \/>Os pesquisadores e laborat\u00f3rios devem <strong data-start=\"4386\" data-end=\"4414\">consentimento pr\u00e9vio<\/strong> obter para o armazenamento, transporte ou uso de O-DSMT em um contexto de pesquisa.<\/p>\n<p data-start=\"4503\" data-end=\"4674\">O tecido pode <strong data-start=\"4515\" data-end=\"4551\">n\u00e3o ser vendido ou usado<\/strong> fora de institui\u00e7\u00f5es de pesquisa credenciadas. A posse ou uso n\u00e3o autorizado pode resultar em <strong data-start=\"4642\" data-end=\"4673\">processo criminal<\/strong>.<\/p>\n<hr data-start=\"4676\" data-end=\"4679\" \/>\n<h2 data-start=\"4681\" data-end=\"4713\"><strong data-start=\"4684\" data-end=\"4713\">Perguntas Frequentes (FAQ)<\/strong><\/h2>\n<p data-start=\"4715\" data-end=\"4934\"><strong data-start=\"4715\" data-end=\"4745\">1\ufe0f\u20e3 O que exatamente \u00e9 O-DSMT?<\/strong><br data-start=\"4745\" data-end=\"4748\" \/>O-DSMT \u00e9 o <strong data-start=\"4761\" data-end=\"4796\">metab\u00f3lito ativo do tramadol<\/strong>, formado no corpo ap\u00f3s a ingest\u00e3o de tramadol. Em ambientes de pesquisa, \u00e9 usado para estudar a farmacologia de opioides.<\/p>\n<p data-start=\"4936\" data-end=\"5163\"><strong data-start=\"4936\" data-end=\"4961\">2\ufe0f\u20e3 O O-DSMT \u00e9 legal?<\/strong><br data-start=\"4961\" data-end=\"4964\" \/>O status legal varia de acordo com o pa\u00eds. Na maioria dos pa\u00edses europeus, o O-DSMT se enquadra na legisla\u00e7\u00e3o sobre opioides, o que significa que s\u00f3 pode ser usado para fins cient\u00edficos ou forenses.<\/p>\n<p data-start=\"5165\" data-end=\"5433\"><strong data-start=\"5165\" data-end=\"5246\">3\ufe0f\u20e3 O O-DSMT pode ser usado para uso pessoal ou microdosagem?<\/strong><br data-start=\"5246\" data-end=\"5249\" \/>N\u00e3o. O-DSMT \u00e9 <strong data-start=\"5264\" data-end=\"5311\">n\u00e3o aprovado para consumo humano<\/strong> e s\u00f3 pode ser usado em ambiente laboratorial controlado. O uso n\u00e3o autorizado \u00e9 perigoso e ilegal.<\/p>\n<hr data-start=\"5435\" data-end=\"5438\" \/>\n<h2 data-start=\"5440\" data-end=\"5480\"><strong data-start=\"5443\" data-end=\"5480\">Refer\u00eancias e informa\u00e7\u00f5es adicionais<\/strong><\/h2>\n<ul data-start=\"5482\" data-end=\"5840\">\n<li data-start=\"5482\" data-end=\"5639\">\n<p data-start=\"5484\" data-end=\"5639\">Observat\u00f3rio Europeu da Droga e da Toxicodepend\u00eancia (OEDT): <em data-start=\"5550\" data-end=\"5637\">Relat\u00f3rio sobre Novas Subst\u00e2ncias Psicoativas (NPS) \u2013 Opioides e derivados do tramadol.<\/em><\/p>\n<\/li>\n<li data-start=\"5640\" data-end=\"5737\">\n<p data-start=\"5642\" data-end=\"5737\">Instituto Nacional sobre Abuso de Drogas (NIDA): <em data-start=\"5683\" data-end=\"5735\">Opioides sint\u00e9ticos e compostos an\u00e1logos emergentes.<\/em><\/p>\n<\/li>\n<li data-start=\"5738\" data-end=\"5840\">\n<p data-start=\"5740\" data-end=\"5840\">Revistas de Toxicologia Forense: <em data-start=\"5770\" data-end=\"5838\">Identifica\u00e7\u00e3o anal\u00edtica e farmacologia do O-desmetiltramadol.<\/em><\/p>\n<\/li>\n<\/ul>\n<p><a href=\"https:\/\/researchchemicalhub.com\/pt\/comprar\/iboga-ibogaina\/comprar-cloridrato-de-ibogaina-online\/\"><span dir=\"auto\" style=\"vertical-align: inherit;\"><span dir=\"auto\" style=\"vertical-align: inherit;\">Comprar Iboga\u00edna HCL <\/span><\/span><\/a><a href=\"https:\/\/researchchemicalhub.com\/pt\/comprar\/iboga-ibogaina\/casca-da-raiz-de-iboga\/\"><span dir=\"auto\" style=\"vertical-align: inherit;\"><span dir=\"auto\" style=\"vertical-align: inherit;\">Casca de raiz de iboga <\/span><\/span><\/a><a href=\"https:\/\/researchchemicalhub.com\/pt\/comprar\/lisergamidas\/1cp-lsd-150-mcg-mata-borroes-artisticos\/\"><span dir=\"auto\" style=\"vertical-align: inherit;\"><span dir=\"auto\" style=\"vertical-align: inherit;\">1cP-LSD 150 MCG Art Blotters <\/span><\/span><\/a><a href=\"https:\/\/researchchemicalhub.com\/pt\/comprar\/lisergamidas\/1v-lsd-150-mcg-blotters\/\"><span dir=\"auto\" style=\"vertical-align: inherit;\"><span dir=\"auto\" style=\"vertical-align: inherit;\">1V-LSD 150 MCG Blotters <\/span><\/span><\/a><a href=\"https:\/\/researchchemicalhub.com\/pt\/comprar\/pelotas-de-2-cmc\/%f0%9f%92%a1-po-cristalino-de-2-mmc-para-todas-as-perguntas-e-respostas-sobre-compra\/%f0%9f%92%a1-po-cristalino-de-2-mmc-para-todas-as-perguntas-e-respostas-sobre-compra\/\"><span dir=\"auto\" style=\"vertical-align: inherit;\"><span dir=\"auto\" style=\"vertical-align: inherit;\">Pellets de 2-CMC 250 mg<\/span><\/span><\/a><\/p>","protected":false},"excerpt":{"rendered":"<h3><span dir=\"auto\" style=\"vertical-align: inherit;\"><span dir=\"auto\" style=\"vertical-align: inherit;\">Propriedades O-DSMT<\/span><\/span><\/h3>\n<p><strong><span dir=\"auto\" style=\"vertical-align: inherit;\"><span dir=\"auto\" style=\"vertical-align: inherit;\">Sin\u00f4nimo: <\/span><\/span><\/strong> <i><span dir=\"auto\" style=\"vertical-align: inherit;\"><span dir=\"auto\" style=\"vertical-align: inherit;\">O-Desmetiltramadol, 3-(2-((dimetilamino)metil)-1-hidroxiciclohexil)fenol <\/span><\/span><\/i><br \/>\n<strong><span dir=\"auto\" style=\"vertical-align: inherit;\"><span dir=\"auto\" style=\"vertical-align: inherit;\">N\u00famero CAS:<\/span><\/span><\/strong><span dir=\"auto\" style=\"vertical-align: inherit;\"><span dir=\"auto\" style=\"vertical-align: inherit;\"> 80456-81-1 <\/span><\/span><br \/>\n<strong><span dir=\"auto\" style=\"vertical-align: inherit;\"><span dir=\"auto\" style=\"vertical-align: inherit;\">F\u00f3rmula: <\/span><\/span><\/strong> <span title=\"Carbono\"><span dir=\"auto\" style=\"vertical-align: inherit;\"><span dir=\"auto\" style=\"vertical-align: inherit;\">C <\/span><\/span><\/span><sub><span dir=\"auto\" style=\"vertical-align: inherit;\"><span dir=\"auto\" style=\"vertical-align: inherit;\">15 <\/span><\/span><\/sub><span title=\"Hidrog\u00eanio\"><span dir=\"auto\" style=\"vertical-align: inherit;\"><span dir=\"auto\" style=\"vertical-align: inherit;\">H <\/span><\/span><\/span><sub><span dir=\"auto\" style=\"vertical-align: inherit;\"><span dir=\"auto\" style=\"vertical-align: inherit;\">23 <\/span><\/span><\/sub><span title=\"Azoto\"><span dir=\"auto\" style=\"vertical-align: inherit;\"><span dir=\"auto\" style=\"vertical-align: inherit;\">N <\/span><\/span><\/span><span title=\"Oxig\u00eanio\"><span dir=\"auto\" style=\"vertical-align: inherit;\"><span dir=\"auto\" style=\"vertical-align: inherit;\">O <\/span><\/span><\/span><sub><span dir=\"auto\" style=\"vertical-align: inherit;\"><span dir=\"auto\" style=\"vertical-align: inherit;\">2 <\/span><\/span><\/sub><br \/>\n<strong><span dir=\"auto\" style=\"vertical-align: inherit;\"><span dir=\"auto\" style=\"vertical-align: inherit;\">Massa molar:<\/span><\/span><\/strong><span dir=\"auto\" style=\"vertical-align: inherit;\"><span dir=\"auto\" style=\"vertical-align: inherit;\"> 249,354 g\/mol <\/span><\/span><br \/>\n<strong><span dir=\"auto\" style=\"vertical-align: inherit;\"><span dir=\"auto\" style=\"vertical-align: inherit;\">Pureza:<\/span><\/span><\/strong><span dir=\"auto\" style=\"vertical-align: inherit;\"><span dir=\"auto\" style=\"vertical-align: inherit;\"> \u00a0&gt;97%<\/span><\/span><\/p>","protected":false},"featured_media":28581,"comment_status":"closed","ping_status":"closed","template":"","meta":[],"product_brand":[82],"product_cat":[337,420,336,324],"product_tag":[326,727,725,728,726,729,730],"class_list":{"0":"post-24961","1":"product","2":"type-product","3":"status-publish","4":"has-post-thumbnail","6":"product_brand-research-chemical","7":"product_cat-o-dsmt","8":"product_cat-o-dsmt-pellets","9":"product_cat-overig","10":"product_cat-pellets-for-pellet","11":"product_tag-nl","12":"product_tag-o-dsmt-ervaringen","13":"product_tag-o-dsmt","14":"product_tag-o-dsmt-bestellen","15":"product_tag-o-dsmt-kopen","16":"product_tag-o-dsmt-psychonaut","17":"product_tag-what-is-o-dsmt","19":"first","20":"instock","21":"taxable","22":"shipping-taxable","23":"purchasable","24":"product-type-variable"},"_links":{"self":[{"href":"https:\/\/researchchemicalhub.com\/pt\/wp-json\/wp\/v2\/product\/24961","targetHints":{"allow":["GET"]}}],"collection":[{"href":"https:\/\/researchchemicalhub.com\/pt\/wp-json\/wp\/v2\/product"}],"about":[{"href":"https:\/\/researchchemicalhub.com\/pt\/wp-json\/wp\/v2\/types\/product"}],"replies":[{"embeddable":true,"href":"https:\/\/researchchemicalhub.com\/pt\/wp-json\/wp\/v2\/comments?post=24961"}],"version-history":[{"count":7,"href":"https:\/\/researchchemicalhub.com\/pt\/wp-json\/wp\/v2\/product\/24961\/revisions"}],"predecessor-version":[{"id":27709,"href":"https:\/\/researchchemicalhub.com\/pt\/wp-json\/wp\/v2\/product\/24961\/revisions\/27709"}],"wp:featuredmedia":[{"embeddable":true,"href":"https:\/\/researchchemicalhub.com\/pt\/wp-json\/wp\/v2\/media\/28581"}],"wp:attachment":[{"href":"https:\/\/researchchemicalhub.com\/pt\/wp-json\/wp\/v2\/media?parent=24961"}],"wp:term":[{"taxonomy":"product_brand","embeddable":true,"href":"https:\/\/researchchemicalhub.com\/pt\/wp-json\/wp\/v2\/product_brand?post=24961"},{"taxonomy":"product_cat","embeddable":true,"href":"https:\/\/researchchemicalhub.com\/pt\/wp-json\/wp\/v2\/product_cat?post=24961"},{"taxonomy":"product_tag","embeddable":true,"href":"https:\/\/researchchemicalhub.com\/pt\/wp-json\/wp\/v2\/product_tag?post=24961"}],"curies":[{"name":"wp","href":"https:\/\/api.w.org\/{rel}","templated":true}]}}