{"id":24941,"date":"2025-10-20T17:43:52","date_gmt":"2025-10-20T17:43:52","guid":{"rendered":"https:\/\/researchchemicalhub.com\/?post_type=product&#038;p=24941"},"modified":"2025-10-28T22:41:42","modified_gmt":"2025-10-28T22:41:42","slug":"2-cmc-kopen","status":"publish","type":"product","link":"https:\/\/researchchemicalhub.com\/pt\/shop\/2-cmc-pellets\/2-cmc-kopen\/2-cmc-kopen\/","title":{"rendered":"Pellets de 2-CMC 250 mg"},"content":{"rendered":"<h3 data-start=\"4095\" data-end=\"4114\"><strong data-start=\"4099\" data-end=\"4114\"><span dir=\"auto\" style=\"vertical-align: inherit;\"><span dir=\"auto\" style=\"vertical-align: inherit;\">Introdu\u00e7\u00e3o<\/span><\/span><\/strong><\/h3>\n<p data-start=\"4115\" data-end=\"4430\"><span dir=\"auto\" style=\"vertical-align: inherit;\"><span dir=\"auto\" style=\"vertical-align: inherit;\">Buy 2 cmc. Our <\/span><\/span><strong data-start=\"4120\" data-end=\"4148\"><span dir=\"auto\" style=\"vertical-align: inherit;\"><span dir=\"auto\" style=\"vertical-align: inherit;\">250 mg research pellets<\/span><\/span><\/strong><span dir=\"auto\" style=\"vertical-align: inherit;\"><span dir=\"auto\" style=\"vertical-align: inherit;\"> are manufactured with the utmost precision for <\/span><\/span><strong data-start=\"4193\" data-end=\"4246\"><span dir=\"auto\" style=\"vertical-align: inherit;\"><span dir=\"auto\" style=\"vertical-align: inherit;\">laboratory, forensic, and analytical research<\/span><\/span><\/strong><span dir=\"auto\" style=\"vertical-align: inherit;\"><span dir=\"auto\" style=\"vertical-align: inherit;\"> . Thanks to strict quality control, these pellets offer <\/span><\/span><strong data-start=\"4303\" data-end=\"4374\"><span dir=\"auto\" style=\"vertical-align: inherit;\"><span dir=\"auto\" style=\"vertical-align: inherit;\">reliable dosing, high purity, and reproducible results<\/span><\/span><\/strong><span dir=\"auto\" style=\"vertical-align: inherit;\"><span dir=\"auto\" style=\"vertical-align: inherit;\"> \u2013 essential for professional research purposes.<\/span><\/span><\/p>\n<p data-start=\"4432\" data-end=\"4577\"><span dir=\"auto\" style=\"vertical-align: inherit;\"><span dir=\"auto\" style=\"vertical-align: inherit;\">Cada pastilha cont\u00e9m <\/span><\/span><strong data-start=\"4450\" data-end=\"4506\"><span dir=\"auto\" style=\"vertical-align: inherit;\"><span dir=\"auto\" style=\"vertical-align: inherit;\">250mg of laboratory-grade research material<\/span><\/span><\/strong><span dir=\"auto\" style=\"vertical-align: inherit;\"><span dir=\"auto\" style=\"vertical-align: inherit;\"> , perfect for chemical analysis, calibration, or controlled testing.<\/span><\/span><\/p>\n<blockquote data-start=\"4578\" data-end=\"4678\">\n<p data-start=\"4580\" data-end=\"4678\">\u26a0\ufe0f <strong data-start=\"4583\" data-end=\"4678\"><span dir=\"auto\" style=\"vertical-align: inherit;\"><span dir=\"auto\" style=\"vertical-align: inherit;\">For laboratory use only. Not intended for human or animal consumption.<\/span><\/span><\/strong><\/p>\n<\/blockquote>\n<hr data-start=\"4680\" data-end=\"4683\" \/>\n<h3 data-start=\"4685\" data-end=\"4716\"><strong data-start=\"4689\" data-end=\"4716\"><span dir=\"auto\" style=\"vertical-align: inherit;\"><span dir=\"auto\" style=\"vertical-align: inherit;\">Principais caracter\u00edsticas<\/span><\/span><\/strong><\/h3>\n<ul data-start=\"4717\" data-end=\"5193\">\n<li data-start=\"4717\" data-end=\"4787\">\n<p data-start=\"4719\" data-end=\"4787\"><strong data-start=\"4719\" data-end=\"4745\"><span dir=\"auto\" style=\"vertical-align: inherit;\"><span dir=\"auto\" style=\"vertical-align: inherit;\">Alta pureza (\u226599%)<\/span><\/span><\/strong><span dir=\"auto\" style=\"vertical-align: inherit;\"><span dir=\"auto\" style=\"vertical-align: inherit;\"> \u2013 Testado e verificado de forma independente.<\/span><\/span><\/p>\n<\/li>\n<li data-start=\"4788\" data-end=\"4871\">\n<p data-start=\"4790\" data-end=\"4871\"><strong data-start=\"4790\" data-end=\"4822\"><span dir=\"auto\" style=\"vertical-align: inherit;\"><span dir=\"auto\" style=\"vertical-align: inherit;\">Precise 250mg Dosage<\/span><\/span><\/strong><span dir=\"auto\" style=\"vertical-align: inherit;\"><span dir=\"auto\" style=\"vertical-align: inherit;\"> \u2013 Ensures consistent study results.<\/span><\/span><\/p>\n<\/li>\n<li data-start=\"4872\" data-end=\"4953\">\n<p data-start=\"4874\" data-end=\"4953\"><strong data-start=\"4874\" data-end=\"4900\"><span dir=\"auto\" style=\"vertical-align: inherit;\"><span dir=\"auto\" style=\"vertical-align: inherit;\">Composi\u00e7\u00e3o est\u00e1vel<\/span><\/span><\/strong><span dir=\"auto\" style=\"vertical-align: inherit;\"><span dir=\"auto\" style=\"vertical-align: inherit;\"> \u2013 Designed for long-term chemical stability.<\/span><\/span><\/p>\n<\/li>\n<li data-start=\"4954\" data-end=\"5039\">\n<p data-start=\"4956\" data-end=\"5039\"><strong data-start=\"4956\" data-end=\"4979\"><span dir=\"auto\" style=\"vertical-align: inherit;\"><span dir=\"auto\" style=\"vertical-align: inherit;\">Quality Production<\/span><\/span><\/strong><span dir=\"auto\" style=\"vertical-align: inherit;\"><span dir=\"auto\" style=\"vertical-align: inherit;\"> \u2013 Manufactured in controlled, hygienic environments.<\/span><\/span><\/p>\n<\/li>\n<li data-start=\"5040\" data-end=\"5108\">\n<p data-start=\"5042\" data-end=\"5108\"><strong data-start=\"5042\" data-end=\"5072\"><span dir=\"auto\" style=\"vertical-align: inherit;\"><span dir=\"auto\" style=\"vertical-align: inherit;\">Moisture-Proof Packaging<\/span><\/span><\/strong><span dir=\"auto\" style=\"vertical-align: inherit;\"><span dir=\"auto\" style=\"vertical-align: inherit;\"> \u2013 Protects against air and moisture.<\/span><\/span><\/p>\n<\/li>\n<li data-start=\"5109\" data-end=\"5193\">\n<p data-start=\"5111\" data-end=\"5193\"><strong data-start=\"5111\" data-end=\"5136\"><span dir=\"auto\" style=\"vertical-align: inherit;\"><span dir=\"auto\" style=\"vertical-align: inherit;\">Apenas para fins de pesquisa<\/span><\/span><\/strong><span dir=\"auto\" style=\"vertical-align: inherit;\"><span dir=\"auto\" style=\"vertical-align: inherit;\"> \u2013 Intended for scientific purposes only.<\/span><\/span><\/p>\n<\/li>\n<\/ul>\n<hr data-start=\"5195\" data-end=\"5198\" \/>\n<h3 data-start=\"5200\" data-end=\"5217\"><strong data-start=\"5204\" data-end=\"5217\"><span dir=\"auto\" style=\"vertical-align: inherit;\"><span dir=\"auto\" style=\"vertical-align: inherit;\">Vantagens<\/span><\/span><\/strong><\/h3>\n<ul data-start=\"5218\" data-end=\"5631\">\n<li data-start=\"5218\" data-end=\"5308\">\n<p data-start=\"5220\" data-end=\"5308\"><strong data-start=\"5220\" data-end=\"5256\"><span dir=\"auto\" style=\"vertical-align: inherit;\"><span dir=\"auto\" style=\"vertical-align: inherit;\">Resultados de pesquisa confi\u00e1veis<\/span><\/span><\/strong><span dir=\"auto\" style=\"vertical-align: inherit;\"><span dir=\"auto\" style=\"vertical-align: inherit;\"> \u2013 Ensures reproducible and accurate data.<\/span><\/span><\/p>\n<\/li>\n<li data-start=\"5309\" data-end=\"5378\">\n<p data-start=\"5311\" data-end=\"5378\"><strong data-start=\"5311\" data-end=\"5336\"><span dir=\"auto\" style=\"vertical-align: inherit;\"><span dir=\"auto\" style=\"vertical-align: inherit;\">Consistent Quality<\/span><\/span><\/strong><span dir=\"auto\" style=\"vertical-align: inherit;\"><span dir=\"auto\" style=\"vertical-align: inherit;\"> \u2013 Each pellet is identically composed.<\/span><\/span><\/p>\n<\/li>\n<li data-start=\"5379\" data-end=\"5467\">\n<p data-start=\"5381\" data-end=\"5467\"><strong data-start=\"5381\" data-end=\"5404\"><span dir=\"auto\" style=\"vertical-align: inherit;\"><span dir=\"auto\" style=\"vertical-align: inherit;\">F\u00e1cil de usar<\/span><\/span><\/strong><span dir=\"auto\" style=\"vertical-align: inherit;\"><span dir=\"auto\" style=\"vertical-align: inherit;\"> \u2013 The solid form reduces the risk of spills or contamination.<\/span><\/span><\/p>\n<\/li>\n<li data-start=\"5468\" data-end=\"5543\">\n<p data-start=\"5470\" data-end=\"5543\"><strong data-start=\"5470\" data-end=\"5497\"><span dir=\"auto\" style=\"vertical-align: inherit;\"><span dir=\"auto\" style=\"vertical-align: inherit;\">Testado cientificamente<\/span><\/span><\/strong><span dir=\"auto\" style=\"vertical-align: inherit;\"><span dir=\"auto\" style=\"vertical-align: inherit;\"> \u2013 Meets analytical quality standards.<\/span><\/span><\/p>\n<\/li>\n<li data-start=\"5544\" data-end=\"5631\">\n<p data-start=\"5546\" data-end=\"5631\"><strong data-start=\"5546\" data-end=\"5583\"><span dir=\"auto\" style=\"vertical-align: inherit;\"><span dir=\"auto\" style=\"vertical-align: inherit;\">Produzido de forma \u00e9tica e legal<\/span><\/span><\/strong><span dir=\"auto\" style=\"vertical-align: inherit;\"><span dir=\"auto\" style=\"vertical-align: inherit;\"> \u2013 In compliance with research regulations.<\/span><\/span><\/p>\n<\/li>\n<\/ul>\n<hr data-start=\"5633\" data-end=\"5636\" \/>\n<h3 data-start=\"5638\" data-end=\"5653\"><strong data-start=\"5642\" data-end=\"5653\"><span dir=\"auto\" style=\"vertical-align: inherit;\"><span dir=\"auto\" style=\"vertical-align: inherit;\">Uso<\/span><\/span><\/strong><\/h3>\n<ol data-start=\"5654\" data-end=\"6023\">\n<li data-start=\"5654\" data-end=\"5749\">\n<p data-start=\"5657\" data-end=\"5749\"><strong data-start=\"5657\" data-end=\"5692\"><span dir=\"auto\" style=\"vertical-align: inherit;\"><span dir=\"auto\" style=\"vertical-align: inherit;\">Para uso exclusivo em laborat\u00f3rio.<\/span><\/span><\/strong><span dir=\"auto\" style=\"vertical-align: inherit;\"><span dir=\"auto\" style=\"vertical-align: inherit;\"> \u2013 Use only in approved research environments.<\/span><\/span><\/p>\n<\/li>\n<li data-start=\"5750\" data-end=\"5797\">\n<p data-start=\"5753\" data-end=\"5797\"><strong data-start=\"5753\" data-end=\"5763\"><span dir=\"auto\" style=\"vertical-align: inherit;\"><span dir=\"auto\" style=\"vertical-align: inherit;\">Armazenar<\/span><\/span><\/strong><span dir=\"auto\" style=\"vertical-align: inherit;\"><span dir=\"auto\" style=\"vertical-align: inherit;\"> \u2013 Store in a cool, dry and dark place.<\/span><\/span><\/p>\n<\/li>\n<li data-start=\"5798\" data-end=\"5867\">\n<p data-start=\"5801\" data-end=\"5867\"><strong data-start=\"5801\" data-end=\"5818\"><span dir=\"auto\" style=\"vertical-align: inherit;\"><span dir=\"auto\" style=\"vertical-align: inherit;\">Safe Working<\/span><\/span><\/strong><span dir=\"auto\" style=\"vertical-align: inherit;\"><span dir=\"auto\" style=\"vertical-align: inherit;\"> \u2013 Always wear appropriate protective equipment.<\/span><\/span><\/p>\n<\/li>\n<li data-start=\"5868\" data-end=\"5935\">\n<p data-start=\"5871\" data-end=\"5935\"><strong data-start=\"5871\" data-end=\"5883\"><span dir=\"auto\" style=\"vertical-align: inherit;\"><span dir=\"auto\" style=\"vertical-align: inherit;\">Medidas<\/span><\/span><\/strong><span dir=\"auto\" style=\"vertical-align: inherit;\"><span dir=\"auto\" style=\"vertical-align: inherit;\"> \u2013 Utilize instrumentos anal\u00edticos calibrados.<\/span><\/span><\/p>\n<\/li>\n<li data-start=\"5936\" data-end=\"6023\">\n<p data-start=\"5939\" data-end=\"6023\"><strong data-start=\"5939\" data-end=\"5966\"><span dir=\"auto\" style=\"vertical-align: inherit;\"><span dir=\"auto\" style=\"vertical-align: inherit;\">Aviso de seguran\u00e7a<\/span><\/span><\/strong><span dir=\"auto\" style=\"vertical-align: inherit;\"><span dir=\"auto\" style=\"vertical-align: inherit;\"> \u2013 Not suitable for human or animal consumption. <\/span><\/span><a href=\"https:\/\/researchchemicalhub.com\/pt\/shop\/okategoriserad\/4mmc-kopen\/\"><span dir=\"auto\" style=\"vertical-align: inherit;\"><span dir=\"auto\" style=\"vertical-align: inherit;\">Buy 4mmc, buy <\/span><\/span><\/a><a href=\"https:\/\/researchchemicalhub.com\/pt\/shop\/okategoriserad\/benzocaine-powder\/\"><span dir=\"auto\" style=\"vertical-align: inherit;\"><span dir=\"auto\" style=\"vertical-align: inherit;\">p\u00f3 de benzoca\u00edna <\/span><\/span><\/a><a href=\"https:\/\/researchchemicalhub.com\/pt\/shop\/okategoriserad\/fentanyl-kopen\/\"><span dir=\"auto\" style=\"vertical-align: inherit;\"><span dir=\"auto\" style=\"vertical-align: inherit;\">, buy fentanyl, buy <\/span><\/span><\/a><a href=\"https:\/\/researchchemicalhub.com\/pt\/shop\/okategoriserad\/fentanyl-kopen\/\"><span dir=\"auto\" style=\"vertical-align: inherit;\"><span dir=\"auto\" style=\"vertical-align: inherit;\">fentanyl tablet, <\/span><\/span><\/a><a href=\"https:\/\/researchchemicalhub.com\/pt\/shop\/iboga-ibogaine\/iboga-kopen\/\"><span dir=\"auto\" style=\"vertical-align: inherit;\"><span dir=\"auto\" style=\"vertical-align: inherit;\">buy iboga, <\/span><\/span><\/a><a href=\"https:\/\/researchchemicalhub.com\/pt\/shop\/iboga-ibogaine\/buy-ibogaine-hcl-online\/\"><span dir=\"auto\" style=\"vertical-align: inherit;\"><span dir=\"auto\" style=\"vertical-align: inherit;\">comprar cloridrato de iboga\u00edna online<\/span><\/span><\/a><\/p>\n<\/li>\n<\/ol>\n<hr data-start=\"6025\" data-end=\"6028\" \/>\n<h3 data-start=\"6030\" data-end=\"6057\"><strong data-start=\"6034\" data-end=\"6057\"><span dir=\"auto\" style=\"vertical-align: inherit;\"><span dir=\"auto\" style=\"vertical-align: inherit;\">Perguntas frequentes<\/span><\/span><\/strong><\/h3>\n<p data-start=\"6059\" data-end=\"6214\"><strong data-start=\"6059\" data-end=\"6104\"><span dir=\"auto\" style=\"vertical-align: inherit;\"><span dir=\"auto\" style=\"vertical-align: inherit;\">1. What are these pellets used for?<\/span><\/span><\/strong><br data-start=\"6104\" data-end=\"6107\" \/><span dir=\"auto\" style=\"vertical-align: inherit;\"><span dir=\"auto\" style=\"vertical-align: inherit;\"> Eles s\u00e3o destinados a <\/span><\/span><strong data-start=\"6128\" data-end=\"6172\"><span dir=\"auto\" style=\"vertical-align: inherit;\"><span dir=\"auto\" style=\"vertical-align: inherit;\">pesquisa anal\u00edtica e cient\u00edfica<\/span><\/span><\/strong><span dir=\"auto\" style=\"vertical-align: inherit;\"><span dir=\"auto\" style=\"vertical-align: inherit;\"> , such as chemical analyses and calibrations.<\/span><\/span><\/p>\n<p data-start=\"6216\" data-end=\"6404\"><strong data-start=\"6216\" data-end=\"6283\"><span dir=\"auto\" style=\"vertical-align: inherit;\"><span dir=\"auto\" style=\"vertical-align: inherit;\">2. Esses gr\u00e2nulos podem ser usados fora de um laborat\u00f3rio?<\/span><\/span><\/strong><br data-start=\"6283\" data-end=\"6286\" \/><span dir=\"auto\" style=\"vertical-align: inherit;\"><span dir=\"auto\" style=\"vertical-align: inherit;\"> N\u00e3o. Estes produtos s\u00e3o <\/span><\/span><strong data-start=\"6311\" data-end=\"6370\"><span dir=\"auto\" style=\"vertical-align: inherit;\"><span dir=\"auto\" style=\"vertical-align: inherit;\">intended solely for accredited research institutions<\/span><\/span><\/strong><span dir=\"auto\" style=\"vertical-align: inherit;\"><span dir=\"auto\" style=\"vertical-align: inherit;\"> and not for personal use.<\/span><\/span><\/p>\n<p data-start=\"6406\" data-end=\"6548\"><strong data-start=\"6406\" data-end=\"6444\"><span dir=\"auto\" style=\"vertical-align: inherit;\"><span dir=\"auto\" style=\"vertical-align: inherit;\">3. How should I store the pellets?<\/span><\/span><\/strong><br data-start=\"6444\" data-end=\"6447\" \/><span dir=\"auto\" style=\"vertical-align: inherit;\"><span dir=\"auto\" style=\"vertical-align: inherit;\"> Store them in their original <\/span><\/span><strong data-start=\"6474\" data-end=\"6504\"><span dir=\"auto\" style=\"vertical-align: inherit;\"><span dir=\"auto\" style=\"vertical-align: inherit;\">moisture-proof packaging<\/span><\/span><\/strong><span dir=\"auto\" style=\"vertical-align: inherit;\"><span dir=\"auto\" style=\"vertical-align: inherit;\"> em um <\/span><\/span><strong data-start=\"6513\" data-end=\"6547\"><span dir=\"auto\" style=\"vertical-align: inherit;\"><span dir=\"auto\" style=\"vertical-align: inherit;\">lugar fresco, seco e escuro<\/span><\/span><\/strong><span dir=\"auto\" style=\"vertical-align: inherit;\"><span dir=\"auto\" style=\"vertical-align: inherit;\"> .<\/span><\/span><\/p>\n<hr data-start=\"6550\" data-end=\"6553\" \/>\n<h3 data-start=\"6555\" data-end=\"6573\"><strong data-start=\"6559\" data-end=\"6573\"><span dir=\"auto\" style=\"vertical-align: inherit;\"><span dir=\"auto\" style=\"vertical-align: inherit;\">Isen\u00e7\u00e3o de responsabilidade<\/span><\/span><\/strong><\/h3>\n<p data-start=\"6574\" data-end=\"6806\"><span dir=\"auto\" style=\"vertical-align: inherit;\"><span dir=\"auto\" style=\"vertical-align: inherit;\">Este produto \u00e9 <\/span><\/span><strong data-start=\"6589\" data-end=\"6638\"><span dir=\"auto\" style=\"vertical-align: inherit;\"><span dir=\"auto\" style=\"vertical-align: inherit;\">Destinado apenas a fins de pesquisa<\/span><\/span><\/strong><span dir=\"auto\" style=\"vertical-align: inherit;\"><span dir=\"auto\" style=\"vertical-align: inherit;\"> . <\/span><\/span><strong data-start=\"6640\" data-end=\"6698\"><span dir=\"auto\" style=\"vertical-align: inherit;\"><span dir=\"auto\" style=\"vertical-align: inherit;\">N\u00e3o adequado para consumo humano ou animal.<\/span><\/span><\/strong><br data-start=\"6698\" data-end=\"6701\" \/><span dir=\"auto\" style=\"vertical-align: inherit;\"><span dir=\"auto\" style=\"vertical-align: inherit;\"> By purchasing this product, you certify that you are a <\/span><\/span><strong data-start=\"6736\" data-end=\"6766\"><span dir=\"auto\" style=\"vertical-align: inherit;\"><span dir=\"auto\" style=\"vertical-align: inherit;\">licensed researcher<\/span><\/span><\/strong><span dir=\"auto\" style=\"vertical-align: inherit;\"><span dir=\"auto\" style=\"vertical-align: inherit;\"> and that you comply with all applicable laws.<\/span><\/span><\/p>\n<ul>\n<li>\n<p class=\"ds-markdown-paragraph\"><span dir=\"auto\" style=\"vertical-align: inherit;\"><span dir=\"auto\" style=\"vertical-align: inherit;\">Research advice possible, <\/span><\/span><a href=\"https:\/\/researchchemicalhub.com\/pt\/shop\/iboga-ibogaine\/buy-ibogaine-hcl-online\/\"><span dir=\"auto\" style=\"vertical-align: inherit;\"><span dir=\"auto\" style=\"vertical-align: inherit;\">Comprar Iboga\u00edna HCL <\/span><\/span><\/a><a href=\"https:\/\/researchchemicalhub.com\/pt\/shop\/iboga-ibogaine\/iboga-root-bark\/\"><span dir=\"auto\" style=\"vertical-align: inherit;\"><span dir=\"auto\" style=\"vertical-align: inherit;\">Casca de raiz de iboga <\/span><\/span><\/a><a href=\"https:\/\/researchchemicalhub.com\/pt\/shop\/lysergamides\/1cp-lsd\/\"><span dir=\"auto\" style=\"vertical-align: inherit;\"><span dir=\"auto\" style=\"vertical-align: inherit;\">1cP-LSD 150 MCG Art Blotters <\/span><\/span><\/a><a href=\"https:\/\/researchchemicalhub.com\/pt\/shop\/pellets\/o-dsmt-50mg-pellets\/\"><span dir=\"auto\" style=\"vertical-align: inherit;\"><span dir=\"auto\" style=\"vertical-align: inherit;\">Pellets de O-DSMT 50 mg <\/span><\/span><\/a><a href=\"https:\/\/researchchemicalhub.com\/pt\/shop\/lysergamides\/1v-lsd-150-mcg-blotters\/\"><span dir=\"auto\" style=\"vertical-align: inherit;\"><span dir=\"auto\" style=\"vertical-align: inherit;\">1V-LSD 150 MCG Blotters<\/span><\/span><\/a><\/p>\n<\/li>\n<\/ul>","protected":false},"excerpt":{"rendered":"<h2><span dir=\"auto\" style=\"vertical-align: inherit;\"><span dir=\"auto\" style=\"vertical-align: inherit;\">Propriedades 2-CMC<\/span><\/span><\/h2>\n<p><strong><span dir=\"auto\" style=\"vertical-align: inherit;\"><span dir=\"auto\" style=\"vertical-align: inherit;\">N\u00famero CAS<\/span><\/span><\/strong><span dir=\"auto\" style=\"vertical-align: inherit;\"><span dir=\"auto\" style=\"vertical-align: inherit;\"> : 1246911-71-6 <\/span><\/span><br \/>\n<strong><span dir=\"auto\" style=\"vertical-align: inherit;\"><span dir=\"auto\" style=\"vertical-align: inherit;\">F\u00f3rmula<\/span><\/span><\/strong><span dir=\"auto\" style=\"vertical-align: inherit;\"><span dir=\"auto\" style=\"vertical-align: inherit;\"> : C11h15NO \u2022 HCL <\/span><\/span><br \/>\n<strong><span dir=\"auto\" style=\"vertical-align: inherit;\"><span dir=\"auto\" style=\"vertical-align: inherit;\">Massa molar<\/span><\/span><\/strong><span dir=\"auto\" style=\"vertical-align: inherit;\"><span dir=\"auto\" style=\"vertical-align: inherit;\"> : 177.247 <\/span><\/span><br \/>\n<strong><span dir=\"auto\" style=\"vertical-align: inherit;\"><span dir=\"auto\" style=\"vertical-align: inherit;\">Pureza<\/span><\/span><\/strong><span dir=\"auto\" style=\"vertical-align: inherit;\"><span dir=\"auto\" style=\"vertical-align: inherit;\"> : \u226599%<\/span><\/span><\/p>","protected":false},"featured_media":28377,"comment_status":"closed","ping_status":"closed","template":"","meta":[],"product_brand":[],"product_cat":[371,421,322,79,324],"product_tag":[561,562,326],"class_list":{"0":"post-24941","1":"product","2":"type-product","3":"status-publish","4":"has-post-thumbnail","6":"product_cat-2-cmc-kopen","7":"product_cat-2-cmc-pellets","8":"product_cat-bijna-verboden","9":"product_cat-cathinonen","10":"product_cat-pellets-for-pellet","11":"product_tag-2-cmc-kopen","12":"product_tag-2-cmc-pellets-kopen","13":"product_tag-nl","15":"first","16":"instock","17":"taxable","18":"shipping-taxable","19":"purchasable","20":"product-type-variable"},"_links":{"self":[{"href":"https:\/\/researchchemicalhub.com\/pt\/wp-json\/wp\/v2\/product\/24941","targetHints":{"allow":["GET"]}}],"collection":[{"href":"https:\/\/researchchemicalhub.com\/pt\/wp-json\/wp\/v2\/product"}],"about":[{"href":"https:\/\/researchchemicalhub.com\/pt\/wp-json\/wp\/v2\/types\/product"}],"replies":[{"embeddable":true,"href":"https:\/\/researchchemicalhub.com\/pt\/wp-json\/wp\/v2\/comments?post=24941"}],"version-history":[{"count":8,"href":"https:\/\/researchchemicalhub.com\/pt\/wp-json\/wp\/v2\/product\/24941\/revisions"}],"predecessor-version":[{"id":28630,"href":"https:\/\/researchchemicalhub.com\/pt\/wp-json\/wp\/v2\/product\/24941\/revisions\/28630"}],"wp:featuredmedia":[{"embeddable":true,"href":"https:\/\/researchchemicalhub.com\/pt\/wp-json\/wp\/v2\/media\/28377"}],"wp:attachment":[{"href":"https:\/\/researchchemicalhub.com\/pt\/wp-json\/wp\/v2\/media?parent=24941"}],"wp:term":[{"taxonomy":"product_brand","embeddable":true,"href":"https:\/\/researchchemicalhub.com\/pt\/wp-json\/wp\/v2\/product_brand?post=24941"},{"taxonomy":"product_cat","embeddable":true,"href":"https:\/\/researchchemicalhub.com\/pt\/wp-json\/wp\/v2\/product_cat?post=24941"},{"taxonomy":"product_tag","embeddable":true,"href":"https:\/\/researchchemicalhub.com\/pt\/wp-json\/wp\/v2\/product_tag?post=24941"}],"curies":[{"name":"wp","href":"https:\/\/api.w.org\/{rel}","templated":true}]}}