{"id":24894,"date":"2025-10-20T17:43:40","date_gmt":"2025-10-20T17:43:40","guid":{"rendered":"https:\/\/researchchemicalhub.com\/?post_type=product&#038;p=24894"},"modified":"2025-10-28T22:47:01","modified_gmt":"2025-10-28T22:47:01","slug":"borroes-de-fluclotizolam-1-mg","status":"publish","type":"product","link":"https:\/\/researchchemicalhub.com\/pt\/comprar\/benzodiazepinicos\/borroes-de-fluclotizolam-1-mg\/","title":{"rendered":"Blotters de fluclotizolam 1 mg"},"content":{"rendered":"<h3 data-start=\"4104\" data-end=\"4123\"><strong data-start=\"4108\" data-end=\"4123\"><span dir=\"auto\" style=\"vertical-align: inherit;\"><span dir=\"auto\" style=\"vertical-align: inherit;\">Introdu\u00e7\u00e3o<\/span><\/span><\/strong><\/h3>\n<p data-start=\"4124\" data-end=\"4415\"><span dir=\"auto\" style=\"vertical-align: inherit;\"><span dir=\"auto\" style=\"vertical-align: inherit;\">Nosso <\/span><\/span><strong data-start=\"4129\" data-end=\"4156\"><span dir=\"auto\" style=\"vertical-align: inherit;\"><span dir=\"auto\" style=\"vertical-align: inherit;\">1 mg de papel absorvente para pesquisa<\/span><\/span><\/strong><span dir=\"auto\" style=\"vertical-align: inherit;\"><span dir=\"auto\" style=\"vertical-align: inherit;\"> s\u00e3o cuidadosamente desenvolvidos para <\/span><\/span><strong data-start=\"4189\" data-end=\"4233\"><span dir=\"auto\" style=\"vertical-align: inherit;\"><span dir=\"auto\" style=\"vertical-align: inherit;\">pesquisa cient\u00edfica e anal\u00edtica<\/span><\/span><\/strong><span dir=\"auto\" style=\"vertical-align: inherit;\"><span dir=\"auto\" style=\"vertical-align: inherit;\"> . <\/span><\/span><br data-start=\"4234\" data-end=\"4237\" \/><span dir=\"auto\" style=\"vertical-align: inherit;\"><span dir=\"auto\" style=\"vertical-align: inherit;\">Cada blotter \u00e9 fabricado sob <\/span><\/span><strong data-start=\"4274\" data-end=\"4304\"><span dir=\"auto\" style=\"vertical-align: inherit;\"><span dir=\"auto\" style=\"vertical-align: inherit;\">padr\u00f5es rigorosos de laborat\u00f3rio<\/span><\/span><\/strong><span dir=\"auto\" style=\"vertical-align: inherit;\"><span dir=\"auto\" style=\"vertical-align: inherit;\"> , garantindo <\/span><\/span><strong data-start=\"4321\" data-end=\"4374\"><span dir=\"auto\" style=\"vertical-align: inherit;\"><span dir=\"auto\" style=\"vertical-align: inherit;\">pureza, precis\u00e3o e reprodutibilidade<\/span><\/span><\/strong><span dir=\"auto\" style=\"vertical-align: inherit;\"><span dir=\"auto\" style=\"vertical-align: inherit;\"> Em ambientes de pesquisa profissional. Fluclotizolam<\/span><\/span><\/p>\n<p data-start=\"4417\" data-end=\"4592\"><span dir=\"auto\" style=\"vertical-align: inherit;\"><span dir=\"auto\" style=\"vertical-align: inherit;\">Gra\u00e7as a eles <\/span><\/span><strong data-start=\"4429\" data-end=\"4470\"><span dir=\"auto\" style=\"vertical-align: inherit;\"><span dir=\"auto\" style=\"vertical-align: inherit;\">composi\u00e7\u00e3o est\u00e1vel e consistente,<\/span><\/span><\/strong><span dir=\"auto\" style=\"vertical-align: inherit;\"><span dir=\"auto\" style=\"vertical-align: inherit;\"> Esses absorventes oferecem desempenho confi\u00e1vel. <\/span><\/span><strong data-start=\"4519\" data-end=\"4589\"><span dir=\"auto\" style=\"vertical-align: inherit;\"><span dir=\"auto\" style=\"vertical-align: inherit;\">an\u00e1lises qu\u00edmicas, pesquisa de calibra\u00e7\u00e3o e aplica\u00e7\u00f5es educacionais<\/span><\/span><\/strong><span dir=\"auto\" style=\"vertical-align: inherit;\"><span dir=\"auto\" style=\"vertical-align: inherit;\"> .<\/span><\/span><\/p>\n<blockquote data-start=\"4593\" data-end=\"4703\">\n<p data-start=\"4595\" data-end=\"4703\">\u26a0\ufe0f <strong data-start=\"4598\" data-end=\"4703\"><span dir=\"auto\" style=\"vertical-align: inherit;\"><span dir=\"auto\" style=\"vertical-align: inherit;\">Para uso exclusivo em pesquisa. N\u00e3o adequado para consumo humano ou animal.<\/span><\/span><\/strong><\/p>\n<\/blockquote>\n<hr data-start=\"4705\" data-end=\"4708\" \/>\n<h3 data-start=\"4710\" data-end=\"4741\"><strong data-start=\"4714\" data-end=\"4741\"><span dir=\"auto\" style=\"vertical-align: inherit;\"><span dir=\"auto\" style=\"vertical-align: inherit;\">Principais caracter\u00edsticas<\/span><\/span><\/strong><\/h3>\n<ul data-start=\"4742\" data-end=\"5225\">\n<li data-start=\"4742\" data-end=\"4827\">\n<p data-start=\"4744\" data-end=\"4827\"><strong data-start=\"4744\" data-end=\"4770\"><span dir=\"auto\" style=\"vertical-align: inherit;\"><span dir=\"auto\" style=\"vertical-align: inherit;\">Alta pureza (\u226599%)<\/span><\/span><\/strong><span dir=\"auto\" style=\"vertical-align: inherit;\"><span dir=\"auto\" style=\"vertical-align: inherit;\"> \u2013 Testado de forma independente em laborat\u00f3rios acreditados.<\/span><\/span><\/p>\n<\/li>\n<li data-start=\"4828\" data-end=\"4921\">\n<p data-start=\"4830\" data-end=\"4921\"><strong data-start=\"4830\" data-end=\"4872\"><span dir=\"auto\" style=\"vertical-align: inherit;\"><span dir=\"auto\" style=\"vertical-align: inherit;\">Dosagem precisa ou 1 mg por comprimido.<\/span><\/span><\/strong><span dir=\"auto\" style=\"vertical-align: inherit;\"><span dir=\"auto\" style=\"vertical-align: inherit;\"> \u2013 Para an\u00e1lises precisas e controladas.<\/span><\/span><\/p>\n<\/li>\n<li data-start=\"4922\" data-end=\"4998\">\n<p data-start=\"4924\" data-end=\"4998\"><strong data-start=\"4924\" data-end=\"4950\"><span dir=\"auto\" style=\"vertical-align: inherit;\"><span dir=\"auto\" style=\"vertical-align: inherit;\">Composi\u00e7\u00e3o est\u00e1vel<\/span><\/span><\/strong><span dir=\"auto\" style=\"vertical-align: inherit;\"><span dir=\"auto\" style=\"vertical-align: inherit;\"> \u2013 Mant\u00e9m sua integridade quando armazenado corretamente.<\/span><\/span><\/p>\n<\/li>\n<li data-start=\"4999\" data-end=\"5066\">\n<p data-start=\"5001\" data-end=\"5066\"><strong data-start=\"5001\" data-end=\"5029\"><span dir=\"auto\" style=\"vertical-align: inherit;\"><span dir=\"auto\" style=\"vertical-align: inherit;\">Produ\u00e7\u00e3o Controlada<\/span><\/span><\/strong><span dir=\"auto\" style=\"vertical-align: inherit;\"><span dir=\"auto\" style=\"vertical-align: inherit;\"> \u2013 Fabricado segundo as normas ISO.<\/span><\/span><\/p>\n<\/li>\n<li data-start=\"5067\" data-end=\"5146\">\n<p data-start=\"5069\" data-end=\"5146\"><strong data-start=\"5069\" data-end=\"5095\"><span dir=\"auto\" style=\"vertical-align: inherit;\"><span dir=\"auto\" style=\"vertical-align: inherit;\">Embalagem herm\u00e9tica \u00e0 luz<\/span><\/span><\/strong><span dir=\"auto\" style=\"vertical-align: inherit;\"><span dir=\"auto\" style=\"vertical-align: inherit;\"> \u2013 Protege contra a degrada\u00e7\u00e3o e a contamina\u00e7\u00e3o.<\/span><\/span><\/p>\n<\/li>\n<li data-start=\"5147\" data-end=\"5225\">\n<p data-start=\"5149\" data-end=\"5225\"><strong data-start=\"5149\" data-end=\"5174\"><span dir=\"auto\" style=\"vertical-align: inherit;\"><span dir=\"auto\" style=\"vertical-align: inherit;\">Apenas para fins de pesquisa<\/span><\/span><\/strong><span dir=\"auto\" style=\"vertical-align: inherit;\"><span dir=\"auto\" style=\"vertical-align: inherit;\"> \u2013 Destinado ao uso anal\u00edtico profissional.<\/span><\/span><\/p>\n<\/li>\n<\/ul>\n<hr data-start=\"5227\" data-end=\"5230\" \/>\n<h3 data-start=\"5232\" data-end=\"5249\"><strong data-start=\"5236\" data-end=\"5249\"><span dir=\"auto\" style=\"vertical-align: inherit;\"><span dir=\"auto\" style=\"vertical-align: inherit;\">Vantagens<\/span><\/span><\/strong><\/h3>\n<ul data-start=\"5250\" data-end=\"5707\">\n<li data-start=\"5250\" data-end=\"5340\">\n<p data-start=\"5252\" data-end=\"5340\"><strong data-start=\"5252\" data-end=\"5288\"><span dir=\"auto\" style=\"vertical-align: inherit;\"><span dir=\"auto\" style=\"vertical-align: inherit;\">Resultados de pesquisa confi\u00e1veis<\/span><\/span><\/strong><span dir=\"auto\" style=\"vertical-align: inherit;\"><span dir=\"auto\" style=\"vertical-align: inherit;\"> \u2013 Garante dados consistentes e reproduz\u00edveis.<\/span><\/span><\/p>\n<\/li>\n<li data-start=\"5341\" data-end=\"5442\">\n<p data-start=\"5343\" data-end=\"5442\"><strong data-start=\"5343\" data-end=\"5390\"><span dir=\"auto\" style=\"vertical-align: inherit;\"><span dir=\"auto\" style=\"vertical-align: inherit;\">Otimizado para aplica\u00e7\u00f5es anal\u00edticas<\/span><\/span><\/strong><span dir=\"auto\" style=\"vertical-align: inherit;\"><span dir=\"auto\" style=\"vertical-align: inherit;\"> \u2013 Ideal para calibra\u00e7\u00e3o e investiga\u00e7\u00e3o forense.<\/span><\/span><\/p>\n<\/li>\n<li data-start=\"5443\" data-end=\"5518\">\n<p data-start=\"5445\" data-end=\"5518\"><strong data-start=\"5445\" data-end=\"5468\"><span dir=\"auto\" style=\"vertical-align: inherit;\"><span dir=\"auto\" style=\"vertical-align: inherit;\">Est\u00e1vel e dur\u00e1vel<\/span><\/span><\/strong><span dir=\"auto\" style=\"vertical-align: inherit;\"><span dir=\"auto\" style=\"vertical-align: inherit;\"> \u2013 Mant\u00e9m a estabilidade qu\u00edmica durante o armazenamento.<\/span><\/span><\/p>\n<\/li>\n<li data-start=\"5519\" data-end=\"5613\">\n<p data-start=\"5521\" data-end=\"5613\"><strong data-start=\"5521\" data-end=\"5558\"><span dir=\"auto\" style=\"vertical-align: inherit;\"><span dir=\"auto\" style=\"vertical-align: inherit;\">Produzido de forma \u00e9tica e legal<\/span><\/span><\/strong><span dir=\"auto\" style=\"vertical-align: inherit;\"><span dir=\"auto\" style=\"vertical-align: inherit;\"> \u2013 De acordo com as diretrizes internacionais. Fluclotizolam<\/span><\/span><\/p>\n<\/li>\n<li data-start=\"5614\" data-end=\"5707\">\n<p data-start=\"5616\" data-end=\"5707\"><strong data-start=\"5616\" data-end=\"5655\"><span dir=\"auto\" style=\"vertical-align: inherit;\"><span dir=\"auto\" style=\"vertical-align: inherit;\">Pureza cientificamente comprovada<\/span><\/span><\/strong><span dir=\"auto\" style=\"vertical-align: inherit;\"><span dir=\"auto\" style=\"vertical-align: inherit;\"> \u2013 Testado quanto \u00e0 identidade, pot\u00eancia e contamina\u00e7\u00e3o.<\/span><\/span><\/p>\n<\/li>\n<\/ul>\n<hr data-start=\"5709\" data-end=\"5712\" \/>\n<h3 data-start=\"5714\" data-end=\"5729\"><strong data-start=\"5718\" data-end=\"5729\"><span dir=\"auto\" style=\"vertical-align: inherit;\"><span dir=\"auto\" style=\"vertical-align: inherit;\">Uso<\/span><\/span><\/strong><\/h3>\n<ol data-start=\"5730\" data-end=\"6137\">\n<li data-start=\"5730\" data-end=\"5814\">\n<p data-start=\"5733\" data-end=\"5814\"><strong data-start=\"5733\" data-end=\"5766\"><span dir=\"auto\" style=\"vertical-align: inherit;\"><span dir=\"auto\" style=\"vertical-align: inherit;\">Somente para uso em pesquisa<\/span><\/span><\/strong><span dir=\"auto\" style=\"vertical-align: inherit;\"><span dir=\"auto\" style=\"vertical-align: inherit;\"> \u2013 Utilizar somente em laborat\u00f3rios acreditados.<\/span><\/span><\/p>\n<\/li>\n<li data-start=\"5815\" data-end=\"5882\">\n<p data-start=\"5818\" data-end=\"5882\"><strong data-start=\"5818\" data-end=\"5828\"><span dir=\"auto\" style=\"vertical-align: inherit;\"><span dir=\"auto\" style=\"vertical-align: inherit;\">Armazenar<\/span><\/span><\/strong><span dir=\"auto\" style=\"vertical-align: inherit;\"><span dir=\"auto\" style=\"vertical-align: inherit;\"> \u2013 Armazene em um <\/span><\/span><strong data-start=\"5845\" data-end=\"5879\"><span dir=\"auto\" style=\"vertical-align: inherit;\"><span dir=\"auto\" style=\"vertical-align: inherit;\">lugar fresco, seco e escuro<\/span><\/span><\/strong><span dir=\"auto\" style=\"vertical-align: inherit;\"><span dir=\"auto\" style=\"vertical-align: inherit;\"> .<\/span><\/span><\/p>\n<\/li>\n<li data-start=\"5883\" data-end=\"5966\">\n<p data-start=\"5886\" data-end=\"5966\"><strong data-start=\"5886\" data-end=\"5903\"><span dir=\"auto\" style=\"vertical-align: inherit;\"><span dir=\"auto\" style=\"vertical-align: inherit;\">Trabalhe com seguran\u00e7a<\/span><\/span><\/strong><span dir=\"auto\" style=\"vertical-align: inherit;\"><span dir=\"auto\" style=\"vertical-align: inherit;\"> \u2013 Use luvas e equipamentos de prote\u00e7\u00e3o individual de laborat\u00f3rio.<\/span><\/span><\/p>\n<\/li>\n<li data-start=\"5967\" data-end=\"6048\">\n<p data-start=\"5970\" data-end=\"6048\"><strong data-start=\"5970\" data-end=\"5982\"><span dir=\"auto\" style=\"vertical-align: inherit;\"><span dir=\"auto\" style=\"vertical-align: inherit;\">Medidas<\/span><\/span><\/strong><span dir=\"auto\" style=\"vertical-align: inherit;\"><span dir=\"auto\" style=\"vertical-align: inherit;\"> \u2013 Utilize equipamentos calibrados para obter resultados precisos.<\/span><\/span><\/p>\n<\/li>\n<li data-start=\"6049\" data-end=\"6137\">\n<p data-start=\"6052\" data-end=\"6137\"><strong data-start=\"6052\" data-end=\"6079\"><span dir=\"auto\" style=\"vertical-align: inherit;\"><span dir=\"auto\" style=\"vertical-align: inherit;\">Aviso de seguran\u00e7a<\/span><\/span><\/strong><span dir=\"auto\" style=\"vertical-align: inherit;\"><span dir=\"auto\" style=\"vertical-align: inherit;\"> \u2013 N\u00e3o se destina ao consumo humano ou animal.<\/span><\/span><\/p>\n<\/li>\n<\/ol>\n<hr data-start=\"6139\" data-end=\"6142\" \/>\n<h3 data-start=\"6144\" data-end=\"6171\"><strong data-start=\"6148\" data-end=\"6171\"><span dir=\"auto\" style=\"vertical-align: inherit;\"><span dir=\"auto\" style=\"vertical-align: inherit;\">Perguntas frequentes<\/span><\/span><\/strong><\/h3>\n<p data-start=\"6173\" data-end=\"6340\"><strong data-start=\"6173\" data-end=\"6229\"><span dir=\"auto\" style=\"vertical-align: inherit;\"><span dir=\"auto\" style=\"vertical-align: inherit;\">1. Para que servem os blotters de pesquisa de 1 mg?<\/span><\/span><\/strong><br data-start=\"6229\" data-end=\"6232\" \/><span dir=\"auto\" style=\"vertical-align: inherit;\"><span dir=\"auto\" style=\"vertical-align: inherit;\"> Eles s\u00e3o destinados a <\/span><\/span><strong data-start=\"6253\" data-end=\"6297\"><span dir=\"auto\" style=\"vertical-align: inherit;\"><span dir=\"auto\" style=\"vertical-align: inherit;\">pesquisa cient\u00edfica e anal\u00edtica<\/span><\/span><\/strong><span dir=\"auto\" style=\"vertical-align: inherit;\"><span dir=\"auto\" style=\"vertical-align: inherit;\"> , como an\u00e1lises qu\u00edmicas e calibra\u00e7\u00e3o.<\/span><\/span><\/p>\n<p data-start=\"6342\" data-end=\"6505\"><strong data-start=\"6342\" data-end=\"6410\"><span dir=\"auto\" style=\"vertical-align: inherit;\"><span dir=\"auto\" style=\"vertical-align: inherit;\">2. Esses blotters podem ser usados fora de um laborat\u00f3rio?<\/span><\/span><\/strong><br data-start=\"6410\" data-end=\"6413\" \/><span dir=\"auto\" style=\"vertical-align: inherit;\"><span dir=\"auto\" style=\"vertical-align: inherit;\"> N\u00e3o. Estes produtos s\u00e3o <\/span><\/span><strong data-start=\"6438\" data-end=\"6502\"><span dir=\"auto\" style=\"vertical-align: inherit;\"><span dir=\"auto\" style=\"vertical-align: inherit;\">Destinado exclusivamente \u00e0 pesquisa laboratorial profissional.<\/span><\/span><\/strong><span dir=\"auto\" style=\"vertical-align: inherit;\"><span dir=\"auto\" style=\"vertical-align: inherit;\"> .<\/span><\/span><\/p>\n<p data-start=\"6507\" data-end=\"6645\"><strong data-start=\"6507\" data-end=\"6552\"><span dir=\"auto\" style=\"vertical-align: inherit;\"><span dir=\"auto\" style=\"vertical-align: inherit;\">3. Como os blotters devem ser armazenados?<\/span><\/span><\/strong><br data-start=\"6552\" data-end=\"6555\" \/><span dir=\"auto\" style=\"vertical-align: inherit;\"><span dir=\"auto\" style=\"vertical-align: inherit;\"> Guarde-os em um <\/span><\/span><strong data-start=\"6572\" data-end=\"6608\"><span dir=\"auto\" style=\"vertical-align: inherit;\"><span dir=\"auto\" style=\"vertical-align: inherit;\">lugar fresco, seco e escuro<\/span><\/span><\/strong><span dir=\"auto\" style=\"vertical-align: inherit;\"><span dir=\"auto\" style=\"vertical-align: inherit;\"> em um <\/span><\/span><strong data-start=\"6616\" data-end=\"6642\"><span dir=\"auto\" style=\"vertical-align: inherit;\"><span dir=\"auto\" style=\"vertical-align: inherit;\">recipiente \u00e0 prova de luz<\/span><\/span><\/strong><span dir=\"auto\" style=\"vertical-align: inherit;\"><span dir=\"auto\" style=\"vertical-align: inherit;\"> .<\/span><\/span><\/p>\n<hr data-start=\"6647\" data-end=\"6650\" \/>\n<h3 data-start=\"6652\" data-end=\"6670\"><strong data-start=\"6656\" data-end=\"6670\"><span dir=\"auto\" style=\"vertical-align: inherit;\"><span dir=\"auto\" style=\"vertical-align: inherit;\">Isen\u00e7\u00e3o de responsabilidade<\/span><\/span><\/strong><\/h3>\n<p data-start=\"6671\" data-end=\"6899\"><span dir=\"auto\" style=\"vertical-align: inherit;\"><span dir=\"auto\" style=\"vertical-align: inherit;\">Este produto \u00e9 <\/span><\/span><strong data-start=\"6686\" data-end=\"6735\"><span dir=\"auto\" style=\"vertical-align: inherit;\"><span dir=\"auto\" style=\"vertical-align: inherit;\">Apenas para fins de pesquisa<\/span><\/span><\/strong><span dir=\"auto\" style=\"vertical-align: inherit;\"><span dir=\"auto\" style=\"vertical-align: inherit;\"> . <\/span><\/span><strong data-start=\"6737\" data-end=\"6795\"><span dir=\"auto\" style=\"vertical-align: inherit;\"><span dir=\"auto\" style=\"vertical-align: inherit;\">N\u00e3o adequado para consumo humano ou animal.<\/span><\/span><\/strong><br data-start=\"6795\" data-end=\"6798\" \/><span dir=\"auto\" style=\"vertical-align: inherit;\"><span dir=\"auto\" style=\"vertical-align: inherit;\"> Ao adquirir este produto, voc\u00ea confirma que cumpre todos os requisitos legais e de seguran\u00e7a aplic\u00e1veis.<\/span><\/span><\/p>\n<p class=\"ds-markdown-paragraph\"><a href=\"https:\/\/researchchemicalhub.com\/pt\/comprar\/iboga-ibogaina\/casca-da-raiz-de-iboga\/\"><span dir=\"auto\" style=\"vertical-align: inherit;\"><span dir=\"auto\" style=\"vertical-align: inherit;\"><span dir=\"auto\" style=\"vertical-align: inherit;\"><span dir=\"auto\" style=\"vertical-align: inherit;\">casca da raiz de iboga<\/span><\/span><\/span><\/span><\/a><a href=\"https:\/\/researchchemicalhub.com\/pt\/comprar\/iboga-ibogaina\/comprar-cloridrato-de-ibogaina-online\/\"><span dir=\"auto\" style=\"vertical-align: inherit;\"><span dir=\"auto\" style=\"vertical-align: inherit;\"><span dir=\"auto\" style=\"vertical-align: inherit;\"><span dir=\"auto\" style=\"vertical-align: inherit;\">\u200b comprar iboga\u00edna hcl online<\/span><\/span><\/span><\/span><\/a><a href=\"https:\/\/researchchemicalhub.com\/pt\/comprar\/pelotas\/pellets-de-dsmt-50mg\/\"><span dir=\"auto\" style=\"vertical-align: inherit;\"><span dir=\"auto\" style=\"vertical-align: inherit;\"><span dir=\"auto\" style=\"vertical-align: inherit;\"><span dir=\"auto\" style=\"vertical-align: inherit;\">\u200b o-dsmt <\/span><\/span><\/span><\/span><\/a><a href=\"https:\/\/researchchemicalhub.com\/pt\/comprar\/lisergamidas\/1v-lsd-150-mcg-blotters\/\"><span dir=\"auto\" style=\"vertical-align: inherit;\"><span dir=\"auto\" style=\"vertical-align: inherit;\"><span dir=\"auto\" style=\"vertical-align: inherit;\"><span dir=\"auto\" style=\"vertical-align: inherit;\">1vlsd<\/span><\/span><\/span><\/span><\/a><a href=\"https:\/\/researchchemicalhub.com\/pt\/comprar\/lisergamidas\/1cp-lsd-150-mcg-mata-borroes-artisticos\/\"><span dir=\"auto\" style=\"vertical-align: inherit;\"><span dir=\"auto\" style=\"vertical-align: inherit;\"><span dir=\"auto\" style=\"vertical-align: inherit;\"><span dir=\"auto\" style=\"vertical-align: inherit;\">1 colher de ch\u00e1 de LSD<\/span><\/span><\/span><\/span><\/a><\/p>","protected":false},"excerpt":{"rendered":"<p>Introduction Our 1 mg research blotters are carefully developed for scientific and analytical research . Each blotter is manufactured under<\/p>","protected":false},"featured_media":28530,"comment_status":"closed","ping_status":"closed","template":"","meta":[],"product_brand":[82],"product_cat":[76,355],"product_tag":[148,145,147,146,149,326],"class_list":{"0":"post-24894","1":"product","2":"type-product","3":"status-publish","4":"has-post-thumbnail","6":"product_brand-research-chemical","7":"product_cat-benzodiazepinen","8":"product_cat-fluclotizolam","9":"product_tag-buy-fluclotizolam","10":"product_tag-fluclotizolam","11":"product_tag-fluclotizolam-buy","12":"product_tag-fluclotizolam-half-life","13":"product_tag-fluclotizolam-solution","14":"product_tag-nl","16":"first","17":"instock","18":"taxable","19":"shipping-taxable","20":"purchasable","21":"product-type-variable"},"_links":{"self":[{"href":"https:\/\/researchchemicalhub.com\/pt\/wp-json\/wp\/v2\/product\/24894","targetHints":{"allow":["GET"]}}],"collection":[{"href":"https:\/\/researchchemicalhub.com\/pt\/wp-json\/wp\/v2\/product"}],"about":[{"href":"https:\/\/researchchemicalhub.com\/pt\/wp-json\/wp\/v2\/types\/product"}],"replies":[{"embeddable":true,"href":"https:\/\/researchchemicalhub.com\/pt\/wp-json\/wp\/v2\/comments?post=24894"}],"version-history":[{"count":7,"href":"https:\/\/researchchemicalhub.com\/pt\/wp-json\/wp\/v2\/product\/24894\/revisions"}],"predecessor-version":[{"id":28636,"href":"https:\/\/researchchemicalhub.com\/pt\/wp-json\/wp\/v2\/product\/24894\/revisions\/28636"}],"wp:featuredmedia":[{"embeddable":true,"href":"https:\/\/researchchemicalhub.com\/pt\/wp-json\/wp\/v2\/media\/28530"}],"wp:attachment":[{"href":"https:\/\/researchchemicalhub.com\/pt\/wp-json\/wp\/v2\/media?parent=24894"}],"wp:term":[{"taxonomy":"product_brand","embeddable":true,"href":"https:\/\/researchchemicalhub.com\/pt\/wp-json\/wp\/v2\/product_brand?post=24894"},{"taxonomy":"product_cat","embeddable":true,"href":"https:\/\/researchchemicalhub.com\/pt\/wp-json\/wp\/v2\/product_cat?post=24894"},{"taxonomy":"product_tag","embeddable":true,"href":"https:\/\/researchchemicalhub.com\/pt\/wp-json\/wp\/v2\/product_tag?post=24894"}],"curies":[{"name":"wp","href":"https:\/\/api.w.org\/{rel}","templated":true}]}}