{"id":24864,"date":"2025-10-20T17:43:28","date_gmt":"2025-10-20T17:43:28","guid":{"rendered":"https:\/\/researchchemicalhub.com\/?post_type=product&#038;p=24864"},"modified":"2025-10-29T07:28:59","modified_gmt":"2025-10-29T07:28:59","slug":"o-dsmt-pellets","status":"publish","type":"product","link":"https:\/\/researchchemicalhub.com\/pt\/shop\/o-dsmt\/o-dsmt-pellets\/","title":{"rendered":"Pellets de O-DSMT 30 mg"},"content":{"rendered":"<h3 data-start=\"4199\" data-end=\"4218\"><strong data-start=\"4203\" data-end=\"4218\"><span dir=\"auto\" style=\"vertical-align: inherit;\"><span dir=\"auto\" style=\"vertical-align: inherit;\">Introdu\u00e7\u00e3o<\/span><\/span><\/strong><\/h3>\n<p data-start=\"4219\" data-end=\"4509\"><span dir=\"auto\" style=\"vertical-align: inherit;\"><span dir=\"auto\" style=\"vertical-align: inherit;\">Nosso <\/span><\/span><strong data-start=\"4224\" data-end=\"4251\"><span dir=\"auto\" style=\"vertical-align: inherit;\"><span dir=\"auto\" style=\"vertical-align: inherit;\">30 mg research pellets<\/span><\/span><\/strong><span dir=\"auto\" style=\"vertical-align: inherit;\"><span dir=\"auto\" style=\"vertical-align: inherit;\"> are developed to the highest standards of <\/span><\/span><strong data-start=\"4298\" data-end=\"4342\"><span dir=\"auto\" style=\"vertical-align: inherit;\"><span dir=\"auto\" style=\"vertical-align: inherit;\">scientific precision and purity<\/span><\/span><\/strong><span dir=\"auto\" style=\"vertical-align: inherit;\"><span dir=\"auto\" style=\"vertical-align: inherit;\"> . <\/span><\/span><br data-start=\"4343\" data-end=\"4346\" \/><span dir=\"auto\" style=\"vertical-align: inherit;\"><span dir=\"auto\" style=\"vertical-align: inherit;\">They are intended exclusively for <\/span><\/span><strong data-start=\"4379\" data-end=\"4420\"><span dir=\"auto\" style=\"vertical-align: inherit;\"><span dir=\"auto\" style=\"vertical-align: inherit;\">pesquisa laboratorial e anal\u00edtica<\/span><\/span><\/strong><span dir=\"auto\" style=\"vertical-align: inherit;\"><span dir=\"auto\" style=\"vertical-align: inherit;\"> e fornecer <\/span><\/span><strong data-start=\"4431\" data-end=\"4506\"><span dir=\"auto\" style=\"vertical-align: inherit;\"><span dir=\"auto\" style=\"vertical-align: inherit;\">consistent dosing, reproducible results, and chemical stability<\/span><\/span><\/strong><span dir=\"auto\" style=\"vertical-align: inherit;\"><span dir=\"auto\" style=\"vertical-align: inherit;\"> .<\/span><\/span><\/p>\n<p data-start=\"4511\" data-end=\"4655\"><span dir=\"auto\" style=\"vertical-align: inherit;\"><span dir=\"auto\" style=\"vertical-align: inherit;\">Manufactured under <\/span><\/span><strong data-start=\"4530\" data-end=\"4560\"><span dir=\"auto\" style=\"vertical-align: inherit;\"><span dir=\"auto\" style=\"vertical-align: inherit;\">strict quality control<\/span><\/span><\/strong><span dir=\"auto\" style=\"vertical-align: inherit;\"><span dir=\"auto\" style=\"vertical-align: inherit;\"> , these pellets are ideal for <\/span><\/span><strong data-start=\"4592\" data-end=\"4652\"><span dir=\"auto\" style=\"vertical-align: inherit;\"><span dir=\"auto\" style=\"vertical-align: inherit;\">calibration, quantitative research and chemical analysis<\/span><\/span><\/strong><span dir=\"auto\" style=\"vertical-align: inherit;\"><span dir=\"auto\" style=\"vertical-align: inherit;\"> .<\/span><\/span><\/p>\n<blockquote data-start=\"4656\" data-end=\"4765\">\n<p data-start=\"4658\" data-end=\"4765\">\u26a0\ufe0f <strong data-start=\"4661\" data-end=\"4765\"><span dir=\"auto\" style=\"vertical-align: inherit;\"><span dir=\"auto\" style=\"vertical-align: inherit;\">Para uso exclusivo em laborat\u00f3rio. N\u00e3o adequado para consumo humano ou animal.<\/span><\/span><\/strong><\/p>\n<\/blockquote>\n<hr data-start=\"4767\" data-end=\"4770\" \/>\n<h3 data-start=\"4772\" data-end=\"4803\"><strong data-start=\"4776\" data-end=\"4803\"><span dir=\"auto\" style=\"vertical-align: inherit;\"><span dir=\"auto\" style=\"vertical-align: inherit;\">Principais caracter\u00edsticas<\/span><\/span><\/strong><\/h3>\n<ul data-start=\"4804\" data-end=\"5331\">\n<li data-start=\"4804\" data-end=\"4874\">\n<p data-start=\"4806\" data-end=\"4874\"><strong data-start=\"4806\" data-end=\"4832\"><span dir=\"auto\" style=\"vertical-align: inherit;\"><span dir=\"auto\" style=\"vertical-align: inherit;\">Alta pureza (\u226599%)<\/span><\/span><\/strong><span dir=\"auto\" style=\"vertical-align: inherit;\"><span dir=\"auto\" style=\"vertical-align: inherit;\"> \u2013 Testado e verificado de forma independente.<\/span><\/span><\/p>\n<\/li>\n<li data-start=\"4875\" data-end=\"4979\">\n<p data-start=\"4877\" data-end=\"4979\"><strong data-start=\"4877\" data-end=\"4917\"><span dir=\"auto\" style=\"vertical-align: inherit;\"><span dir=\"auto\" style=\"vertical-align: inherit;\">Precise Dosage of 30 mg per Pellet<\/span><\/span><\/strong><span dir=\"auto\" style=\"vertical-align: inherit;\"><span dir=\"auto\" style=\"vertical-align: inherit;\"> \u2013 For reliable and reproducible research results.<\/span><\/span><\/p>\n<\/li>\n<li data-start=\"4980\" data-end=\"5063\">\n<p data-start=\"4982\" data-end=\"5063\"><strong data-start=\"4982\" data-end=\"5008\"><span dir=\"auto\" style=\"vertical-align: inherit;\"><span dir=\"auto\" style=\"vertical-align: inherit;\">Composi\u00e7\u00e3o est\u00e1vel<\/span><\/span><\/strong><span dir=\"auto\" style=\"vertical-align: inherit;\"><span dir=\"auto\" style=\"vertical-align: inherit;\"> \u2013 Mant\u00e9m a integridade qu\u00edmica quando armazenado corretamente.<\/span><\/span><\/p>\n<\/li>\n<li data-start=\"5064\" data-end=\"5148\">\n<p data-start=\"5066\" data-end=\"5148\"><strong data-start=\"5066\" data-end=\"5091\"><span dir=\"auto\" style=\"vertical-align: inherit;\"><span dir=\"auto\" style=\"vertical-align: inherit;\">Qualidade de laborat\u00f3rio<\/span><\/span><\/strong><span dir=\"auto\" style=\"vertical-align: inherit;\"><span dir=\"auto\" style=\"vertical-align: inherit;\"> \u2013 Manufactured to professional quality standards.<\/span><\/span><\/p>\n<\/li>\n<li data-start=\"5149\" data-end=\"5236\">\n<p data-start=\"5151\" data-end=\"5236\"><strong data-start=\"5151\" data-end=\"5173\"><span dir=\"auto\" style=\"vertical-align: inherit;\"><span dir=\"auto\" style=\"vertical-align: inherit;\">Embalagem segura<\/span><\/span><\/strong><span dir=\"auto\" style=\"vertical-align: inherit;\"><span dir=\"auto\" style=\"vertical-align: inherit;\"> \u2013 Herm\u00e9tico e resistente \u00e0 luz para maior durabilidade.<\/span><\/span><\/p>\n<\/li>\n<li data-start=\"5237\" data-end=\"5331\">\n<p data-start=\"5239\" data-end=\"5331\"><strong data-start=\"5239\" data-end=\"5272\"><span dir=\"auto\" style=\"vertical-align: inherit;\"><span dir=\"auto\" style=\"vertical-align: inherit;\">Somente para uso em pesquisa<\/span><\/span><\/strong><span dir=\"auto\" style=\"vertical-align: inherit;\"><span dir=\"auto\" style=\"vertical-align: inherit;\"> \u2013 Intended for analytical and scientific research.<\/span><\/span><\/p>\n<\/li>\n<\/ul>\n<hr data-start=\"5333\" data-end=\"5336\" \/>\n<h3 data-start=\"5338\" data-end=\"5355\"><strong data-start=\"5342\" data-end=\"5355\"><span dir=\"auto\" style=\"vertical-align: inherit;\"><span dir=\"auto\" style=\"vertical-align: inherit;\">Vantagens<\/span><\/span><\/strong><\/h3>\n<ul data-start=\"5356\" data-end=\"5802\">\n<li data-start=\"5356\" data-end=\"5430\">\n<p data-start=\"5358\" data-end=\"5430\"><strong data-start=\"5358\" data-end=\"5384\"><span dir=\"auto\" style=\"vertical-align: inherit;\"><span dir=\"auto\" style=\"vertical-align: inherit;\">Reliable Results<\/span><\/span><\/strong><span dir=\"auto\" style=\"vertical-align: inherit;\"><span dir=\"auto\" style=\"vertical-align: inherit;\"> \u2013 Para dados consistentes e reproduz\u00edveis.<\/span><\/span><\/p>\n<\/li>\n<li data-start=\"5431\" data-end=\"5509\">\n<p data-start=\"5433\" data-end=\"5509\"><strong data-start=\"5433\" data-end=\"5459\"><span dir=\"auto\" style=\"vertical-align: inherit;\"><span dir=\"auto\" style=\"vertical-align: inherit;\">F\u00e1cil de usar<\/span><\/span><\/strong><span dir=\"auto\" style=\"vertical-align: inherit;\"><span dir=\"auto\" style=\"vertical-align: inherit;\"> \u2013 The pellet form reduces the risk of contamination.<\/span><\/span><\/p>\n<\/li>\n<li data-start=\"5510\" data-end=\"5600\">\n<p data-start=\"5512\" data-end=\"5600\"><strong data-start=\"5512\" data-end=\"5550\"><span dir=\"auto\" style=\"vertical-align: inherit;\"><span dir=\"auto\" style=\"vertical-align: inherit;\">Qualidade cientificamente comprovada<\/span><\/span><\/strong><span dir=\"auto\" style=\"vertical-align: inherit;\"><span dir=\"auto\" style=\"vertical-align: inherit;\"> \u2013 Every batch is checked for purity.<\/span><\/span><\/p>\n<\/li>\n<li data-start=\"5601\" data-end=\"5696\">\n<p data-start=\"5603\" data-end=\"5696\"><strong data-start=\"5603\" data-end=\"5629\"><span dir=\"auto\" style=\"vertical-align: inherit;\"><span dir=\"auto\" style=\"vertical-align: inherit;\">Estabilidade a longo prazo<\/span><\/span><\/strong><span dir=\"auto\" style=\"vertical-align: inherit;\"><span dir=\"auto\" style=\"vertical-align: inherit;\"> \u2013 Designed to maintain its composition when stored properly.<\/span><\/span><\/p>\n<\/li>\n<li data-start=\"5697\" data-end=\"5802\">\n<p data-start=\"5699\" data-end=\"5802\"><strong data-start=\"5699\" data-end=\"5736\"><span dir=\"auto\" style=\"vertical-align: inherit;\"><span dir=\"auto\" style=\"vertical-align: inherit;\">Produzido de forma \u00e9tica e legal<\/span><\/span><\/strong><span dir=\"auto\" style=\"vertical-align: inherit;\"><span dir=\"auto\" style=\"vertical-align: inherit;\"> \u2013 Em conformidade com as diretrizes internacionais de seguran\u00e7a.<\/span><\/span><\/p>\n<\/li>\n<\/ul>\n<hr data-start=\"5804\" data-end=\"5807\" \/>\n<h3 data-start=\"5809\" data-end=\"5824\"><strong data-start=\"5813\" data-end=\"5824\"><span dir=\"auto\" style=\"vertical-align: inherit;\"><span dir=\"auto\" style=\"vertical-align: inherit;\">Uso<\/span><\/span><\/strong><\/h3>\n<ol data-start=\"5825\" data-end=\"6227\">\n<li data-start=\"5825\" data-end=\"5926\">\n<p data-start=\"5828\" data-end=\"5926\"><strong data-start=\"5828\" data-end=\"5863\"><span dir=\"auto\" style=\"vertical-align: inherit;\"><span dir=\"auto\" style=\"vertical-align: inherit;\">Para uso exclusivo em laborat\u00f3rio.<\/span><\/span><\/strong><span dir=\"auto\" style=\"vertical-align: inherit;\"><span dir=\"auto\" style=\"vertical-align: inherit;\"> \u2013 Utilizar apenas em institui\u00e7\u00f5es de pesquisa acreditadas.<\/span><\/span><\/p>\n<\/li>\n<li data-start=\"5927\" data-end=\"5974\">\n<p data-start=\"5930\" data-end=\"5974\"><strong data-start=\"5930\" data-end=\"5940\"><span dir=\"auto\" style=\"vertical-align: inherit;\"><span dir=\"auto\" style=\"vertical-align: inherit;\">Armazenar<\/span><\/span><\/strong><span dir=\"auto\" style=\"vertical-align: inherit;\"><span dir=\"auto\" style=\"vertical-align: inherit;\"> \u2013 Store in a cool, dry and dark place.<\/span><\/span><\/p>\n<\/li>\n<li data-start=\"5975\" data-end=\"6057\">\n<p data-start=\"5978\" data-end=\"6057\"><strong data-start=\"5978\" data-end=\"5995\"><span dir=\"auto\" style=\"vertical-align: inherit;\"><span dir=\"auto\" style=\"vertical-align: inherit;\">Trabalhe com seguran\u00e7a<\/span><\/span><\/strong><span dir=\"auto\" style=\"vertical-align: inherit;\"><span dir=\"auto\" style=\"vertical-align: inherit;\"> \u2013 Use luvas, \u00f3culos de prote\u00e7\u00e3o e jaleco.<\/span><\/span><\/p>\n<\/li>\n<li data-start=\"6058\" data-end=\"6137\">\n<p data-start=\"6061\" data-end=\"6137\"><strong data-start=\"6061\" data-end=\"6073\"><span dir=\"auto\" style=\"vertical-align: inherit;\"><span dir=\"auto\" style=\"vertical-align: inherit;\">Medidas<\/span><\/span><\/strong><span dir=\"auto\" style=\"vertical-align: inherit;\"><span dir=\"auto\" style=\"vertical-align: inherit;\"> \u2013 Utilize equipamentos calibrados para an\u00e1lises precisas.<\/span><\/span><\/p>\n<\/li>\n<li data-start=\"6138\" data-end=\"6227\">\n<p data-start=\"6141\" data-end=\"6227\"><strong data-start=\"6141\" data-end=\"6168\"><span dir=\"auto\" style=\"vertical-align: inherit;\"><span dir=\"auto\" style=\"vertical-align: inherit;\">Aviso de seguran\u00e7a<\/span><\/span><\/strong><span dir=\"auto\" style=\"vertical-align: inherit;\"><span dir=\"auto\" style=\"vertical-align: inherit;\"> \u2013 N\u00e3o destinado ao consumo humano ou animal.<\/span><\/span><\/p>\n<\/li>\n<\/ol>\n<hr data-start=\"6229\" data-end=\"6232\" \/>\n<h3 data-start=\"6234\" data-end=\"6261\"><strong data-start=\"6238\" data-end=\"6261\"><span dir=\"auto\" style=\"vertical-align: inherit;\"><span dir=\"auto\" style=\"vertical-align: inherit;\">Perguntas frequentes<\/span><\/span><\/strong><\/h3>\n<p data-start=\"6263\" data-end=\"6437\"><strong data-start=\"6263\" data-end=\"6319\"><span dir=\"auto\" style=\"vertical-align: inherit;\"><span dir=\"auto\" style=\"vertical-align: inherit;\">1. What are 30 mg research pellets used for?<\/span><\/span><\/strong><br data-start=\"6319\" data-end=\"6322\" \/><span dir=\"auto\" style=\"vertical-align: inherit;\"><span dir=\"auto\" style=\"vertical-align: inherit;\"> Eles s\u00e3o usados para <\/span><\/span><strong data-start=\"6346\" data-end=\"6390\"><span dir=\"auto\" style=\"vertical-align: inherit;\"><span dir=\"auto\" style=\"vertical-align: inherit;\">pesquisa anal\u00edtica e cient\u00edfica<\/span><\/span><\/strong><span dir=\"auto\" style=\"vertical-align: inherit;\"><span dir=\"auto\" style=\"vertical-align: inherit;\"> , including chemical analyses and calibration.<\/span><\/span><\/p>\n<p data-start=\"6439\" data-end=\"6601\"><strong data-start=\"6439\" data-end=\"6506\"><span dir=\"auto\" style=\"vertical-align: inherit;\"><span dir=\"auto\" style=\"vertical-align: inherit;\">2. Esses gr\u00e2nulos podem ser usados fora de um laborat\u00f3rio?<\/span><\/span><\/strong><br data-start=\"6506\" data-end=\"6509\" \/><span dir=\"auto\" style=\"vertical-align: inherit;\"><span dir=\"auto\" style=\"vertical-align: inherit;\"> N\u00e3o. Estes produtos s\u00e3o <\/span><\/span><strong data-start=\"6534\" data-end=\"6598\"><span dir=\"auto\" style=\"vertical-align: inherit;\"><span dir=\"auto\" style=\"vertical-align: inherit;\">Destinado exclusivamente \u00e0 pesquisa laboratorial profissional.<\/span><\/span><\/strong><span dir=\"auto\" style=\"vertical-align: inherit;\"><span dir=\"auto\" style=\"vertical-align: inherit;\"> .<\/span><\/span><\/p>\n<p data-start=\"6603\" data-end=\"6749\"><strong data-start=\"6603\" data-end=\"6647\"><span dir=\"auto\" style=\"vertical-align: inherit;\"><span dir=\"auto\" style=\"vertical-align: inherit;\">3. Como os gr\u00e2nulos devem ser armazenados?<\/span><\/span><\/strong><br data-start=\"6647\" data-end=\"6650\" \/><span dir=\"auto\" style=\"vertical-align: inherit;\"><span dir=\"auto\" style=\"vertical-align: inherit;\"> Guarde-os em seus <\/span><\/span><strong data-start=\"6667\" data-end=\"6704\"><span dir=\"auto\" style=\"vertical-align: inherit;\"><span dir=\"auto\" style=\"vertical-align: inherit;\">embalagem original e herm\u00e9tica<\/span><\/span><\/strong><span dir=\"auto\" style=\"vertical-align: inherit;\"><span dir=\"auto\" style=\"vertical-align: inherit;\"> em um <\/span><\/span><strong data-start=\"6712\" data-end=\"6746\"><span dir=\"auto\" style=\"vertical-align: inherit;\"><span dir=\"auto\" style=\"vertical-align: inherit;\">lugar fresco, seco e escuro<\/span><\/span><\/strong><span dir=\"auto\" style=\"vertical-align: inherit;\"><span dir=\"auto\" style=\"vertical-align: inherit;\"> .<\/span><\/span><\/p>\n<hr data-start=\"6751\" data-end=\"6754\" \/>\n<h3 data-start=\"6756\" data-end=\"6774\"><strong data-start=\"6760\" data-end=\"6774\"><span dir=\"auto\" style=\"vertical-align: inherit;\"><span dir=\"auto\" style=\"vertical-align: inherit;\">Isen\u00e7\u00e3o de responsabilidade<\/span><\/span><\/strong><\/h3>\n<p data-start=\"6775\" data-end=\"6994\"><span dir=\"auto\" style=\"vertical-align: inherit;\"><span dir=\"auto\" style=\"vertical-align: inherit;\">Este produto \u00e9 <\/span><\/span><strong data-start=\"6790\" data-end=\"6839\"><span dir=\"auto\" style=\"vertical-align: inherit;\"><span dir=\"auto\" style=\"vertical-align: inherit;\">Apenas para fins de pesquisa<\/span><\/span><\/strong><span dir=\"auto\" style=\"vertical-align: inherit;\"><span dir=\"auto\" style=\"vertical-align: inherit;\"> . <\/span><\/span><strong data-start=\"6841\" data-end=\"6899\"><span dir=\"auto\" style=\"vertical-align: inherit;\"><span dir=\"auto\" style=\"vertical-align: inherit;\">N\u00e3o adequado para consumo humano ou animal.<\/span><\/span><\/strong><br data-start=\"6899\" data-end=\"6902\" \/><span dir=\"auto\" style=\"vertical-align: inherit;\"><span dir=\"auto\" style=\"vertical-align: inherit;\"> By purchasing this product, you confirm that you comply with all applicable laws and safety regulations.<\/span><\/span><\/p>\n<h2 class=\"ds-markdown-paragraph\"><span dir=\"auto\" style=\"color: #333333; font-size: 16px; vertical-align: inherit;\"><span dir=\"auto\" style=\"vertical-align: inherit;\"><span dir=\"auto\" style=\"vertical-align: inherit;\"><span dir=\"auto\" style=\"vertical-align: inherit;\">* <\/span><\/span><\/span><\/span><a style=\"font-size: 16px;\" href=\"https:\/\/researchchemicalhub.com\/pt\/shop\/iboga-ibogaine\/buy-ibogaine-hcl-online\/\"><span dir=\"auto\" style=\"vertical-align: inherit;\"><span dir=\"auto\" style=\"vertical-align: inherit;\"><span dir=\"auto\" style=\"vertical-align: inherit;\"><span dir=\"auto\" style=\"vertical-align: inherit;\">Compre iboga\u00edna hcl online<\/span><\/span><\/span><\/span><\/a><a style=\"font-size: 16px;\" href=\"https:\/\/researchchemicalhub.com\/pt\/shop\/iboga-ibogaine\/iboga-root-bark\/\"><span dir=\"auto\" style=\"vertical-align: inherit;\"><span dir=\"auto\" style=\"vertical-align: inherit;\"><span dir=\"auto\" style=\"vertical-align: inherit;\"><span dir=\"auto\" style=\"vertical-align: inherit;\">casca da raiz de iboga<\/span><\/span><\/span><\/span><\/a><a style=\"font-size: 16px;\" href=\"https:\/\/researchchemicalhub.com\/pt\/shop\/lysergamides\/1cp-lsd\/\"><span dir=\"auto\" style=\"vertical-align: inherit;\"><span dir=\"auto\" style=\"vertical-align: inherit;\"><span dir=\"auto\" style=\"vertical-align: inherit;\"><span dir=\"auto\" style=\"vertical-align: inherit;\">1 colher de ch\u00e1 de LSD <\/span><\/span><\/span><\/span><\/a><a style=\"font-size: 16px;\" href=\"https:\/\/researchchemicalhub.com\/pt\/shop\/pellets-for-pellet\/o-dsmt-50mg-pellets\/\"><span dir=\"auto\" style=\"vertical-align: inherit;\"><span dir=\"auto\" style=\"vertical-align: inherit;\"><span dir=\"auto\" style=\"vertical-align: inherit;\"><span dir=\"auto\" style=\"vertical-align: inherit;\">o-dsmt <\/span><\/span><\/span><\/span><\/a><a style=\"font-size: 16px;\" href=\"https:\/\/researchchemicalhub.com\/pt\/shop\/lysergamides\/1vlsd\/\"><span dir=\"auto\" style=\"vertical-align: inherit;\"><span dir=\"auto\" style=\"vertical-align: inherit;\"><span dir=\"auto\" style=\"vertical-align: inherit;\"><span dir=\"auto\" style=\"vertical-align: inherit;\">1vlsd<\/span><\/span><\/span><\/span><\/a><\/h2>","protected":false},"excerpt":{"rendered":"<h3><span dir=\"auto\" style=\"vertical-align: inherit;\"><span dir=\"auto\" style=\"vertical-align: inherit;\"><span dir=\"auto\" style=\"vertical-align: inherit;\"><span dir=\"auto\" style=\"vertical-align: inherit;\">Propriedades O-DSMT<\/span><\/span><\/span><\/span><\/h3>\n<p><strong><span dir=\"auto\" style=\"vertical-align: inherit;\"><span dir=\"auto\" style=\"vertical-align: inherit;\"><span dir=\"auto\" style=\"vertical-align: inherit;\"><span dir=\"auto\" style=\"vertical-align: inherit;\">Sin\u00f4nimo: <\/span><\/span><\/span><\/span><\/strong> <i><span dir=\"auto\" style=\"vertical-align: inherit;\"><span dir=\"auto\" style=\"vertical-align: inherit;\"><span dir=\"auto\" style=\"vertical-align: inherit;\"><span dir=\"auto\" style=\"vertical-align: inherit;\">O-Desmetiltramadol, 3-(2-((dimetilamino)metil)-1-hidroxiciclohexil)fenol <\/span><\/span><\/span><\/span><\/i><br \/>\n<strong><span dir=\"auto\" style=\"vertical-align: inherit;\"><span dir=\"auto\" style=\"vertical-align: inherit;\"><span dir=\"auto\" style=\"vertical-align: inherit;\"><span dir=\"auto\" style=\"vertical-align: inherit;\">N\u00famero CAS:<\/span><\/span><\/span><\/span><\/strong><span dir=\"auto\" style=\"vertical-align: inherit;\"><span dir=\"auto\" style=\"vertical-align: inherit;\"><span dir=\"auto\" style=\"vertical-align: inherit;\"><span dir=\"auto\" style=\"vertical-align: inherit;\"> 80456-81-1 <\/span><\/span><\/span><\/span><br \/>\n<strong><span dir=\"auto\" style=\"vertical-align: inherit;\"><span dir=\"auto\" style=\"vertical-align: inherit;\"><span dir=\"auto\" style=\"vertical-align: inherit;\"><span dir=\"auto\" style=\"vertical-align: inherit;\">F\u00f3rmula: <\/span><\/span><\/span><\/span><\/strong> <span title=\"Carbono\"><span dir=\"auto\" style=\"vertical-align: inherit;\"><span dir=\"auto\" style=\"vertical-align: inherit;\"><span dir=\"auto\" style=\"vertical-align: inherit;\"><span dir=\"auto\" style=\"vertical-align: inherit;\">C <\/span><\/span><\/span><\/span><\/span><sub><span dir=\"auto\" style=\"vertical-align: inherit;\"><span dir=\"auto\" style=\"vertical-align: inherit;\"><span dir=\"auto\" style=\"vertical-align: inherit;\"><span dir=\"auto\" style=\"vertical-align: inherit;\">15 <\/span><\/span><\/span><\/span><\/sub><span title=\"Hidrog\u00eanio\"><span dir=\"auto\" style=\"vertical-align: inherit;\"><span dir=\"auto\" style=\"vertical-align: inherit;\"><span dir=\"auto\" style=\"vertical-align: inherit;\"><span dir=\"auto\" style=\"vertical-align: inherit;\">H <\/span><\/span><\/span><\/span><\/span><sub><span dir=\"auto\" style=\"vertical-align: inherit;\"><span dir=\"auto\" style=\"vertical-align: inherit;\"><span dir=\"auto\" style=\"vertical-align: inherit;\"><span dir=\"auto\" style=\"vertical-align: inherit;\">23 <\/span><\/span><\/span><\/span><\/sub><span title=\"Azoto\"><span dir=\"auto\" style=\"vertical-align: inherit;\"><span dir=\"auto\" style=\"vertical-align: inherit;\"><span dir=\"auto\" style=\"vertical-align: inherit;\"><span dir=\"auto\" style=\"vertical-align: inherit;\">N <\/span><\/span><\/span><\/span><\/span><span title=\"Oxig\u00eanio\"><span dir=\"auto\" style=\"vertical-align: inherit;\"><span dir=\"auto\" style=\"vertical-align: inherit;\"><span dir=\"auto\" style=\"vertical-align: inherit;\"><span dir=\"auto\" style=\"vertical-align: inherit;\">O <\/span><\/span><\/span><\/span><\/span><sub><span dir=\"auto\" style=\"vertical-align: inherit;\"><span dir=\"auto\" style=\"vertical-align: inherit;\"><span dir=\"auto\" style=\"vertical-align: inherit;\"><span dir=\"auto\" style=\"vertical-align: inherit;\">2 <\/span><\/span><\/span><\/span><\/sub><br \/>\n<strong><span dir=\"auto\" style=\"vertical-align: inherit;\"><span dir=\"auto\" style=\"vertical-align: inherit;\"><span dir=\"auto\" style=\"vertical-align: inherit;\"><span dir=\"auto\" style=\"vertical-align: inherit;\">Massa molar:<\/span><\/span><\/span><\/span><\/strong><span dir=\"auto\" style=\"vertical-align: inherit;\"><span dir=\"auto\" style=\"vertical-align: inherit;\"><span dir=\"auto\" style=\"vertical-align: inherit;\"><span dir=\"auto\" style=\"vertical-align: inherit;\"> 249,354 g\/mol <\/span><\/span><\/span><\/span><br \/>\n<strong><span dir=\"auto\" style=\"vertical-align: inherit;\"><span dir=\"auto\" style=\"vertical-align: inherit;\"><span dir=\"auto\" style=\"vertical-align: inherit;\"><span dir=\"auto\" style=\"vertical-align: inherit;\">Pureza:<\/span><\/span><\/span><\/span><\/strong><span dir=\"auto\" style=\"vertical-align: inherit;\"><span dir=\"auto\" style=\"vertical-align: inherit;\"><span dir=\"auto\" style=\"vertical-align: inherit;\"><span dir=\"auto\" style=\"vertical-align: inherit;\"> \u00a0&gt;97%<\/span><\/span><\/span><\/span><\/p>","protected":false},"featured_media":28580,"comment_status":"closed","ping_status":"closed","template":"","meta":[],"product_brand":[82],"product_cat":[337,420,336,324],"product_tag":[326,727,725,728,726,743,729,744,730],"class_list":{"0":"post-24864","1":"product","2":"type-product","3":"status-publish","4":"has-post-thumbnail","6":"product_brand-research-chemical","7":"product_cat-o-dsmt","8":"product_cat-o-dsmt-pellets","9":"product_cat-overig","10":"product_cat-pellets-for-pellet","11":"product_tag-nl","12":"product_tag-o-dsmt-ervaringen","13":"product_tag-o-dsmt","14":"product_tag-o-dsmt-bestellen","15":"product_tag-o-dsmt-kopen","16":"product_tag-o-dsmt-pellets","17":"product_tag-o-dsmt-psychonaut","18":"product_tag-o-dsmt-xl-pellets","19":"product_tag-what-is-o-dsmt","21":"first","22":"instock","23":"taxable","24":"shipping-taxable","25":"purchasable","26":"product-type-variable"},"_links":{"self":[{"href":"https:\/\/researchchemicalhub.com\/pt\/wp-json\/wp\/v2\/product\/24864","targetHints":{"allow":["GET"]}}],"collection":[{"href":"https:\/\/researchchemicalhub.com\/pt\/wp-json\/wp\/v2\/product"}],"about":[{"href":"https:\/\/researchchemicalhub.com\/pt\/wp-json\/wp\/v2\/types\/product"}],"replies":[{"embeddable":true,"href":"https:\/\/researchchemicalhub.com\/pt\/wp-json\/wp\/v2\/comments?post=24864"}],"version-history":[{"count":7,"href":"https:\/\/researchchemicalhub.com\/pt\/wp-json\/wp\/v2\/product\/24864\/revisions"}],"predecessor-version":[{"id":28637,"href":"https:\/\/researchchemicalhub.com\/pt\/wp-json\/wp\/v2\/product\/24864\/revisions\/28637"}],"wp:featuredmedia":[{"embeddable":true,"href":"https:\/\/researchchemicalhub.com\/pt\/wp-json\/wp\/v2\/media\/28580"}],"wp:attachment":[{"href":"https:\/\/researchchemicalhub.com\/pt\/wp-json\/wp\/v2\/media?parent=24864"}],"wp:term":[{"taxonomy":"product_brand","embeddable":true,"href":"https:\/\/researchchemicalhub.com\/pt\/wp-json\/wp\/v2\/product_brand?post=24864"},{"taxonomy":"product_cat","embeddable":true,"href":"https:\/\/researchchemicalhub.com\/pt\/wp-json\/wp\/v2\/product_cat?post=24864"},{"taxonomy":"product_tag","embeddable":true,"href":"https:\/\/researchchemicalhub.com\/pt\/wp-json\/wp\/v2\/product_tag?post=24864"}],"curies":[{"name":"wp","href":"https:\/\/api.w.org\/{rel}","templated":true}]}}