{"id":24854,"date":"2025-10-20T17:43:28","date_gmt":"2025-10-20T17:43:28","guid":{"rendered":"https:\/\/researchchemicalhub.com\/?post_type=product&#038;p=24854"},"modified":"2025-10-30T13:44:55","modified_gmt":"2025-10-30T13:44:55","slug":"pellets-dck-20mg","status":"publish","type":"product","link":"https:\/\/researchchemicalhub.com\/pt\/comprar\/arilciclohexilamina\/pellets-dck-20mg\/","title":{"rendered":"DCK 20mg Pellets"},"content":{"rendered":"<h3 data-start=\"4311\" data-end=\"4330\"><strong data-start=\"4315\" data-end=\"4330\">Introdu\u00e7\u00e3o<\/strong><\/h3>\n<p data-start=\"4331\" data-end=\"4627\">Nosso <strong data-start=\"4336\" data-end=\"4363\">Pellets de pesquisa de 20 mg<\/strong> foram cuidadosamente desenvolvidos para <strong data-start=\"4396\" data-end=\"4452\">pesquisa anal\u00edtica, forense e cient\u00edfica<\/strong>.<br data-start=\"4453\" data-end=\"4456\" \/>Cada pellet \u00e9 fabricado sob <strong data-start=\"4492\" data-end=\"4522\">rigoroso controle de qualidade<\/strong> para <strong data-start=\"4526\" data-end=\"4577\">pureza, consist\u00eancia e reprodutibilidade<\/strong> te garanderen binnen professionele laboratoria. deschloroketamine<\/p>\n<p data-start=\"4629\" data-end=\"4816\">Esses pellets s\u00e3o ideais para <strong data-start=\"4659\" data-end=\"4730\">testes quantitativos, estudos de calibra\u00e7\u00e3o e an\u00e1lises comparativas<\/strong>.<br data-start=\"4731\" data-end=\"4734\" \/>Cada lote \u00e9 exaustivamente testado para <strong data-start=\"4769\" data-end=\"4813\">confiabilidade e estabilidade qu\u00edmica<\/strong>.<\/p>\n<blockquote data-start=\"4817\" data-end=\"4926\">\n<p data-start=\"4819\" data-end=\"4926\">\u26a0\ufe0f <strong data-start=\"4822\" data-end=\"4926\">Somente para uso em laborat\u00f3rio. N\u00e3o adequado para consumo humano ou animal.<\/strong><\/p>\n<\/blockquote>\n<hr data-start=\"4928\" data-end=\"4931\" \/>\n<h3 data-start=\"4933\" data-end=\"4964\"><strong data-start=\"4937\" data-end=\"4964\">Principais caracter\u00edsticas<\/strong><\/h3>\n<ul data-start=\"4965\" data-end=\"5429\">\n<li data-start=\"4965\" data-end=\"5035\">\n<p data-start=\"4967\" data-end=\"5035\"><strong data-start=\"4967\" data-end=\"4993\">Alta Pureza (\u226599%)<\/strong> \u2013 Onafhankelijk getest en geverifieerd. deschloroketamine<\/p>\n<\/li>\n<li data-start=\"5036\" data-end=\"5118\">\n<p data-start=\"5038\" data-end=\"5118\"><strong data-start=\"5038\" data-end=\"5069\">Dosagem precisa de 20 mg<\/strong> \u2013 Garante resultados de pesquisa consistentes.<\/p>\n<\/li>\n<li data-start=\"5119\" data-end=\"5191\">\n<p data-start=\"5121\" data-end=\"5191\"><strong data-start=\"5121\" data-end=\"5147\">Composi\u00e7\u00e3o Est\u00e1vel<\/strong> \u2013 Projetado para longa durabilidade.<\/p>\n<\/li>\n<li data-start=\"5192\" data-end=\"5277\">\n<p data-start=\"5194\" data-end=\"5277\"><strong data-start=\"5194\" data-end=\"5219\">Qualidade de laborat\u00f3rio<\/strong> \u2013 Fabricado de acordo com padr\u00f5es internacionais de qualidade.<\/p>\n<\/li>\n<li data-start=\"5278\" data-end=\"5352\">\n<p data-start=\"5280\" data-end=\"5352\"><strong data-start=\"5280\" data-end=\"5302\">Embalagem Segura<\/strong> \u2013 Protege contra umidade, luz e contamina\u00e7\u00e3o.<\/p>\n<\/li>\n<li data-start=\"5353\" data-end=\"5429\">\n<p data-start=\"5355\" data-end=\"5429\"><strong data-start=\"5355\" data-end=\"5380\">Somente para pesquisa<\/strong> \u2013 Somente para uso anal\u00edtico.<\/p>\n<\/li>\n<\/ul>\n<hr data-start=\"5431\" data-end=\"5434\" \/>\n<h3 data-start=\"5436\" data-end=\"5453\"><strong data-start=\"5440\" data-end=\"5453\">Vantagens<\/strong><\/h3>\n<ul data-start=\"5454\" data-end=\"5946\">\n<li data-start=\"5454\" data-end=\"5538\">\n<p data-start=\"5456\" data-end=\"5538\"><strong data-start=\"5456\" data-end=\"5492\">Resultados de pesquisa confi\u00e1veis<\/strong> \u2013 Para dados precisos e reproduz\u00edveis.<\/p>\n<\/li>\n<li data-start=\"5539\" data-end=\"5615\">\n<p data-start=\"5541\" data-end=\"5615\"><strong data-start=\"5541\" data-end=\"5566\">Qualidade consistente<\/strong> \u2013 Reduz a varia\u00e7\u00e3o nos resultados da pesquisa.<\/p>\n<\/li>\n<li data-start=\"5616\" data-end=\"5731\">\n<p data-start=\"5618\" data-end=\"5731\"><strong data-start=\"5618\" data-end=\"5668\">Otimizado para an\u00e1lise cient\u00edfica<\/strong> \u2013 Adequado para aplica\u00e7\u00f5es de calibra\u00e7\u00e3o e espectrosc\u00f3picas.<\/p>\n<\/li>\n<li data-start=\"5732\" data-end=\"5839\">\n<p data-start=\"5734\" data-end=\"5839\"><strong data-start=\"5734\" data-end=\"5771\">Produzido de forma \u00e9tica e legal<\/strong> \u2013 De acordo com as normas de pesquisa e seguran\u00e7a.<\/p>\n<\/li>\n<li data-start=\"5840\" data-end=\"5946\">\n<p data-start=\"5842\" data-end=\"5946\"><strong data-start=\"5842\" data-end=\"5869\">Testado cientificamente<\/strong> \u2013 Cada lote \u00e9 verificado quanto \u00e0 identidade, pureza e estabilidade.<\/p>\n<\/li>\n<\/ul>\n<hr data-start=\"5948\" data-end=\"5951\" \/>\n<h3 data-start=\"5953\" data-end=\"5968\"><strong data-start=\"5957\" data-end=\"5968\">Uso<\/strong><\/h3>\n<ol data-start=\"5969\" data-end=\"6411\">\n<li data-start=\"5969\" data-end=\"6070\">\n<p data-start=\"5972\" data-end=\"6070\"><strong data-start=\"5972\" data-end=\"6007\">Somente para uso em laborat\u00f3rio<\/strong> \u2013 Utilizar somente em institui\u00e7\u00f5es de pesquisa reconhecidas.<\/p>\n<\/li>\n<li data-start=\"6071\" data-end=\"6152\">\n<p data-start=\"6074\" data-end=\"6152\"><strong data-start=\"6074\" data-end=\"6084\">Armazenar<\/strong> Armazene em local fresco, seco e escuro. Mantenha a embalagem bem fechada.<\/p>\n<\/li>\n<li data-start=\"6153\" data-end=\"6241\">\n<p data-start=\"6156\" data-end=\"6241\"><strong data-start=\"6156\" data-end=\"6173\">Trabalho seguro<\/strong> \u2013 Use luvas, jaleco e equipamentos de prote\u00e7\u00e3o.<\/p>\n<\/li>\n<li data-start=\"6242\" data-end=\"6321\">\n<p data-start=\"6245\" data-end=\"6321\"><strong data-start=\"6245\" data-end=\"6257\">Medidas<\/strong> \u2013 Utilize equipamentos calibrados para precis\u00e3o anal\u00edtica.<\/p>\n<\/li>\n<li data-start=\"6322\" data-end=\"6411\">\n<p data-start=\"6325\" data-end=\"6411\"><strong data-start=\"6325\" data-end=\"6352\">Aviso de seguran\u00e7a<\/strong> \u2013 N\u00e3o \u00e9 adequado para consumo humano ou animal.<\/p>\n<\/li>\n<\/ol>\n<hr data-start=\"6413\" data-end=\"6416\" \/>\n<h3 data-start=\"6418\" data-end=\"6445\"><strong data-start=\"6422\" data-end=\"6445\">Perguntas frequentes<\/strong><\/h3>\n<p data-start=\"6447\" data-end=\"6632\"><strong data-start=\"6447\" data-end=\"6503\">1. Para que s\u00e3o usados os pellets de pesquisa de 20 mg?<\/strong><br data-start=\"6503\" data-end=\"6506\" \/>Eles s\u00e3o usados para <strong data-start=\"6530\" data-end=\"6574\">pesquisa cient\u00edfica e anal\u00edtica<\/strong>, como calibra\u00e7\u00e3o e testes controlados de laborat\u00f3rio.<\/p>\n<p data-start=\"6634\" data-end=\"6796\"><strong data-start=\"6634\" data-end=\"6701\">2. Esses pellets podem ser usados fora de um laborat\u00f3rio?<\/strong><br data-start=\"6701\" data-end=\"6704\" \/>N\u00e3o. Esses produtos s\u00e3o <strong data-start=\"6729\" data-end=\"6793\">destinado apenas para pesquisa laboratorial profissional<\/strong>.<\/p>\n<p data-start=\"6798\" data-end=\"6945\"><strong data-start=\"6798\" data-end=\"6842\">3. Como os pellets devem ser armazenados?<\/strong><br data-start=\"6842\" data-end=\"6845\" \/>Mantenha-os em seus <strong data-start=\"6862\" data-end=\"6899\">embalagem original e herm\u00e9tica<\/strong>, em um <strong data-start=\"6908\" data-end=\"6942\">local fresco, seco e escuro<\/strong>.<\/p>\n<hr data-start=\"6947\" data-end=\"6950\" \/>\n<h3 data-start=\"6952\" data-end=\"6970\"><strong data-start=\"6956\" data-end=\"6970\">Isen\u00e7\u00e3o de responsabilidade<\/strong><\/h3>\n<p data-start=\"6971\" data-end=\"7188\">Este produto \u00e9 <strong data-start=\"6986\" data-end=\"7035\">destinado apenas para fins de pesquisa<\/strong>. <strong data-start=\"7037\" data-end=\"7095\">N\u00e3o \u00e9 adequado para consumo humano ou animal.<\/strong><br data-start=\"7095\" data-end=\"7098\" \/>Ao comprar, voc\u00ea declara que cumpre as leis e normas de seguran\u00e7a aplic\u00e1veis.<\/p>\n<p data-start=\"6971\" data-end=\"7188\"><a href=\"https:\/\/researchchemicalhub.com\/pt\/comprar\/classificacao-por-categoria\/comprar-4mmc\/\">comprar 4mmc<\/a><a href=\"https:\/\/researchchemicalhub.com\/pt\/comprar\/classificacao-por-categoria\/po-de-benzocaina\/\">p\u00f3 de benzoca\u00edna<\/a><a href=\"https:\/\/researchchemicalhub.com\/pt\/comprar\/classificacao-por-categoria\/comprar-fentanil\/\">comprar fentanil<\/a><\/p>","protected":false},"excerpt":{"rendered":"<h3><span dir=\"auto\" style=\"vertical-align: inherit;\"><span dir=\"auto\" style=\"vertical-align: inherit;\">Propriedades DCK<\/span><\/span><\/h3>\n<p><strong><span dir=\"auto\" style=\"vertical-align: inherit;\"><span dir=\"auto\" style=\"vertical-align: inherit;\">Sin\u00f4nimo:<\/span><\/span><\/strong><span dir=\"auto\" style=\"vertical-align: inherit;\"><span dir=\"auto\" style=\"vertical-align: inherit;\"> \u00a02\u2032-oxo-PCM, desclorocetamina <\/span><\/span><br \/>\n<strong><span dir=\"auto\" style=\"vertical-align: inherit;\"><span dir=\"auto\" style=\"vertical-align: inherit;\">N\u00famero CAS:<\/span><\/span><\/strong><span dir=\"auto\" style=\"vertical-align: inherit;\"><span dir=\"auto\" style=\"vertical-align: inherit;\"> \u00a04631-27-0 <\/span><\/span><br \/>\n<strong><span dir=\"auto\" style=\"vertical-align: inherit;\"><span dir=\"auto\" style=\"vertical-align: inherit;\">F\u00f3rmula:<\/span><\/span><\/strong><span dir=\"auto\" style=\"vertical-align: inherit;\"><span dir=\"auto\" style=\"vertical-align: inherit;\"> \u00a02-(metilamino)-2-fenil-ciclohexanona <\/span><\/span><br \/>\n<strong><span dir=\"auto\" style=\"vertical-align: inherit;\"><span dir=\"auto\" style=\"vertical-align: inherit;\">Massa molar:<\/span><\/span><\/strong><span dir=\"auto\" style=\"vertical-align: inherit;\"><span dir=\"auto\" style=\"vertical-align: inherit;\"> \u00a0239,7 g\/mol <\/span><\/span><br \/>\n<strong><span dir=\"auto\" style=\"vertical-align: inherit;\"><span dir=\"auto\" style=\"vertical-align: inherit;\">Pureza:<\/span><\/span><\/strong><span dir=\"auto\" style=\"vertical-align: inherit;\"><span dir=\"auto\" style=\"vertical-align: inherit;\"> \u00a0&gt;97%<\/span><\/span><\/p>","protected":false},"featured_media":28822,"comment_status":"closed","ping_status":"closed","template":"","meta":[],"product_brand":[82],"product_cat":[71,427,428,324],"product_tag":[272,302,303,326],"class_list":{"0":"post-24854","1":"product","2":"type-product","3":"status-publish","4":"has-post-thumbnail","6":"product_brand-research-chemical","7":"product_cat-arylcyclohexylamine","8":"product_cat-dck","9":"product_cat-dck-pellets","10":"product_cat-pellets-for-pellet","11":"product_tag-2f-dck-kopen","12":"product_tag-dck","13":"product_tag-deschloroketamine","14":"product_tag-nl","16":"first","17":"instock","18":"taxable","19":"shipping-taxable","20":"purchasable","21":"product-type-variable"},"_links":{"self":[{"href":"https:\/\/researchchemicalhub.com\/pt\/wp-json\/wp\/v2\/product\/24854","targetHints":{"allow":["GET"]}}],"collection":[{"href":"https:\/\/researchchemicalhub.com\/pt\/wp-json\/wp\/v2\/product"}],"about":[{"href":"https:\/\/researchchemicalhub.com\/pt\/wp-json\/wp\/v2\/types\/product"}],"replies":[{"embeddable":true,"href":"https:\/\/researchchemicalhub.com\/pt\/wp-json\/wp\/v2\/comments?post=24854"}],"version-history":[{"count":5,"href":"https:\/\/researchchemicalhub.com\/pt\/wp-json\/wp\/v2\/product\/24854\/revisions"}],"predecessor-version":[{"id":28823,"href":"https:\/\/researchchemicalhub.com\/pt\/wp-json\/wp\/v2\/product\/24854\/revisions\/28823"}],"wp:featuredmedia":[{"embeddable":true,"href":"https:\/\/researchchemicalhub.com\/pt\/wp-json\/wp\/v2\/media\/28822"}],"wp:attachment":[{"href":"https:\/\/researchchemicalhub.com\/pt\/wp-json\/wp\/v2\/media?parent=24854"}],"wp:term":[{"taxonomy":"product_brand","embeddable":true,"href":"https:\/\/researchchemicalhub.com\/pt\/wp-json\/wp\/v2\/product_brand?post=24854"},{"taxonomy":"product_cat","embeddable":true,"href":"https:\/\/researchchemicalhub.com\/pt\/wp-json\/wp\/v2\/product_cat?post=24854"},{"taxonomy":"product_tag","embeddable":true,"href":"https:\/\/researchchemicalhub.com\/pt\/wp-json\/wp\/v2\/product_tag?post=24854"}],"curies":[{"name":"wp","href":"https:\/\/api.w.org\/{rel}","templated":true}]}}