{"id":24819,"date":"2025-10-20T17:43:14","date_gmt":"2025-10-20T17:43:14","guid":{"rendered":"https:\/\/researchchemicalhub.com\/?post_type=product&#038;p=24819"},"modified":"2025-10-29T07:37:36","modified_gmt":"2025-10-29T07:37:36","slug":"flubromazepam-8-mg","status":"publish","type":"product","link":"https:\/\/researchchemicalhub.com\/pt\/comprar\/benzodiazepinicos\/flubromazepam-8-mg\/","title":{"rendered":"Pellets de Flubromazepam 8 MG"},"content":{"rendered":"<h3 data-start=\"4025\" data-end=\"4044\"><strong data-start=\"4029\" data-end=\"4044\"><span dir=\"auto\" style=\"vertical-align: inherit;\"><span dir=\"auto\" style=\"vertical-align: inherit;\">Introdu\u00e7\u00e3o<\/span><\/span><\/strong><\/h3>\n<p data-start=\"4045\" data-end=\"4302\"><span dir=\"auto\" style=\"vertical-align: inherit;\"><span dir=\"auto\" style=\"vertical-align: inherit;\">Nosso <\/span><\/span><strong data-start=\"4050\" data-end=\"4076\"><span dir=\"auto\" style=\"vertical-align: inherit;\"><span dir=\"auto\" style=\"vertical-align: inherit;\">8 mg research pellets<\/span><\/span><\/strong><span dir=\"auto\" style=\"vertical-align: inherit;\"><span dir=\"auto\" style=\"vertical-align: inherit;\"> s\u00e3o cuidadosamente desenvolvidos para <\/span><\/span><strong data-start=\"4109\" data-end=\"4160\"><span dir=\"auto\" style=\"vertical-align: inherit;\"><span dir=\"auto\" style=\"vertical-align: inherit;\">analytical, forensic, and laboratory testing<\/span><\/span><\/strong><span dir=\"auto\" style=\"vertical-align: inherit;\"><span dir=\"auto\" style=\"vertical-align: inherit;\"> . Each pellet of <\/span><\/span><span dir=\"auto\" style=\"vertical-align: inherit;\"><span dir=\"auto\" style=\"vertical-align: inherit;\"><span dir=\"auto\" style=\"vertical-align: inherit;\">flubromazepam<\/span><\/span><\/span><br data-start=\"4161\" data-end=\"4164\" \/><span dir=\"auto\" style=\"vertical-align: inherit;\"><span dir=\"auto\" style=\"vertical-align: inherit;\"> is manufactured under <\/span><\/span><strong data-start=\"4201\" data-end=\"4239\"><span dir=\"auto\" style=\"vertical-align: inherit;\"><span dir=\"auto\" style=\"vertical-align: inherit;\">condi\u00e7\u00f5es rigorosas de laborat\u00f3rio<\/span><\/span><\/strong><span dir=\"auto\" style=\"vertical-align: inherit;\"><span dir=\"auto\" style=\"vertical-align: inherit;\"> , garantindo <\/span><\/span><strong data-start=\"4256\" data-end=\"4299\"><span dir=\"auto\" style=\"vertical-align: inherit;\"><span dir=\"auto\" style=\"vertical-align: inherit;\">purity, consistency, and stability<\/span><\/span><\/strong><span dir=\"auto\" style=\"vertical-align: inherit;\"><span dir=\"auto\" style=\"vertical-align: inherit;\"> .<\/span><\/span><\/p>\n<p data-start=\"4304\" data-end=\"4537\"><span dir=\"auto\" style=\"vertical-align: inherit;\"><span dir=\"auto\" style=\"vertical-align: inherit;\">These pellets are designed for professional researchers and scientific institutions, offering <\/span><\/span><strong data-start=\"4406\" data-end=\"4448\"><span dir=\"auto\" style=\"vertical-align: inherit;\"><span dir=\"auto\" style=\"vertical-align: inherit;\">precision and reproducible results<\/span><\/span><\/strong><span dir=\"auto\" style=\"vertical-align: inherit;\"><span dir=\"auto\" style=\"vertical-align: inherit;\"> . They are ideal for <\/span><\/span><strong data-start=\"4470\" data-end=\"4534\"><span dir=\"auto\" style=\"vertical-align: inherit;\"><span dir=\"auto\" style=\"vertical-align: inherit;\">calibration, quantitative testing, and forensic applications<\/span><\/span><\/strong><span dir=\"auto\" style=\"vertical-align: inherit;\"><span dir=\"auto\" style=\"vertical-align: inherit;\"> .<\/span><\/span><\/p>\n<blockquote data-start=\"4538\" data-end=\"4647\">\n<p data-start=\"4540\" data-end=\"4647\">\u26a0\ufe0f <strong data-start=\"4543\" data-end=\"4647\"><span dir=\"auto\" style=\"vertical-align: inherit;\"><span dir=\"auto\" style=\"vertical-align: inherit;\">Para uso exclusivo em laborat\u00f3rio. N\u00e3o adequado para consumo humano ou animal.<\/span><\/span><\/strong><\/p>\n<\/blockquote>\n<hr data-start=\"4649\" data-end=\"4652\" \/>\n<h3 data-start=\"4654\" data-end=\"4685\"><strong data-start=\"4658\" data-end=\"4685\"><span dir=\"auto\" style=\"vertical-align: inherit;\"><span dir=\"auto\" style=\"vertical-align: inherit;\">Principais caracter\u00edsticas<\/span><\/span><\/strong><\/h3>\n<ul data-start=\"4686\" data-end=\"5205\">\n<li data-start=\"4686\" data-end=\"4756\">\n<p data-start=\"4688\" data-end=\"4756\"><strong data-start=\"4688\" data-end=\"4714\"><span dir=\"auto\" style=\"vertical-align: inherit;\"><span dir=\"auto\" style=\"vertical-align: inherit;\">Alta pureza (\u226599%)<\/span><\/span><\/strong><span dir=\"auto\" style=\"vertical-align: inherit;\"><span dir=\"auto\" style=\"vertical-align: inherit;\"> \u2013 Testado e verificado de forma independente.<\/span><\/span><\/p>\n<\/li>\n<li data-start=\"4757\" data-end=\"4843\">\n<p data-start=\"4759\" data-end=\"4843\"><strong data-start=\"4759\" data-end=\"4800\"><span dir=\"auto\" style=\"vertical-align: inherit;\"><span dir=\"auto\" style=\"vertical-align: inherit;\">Precise Dosage of 8mg per Pellet<\/span><\/span><\/strong><span dir=\"auto\" style=\"vertical-align: inherit;\"><span dir=\"auto\" style=\"vertical-align: inherit;\"> \u2013 Para resultados de pesquisa consistentes.<\/span><\/span><\/p>\n<\/li>\n<li data-start=\"4844\" data-end=\"4927\">\n<p data-start=\"4846\" data-end=\"4927\"><strong data-start=\"4846\" data-end=\"4882\"><span dir=\"auto\" style=\"vertical-align: inherit;\"><span dir=\"auto\" style=\"vertical-align: inherit;\">Composi\u00e7\u00e3o qu\u00edmica est\u00e1vel<\/span><\/span><\/strong><span dir=\"auto\" style=\"vertical-align: inherit;\"><span dir=\"auto\" style=\"vertical-align: inherit;\"> \u2013 Mant\u00e9m a integridade quando armazenado corretamente.<\/span><\/span><\/p>\n<\/li>\n<li data-start=\"4928\" data-end=\"5015\">\n<p data-start=\"4930\" data-end=\"5015\"><strong data-start=\"4930\" data-end=\"4979\"><span dir=\"auto\" style=\"vertical-align: inherit;\"><span dir=\"auto\" style=\"vertical-align: inherit;\">Manufactured under Strict Quality Control<\/span><\/span><\/strong><span dir=\"auto\" style=\"vertical-align: inherit;\"><span dir=\"auto\" style=\"vertical-align: inherit;\"> \u2013 In certified laboratories.<\/span><\/span><\/p>\n<\/li>\n<li data-start=\"5016\" data-end=\"5105\">\n<p data-start=\"5018\" data-end=\"5105\"><strong data-start=\"5018\" data-end=\"5045\"><span dir=\"auto\" style=\"vertical-align: inherit;\"><span dir=\"auto\" style=\"vertical-align: inherit;\">Embalagem protetora<\/span><\/span><\/strong><span dir=\"auto\" style=\"vertical-align: inherit;\"><span dir=\"auto\" style=\"vertical-align: inherit;\"> \u2013 Airtight and lightfast for long-lasting quality.<\/span><\/span><\/p>\n<\/li>\n<li data-start=\"5106\" data-end=\"5205\">\n<p data-start=\"5108\" data-end=\"5205\"><strong data-start=\"5108\" data-end=\"5141\"><span dir=\"auto\" style=\"vertical-align: inherit;\"><span dir=\"auto\" style=\"vertical-align: inherit;\">Somente para uso em pesquisa<\/span><\/span><\/strong><span dir=\"auto\" style=\"vertical-align: inherit;\"><span dir=\"auto\" style=\"vertical-align: inherit;\"> \u2013 Designed for analytical and scientific purposes. <\/span><\/span><span dir=\"auto\" style=\"vertical-align: inherit;\"><span dir=\"auto\" style=\"vertical-align: inherit;\"><span dir=\"auto\" style=\"vertical-align: inherit;\">Flubromazepam<\/span><\/span><\/span><\/p>\n<\/li>\n<\/ul>\n<hr data-start=\"5207\" data-end=\"5210\" \/>\n<h3 data-start=\"5212\" data-end=\"5229\"><strong data-start=\"5216\" data-end=\"5229\"><span dir=\"auto\" style=\"vertical-align: inherit;\"><span dir=\"auto\" style=\"vertical-align: inherit;\">Vantagens<\/span><\/span><\/strong><\/h3>\n<ul data-start=\"5230\" data-end=\"5643\">\n<li data-start=\"5230\" data-end=\"5314\">\n<p data-start=\"5232\" data-end=\"5314\"><strong data-start=\"5232\" data-end=\"5268\"><span dir=\"auto\" style=\"vertical-align: inherit;\"><span dir=\"auto\" style=\"vertical-align: inherit;\">Resultados de pesquisa confi\u00e1veis<\/span><\/span><\/strong><span dir=\"auto\" style=\"vertical-align: inherit;\"><span dir=\"auto\" style=\"vertical-align: inherit;\"> \u2013 For reproducible and accurate data.<\/span><\/span><\/p>\n<\/li>\n<li data-start=\"5315\" data-end=\"5392\">\n<p data-start=\"5317\" data-end=\"5392\"><strong data-start=\"5317\" data-end=\"5338\"><span dir=\"auto\" style=\"vertical-align: inherit;\"><span dir=\"auto\" style=\"vertical-align: inherit;\">Long Stability<\/span><\/span><\/strong><span dir=\"auto\" style=\"vertical-align: inherit;\"><span dir=\"auto\" style=\"vertical-align: inherit;\"> \u2013 Chemically stable under proper storage conditions.<\/span><\/span><\/p>\n<\/li>\n<li data-start=\"5393\" data-end=\"5484\">\n<p data-start=\"5395\" data-end=\"5484\"><strong data-start=\"5395\" data-end=\"5419\"><span dir=\"auto\" style=\"vertical-align: inherit;\"><span dir=\"auto\" style=\"vertical-align: inherit;\">Produzido eticamente<\/span><\/span><\/strong><span dir=\"auto\" style=\"vertical-align: inherit;\"><span dir=\"auto\" style=\"vertical-align: inherit;\"> \u2013 Meets international safety and quality standards.<\/span><\/span><\/p>\n<\/li>\n<li data-start=\"5485\" data-end=\"5560\">\n<p data-start=\"5487\" data-end=\"5560\"><strong data-start=\"5487\" data-end=\"5510\"><span dir=\"auto\" style=\"vertical-align: inherit;\"><span dir=\"auto\" style=\"vertical-align: inherit;\">F\u00e1cil de usar<\/span><\/span><\/strong><span dir=\"auto\" style=\"vertical-align: inherit;\"><span dir=\"auto\" style=\"vertical-align: inherit;\"> \u2013 The pellet form reduces the risk of contamination.<\/span><\/span><\/p>\n<\/li>\n<li data-start=\"5561\" data-end=\"5643\">\n<p data-start=\"5563\" data-end=\"5643\"><strong data-start=\"5563\" data-end=\"5590\"><span dir=\"auto\" style=\"vertical-align: inherit;\"><span dir=\"auto\" style=\"vertical-align: inherit;\">Professional Quality<\/span><\/span><\/strong><span dir=\"auto\" style=\"vertical-align: inherit;\"><span dir=\"auto\" style=\"vertical-align: inherit;\"> \u2013 Meets analytical laboratory standards.<\/span><\/span><\/p>\n<\/li>\n<\/ul>\n<hr data-start=\"5645\" data-end=\"5648\" \/>\n<h3 data-start=\"5650\" data-end=\"5665\"><strong data-start=\"5654\" data-end=\"5665\"><span dir=\"auto\" style=\"vertical-align: inherit;\"><span dir=\"auto\" style=\"vertical-align: inherit;\">Uso<\/span><\/span><\/strong><\/h3>\n<ol data-start=\"5666\" data-end=\"6092\">\n<li data-start=\"5666\" data-end=\"5767\">\n<p data-start=\"5669\" data-end=\"5767\"><strong data-start=\"5669\" data-end=\"5704\"><span dir=\"auto\" style=\"vertical-align: inherit;\"><span dir=\"auto\" style=\"vertical-align: inherit;\">Para uso exclusivo em laborat\u00f3rio.<\/span><\/span><\/strong><span dir=\"auto\" style=\"vertical-align: inherit;\"><span dir=\"auto\" style=\"vertical-align: inherit;\"> \u2013 Use only within approved research facilities.<\/span><\/span><\/p>\n<\/li>\n<li data-start=\"5768\" data-end=\"5835\">\n<p data-start=\"5771\" data-end=\"5835\"><strong data-start=\"5771\" data-end=\"5781\"><span dir=\"auto\" style=\"vertical-align: inherit;\"><span dir=\"auto\" style=\"vertical-align: inherit;\">Armazenar<\/span><\/span><\/strong><span dir=\"auto\" style=\"vertical-align: inherit;\"><span dir=\"auto\" style=\"vertical-align: inherit;\"> \u2013 Armazene em um <\/span><\/span><strong data-start=\"5798\" data-end=\"5832\"><span dir=\"auto\" style=\"vertical-align: inherit;\"><span dir=\"auto\" style=\"vertical-align: inherit;\">lugar fresco, seco e escuro<\/span><\/span><\/strong><span dir=\"auto\" style=\"vertical-align: inherit;\"><span dir=\"auto\" style=\"vertical-align: inherit;\"> .<\/span><\/span><\/p>\n<\/li>\n<li data-start=\"5836\" data-end=\"5920\">\n<p data-start=\"5839\" data-end=\"5920\"><strong data-start=\"5839\" data-end=\"5856\"><span dir=\"auto\" style=\"vertical-align: inherit;\"><span dir=\"auto\" style=\"vertical-align: inherit;\">Trabalhe com seguran\u00e7a<\/span><\/span><\/strong><span dir=\"auto\" style=\"vertical-align: inherit;\"><span dir=\"auto\" style=\"vertical-align: inherit;\"> \u2013 Use luvas, \u00f3culos de prote\u00e7\u00e3o e jaleco.<\/span><\/span><\/p>\n<\/li>\n<li data-start=\"5921\" data-end=\"6002\">\n<p data-start=\"5924\" data-end=\"6002\"><strong data-start=\"5924\" data-end=\"5936\"><span dir=\"auto\" style=\"vertical-align: inherit;\"><span dir=\"auto\" style=\"vertical-align: inherit;\">Medidas<\/span><\/span><\/strong><span dir=\"auto\" style=\"vertical-align: inherit;\"><span dir=\"auto\" style=\"vertical-align: inherit;\"> \u2013 Utilize equipamentos calibrados para obter resultados precisos.<\/span><\/span><\/p>\n<\/li>\n<li data-start=\"6003\" data-end=\"6092\">\n<p data-start=\"6006\" data-end=\"6092\"><strong data-start=\"6006\" data-end=\"6033\"><span dir=\"auto\" style=\"vertical-align: inherit;\"><span dir=\"auto\" style=\"vertical-align: inherit;\">Aviso de seguran\u00e7a<\/span><\/span><\/strong><span dir=\"auto\" style=\"vertical-align: inherit;\"><span dir=\"auto\" style=\"vertical-align: inherit;\"> \u2013 N\u00e3o destinado ao consumo humano ou animal.<\/span><\/span><\/p>\n<\/li>\n<\/ol>\n<hr data-start=\"6094\" data-end=\"6097\" \/>\n<h3 data-start=\"6099\" data-end=\"6126\"><strong data-start=\"6103\" data-end=\"6126\"><span dir=\"auto\" style=\"vertical-align: inherit;\"><span dir=\"auto\" style=\"vertical-align: inherit;\">Perguntas frequentes<\/span><\/span><\/strong><\/h3>\n<p data-start=\"6128\" data-end=\"6312\"><strong data-start=\"6128\" data-end=\"6183\"><span dir=\"auto\" style=\"vertical-align: inherit;\"><span dir=\"auto\" style=\"vertical-align: inherit;\">1. What are 8 mg research pellets used for?<\/span><\/span><\/strong><br data-start=\"6183\" data-end=\"6186\" \/><span dir=\"auto\" style=\"vertical-align: inherit;\"><span dir=\"auto\" style=\"vertical-align: inherit;\"> Eles s\u00e3o usados para <\/span><\/span><strong data-start=\"6210\" data-end=\"6254\"><span dir=\"auto\" style=\"vertical-align: inherit;\"><span dir=\"auto\" style=\"vertical-align: inherit;\">pesquisa cient\u00edfica e anal\u00edtica<\/span><\/span><\/strong><span dir=\"auto\" style=\"vertical-align: inherit;\"><span dir=\"auto\" style=\"vertical-align: inherit;\"> , including calibration and chemical comparison tests.<\/span><\/span><\/p>\n<p data-start=\"6314\" data-end=\"6476\"><strong data-start=\"6314\" data-end=\"6381\"><span dir=\"auto\" style=\"vertical-align: inherit;\"><span dir=\"auto\" style=\"vertical-align: inherit;\">2. Esses gr\u00e2nulos podem ser usados fora de um laborat\u00f3rio?<\/span><\/span><\/strong><br data-start=\"6381\" data-end=\"6384\" \/><span dir=\"auto\" style=\"vertical-align: inherit;\"><span dir=\"auto\" style=\"vertical-align: inherit;\"> N\u00e3o. Estes produtos s\u00e3o <\/span><\/span><strong data-start=\"6409\" data-end=\"6473\"><span dir=\"auto\" style=\"vertical-align: inherit;\"><span dir=\"auto\" style=\"vertical-align: inherit;\">Destinado exclusivamente \u00e0 pesquisa laboratorial profissional.<\/span><\/span><\/strong><span dir=\"auto\" style=\"vertical-align: inherit;\"><span dir=\"auto\" style=\"vertical-align: inherit;\"> .<\/span><\/span><\/p>\n<p data-start=\"6478\" data-end=\"6624\"><strong data-start=\"6478\" data-end=\"6522\"><span dir=\"auto\" style=\"vertical-align: inherit;\"><span dir=\"auto\" style=\"vertical-align: inherit;\">3. Como os gr\u00e2nulos devem ser armazenados?<\/span><\/span><\/strong><br data-start=\"6522\" data-end=\"6525\" \/><span dir=\"auto\" style=\"vertical-align: inherit;\"><span dir=\"auto\" style=\"vertical-align: inherit;\"> Guarde-os em seus <\/span><\/span><strong data-start=\"6542\" data-end=\"6579\"><span dir=\"auto\" style=\"vertical-align: inherit;\"><span dir=\"auto\" style=\"vertical-align: inherit;\">embalagem original e herm\u00e9tica<\/span><\/span><\/strong><span dir=\"auto\" style=\"vertical-align: inherit;\"><span dir=\"auto\" style=\"vertical-align: inherit;\"> em um <\/span><\/span><strong data-start=\"6587\" data-end=\"6621\"><span dir=\"auto\" style=\"vertical-align: inherit;\"><span dir=\"auto\" style=\"vertical-align: inherit;\">lugar fresco, seco e escuro<\/span><\/span><\/strong><span dir=\"auto\" style=\"vertical-align: inherit;\"><span dir=\"auto\" style=\"vertical-align: inherit;\"> .<\/span><\/span><\/p>\n<hr data-start=\"6626\" data-end=\"6629\" \/>\n<h3 data-start=\"6631\" data-end=\"6649\"><strong data-start=\"6635\" data-end=\"6649\"><span dir=\"auto\" style=\"vertical-align: inherit;\"><span dir=\"auto\" style=\"vertical-align: inherit;\">Isen\u00e7\u00e3o de responsabilidade<\/span><\/span><\/strong><\/h3>\n<p data-start=\"6650\" data-end=\"6882\"><span dir=\"auto\" style=\"vertical-align: inherit;\"><span dir=\"auto\" style=\"vertical-align: inherit;\">Este produto \u00e9 <\/span><\/span><strong data-start=\"6665\" data-end=\"6714\"><span dir=\"auto\" style=\"vertical-align: inherit;\"><span dir=\"auto\" style=\"vertical-align: inherit;\">Destinado apenas a fins de pesquisa<\/span><\/span><\/strong><span dir=\"auto\" style=\"vertical-align: inherit;\"><span dir=\"auto\" style=\"vertical-align: inherit;\"> . <\/span><\/span><strong data-start=\"6716\" data-end=\"6774\"><span dir=\"auto\" style=\"vertical-align: inherit;\"><span dir=\"auto\" style=\"vertical-align: inherit;\">N\u00e3o adequado para consumo humano ou animal.<\/span><\/span><\/strong><br data-start=\"6774\" data-end=\"6777\" \/><span dir=\"auto\" style=\"vertical-align: inherit;\"><span dir=\"auto\" style=\"vertical-align: inherit;\"> Ao adquirir este produto, voc\u00ea confirma que cumpre todas as normas de seguran\u00e7a e legais aplic\u00e1veis.<\/span><\/span><\/p>\n<p class=\"ds-markdown-paragraph\"><span dir=\"auto\" style=\"vertical-align: inherit;\"><span dir=\"auto\" style=\"vertical-align: inherit;\"><span dir=\"auto\" style=\"vertical-align: inherit;\"><span dir=\"auto\" style=\"vertical-align: inherit;\">, <\/span><\/span><\/span><\/span><a href=\"https:\/\/researchchemicalhub.com\/pt\/comprar\/iboga-ibogaina\/comprar-cloridrato-de-ibogaina-online\/\"><span dir=\"auto\" style=\"vertical-align: inherit;\"><span dir=\"auto\" style=\"vertical-align: inherit;\"><span dir=\"auto\" style=\"vertical-align: inherit;\"><span dir=\"auto\" style=\"vertical-align: inherit;\">Comprar Iboga\u00edna HCL <\/span><\/span><\/span><\/span><\/a><a href=\"https:\/\/researchchemicalhub.com\/pt\/comprar\/iboga-ibogaina\/casca-da-raiz-de-iboga\/\"><span dir=\"auto\" style=\"vertical-align: inherit;\"><span dir=\"auto\" style=\"vertical-align: inherit;\"><span dir=\"auto\" style=\"vertical-align: inherit;\"><span dir=\"auto\" style=\"vertical-align: inherit;\">Casca de raiz de iboga <\/span><\/span><\/span><\/span><\/a><a href=\"https:\/\/researchchemicalhub.com\/pt\/comprar\/pelotas-2\/pellets-de-dsmt-50mg\/\"><span dir=\"auto\" style=\"vertical-align: inherit;\"><span dir=\"auto\" style=\"vertical-align: inherit;\"><span dir=\"auto\" style=\"vertical-align: inherit;\"><span dir=\"auto\" style=\"vertical-align: inherit;\">Pellets de O-DSMT 50 mg <\/span><\/span><\/span><\/span><\/a><a href=\"https:\/\/researchchemicalhub.com\/pt\/comprar\/lisergamidas\/1v-lsd-150-mcg-blotters\/\"><span dir=\"auto\" style=\"vertical-align: inherit;\"><span dir=\"auto\" style=\"vertical-align: inherit;\"><span dir=\"auto\" style=\"vertical-align: inherit;\"><span dir=\"auto\" style=\"vertical-align: inherit;\">1V-LSD 150 MCG Blotters <\/span><\/span><\/span><\/span><\/a><a href=\"https:\/\/researchchemicalhub.com\/pt\/comprar\/lisergamidas\/1cp-lsd-150-mcg-mata-borroes-artisticos\/\"><span dir=\"auto\" style=\"vertical-align: inherit;\"><span dir=\"auto\" style=\"vertical-align: inherit;\"><span dir=\"auto\" style=\"vertical-align: inherit;\"><span dir=\"auto\" style=\"vertical-align: inherit;\">1cP-LSD 150 MCG Art Blotters<\/span><\/span><\/span><\/span><\/a><\/p>","protected":false},"excerpt":{"rendered":"<h3><span data-sheets-value=\"{\" data-sheets-userformat=\"{\"><span dir=\"auto\" style=\"vertical-align: inherit;\"><span dir=\"auto\" style=\"vertical-align: inherit;\"><span dir=\"auto\" style=\"vertical-align: inherit;\"><span dir=\"auto\" style=\"vertical-align: inherit;\">Propriedades do flubromazepam<\/span><\/span><\/span><\/span><\/span><\/h3>\n<p><strong><span dir=\"auto\" style=\"vertical-align: inherit;\"><span dir=\"auto\" style=\"vertical-align: inherit;\"><span dir=\"auto\" style=\"vertical-align: inherit;\"><span dir=\"auto\" style=\"vertical-align: inherit;\">Sin\u00f4nimo:<\/span><\/span><\/span><\/span><\/strong><span dir=\"auto\" style=\"vertical-align: inherit;\"><span dir=\"auto\" style=\"vertical-align: inherit;\"><span dir=\"auto\" style=\"vertical-align: inherit;\"><span dir=\"auto\" style=\"vertical-align: inherit;\"> Flubromazepam <\/span><\/span><\/span><\/span><br \/>\n<strong><span dir=\"auto\" style=\"vertical-align: inherit;\"><span dir=\"auto\" style=\"vertical-align: inherit;\"><span dir=\"auto\" style=\"vertical-align: inherit;\"><span dir=\"auto\" style=\"vertical-align: inherit;\">N\u00famero CAS:<\/span><\/span><\/span><\/span><\/strong><span dir=\"auto\" style=\"vertical-align: inherit;\"><span dir=\"auto\" style=\"vertical-align: inherit;\"><span dir=\"auto\" style=\"vertical-align: inherit;\"><span dir=\"auto\" style=\"vertical-align: inherit;\"> 2647-50-9 <\/span><\/span><\/span><\/span><br \/>\n<strong><span dir=\"auto\" style=\"vertical-align: inherit;\"><span dir=\"auto\" style=\"vertical-align: inherit;\"><span dir=\"auto\" style=\"vertical-align: inherit;\"><span dir=\"auto\" style=\"vertical-align: inherit;\">F\u00f3rmula:<\/span><\/span><\/span><\/span><\/strong><span dir=\"auto\" style=\"vertical-align: inherit;\"><span dir=\"auto\" style=\"vertical-align: inherit;\"><span dir=\"auto\" style=\"vertical-align: inherit;\"><span dir=\"auto\" style=\"vertical-align: inherit;\"> 7-bromo-5-(2-fluorofenil)-1,3-di-hidro-2H-1,4-benzodiazepin-2-ona <\/span><\/span><\/span><\/span><br \/>\n<strong><span dir=\"auto\" style=\"vertical-align: inherit;\"><span dir=\"auto\" style=\"vertical-align: inherit;\"><span dir=\"auto\" style=\"vertical-align: inherit;\"><span dir=\"auto\" style=\"vertical-align: inherit;\">Massa molar:<\/span><\/span><\/span><\/span><\/strong><span dir=\"auto\" style=\"vertical-align: inherit;\"><span dir=\"auto\" style=\"vertical-align: inherit;\"><span dir=\"auto\" style=\"vertical-align: inherit;\"><span dir=\"auto\" style=\"vertical-align: inherit;\"> 333,2 g\/mol <\/span><\/span><\/span><\/span><br \/>\n<strong><span dir=\"auto\" style=\"vertical-align: inherit;\"><span dir=\"auto\" style=\"vertical-align: inherit;\"><span dir=\"auto\" style=\"vertical-align: inherit;\"><span dir=\"auto\" style=\"vertical-align: inherit;\">Pureza:<\/span><\/span><\/span><\/span><\/strong><span dir=\"auto\" style=\"vertical-align: inherit;\"><span dir=\"auto\" style=\"vertical-align: inherit;\"><span dir=\"auto\" style=\"vertical-align: inherit;\"><span dir=\"auto\" style=\"vertical-align: inherit;\"> &gt;98%<\/span><\/span><\/span><\/span><\/p>","protected":false},"featured_media":28524,"comment_status":"closed","ping_status":"closed","template":"","meta":[],"product_brand":[82],"product_cat":[76,386,392,324],"product_tag":[138,139,140,142,141,143,326],"class_list":{"0":"post-24819","1":"product","2":"type-product","3":"status-publish","4":"has-post-thumbnail","6":"product_brand-research-chemical","7":"product_cat-benzodiazepinen","8":"product_cat-flubromazepam","9":"product_cat-flubromazepam-pellets","10":"product_cat-pellets-for-pellet","11":"product_tag-flubromazepam","12":"product_tag-flubromazepam-effects","13":"product_tag-flubromazepam-ervaring","14":"product_tag-flubromazepam-halfwaardetijd","15":"product_tag-flubromazepam-werking","16":"product_tag-how-to-test-flubromazepam-pellets","17":"product_tag-nl","19":"first","20":"instock","21":"taxable","22":"shipping-taxable","23":"purchasable","24":"product-type-variable"},"_links":{"self":[{"href":"https:\/\/researchchemicalhub.com\/pt\/wp-json\/wp\/v2\/product\/24819","targetHints":{"allow":["GET"]}}],"collection":[{"href":"https:\/\/researchchemicalhub.com\/pt\/wp-json\/wp\/v2\/product"}],"about":[{"href":"https:\/\/researchchemicalhub.com\/pt\/wp-json\/wp\/v2\/types\/product"}],"replies":[{"embeddable":true,"href":"https:\/\/researchchemicalhub.com\/pt\/wp-json\/wp\/v2\/comments?post=24819"}],"version-history":[{"count":6,"href":"https:\/\/researchchemicalhub.com\/pt\/wp-json\/wp\/v2\/product\/24819\/revisions"}],"predecessor-version":[{"id":28642,"href":"https:\/\/researchchemicalhub.com\/pt\/wp-json\/wp\/v2\/product\/24819\/revisions\/28642"}],"wp:featuredmedia":[{"embeddable":true,"href":"https:\/\/researchchemicalhub.com\/pt\/wp-json\/wp\/v2\/media\/28524"}],"wp:attachment":[{"href":"https:\/\/researchchemicalhub.com\/pt\/wp-json\/wp\/v2\/media?parent=24819"}],"wp:term":[{"taxonomy":"product_brand","embeddable":true,"href":"https:\/\/researchchemicalhub.com\/pt\/wp-json\/wp\/v2\/product_brand?post=24819"},{"taxonomy":"product_cat","embeddable":true,"href":"https:\/\/researchchemicalhub.com\/pt\/wp-json\/wp\/v2\/product_cat?post=24819"},{"taxonomy":"product_tag","embeddable":true,"href":"https:\/\/researchchemicalhub.com\/pt\/wp-json\/wp\/v2\/product_tag?post=24819"}],"curies":[{"name":"wp","href":"https:\/\/api.w.org\/{rel}","templated":true}]}}