{"id":24521,"date":"2025-10-20T17:41:54","date_gmt":"2025-10-20T17:41:54","guid":{"rendered":"https:\/\/researchchemicalhub.com\/?post_type=product&#038;p=24521"},"modified":"2025-10-21T16:00:52","modified_gmt":"2025-10-21T16:00:52","slug":"chem-mist-spray","status":"publish","type":"product","link":"https:\/\/researchchemicalhub.com\/pt\/shop\/b2b\/chem-mist-spray\/","title":{"rendered":"Spray Chem-mist NOOPEPT"},"content":{"rendered":"<h3 data-start=\"3872\" data-end=\"3893\"><strong data-start=\"3876\" data-end=\"3891\">Introdu\u00e7\u00e3o<\/strong><\/h3>\n<p data-start=\"3894\" data-end=\"4254\">Aumente seu foco, clareza e produtividade com <strong data-start=\"3952\" data-end=\"3979\">Spray Chem-Mist NOOPEPT<\/strong> \u2014 uma alta qualidade <strong data-start=\"3999\" data-end=\"4023\">f\u00f3rmula nootr\u00f3pica<\/strong> com r\u00e1pida absor\u00e7\u00e3o.<br data-start=\"4042\" data-end=\"4045\" \/>Cada spray cont\u00e9m uma dose medida com precis\u00e3o <strong data-start=\"4093\" data-end=\"4149\">Noopept (\u00e9ster et\u00edlico de N-fenilacetil-L-prolilglicina)<\/strong>, um estimulante cognitivo de a\u00e7\u00e3o r\u00e1pida que ajuda com <strong data-start=\"4203\" data-end=\"4251\">mem\u00f3ria, capacidade de aprendizagem e desempenho mental<\/strong>. spray de n\u00e9voa qu\u00edmica<\/p>\n<p data-start=\"4256\" data-end=\"4542\">Ao contr\u00e1rio das c\u00e1psulas, <strong data-start=\"4292\" data-end=\"4319\">Spray Chem-Mist NOOPEPT<\/strong> para <strong data-start=\"4325\" data-end=\"4354\">absor\u00e7\u00e3o sublingual r\u00e1pida<\/strong>, resultando em um efeito melhor e mais r\u00e1pido. Perfeito para pesquisadores, estudantes, profissionais ou qualquer pessoa interessada em <strong data-start=\"4492\" data-end=\"4539\">otimiza\u00e7\u00e3o cognitiva e neuropesquisa<\/strong>.<\/p>\n<blockquote data-start=\"4544\" data-end=\"4720\">\n<p data-start=\"4546\" data-end=\"4720\">\u26a0\ufe0f <strong data-start=\"4549\" data-end=\"4560\">OBS:<\/strong> Este produto destina-se apenas a utiliza\u00e7\u00e3o <strong data-start=\"4601\" data-end=\"4637\">pesquisa e uso nootr\u00f3pico<\/strong> onde permitido.<br data-start=\"4654\" data-end=\"4657\" \/>N\u00e3o se destina a diagnosticar ou tratar qualquer doen\u00e7a.<\/p>\n<\/blockquote>\n<hr data-start=\"4722\" data-end=\"4725\" \/>\n<h3 data-start=\"4727\" data-end=\"4758\"><strong data-start=\"4731\" data-end=\"4758\">Principais caracter\u00edsticas<\/strong><\/h3>\n<div class=\"_tableContainer_1rjym_1\">\n<div class=\"group _tableWrapper_1rjym_13 flex w-fit flex-col-reverse\" tabindex=\"-1\">\n<table class=\"w-fit min-w-(--thread-content-width)\" data-start=\"4760\" data-end=\"5198\">\n<thead data-start=\"4760\" data-end=\"4786\">\n<tr data-start=\"4760\" data-end=\"4786\">\n<th data-start=\"4760\" data-end=\"4770\" data-col-size=\"sm\">Recurso<\/th>\n<th data-start=\"4770\" data-end=\"4786\" data-col-size=\"md\">Descri\u00e7\u00e3o<\/th>\n<\/tr>\n<\/thead>\n<tbody data-start=\"4815\" data-end=\"5198\">\n<tr data-start=\"4815\" data-end=\"4890\">\n<td data-start=\"4815\" data-end=\"4834\" data-col-size=\"sm\"><strong data-start=\"4817\" data-end=\"4833\">Subst\u00e2ncia ativa<\/strong><\/td>\n<td data-start=\"4834\" data-end=\"4890\" data-col-size=\"md\">Noopept (\u00e9ster et\u00edlico de N-fenilacetil-L-prolilglicina)<\/td>\n<\/tr>\n<tr data-start=\"4891\" data-end=\"4945\">\n<td data-start=\"4891\" data-end=\"4902\" data-col-size=\"sm\"><strong data-start=\"4893\" data-end=\"4901\">Forma<\/strong><\/td>\n<td data-start=\"4902\" data-end=\"4945\" data-col-size=\"md\">Spray sublingual (solu\u00e7\u00e3o l\u00edquida)<\/td>\n<\/tr>\n<tr data-start=\"4946\" data-end=\"5013\">\n<td data-start=\"4946\" data-end=\"4965\" data-col-size=\"sm\"><strong data-start=\"4948\" data-end=\"4964\">Concentra\u00e7\u00e3o<\/strong><\/td>\n<td data-start=\"4965\" data-end=\"5013\" data-col-size=\"md\">Dosado precisamente para uso consistente<\/td>\n<\/tr>\n<tr data-start=\"5014\" data-end=\"5071\">\n<td data-start=\"5014\" data-end=\"5027\" data-col-size=\"sm\"><strong data-start=\"5016\" data-end=\"5026\">Ingest\u00e3o<\/strong><\/td>\n<td data-start=\"5027\" data-end=\"5071\" data-col-size=\"md\">Absor\u00e7\u00e3o r\u00e1pida via administra\u00e7\u00e3o sublingual<\/td>\n<\/tr>\n<tr data-start=\"5072\" data-end=\"5136\">\n<td data-start=\"5072\" data-end=\"5086\" data-col-size=\"sm\"><strong data-start=\"5074\" data-end=\"5085\">Uso<\/strong><\/td>\n<td data-start=\"5086\" data-end=\"5136\" data-col-size=\"md\">Somente para fins educacionais e de pesquisa<\/td>\n<\/tr>\n<tr data-start=\"5137\" data-end=\"5198\">\n<td data-start=\"5137\" data-end=\"5154\" data-col-size=\"sm\"><strong data-start=\"5139\" data-end=\"5153\">Embalagem<\/strong><\/td>\n<td data-start=\"5154\" data-end=\"5198\" data-col-size=\"md\">Frasco spray pr\u00e1tico com mecanismo de dosagem<\/td>\n<\/tr>\n<\/tbody>\n<\/table>\n<\/div>\n<\/div>\n<hr data-start=\"5200\" data-end=\"5203\" \/>\n<h3 data-start=\"5205\" data-end=\"5222\"><strong data-start=\"5209\" data-end=\"5222\">Vantagens<\/strong><\/h3>\n<ul data-start=\"5224\" data-end=\"5744\">\n<li data-start=\"5224\" data-end=\"5330\">\n<p data-start=\"5226\" data-end=\"5330\"><strong data-start=\"5226\" data-end=\"5261\">Suporte Cognitivo R\u00e1pido<\/strong> \u2013 A absor\u00e7\u00e3o sublingual proporciona um efeito mais r\u00e1pido do que as c\u00e1psulas.<\/p>\n<\/li>\n<li data-start=\"5331\" data-end=\"5448\">\n<p data-start=\"5333\" data-end=\"5448\"><strong data-start=\"5333\" data-end=\"5363\">Melhor mem\u00f3ria e aprendizagem<\/strong> \u2013 Pesquisas mostram que o Noopept pode auxiliar na mem\u00f3ria e na fun\u00e7\u00e3o de aprendizagem.<\/p>\n<\/li>\n<li data-start=\"5449\" data-end=\"5543\">\n<p data-start=\"5451\" data-end=\"5543\"><strong data-start=\"5451\" data-end=\"5488\">Melhor foco e clareza mental<\/strong> \u2013 Promove concentra\u00e7\u00e3o, energia e produtividade.<\/p>\n<\/li>\n<li data-start=\"5544\" data-end=\"5648\">\n<p data-start=\"5546\" data-end=\"5648\"><strong data-start=\"5546\" data-end=\"5580\">Propriedades neuroprotetoras<\/strong> \u2013 Pode contribuir para a prote\u00e7\u00e3o dos neur\u00f4nios e da fun\u00e7\u00e3o cerebral.<\/p>\n<\/li>\n<li data-start=\"5649\" data-end=\"5744\">\n<p data-start=\"5651\" data-end=\"5744\"><strong data-start=\"5651\" data-end=\"5675\">Dosagem precisa<\/strong> \u2013 Cada spray cont\u00e9m uma quantidade exata para uso consistente.<\/p>\n<\/li>\n<\/ul>\n<hr data-start=\"5746\" data-end=\"5749\" \/>\n<h3 data-start=\"5751\" data-end=\"5766\"><strong data-start=\"5755\" data-end=\"5766\">Uso<\/strong><\/h3>\n<blockquote data-start=\"5768\" data-end=\"5950\">\n<p data-start=\"5770\" data-end=\"5885\"><strong data-start=\"5770\" data-end=\"5816\">Uso recomendado (fins de pesquisa):<\/strong><br data-start=\"5816\" data-end=\"5819\" \/>Borrife sob a l\u00edngua para r\u00e1pida absor\u00e7\u00e3o pela mucosa oral.<\/p>\n<p data-start=\"5892\" data-end=\"5950\">\u26a0\ufe0fUse sempre de acordo com as leis locais.<\/p>\n<\/blockquote>\n<ol data-start=\"5952\" data-end=\"6175\">\n<li data-start=\"5952\" data-end=\"5983\">\n<p data-start=\"5955\" data-end=\"5983\">Agite o frasco suavemente.<\/p>\n<\/li>\n<li data-start=\"5984\" data-end=\"6022\">\n<p data-start=\"5987\" data-end=\"6022\">Pulverizar <strong data-start=\"5993\" data-end=\"6005\">1\u20132 vezes<\/strong> debaixo da l\u00edngua.<\/p>\n<\/li>\n<li data-start=\"6023\" data-end=\"6073\">\n<p data-start=\"6026\" data-end=\"6073\">Guarda <strong data-start=\"6032\" data-end=\"6050\">10\u201320 segundos<\/strong> e depois engula.<\/p>\n<\/li>\n<li data-start=\"6074\" data-end=\"6130\">\n<p data-start=\"6077\" data-end=\"6130\">Use o m\u00e1ximo <strong data-start=\"6094\" data-end=\"6112\">duas vezes por dia<\/strong> se desejar.<\/p>\n<\/li>\n<li data-start=\"6131\" data-end=\"6175\">\n<p data-start=\"6134\" data-end=\"6175\">Conservar em local fresco, seco e escuro (15\u201325\u00b0C).<\/p>\n<\/li>\n<\/ol>\n<hr data-start=\"6177\" data-end=\"6180\" \/>\n<h3 data-start=\"6182\" data-end=\"6217\"><strong data-start=\"6186\" data-end=\"6215\">Perguntas Frequentes (FAQ)<\/strong><\/h3>\n<p data-start=\"6219\" data-end=\"6416\"><strong data-start=\"6219\" data-end=\"6257\">1. O que \u00e9 o spray Chem-Mist NOOPEPT?<\/strong><br data-start=\"6257\" data-end=\"6260\" \/><strong data-start=\"6260\" data-end=\"6287\">Spray Chem-Mist NOOPEPT<\/strong> \u00e9 um <strong data-start=\"6295\" data-end=\"6317\">spray nootr\u00f3pico<\/strong> que combina absor\u00e7\u00e3o r\u00e1pida e dosagem precisa para pesquisa e suporte cognitivo.<\/p>\n<p data-start=\"6418\" data-end=\"6597\"><strong data-start=\"6418\" data-end=\"6443\">2. Como o Noopept funciona?<\/strong><br data-start=\"6443\" data-end=\"6446\" \/>Noopept \u00e9 um <strong data-start=\"6461\" data-end=\"6490\">nootr\u00f3pico derivado de pept\u00eddeo<\/strong> que apoia a fun\u00e7\u00e3o cerebral por <strong data-start=\"6529\" data-end=\"6594\">melhor comunica\u00e7\u00e3o neuronal e prote\u00e7\u00e3o das c\u00e9lulas cerebrais<\/strong>.<\/p>\n<p data-start=\"6599\" data-end=\"6853\"><strong data-start=\"6599\" data-end=\"6652\">3. \u00c9 legal comprar o spray Chem-Mist NOOPEPT?<\/strong><br data-start=\"6652\" data-end=\"6655\" \/>O <strong data-start=\"6658\" data-end=\"6684\">legalidade do Noopept<\/strong> Varia de acordo com o pa\u00eds. Em muitas regi\u00f5es, \u00e9 permitido para uso em pesquisas ou suplementos, mas em alguns pa\u00edses \u00e9 regulamentado. Sempre verifique as regulamenta\u00e7\u00f5es locais.<\/p>","protected":false},"excerpt":{"rendered":"<h2><strong>Spray Chem-mist NOOPEPT 1,5 mg<\/strong><\/h2>\n<ul>\n<li><strong>Embalagem de varejo<br \/>\n<\/strong><\/li>\n<li><strong>Quantidade de mg NOOPEPT por pulveriza\u00e7\u00e3o: 1,5<\/strong><\/li>\n<li><strong>Os pre\u00e7os n\u00e3o incluem IVA 21%<\/strong><\/li>\n<li><strong>Pre\u00e7o de varejo recomendado: \u20ac 24,95 incl. CUBA<\/strong><\/li>\n<\/ul>","protected":false},"featured_media":21299,"comment_status":"closed","ping_status":"closed","template":"","meta":[],"product_brand":[82],"product_cat":[555],"product_tag":[812,810,811,326,813,814,815],"class_list":{"0":"post-24521","1":"product","2":"type-product","3":"status-publish","4":"has-post-thumbnail","6":"product_brand-research-chemical","7":"product_cat-b2b","8":"product_tag-buy-noopept-spray","9":"product_tag-chem-mist-spray","10":"product_tag-chem-mist","11":"product_tag-nl","12":"product_tag-noopept-nasal-spray","13":"product_tag-noopept-nasal-spray-diy","14":"product_tag-noopept-nasal-spray-dosage","16":"first","17":"instock","18":"taxable","19":"shipping-taxable","20":"purchasable","21":"product-type-variable"},"_links":{"self":[{"href":"https:\/\/researchchemicalhub.com\/pt\/wp-json\/wp\/v2\/product\/24521","targetHints":{"allow":["GET"]}}],"collection":[{"href":"https:\/\/researchchemicalhub.com\/pt\/wp-json\/wp\/v2\/product"}],"about":[{"href":"https:\/\/researchchemicalhub.com\/pt\/wp-json\/wp\/v2\/types\/product"}],"replies":[{"embeddable":true,"href":"https:\/\/researchchemicalhub.com\/pt\/wp-json\/wp\/v2\/comments?post=24521"}],"version-history":[{"count":5,"href":"https:\/\/researchchemicalhub.com\/pt\/wp-json\/wp\/v2\/product\/24521\/revisions"}],"predecessor-version":[{"id":27772,"href":"https:\/\/researchchemicalhub.com\/pt\/wp-json\/wp\/v2\/product\/24521\/revisions\/27772"}],"wp:featuredmedia":[{"embeddable":true,"href":"https:\/\/researchchemicalhub.com\/pt\/wp-json\/wp\/v2\/media\/21299"}],"wp:attachment":[{"href":"https:\/\/researchchemicalhub.com\/pt\/wp-json\/wp\/v2\/media?parent=24521"}],"wp:term":[{"taxonomy":"product_brand","embeddable":true,"href":"https:\/\/researchchemicalhub.com\/pt\/wp-json\/wp\/v2\/product_brand?post=24521"},{"taxonomy":"product_cat","embeddable":true,"href":"https:\/\/researchchemicalhub.com\/pt\/wp-json\/wp\/v2\/product_cat?post=24521"},{"taxonomy":"product_tag","embeddable":true,"href":"https:\/\/researchchemicalhub.com\/pt\/wp-json\/wp\/v2\/product_tag?post=24521"}],"curies":[{"name":"wp","href":"https:\/\/api.w.org\/{rel}","templated":true}]}}