{"id":24509,"date":"2025-10-20T17:41:53","date_gmt":"2025-10-20T17:41:53","guid":{"rendered":"https:\/\/researchchemicalhub.com\/?post_type=product&#038;p=24509"},"modified":"2025-10-29T08:12:55","modified_gmt":"2025-10-29T08:12:55","slug":"3fpm-50mg-zakje-3-pellets","status":"publish","type":"product","link":"https:\/\/researchchemicalhub.com\/pt\/shop\/b2b\/3fpm-50mg-zakje-3-pellets\/","title":{"rendered":"Saco de 3-FPM 50mg com 3 pellets"},"content":{"rendered":"<h3 data-start=\"4263\" data-end=\"4284\"><strong data-start=\"4267\" data-end=\"4282\">Introdu\u00e7\u00e3o<\/strong><\/h3>\n<p data-start=\"4285\" data-end=\"4709\"><strong data-start=\"4285\" data-end=\"4318\">Sach\u00ea 3-FPM 50 mg (3 pastilhas)<\/strong> cont\u00e9m <strong data-start=\"4325\" data-end=\"4373\">tr\u00eas pellets de 50 mg dosados com precis\u00e3o<\/strong> <strong data-start=\"4374\" data-end=\"4407\">3-Fluorofenmetrazina (3-FPM)<\/strong> - Um <strong data-start=\"4414\" data-end=\"4441\">composto sint\u00e9tico<\/strong> do <strong data-start=\"4449\" data-end=\"4484\">classe de morfolina substitu\u00edda<\/strong>. 15h<br data-start=\"4485\" data-end=\"4488\" \/>Estruturalmente relacionado a <strong data-start=\"4512\" data-end=\"4528\">fenmetrazina<\/strong>, 3-FPM \u00e9 usado em <strong data-start=\"4554\" data-end=\"4607\">pesquisa forense, anal\u00edtica e neuroqu\u00edmica<\/strong>, especialmente para estudos sobre <strong data-start=\"4634\" data-end=\"4660\">transportadores de monoamina<\/strong> e <strong data-start=\"4664\" data-end=\"4706\">rela\u00e7\u00f5es estrutura-atividade (SAR)<\/strong>.<\/p>\n<p data-start=\"4711\" data-end=\"4990\">Os pellets s\u00e3o produzidos sob <strong data-start=\"4748\" data-end=\"4786\">condi\u00e7\u00f5es rigorosas de laborat\u00f3rio<\/strong> imediatamente <strong data-start=\"4795\" data-end=\"4819\">pureza de \u2265 98%<\/strong> para resultados de pesquisa confi\u00e1veis e reproduz\u00edveis.<br data-start=\"4875\" data-end=\"4878\" \/>Cada saco cont\u00e9m <strong data-start=\"4894\" data-end=\"4926\">tr\u00eas pellets (total 150 mg)<\/strong> em um <strong data-start=\"4934\" data-end=\"4987\">embalagem resel\u00e1vel, livre de umidade e est\u00e1tica<\/strong>.<\/p>\n<blockquote data-start=\"4992\" data-end=\"5141\">\n<p data-start=\"4994\" data-end=\"5141\">\u26a0\ufe0f <strong data-start=\"4997\" data-end=\"5008\">OBS:<\/strong> 3-FPM \u00e9 destinado exclusivamente para <strong data-start=\"5043\" data-end=\"5078\">pesquisa e uso anal\u00edtico<\/strong> \u2014 <strong data-start=\"5081\" data-end=\"5138\">n\u00e3o \u00e9 adequado para consumo humano ou animal<\/strong>.<\/p>\n<\/blockquote>\n<hr data-start=\"5143\" data-end=\"5146\" \/>\n<h3 data-start=\"5148\" data-end=\"5179\"><strong data-start=\"5152\" data-end=\"5179\">Principais caracter\u00edsticas<\/strong><\/h3>\n<div class=\"_tableContainer_1rjym_1\">\n<div class=\"group _tableWrapper_1rjym_13 flex w-fit flex-col-reverse\" tabindex=\"-1\">\n<table class=\"w-fit min-w-(--thread-content-width)\" data-start=\"5181\" data-end=\"5706\">\n<thead data-start=\"5181\" data-end=\"5207\">\n<tr data-start=\"5181\" data-end=\"5207\">\n<th data-start=\"5181\" data-end=\"5191\" data-col-size=\"sm\">Recurso<\/th>\n<th data-start=\"5191\" data-end=\"5207\" data-col-size=\"md\">Descri\u00e7\u00e3o<\/th>\n<\/tr>\n<\/thead>\n<tbody data-start=\"5236\" data-end=\"5706\">\n<tr data-start=\"5236\" data-end=\"5281\">\n<td data-start=\"5236\" data-end=\"5257\" data-col-size=\"sm\"><strong data-start=\"5238\" data-end=\"5256\">Nome qu\u00edmico<\/strong><\/td>\n<td data-start=\"5257\" data-end=\"5281\" data-col-size=\"md\">3-Fluorofenmetrazina<\/td>\n<\/tr>\n<tr data-start=\"5282\" data-end=\"5316\">\n<td data-start=\"5282\" data-end=\"5307\" data-col-size=\"sm\"><strong data-start=\"5284\" data-end=\"5306\">Nome comum<\/strong><\/td>\n<td data-start=\"5307\" data-end=\"5316\" data-col-size=\"md\">3-FPM<\/td>\n<\/tr>\n<tr data-start=\"5317\" data-end=\"5390\">\n<td data-start=\"5317\" data-end=\"5332\" data-col-size=\"sm\"><strong data-start=\"5319\" data-end=\"5331\">Dosagem<\/strong><\/td>\n<td data-start=\"5332\" data-end=\"5390\" data-col-size=\"md\">50 mg por pellet \u2013 total de 150 mg (3 pellets por saco)<\/td>\n<\/tr>\n<tr data-start=\"5391\" data-end=\"5444\">\n<td data-start=\"5391\" data-end=\"5402\" data-col-size=\"sm\"><strong data-start=\"5393\" data-end=\"5401\">Forma<\/strong><\/td>\n<td data-start=\"5402\" data-end=\"5444\" data-col-size=\"md\">Pellets s\u00f3lidos para uso laboratorial<\/td>\n<\/tr>\n<tr data-start=\"5445\" data-end=\"5497\">\n<td data-start=\"5445\" data-end=\"5462\" data-col-size=\"sm\"><strong data-start=\"5447\" data-end=\"5461\">Pureza<\/strong><\/td>\n<td data-start=\"5462\" data-end=\"5497\" data-col-size=\"md\">\u2265 98% (testado via GC\/MS e RMN)<\/td>\n<\/tr>\n<tr data-start=\"5498\" data-end=\"5573\">\n<td data-start=\"5498\" data-end=\"5521\" data-col-size=\"sm\"><strong data-start=\"5500\" data-end=\"5520\">Classe Qu\u00edmica<\/strong><\/td>\n<td data-start=\"5521\" data-end=\"5573\" data-col-size=\"md\">An\u00e1logo de morfolina\/fenmetrazina substitu\u00eddo<\/td>\n<\/tr>\n<tr data-start=\"5574\" data-end=\"5653\">\n<td data-start=\"5574\" data-end=\"5588\" data-col-size=\"sm\"><strong data-start=\"5576\" data-end=\"5587\">Uso<\/strong><\/td>\n<td data-start=\"5588\" data-end=\"5653\" data-col-size=\"md\">Somente para pesquisa anal\u00edtica, forense e neuroqu\u00edmica<\/td>\n<\/tr>\n<tr data-start=\"5654\" data-end=\"5706\">\n<td data-start=\"5654\" data-end=\"5671\" data-col-size=\"sm\"><strong data-start=\"5656\" data-end=\"5670\">Embalagem<\/strong><\/td>\n<td data-start=\"5671\" data-end=\"5706\" data-col-size=\"md\">Saco antiest\u00e1tico ressel\u00e1vel<\/td>\n<\/tr>\n<\/tbody>\n<\/table>\n<\/div>\n<\/div>\n<hr data-start=\"5708\" data-end=\"5711\" \/>\n<h3 data-start=\"5713\" data-end=\"5730\"><strong data-start=\"5717\" data-end=\"5730\">Vantagens<\/strong><\/h3>\n<ul data-start=\"5732\" data-end=\"6210\">\n<li data-start=\"5732\" data-end=\"5837\">\n<p data-start=\"5734\" data-end=\"5837\"><strong data-start=\"5734\" data-end=\"5758\">Dosagem precisa<\/strong> \u2013 Cada pellet cont\u00e9m exatamente 50 mg de 3-FPM para resultados de pesquisa consistentes.<\/p>\n<\/li>\n<li data-start=\"5838\" data-end=\"5939\">\n<p data-start=\"5840\" data-end=\"5939\"><strong data-start=\"5840\" data-end=\"5859\">Alta Pureza<\/strong> \u2013 \u2265 98% qualidade de laborat\u00f3rio, confirmada por cromatografia e espectroscopia.<\/p>\n<\/li>\n<li data-start=\"5940\" data-end=\"6025\">\n<p data-start=\"5942\" data-end=\"6025\"><strong data-start=\"5942\" data-end=\"5959\">Forma Est\u00e1vel<\/strong> \u2013 Os pellets s\u00f3lidos permanecem est\u00e1veis por muito tempo quando armazenados corretamente.<\/p>\n<\/li>\n<li data-start=\"6026\" data-end=\"6109\">\n<p data-start=\"6028\" data-end=\"6109\"><strong data-start=\"6028\" data-end=\"6058\">Amplamente aplic\u00e1vel em pesquisa<\/strong> \u2013 Adequado para GC\/MS, LC-MS, HPLC, FTIR e RMN.<\/p>\n<\/li>\n<li data-start=\"6110\" data-end=\"6210\">\n<p data-start=\"6112\" data-end=\"6210\"><strong data-start=\"6112\" data-end=\"6137\">Qualidade Rastre\u00e1vel<\/strong> \u2013 Informa\u00e7\u00f5es sobre lotes e Certificado de An\u00e1lise (COA) dispon\u00edveis mediante solicita\u00e7\u00e3o. 15h<\/p>\n<\/li>\n<\/ul>\n<hr data-start=\"6212\" data-end=\"6215\" \/>\n<h3 data-start=\"6217\" data-end=\"6269\"><strong data-start=\"6221\" data-end=\"6267\">Uso (somente para fins de pesquisa)<\/strong><\/h3>\n<ol data-start=\"6271\" data-end=\"6688\">\n<li data-start=\"6271\" data-end=\"6382\">\n<p data-start=\"6274\" data-end=\"6382\"><strong data-start=\"6274\" data-end=\"6289\">Manuseio:<\/strong> Use luvas, \u00f3culos de seguran\u00e7a e jaleco; trabalhe em condi\u00e7\u00f5es controladas.<\/p>\n<\/li>\n<li data-start=\"6383\" data-end=\"6466\">\n<p data-start=\"6386\" data-end=\"6466\"><strong data-start=\"6386\" data-end=\"6399\">Medidas:<\/strong> Cada pellet cont\u00e9m 50 mg; n\u00e3o ajuste fora do laborat\u00f3rio.<\/p>\n<\/li>\n<li data-start=\"6467\" data-end=\"6546\">\n<p data-start=\"6470\" data-end=\"6546\"><strong data-start=\"6470\" data-end=\"6481\">Armazenar:<\/strong> Conservar em local fresco (2\u20138 \u00b0C), seco e escuro, na embalagem original.<\/p>\n<\/li>\n<li data-start=\"6547\" data-end=\"6611\">\n<p data-start=\"6550\" data-end=\"6611\"><strong data-start=\"6550\" data-end=\"6562\">An\u00e1lise:<\/strong> Adequado para GC\/MS, HPLC, FTIR, LC-MS e RMN.<\/p>\n<\/li>\n<li data-start=\"6612\" data-end=\"6688\">\n<p data-start=\"6615\" data-end=\"6688\"><strong data-start=\"6615\" data-end=\"6632\">Documenta\u00e7\u00e3o:<\/strong> Registre o n\u00famero do lote, a pureza e os resultados dos testes.<\/p>\n<\/li>\n<\/ol>\n<hr data-start=\"6690\" data-end=\"6693\" \/>\n<h3 data-start=\"6695\" data-end=\"6730\"><strong data-start=\"6699\" data-end=\"6728\">Perguntas Frequentes (FAQ)<\/strong><\/h3>\n<p data-start=\"6732\" data-end=\"6914\"><strong data-start=\"6732\" data-end=\"6752\">1. O que \u00e9 3-FPM?<\/strong><br data-start=\"6752\" data-end=\"6755\" \/><strong data-start=\"6755\" data-end=\"6787\">3-FPM (3-Fluorofenmetrazina)<\/strong> \u00e9 um <strong data-start=\"6795\" data-end=\"6825\">subst\u00e2ncia sint\u00e9tica de pesquisa<\/strong> da fam\u00edlia das morfolinas, usada para pesquisas anal\u00edticas e neuroqu\u00edmicas.<\/p>\n<p data-start=\"6916\" data-end=\"7074\"><strong data-start=\"6916\" data-end=\"6971\">2. O que cont\u00e9m o sach\u00ea 3-FPM 50 mg (3 pastilhas)?<\/strong><br data-start=\"6971\" data-end=\"6974\" \/>A bolsa cont\u00e9m <strong data-start=\"6990\" data-end=\"7042\">tr\u00eas pellets de 50 mg de 3-FPM cada (total de 150 mg)<\/strong> com pureza \u2265 98%.<\/p>\n<p data-start=\"7076\" data-end=\"7278\"><strong data-start=\"7076\" data-end=\"7115\">3. \u00c9 legal comprar 3-FPM?<\/strong><br data-start=\"7115\" data-end=\"7118\" \/>O <strong data-start=\"7121\" data-end=\"7145\">legalidade do 3-FPM<\/strong> varia de acordo com o pa\u00eds. Em alguns pa\u00edses, est\u00e1 sujeito \u00e0 Lei do \u00d3pio; sempre verifique as leis locais antes de usar <strong data-start=\"7260\" data-end=\"7275\">Compras de 3 FPM<\/strong>.<\/p>","protected":false},"excerpt":{"rendered":"<h2><span data-sheets-value=\"{\" data-sheets-userformat=\"{\">Saco de 3-FPM 50mg com 3 pellets<\/span><\/h2>\n<ul>\n<li><strong>Embalagem de varejo<br \/>\n<\/strong><\/li>\n<li><strong>Quantidade de pellets por saco: 3<\/strong><\/li>\n<li><strong>Os pre\u00e7os n\u00e3o incluem IVA 21%<\/strong><\/li>\n<li><strong>Pre\u00e7o de varejo recomendado: \u20ac 21,95 incl. CUBA<\/strong><\/li>\n<\/ul>","protected":false},"featured_media":28407,"comment_status":"closed","ping_status":"closed","template":"","meta":[],"product_brand":[82],"product_cat":[555],"product_tag":[606,601,605,326],"class_list":{"0":"post-24509","1":"product","2":"type-product","3":"status-publish","4":"has-post-thumbnail","6":"product_brand-research-chemical","7":"product_cat-b2b","8":"product_tag-3-fluorophenmetrazine","9":"product_tag-3-fpm","10":"product_tag-3fpm","11":"product_tag-nl","13":"first","14":"instock","15":"taxable","16":"shipping-taxable","17":"purchasable","18":"product-type-variable"},"_links":{"self":[{"href":"https:\/\/researchchemicalhub.com\/pt\/wp-json\/wp\/v2\/product\/24509","targetHints":{"allow":["GET"]}}],"collection":[{"href":"https:\/\/researchchemicalhub.com\/pt\/wp-json\/wp\/v2\/product"}],"about":[{"href":"https:\/\/researchchemicalhub.com\/pt\/wp-json\/wp\/v2\/types\/product"}],"replies":[{"embeddable":true,"href":"https:\/\/researchchemicalhub.com\/pt\/wp-json\/wp\/v2\/comments?post=24509"}],"version-history":[{"count":5,"href":"https:\/\/researchchemicalhub.com\/pt\/wp-json\/wp\/v2\/product\/24509\/revisions"}],"predecessor-version":[{"id":27776,"href":"https:\/\/researchchemicalhub.com\/pt\/wp-json\/wp\/v2\/product\/24509\/revisions\/27776"}],"wp:featuredmedia":[{"embeddable":true,"href":"https:\/\/researchchemicalhub.com\/pt\/wp-json\/wp\/v2\/media\/28407"}],"wp:attachment":[{"href":"https:\/\/researchchemicalhub.com\/pt\/wp-json\/wp\/v2\/media?parent=24509"}],"wp:term":[{"taxonomy":"product_brand","embeddable":true,"href":"https:\/\/researchchemicalhub.com\/pt\/wp-json\/wp\/v2\/product_brand?post=24509"},{"taxonomy":"product_cat","embeddable":true,"href":"https:\/\/researchchemicalhub.com\/pt\/wp-json\/wp\/v2\/product_cat?post=24509"},{"taxonomy":"product_tag","embeddable":true,"href":"https:\/\/researchchemicalhub.com\/pt\/wp-json\/wp\/v2\/product_tag?post=24509"}],"curies":[{"name":"wp","href":"https:\/\/api.w.org\/{rel}","templated":true}]}}