{"id":24443,"date":"2025-10-20T17:41:44","date_gmt":"2025-10-20T17:41:44","guid":{"rendered":"https:\/\/researchchemicalhub.com\/?post_type=product&#038;p=24443"},"modified":"2025-10-29T08:23:18","modified_gmt":"2025-10-29T08:23:18","slug":"ipph-25-mg-pellets","status":"publish","type":"product","link":"https:\/\/researchchemicalhub.com\/pt\/shop\/ipph\/ipph-25-mg-pellets\/","title":{"rendered":"Pellets de isopropilfenidato (IPPH) 25 mg"},"content":{"rendered":"<h3 data-start=\"4132\" data-end=\"4153\"><strong data-start=\"4136\" data-end=\"4151\">Introdu\u00e7\u00e3o<\/strong><\/h3>\n<p data-start=\"4154\" data-end=\"4608\"><strong data-start=\"4154\" data-end=\"4195\">Pellets de isopropilfenidato (IPPH) 25 mg<\/strong> conter <strong data-start=\"4205\" data-end=\"4242\">Isopropilfenidato de alta pureza 25mg<\/strong>, Um <strong data-start=\"4248\" data-end=\"4272\">composto de piperidina<\/strong> que est\u00e1 estruturalmente relacionado a <strong data-start=\"4304\" data-end=\"4322\">metilfenidato<\/strong> e <strong data-start=\"4326\" data-end=\"4343\">etilfenidato<\/strong>.ipph\u00a0<br data-start=\"4344\" data-end=\"4347\" \/>Dentro <strong data-start=\"4354\" data-end=\"4395\">pesquisa neuroqu\u00edmica e anal\u00edtica<\/strong> IPPH \u00e9 usado como <strong data-start=\"4420\" data-end=\"4473\">an\u00e1logo inibidor da recapta\u00e7\u00e3o de dopamina e noradrenalina<\/strong>\u00c9 utilizado em estudos de <strong data-start=\"4512\" data-end=\"4538\">transportadores de monoamina<\/strong>, <strong data-start=\"4540\" data-end=\"4582\">rela\u00e7\u00f5es estrutura-atividade (SAR)<\/strong> e <strong data-start=\"4586\" data-end=\"4605\">liga\u00e7\u00e3o ao receptor<\/strong>.<\/p>\n<p data-start=\"4610\" data-end=\"4786\">Cada pellet \u00e9 produzido com uma <strong data-start=\"4646\" data-end=\"4670\">pureza de \u2265 98%<\/strong>, embalados individualmente em um <strong data-start=\"4699\" data-end=\"4715\">tira de bolha<\/strong> e projetado para <strong data-start=\"4734\" data-end=\"4783\">dosagem precisa e estabilidade qu\u00edmica<\/strong>.<\/p>\n<blockquote data-start=\"4788\" data-end=\"4934\">\n<p data-start=\"4790\" data-end=\"4934\">\u26a0\ufe0f <strong data-start=\"4793\" data-end=\"4804\">OBS:<\/strong> Este produto destina-se apenas a utiliza\u00e7\u00e3o <strong data-start=\"4845\" data-end=\"4880\">pesquisa e uso anal\u00edtico<\/strong> \u2014 <strong data-start=\"4883\" data-end=\"4931\">n\u00e3o para consumo humano ou animal<\/strong>.<\/p>\n<\/blockquote>\n<hr data-start=\"4936\" data-end=\"4939\" \/>\n<h3 data-start=\"4941\" data-end=\"4972\"><strong data-start=\"4945\" data-end=\"4972\">Principais caracter\u00edsticas<\/strong><\/h3>\n<div class=\"_tableContainer_1rjym_1\">\n<div class=\"group _tableWrapper_1rjym_13 flex w-fit flex-col-reverse\" tabindex=\"-1\">\n<table class=\"w-fit min-w-(--thread-content-width)\" data-start=\"4974\" data-end=\"5527\">\n<thead data-start=\"4974\" data-end=\"5000\">\n<tr data-start=\"4974\" data-end=\"5000\">\n<th data-start=\"4974\" data-end=\"4984\" data-col-size=\"sm\">Recurso<\/th>\n<th data-start=\"4984\" data-end=\"5000\" data-col-size=\"md\">Descri\u00e7\u00e3o<\/th>\n<\/tr>\n<\/thead>\n<tbody data-start=\"5029\" data-end=\"5527\">\n<tr data-start=\"5029\" data-end=\"5085\">\n<td data-start=\"5029\" data-end=\"5050\" data-col-size=\"sm\"><strong data-start=\"5031\" data-end=\"5049\">Nome qu\u00edmico<\/strong><\/td>\n<td data-start=\"5050\" data-end=\"5085\" data-col-size=\"md\">Cloridrato de isopropilfenidato<\/td>\n<\/tr>\n<tr data-start=\"5086\" data-end=\"5119\">\n<td data-start=\"5086\" data-end=\"5111\" data-col-size=\"sm\"><strong data-start=\"5088\" data-end=\"5110\">Nome comum<\/strong><\/td>\n<td data-start=\"5111\" data-end=\"5119\" data-col-size=\"md\">IPPH<\/td>\n<\/tr>\n<tr data-start=\"5120\" data-end=\"5157\">\n<td data-start=\"5120\" data-end=\"5144\" data-col-size=\"sm\"><strong data-start=\"5122\" data-end=\"5143\">F\u00f3rmula Qu\u00edmica<\/strong><\/td>\n<td data-start=\"5144\" data-end=\"5157\" data-col-size=\"md\">C\u2081\u2085H\u2082\u2081NO\u2082<\/td>\n<\/tr>\n<tr data-start=\"5158\" data-end=\"5196\">\n<td data-start=\"5158\" data-end=\"5180\" data-col-size=\"sm\"><strong data-start=\"5160\" data-end=\"5179\">Peso molecular<\/strong><\/td>\n<td data-start=\"5180\" data-end=\"5196\" data-col-size=\"md\">247,33 g\/mol<\/td>\n<\/tr>\n<tr data-start=\"5197\" data-end=\"5231\">\n<td data-start=\"5197\" data-end=\"5212\" data-col-size=\"sm\"><strong data-start=\"5199\" data-end=\"5211\">Dosagem<\/strong><\/td>\n<td data-start=\"5212\" data-end=\"5231\" data-col-size=\"md\">25 mg por pastilha<\/td>\n<\/tr>\n<tr data-start=\"5232\" data-end=\"5279\">\n<td data-start=\"5232\" data-end=\"5243\" data-col-size=\"sm\"><strong data-start=\"5234\" data-end=\"5242\">Forma<\/strong><\/td>\n<td data-start=\"5243\" data-end=\"5279\" data-col-size=\"md\">Pellets s\u00f3lidos (embalagem blister)<\/td>\n<\/tr>\n<tr data-start=\"5280\" data-end=\"5331\">\n<td data-start=\"5280\" data-end=\"5297\" data-col-size=\"sm\"><strong data-start=\"5282\" data-end=\"5296\">Pureza<\/strong><\/td>\n<td data-start=\"5297\" data-end=\"5331\" data-col-size=\"md\">\u2265 98% (testado por HPLC e RMN)<\/td>\n<\/tr>\n<tr data-start=\"5332\" data-end=\"5397\">\n<td data-start=\"5332\" data-end=\"5355\" data-col-size=\"sm\"><strong data-start=\"5334\" data-end=\"5354\">Classe Qu\u00edmica<\/strong><\/td>\n<td data-start=\"5355\" data-end=\"5397\" data-col-size=\"md\">Derivado de piperidina \/ An\u00e1logo de fenidato<\/td>\n<\/tr>\n<tr data-start=\"5398\" data-end=\"5477\">\n<td data-start=\"5398\" data-end=\"5412\" data-col-size=\"sm\"><strong data-start=\"5400\" data-end=\"5411\">Uso<\/strong><\/td>\n<td data-start=\"5412\" data-end=\"5477\" data-col-size=\"md\">Somente para pesquisa anal\u00edtica, forense e neuroqu\u00edmica<\/td>\n<\/tr>\n<tr data-start=\"5478\" data-end=\"5527\">\n<td data-start=\"5478\" data-end=\"5495\" data-col-size=\"sm\"><strong data-start=\"5480\" data-end=\"5494\">Embalagem<\/strong><\/td>\n<td data-start=\"5495\" data-end=\"5527\" data-col-size=\"md\">Tira de blister com lacre<\/td>\n<\/tr>\n<\/tbody>\n<\/table>\n<\/div>\n<\/div>\n<hr data-start=\"5529\" data-end=\"5532\" \/>\n<h3 data-start=\"5534\" data-end=\"5551\"><strong data-start=\"5538\" data-end=\"5551\">Vantagens<\/strong><\/h3>\n<ul data-start=\"5553\" data-end=\"5952\">\n<li data-start=\"5553\" data-end=\"5645\">\n<p data-start=\"5555\" data-end=\"5645\"><strong data-start=\"5555\" data-end=\"5574\">Alta Pureza<\/strong> \u2013 Qualidade de laborat\u00f3rio \u2265 98% para resultados de pesquisa confi\u00e1veis.<\/p>\n<\/li>\n<li data-start=\"5646\" data-end=\"5719\">\n<p data-start=\"5648\" data-end=\"5719\"><strong data-start=\"5648\" data-end=\"5672\">Dosagem precisa<\/strong> \u2013 25 mg por pellet para an\u00e1lise consistente.<\/p>\n<\/li>\n<li data-start=\"5720\" data-end=\"5794\">\n<p data-start=\"5722\" data-end=\"5794\"><strong data-start=\"5722\" data-end=\"5744\">Embalagem Segura<\/strong> \u2013 Protegido da umidade, luz e contamina\u00e7\u00e3o.<\/p>\n<\/li>\n<li data-start=\"5795\" data-end=\"5863\">\n<p data-start=\"5797\" data-end=\"5863\"><strong data-start=\"5797\" data-end=\"5817\">Amplamente aplic\u00e1vel<\/strong> \u2013 Adequado para GC\/MS, LC-MS, FTIR e HPLC.<\/p>\n<\/li>\n<li data-start=\"5864\" data-end=\"5952\">\n<p data-start=\"5866\" data-end=\"5952\"><strong data-start=\"5866\" data-end=\"5893\">Qualidade Verificada<\/strong> \u2013 Cada lote testado e fornecido com certificados de an\u00e1lise.<\/p>\n<\/li>\n<\/ul>\n<hr data-start=\"5954\" data-end=\"5957\" \/>\n<h3 data-start=\"5959\" data-end=\"6011\"><strong data-start=\"5963\" data-end=\"6009\">Uso (somente para fins de pesquisa)<\/strong><\/h3>\n<ol data-start=\"6013\" data-end=\"6382\">\n<li data-start=\"6013\" data-end=\"6082\">\n<p data-start=\"6016\" data-end=\"6082\"><strong data-start=\"6016\" data-end=\"6031\">Manuseio:<\/strong> Use luvas, \u00f3culos de seguran\u00e7a e jaleco. ipph<\/p>\n<\/li>\n<li data-start=\"6083\" data-end=\"6180\">\n<p data-start=\"6086\" data-end=\"6180\"><strong data-start=\"6086\" data-end=\"6099\">Medidas:<\/strong> Cada pellet cont\u00e9m exatamente 25 mg; n\u00e3o altere fora das condi\u00e7\u00f5es de laborat\u00f3rio.<\/p>\n<\/li>\n<li data-start=\"6181\" data-end=\"6235\">\n<p data-start=\"6184\" data-end=\"6235\"><strong data-start=\"6184\" data-end=\"6195\">Armazenar:<\/strong> Conservar em local fresco (2\u20138\u00b0C), seco e escuro.<\/p>\n<\/li>\n<li data-start=\"6236\" data-end=\"6319\">\n<p data-start=\"6239\" data-end=\"6319\"><strong data-start=\"6239\" data-end=\"6251\">An\u00e1lise:<\/strong> Adequado para cromatografia, espectroscopia e pesquisa de receptores.<\/p>\n<\/li>\n<li data-start=\"6320\" data-end=\"6382\">\n<p data-start=\"6323\" data-end=\"6382\"><strong data-start=\"6323\" data-end=\"6340\">Documenta\u00e7\u00e3o:<\/strong> Registre n\u00fameros de lote e m\u00e9todos anal\u00edticos.<\/p>\n<\/li>\n<\/ol>\n<hr data-start=\"6384\" data-end=\"6387\" \/>\n<h3 data-start=\"6389\" data-end=\"6424\"><strong data-start=\"6393\" data-end=\"6422\">Perguntas Frequentes (FAQ)<\/strong><\/h3>\n<p data-start=\"6426\" data-end=\"6627\"><strong data-start=\"6426\" data-end=\"6465\">1. O que \u00e9 isopropilfenidato (IPPH)?<\/strong><br data-start=\"6465\" data-end=\"6468\" \/><strong data-start=\"6468\" data-end=\"6489\">Isopropilfenidato<\/strong> \u00e9 um <strong data-start=\"6497\" data-end=\"6521\">composto de piperidina<\/strong> relacionado ao metilfenidato e \u00e9 usado em pesquisas sobre transportadores de dopamina e noradrenalina.<\/p>\n<p data-start=\"6629\" data-end=\"6794\"><strong data-start=\"6629\" data-end=\"6679\">2. Para que s\u00e3o usados os pellets de IPPH 25 mg?<\/strong><br data-start=\"6679\" data-end=\"6682\" \/>Os pellets s\u00e3o usados para <strong data-start=\"6714\" data-end=\"6752\">pesquisa anal\u00edtica e forense<\/strong>, como cromatografia e espectroscopia.<\/p>\n<p data-start=\"6796\" data-end=\"6987\"><strong data-start=\"6796\" data-end=\"6834\">3. \u00c9 legal comprar IPPH?<\/strong><br data-start=\"6834\" data-end=\"6837\" \/>O <strong data-start=\"6840\" data-end=\"6863\">legalidade do IPPH<\/strong> varia de acordo com o pa\u00eds. Em alguns pa\u00edses, \u00e9 regulamentado. Sempre verifique as leis locais antes de usar <strong data-start=\"6970\" data-end=\"6984\">IPPH compra<\/strong>.<\/p>","protected":false},"excerpt":{"rendered":"<p>Introdu\u00e7\u00e3o Os pellets de isopropilfenidato (IPPH) 25 mg cont\u00eam 25 mg de isopropilfenidato de alta pureza, um composto de piperidina estruturalmente relacionado ao metilfenidato e ao etilfenidato. ipph Dentro<\/p>","protected":false},"featured_media":28547,"comment_status":"closed","ping_status":"closed","template":"","meta":[],"product_brand":[82],"product_cat":[461,462,336,324],"product_tag":[596,928,595,326],"class_list":{"0":"post-24443","1":"product","2":"type-product","3":"status-publish","4":"has-post-thumbnail","6":"product_brand-research-chemical","7":"product_cat-ipph","8":"product_cat-ipph-pellets","9":"product_cat-overig","10":"product_cat-pellets-for-pellet","11":"product_tag-ipph","12":"product_tag-ipph-kopen","13":"product_tag-isopropylphenidate","14":"product_tag-nl","16":"first","17":"instock","18":"taxable","19":"shipping-taxable","20":"purchasable","21":"product-type-variable"},"_links":{"self":[{"href":"https:\/\/researchchemicalhub.com\/pt\/wp-json\/wp\/v2\/product\/24443","targetHints":{"allow":["GET"]}}],"collection":[{"href":"https:\/\/researchchemicalhub.com\/pt\/wp-json\/wp\/v2\/product"}],"about":[{"href":"https:\/\/researchchemicalhub.com\/pt\/wp-json\/wp\/v2\/types\/product"}],"replies":[{"embeddable":true,"href":"https:\/\/researchchemicalhub.com\/pt\/wp-json\/wp\/v2\/comments?post=24443"}],"version-history":[{"count":5,"href":"https:\/\/researchchemicalhub.com\/pt\/wp-json\/wp\/v2\/product\/24443\/revisions"}],"predecessor-version":[{"id":27791,"href":"https:\/\/researchchemicalhub.com\/pt\/wp-json\/wp\/v2\/product\/24443\/revisions\/27791"}],"wp:featuredmedia":[{"embeddable":true,"href":"https:\/\/researchchemicalhub.com\/pt\/wp-json\/wp\/v2\/media\/28547"}],"wp:attachment":[{"href":"https:\/\/researchchemicalhub.com\/pt\/wp-json\/wp\/v2\/media?parent=24443"}],"wp:term":[{"taxonomy":"product_brand","embeddable":true,"href":"https:\/\/researchchemicalhub.com\/pt\/wp-json\/wp\/v2\/product_brand?post=24443"},{"taxonomy":"product_cat","embeddable":true,"href":"https:\/\/researchchemicalhub.com\/pt\/wp-json\/wp\/v2\/product_cat?post=24443"},{"taxonomy":"product_tag","embeddable":true,"href":"https:\/\/researchchemicalhub.com\/pt\/wp-json\/wp\/v2\/product_tag?post=24443"}],"curies":[{"name":"wp","href":"https:\/\/api.w.org\/{rel}","templated":true}]}}