{"id":24342,"date":"2025-04-13T17:41:31","date_gmt":"2025-04-13T17:41:31","guid":{"rendered":"https:\/\/researchchemicalhub.com\/?post_type=product&#038;p=24342"},"modified":"2025-10-12T12:05:44","modified_gmt":"2025-10-12T12:05:44","slug":"mini-balanca-digital-para-tanques","status":"publish","type":"product","link":"https:\/\/researchchemicalhub.com\/pt\/comprar\/escalas\/mini-balanca-digital-para-tanques\/","title":{"rendered":"Mini balan\u00e7a digital para tanques \u2013 20g x 0,001g"},"content":{"rendered":"<h3 data-start=\"3844\" data-end=\"3865\"><strong data-start=\"3848\" data-end=\"3863\">Introdu\u00e7\u00e3o<\/strong><\/h3>\n<p data-start=\"3866\" data-end=\"4264\">O <strong data-start=\"3869\" data-end=\"3917\">Mini balan\u00e7a digital para tanques \u2013 20g x 0,001g<\/strong> \u00e9 um <strong data-start=\"3925\" data-end=\"3955\">balan\u00e7a de bolso de alta precis\u00e3o<\/strong> projetado para <strong data-start=\"3971\" data-end=\"4028\">aplica\u00e7\u00f5es laboratoriais, de joalheria e anal\u00edticas<\/strong> onde a m\u00e1xima precis\u00e3o \u00e9 necess\u00e1ria. Mini balan\u00e7a digital para tanques<br data-start=\"4072\" data-end=\"4075\" \/>Com uma precis\u00e3o de <strong data-start=\"4096\" data-end=\"4120\">0,001g (1 miligrama)<\/strong> e um design compacto e robusto oferece esta mini balan\u00e7a <strong data-start=\"4180\" data-end=\"4214\">medi\u00e7\u00f5es r\u00e1pidas e confi\u00e1veis<\/strong> para p\u00f3s, pedras preciosas ou amostras qu\u00edmicas.<\/p>\n<p data-start=\"4266\" data-end=\"4457\">Quer voc\u00ea trabalhe em um <strong data-start=\"4287\" data-end=\"4303\">laborat\u00f3rio<\/strong>, Um <strong data-start=\"4309\" data-end=\"4328\">configura\u00e7\u00e3o dom\u00e9stica<\/strong> ou um <strong data-start=\"4336\" data-end=\"4362\">ambiente profissional<\/strong>, a Mini Balan\u00e7a Digital para Tanques oferece <strong data-start=\"4404\" data-end=\"4454\">qualidade de laborat\u00f3rio em formato port\u00e1til<\/strong>.<\/p>\n<blockquote data-start=\"4459\" data-end=\"4576\">\n<p data-start=\"4461\" data-end=\"4576\">\u2699\ufe0f Perfeito para pesar p\u00f3s finos, microdoses ou materiais preciosos com precis\u00e3o de miligramas.<\/p>\n<\/blockquote>\n<hr data-start=\"4578\" data-end=\"4581\" \/>\n<h3 data-start=\"4583\" data-end=\"4614\"><strong data-start=\"4587\" data-end=\"4614\">Principais caracter\u00edsticas<\/strong><\/h3>\n<div class=\"_tableContainer_1rjym_1\">\n<div class=\"group _tableWrapper_1rjym_13 flex w-fit flex-col-reverse\" tabindex=\"-1\">\n<table class=\"w-fit min-w-(--thread-content-width)\" data-start=\"4616\" data-end=\"5132\">\n<thead data-start=\"4616\" data-end=\"4642\">\n<tr data-start=\"4616\" data-end=\"4642\">\n<th data-start=\"4616\" data-end=\"4626\" data-col-size=\"sm\">Recurso<\/th>\n<th data-start=\"4626\" data-end=\"4642\" data-col-size=\"sm\">Descri\u00e7\u00e3o<\/th>\n<\/tr>\n<\/thead>\n<tbody data-start=\"4671\" data-end=\"5132\">\n<tr data-start=\"4671\" data-end=\"4716\">\n<td data-start=\"4671\" data-end=\"4683\" data-col-size=\"sm\"><strong data-start=\"4673\" data-end=\"4682\">Modelo<\/strong><\/td>\n<td data-start=\"4683\" data-end=\"4716\" data-col-size=\"sm\">Mini balan\u00e7a digital para tanques<\/td>\n<\/tr>\n<tr data-start=\"4717\" data-end=\"4750\">\n<td data-start=\"4717\" data-end=\"4734\" data-col-size=\"sm\"><strong data-start=\"4719\" data-end=\"4733\">Faixa de medi\u00e7\u00e3o<\/strong><\/td>\n<td data-start=\"4734\" data-end=\"4750\" data-col-size=\"sm\">0,001g \u2013 20g<\/td>\n<\/tr>\n<tr data-start=\"4751\" data-end=\"4797\">\n<td data-start=\"4751\" data-end=\"4772\" data-col-size=\"sm\"><strong data-start=\"4753\" data-end=\"4771\">Precis\u00e3o<\/strong><\/td>\n<td data-start=\"4772\" data-end=\"4797\" data-col-size=\"sm\">\u00b10,001g (1 miligrama)<\/td>\n<\/tr>\n<tr data-start=\"4798\" data-end=\"4843\">\n<td data-start=\"4798\" data-end=\"4812\" data-col-size=\"sm\"><strong data-start=\"4800\" data-end=\"4811\">Mostrar<\/strong><\/td>\n<td data-start=\"4812\" data-end=\"4843\" data-col-size=\"sm\">Tela LCD iluminada (azul)<\/td>\n<\/tr>\n<tr data-start=\"4844\" data-end=\"4882\">\n<td data-start=\"4844\" data-end=\"4860\" data-col-size=\"sm\"><strong data-start=\"4846\" data-end=\"4859\">Unidades de medida<\/strong><\/td>\n<td data-start=\"4860\" data-end=\"4882\" data-col-size=\"sm\">g, oz, ct, gn, dwt<\/td>\n<\/tr>\n<tr data-start=\"4883\" data-end=\"4921\">\n<td data-start=\"4883\" data-end=\"4902\" data-col-size=\"sm\"><strong data-start=\"4885\" data-end=\"4901\">Plataforma de pesagem<\/strong><\/td>\n<td data-start=\"4902\" data-end=\"4921\" data-col-size=\"sm\">A\u00e7o inoxid\u00e1vel<\/td>\n<\/tr>\n<tr data-start=\"4922\" data-end=\"4971\">\n<td data-start=\"4922\" data-end=\"4936\" data-col-size=\"sm\"><strong data-start=\"4924\" data-end=\"4935\">Fonte de energia<\/strong><\/td>\n<td data-start=\"4936\" data-end=\"4971\" data-col-size=\"sm\">2 pilhas AAA (inclu\u00eddas)<\/td>\n<\/tr>\n<tr data-start=\"4972\" data-end=\"5019\">\n<td data-start=\"4972\" data-end=\"4989\" data-col-size=\"sm\"><strong data-start=\"4974\" data-end=\"4988\">Dimens\u00f5es<\/strong><\/td>\n<td data-start=\"4989\" data-end=\"5019\" data-col-size=\"sm\">Design compacto e port\u00e1til<\/td>\n<\/tr>\n<tr data-start=\"5020\" data-end=\"5082\">\n<td data-start=\"5020\" data-end=\"5053\" data-col-size=\"sm\"><strong data-start=\"5022\" data-end=\"5052\">Desligamento autom\u00e1tico<\/strong><\/td>\n<td data-start=\"5053\" data-end=\"5082\" data-col-size=\"sm\">Fun\u00e7\u00e3o de economia de energia<\/td>\n<\/tr>\n<tr data-start=\"5083\" data-end=\"5132\">\n<td data-start=\"5083\" data-end=\"5101\" data-col-size=\"sm\"><strong data-start=\"5085\" data-end=\"5100\">Tampa protetora<\/strong><\/td>\n<td data-start=\"5101\" data-end=\"5132\" data-col-size=\"sm\">Protege durante o transporte<\/td>\n<\/tr>\n<\/tbody>\n<\/table>\n<\/div>\n<\/div>\n<hr data-start=\"5134\" data-end=\"5137\" \/>\n<h3 data-start=\"5139\" data-end=\"5156\"><strong data-start=\"5143\" data-end=\"5156\">Vantagens<\/strong><\/h3>\n<ul data-start=\"5158\" data-end=\"5604\">\n<li data-start=\"5158\" data-end=\"5224\">\n<p data-start=\"5160\" data-end=\"5224\"><strong data-start=\"5160\" data-end=\"5182\">Extremamente preciso<\/strong> \u2013 Pesa com precis\u00e3o de 0,001g (1mg).<\/p>\n<\/li>\n<li data-start=\"5225\" data-end=\"5289\">\n<p data-start=\"5227\" data-end=\"5289\"><strong data-start=\"5227\" data-end=\"5250\">Compacto e port\u00e1til<\/strong> \u2013 Cabe facilmente no bolso ou na gaveta da mesa.<\/p>\n<\/li>\n<li data-start=\"5290\" data-end=\"5365\">\n<p data-start=\"5292\" data-end=\"5365\"><strong data-start=\"5292\" data-end=\"5312\">Design Sustent\u00e1vel<\/strong> \u2013 Plataforma de a\u00e7o inoxid\u00e1vel para uso prolongado.<\/p>\n<\/li>\n<li data-start=\"5366\" data-end=\"5457\">\n<p data-start=\"5368\" data-end=\"5457\"><strong data-start=\"5368\" data-end=\"5395\">Diferentes unidades de medida<\/strong> \u2013 Alterne facilmente entre gramas, on\u00e7as, quilates e muito mais.<\/p>\n<\/li>\n<li data-start=\"5458\" data-end=\"5531\">\n<p data-start=\"5460\" data-end=\"5531\"><strong data-start=\"5460\" data-end=\"5483\">Amigo do usu\u00e1rio<\/strong> \u2013 F\u00e1cil opera\u00e7\u00e3o com display LCD claro.<\/p>\n<\/li>\n<li data-start=\"5532\" data-end=\"5604\">\n<p data-start=\"5534\" data-end=\"5604\"><strong data-start=\"5534\" data-end=\"5559\">Incluindo capa protetora<\/strong> \u2013 Mant\u00e9m a balan\u00e7a limpa e protegida. Mini Balan\u00e7a Digital para Tanques<\/p>\n<\/li>\n<\/ul>\n<hr data-start=\"5606\" data-end=\"5609\" \/>\n<h3 data-start=\"5611\" data-end=\"5626\"><strong data-start=\"5615\" data-end=\"5626\">Uso<\/strong><\/h3>\n<ol data-start=\"5628\" data-end=\"6084\">\n<li data-start=\"5628\" data-end=\"5718\">\n<p data-start=\"5631\" data-end=\"5718\"><strong data-start=\"5631\" data-end=\"5663\">Coloque em uma superf\u00edcie plana<\/strong> \u2013 Use em uma superf\u00edcie est\u00e1vel e livre de vibra\u00e7\u00f5es.<\/p>\n<\/li>\n<li data-start=\"5719\" data-end=\"5831\">\n<p data-start=\"5722\" data-end=\"5831\"><strong data-start=\"5722\" data-end=\"5748\">Calibre antes de usar<\/strong> \u2013 Siga as instru\u00e7\u00f5es de calibra\u00e7\u00e3o usando o peso fornecido (se dispon\u00edvel).<\/p>\n<\/li>\n<li data-start=\"5832\" data-end=\"5906\">\n<p data-start=\"5835\" data-end=\"5906\"><strong data-start=\"5835\" data-end=\"5860\">Selecione a unidade de medida<\/strong> \u2013 Escolha entre grama, on\u00e7a, quilate ou gr\u00e3o.<\/p>\n<\/li>\n<li data-start=\"5907\" data-end=\"6003\">\n<p data-start=\"5910\" data-end=\"6003\"><strong data-start=\"5910\" data-end=\"5934\">Use a fun\u00e7\u00e3o TARA<\/strong> \u2013 Pesos de cont\u00eainer zero para medi\u00e7\u00f5es precisas.<\/p>\n<\/li>\n<li data-start=\"6004\" data-end=\"6084\">\n<p data-start=\"6007\" data-end=\"6084\"><strong data-start=\"6007\" data-end=\"6026\">Pesar com precis\u00e3o<\/strong> \u2013 Adicione o material lentamente at\u00e9 o peso desejado.<\/p>\n<\/li>\n<\/ol>\n<hr data-start=\"6086\" data-end=\"6089\" \/>\n<h3 data-start=\"6091\" data-end=\"6126\"><strong data-start=\"6095\" data-end=\"6124\">Perguntas Frequentes (FAQ)<\/strong><\/h3>\n<p data-start=\"6128\" data-end=\"6315\"><strong data-start=\"6128\" data-end=\"6184\">1. O que torna a Mini Balan\u00e7a Digital para Tanques \u00fanica?<\/strong><br data-start=\"6184\" data-end=\"6187\" \/>Esta escala oferece uma <strong data-start=\"6213\" data-end=\"6236\">precis\u00e3o de 0,001g<\/strong>, o que <strong data-start=\"6242\" data-end=\"6262\">10x mais preciso<\/strong> \u00e9 do que a maioria das balan\u00e7as de bolso padr\u00e3o (0,01 g).<\/p>\n<p data-start=\"6317\" data-end=\"6502\"><strong data-start=\"6317\" data-end=\"6368\">2. Isso \u00e9 adequado para pesquisa laboratorial?<\/strong><br data-start=\"6368\" data-end=\"6371\" \/>Sim \u2014 a escala \u00e9 adequada para <strong data-start=\"6407\" data-end=\"6448\">aplica\u00e7\u00f5es anal\u00edticas e qu\u00edmicas<\/strong>, se usado em um <strong data-start=\"6471\" data-end=\"6499\">ambiente seco e est\u00e1vel<\/strong>.<\/p>\n<p data-start=\"6504\" data-end=\"6669\"><strong data-start=\"6504\" data-end=\"6562\">3. As baterias e o peso de calibra\u00e7\u00e3o est\u00e3o inclu\u00eddos?<\/strong><br data-start=\"6562\" data-end=\"6565\" \/>Sim, existem <strong data-start=\"6579\" data-end=\"6601\">2 pilhas AAA<\/strong> inclu\u00eddo. Alguns conjuntos tamb\u00e9m incluem um <strong data-start=\"6645\" data-end=\"6666\">peso de calibra\u00e7\u00e3o<\/strong>.<\/p>","protected":false},"excerpt":{"rendered":"<p><strong>Especifica\u00e7\u00f5es:<\/strong><\/p>\n<ul>\n<li>Digital<\/li>\n<li>Pesa a partir de 0,001g<\/li>\n<li>Pesa no m\u00e1ximo. 20g<\/li>\n<li>Funciona com: 2 pilhas AAA<\/li>\n<li>Tela LCD<\/li>\n<li>Cor: preto<\/li>\n<\/ul>","protected":false},"featured_media":21116,"comment_status":"closed","ping_status":"closed","template":"","meta":[],"product_brand":[],"product_cat":[451],"product_tag":[452,764,767,849,765,766,768],"class_list":{"0":"post-24342","1":"product","2":"type-product","3":"status-publish","4":"has-post-thumbnail","6":"product_cat-weegschalen","7":"product_tag-de","8":"product_tag-digitale-cs-weegschaal","9":"product_tag-digitale-microweegschaal","10":"product_tag-digitale-tank-mini-weegschaal","11":"product_tag-milligramweegschaal","12":"product_tag-precise-weegschaal-0-001g","13":"product_tag-weegschaal-voor-research-chemicals","15":"first","16":"instock","17":"taxable","18":"shipping-taxable","19":"purchasable","20":"product-type-simple"},"_links":{"self":[{"href":"https:\/\/researchchemicalhub.com\/pt\/wp-json\/wp\/v2\/product\/24342","targetHints":{"allow":["GET"]}}],"collection":[{"href":"https:\/\/researchchemicalhub.com\/pt\/wp-json\/wp\/v2\/product"}],"about":[{"href":"https:\/\/researchchemicalhub.com\/pt\/wp-json\/wp\/v2\/types\/product"}],"replies":[{"embeddable":true,"href":"https:\/\/researchchemicalhub.com\/pt\/wp-json\/wp\/v2\/comments?post=24342"}],"version-history":[{"count":6,"href":"https:\/\/researchchemicalhub.com\/pt\/wp-json\/wp\/v2\/product\/24342\/revisions"}],"predecessor-version":[{"id":27801,"href":"https:\/\/researchchemicalhub.com\/pt\/wp-json\/wp\/v2\/product\/24342\/revisions\/27801"}],"wp:featuredmedia":[{"embeddable":true,"href":"https:\/\/researchchemicalhub.com\/pt\/wp-json\/wp\/v2\/media\/21116"}],"wp:attachment":[{"href":"https:\/\/researchchemicalhub.com\/pt\/wp-json\/wp\/v2\/media?parent=24342"}],"wp:term":[{"taxonomy":"product_brand","embeddable":true,"href":"https:\/\/researchchemicalhub.com\/pt\/wp-json\/wp\/v2\/product_brand?post=24342"},{"taxonomy":"product_cat","embeddable":true,"href":"https:\/\/researchchemicalhub.com\/pt\/wp-json\/wp\/v2\/product_cat?post=24342"},{"taxonomy":"product_tag","embeddable":true,"href":"https:\/\/researchchemicalhub.com\/pt\/wp-json\/wp\/v2\/product_tag?post=24342"}],"curies":[{"name":"wp","href":"https:\/\/api.w.org\/{rel}","templated":true}]}}