{"id":24290,"date":"2025-04-13T17:41:26","date_gmt":"2025-04-13T17:41:26","guid":{"rendered":"https:\/\/researchchemicalhub.com\/?post_type=product&#038;p=24290"},"modified":"2025-10-29T08:47:11","modified_gmt":"2025-10-29T08:47:11","slug":"4f-mph-comprar-pellet-de-15mg","status":"publish","type":"product","link":"https:\/\/researchchemicalhub.com\/pt\/comprar\/4-fma-puro-4-fluorometanfetamina\/4f-mph-comprar-pellet-de-15mg\/","title":{"rendered":"Pellets de 4F-MPH 15 MG (4-Fluorometilfenidato)"},"content":{"rendered":"<h3 data-start=\"4024\" data-end=\"4045\"><strong data-start=\"4028\" data-end=\"4043\">Introdu\u00e7\u00e3o<\/strong><\/h3>\n<p data-start=\"4046\" data-end=\"4474\"><strong data-start=\"4046\" data-end=\"4095\">Pellets de 4F-MPH 15 mg (4-fluorometilfenidato)<\/strong> conter <strong data-start=\"4105\" data-end=\"4159\">15 miligramas de cloridrato de 4-fluorometilfenidato<\/strong>, Um <strong data-start=\"4165\" data-end=\"4189\">composto de piperidina<\/strong> que est\u00e1 estruturalmente relacionado a <strong data-start=\"4221\" data-end=\"4249\">metilfenidato (Ritalina)<\/strong>. 4f mph comprar<br data-start=\"4250\" data-end=\"4253\" \/>Pertence ao <strong data-start=\"4272\" data-end=\"4305\">fam\u00edlia do fenidato substitu\u00eddo<\/strong> e \u00e9 usado em <strong data-start=\"4327\" data-end=\"4365\">pesquisa forense e anal\u00edtica<\/strong> Desagrad\u00e1vel <strong data-start=\"4371\" data-end=\"4414\">transportadores de dopamina e norepinefrina<\/strong>, <strong data-start=\"4416\" data-end=\"4432\">Rela\u00e7\u00f5es SAR<\/strong> e <strong data-start=\"4436\" data-end=\"4471\">propriedades cromatogr\u00e1ficas<\/strong>.<\/p>\n<p data-start=\"4476\" data-end=\"4684\">Cada pellet \u00e9 <strong data-start=\"4491\" data-end=\"4519\">formulado em laborat\u00f3rio<\/strong> e testado em um <strong data-start=\"4537\" data-end=\"4561\">pureza de \u2265 98%<\/strong> atrav\u00e9s da <strong data-start=\"4566\" data-end=\"4581\">HPLC e RMN<\/strong>.<br data-start=\"4582\" data-end=\"4585\" \/>O <strong data-start=\"4588\" data-end=\"4618\">dosagem precisa de 15mg<\/strong> garante resultados de pesquisa reprodut\u00edveis e confi\u00e1veis.<\/p>\n<blockquote data-start=\"4686\" data-end=\"4827\">\n<p data-start=\"4688\" data-end=\"4827\">\u26a0\ufe0f <strong data-start=\"4691\" data-end=\"4702\">OBS:<\/strong> 4F-MPH destina-se apenas ao uso <strong data-start=\"4738\" data-end=\"4773\">pesquisa e uso anal\u00edtico<\/strong> \u2014 <strong data-start=\"4776\" data-end=\"4825\">n\u00e3o para consumo humano ou animal.<\/strong><\/p>\n<\/blockquote>\n<hr data-start=\"4829\" data-end=\"4832\" \/>\n<h3 data-start=\"4834\" data-end=\"4865\"><strong data-start=\"4838\" data-end=\"4865\">Principais caracter\u00edsticas<\/strong><\/h3>\n<div class=\"_tableContainer_1rjym_1\">\n<div class=\"group _tableWrapper_1rjym_13 flex w-fit flex-col-reverse\" tabindex=\"-1\">\n<table class=\"w-fit min-w-(--thread-content-width)\" data-start=\"4867\" data-end=\"5483\">\n<thead data-start=\"4867\" data-end=\"4893\">\n<tr data-start=\"4867\" data-end=\"4893\">\n<th data-start=\"4867\" data-end=\"4877\" data-col-size=\"sm\">Recurso<\/th>\n<th data-start=\"4877\" data-end=\"4893\" data-col-size=\"md\">Descri\u00e7\u00e3o<\/th>\n<\/tr>\n<\/thead>\n<tbody data-start=\"4922\" data-end=\"5483\">\n<tr data-start=\"4922\" data-end=\"4983\">\n<td data-start=\"4922\" data-end=\"4943\" data-col-size=\"sm\"><strong data-start=\"4924\" data-end=\"4942\">Nome qu\u00edmico<\/strong><\/td>\n<td data-start=\"4943\" data-end=\"4983\" data-col-size=\"md\">Cloridrato de 4-fluorometilfenidato<\/td>\n<\/tr>\n<tr data-start=\"4984\" data-end=\"5019\">\n<td data-start=\"4984\" data-end=\"5009\" data-col-size=\"sm\"><strong data-start=\"4986\" data-end=\"5008\">Nome comum<\/strong><\/td>\n<td data-start=\"5009\" data-end=\"5019\" data-col-size=\"md\">4F-MPH<\/td>\n<\/tr>\n<tr data-start=\"5020\" data-end=\"5062\">\n<td data-start=\"5020\" data-end=\"5044\" data-col-size=\"sm\"><strong data-start=\"5022\" data-end=\"5043\">F\u00f3rmula Qu\u00edmica<\/strong><\/td>\n<td data-start=\"5044\" data-end=\"5062\" data-col-size=\"md\">C\u2081\u2084H\u2081\u2088FNO\u2082\u00b7HCl<\/td>\n<\/tr>\n<tr data-start=\"5063\" data-end=\"5101\">\n<td data-start=\"5063\" data-end=\"5085\" data-col-size=\"sm\"><strong data-start=\"5065\" data-end=\"5084\">Peso molecular<\/strong><\/td>\n<td data-start=\"5085\" data-end=\"5101\" data-col-size=\"md\">287,76 g\/mol<\/td>\n<\/tr>\n<tr data-start=\"5102\" data-end=\"5136\">\n<td data-start=\"5102\" data-end=\"5117\" data-col-size=\"sm\"><strong data-start=\"5104\" data-end=\"5116\">Dosagem<\/strong><\/td>\n<td data-start=\"5117\" data-end=\"5136\" data-col-size=\"md\">15 mg por pastilha<\/td>\n<\/tr>\n<tr data-start=\"5137\" data-end=\"5184\">\n<td data-start=\"5137\" data-end=\"5148\" data-col-size=\"sm\"><strong data-start=\"5139\" data-end=\"5147\">Forma<\/strong><\/td>\n<td data-start=\"5148\" data-end=\"5184\" data-col-size=\"md\">Pellets s\u00f3lidos (embalagem blister)<\/td>\n<\/tr>\n<tr data-start=\"5185\" data-end=\"5236\">\n<td data-start=\"5185\" data-end=\"5202\" data-col-size=\"sm\"><strong data-start=\"5187\" data-end=\"5201\">Pureza<\/strong><\/td>\n<td data-start=\"5202\" data-end=\"5236\" data-col-size=\"md\">\u2265 98% (testado por HPLC e RMN)<\/td>\n<\/tr>\n<tr data-start=\"5237\" data-end=\"5293\">\n<td data-start=\"5237\" data-end=\"5260\" data-col-size=\"sm\"><strong data-start=\"5239\" data-end=\"5259\">Classe Qu\u00edmica<\/strong><\/td>\n<td data-start=\"5260\" data-end=\"5293\" data-col-size=\"md\">An\u00e1logo de piperidina\/fenidato<\/td>\n<\/tr>\n<tr data-start=\"5294\" data-end=\"5373\">\n<td data-start=\"5294\" data-end=\"5308\" data-col-size=\"sm\"><strong data-start=\"5296\" data-end=\"5307\">Uso<\/strong><\/td>\n<td data-start=\"5308\" data-end=\"5373\" data-col-size=\"md\">Somente para pesquisa anal\u00edtica, forense e neuroqu\u00edmica<\/td>\n<\/tr>\n<tr data-start=\"5374\" data-end=\"5434\">\n<td data-start=\"5374\" data-end=\"5391\" data-col-size=\"sm\"><strong data-start=\"5376\" data-end=\"5390\">Embalagem<\/strong><\/td>\n<td data-start=\"5391\" data-end=\"5434\" data-col-size=\"md\">Tira de blister com prote\u00e7\u00e3o inviol\u00e1vel<\/td>\n<\/tr>\n<tr data-start=\"5435\" data-end=\"5483\">\n<td data-start=\"5435\" data-end=\"5453\" data-col-size=\"sm\"><strong data-start=\"5437\" data-end=\"5452\">Quantidade<\/strong><\/td>\n<td data-start=\"5453\" data-end=\"5483\" data-col-size=\"md\">1 blister com pellets de 15 mg<\/td>\n<\/tr>\n<\/tbody>\n<\/table>\n<\/div>\n<\/div>\n<hr data-start=\"5485\" data-end=\"5488\" \/>\n<h3 data-start=\"5490\" data-end=\"5507\"><strong data-start=\"5494\" data-end=\"5507\">Vantagens<\/strong><\/h3>\n<ul data-start=\"5509\" data-end=\"5881\">\n<li data-start=\"5509\" data-end=\"5563\">\n<p data-start=\"5511\" data-end=\"5563\"><strong data-start=\"5511\" data-end=\"5530\">Alta Pureza<\/strong> \u2013 \u2265 98% qualidade de laborat\u00f3rio.<\/p>\n<\/li>\n<li data-start=\"5564\" data-end=\"5643\">\n<p data-start=\"5566\" data-end=\"5643\"><strong data-start=\"5566\" data-end=\"5597\">Dosagem padronizada<\/strong> \u2013 15 mg por pellet para an\u00e1lise precisa.<\/p>\n<\/li>\n<li data-start=\"5644\" data-end=\"5717\">\n<p data-start=\"5646\" data-end=\"5717\"><strong data-start=\"5646\" data-end=\"5673\">Forma de sal est\u00e1vel (HCl)<\/strong> \u2013 Aumenta a solubilidade e a vida \u00fatil.<\/p>\n<\/li>\n<li data-start=\"5718\" data-end=\"5796\">\n<p data-start=\"5720\" data-end=\"5796\"><strong data-start=\"5720\" data-end=\"5750\">Amplamente aplic\u00e1vel em pesquisa<\/strong> \u2013 Adequado para GC\/MS, LC-MS, FTIR e HPLC.<\/p>\n<\/li>\n<li data-start=\"5797\" data-end=\"5881\">\n<p data-start=\"5799\" data-end=\"5881\"><strong data-start=\"5799\" data-end=\"5834\">Qualidade de lote totalmente testada<\/strong> \u2013 Cada lote \u00e9 rastre\u00e1vel e verificado. Compre 4f mph<\/p>\n<\/li>\n<\/ul>\n<hr data-start=\"5883\" data-end=\"5886\" \/>\n<h3 data-start=\"5888\" data-end=\"5940\"><strong data-start=\"5892\" data-end=\"5938\">Uso (somente para fins de pesquisa)<\/strong><\/h3>\n<ol data-start=\"5942\" data-end=\"6286\">\n<li data-start=\"5942\" data-end=\"6011\">\n<p data-start=\"5945\" data-end=\"6011\"><strong data-start=\"5945\" data-end=\"5960\">Manuseio:<\/strong> Use luvas, \u00f3culos de seguran\u00e7a e jaleco.<\/p>\n<\/li>\n<li data-start=\"6012\" data-end=\"6082\">\n<p data-start=\"6015\" data-end=\"6082\"><strong data-start=\"6015\" data-end=\"6028\">Medidas:<\/strong> Cada pellet cont\u00e9m exatamente 15 mg; registre os detalhes do lote.<\/p>\n<\/li>\n<li data-start=\"6083\" data-end=\"6137\">\n<p data-start=\"6086\" data-end=\"6137\"><strong data-start=\"6086\" data-end=\"6097\">Armazenar:<\/strong> Conservar em local fresco (2\u20138\u00b0C), seco e escuro.<\/p>\n<\/li>\n<li data-start=\"6138\" data-end=\"6221\">\n<p data-start=\"6141\" data-end=\"6221\"><strong data-start=\"6141\" data-end=\"6153\">An\u00e1lise:<\/strong> Adequado para cromatografia, espectroscopia e pesquisa de receptores.<\/p>\n<\/li>\n<li data-start=\"6222\" data-end=\"6286\">\n<p data-start=\"6225\" data-end=\"6286\"><strong data-start=\"6225\" data-end=\"6242\">Documenta\u00e7\u00e3o:<\/strong> Registre resultados e m\u00e9todos de an\u00e1lise.<\/p>\n<\/li>\n<\/ol>\n<hr data-start=\"6288\" data-end=\"6291\" \/>\n<h3 data-start=\"6293\" data-end=\"6328\"><strong data-start=\"6297\" data-end=\"6326\">Perguntas Frequentes (FAQ)<\/strong><\/h3>\n<p data-start=\"6330\" data-end=\"6483\"><strong data-start=\"6330\" data-end=\"6376\">1. O que \u00e9 4F-MPH (4-fluorometilfenidato)?<\/strong><br data-start=\"6376\" data-end=\"6379\" \/>UM <strong data-start=\"6383\" data-end=\"6419\">an\u00e1logo de fl\u00faor do metilfenidato<\/strong>, usado em pesquisas laboratoriais sobre compostos de fenidato.<\/p>\n<p data-start=\"6485\" data-end=\"6600\"><strong data-start=\"6485\" data-end=\"6518\">2. Qu\u00e3o puro \u00e9 o produto?<\/strong><br data-start=\"6518\" data-end=\"6521\" \/>Cada pellet cont\u00e9m <strong data-start=\"6539\" data-end=\"6573\">15mg 4F-MPH (pureza \u2265 98%)<\/strong>, testado por HPLC e RMN.<\/p>\n<p data-start=\"6602\" data-end=\"6761\"><strong data-start=\"6602\" data-end=\"6642\">3. \u00c9 legal comprar 4F-MPH?<\/strong><br data-start=\"6642\" data-end=\"6645\" \/>O <strong data-start=\"6648\" data-end=\"6673\">legalidade do 4F-MPH<\/strong> varia de acordo com o pa\u00eds. Sempre verifique os regulamentos locais antes de usar <strong data-start=\"6742\" data-end=\"6758\">Compras de 4F-MPH<\/strong>.<\/p>","protected":false},"excerpt":{"rendered":"<h3><span dir=\"auto\" style=\"vertical-align: inherit;\"><span dir=\"auto\" style=\"vertical-align: inherit;\">Propriedades dos pellets 4F-MPH<\/span><\/span><\/h3>\n<p><strong><span dir=\"auto\" style=\"vertical-align: inherit;\"><span dir=\"auto\" style=\"vertical-align: inherit;\">Sin\u00f4nimo<\/span><\/span><\/strong><span dir=\"auto\" style=\"vertical-align: inherit;\"><span dir=\"auto\" style=\"vertical-align: inherit;\"> : 4-Fluorometilfenidato <\/span><\/span><br \/>\n<strong><span dir=\"auto\" style=\"vertical-align: inherit;\"><span dir=\"auto\" style=\"vertical-align: inherit;\">N\u00famero CAS<\/span><\/span><\/strong><span dir=\"auto\" style=\"vertical-align: inherit;\"><span dir=\"auto\" style=\"vertical-align: inherit;\"> : 1354631-33-6 <\/span><\/span><br \/>\n<strong><span dir=\"auto\" style=\"vertical-align: inherit;\"><span dir=\"auto\" style=\"vertical-align: inherit;\">F\u00f3rmula<\/span><\/span><\/strong><span dir=\"auto\" style=\"vertical-align: inherit;\"><span dir=\"auto\" style=\"vertical-align: inherit;\"> : metil 2-(4-fluorofenil)-2-(piperidin-2-il)acetato cloridrato <\/span><\/span><br \/>\n<strong><span dir=\"auto\" style=\"vertical-align: inherit;\"><span dir=\"auto\" style=\"vertical-align: inherit;\">Massa molar<\/span><\/span><\/strong><span dir=\"auto\" style=\"vertical-align: inherit;\"><span dir=\"auto\" style=\"vertical-align: inherit;\"> : 287,8 g\/mol <\/span><\/span><br \/>\n<strong><span dir=\"auto\" style=\"vertical-align: inherit;\"><span dir=\"auto\" style=\"vertical-align: inherit;\">Pureza<\/span><\/span><\/strong><span dir=\"auto\" style=\"vertical-align: inherit;\"><span dir=\"auto\" style=\"vertical-align: inherit;\"> : &gt;97%<\/span><\/span><\/p>","protected":false},"featured_media":28439,"comment_status":"closed","ping_status":"closed","template":"","meta":[],"product_brand":[82],"product_cat":[444,445,322,333,324],"product_tag":[570,571,326],"class_list":{"0":"post-24290","1":"product","2":"type-product","3":"status-publish","4":"has-post-thumbnail","6":"product_brand-research-chemical","7":"product_cat-4f-mph","8":"product_cat-4f-mph-pellets","9":"product_cat-bijna-verboden","10":"product_cat-gefluoreerden","11":"product_cat-pellets-for-pellet","12":"product_tag-4f-mph-kopen","13":"product_tag-4f-mph","14":"product_tag-nl","16":"first","17":"instock","18":"taxable","19":"shipping-taxable","20":"purchasable","21":"product-type-variable"},"_links":{"self":[{"href":"https:\/\/researchchemicalhub.com\/pt\/wp-json\/wp\/v2\/product\/24290","targetHints":{"allow":["GET"]}}],"collection":[{"href":"https:\/\/researchchemicalhub.com\/pt\/wp-json\/wp\/v2\/product"}],"about":[{"href":"https:\/\/researchchemicalhub.com\/pt\/wp-json\/wp\/v2\/types\/product"}],"replies":[{"embeddable":true,"href":"https:\/\/researchchemicalhub.com\/pt\/wp-json\/wp\/v2\/comments?post=24290"}],"version-history":[{"count":5,"href":"https:\/\/researchchemicalhub.com\/pt\/wp-json\/wp\/v2\/product\/24290\/revisions"}],"predecessor-version":[{"id":27812,"href":"https:\/\/researchchemicalhub.com\/pt\/wp-json\/wp\/v2\/product\/24290\/revisions\/27812"}],"wp:featuredmedia":[{"embeddable":true,"href":"https:\/\/researchchemicalhub.com\/pt\/wp-json\/wp\/v2\/media\/28439"}],"wp:attachment":[{"href":"https:\/\/researchchemicalhub.com\/pt\/wp-json\/wp\/v2\/media?parent=24290"}],"wp:term":[{"taxonomy":"product_brand","embeddable":true,"href":"https:\/\/researchchemicalhub.com\/pt\/wp-json\/wp\/v2\/product_brand?post=24290"},{"taxonomy":"product_cat","embeddable":true,"href":"https:\/\/researchchemicalhub.com\/pt\/wp-json\/wp\/v2\/product_cat?post=24290"},{"taxonomy":"product_tag","embeddable":true,"href":"https:\/\/researchchemicalhub.com\/pt\/wp-json\/wp\/v2\/product_tag?post=24290"}],"curies":[{"name":"wp","href":"https:\/\/api.w.org\/{rel}","templated":true}]}}