{"id":24265,"date":"2025-04-13T17:41:21","date_gmt":"2025-04-13T17:41:21","guid":{"rendered":"https:\/\/researchchemicalhub.com\/?post_type=product&#038;p=24265"},"modified":"2025-10-12T19:33:01","modified_gmt":"2025-10-12T19:33:01","slug":"saco-de-metocina-rc-3-pellets","status":"publish","type":"product","link":"https:\/\/researchchemicalhub.com\/pt\/comprar\/b2b\/saco-de-metocina-rc-3-pellets\/","title":{"rendered":"Saco RC+ Metocin 3 pellets"},"content":{"rendered":"<h2 data-start=\"3774\" data-end=\"3800\"><strong data-start=\"3777\" data-end=\"3800\">Descri\u00e7\u00e3o do produto<\/strong><\/h2>\n<p data-start=\"3802\" data-end=\"4116\"><strong data-start=\"3802\" data-end=\"3833\">Saco RC+ Metocin 3 pellets<\/strong> \u00e9 um <strong data-start=\"3841\" data-end=\"3878\">material de pesquisa de alta qualidade<\/strong>, desenvolvido para uso em laborat\u00f3rios anal\u00edticos, toxicol\u00f3gicos e forenses.<br data-start=\"3962\" data-end=\"3965\" \/>Cada pacote cont\u00e9m <strong data-start=\"3987\" data-end=\"4025\">tr\u00eas pellets cuidadosamente dosados<\/strong>, produzido sob rigoroso controle de qualidade para m\u00e1xima pureza e consist\u00eancia. metocin 4-ho-met<\/p>\n<p data-start=\"4118\" data-end=\"4290\"><strong data-start=\"4118\" data-end=\"4129\">Metocina<\/strong>, parte do <strong data-start=\"4148\" data-end=\"4161\">S\u00e9rie RC+<\/strong>, apoia a investiga\u00e7\u00e3o em <strong data-start=\"4190\" data-end=\"4213\">an\u00e1logos de triptamina<\/strong> e serve como uma subst\u00e2ncia de refer\u00eancia confi\u00e1vel para aplica\u00e7\u00f5es cient\u00edficas.<\/p>\n<p data-start=\"4292\" data-end=\"4428\">\u26a0\ufe0f <strong data-start=\"4295\" data-end=\"4306\">OBS:<\/strong> Este produto \u00e9 <strong data-start=\"4322\" data-end=\"4371\">destinado apenas para fins de pesquisa<\/strong> e <strong data-start=\"4375\" data-end=\"4427\">n\u00e3o \u00e9 adequado para uso humano ou animal<\/strong>.<\/p>\n<hr data-start=\"4430\" data-end=\"4433\" \/>\n<h2 data-start=\"4435\" data-end=\"4465\"><strong data-start=\"4438\" data-end=\"4465\">Principais caracter\u00edsticas<\/strong><\/h2>\n<ul data-start=\"4467\" data-end=\"4883\">\n<li data-start=\"4467\" data-end=\"4533\">\n<p data-start=\"4469\" data-end=\"4533\"><strong data-start=\"4469\" data-end=\"4489\">Alta Pureza:<\/strong> Atende aos padr\u00f5es de qualidade de laborat\u00f3rio.<\/p>\n<\/li>\n<li data-start=\"4534\" data-end=\"4624\">\n<p data-start=\"4536\" data-end=\"4624\"><strong data-start=\"4536\" data-end=\"4568\">Dosagem padronizada:<\/strong> Tr\u00eas pellets por saco com composi\u00e7\u00e3o consistente.<\/p>\n<\/li>\n<li data-start=\"4625\" data-end=\"4713\">\n<p data-start=\"4627\" data-end=\"4713\"><strong data-start=\"4627\" data-end=\"4654\">Est\u00e1vel e confi\u00e1vel:<\/strong> Projetado para armazenamento de longo prazo e reprodutibilidade.<\/p>\n<\/li>\n<li data-start=\"4714\" data-end=\"4797\">\n<p data-start=\"4716\" data-end=\"4797\"><strong data-start=\"4716\" data-end=\"4739\">Embalagem segura:<\/strong> Herm\u00e9tico e resistente \u00e0 umidade para m\u00e1xima integridade.<\/p>\n<\/li>\n<li data-start=\"4798\" data-end=\"4883\">\n<p data-start=\"4800\" data-end=\"4883\"><strong data-start=\"4800\" data-end=\"4827\">De acordo com os regulamentos da UE:<\/strong> Produzido de acordo com as diretrizes de seguran\u00e7a europeias. metocin 4-ho-met<\/p>\n<\/li>\n<\/ul>\n<hr data-start=\"4885\" data-end=\"4888\" \/>\n<h2 data-start=\"4890\" data-end=\"4924\"><strong data-start=\"4893\" data-end=\"4924\">Benef\u00edcios para pesquisadores<\/strong><\/h2>\n<ul data-start=\"4926\" data-end=\"5206\">\n<li data-start=\"4926\" data-end=\"4998\">\n<p data-start=\"4928\" data-end=\"4998\">Adequado para <strong data-start=\"4942\" data-end=\"4995\">pesquisa anal\u00edtica, forense e toxicol\u00f3gica<\/strong>.<\/p>\n<\/li>\n<li data-start=\"4999\" data-end=\"5071\">\n<p data-start=\"5001\" data-end=\"5071\">Suportes <strong data-start=\"5013\" data-end=\"5042\">an\u00e1lises espectrosc\u00f3picas<\/strong> como LC-MS, GC-MS e RMN.<\/p>\n<\/li>\n<li data-start=\"5072\" data-end=\"5134\">\n<p data-start=\"5074\" data-end=\"5134\">Ajuda com <strong data-start=\"5084\" data-end=\"5114\">identifica\u00e7\u00e3o e valida\u00e7\u00e3o<\/strong> de conex\u00f5es.<\/p>\n<\/li>\n<li data-start=\"5135\" data-end=\"5206\">\n<p data-start=\"5137\" data-end=\"5206\">Ofertas <strong data-start=\"5143\" data-end=\"5177\">amostras de refer\u00eancia confi\u00e1veis<\/strong> para fins de pesquisa.<\/p>\n<\/li>\n<\/ul>\n<hr data-start=\"5208\" data-end=\"5211\" \/>\n<h2 data-start=\"5213\" data-end=\"5247\"><strong data-start=\"5216\" data-end=\"5247\">Uso (Contexto de pesquisa)<\/strong><\/h2>\n<ol data-start=\"5249\" data-end=\"5453\">\n<li data-start=\"5249\" data-end=\"5294\">\n<p data-start=\"5252\" data-end=\"5294\">Utilizar somente em laborat\u00f3rios credenciados.<\/p>\n<\/li>\n<li data-start=\"5295\" data-end=\"5355\">\n<p data-start=\"5298\" data-end=\"5355\">Use luvas, \u00f3culos de seguran\u00e7a e jaleco.<\/p>\n<\/li>\n<li data-start=\"5356\" data-end=\"5403\">\n<p data-start=\"5359\" data-end=\"5403\">Conservar em local fresco, seco e escuro (abaixo de 25\u00b0C).<\/p>\n<\/li>\n<li data-start=\"5404\" data-end=\"5453\">\n<p data-start=\"5407\" data-end=\"5453\">Descarte os res\u00edduos de acordo com as regulamenta\u00e7\u00f5es locais.<\/p>\n<\/li>\n<\/ol>\n<blockquote data-start=\"5455\" data-end=\"5552\">\n<p data-start=\"5457\" data-end=\"5552\"><strong data-start=\"5457\" data-end=\"5468\">OBS:<\/strong> <em data-start=\"5469\" data-end=\"5498\">Saco RC+ Metocin 3 pellets<\/em> \u00e9 <strong data-start=\"5502\" data-end=\"5551\">destinado apenas para fins de pesquisa<\/strong>.<\/p>\n<\/blockquote>\n<hr data-start=\"5554\" data-end=\"5557\" \/>\n<h2 data-start=\"5559\" data-end=\"5593\"><strong data-start=\"5562\" data-end=\"5593\">Perguntas Frequentes (FAQ&#039;s)<\/strong><\/h2>\n<p data-start=\"5595\" data-end=\"5743\"><strong data-start=\"5595\" data-end=\"5638\">1. Para que \u00e9 usado o RC+ Metocin?<\/strong><br data-start=\"5638\" data-end=\"5641\" \/>RC+ Metocin \u00e9 usado para <strong data-start=\"5673\" data-end=\"5714\">pesquisa anal\u00edtica e toxicol\u00f3gica<\/strong> aos compostos de triptamina.<\/p>\n<p data-start=\"5745\" data-end=\"5859\"><strong data-start=\"5745\" data-end=\"5784\">2. Quantos pellets um saco cont\u00e9m?<\/strong><br data-start=\"5784\" data-end=\"5787\" \/>Cada saco cont\u00e9m <strong data-start=\"5803\" data-end=\"5835\">3 pellets padronizados<\/strong> de igual pureza.<\/p>\n<p data-start=\"5861\" data-end=\"6014\"><strong data-start=\"5861\" data-end=\"5909\">3. Posso comprar RC+ Metocin como pessoa f\u00edsica?<\/strong><br data-start=\"5909\" data-end=\"5912\" \/>N\u00e3o, somente <strong data-start=\"5924\" data-end=\"5958\">institui\u00e7\u00f5es de pesquisa reconhecidas<\/strong> com a devida autoriza\u00e7\u00e3o poder\u00e1 adquirir este produto.<\/p>","protected":false},"excerpt":{"rendered":"<p>N\u00famero CAS: 77872-41-4<br \/>\nF\u00f3rmula: C13H18N2O<br \/>\nMassa molar: 218,3 g\/mol<br \/>\nPureza: \u226598%<\/p>","protected":false},"featured_media":21348,"comment_status":"closed","ping_status":"closed","template":"","meta":[],"product_brand":[82],"product_cat":[555],"product_tag":[858,857,871,636,673,635,870,326],"class_list":{"0":"post-24265","1":"product","2":"type-product","3":"status-publish","4":"has-post-thumbnail","6":"product_brand-research-chemical","7":"product_cat-b2b","8":"product_tag-4-acetoxy-met","9":"product_tag-4-ho-met-psychonaut","10":"product_tag-methylcybin","11":"product_tag-metocin","12":"product_tag-metocin-4-ho-met","13":"product_tag-metocin-kopen","14":"product_tag-metocin-tablet","15":"product_tag-nl","17":"first","18":"instock","19":"taxable","20":"shipping-taxable","21":"purchasable","22":"product-type-variable"},"_links":{"self":[{"href":"https:\/\/researchchemicalhub.com\/pt\/wp-json\/wp\/v2\/product\/24265","targetHints":{"allow":["GET"]}}],"collection":[{"href":"https:\/\/researchchemicalhub.com\/pt\/wp-json\/wp\/v2\/product"}],"about":[{"href":"https:\/\/researchchemicalhub.com\/pt\/wp-json\/wp\/v2\/types\/product"}],"replies":[{"embeddable":true,"href":"https:\/\/researchchemicalhub.com\/pt\/wp-json\/wp\/v2\/comments?post=24265"}],"version-history":[{"count":4,"href":"https:\/\/researchchemicalhub.com\/pt\/wp-json\/wp\/v2\/product\/24265\/revisions"}],"predecessor-version":[{"id":27822,"href":"https:\/\/researchchemicalhub.com\/pt\/wp-json\/wp\/v2\/product\/24265\/revisions\/27822"}],"wp:featuredmedia":[{"embeddable":true,"href":"https:\/\/researchchemicalhub.com\/pt\/wp-json\/wp\/v2\/media\/21348"}],"wp:attachment":[{"href":"https:\/\/researchchemicalhub.com\/pt\/wp-json\/wp\/v2\/media?parent=24265"}],"wp:term":[{"taxonomy":"product_brand","embeddable":true,"href":"https:\/\/researchchemicalhub.com\/pt\/wp-json\/wp\/v2\/product_brand?post=24265"},{"taxonomy":"product_cat","embeddable":true,"href":"https:\/\/researchchemicalhub.com\/pt\/wp-json\/wp\/v2\/product_cat?post=24265"},{"taxonomy":"product_tag","embeddable":true,"href":"https:\/\/researchchemicalhub.com\/pt\/wp-json\/wp\/v2\/product_tag?post=24265"}],"curies":[{"name":"wp","href":"https:\/\/api.w.org\/{rel}","templated":true}]}}