{"id":24217,"date":"2025-04-13T17:41:17","date_gmt":"2025-04-13T17:41:17","guid":{"rendered":"https:\/\/researchchemicalhub.com\/?post_type=product&#038;p=24217"},"modified":"2025-10-12T19:39:59","modified_gmt":"2025-10-12T19:39:59","slug":"2f-dck-hcl-zakje-1gr","status":"publish","type":"product","link":"https:\/\/researchchemicalhub.com\/pt\/shop\/b2b\/2f-dck-hcl-zakje-1gr\/","title":{"rendered":"Sach\u00ea de 2F-DCK HCl 1g"},"content":{"rendered":"<h2 data-start=\"3631\" data-end=\"3657\"><strong data-start=\"3634\" data-end=\"3657\">Descri\u00e7\u00e3o do produto<\/strong><\/h2>\n<p data-start=\"3659\" data-end=\"3993\"><strong data-start=\"3659\" data-end=\"3716\">2F-DCK HCl (cloridrato de 2-fluorodesclorocetamina)<\/strong> \u00e9 um <strong data-start=\"3724\" data-end=\"3762\">subst\u00e2ncia de pesquisa de alta pureza<\/strong>, pertencente ao <strong data-start=\"3780\" data-end=\"3809\">classe de arilciclohexilamina<\/strong>, relacionado aos an\u00e1logos da cetamina. 2f-dck hcl\u00a0<br data-start=\"3841\" data-end=\"3844\" \/>Esta conex\u00e3o \u00e9 destinada a <strong data-start=\"3876\" data-end=\"3914\">pesquisa anal\u00edtica e forense<\/strong> e suporta <strong data-start=\"3930\" data-end=\"3990\">an\u00e1lise estrutural, valida\u00e7\u00e3o e estudos toxicol\u00f3gicos<\/strong>.<\/p>\n<p data-start=\"3995\" data-end=\"4126\">Cada <strong data-start=\"3999\" data-end=\"4019\">Sach\u00ea de HCl 2F-DCK<\/strong> cont\u00e9m <strong data-start=\"4026\" data-end=\"4060\">1 grama de subst\u00e2ncia analiticamente pura<\/strong>, cuidadosamente embalado para garantir estabilidade e consist\u00eancia.<\/p>\n<p data-start=\"4128\" data-end=\"4264\">\u26a0\ufe0f <strong data-start=\"4131\" data-end=\"4142\">OBS:<\/strong> Este produto \u00e9 <strong data-start=\"4158\" data-end=\"4207\">destinado apenas para fins de pesquisa<\/strong> e <strong data-start=\"4211\" data-end=\"4263\">n\u00e3o \u00e9 adequado para uso humano ou animal<\/strong>.<\/p>\n<hr data-start=\"4266\" data-end=\"4269\" \/>\n<h2 data-start=\"4271\" data-end=\"4301\"><strong data-start=\"4274\" data-end=\"4301\">Principais caracter\u00edsticas<\/strong><\/h2>\n<ul data-start=\"4303\" data-end=\"4665\">\n<li data-start=\"4303\" data-end=\"4386\">\n<p data-start=\"4305\" data-end=\"4386\"><strong data-start=\"4305\" data-end=\"4325\">Alta Pureza:<\/strong> Qualidade laboratorial, adequada para pesquisa anal\u00edtica.<\/p>\n<\/li>\n<li data-start=\"4387\" data-end=\"4460\">\n<p data-start=\"4389\" data-end=\"4460\"><strong data-start=\"4389\" data-end=\"4411\">Forma est\u00e1vel de HCl:<\/strong> Boa solubilidade e estabilidade a longo prazo.<\/p>\n<\/li>\n<li data-start=\"4461\" data-end=\"4517\">\n<p data-start=\"4463\" data-end=\"4517\"><strong data-start=\"4463\" data-end=\"4486\">Pesado com precis\u00e3o:<\/strong> 1 grama por saco herm\u00e9tico.<\/p>\n<\/li>\n<li data-start=\"4518\" data-end=\"4584\">\n<p data-start=\"4520\" data-end=\"4584\"><strong data-start=\"4520\" data-end=\"4543\">Embalagem segura:<\/strong> Protege contra contamina\u00e7\u00e3o e umidade.<\/p>\n<\/li>\n<li data-start=\"4585\" data-end=\"4665\">\n<p data-start=\"4587\" data-end=\"4665\"><strong data-start=\"4587\" data-end=\"4614\">De acordo com os regulamentos da UE:<\/strong> Fabricado de acordo com os padr\u00f5es de seguran\u00e7a europeus.<\/p>\n<\/li>\n<\/ul>\n<hr data-start=\"4667\" data-end=\"4670\" \/>\n<h2 data-start=\"4672\" data-end=\"4703\"><strong data-start=\"4675\" data-end=\"4703\">Benef\u00edcios para a Pesquisa<\/strong><\/h2>\n<ul data-start=\"4705\" data-end=\"4964\">\n<li data-start=\"4705\" data-end=\"4765\">\n<p data-start=\"4707\" data-end=\"4765\">Adequado para <strong data-start=\"4721\" data-end=\"4762\">pesquisa forense e toxicol\u00f3gica<\/strong>.<\/p>\n<\/li>\n<li data-start=\"4766\" data-end=\"4833\">\n<p data-start=\"4768\" data-end=\"4833\">Suportes <strong data-start=\"4780\" data-end=\"4804\">m\u00e9todos anal\u00edticos<\/strong> como LC-MS, GC-MS e RMN.<\/p>\n<\/li>\n<li data-start=\"4834\" data-end=\"4907\">\n<p data-start=\"4836\" data-end=\"4907\">Ofertas <strong data-start=\"4842\" data-end=\"4876\">amostras de refer\u00eancia confi\u00e1veis<\/strong> para an\u00e1lises quantitativas.<\/p>\n<\/li>\n<li data-start=\"4908\" data-end=\"4964\">\n<p data-start=\"4910\" data-end=\"4964\">Fornece para <strong data-start=\"4921\" data-end=\"4961\">resultados de pesquisa reproduz\u00edveis<\/strong>. 2f-dck hcl<\/p>\n<\/li>\n<\/ul>\n<hr data-start=\"4966\" data-end=\"4969\" \/>\n<h2 data-start=\"4971\" data-end=\"5005\"><strong data-start=\"4974\" data-end=\"5005\">Uso (Contexto de pesquisa)<\/strong><\/h2>\n<ol data-start=\"5007\" data-end=\"5211\">\n<li data-start=\"5007\" data-end=\"5052\">\n<p data-start=\"5010\" data-end=\"5052\">Utilizar somente em laborat\u00f3rios credenciados.<\/p>\n<\/li>\n<li data-start=\"5053\" data-end=\"5113\">\n<p data-start=\"5056\" data-end=\"5113\">Use luvas, \u00f3culos de seguran\u00e7a e jaleco.<\/p>\n<\/li>\n<li data-start=\"5114\" data-end=\"5161\">\n<p data-start=\"5117\" data-end=\"5161\">Conservar em local fresco, seco e escuro (abaixo de 25\u00b0C).<\/p>\n<\/li>\n<li data-start=\"5162\" data-end=\"5211\">\n<p data-start=\"5165\" data-end=\"5211\">Descarte os res\u00edduos de acordo com as regulamenta\u00e7\u00f5es locais.<\/p>\n<\/li>\n<\/ol>\n<blockquote data-start=\"5213\" data-end=\"5303\">\n<p data-start=\"5215\" data-end=\"5303\"><strong data-start=\"5215\" data-end=\"5226\">OBS:<\/strong> <em data-start=\"5227\" data-end=\"5249\">Sach\u00ea de 2F-DCK HCl 1g<\/em> \u00e9 <strong data-start=\"5253\" data-end=\"5302\">destinado apenas para fins de pesquisa<\/strong>.<\/p>\n<\/blockquote>\n<hr data-start=\"5305\" data-end=\"5308\" \/>\n<h2 data-start=\"5310\" data-end=\"5344\"><strong data-start=\"5313\" data-end=\"5344\">Perguntas Frequentes (FAQ&#039;s)<\/strong><\/h2>\n<p data-start=\"5346\" data-end=\"5496\"><strong data-start=\"5346\" data-end=\"5388\">1. Para que \u00e9 usado o 2F-DCK HCl?<\/strong><br data-start=\"5388\" data-end=\"5391\" \/>Este tecido \u00e9 usado para <strong data-start=\"5421\" data-end=\"5459\">pesquisa anal\u00edtica e forense<\/strong> de compostos de arilciclohexilamina.<\/p>\n<p data-start=\"5498\" data-end=\"5593\"><strong data-start=\"5498\" data-end=\"5533\">2. Quanto tem em uma sacola?<\/strong><br data-start=\"5533\" data-end=\"5536\" \/>Cada saco cont\u00e9m <strong data-start=\"5552\" data-end=\"5562\">1 grama<\/strong> 2F-DCK HCl analiticamente puro.<\/p>\n<p data-start=\"5595\" data-end=\"5752\"><strong data-start=\"5595\" data-end=\"5642\">3. Posso comprar 2F-DCK HCl como pessoa f\u00edsica?<\/strong><br data-start=\"5642\" data-end=\"5645\" \/>N\u00e3o, este produto est\u00e1 dispon\u00edvel apenas para <strong data-start=\"5690\" data-end=\"5724\">institui\u00e7\u00f5es de pesquisa reconhecidas<\/strong> com as licen\u00e7as corretas.<\/p>","protected":false},"excerpt":{"rendered":"<p>Productbeschrijving 2F-DCK HCl (2-Fluoro Deschloroketamine Hydrochloride) is een onderzoeksstof van hoge zuiverheid, behorend tot de arylcyclohexylamineklasse, verwant aan ketamine-analogen. 2f-dck<\/p>","protected":false},"featured_media":21296,"comment_status":"closed","ping_status":"closed","template":"","meta":[],"product_brand":[82],"product_cat":[555],"product_tag":[271,272,273,860,862,326,274],"class_list":{"0":"post-24217","1":"product","2":"type-product","3":"status-publish","4":"has-post-thumbnail","6":"product_brand-research-chemical","7":"product_cat-b2b","8":"product_tag-2f-dck","9":"product_tag-2f-dck-kopen","10":"product_tag-2f-dck-hcl","11":"product_tag-2f-dck-reddit","12":"product_tag-ketamine-kopen","13":"product_tag-nl","14":"product_tag-what-is-2f-dck","16":"first","17":"instock","18":"taxable","19":"shipping-taxable","20":"purchasable","21":"product-type-variable"},"_links":{"self":[{"href":"https:\/\/researchchemicalhub.com\/pt\/wp-json\/wp\/v2\/product\/24217","targetHints":{"allow":["GET"]}}],"collection":[{"href":"https:\/\/researchchemicalhub.com\/pt\/wp-json\/wp\/v2\/product"}],"about":[{"href":"https:\/\/researchchemicalhub.com\/pt\/wp-json\/wp\/v2\/types\/product"}],"replies":[{"embeddable":true,"href":"https:\/\/researchchemicalhub.com\/pt\/wp-json\/wp\/v2\/comments?post=24217"}],"version-history":[{"count":4,"href":"https:\/\/researchchemicalhub.com\/pt\/wp-json\/wp\/v2\/product\/24217\/revisions"}],"predecessor-version":[{"id":27826,"href":"https:\/\/researchchemicalhub.com\/pt\/wp-json\/wp\/v2\/product\/24217\/revisions\/27826"}],"wp:featuredmedia":[{"embeddable":true,"href":"https:\/\/researchchemicalhub.com\/pt\/wp-json\/wp\/v2\/media\/21296"}],"wp:attachment":[{"href":"https:\/\/researchchemicalhub.com\/pt\/wp-json\/wp\/v2\/media?parent=24217"}],"wp:term":[{"taxonomy":"product_brand","embeddable":true,"href":"https:\/\/researchchemicalhub.com\/pt\/wp-json\/wp\/v2\/product_brand?post=24217"},{"taxonomy":"product_cat","embeddable":true,"href":"https:\/\/researchchemicalhub.com\/pt\/wp-json\/wp\/v2\/product_cat?post=24217"},{"taxonomy":"product_tag","embeddable":true,"href":"https:\/\/researchchemicalhub.com\/pt\/wp-json\/wp\/v2\/product_tag?post=24217"}],"curies":[{"name":"wp","href":"https:\/\/api.w.org\/{rel}","templated":true}]}}