{"id":24200,"date":"2025-04-13T17:41:14","date_gmt":"2025-04-13T17:41:14","guid":{"rendered":"https:\/\/researchchemicalhub.com\/?post_type=product&#038;p=24200"},"modified":"2025-10-12T20:05:31","modified_gmt":"2025-10-12T20:05:31","slug":"1p-lsd-zakje-3-blotters","status":"publish","type":"product","link":"https:\/\/researchchemicalhub.com\/pt\/shop\/b2b\/1p-lsd-zakje-3-blotters\/","title":{"rendered":"1 saco de LSD com 3 mata-borr\u00f5es"},"content":{"rendered":"<h2 data-start=\"3787\" data-end=\"3813\"><strong data-start=\"3790\" data-end=\"3813\">Descri\u00e7\u00e3o do produto<\/strong><\/h2>\n<p data-start=\"3815\" data-end=\"4065\"><strong data-start=\"3815\" data-end=\"3866\">1P-LSD (Dietilamida do \u00c1cido 1-Propionil-Lis\u00e9rgico)<\/strong> \u00e9 um <strong data-start=\"3874\" data-end=\"3917\">subst\u00e2ncia de pesquisa da classe lisergamida<\/strong>, relacionado ao LSD.<br data-start=\"3935\" data-end=\"3938\" \/>\u00c9 usado para <strong data-start=\"3962\" data-end=\"4015\">pesquisa anal\u00edtica, forense e neuroqu\u00edmica<\/strong> Desagrad\u00e1vel <strong data-start=\"4021\" data-end=\"4062\">propriedades estruturais e metab\u00f3licas<\/strong>pedir lsd<\/p>\n<p data-start=\"4067\" data-end=\"4231\">Cada <strong data-start=\"4071\" data-end=\"4087\">Saco 1P-LSD<\/strong> cont\u00e9m <strong data-start=\"4094\" data-end=\"4132\">3 mata-borr\u00f5es cuidadosamente elaborados<\/strong>, produzido em condi\u00e7\u00f5es controladas para <strong data-start=\"4186\" data-end=\"4216\">pureza e consist\u00eancia<\/strong> para garantir.<\/p>\n<p data-start=\"4233\" data-end=\"4369\">\u26a0\ufe0f <strong data-start=\"4236\" data-end=\"4247\">OBS:<\/strong> Este produto \u00e9 <strong data-start=\"4263\" data-end=\"4312\">destinado apenas para fins de pesquisa<\/strong> e <strong data-start=\"4316\" data-end=\"4368\">n\u00e3o \u00e9 adequado para uso humano ou animal<\/strong>.<\/p>\n<hr data-start=\"4371\" data-end=\"4374\" \/>\n<h2 data-start=\"4376\" data-end=\"4406\"><strong data-start=\"4379\" data-end=\"4406\">Principais caracter\u00edsticas<\/strong><\/h2>\n<ul data-start=\"4408\" data-end=\"4757\">\n<li data-start=\"4408\" data-end=\"4482\">\n<p data-start=\"4410\" data-end=\"4482\"><strong data-start=\"4410\" data-end=\"4430\">Alta Pureza:<\/strong> Adequado para pesquisas anal\u00edticas e forenses.<\/p>\n<\/li>\n<li data-start=\"4483\" data-end=\"4553\">\n<p data-start=\"4485\" data-end=\"4553\"><strong data-start=\"4485\" data-end=\"4517\">Blotters padronizados:<\/strong> Dosagem consistente por blotter.<\/p>\n<\/li>\n<li data-start=\"4554\" data-end=\"4612\">\n<p data-start=\"4556\" data-end=\"4612\"><strong data-start=\"4556\" data-end=\"4577\">Quimicamente est\u00e1vel:<\/strong> Adequado para armazenamento de longo prazo.<\/p>\n<\/li>\n<li data-start=\"4613\" data-end=\"4671\">\n<p data-start=\"4615\" data-end=\"4671\"><strong data-start=\"4615\" data-end=\"4638\">Embalagem segura:<\/strong> Saco herm\u00e9tico e selado.<\/p>\n<\/li>\n<li data-start=\"4672\" data-end=\"4757\">\n<p data-start=\"4674\" data-end=\"4757\"><strong data-start=\"4674\" data-end=\"4701\">De acordo com os regulamentos da UE:<\/strong> Fabricado de acordo com as diretrizes de seguran\u00e7a europeias.<\/p>\n<\/li>\n<\/ul>\n<hr data-start=\"4759\" data-end=\"4762\" \/>\n<h2 data-start=\"4764\" data-end=\"4795\"><strong data-start=\"4767\" data-end=\"4795\">Benef\u00edcios para a Pesquisa<\/strong><\/h2>\n<ul data-start=\"4797\" data-end=\"5044\">\n<li data-start=\"4797\" data-end=\"4865\">\n<p data-start=\"4799\" data-end=\"4865\">Suportes <strong data-start=\"4811\" data-end=\"4862\">desenvolvimento de m\u00e9todos anal\u00edticos e forenses<\/strong>.<\/p>\n<\/li>\n<li data-start=\"4866\" data-end=\"4923\">\n<p data-start=\"4868\" data-end=\"4923\">Adequado para <strong data-start=\"4882\" data-end=\"4920\">pesquisa neuroqu\u00edmica e de receptores<\/strong>.<\/p>\n<\/li>\n<li data-start=\"4924\" data-end=\"4992\">\n<p data-start=\"4926\" data-end=\"4992\">Ajuda com <strong data-start=\"4936\" data-end=\"4972\">estudos de compara\u00e7\u00e3o estrutural<\/strong> de lisergamidas.<\/p>\n<\/li>\n<li data-start=\"4993\" data-end=\"5044\">\n<p data-start=\"4995\" data-end=\"5044\">Ofertas <strong data-start=\"5001\" data-end=\"5041\">resultados de pesquisa reproduz\u00edveis<\/strong>pedir lsd<\/p>\n<\/li>\n<\/ul>\n<hr data-start=\"5046\" data-end=\"5049\" \/>\n<h2 data-start=\"5051\" data-end=\"5085\"><strong data-start=\"5054\" data-end=\"5085\">Uso (Contexto de pesquisa)<\/strong><\/h2>\n<ol data-start=\"5087\" data-end=\"5304\">\n<li data-start=\"5087\" data-end=\"5132\">\n<p data-start=\"5090\" data-end=\"5132\">Utilizar somente em laborat\u00f3rios credenciados.<\/p>\n<\/li>\n<li data-start=\"5133\" data-end=\"5193\">\n<p data-start=\"5136\" data-end=\"5193\">Use luvas, \u00f3culos de seguran\u00e7a e jaleco.<\/p>\n<\/li>\n<li data-start=\"5194\" data-end=\"5241\">\n<p data-start=\"5197\" data-end=\"5241\">Conservar em local fresco, seco e escuro (abaixo de 25\u00b0C).<\/p>\n<\/li>\n<li data-start=\"5242\" data-end=\"5304\">\n<p data-start=\"5245\" data-end=\"5304\">Descarte os res\u00edduos de acordo com as normas de seguran\u00e7a locais.<\/p>\n<\/li>\n<\/ol>\n<blockquote data-start=\"5306\" data-end=\"5399\">\n<p data-start=\"5308\" data-end=\"5399\"><strong data-start=\"5308\" data-end=\"5319\">OBS:<\/strong> <em data-start=\"5320\" data-end=\"5345\">1 saco de LSD com 3 mata-borr\u00f5es<\/em> \u00e9 <strong data-start=\"5349\" data-end=\"5398\">destinado apenas para fins de pesquisa<\/strong>.<\/p>\n<\/blockquote>\n<hr data-start=\"5401\" data-end=\"5404\" \/>\n<h2 data-start=\"5406\" data-end=\"5440\"><strong data-start=\"5409\" data-end=\"5440\">Perguntas Frequentes (FAQ&#039;s)<\/strong><\/h2>\n<p data-start=\"5442\" data-end=\"5578\"><strong data-start=\"5442\" data-end=\"5480\">1. Para que \u00e9 usado o 1P-LSD?<\/strong><br data-start=\"5480\" data-end=\"5483\" \/>1P-LSD \u00e9 usado para <strong data-start=\"5510\" data-end=\"5548\">pesquisa anal\u00edtica e forense<\/strong> aos compostos de lisergamida.<\/p>\n<p data-start=\"5580\" data-end=\"5695\"><strong data-start=\"5580\" data-end=\"5620\">2. Quantas gotas cont\u00e9m um sach\u00ea?<\/strong><br data-start=\"5620\" data-end=\"5623\" \/>Cada saco cont\u00e9m <strong data-start=\"5639\" data-end=\"5653\">3 mata-borr\u00f5es<\/strong> com uma composi\u00e7\u00e3o padronizada.<\/p>\n<p data-start=\"5697\" data-end=\"5822\"><strong data-start=\"5697\" data-end=\"5740\">3. Posso comprar 1P-LSD como pessoa f\u00edsica?<\/strong><br data-start=\"5740\" data-end=\"5743\" \/>N\u00e3o, este produto est\u00e1 dispon\u00edvel apenas para <strong data-start=\"5787\" data-end=\"5821\">institui\u00e7\u00f5es de pesquisa reconhecidas<\/strong>.<\/p>","protected":false},"excerpt":{"rendered":"<p>Productbeschrijving 1P-LSD (1-Propionyl-Lysergic Acid Diethylamide) is een onderzoeksstof uit de lysergamideklasse, verwant aan LSD.Het wordt gebruikt voor analytisch, forensisch en<\/p>","protected":false},"featured_media":21263,"comment_status":"closed","ping_status":"closed","template":"","meta":[],"product_brand":[],"product_cat":[555],"product_tag":[774,326],"class_list":{"0":"post-24200","1":"product","2":"type-product","3":"status-publish","4":"has-post-thumbnail","6":"product_cat-b2b","7":"product_tag-lsd-bestellen","8":"product_tag-nl","10":"first","11":"instock","12":"taxable","13":"shipping-taxable","14":"purchasable","15":"product-type-variable"},"_links":{"self":[{"href":"https:\/\/researchchemicalhub.com\/pt\/wp-json\/wp\/v2\/product\/24200","targetHints":{"allow":["GET"]}}],"collection":[{"href":"https:\/\/researchchemicalhub.com\/pt\/wp-json\/wp\/v2\/product"}],"about":[{"href":"https:\/\/researchchemicalhub.com\/pt\/wp-json\/wp\/v2\/types\/product"}],"replies":[{"embeddable":true,"href":"https:\/\/researchchemicalhub.com\/pt\/wp-json\/wp\/v2\/comments?post=24200"}],"version-history":[{"count":4,"href":"https:\/\/researchchemicalhub.com\/pt\/wp-json\/wp\/v2\/product\/24200\/revisions"}],"predecessor-version":[{"id":27833,"href":"https:\/\/researchchemicalhub.com\/pt\/wp-json\/wp\/v2\/product\/24200\/revisions\/27833"}],"wp:featuredmedia":[{"embeddable":true,"href":"https:\/\/researchchemicalhub.com\/pt\/wp-json\/wp\/v2\/media\/21263"}],"wp:attachment":[{"href":"https:\/\/researchchemicalhub.com\/pt\/wp-json\/wp\/v2\/media?parent=24200"}],"wp:term":[{"taxonomy":"product_brand","embeddable":true,"href":"https:\/\/researchchemicalhub.com\/pt\/wp-json\/wp\/v2\/product_brand?post=24200"},{"taxonomy":"product_cat","embeddable":true,"href":"https:\/\/researchchemicalhub.com\/pt\/wp-json\/wp\/v2\/product_cat?post=24200"},{"taxonomy":"product_tag","embeddable":true,"href":"https:\/\/researchchemicalhub.com\/pt\/wp-json\/wp\/v2\/product_tag?post=24200"}],"curies":[{"name":"wp","href":"https:\/\/api.w.org\/{rel}","templated":true}]}}