{"id":24196,"date":"2025-04-13T17:41:14","date_gmt":"2025-04-13T17:41:14","guid":{"rendered":"https:\/\/researchchemicalhub.com\/?post_type=product&#038;p=24196"},"modified":"2025-10-12T19:51:32","modified_gmt":"2025-10-12T19:51:32","slug":"2-mmc-hcl-zakje-1gr","status":"publish","type":"product","link":"https:\/\/researchchemicalhub.com\/pt\/shop\/b2b\/2-mmc-hcl-zakje-1gr\/","title":{"rendered":"Sach\u00ea de 2-MMC HCl 1g"},"content":{"rendered":"<h2 data-start=\"3615\" data-end=\"3641\"><strong data-start=\"3618\" data-end=\"3641\">Descri\u00e7\u00e3o do produto<\/strong><\/h2>\n<p data-start=\"3643\" data-end=\"3946\"><strong data-start=\"3643\" data-end=\"3694\">2-MMC HCl (cloridrato de 2-metilmetcatinona)<\/strong> \u00e9 um <strong data-start=\"3702\" data-end=\"3746\">material de pesquisa de n\u00edvel laboratorial<\/strong>, pertencente ao <strong data-start=\"3764\" data-end=\"3783\">classe catinona<\/strong>.<br data-start=\"3784\" data-end=\"3787\" \/>\u00c9 usado para <strong data-start=\"3811\" data-end=\"3864\">pesquisa anal\u00edtica, toxicol\u00f3gica e forense<\/strong>, entre outros em <strong data-start=\"3883\" data-end=\"3943\">identifica\u00e7\u00e3o e compara\u00e7\u00e3o de compostos qu\u00edmicos<\/strong>. 2 mmc<\/p>\n<p data-start=\"3948\" data-end=\"4071\">Cada <strong data-start=\"3952\" data-end=\"3971\">Sach\u00ea de HCl 2-MMC<\/strong> cont\u00e9m <strong data-start=\"3978\" data-end=\"4001\">1 grama de subst\u00e2ncia pura<\/strong>, cuidadosamente embalado para <strong data-start=\"4025\" data-end=\"4056\">estabilidade e consist\u00eancia<\/strong> para garantir.<\/p>\n<p data-start=\"4073\" data-end=\"4209\">\u26a0\ufe0f <strong data-start=\"4076\" data-end=\"4087\">OBS:<\/strong> Este produto \u00e9 <strong data-start=\"4103\" data-end=\"4152\">destinado apenas para fins de pesquisa<\/strong> e <strong data-start=\"4156\" data-end=\"4208\">n\u00e3o \u00e9 adequado para uso humano ou animal<\/strong>.<\/p>\n<hr data-start=\"4211\" data-end=\"4214\" \/>\n<h2 data-start=\"4216\" data-end=\"4246\"><strong data-start=\"4219\" data-end=\"4246\">Principais caracter\u00edsticas<\/strong><\/h2>\n<ul data-start=\"4248\" data-end=\"4596\">\n<li data-start=\"4248\" data-end=\"4321\">\n<p data-start=\"4250\" data-end=\"4321\"><strong data-start=\"4250\" data-end=\"4270\">Alta Pureza:<\/strong> Adequado para pesquisas laboratoriais avan\u00e7adas.<\/p>\n<\/li>\n<li data-start=\"4322\" data-end=\"4386\">\n<p data-start=\"4324\" data-end=\"4386\"><strong data-start=\"4324\" data-end=\"4346\">Forma est\u00e1vel de HCl:<\/strong> Resistente \u00e0 degrada\u00e7\u00e3o e oxida\u00e7\u00e3o.<\/p>\n<\/li>\n<li data-start=\"4387\" data-end=\"4443\">\n<p data-start=\"4389\" data-end=\"4443\"><strong data-start=\"4389\" data-end=\"4412\">Pesado com precis\u00e3o:<\/strong> 1 grama por saco herm\u00e9tico.<\/p>\n<\/li>\n<li data-start=\"4444\" data-end=\"4510\">\n<p data-start=\"4446\" data-end=\"4510\"><strong data-start=\"4446\" data-end=\"4469\">Embalagem segura:<\/strong> Protege contra umidade e contamina\u00e7\u00e3o.<\/p>\n<\/li>\n<li data-start=\"4511\" data-end=\"4596\">\n<p data-start=\"4513\" data-end=\"4596\"><strong data-start=\"4513\" data-end=\"4540\">De acordo com os regulamentos da UE:<\/strong> Fabricado de acordo com as diretrizes de seguran\u00e7a europeias.<\/p>\n<\/li>\n<\/ul>\n<hr data-start=\"4598\" data-end=\"4601\" \/>\n<h2 data-start=\"4603\" data-end=\"4634\"><strong data-start=\"4606\" data-end=\"4634\">Benef\u00edcios para a Pesquisa<\/strong><\/h2>\n<ul data-start=\"4636\" data-end=\"4884\">\n<li data-start=\"4636\" data-end=\"4696\">\n<p data-start=\"4638\" data-end=\"4696\">Adequado para <strong data-start=\"4652\" data-end=\"4693\">pesquisa toxicol\u00f3gica e anal\u00edtica<\/strong>.<\/p>\n<\/li>\n<li data-start=\"4697\" data-end=\"4757\">\n<p data-start=\"4699\" data-end=\"4757\">Suportes <strong data-start=\"4711\" data-end=\"4734\">desenvolvimento de m\u00e9todos<\/strong> (GC-MS, LC-MS, RMN).<\/p>\n<\/li>\n<li data-start=\"4758\" data-end=\"4827\">\n<p data-start=\"4760\" data-end=\"4827\">Ofertas <strong data-start=\"4766\" data-end=\"4800\">amostras de refer\u00eancia confi\u00e1veis<\/strong> para uso forense. 2 mmc<\/p>\n<\/li>\n<li data-start=\"4828\" data-end=\"4884\">\n<p data-start=\"4830\" data-end=\"4884\">Fornece para <strong data-start=\"4841\" data-end=\"4881\">resultados de pesquisa reproduz\u00edveis<\/strong>.<\/p>\n<\/li>\n<\/ul>\n<hr data-start=\"4886\" data-end=\"4889\" \/>\n<h2 data-start=\"4891\" data-end=\"4925\"><strong data-start=\"4894\" data-end=\"4925\">Uso (Contexto de pesquisa)<\/strong><\/h2>\n<ol data-start=\"4927\" data-end=\"5123\">\n<li data-start=\"4927\" data-end=\"4972\">\n<p data-start=\"4930\" data-end=\"4972\">Utilizar somente em laborat\u00f3rios credenciados.<\/p>\n<\/li>\n<li data-start=\"4973\" data-end=\"5024\">\n<p data-start=\"4976\" data-end=\"5024\">Use luvas, \u00f3culos de seguran\u00e7a e jaleco.<\/p>\n<\/li>\n<li data-start=\"5025\" data-end=\"5072\">\n<p data-start=\"5028\" data-end=\"5072\">Conservar em local fresco, seco e escuro (abaixo de 25\u00b0C).<\/p>\n<\/li>\n<li data-start=\"5073\" data-end=\"5123\">\n<p data-start=\"5076\" data-end=\"5123\">Descarte os res\u00edduos de acordo com as regulamenta\u00e7\u00f5es ambientais locais.<\/p>\n<\/li>\n<\/ol>\n<blockquote data-start=\"5125\" data-end=\"5214\">\n<p data-start=\"5127\" data-end=\"5214\"><strong data-start=\"5127\" data-end=\"5138\">OBS:<\/strong> <em data-start=\"5139\" data-end=\"5160\">Sach\u00ea de 2-MMC HCl 1g<\/em> \u00e9 <strong data-start=\"5164\" data-end=\"5213\">destinado apenas para fins de pesquisa<\/strong>.<\/p>\n<\/blockquote>\n<hr data-start=\"5216\" data-end=\"5219\" \/>\n<h2 data-start=\"5221\" data-end=\"5255\"><strong data-start=\"5224\" data-end=\"5255\">Perguntas Frequentes (FAQ&#039;s)<\/strong><\/h2>\n<p data-start=\"5257\" data-end=\"5394\"><strong data-start=\"5257\" data-end=\"5298\">1. Para que \u00e9 usado o 2-MMC HCl?<\/strong><br data-start=\"5298\" data-end=\"5301\" \/>2-MMC HCl \u00e9 usado para <strong data-start=\"5331\" data-end=\"5369\">pesquisa anal\u00edtica e forense<\/strong> aos an\u00e1logos da catinona.<\/p>\n<p data-start=\"5396\" data-end=\"5480\"><strong data-start=\"5396\" data-end=\"5432\">2. Quantos gramas cont\u00e9m um sach\u00ea?<\/strong><br data-start=\"5432\" data-end=\"5435\" \/>Cada saco cont\u00e9m <strong data-start=\"5451\" data-end=\"5479\">1 grama de HCl 2-MMC puro<\/strong>.<\/p>\n<p data-start=\"5482\" data-end=\"5638\"><strong data-start=\"5482\" data-end=\"5528\">3. Posso comprar 2-MMC HCl como pessoa f\u00edsica?<\/strong><br data-start=\"5528\" data-end=\"5531\" \/>N\u00e3o, este produto est\u00e1 dispon\u00edvel apenas para <strong data-start=\"5576\" data-end=\"5610\">institui\u00e7\u00f5es de pesquisa reconhecidas<\/strong> com as licen\u00e7as corretas.<\/p>","protected":false},"excerpt":{"rendered":"<p>Productbeschrijving 2-MMC HCl (2-Methylmethcathinone Hydrochloride) is een onderzoeksstof van laboratoriumkwaliteit, behorend tot de cathinoneklasse.Het wordt gebruikt voor analytisch, toxicologisch en<\/p>","protected":false},"featured_media":21260,"comment_status":"closed","ping_status":"closed","template":"","meta":[],"product_brand":[82],"product_cat":[555],"product_tag":[89,88,83,326,94,93],"class_list":{"0":"post-24196","1":"product","2":"type-product","3":"status-publish","4":"has-post-thumbnail","6":"product_brand-research-chemical","7":"product_cat-b2b","8":"product_tag-2-mmc","9":"product_tag-2-mmc-ervaringen","10":"product_tag-2-mmc-kopen","11":"product_tag-nl","12":"product_tag-wat-doet-2-mmc","13":"product_tag-wat-is-2-mmc","15":"first","16":"instock","17":"taxable","18":"shipping-taxable","19":"purchasable","20":"product-type-variable"},"_links":{"self":[{"href":"https:\/\/researchchemicalhub.com\/pt\/wp-json\/wp\/v2\/product\/24196","targetHints":{"allow":["GET"]}}],"collection":[{"href":"https:\/\/researchchemicalhub.com\/pt\/wp-json\/wp\/v2\/product"}],"about":[{"href":"https:\/\/researchchemicalhub.com\/pt\/wp-json\/wp\/v2\/types\/product"}],"replies":[{"embeddable":true,"href":"https:\/\/researchchemicalhub.com\/pt\/wp-json\/wp\/v2\/comments?post=24196"}],"version-history":[{"count":4,"href":"https:\/\/researchchemicalhub.com\/pt\/wp-json\/wp\/v2\/product\/24196\/revisions"}],"predecessor-version":[{"id":27831,"href":"https:\/\/researchchemicalhub.com\/pt\/wp-json\/wp\/v2\/product\/24196\/revisions\/27831"}],"wp:featuredmedia":[{"embeddable":true,"href":"https:\/\/researchchemicalhub.com\/pt\/wp-json\/wp\/v2\/media\/21260"}],"wp:attachment":[{"href":"https:\/\/researchchemicalhub.com\/pt\/wp-json\/wp\/v2\/media?parent=24196"}],"wp:term":[{"taxonomy":"product_brand","embeddable":true,"href":"https:\/\/researchchemicalhub.com\/pt\/wp-json\/wp\/v2\/product_brand?post=24196"},{"taxonomy":"product_cat","embeddable":true,"href":"https:\/\/researchchemicalhub.com\/pt\/wp-json\/wp\/v2\/product_cat?post=24196"},{"taxonomy":"product_tag","embeddable":true,"href":"https:\/\/researchchemicalhub.com\/pt\/wp-json\/wp\/v2\/product_tag?post=24196"}],"curies":[{"name":"wp","href":"https:\/\/api.w.org\/{rel}","templated":true}]}}