{"id":24194,"date":"2025-04-13T17:41:13","date_gmt":"2025-04-13T17:41:13","guid":{"rendered":"https:\/\/researchchemicalhub.com\/?post_type=product&#038;p=24194"},"modified":"2025-10-30T07:17:37","modified_gmt":"2025-10-30T07:17:37","slug":"2-fma","status":"publish","type":"product","link":"https:\/\/researchchemicalhub.com\/pt\/shop\/b2b\/2-fma\/","title":{"rendered":"Caixa RC+ Fluor 2-FMA 30mg"},"content":{"rendered":"<h3 data-start=\"4860\" data-end=\"4879\"><strong data-start=\"4864\" data-end=\"4879\">Introdu\u00e7\u00e3o<\/strong><\/h3>\n<p data-start=\"4880\" data-end=\"5253\">O <strong data-start=\"4883\" data-end=\"4911\">Caixa RC+ Fluor 2-FMA 30mg<\/strong> cont\u00e9m <strong data-start=\"4918\" data-end=\"4958\">2-Fluoroanfetamina (2-FMA) de alta pureza<\/strong>, Um <strong data-start=\"4964\" data-end=\"4994\">fenetilamina fluorada<\/strong> que pertence ao <strong data-start=\"5014\" data-end=\"5034\">classe de anfetaminas<\/strong>. Conhecido por seu perfil estimulante est\u00e1vel e propriedades farmacol\u00f3gicas \u00fanicas, <strong data-start=\"5128\" data-end=\"5137\">2-FMA<\/strong> frequentemente usado em <strong data-start=\"5155\" data-end=\"5203\">pesquisa neuroqu\u00edmica e psicoestimulante<\/strong> Desagrad\u00e1vel <strong data-start=\"5209\" data-end=\"5250\">atividade da dopamina e da noradrenalina<\/strong>. 2-fma<\/p>\n<p data-start=\"5255\" data-end=\"5454\">Cada comprimido \u00e9 fabricado com precis\u00e3o em condi\u00e7\u00f5es de laborat\u00f3rio para <strong data-start=\"5331\" data-end=\"5407\">dosagem precisa, consist\u00eancia confi\u00e1vel e estabilidade a longo prazo<\/strong> \u2013 essencial para a pesquisa anal\u00edtica moderna.<\/p>\n<hr data-start=\"5456\" data-end=\"5459\" \/>\n<h3 data-start=\"5461\" data-end=\"5492\"><strong data-start=\"5465\" data-end=\"5492\">Principais caracter\u00edsticas<\/strong><\/h3>\n<ul data-start=\"5493\" data-end=\"5972\">\n<li data-start=\"5493\" data-end=\"5582\">\n<p data-start=\"5495\" data-end=\"5582\"><strong data-start=\"5495\" data-end=\"5527\">Alta pureza anal\u00edtica:<\/strong> Cont\u00e9m <strong data-start=\"5534\" data-end=\"5568\">30mg de 2-Fluoroanfetamina (2-FMA)<\/strong> por comprimido.<\/p>\n<\/li>\n<li data-start=\"5583\" data-end=\"5673\">\n<p data-start=\"5585\" data-end=\"5673\"><strong data-start=\"5585\" data-end=\"5611\">Qualidade do laborat\u00f3rio:<\/strong> Destinado apenas para uso <strong data-start=\"5632\" data-end=\"5670\">aplica\u00e7\u00f5es de pesquisa e an\u00e1lise<\/strong>.<\/p>\n<\/li>\n<li data-start=\"5674\" data-end=\"5771\">\n<p data-start=\"5676\" data-end=\"5771\"><strong data-start=\"5676\" data-end=\"5703\">Embalagem RC+ segura:<\/strong> Selado profissionalmente, resistente \u00e0 umidade e devidamente etiquetado.<\/p>\n<\/li>\n<li data-start=\"5772\" data-end=\"5861\">\n<p data-start=\"5774\" data-end=\"5861\"><strong data-start=\"5774\" data-end=\"5800\">Produ\u00e7\u00e3o rastre\u00e1vel:<\/strong> Equipado com <strong data-start=\"5814\" data-end=\"5858\">n\u00fameros de lote e certificados de laborat\u00f3rio<\/strong>.<\/p>\n<\/li>\n<li data-start=\"5862\" data-end=\"5972\">\n<p data-start=\"5864\" data-end=\"5972\"><strong data-start=\"5864\" data-end=\"5888\">Conex\u00e3o est\u00e1vel:<\/strong> A estrutura do fl\u00faor aumenta a <strong data-start=\"5919\" data-end=\"5969\">estabilidade qu\u00edmica e seletividade do receptor<\/strong>.<\/p>\n<\/li>\n<\/ul>\n<hr data-start=\"5974\" data-end=\"5977\" \/>\n<h3 data-start=\"5979\" data-end=\"5996\"><strong data-start=\"5983\" data-end=\"5996\">Vantagens<\/strong><\/h3>\n<ul data-start=\"5997\" data-end=\"6376\">\n<li data-start=\"5997\" data-end=\"6082\">\n<p data-start=\"5999\" data-end=\"6082\">Suportes <strong data-start=\"6011\" data-end=\"6038\">exame neuroqu\u00edmico<\/strong> \u00e0 atividade dopamin\u00e9rgica e adren\u00e9rgica.<\/p>\n<\/li>\n<li data-start=\"6083\" data-end=\"6159\">\n<p data-start=\"6085\" data-end=\"6159\">Adequado para <strong data-start=\"6099\" data-end=\"6125\">pesquisa comparativa<\/strong> com outras variantes de anfetamina.<\/p>\n<\/li>\n<li data-start=\"6160\" data-end=\"6242\">\n<p data-start=\"6162\" data-end=\"6242\">Fornece para <strong data-start=\"6173\" data-end=\"6209\">resultados consistentes e mensur\u00e1veis<\/strong> em laborat\u00f3rios controlados.<\/p>\n<\/li>\n<li data-start=\"6243\" data-end=\"6313\">\n<p data-start=\"6245\" data-end=\"6313\">Ideal para <strong data-start=\"6257\" data-end=\"6310\">pesquisa acad\u00eamica, forense e farmac\u00eautica<\/strong>.<\/p>\n<\/li>\n<li data-start=\"6314\" data-end=\"6376\">\n<p data-start=\"6316\" data-end=\"6376\">Ofertas <strong data-start=\"6322\" data-end=\"6355\">excelente estabilidade de armazenamento<\/strong> gra\u00e7as \u00e0 fluora\u00e7\u00e3o.<\/p>\n<\/li>\n<\/ul>\n<hr data-start=\"6378\" data-end=\"6381\" \/>\n<h3 data-start=\"6383\" data-end=\"6398\"><strong data-start=\"6387\" data-end=\"6398\">Uso<\/strong><\/h3>\n<p data-start=\"6399\" data-end=\"6525\">O <strong data-start=\"6402\" data-end=\"6430\">Caixa RC+ Fluor 2-FMA 30mg<\/strong> destina-se exclusivamente a <strong data-start=\"6459\" data-end=\"6499\">aplica\u00e7\u00f5es laboratoriais e anal\u00edticas<\/strong>.<br data-start=\"6500\" data-end=\"6503\" \/>Os pesquisadores devem:<\/p>\n<ul data-start=\"6526\" data-end=\"6811\">\n<li data-start=\"6526\" data-end=\"6600\">\n<p data-start=\"6528\" data-end=\"6600\"><strong data-start=\"6528\" data-end=\"6552\">Roupas de prote\u00e7\u00e3o<\/strong> desgaste (luvas, \u00f3culos de prote\u00e7\u00e3o, jaleco).<\/p>\n<\/li>\n<li data-start=\"6601\" data-end=\"6670\">\n<p data-start=\"6603\" data-end=\"6670\">Salvar em <strong data-start=\"6617\" data-end=\"6625\">25\u00b0C<\/strong> em um <strong data-start=\"6633\" data-end=\"6667\">local fresco, seco e escuro<\/strong>.<\/p>\n<\/li>\n<li data-start=\"6671\" data-end=\"6729\">\n<p data-start=\"6673\" data-end=\"6729\">Exposi\u00e7\u00e3o a <strong data-start=\"6691\" data-end=\"6716\">luz, ar e umidade<\/strong> para evitar.<\/p>\n<\/li>\n<li data-start=\"6730\" data-end=\"6811\">\n<p data-start=\"6732\" data-end=\"6811\">Fa\u00e7a uso de <strong data-start=\"6750\" data-end=\"6782\">equipamento de medi\u00e7\u00e3o calibrado<\/strong> para an\u00e1lises precisas.<\/p>\n<\/li>\n<\/ul>\n<hr data-start=\"6813\" data-end=\"6816\" \/>\n<h3 data-start=\"6818\" data-end=\"6847\"><strong data-start=\"6822\" data-end=\"6847\">Informa\u00e7\u00f5es de seguran\u00e7a<\/strong><\/h3>\n<ul data-start=\"6848\" data-end=\"7056\">\n<li data-start=\"6848\" data-end=\"6886\">\n<p data-start=\"6850\" data-end=\"6886\">Somente para <strong data-start=\"6862\" data-end=\"6883\">uso de pesquisa<\/strong>.<\/p>\n<\/li>\n<li data-start=\"6887\" data-end=\"6949\">\n<p data-start=\"6889\" data-end=\"6949\"><strong data-start=\"6889\" data-end=\"6947\">N\u00e3o \u00e9 adequado para consumo humano ou animal. 2-fma<\/strong><\/p>\n<\/li>\n<li data-start=\"6950\" data-end=\"6998\">\n<p data-start=\"6952\" data-end=\"6998\">Siga o <strong data-start=\"6960\" data-end=\"6995\">regulamentos de seguran\u00e7a locais<\/strong>.<\/p>\n<\/li>\n<li data-start=\"6999\" data-end=\"7056\">\n<p data-start=\"7001\" data-end=\"7056\">Fora do alcance de <strong data-start=\"7019\" data-end=\"7046\">crian\u00e7as e pessoas n\u00e3o autorizadas<\/strong> para manter.<\/p>\n<\/li>\n<\/ul>\n<hr data-start=\"7058\" data-end=\"7061\" \/>\n<h3 data-start=\"7063\" data-end=\"7096\"><strong data-start=\"7067\" data-end=\"7096\">Perguntas Frequentes (FAQ)<\/strong><\/h3>\n<p data-start=\"7098\" data-end=\"7280\"><strong data-start=\"7098\" data-end=\"7154\">1. Para que \u00e9 usado o RC+ Fluor 2-FMA 30mg Box?<\/strong><br data-start=\"7154\" data-end=\"7157\" \/>\u00c9 usado em <strong data-start=\"7179\" data-end=\"7230\">pesquisa neuroqu\u00edmica e psicofarmacol\u00f3gica<\/strong>, focado principalmente em <strong data-start=\"7250\" data-end=\"7279\">transportadores de catecolaminas<\/strong>.<\/p>\n<p data-start=\"7282\" data-end=\"7495\"><strong data-start=\"7282\" data-end=\"7335\">2. O que distingue o 2-FMA de outras anfetaminas?<\/strong><br data-start=\"7335\" data-end=\"7338\" \/>2-FMA \u00e9 um <strong data-start=\"7351\" data-end=\"7390\">variante fluorada da anfetamina<\/strong>, conhecido por seu <strong data-start=\"7407\" data-end=\"7458\">efeito duradouro e at\u00e9 estimulante<\/strong>, ideal para an\u00e1lises comparativas.<\/p>\n<p data-start=\"7497\" data-end=\"7647\"><strong data-start=\"7497\" data-end=\"7532\">3. Como deve ser armazenado?<\/strong><br data-start=\"7532\" data-end=\"7535\" \/>Economize em um <strong data-start=\"7549\" data-end=\"7583\">local fresco, seco e escuro<\/strong>, sob <strong data-start=\"7591\" data-end=\"7599\">25\u00b0C<\/strong>, no <strong data-start=\"7607\" data-end=\"7646\">embalagem original lacrada RC+<\/strong>.<\/p>\n<hr data-start=\"7649\" data-end=\"7652\" \/>\n<h3 data-start=\"7654\" data-end=\"7671\"><strong data-start=\"7658\" data-end=\"7671\">Conclus\u00e3o<\/strong><\/h3>\n<p data-start=\"7672\" data-end=\"8008\">O <strong data-start=\"7675\" data-end=\"7703\">Caixa RC+ Fluor 2-FMA 30mg<\/strong> \u00e9 um <strong data-start=\"7711\" data-end=\"7750\">escolha confi\u00e1vel para pesquisadores<\/strong> que se concentram em <strong data-start=\"7771\" data-end=\"7846\">farmacologia estimulante, ci\u00eancia comportamental e pesquisa neuroqu\u00edmica<\/strong>. Gra\u00e7as ao <strong data-start=\"7859\" data-end=\"7938\">pureza garantida, estabilidade qu\u00edmica e embalagem profissional<\/strong> oferece este produto <strong data-start=\"7957\" data-end=\"7987\">resultados reproduz\u00edveis<\/strong> em todos os laborat\u00f3rios.<\/p>","protected":false},"excerpt":{"rendered":"<p><strong><span dir=\"auto\" style=\"vertical-align: inherit;\"><span dir=\"auto\" style=\"vertical-align: inherit;\">Sin\u00f4nimo<\/span><\/span><\/strong><span dir=\"auto\" style=\"vertical-align: inherit;\"><span dir=\"auto\" style=\"vertical-align: inherit;\"> : Fluorometanfetamina <\/span><\/span><br \/>\n<strong><span dir=\"auto\" style=\"vertical-align: inherit;\"><span dir=\"auto\" style=\"vertical-align: inherit;\">N\u00famero CAS<\/span><\/span><\/strong><span dir=\"auto\" style=\"vertical-align: inherit;\"><span dir=\"auto\" style=\"vertical-align: inherit;\"> : 1780004-19-4 <\/span><\/span><br \/>\n<strong><span dir=\"auto\" style=\"vertical-align: inherit;\"><span dir=\"auto\" style=\"vertical-align: inherit;\">F\u00f3rmula<\/span><\/span><\/strong><span dir=\"auto\" style=\"vertical-align: inherit;\"><span dir=\"auto\" style=\"vertical-align: inherit;\"> : C10H14FN \u2022 HCL <\/span><\/span><br \/>\n<strong><span dir=\"auto\" style=\"vertical-align: inherit;\"><span dir=\"auto\" style=\"vertical-align: inherit;\">Massa molar<\/span><\/span><\/strong><span dir=\"auto\" style=\"vertical-align: inherit;\"><span dir=\"auto\" style=\"vertical-align: inherit;\"> : 203,7 g\/mol <\/span><\/span><br \/>\n<strong><span dir=\"auto\" style=\"vertical-align: inherit;\"><span dir=\"auto\" style=\"vertical-align: inherit;\">Pureza<\/span><\/span><\/strong><span dir=\"auto\" style=\"vertical-align: inherit;\"><span dir=\"auto\" style=\"vertical-align: inherit;\"> : \u226599%<\/span><\/span><\/p>","protected":false},"featured_media":28606,"comment_status":"closed","ping_status":"closed","template":"","meta":[],"product_brand":[82],"product_cat":[555],"product_tag":[572,617,618,589,619,326],"class_list":{"0":"post-24194","1":"product","2":"type-product","3":"status-publish","4":"has-post-thumbnail","6":"product_brand-research-chemical","7":"product_cat-b2b","8":"product_tag-2-fma-kopen","9":"product_tag-2-fma","10":"product_tag-2fma","11":"product_tag-2fma-drugs","12":"product_tag-2fma-kopen","13":"product_tag-nl","15":"first","16":"instock","17":"taxable","18":"shipping-taxable","19":"purchasable","20":"product-type-variable"},"_links":{"self":[{"href":"https:\/\/researchchemicalhub.com\/pt\/wp-json\/wp\/v2\/product\/24194","targetHints":{"allow":["GET"]}}],"collection":[{"href":"https:\/\/researchchemicalhub.com\/pt\/wp-json\/wp\/v2\/product"}],"about":[{"href":"https:\/\/researchchemicalhub.com\/pt\/wp-json\/wp\/v2\/types\/product"}],"replies":[{"embeddable":true,"href":"https:\/\/researchchemicalhub.com\/pt\/wp-json\/wp\/v2\/comments?post=24194"}],"version-history":[{"count":5,"href":"https:\/\/researchchemicalhub.com\/pt\/wp-json\/wp\/v2\/product\/24194\/revisions"}],"predecessor-version":[{"id":25396,"href":"https:\/\/researchchemicalhub.com\/pt\/wp-json\/wp\/v2\/product\/24194\/revisions\/25396"}],"wp:featuredmedia":[{"embeddable":true,"href":"https:\/\/researchchemicalhub.com\/pt\/wp-json\/wp\/v2\/media\/28606"}],"wp:attachment":[{"href":"https:\/\/researchchemicalhub.com\/pt\/wp-json\/wp\/v2\/media?parent=24194"}],"wp:term":[{"taxonomy":"product_brand","embeddable":true,"href":"https:\/\/researchchemicalhub.com\/pt\/wp-json\/wp\/v2\/product_brand?post=24194"},{"taxonomy":"product_cat","embeddable":true,"href":"https:\/\/researchchemicalhub.com\/pt\/wp-json\/wp\/v2\/product_cat?post=24194"},{"taxonomy":"product_tag","embeddable":true,"href":"https:\/\/researchchemicalhub.com\/pt\/wp-json\/wp\/v2\/product_tag?post=24194"}],"curies":[{"name":"wp","href":"https:\/\/api.w.org\/{rel}","templated":true}]}}