{"id":24185,"date":"2025-04-13T17:41:13","date_gmt":"2025-04-13T17:41:13","guid":{"rendered":"https:\/\/researchchemicalhub.com\/?post_type=product&#038;p=24185"},"modified":"2025-10-12T20:28:18","modified_gmt":"2025-10-12T20:28:18","slug":"flubrotizolam-half-life","status":"publish","type":"product","link":"https:\/\/researchchemicalhub.com\/pt\/shop\/b2b\/flubrotizolam-half-life\/","title":{"rendered":"RC+ Flubrotizolam 0,5 MG Caixa"},"content":{"rendered":"<h2 data-start=\"3808\" data-end=\"3834\"><strong data-start=\"3811\" data-end=\"3834\">Descri\u00e7\u00e3o do produto<\/strong><\/h2>\n<p data-start=\"3836\" data-end=\"4166\"><strong data-start=\"3836\" data-end=\"3868\">RC+ Flubrotizolam 0,5 MG Caixa<\/strong> cont\u00e9m <strong data-start=\"3875\" data-end=\"3904\">Flubrotizolam de alta pureza<\/strong>, uma conex\u00e3o do <strong data-start=\"3928\" data-end=\"3961\">classe tienotriazolodiazepina<\/strong>, desenvolvido para <strong data-start=\"3979\" data-end=\"4032\">pesquisa toxicol\u00f3gica, anal\u00edtica e forense<\/strong>.<br data-start=\"4033\" data-end=\"4036\" \/>Faz parte do <strong data-start=\"4062\" data-end=\"4085\">S\u00e9rie de pesquisas RC+<\/strong>, conhecido por seu <strong data-start=\"4102\" data-end=\"4163\">formula\u00e7\u00f5es padronizadas e qualidade consistente<\/strong>.<\/p>\n<p data-start=\"4168\" data-end=\"4325\">Cada caixa cont\u00e9m <strong data-start=\"4183\" data-end=\"4225\">Pellets de 0,5 mg de pureza de pesquisa<\/strong>, produzido em condi\u00e7\u00f5es controladas de laborat\u00f3rio de acordo com os padr\u00f5es de seguran\u00e7a europeus.<\/p>\n<p data-start=\"4327\" data-end=\"4463\">\u26a0\ufe0f <strong data-start=\"4330\" data-end=\"4341\">OBS:<\/strong> Este produto \u00e9 <strong data-start=\"4357\" data-end=\"4406\">destinado apenas para fins de pesquisa<\/strong> e <strong data-start=\"4410\" data-end=\"4462\">n\u00e3o \u00e9 adequado para uso humano ou animal<\/strong>.<\/p>\n<hr data-start=\"4465\" data-end=\"4468\" \/>\n<h2 data-start=\"4470\" data-end=\"4500\"><strong data-start=\"4473\" data-end=\"4500\">Principais caracter\u00edsticas<\/strong><\/h2>\n<ul data-start=\"4502\" data-end=\"4872\">\n<li data-start=\"4502\" data-end=\"4567\">\n<p data-start=\"4504\" data-end=\"4567\"><strong data-start=\"4504\" data-end=\"4524\">Alta Pureza:<\/strong> Fabricado de acordo com padr\u00f5es de laborat\u00f3rio.<\/p>\n<\/li>\n<li data-start=\"4568\" data-end=\"4648\">\n<p data-start=\"4570\" data-end=\"4648\"><strong data-start=\"4570\" data-end=\"4602\">Dosagem padronizada:<\/strong> 0,5 mg por pellet para an\u00e1lise precisa.<\/p>\n<\/li>\n<li data-start=\"4649\" data-end=\"4714\">\n<p data-start=\"4651\" data-end=\"4714\"><strong data-start=\"4651\" data-end=\"4676\">Formula\u00e7\u00e3o est\u00e1vel:<\/strong> Resistente \u00e0 degrada\u00e7\u00e3o qu\u00edmica.<\/p>\n<\/li>\n<li data-start=\"4715\" data-end=\"4786\">\n<p data-start=\"4717\" data-end=\"4786\"><strong data-start=\"4717\" data-end=\"4740\">Embalagem segura:<\/strong> Herm\u00e9tico e selado contra contamina\u00e7\u00e3o.<\/p>\n<\/li>\n<li data-start=\"4787\" data-end=\"4872\">\n<p data-start=\"4789\" data-end=\"4872\"><strong data-start=\"4789\" data-end=\"4816\">De acordo com os regulamentos da UE:<\/strong> Fabricado de acordo com as diretrizes de seguran\u00e7a europeias.<\/p>\n<\/li>\n<\/ul>\n<hr data-start=\"4874\" data-end=\"4877\" \/>\n<h2 data-start=\"4879\" data-end=\"4913\"><strong data-start=\"4882\" data-end=\"4913\">Benef\u00edcios para pesquisadores<\/strong><\/h2>\n<ul data-start=\"4915\" data-end=\"5186\">\n<li data-start=\"4915\" data-end=\"4975\">\n<p data-start=\"4917\" data-end=\"4975\">Adequado para <strong data-start=\"4931\" data-end=\"4972\">pesquisa forense e toxicol\u00f3gica<\/strong>.<\/p>\n<\/li>\n<li data-start=\"4976\" data-end=\"5049\">\n<p data-start=\"4978\" data-end=\"5049\">Suportes <strong data-start=\"4990\" data-end=\"5026\">desenvolvimento de m\u00e9todos anal\u00edticos<\/strong> (LC-MS, GC-MS, RMN).<\/p>\n<\/li>\n<li data-start=\"5050\" data-end=\"5114\">\n<p data-start=\"5052\" data-end=\"5114\">Ofertas <strong data-start=\"5058\" data-end=\"5080\">amostras de refer\u00eancia<\/strong> para compara\u00e7\u00e3o e valida\u00e7\u00e3o.<\/p>\n<\/li>\n<li data-start=\"5115\" data-end=\"5186\">\n<p data-start=\"5117\" data-end=\"5186\">Fornece para <strong data-start=\"5128\" data-end=\"5183\">resultados de pesquisa reprodut\u00edveis e confi\u00e1veis<\/strong>.<\/p>\n<\/li>\n<\/ul>\n<hr data-start=\"5188\" data-end=\"5191\" \/>\n<h2 data-start=\"5193\" data-end=\"5227\"><strong data-start=\"5196\" data-end=\"5227\">Uso (Contexto de pesquisa)<\/strong><\/h2>\n<ol data-start=\"5229\" data-end=\"5446\">\n<li data-start=\"5229\" data-end=\"5274\">\n<p data-start=\"5232\" data-end=\"5274\">Utilizar somente em laborat\u00f3rios credenciados.<\/p>\n<\/li>\n<li data-start=\"5275\" data-end=\"5335\">\n<p data-start=\"5278\" data-end=\"5335\">Use luvas, \u00f3culos de seguran\u00e7a e jaleco.<\/p>\n<\/li>\n<li data-start=\"5336\" data-end=\"5383\">\n<p data-start=\"5339\" data-end=\"5383\">Conservar em local fresco, seco e escuro (abaixo de 25\u00b0C).<\/p>\n<\/li>\n<li data-start=\"5384\" data-end=\"5446\">\n<p data-start=\"5387\" data-end=\"5446\">Descarte os res\u00edduos de acordo com as normas de seguran\u00e7a locais.<\/p>\n<\/li>\n<\/ol>\n<blockquote data-start=\"5448\" data-end=\"5546\">\n<p data-start=\"5450\" data-end=\"5546\"><strong data-start=\"5450\" data-end=\"5461\">OBS:<\/strong> <em data-start=\"5462\" data-end=\"5492\">RC+ Flubrotizolam 0,5 MG Caixa<\/em> \u00e9 <strong data-start=\"5496\" data-end=\"5545\">destinado apenas para fins de pesquisa<\/strong>.<\/p>\n<\/blockquote>\n<hr data-start=\"5548\" data-end=\"5551\" \/>\n<h2 data-start=\"5553\" data-end=\"5587\"><strong data-start=\"5556\" data-end=\"5587\">Perguntas Frequentes (FAQ&#039;s)<\/strong><\/h2>\n<p data-start=\"5589\" data-end=\"5761\"><strong data-start=\"5589\" data-end=\"5638\">1. Para que \u00e9 usado o RC+ Flubrotizolam?<\/strong><br data-start=\"5638\" data-end=\"5641\" \/>RC+ Flubrotizolam \u00e9 usado para <strong data-start=\"5679\" data-end=\"5717\">pesquisa anal\u00edtica e forense<\/strong> aos compostos tienotriazolodiazep\u00ednicos.<\/p>\n<p data-start=\"5763\" data-end=\"5871\"><strong data-start=\"5763\" data-end=\"5792\">2. Quanto cont\u00e9m uma caixa?<\/strong><br data-start=\"5792\" data-end=\"5795\" \/>Cada caixa cont\u00e9m <strong data-start=\"5810\" data-end=\"5827\">Pellets de 0,5 mg<\/strong> com uma composi\u00e7\u00e3o padronizada.<\/p>\n<p data-start=\"5873\" data-end=\"6011\"><strong data-start=\"5873\" data-end=\"5927\">3. Posso comprar RC+ Flubrotizolam como indiv\u00edduo?<\/strong><br data-start=\"5927\" data-end=\"5930\" \/>N\u00e3o, este produto est\u00e1 dispon\u00edvel apenas para <strong data-start=\"5974\" data-end=\"6008\">institui\u00e7\u00f5es de pesquisa reconhecidas<\/strong>.<\/p>","protected":false},"excerpt":{"rendered":"<p>Productbeschrijving RC+ Flubrotizolam 0,5 MG Box bevat hoogzuivere Flubrotizolam, een verbinding uit de thienotriazolodiazepineklasse, ontwikkeld voor toxicologisch, analytisch en forensisch<\/p>","protected":false},"featured_media":21250,"comment_status":"closed","ping_status":"closed","template":"","meta":[],"product_brand":[82],"product_cat":[555],"product_tag":[150,153,154,151,152,155,326],"class_list":{"0":"post-24185","1":"product","2":"type-product","3":"status-publish","4":"has-post-thumbnail","6":"product_brand-research-chemical","7":"product_cat-b2b","8":"product_tag-flubrotizolam","9":"product_tag-flubrotizolam-dosage","10":"product_tag-flubrotizolam-ervaring","11":"product_tag-flubrotizolam-half-life","12":"product_tag-flubrotizolam-werking","13":"product_tag-flunitrazolam-bijwerkingen","14":"product_tag-nl","16":"first","17":"instock","18":"taxable","19":"shipping-taxable","20":"purchasable","21":"product-type-simple"},"_links":{"self":[{"href":"https:\/\/researchchemicalhub.com\/pt\/wp-json\/wp\/v2\/product\/24185","targetHints":{"allow":["GET"]}}],"collection":[{"href":"https:\/\/researchchemicalhub.com\/pt\/wp-json\/wp\/v2\/product"}],"about":[{"href":"https:\/\/researchchemicalhub.com\/pt\/wp-json\/wp\/v2\/types\/product"}],"replies":[{"embeddable":true,"href":"https:\/\/researchchemicalhub.com\/pt\/wp-json\/wp\/v2\/comments?post=24185"}],"version-history":[{"count":4,"href":"https:\/\/researchchemicalhub.com\/pt\/wp-json\/wp\/v2\/product\/24185\/revisions"}],"predecessor-version":[{"id":27839,"href":"https:\/\/researchchemicalhub.com\/pt\/wp-json\/wp\/v2\/product\/24185\/revisions\/27839"}],"wp:featuredmedia":[{"embeddable":true,"href":"https:\/\/researchchemicalhub.com\/pt\/wp-json\/wp\/v2\/media\/21250"}],"wp:attachment":[{"href":"https:\/\/researchchemicalhub.com\/pt\/wp-json\/wp\/v2\/media?parent=24185"}],"wp:term":[{"taxonomy":"product_brand","embeddable":true,"href":"https:\/\/researchchemicalhub.com\/pt\/wp-json\/wp\/v2\/product_brand?post=24185"},{"taxonomy":"product_cat","embeddable":true,"href":"https:\/\/researchchemicalhub.com\/pt\/wp-json\/wp\/v2\/product_cat?post=24185"},{"taxonomy":"product_tag","embeddable":true,"href":"https:\/\/researchchemicalhub.com\/pt\/wp-json\/wp\/v2\/product_tag?post=24185"}],"curies":[{"name":"wp","href":"https:\/\/api.w.org\/{rel}","templated":true}]}}