{"id":24181,"date":"2025-04-13T17:41:13","date_gmt":"2025-04-13T17:41:13","guid":{"rendered":"https:\/\/researchchemicalhub.com\/?post_type=product&#038;p=24181"},"modified":"2025-10-12T20:21:20","modified_gmt":"2025-10-12T20:21:20","slug":"flubromazepam-halfwaardetijd","status":"publish","type":"product","link":"https:\/\/researchchemicalhub.com\/pt\/shop\/b2b\/flubromazepam-halfwaardetijd\/","title":{"rendered":"Caixa de Flubromazepam 10 MG"},"content":{"rendered":"<h2 data-start=\"3803\" data-end=\"3829\"><strong data-start=\"3806\" data-end=\"3829\">Descri\u00e7\u00e3o do produto<\/strong><\/h2>\n<p data-start=\"3831\" data-end=\"4136\"><strong data-start=\"3831\" data-end=\"3858\">Caixa de Flubromazepam 10 MG<\/strong> \u00e9 um <strong data-start=\"3866\" data-end=\"3920\">benzodiazepine-verbinding van onderzoekszuiverheid<\/strong>, projetado para <strong data-start=\"3937\" data-end=\"3991\">pesquisa forense, farmacol\u00f3gica e anal\u00edtica<\/strong>. Flubromazepam halfwaardetijd\u00a0<br data-start=\"3992\" data-end=\"3995\" \/>Het wordt vaak gebruikt als <strong data-start=\"4023\" data-end=\"4046\">padr\u00e3o de refer\u00eancia<\/strong> voor de identificatie en analyse van benzodiazepine-analogen in laboratoriumomgevingen.<\/p>\n<p data-start=\"4138\" data-end=\"4287\">Cada caixa cont\u00e9m <strong data-start=\"4153\" data-end=\"4175\">10mg Flubromazepam<\/strong>, cuidadosamente composto para <strong data-start=\"4206\" data-end=\"4257\">consistentie, zuiverheid en reproduceerbaarheid<\/strong> em aplica\u00e7\u00f5es anal\u00edticas.<\/p>\n<p data-start=\"4289\" data-end=\"4425\">\u26a0\ufe0f <strong data-start=\"4292\" data-end=\"4303\">OBS:<\/strong> Este produto \u00e9 <strong data-start=\"4319\" data-end=\"4368\">destinado apenas para fins de pesquisa<\/strong> e <strong data-start=\"4372\" data-end=\"4424\">n\u00e3o \u00e9 adequado para uso humano ou animal<\/strong>.<\/p>\n<hr data-start=\"4427\" data-end=\"4430\" \/>\n<h2 data-start=\"4432\" data-end=\"4462\"><strong data-start=\"4435\" data-end=\"4462\">Principais caracter\u00edsticas<\/strong><\/h2>\n<ul data-start=\"4464\" data-end=\"4832\">\n<li data-start=\"4464\" data-end=\"4529\">\n<p data-start=\"4466\" data-end=\"4529\"><strong data-start=\"4466\" data-end=\"4486\">Alta Pureza:<\/strong> Fabricado de acordo com padr\u00f5es de laborat\u00f3rio.<\/p>\n<\/li>\n<li data-start=\"4530\" data-end=\"4601\">\n<p data-start=\"4532\" data-end=\"4601\"><strong data-start=\"4532\" data-end=\"4557\">Dosagem precisa:<\/strong> 10mg per box voor betrouwbare resultaten.<\/p>\n<\/li>\n<li data-start=\"4602\" data-end=\"4675\">\n<p data-start=\"4604\" data-end=\"4675\"><strong data-start=\"4604\" data-end=\"4629\">Formula\u00e7\u00e3o est\u00e1vel:<\/strong> Resistente \u00e0 degrada\u00e7\u00e3o com armazenamento adequado.<\/p>\n<\/li>\n<li data-start=\"4676\" data-end=\"4746\">\n<p data-start=\"4678\" data-end=\"4746\"><strong data-start=\"4678\" data-end=\"4701\">Embalagem segura:<\/strong> Selado e protegido contra contamina\u00e7\u00e3o.<\/p>\n<\/li>\n<li data-start=\"4747\" data-end=\"4832\">\n<p data-start=\"4749\" data-end=\"4832\"><strong data-start=\"4749\" data-end=\"4776\">De acordo com os regulamentos da UE:<\/strong> Fabricado de acordo com as diretrizes de seguran\u00e7a europeias.<\/p>\n<\/li>\n<\/ul>\n<hr data-start=\"4834\" data-end=\"4837\" \/>\n<h2 data-start=\"4839\" data-end=\"4873\"><strong data-start=\"4842\" data-end=\"4873\">Benef\u00edcios para pesquisadores<\/strong><\/h2>\n<ul data-start=\"4875\" data-end=\"5146\">\n<li data-start=\"4875\" data-end=\"4935\">\n<p data-start=\"4877\" data-end=\"4935\">Adequado para <strong data-start=\"4891\" data-end=\"4932\">pesquisa forense e toxicol\u00f3gica<\/strong>.<\/p>\n<\/li>\n<li data-start=\"4936\" data-end=\"5009\">\n<p data-start=\"4938\" data-end=\"5009\">Suportes <strong data-start=\"4950\" data-end=\"4986\">desenvolvimento de m\u00e9todos anal\u00edticos<\/strong> (LC-MS, GC-MS, NMR). Flubromazepam halfwaardetijd<\/p>\n<\/li>\n<li data-start=\"5010\" data-end=\"5074\">\n<p data-start=\"5012\" data-end=\"5074\">Ofertas <strong data-start=\"5018\" data-end=\"5040\">amostras de refer\u00eancia<\/strong> para compara\u00e7\u00e3o e valida\u00e7\u00e3o.<\/p>\n<\/li>\n<li data-start=\"5075\" data-end=\"5146\">\n<p data-start=\"5077\" data-end=\"5146\">Fornece para <strong data-start=\"5088\" data-end=\"5143\">resultados de pesquisa precisos e reproduz\u00edveis<\/strong>.<\/p>\n<\/li>\n<\/ul>\n<hr data-start=\"5148\" data-end=\"5151\" \/>\n<h2 data-start=\"5153\" data-end=\"5187\"><strong data-start=\"5156\" data-end=\"5187\">Uso (Contexto de pesquisa)<\/strong><\/h2>\n<ol data-start=\"5189\" data-end=\"5406\">\n<li data-start=\"5189\" data-end=\"5234\">\n<p data-start=\"5192\" data-end=\"5234\">Utilizar somente em laborat\u00f3rios credenciados.<\/p>\n<\/li>\n<li data-start=\"5235\" data-end=\"5295\">\n<p data-start=\"5238\" data-end=\"5295\">Use luvas, \u00f3culos de seguran\u00e7a e jaleco.<\/p>\n<\/li>\n<li data-start=\"5296\" data-end=\"5343\">\n<p data-start=\"5299\" data-end=\"5343\">Conservar em local fresco, seco e escuro (abaixo de 25\u00b0C).<\/p>\n<\/li>\n<li data-start=\"5344\" data-end=\"5406\">\n<p data-start=\"5347\" data-end=\"5406\">Descarte os res\u00edduos de acordo com as normas de seguran\u00e7a locais.<\/p>\n<\/li>\n<\/ol>\n<blockquote data-start=\"5408\" data-end=\"5501\">\n<p data-start=\"5410\" data-end=\"5501\"><strong data-start=\"5410\" data-end=\"5421\">OBS:<\/strong> <em data-start=\"5422\" data-end=\"5447\">Caixa de Flubromazepam 10 MG<\/em> \u00e9 <strong data-start=\"5451\" data-end=\"5500\">destinado apenas para fins de pesquisa<\/strong>.<\/p>\n<\/blockquote>\n<hr data-start=\"5503\" data-end=\"5506\" \/>\n<h2 data-start=\"5508\" data-end=\"5542\"><strong data-start=\"5511\" data-end=\"5542\">Perguntas Frequentes (FAQ&#039;s)<\/strong><\/h2>\n<p data-start=\"5544\" data-end=\"5670\"><strong data-start=\"5544\" data-end=\"5589\">1. Waarvoor wordt Flubromazepam gebruikt?<\/strong><br data-start=\"5589\" data-end=\"5592\" \/>Para <strong data-start=\"5597\" data-end=\"5635\">pesquisa anal\u00edtica e forense<\/strong> aos compostos benzodiazep\u00ednicos.<\/p>\n<p data-start=\"5672\" data-end=\"5770\"><strong data-start=\"5672\" data-end=\"5701\">2. Quanto cont\u00e9m uma caixa?<\/strong><br data-start=\"5701\" data-end=\"5704\" \/>Cada caixa cont\u00e9m <strong data-start=\"5719\" data-end=\"5741\">10mg Flubromazepam<\/strong> de qualidade laboratorial.<\/p>\n<p data-start=\"5772\" data-end=\"5906\"><strong data-start=\"5772\" data-end=\"5822\">3. Mag ik Flubromazepam kopen als particulier?<\/strong><br data-start=\"5822\" data-end=\"5825\" \/>N\u00e3o, este produto est\u00e1 dispon\u00edvel apenas para <strong data-start=\"5869\" data-end=\"5903\">institui\u00e7\u00f5es de pesquisa reconhecidas<\/strong>.<\/p>","protected":false},"excerpt":{"rendered":"<p>Productbeschrijving Flubromazepam 10 MG Box is een benzodiazepine-verbinding van onderzoekszuiverheid, ontworpen voor forensisch, farmacologisch en analytisch onderzoek. Flubromazepam halfwaardetijd\u00a0Het wordt<\/p>","protected":false},"featured_media":21246,"comment_status":"closed","ping_status":"closed","template":"","meta":[],"product_brand":[82],"product_cat":[555],"product_tag":[139,140,142,141,143,326],"class_list":{"0":"post-24181","1":"product","2":"type-product","3":"status-publish","4":"has-post-thumbnail","6":"product_brand-research-chemical","7":"product_cat-b2b","8":"product_tag-flubromazepam-effects","9":"product_tag-flubromazepam-ervaring","10":"product_tag-flubromazepam-halfwaardetijd","11":"product_tag-flubromazepam-werking","12":"product_tag-how-to-test-flubromazepam-pellets","13":"product_tag-nl","15":"first","16":"instock","17":"taxable","18":"shipping-taxable","19":"purchasable","20":"product-type-variable"},"_links":{"self":[{"href":"https:\/\/researchchemicalhub.com\/pt\/wp-json\/wp\/v2\/product\/24181","targetHints":{"allow":["GET"]}}],"collection":[{"href":"https:\/\/researchchemicalhub.com\/pt\/wp-json\/wp\/v2\/product"}],"about":[{"href":"https:\/\/researchchemicalhub.com\/pt\/wp-json\/wp\/v2\/types\/product"}],"replies":[{"embeddable":true,"href":"https:\/\/researchchemicalhub.com\/pt\/wp-json\/wp\/v2\/comments?post=24181"}],"version-history":[{"count":4,"href":"https:\/\/researchchemicalhub.com\/pt\/wp-json\/wp\/v2\/product\/24181\/revisions"}],"predecessor-version":[{"id":27837,"href":"https:\/\/researchchemicalhub.com\/pt\/wp-json\/wp\/v2\/product\/24181\/revisions\/27837"}],"wp:featuredmedia":[{"embeddable":true,"href":"https:\/\/researchchemicalhub.com\/pt\/wp-json\/wp\/v2\/media\/21246"}],"wp:attachment":[{"href":"https:\/\/researchchemicalhub.com\/pt\/wp-json\/wp\/v2\/media?parent=24181"}],"wp:term":[{"taxonomy":"product_brand","embeddable":true,"href":"https:\/\/researchchemicalhub.com\/pt\/wp-json\/wp\/v2\/product_brand?post=24181"},{"taxonomy":"product_cat","embeddable":true,"href":"https:\/\/researchchemicalhub.com\/pt\/wp-json\/wp\/v2\/product_cat?post=24181"},{"taxonomy":"product_tag","embeddable":true,"href":"https:\/\/researchchemicalhub.com\/pt\/wp-json\/wp\/v2\/product_tag?post=24181"}],"curies":[{"name":"wp","href":"https:\/\/api.w.org\/{rel}","templated":true}]}}