{"id":24154,"date":"2025-04-13T17:41:09","date_gmt":"2025-04-13T17:41:09","guid":{"rendered":"https:\/\/researchchemicalhub.com\/?post_type=product&#038;p=24154"},"modified":"2025-10-12T20:57:52","modified_gmt":"2025-10-12T20:57:52","slug":"green-mandala","status":"publish","type":"product","link":"https:\/\/researchchemicalhub.com\/pt\/shop\/b2b\/green-mandala\/","title":{"rendered":"Mandala Verde"},"content":{"rendered":"<h3 data-start=\"4598\" data-end=\"4617\"><strong data-start=\"4602\" data-end=\"4617\">Introdu\u00e7\u00e3o<\/strong><\/h3>\n<p data-start=\"4618\" data-end=\"4961\">O <strong data-start=\"4621\" data-end=\"4638\">Mandala Verde<\/strong> simboliza <strong data-start=\"4652\" data-end=\"4687\">renova\u00e7\u00e3o, cura e equil\u00edbrio<\/strong>, e harmoniza corpo, mente e alma atrav\u00e9s do poder calmante do verde. Mandalas, origin\u00e1rias de antigas <strong data-start=\"4802\" data-end=\"4848\">Tradi\u00e7\u00f5es hindus e budistas<\/strong>, t\u00eam sido usados h\u00e1 s\u00e9culos como ferramentas espirituais para centralizar a energia e restaurar o equil\u00edbrio. Compre 4 fma<\/p>\n<p data-start=\"4963\" data-end=\"5283\">O verde, a cor da natureza e da vida, representa <strong data-start=\"5018\" data-end=\"5060\">crescimento, compaix\u00e3o e recupera\u00e7\u00e3o emocional<\/strong>. Combinado com a geometria sagrada da mandala, isso forma um poderoso s\u00edmbolo de <strong data-start=\"5151\" data-end=\"5198\">paz interior, renova\u00e7\u00e3o e aten\u00e7\u00e3o plena<\/strong>O <strong data-start=\"5203\" data-end=\"5220\">Mandala Verde<\/strong> transforma qualquer ambiente em um <strong data-start=\"5250\" data-end=\"5282\">o\u00e1sis de paz e serenidade<\/strong>.<\/p>\n<hr data-start=\"5285\" data-end=\"5288\" \/>\n<h3 data-start=\"5290\" data-end=\"5321\"><strong data-start=\"5294\" data-end=\"5321\">Principais caracter\u00edsticas<\/strong><\/h3>\n<ul data-start=\"5322\" data-end=\"5849\">\n<li data-start=\"5322\" data-end=\"5424\">\n<p data-start=\"5324\" data-end=\"5424\"><strong data-start=\"5324\" data-end=\"5351\">Paleta Verde Suavizante:<\/strong> Criado com ricos tons de verde que promovem calma, equil\u00edbrio e cura.<\/p>\n<\/li>\n<li data-start=\"5425\" data-end=\"5551\">\n<p data-start=\"5427\" data-end=\"5551\"><strong data-start=\"5427\" data-end=\"5450\">Design Simb\u00f3lico:<\/strong> Representa o <strong data-start=\"5471\" data-end=\"5495\">Chakra do Cora\u00e7\u00e3o (Anahata)<\/strong> \u2013 o centro do amor, da compaix\u00e3o e da conex\u00e3o.<\/p>\n<\/li>\n<li data-start=\"5552\" data-end=\"5658\">\n<p data-start=\"5554\" data-end=\"5658\"><strong data-start=\"5554\" data-end=\"5573\">Alta qualidade:<\/strong> Dispon\u00edvel como <strong data-start=\"5591\" data-end=\"5623\">tela, p\u00f4ster ou tape\u00e7aria<\/strong> com cores vibrantes e duradouras.<\/p>\n<\/li>\n<li data-start=\"5659\" data-end=\"5761\">\n<p data-start=\"5661\" data-end=\"5761\"><strong data-start=\"5661\" data-end=\"5685\">Geometria Intrincada:<\/strong> Baseado na arte tradicional da mandala, s\u00edmbolo de unidade e harmonia.<\/p>\n<\/li>\n<li data-start=\"5762\" data-end=\"5849\">\n<p data-start=\"5764\" data-end=\"5849\"><strong data-start=\"5764\" data-end=\"5786\">Design vers\u00e1til:<\/strong> Serve perfeitamente em ambos <strong data-start=\"5809\" data-end=\"5846\">interiores modernos e espirituais<\/strong>.<\/p>\n<\/li>\n<\/ul>\n<hr data-start=\"5851\" data-end=\"5854\" \/>\n<h3 data-start=\"5856\" data-end=\"5873\"><strong data-start=\"5860\" data-end=\"5873\">Vantagens<\/strong><\/h3>\n<ul data-start=\"5874\" data-end=\"6332\">\n<li data-start=\"5874\" data-end=\"5993\">\n<p data-start=\"5876\" data-end=\"5993\"><strong data-start=\"5876\" data-end=\"5909\">Promove cura e equil\u00edbrio:<\/strong> O verde ajuda <strong data-start=\"5922\" data-end=\"5960\">para restaurar o equil\u00edbrio emocional<\/strong> e criar paz interior.<\/p>\n<\/li>\n<li data-start=\"5994\" data-end=\"6073\">\n<p data-start=\"5996\" data-end=\"6073\"><strong data-start=\"5996\" data-end=\"6026\">Suporta o Chakra Card\u00edaco:<\/strong> Refor\u00e7ado <strong data-start=\"6037\" data-end=\"6070\">amor, empatia e compaix\u00e3o<\/strong>.<\/p>\n<\/li>\n<li data-start=\"6074\" data-end=\"6153\">\n<p data-start=\"6076\" data-end=\"6153\"><strong data-start=\"6076\" data-end=\"6103\">Estimula a aten\u00e7\u00e3o plena:<\/strong> Ideal para <strong data-start=\"6116\" data-end=\"6150\">ioga, medita\u00e7\u00e3o ou relaxamento<\/strong>.<\/p>\n<\/li>\n<li data-start=\"6154\" data-end=\"6243\">\n<p data-start=\"6156\" data-end=\"6243\"><strong data-start=\"6156\" data-end=\"6178\">Reduz o estresse:<\/strong> As cores naturais evocam sentimentos de calma e tranquilidade.<\/p>\n<\/li>\n<li data-start=\"6244\" data-end=\"6332\">\n<p data-start=\"6246\" data-end=\"6332\"><strong data-start=\"6246\" data-end=\"6270\">Interior melhorado:<\/strong> D\u00e1 a cada quarto um <strong data-start=\"6293\" data-end=\"6329\">apar\u00eancia serena e elegante<\/strong>.<\/p>\n<\/li>\n<\/ul>\n<hr data-start=\"6334\" data-end=\"6337\" \/>\n<h3 data-start=\"6339\" data-end=\"6354\"><strong data-start=\"6343\" data-end=\"6354\">Uso<\/strong><\/h3>\n<ol data-start=\"6355\" data-end=\"6774\">\n<li data-start=\"6355\" data-end=\"6461\">\n<p data-start=\"6358\" data-end=\"6461\"><strong data-start=\"6358\" data-end=\"6380\">Como decora\u00e7\u00e3o de parede:<\/strong> Pendure o <strong data-start=\"6389\" data-end=\"6406\">Mandala Verde<\/strong> em quartos, est\u00fadios de ioga ou \u00e1reas de relaxamento.<\/p>\n<\/li>\n<li data-start=\"6462\" data-end=\"6581\">\n<p data-start=\"6465\" data-end=\"6581\"><strong data-start=\"6465\" data-end=\"6484\">Para Medita\u00e7\u00e3o:<\/strong> Concentre seu olhar no centro da mandala e respire profundamente enquanto visualiza a energia verde.<\/p>\n<\/li>\n<li data-start=\"6582\" data-end=\"6679\">\n<p data-start=\"6585\" data-end=\"6679\"><strong data-start=\"6585\" data-end=\"6602\">Durante a ioga:<\/strong> Use a mandala como um ponto focal para aumentar a concentra\u00e7\u00e3o e o aterramento.<\/p>\n<\/li>\n<li data-start=\"6680\" data-end=\"6774\">\n<p data-start=\"6683\" data-end=\"6774\"><strong data-start=\"6683\" data-end=\"6698\">Como presente:<\/strong> Um presente significativo que <strong data-start=\"6729\" data-end=\"6758\">amor, crescimento e harmonia<\/strong> simboliza. Compre 4 fma<\/p>\n<\/li>\n<\/ol>\n<hr data-start=\"6776\" data-end=\"6779\" \/>\n<h3 data-start=\"6781\" data-end=\"6814\"><strong data-start=\"6785\" data-end=\"6814\">Perguntas Frequentes (FAQ)<\/strong><\/h3>\n<p data-start=\"6816\" data-end=\"6992\"><strong data-start=\"6816\" data-end=\"6857\">1. O que a Mandala Verde simboliza?<\/strong><br data-start=\"6857\" data-end=\"6860\" \/>O <strong data-start=\"6863\" data-end=\"6880\">Mandala Verde<\/strong> significa <strong data-start=\"6892\" data-end=\"6930\">cura, compaix\u00e3o, crescimento e equil\u00edbrio<\/strong>, e ajuda a amplificar a energia da natureza e do cora\u00e7\u00e3o.<\/p>\n<p data-start=\"6994\" data-end=\"7166\"><strong data-start=\"6994\" data-end=\"7053\">2. A Mandala Verde pode ser usada para medita\u00e7\u00e3o?<\/strong><br data-start=\"7053\" data-end=\"7056\" \/>Sim, \u00e9 uma ferramenta poderosa para <strong data-start=\"7096\" data-end=\"7128\">aten\u00e7\u00e3o plena e equil\u00edbrio dos chakras<\/strong>, focado principalmente no <strong data-start=\"7151\" data-end=\"7165\">Chakra card\u00edaco<\/strong>.<\/p>\n<p data-start=\"7168\" data-end=\"7355\"><strong data-start=\"7168\" data-end=\"7228\">3. A Mandala Verde \u00e9 adequada para decora\u00e7\u00e3o de interiores?<\/strong><br data-start=\"7228\" data-end=\"7231\" \/>Com certeza. Os tons calmos de verde e as formas sim\u00e9tricas o tornam ideal para <strong data-start=\"7310\" data-end=\"7354\">casas, est\u00fadios de ioga e centros de bem-estar<\/strong>.<\/p>\n<hr data-start=\"7357\" data-end=\"7360\" \/>\n<h3 data-start=\"7362\" data-end=\"7379\"><strong data-start=\"7366\" data-end=\"7379\">Conclus\u00e3o<\/strong><\/h3>\n<p data-start=\"7380\" data-end=\"7678\">O <strong data-start=\"7383\" data-end=\"7400\">Mandala Verde<\/strong> \u00e9 mais do que uma obra de arte \u2013 \u00e9 uma <strong data-start=\"7440\" data-end=\"7489\">s\u00edmbolo de paz, amor e crescimento espiritual<\/strong>Com seus tons verdes naturais e geometria sagrada ela traz <strong data-start=\"7555\" data-end=\"7581\">paz, equil\u00edbrio e cura<\/strong> em qualquer ambiente. Perfeito para quem <strong data-start=\"7624\" data-end=\"7651\">harmonia e aten\u00e7\u00e3o plena<\/strong> quer trazer para sua vida.<\/p>\n<p><a href=\"https:\/\/researchchemicalhub.com\/pt\/shop\/lysergamides\/1cp-lsd-150-mcg\/\"><span dir=\"auto\" style=\"vertical-align: inherit;\"><span dir=\"auto\" style=\"vertical-align: inherit;\">1cP-LSD 150 MCG Art Blotters <\/span><\/span><\/a><a href=\"https:\/\/researchchemicalhub.com\/pt\/shop\/pellets\/o-dsmt-50mg-pellets\/\"><span dir=\"auto\" style=\"vertical-align: inherit;\"><span dir=\"auto\" style=\"vertical-align: inherit;\">Pellets de O-DSMT 50 mg <\/span><\/span><\/a><a href=\"https:\/\/researchchemicalhub.com\/pt\/shop\/lysergamides\/1v-lsd-150-mcg-blotters\/\"><span dir=\"auto\" style=\"vertical-align: inherit;\"><span dir=\"auto\" style=\"vertical-align: inherit;\">1V-LSD 150 MCG Blotters <\/span><\/span><\/a><a href=\"https:\/\/researchchemicalhub.com\/pt\/shop\/cathinonen\/2-cmc-kopen\/\"><span dir=\"auto\" style=\"vertical-align: inherit;\"><span dir=\"auto\" style=\"vertical-align: inherit;\">Pellets de 2-CMC 250 mg <\/span><\/span><\/a><a href=\"https:\/\/researchchemicalhub.com\/pt\/shop\/fenethylamine\/2c-ef-2mg-capsules\/\"><span dir=\"auto\" style=\"vertical-align: inherit;\"><span dir=\"auto\" style=\"vertical-align: inherit;\">C\u00e1psulas 2C-EF 2mg<\/span><\/span><\/a><\/p>","protected":false},"excerpt":{"rendered":"<p>Introductie De Green Mandala symboliseert vernieuwing, genezing en balans, en brengt lichaam, geest en ziel in harmonie door de rustgevende<\/p>","protected":false},"featured_media":20763,"comment_status":"closed","ping_status":"closed","template":"","meta":[],"product_brand":[],"product_cat":[555],"product_tag":[629,644,326],"class_list":{"0":"post-24154","1":"product","2":"type-product","3":"status-publish","4":"has-post-thumbnail","6":"product_cat-b2b","7":"product_tag-4-fma-kopen","8":"product_tag-4-fma","9":"product_tag-nl","11":"first","12":"instock","13":"taxable","14":"shipping-taxable","15":"purchasable","16":"product-type-variable"},"_links":{"self":[{"href":"https:\/\/researchchemicalhub.com\/pt\/wp-json\/wp\/v2\/product\/24154","targetHints":{"allow":["GET"]}}],"collection":[{"href":"https:\/\/researchchemicalhub.com\/pt\/wp-json\/wp\/v2\/product"}],"about":[{"href":"https:\/\/researchchemicalhub.com\/pt\/wp-json\/wp\/v2\/types\/product"}],"replies":[{"embeddable":true,"href":"https:\/\/researchchemicalhub.com\/pt\/wp-json\/wp\/v2\/comments?post=24154"}],"version-history":[{"count":4,"href":"https:\/\/researchchemicalhub.com\/pt\/wp-json\/wp\/v2\/product\/24154\/revisions"}],"predecessor-version":[{"id":27848,"href":"https:\/\/researchchemicalhub.com\/pt\/wp-json\/wp\/v2\/product\/24154\/revisions\/27848"}],"wp:featuredmedia":[{"embeddable":true,"href":"https:\/\/researchchemicalhub.com\/pt\/wp-json\/wp\/v2\/media\/20763"}],"wp:attachment":[{"href":"https:\/\/researchchemicalhub.com\/pt\/wp-json\/wp\/v2\/media?parent=24154"}],"wp:term":[{"taxonomy":"product_brand","embeddable":true,"href":"https:\/\/researchchemicalhub.com\/pt\/wp-json\/wp\/v2\/product_brand?post=24154"},{"taxonomy":"product_cat","embeddable":true,"href":"https:\/\/researchchemicalhub.com\/pt\/wp-json\/wp\/v2\/product_cat?post=24154"},{"taxonomy":"product_tag","embeddable":true,"href":"https:\/\/researchchemicalhub.com\/pt\/wp-json\/wp\/v2\/product_tag?post=24154"}],"curies":[{"name":"wp","href":"https:\/\/api.w.org\/{rel}","templated":true}]}}