{"id":24013,"date":"2025-10-20T17:40:52","date_gmt":"2025-10-20T17:40:52","guid":{"rendered":"https:\/\/researchchemicalhub.com\/?post_type=product&#038;p=24013"},"modified":"2025-10-29T08:28:44","modified_gmt":"2025-10-29T08:28:44","slug":"pellets-de-bromazolam-25-mg","status":"publish","type":"product","link":"https:\/\/researchchemicalhub.com\/pt\/comprar\/benzodiazepinicos\/pellets-de-bromazolam-25-mg\/","title":{"rendered":"Pellets de bromazolam 2,5 mg"},"content":{"rendered":"<h3 data-start=\"5949\" data-end=\"5968\"><strong data-start=\"5953\" data-end=\"5968\"><span dir=\"auto\" style=\"vertical-align: inherit;\"><span dir=\"auto\" style=\"vertical-align: inherit;\">Introdu\u00e7\u00e3o<\/span><\/span><\/strong><\/h3>\n<p data-start=\"5970\" data-end=\"6244\"><strong data-start=\"5970\" data-end=\"5998\"><span dir=\"auto\" style=\"vertical-align: inherit;\"><span dir=\"auto\" style=\"vertical-align: inherit;\">Bromazolam 2.5mg Pellets<\/span><\/span><\/strong><span dir=\"auto\" style=\"vertical-align: inherit;\"><span dir=\"auto\" style=\"vertical-align: inherit;\"> s\u00e3o <\/span><\/span><strong data-start=\"6004\" data-end=\"6051\"><span dir=\"auto\" style=\"vertical-align: inherit;\"><span dir=\"auto\" style=\"vertical-align: inherit;\">compostos de pesquisa de grau laboratorial<\/span><\/span><\/strong><span dir=\"auto\" style=\"vertical-align: inherit;\"><span dir=\"auto\" style=\"vertical-align: inherit;\"> developed for <\/span><\/span><strong data-start=\"6069\" data-end=\"6113\"><span dir=\"auto\" style=\"vertical-align: inherit;\"><span dir=\"auto\" style=\"vertical-align: inherit;\">pesquisa cient\u00edfica e anal\u00edtica<\/span><\/span><\/strong><span dir=\"auto\" style=\"vertical-align: inherit;\"><span dir=\"auto\" style=\"vertical-align: inherit;\"> . <\/span><\/span><br data-start=\"6114\" data-end=\"6117\" \/><span dir=\"auto\" style=\"vertical-align: inherit;\"><span dir=\"auto\" style=\"vertical-align: inherit;\">Cada pastilha cont\u00e9m <\/span><\/span><strong data-start=\"6135\" data-end=\"6168\"><span dir=\"auto\" style=\"vertical-align: inherit;\"><span dir=\"auto\" style=\"vertical-align: inherit;\">2.5 milligrams (mg) of Bromazolam<\/span><\/span><\/strong><span dir=\"auto\" style=\"vertical-align: inherit;\"><span dir=\"auto\" style=\"vertical-align: inherit;\"> , a <\/span><\/span><strong data-start=\"6174\" data-end=\"6201\"><span dir=\"auto\" style=\"vertical-align: inherit;\"><span dir=\"auto\" style=\"vertical-align: inherit;\">benzodiazepine derivative<\/span><\/span><\/strong><span dir=\"auto\" style=\"vertical-align: inherit;\"><span dir=\"auto\" style=\"vertical-align: inherit;\"> do <\/span><\/span><strong data-start=\"6209\" data-end=\"6241\"><span dir=\"auto\" style=\"vertical-align: inherit;\"><span dir=\"auto\" style=\"vertical-align: inherit;\">triazolobenzodiazepine class<\/span><\/span><\/strong><span dir=\"auto\" style=\"vertical-align: inherit;\"><span dir=\"auto\" style=\"vertical-align: inherit;\"> . Buy Bromazolam<\/span><\/span><\/p>\n<p data-start=\"6246\" data-end=\"6474\"><span dir=\"auto\" style=\"vertical-align: inherit;\"><span dir=\"auto\" style=\"vertical-align: inherit;\">Fabricado para <\/span><\/span><strong data-start=\"6267\" data-end=\"6308\"><span dir=\"auto\" style=\"vertical-align: inherit;\"><span dir=\"auto\" style=\"vertical-align: inherit;\">Normas de Boas Pr\u00e1ticas de Laborat\u00f3rio (BPL)<\/span><\/span><\/strong><span dir=\"auto\" style=\"vertical-align: inherit;\"><span dir=\"auto\" style=\"vertical-align: inherit;\"> , esses gr\u00e2nulos oferecem <\/span><\/span><strong data-start=\"6330\" data-end=\"6349\"><span dir=\"auto\" style=\"vertical-align: inherit;\"><span dir=\"auto\" style=\"vertical-align: inherit;\">Pureza \u226599%<\/span><\/span><\/strong><span dir=\"auto\" style=\"vertical-align: inherit;\"><span dir=\"auto\" style=\"vertical-align: inherit;\"> , <\/span><\/span><strong data-start=\"6351\" data-end=\"6376\"><span dir=\"auto\" style=\"vertical-align: inherit;\"><span dir=\"auto\" style=\"vertical-align: inherit;\">estabilidade qu\u00edmica<\/span><\/span><\/strong><span dir=\"auto\" style=\"vertical-align: inherit;\"><span dir=\"auto\" style=\"vertical-align: inherit;\"> e <\/span><\/span><strong data-start=\"6380\" data-end=\"6403\"><span dir=\"auto\" style=\"vertical-align: inherit;\"><span dir=\"auto\" style=\"vertical-align: inherit;\">qualidade consistente<\/span><\/span><\/strong><span dir=\"auto\" style=\"vertical-align: inherit;\"><span dir=\"auto\" style=\"vertical-align: inherit;\"> , ideal para <\/span><\/span><strong data-start=\"6417\" data-end=\"6471\"><span dir=\"auto\" style=\"vertical-align: inherit;\"><span dir=\"auto\" style=\"vertical-align: inherit;\">forensic, pharmacological and analytical research<\/span><\/span><\/strong><span dir=\"auto\" style=\"vertical-align: inherit;\"><span dir=\"auto\" style=\"vertical-align: inherit;\"> .<\/span><\/span><\/p>\n<blockquote data-start=\"6476\" data-end=\"6620\">\n<p data-start=\"6478\" data-end=\"6620\">\u26a0\ufe0f <strong data-start=\"6481\" data-end=\"6492\"><span dir=\"auto\" style=\"vertical-align: inherit;\"><span dir=\"auto\" style=\"vertical-align: inherit;\">Observe:<\/span><\/span><\/strong><span dir=\"auto\" style=\"vertical-align: inherit;\"><span dir=\"auto\" style=\"vertical-align: inherit;\"> Este produto \u00e9 <\/span><\/span><strong data-start=\"6508\" data-end=\"6558\"><span dir=\"auto\" style=\"vertical-align: inherit;\"><span dir=\"auto\" style=\"vertical-align: inherit;\">Destinado apenas a testes de laborat\u00f3rio<\/span><\/span><\/strong><span dir=\"auto\" style=\"vertical-align: inherit;\"><span dir=\"auto\" style=\"vertical-align: inherit;\"> e <\/span><\/span><strong data-start=\"6562\" data-end=\"6619\"><span dir=\"auto\" style=\"vertical-align: inherit;\"><span dir=\"auto\" style=\"vertical-align: inherit;\">N\u00e3o \u00e9 adequado para consumo humano ou animal.<\/span><\/span><\/strong><span dir=\"auto\" style=\"vertical-align: inherit;\"><span dir=\"auto\" style=\"vertical-align: inherit;\"> .<\/span><\/span><\/p>\n<\/blockquote>\n<hr data-start=\"6622\" data-end=\"6625\" \/>\n<h3 data-start=\"6627\" data-end=\"6658\"><strong data-start=\"6631\" data-end=\"6658\"><span dir=\"auto\" style=\"vertical-align: inherit;\"><span dir=\"auto\" style=\"vertical-align: inherit;\">Principais caracter\u00edsticas<\/span><\/span><\/strong><\/h3>\n<ul data-start=\"6660\" data-end=\"7119\">\n<li data-start=\"6660\" data-end=\"6720\">\n<p data-start=\"6662\" data-end=\"6720\"><strong data-start=\"6662\" data-end=\"6682\"><span dir=\"auto\" style=\"vertical-align: inherit;\"><span dir=\"auto\" style=\"vertical-align: inherit;\">Dosagem exata:<\/span><\/span><\/strong><span dir=\"auto\" style=\"vertical-align: inherit;\"><span dir=\"auto\" style=\"vertical-align: inherit;\"> Each pellet contains 2.5mg Bromazolam.<\/span><\/span><\/p>\n<\/li>\n<li data-start=\"6721\" data-end=\"6803\">\n<p data-start=\"6723\" data-end=\"6803\"><strong data-start=\"6723\" data-end=\"6743\"><span dir=\"auto\" style=\"vertical-align: inherit;\"><span dir=\"auto\" style=\"vertical-align: inherit;\">Alta pureza:<\/span><\/span><\/strong><span dir=\"auto\" style=\"vertical-align: inherit;\"><span dir=\"auto\" style=\"vertical-align: inherit;\"> \u226599% analytical grade, batch tested for consistency.<\/span><\/span><\/p>\n<\/li>\n<li data-start=\"6804\" data-end=\"6870\">\n<p data-start=\"6806\" data-end=\"6870\"><strong data-start=\"6806\" data-end=\"6827\"><span dir=\"auto\" style=\"vertical-align: inherit;\"><span dir=\"auto\" style=\"vertical-align: inherit;\">Chemically stable:<\/span><\/span><\/strong><span dir=\"auto\" style=\"vertical-align: inherit;\"><span dir=\"auto\" style=\"vertical-align: inherit;\"> Resistente \u00e0 decomposi\u00e7\u00e3o quando armazenado corretamente.<\/span><\/span><\/p>\n<\/li>\n<li data-start=\"6871\" data-end=\"6955\">\n<p data-start=\"6873\" data-end=\"6955\"><strong data-start=\"6873\" data-end=\"6891\"><span dir=\"auto\" style=\"vertical-align: inherit;\"><span dir=\"auto\" style=\"vertical-align: inherit;\">GLP production:<\/span><\/span><\/strong><span dir=\"auto\" style=\"vertical-align: inherit;\"><span dir=\"auto\" style=\"vertical-align: inherit;\"> Produzido em condi\u00e7\u00f5es laboratoriais controladas.<\/span><\/span><\/p>\n<\/li>\n<li data-start=\"6956\" data-end=\"7035\">\n<p data-start=\"6958\" data-end=\"7035\"><strong data-start=\"6958\" data-end=\"6981\"><span dir=\"auto\" style=\"vertical-align: inherit;\"><span dir=\"auto\" style=\"vertical-align: inherit;\">Safe Packaging:<\/span><\/span><\/strong><span dir=\"auto\" style=\"vertical-align: inherit;\"><span dir=\"auto\" style=\"vertical-align: inherit;\"> Sealed and airtight for maximum shelf life.<\/span><\/span><\/p>\n<\/li>\n<li data-start=\"7036\" data-end=\"7119\">\n<p data-start=\"7038\" data-end=\"7119\"><strong data-start=\"7038\" data-end=\"7066\"><span dir=\"auto\" style=\"vertical-align: inherit;\"><span dir=\"auto\" style=\"vertical-align: inherit;\">Qualidade profissional:<\/span><\/span><\/strong><span dir=\"auto\" style=\"vertical-align: inherit;\"><span dir=\"auto\" style=\"vertical-align: inherit;\"> Suitable for laboratories and forensic investigations.<\/span><\/span><\/p>\n<\/li>\n<\/ul>\n<hr data-start=\"7121\" data-end=\"7124\" \/>\n<h3 data-start=\"7126\" data-end=\"7143\"><strong data-start=\"7130\" data-end=\"7143\"><span dir=\"auto\" style=\"vertical-align: inherit;\"><span dir=\"auto\" style=\"vertical-align: inherit;\">Vantagens<\/span><\/span><\/strong><\/h3>\n<ol data-start=\"7145\" data-end=\"7568\">\n<li data-start=\"7145\" data-end=\"7230\">\n<p data-start=\"7148\" data-end=\"7230\"><strong data-start=\"7148\" data-end=\"7183\"><span dir=\"auto\" style=\"vertical-align: inherit;\"><span dir=\"auto\" style=\"vertical-align: inherit;\">Resultados de pesquisa consistentes:<\/span><\/span><\/strong><span dir=\"auto\" style=\"vertical-align: inherit;\"><span dir=\"auto\" style=\"vertical-align: inherit;\"> A alta pureza garante dados confi\u00e1veis.<\/span><\/span><\/p>\n<\/li>\n<li data-start=\"7231\" data-end=\"7312\">\n<p data-start=\"7234\" data-end=\"7312\"><strong data-start=\"7234\" data-end=\"7261\"><span dir=\"auto\" style=\"vertical-align: inherit;\"><span dir=\"auto\" style=\"vertical-align: inherit;\">Estabilidade a longo prazo:<\/span><\/span><\/strong><span dir=\"auto\" style=\"vertical-align: inherit;\"><span dir=\"auto\" style=\"vertical-align: inherit;\"> Maintains chemical integrity when properly stored.<\/span><\/span><\/p>\n<\/li>\n<li data-start=\"7313\" data-end=\"7387\">\n<p data-start=\"7316\" data-end=\"7387\"><strong data-start=\"7316\" data-end=\"7339\"><span dir=\"auto\" style=\"vertical-align: inherit;\"><span dir=\"auto\" style=\"vertical-align: inherit;\">Safe processing:<\/span><\/span><\/strong><span dir=\"auto\" style=\"vertical-align: inherit;\"><span dir=\"auto\" style=\"vertical-align: inherit;\"> Pellet form minimizes contamination risks.<\/span><\/span><\/p>\n<\/li>\n<li data-start=\"7388\" data-end=\"7480\">\n<p data-start=\"7391\" data-end=\"7480\"><strong data-start=\"7391\" data-end=\"7419\"><span dir=\"auto\" style=\"vertical-align: inherit;\"><span dir=\"auto\" style=\"vertical-align: inherit;\">Batch-tested quality:<\/span><\/span><\/strong><span dir=\"auto\" style=\"vertical-align: inherit;\"><span dir=\"auto\" style=\"vertical-align: inherit;\"> Consistent composition for reproducible results.<\/span><\/span><\/p>\n<\/li>\n<li data-start=\"7481\" data-end=\"7568\">\n<p data-start=\"7484\" data-end=\"7568\"><strong data-start=\"7484\" data-end=\"7512\"><span dir=\"auto\" style=\"vertical-align: inherit;\"><span dir=\"auto\" style=\"vertical-align: inherit;\">Professional standard:<\/span><\/span><\/strong><span dir=\"auto\" style=\"vertical-align: inherit;\"><span dir=\"auto\" style=\"vertical-align: inherit;\"> Suitable for analytical and pharmacological research.<\/span><\/span><\/p>\n<\/li>\n<\/ol>\n<hr data-start=\"7570\" data-end=\"7573\" \/>\n<h3 data-start=\"7575\" data-end=\"7614\"><strong data-start=\"7579\" data-end=\"7614\"><span dir=\"auto\" style=\"vertical-align: inherit;\"><span dir=\"auto\" style=\"vertical-align: inherit;\">Uso (Somente para fins de pesquisa)<\/span><\/span><\/strong><\/h3>\n<ol data-start=\"7616\" data-end=\"7965\">\n<li data-start=\"7616\" data-end=\"7698\">\n<p data-start=\"7619\" data-end=\"7698\"><strong data-start=\"7619\" data-end=\"7649\"><span dir=\"auto\" style=\"vertical-align: inherit;\"><span dir=\"auto\" style=\"vertical-align: inherit;\">Use roupas de prote\u00e7\u00e3o<\/span><\/span><\/strong><span dir=\"auto\" style=\"vertical-align: inherit;\"><span dir=\"auto\" style=\"vertical-align: inherit;\"> such as gloves, a lab coat, and safety glasses.<\/span><\/span><\/p>\n<\/li>\n<li data-start=\"7699\" data-end=\"7777\">\n<p data-start=\"7702\" data-end=\"7777\"><strong data-start=\"7702\" data-end=\"7740\"><span dir=\"auto\" style=\"vertical-align: inherit;\"><span dir=\"auto\" style=\"vertical-align: inherit;\">Use instrumentos calibrados<\/span><\/span><\/strong><span dir=\"auto\" style=\"vertical-align: inherit;\"><span dir=\"auto\" style=\"vertical-align: inherit;\"> to handle pellets accurately.<\/span><\/span><\/p>\n<\/li>\n<li data-start=\"7778\" data-end=\"7831\">\n<p data-start=\"7781\" data-end=\"7831\"><strong data-start=\"7781\" data-end=\"7807\"><span dir=\"auto\" style=\"vertical-align: inherit;\"><span dir=\"auto\" style=\"vertical-align: inherit;\">Informa\u00e7\u00f5es do lote de registros<\/span><\/span><\/strong><span dir=\"auto\" style=\"vertical-align: inherit;\"><span dir=\"auto\" style=\"vertical-align: inherit;\"> para fins de rastreabilidade.<\/span><\/span><\/p>\n<\/li>\n<li data-start=\"7832\" data-end=\"7905\">\n<p data-start=\"7835\" data-end=\"7905\"><strong data-start=\"7835\" data-end=\"7854\"><span dir=\"auto\" style=\"vertical-align: inherit;\"><span dir=\"auto\" style=\"vertical-align: inherit;\">Perform testing<\/span><\/span><\/strong><span dir=\"auto\" style=\"vertical-align: inherit;\"><span dir=\"auto\" style=\"vertical-align: inherit;\"> under controlled laboratory conditions.<\/span><\/span><\/p>\n<\/li>\n<li data-start=\"7906\" data-end=\"7965\">\n<p data-start=\"7909\" data-end=\"7965\"><strong data-start=\"7909\" data-end=\"7929\"><span dir=\"auto\" style=\"vertical-align: inherit;\"><span dir=\"auto\" style=\"vertical-align: inherit;\">Descarte qualquer res\u00edduo.<\/span><\/span><\/strong><span dir=\"auto\" style=\"vertical-align: inherit;\"><span dir=\"auto\" style=\"vertical-align: inherit;\"> De acordo com as instru\u00e7\u00f5es de seguran\u00e7a.<\/span><\/span><\/p>\n<\/li>\n<\/ol>\n<blockquote data-start=\"7967\" data-end=\"8044\">\n<p data-start=\"7969\" data-end=\"8044\">\u2697\ufe0f <strong data-start=\"7972\" data-end=\"8044\"><span dir=\"auto\" style=\"vertical-align: inherit;\"><span dir=\"auto\" style=\"vertical-align: inherit;\">Apenas para testes laboratoriais \u2013 n\u00e3o destinado ao consumo humano.<\/span><\/span><\/strong><\/p>\n<\/blockquote>\n<hr data-start=\"8046\" data-end=\"8049\" \/>\n<h3 data-start=\"8051\" data-end=\"8076\"><strong data-start=\"8055\" data-end=\"8076\"><span dir=\"auto\" style=\"vertical-align: inherit;\"><span dir=\"auto\" style=\"vertical-align: inherit;\">Instru\u00e7\u00f5es de armazenamento<\/span><\/span><\/strong><\/h3>\n<ul data-start=\"8078\" data-end=\"8253\">\n<li data-start=\"8078\" data-end=\"8120\">\n<p data-start=\"8080\" data-end=\"8120\"><span dir=\"auto\" style=\"vertical-align: inherit;\"><span dir=\"auto\" style=\"vertical-align: inherit;\">Loja em <\/span><\/span><strong data-start=\"8091\" data-end=\"8100\"><span dir=\"auto\" style=\"vertical-align: inherit;\"><span dir=\"auto\" style=\"vertical-align: inherit;\">2\u20138\u00b0C<\/span><\/span><\/strong><span dir=\"auto\" style=\"vertical-align: inherit;\"><span dir=\"auto\" style=\"vertical-align: inherit;\"> , seco e escuro.<\/span><\/span><\/p>\n<\/li>\n<li data-start=\"8121\" data-end=\"8159\">\n<p data-start=\"8123\" data-end=\"8159\"><span dir=\"auto\" style=\"vertical-align: inherit;\"><span dir=\"auto\" style=\"vertical-align: inherit;\">Keep container tightly closed.<\/span><\/span><\/p>\n<\/li>\n<li data-start=\"8160\" data-end=\"8210\">\n<p data-start=\"8162\" data-end=\"8210\"><span dir=\"auto\" style=\"vertical-align: inherit;\"><span dir=\"auto\" style=\"vertical-align: inherit;\">Avoid contact with <\/span><\/span><strong data-start=\"8182\" data-end=\"8207\"><span dir=\"auto\" style=\"vertical-align: inherit;\"><span dir=\"auto\" style=\"vertical-align: inherit;\">luz, umidade e calor<\/span><\/span><\/strong><span dir=\"auto\" style=\"vertical-align: inherit;\"><span dir=\"auto\" style=\"vertical-align: inherit;\"> .<\/span><\/span><\/p>\n<\/li>\n<li data-start=\"8211\" data-end=\"8253\">\n<p data-start=\"8213\" data-end=\"8253\"><span dir=\"auto\" style=\"vertical-align: inherit;\"><span dir=\"auto\" style=\"vertical-align: inherit;\">Mantenha fora do alcance de pessoas n\u00e3o autorizadas.<\/span><\/span><\/p>\n<\/li>\n<\/ul>\n<hr data-start=\"8255\" data-end=\"8258\" \/>\n<h3 data-start=\"8260\" data-end=\"8295\"><strong data-start=\"8264\" data-end=\"8295\"><span dir=\"auto\" style=\"vertical-align: inherit;\"><span dir=\"auto\" style=\"vertical-align: inherit;\">Perguntas Frequentes (FAQs)<\/span><\/span><\/strong><\/h3>\n<p data-start=\"8297\" data-end=\"8446\"><strong data-start=\"8297\" data-end=\"8345\"><span dir=\"auto\" style=\"vertical-align: inherit;\"><span dir=\"auto\" style=\"vertical-align: inherit;\">1. What is Bromazolam 2.5mg used for?<\/span><\/span><\/strong><br data-start=\"8345\" data-end=\"8348\" \/><span dir=\"auto\" style=\"vertical-align: inherit;\"><span dir=\"auto\" style=\"vertical-align: inherit;\"> Para <\/span><\/span><strong data-start=\"8353\" data-end=\"8397\"><span dir=\"auto\" style=\"vertical-align: inherit;\"><span dir=\"auto\" style=\"vertical-align: inherit;\">pesquisa cient\u00edfica e anal\u00edtica<\/span><\/span><\/strong><span dir=\"auto\" style=\"vertical-align: inherit;\"><span dir=\"auto\" style=\"vertical-align: inherit;\"> , including <\/span><\/span><strong data-start=\"8409\" data-end=\"8443\"><span dir=\"auto\" style=\"vertical-align: inherit;\"><span dir=\"auto\" style=\"vertical-align: inherit;\">forensic and receptor studies<\/span><\/span><\/strong><span dir=\"auto\" style=\"vertical-align: inherit;\"><span dir=\"auto\" style=\"vertical-align: inherit;\"> .<\/span><\/span><\/p>\n<p data-start=\"8448\" data-end=\"8628\"><strong data-start=\"8448\" data-end=\"8494\"><span dir=\"auto\" style=\"vertical-align: inherit;\"><span dir=\"auto\" style=\"vertical-align: inherit;\">2. Is Bromazolam suitable for human consumption?<\/span><\/span><\/strong><br data-start=\"8494\" data-end=\"8497\" \/><span dir=\"auto\" style=\"vertical-align: inherit;\"><span dir=\"auto\" style=\"vertical-align: inherit;\"> N\u00e3o. <\/span><\/span><strong data-start=\"8502\" data-end=\"8530\"><span dir=\"auto\" style=\"vertical-align: inherit;\"><span dir=\"auto\" style=\"vertical-align: inherit;\">Bromazolam 2.5mg pellets<\/span><\/span><\/strong><span dir=\"auto\" style=\"vertical-align: inherit;\"><span dir=\"auto\" style=\"vertical-align: inherit;\"> s\u00e3o <\/span><\/span><strong data-start=\"8536\" data-end=\"8586\"><span dir=\"auto\" style=\"vertical-align: inherit;\"><span dir=\"auto\" style=\"vertical-align: inherit;\">Destinado exclusivamente \u00e0 pesquisa laboratorial.<\/span><\/span><\/strong><span dir=\"auto\" style=\"vertical-align: inherit;\"><span dir=\"auto\" style=\"vertical-align: inherit;\"> e <\/span><\/span><strong data-start=\"8590\" data-end=\"8625\"><span dir=\"auto\" style=\"vertical-align: inherit;\"><span dir=\"auto\" style=\"vertical-align: inherit;\">n\u00e3o s\u00e3o para consumo humano<\/span><\/span><\/strong><span dir=\"auto\" style=\"vertical-align: inherit;\"><span dir=\"auto\" style=\"vertical-align: inherit;\"> .<\/span><\/span><\/p>\n<p data-start=\"8630\" data-end=\"8781\"><strong data-start=\"8630\" data-end=\"8680\"><span dir=\"auto\" style=\"vertical-align: inherit;\"><span dir=\"auto\" style=\"vertical-align: inherit;\">3. How do I best store Bromazolam Pellets?<\/span><\/span><\/strong><br data-start=\"8680\" data-end=\"8683\" \/><span dir=\"auto\" style=\"vertical-align: inherit;\"><span dir=\"auto\" style=\"vertical-align: inherit;\"> Guarde-os em um <\/span><\/span><strong data-start=\"8700\" data-end=\"8744\"><span dir=\"auto\" style=\"vertical-align: inherit;\"><span dir=\"auto\" style=\"vertical-align: inherit;\">cool, dry, and dark place (2\u20138\u00b0C)<\/span><\/span><\/strong><span dir=\"auto\" style=\"vertical-align: inherit;\"><span dir=\"auto\" style=\"vertical-align: inherit;\"> in a tightly sealed container. Buy Bromazolam<\/span><\/span><\/p>\n<hr data-start=\"8783\" data-end=\"8786\" \/>\n<h3 data-start=\"8788\" data-end=\"8805\"><strong data-start=\"8792\" data-end=\"8805\"><span dir=\"auto\" style=\"vertical-align: inherit;\"><span dir=\"auto\" style=\"vertical-align: inherit;\">Conclus\u00e3o<\/span><\/span><\/strong><\/h3>\n<p data-start=\"8807\" data-end=\"9082\"><strong data-start=\"8807\" data-end=\"8835\"><span dir=\"auto\" style=\"vertical-align: inherit;\"><span dir=\"auto\" style=\"vertical-align: inherit;\">Bromazolam 2.5mg pellets<\/span><\/span><\/strong><span dir=\"auto\" style=\"vertical-align: inherit;\"><span dir=\"auto\" style=\"vertical-align: inherit;\"> oferecer <\/span><\/span><strong data-start=\"8843\" data-end=\"8908\"><span dir=\"auto\" style=\"vertical-align: inherit;\"><span dir=\"auto\" style=\"vertical-align: inherit;\">pureza, estabilidade e reprodutibilidade excepcionais<\/span><\/span><\/strong><span dir=\"auto\" style=\"vertical-align: inherit;\"><span dir=\"auto\" style=\"vertical-align: inherit;\"> , designed for professional analytical research. <\/span><\/span><br data-start=\"8960\" data-end=\"8963\" \/><span dir=\"auto\" style=\"vertical-align: inherit;\"><span dir=\"auto\" style=\"vertical-align: inherit;\">They are a reliable choice for laboratories working on <\/span><\/span><strong data-start=\"9027\" data-end=\"9079\"><span dir=\"auto\" style=\"vertical-align: inherit;\"><span dir=\"auto\" style=\"vertical-align: inherit;\">forensic, chemical, or pharmacological research<\/span><\/span><\/strong><span dir=\"auto\" style=\"vertical-align: inherit;\"><span dir=\"auto\" style=\"vertical-align: inherit;\"> .<\/span><\/span><\/p>","protected":false},"excerpt":{"rendered":"<h3><span data-sheets-value=\"{\" data-sheets-userformat=\"{\"><span dir=\"auto\" style=\"vertical-align: inherit;\"><span dir=\"auto\" style=\"vertical-align: inherit;\">Bromazolam properties<\/span><\/span><\/span><\/h3>\n<p><strong><span dir=\"auto\" style=\"vertical-align: inherit;\"><span dir=\"auto\" style=\"vertical-align: inherit;\">Sin\u00f4nimo:<\/span><\/span><\/strong><span dir=\"auto\" style=\"vertical-align: inherit;\"><span dir=\"auto\" style=\"vertical-align: inherit;\"> Bromazolam <\/span><\/span><br \/>\n<strong><span dir=\"auto\" style=\"vertical-align: inherit;\"><span dir=\"auto\" style=\"vertical-align: inherit;\">N\u00famero CAS:<\/span><\/span><\/strong><span dir=\"auto\" style=\"vertical-align: inherit;\"><span dir=\"auto\" style=\"vertical-align: inherit;\"> 71368-80-4 <\/span><\/span><br \/>\n<strong><span dir=\"auto\" style=\"vertical-align: inherit;\"><span dir=\"auto\" style=\"vertical-align: inherit;\">Massa molar:<\/span><\/span><\/strong><span dir=\"auto\" style=\"vertical-align: inherit;\"><span dir=\"auto\" style=\"vertical-align: inherit;\"> 353.223 g mol <\/span><\/span><br \/>\n<strong><span dir=\"auto\" style=\"vertical-align: inherit;\"><span dir=\"auto\" style=\"vertical-align: inherit;\">Pureza:<\/span><\/span><\/strong><span dir=\"auto\" style=\"vertical-align: inherit;\"><span dir=\"auto\" style=\"vertical-align: inherit;\"> &gt;99%<\/span><\/span><\/p>","protected":false},"featured_media":28488,"comment_status":"closed","ping_status":"closed","template":"","meta":[],"product_brand":[82],"product_cat":[76,384,443,324,398],"product_tag":[174,183,184,176,175,178,177,326,179],"class_list":{"0":"post-24013","1":"product","2":"type-product","3":"status-publish","4":"has-post-thumbnail","6":"product_brand-research-chemical","7":"product_cat-benzodiazepinen","8":"product_cat-bromazolam","9":"product_cat-bromazolam-pellets","10":"product_cat-pellets-for-pellet","11":"product_cat-verkoop","12":"product_tag-bromazolam","13":"product_tag-bromazolam-bijwerkingen","14":"product_tag-bromazolam-dosing","15":"product_tag-bromazolam-ervaringen","16":"product_tag-bromazolam-kopen","17":"product_tag-bromazolam-na-drugs","18":"product_tag-bromazolam-psychonaut","19":"product_tag-nl","20":"product_tag-wat-is-bromazolam","22":"first","23":"instock","24":"sale","25":"taxable","26":"shipping-taxable","27":"purchasable","28":"product-type-variable"},"_links":{"self":[{"href":"https:\/\/researchchemicalhub.com\/pt\/wp-json\/wp\/v2\/product\/24013","targetHints":{"allow":["GET"]}}],"collection":[{"href":"https:\/\/researchchemicalhub.com\/pt\/wp-json\/wp\/v2\/product"}],"about":[{"href":"https:\/\/researchchemicalhub.com\/pt\/wp-json\/wp\/v2\/types\/product"}],"replies":[{"embeddable":true,"href":"https:\/\/researchchemicalhub.com\/pt\/wp-json\/wp\/v2\/comments?post=24013"}],"version-history":[{"count":7,"href":"https:\/\/researchchemicalhub.com\/pt\/wp-json\/wp\/v2\/product\/24013\/revisions"}],"predecessor-version":[{"id":28678,"href":"https:\/\/researchchemicalhub.com\/pt\/wp-json\/wp\/v2\/product\/24013\/revisions\/28678"}],"wp:featuredmedia":[{"embeddable":true,"href":"https:\/\/researchchemicalhub.com\/pt\/wp-json\/wp\/v2\/media\/28488"}],"wp:attachment":[{"href":"https:\/\/researchchemicalhub.com\/pt\/wp-json\/wp\/v2\/media?parent=24013"}],"wp:term":[{"taxonomy":"product_brand","embeddable":true,"href":"https:\/\/researchchemicalhub.com\/pt\/wp-json\/wp\/v2\/product_brand?post=24013"},{"taxonomy":"product_cat","embeddable":true,"href":"https:\/\/researchchemicalhub.com\/pt\/wp-json\/wp\/v2\/product_cat?post=24013"},{"taxonomy":"product_tag","embeddable":true,"href":"https:\/\/researchchemicalhub.com\/pt\/wp-json\/wp\/v2\/product_tag?post=24013"}],"curies":[{"name":"wp","href":"https:\/\/api.w.org\/{rel}","templated":true}]}}