{"id":23992,"date":"2025-04-13T17:40:51","date_gmt":"2025-04-13T17:40:51","guid":{"rendered":"https:\/\/researchchemicalhub.com\/?post_type=product&#038;p=23992"},"modified":"2025-10-30T07:42:11","modified_gmt":"2025-10-30T07:42:11","slug":"6-pellets-apb-130mg","status":"publish","type":"product","link":"https:\/\/researchchemicalhub.com\/pt\/comprar\/6-apb\/6-pellets-apb-130mg\/","title":{"rendered":"Pellets 6-APB 130mg"},"content":{"rendered":"<h3 data-start=\"6022\" data-end=\"6041\"><strong data-start=\"6026\" data-end=\"6041\">Introdu\u00e7\u00e3o<\/strong><\/h3>\n<p data-start=\"6043\" data-end=\"6339\"><strong data-start=\"6043\" data-end=\"6066\">Pellets 6-APB 130mg<\/strong> s\u00e3o <strong data-start=\"6072\" data-end=\"6119\">subst\u00e2ncias de pesquisa de n\u00edvel laboratorial<\/strong>, desenvolvido para <strong data-start=\"6137\" data-end=\"6181\">pesquisa cient\u00edfica e anal\u00edtica<\/strong>.<br data-start=\"6182\" data-end=\"6185\" \/>Cada pellet cont\u00e9m <strong data-start=\"6203\" data-end=\"6261\">130 miligramas (mg) 6-(2-aminopropil)benzofurano (6-APB)<\/strong> - Um <strong data-start=\"6268\" data-end=\"6293\">composto de benzofurano<\/strong> que pertence ao <strong data-start=\"6313\" data-end=\"6336\">classe de fenetilamina<\/strong>. 6 apb comprar<\/p>\n<p data-start=\"6341\" data-end=\"6575\">Produzido de acordo com <strong data-start=\"6362\" data-end=\"6403\">Normas BPL (Boas Pr\u00e1ticas de Laborat\u00f3rio)<\/strong>, esses pellets oferecem <strong data-start=\"6425\" data-end=\"6444\">\u226599% pureza<\/strong>, <strong data-start=\"6446\" data-end=\"6471\">estabilidade qu\u00edmica<\/strong>, e <strong data-start=\"6476\" data-end=\"6504\">consist\u00eancia confi\u00e1vel<\/strong>, ideal para <strong data-start=\"6518\" data-end=\"6572\">pesquisa forense, farmacol\u00f3gica e anal\u00edtica<\/strong>.<\/p>\n<blockquote data-start=\"6577\" data-end=\"6721\">\n<p data-start=\"6579\" data-end=\"6721\">\u26a0\ufe0f <strong data-start=\"6582\" data-end=\"6593\">OBS:<\/strong> Este produto \u00e9 <strong data-start=\"6609\" data-end=\"6659\">destinado apenas para pesquisa laboratorial<\/strong> e <strong data-start=\"6663\" data-end=\"6720\">n\u00e3o \u00e9 adequado para consumo humano ou animal<\/strong>.<\/p>\n<\/blockquote>\n<hr data-start=\"6723\" data-end=\"6726\" \/>\n<h3 data-start=\"6728\" data-end=\"6759\"><strong data-start=\"6732\" data-end=\"6759\">Principais caracter\u00edsticas<\/strong><\/h3>\n<ul data-start=\"6761\" data-end=\"7230\">\n<li data-start=\"6761\" data-end=\"6857\">\n<p data-start=\"6763\" data-end=\"6857\"><strong data-start=\"6763\" data-end=\"6783\">Alta pureza:<\/strong> Grau anal\u00edtico \u226599%, testado por cromatografia e espectrometria.<\/p>\n<\/li>\n<li data-start=\"6858\" data-end=\"6913\">\n<p data-start=\"6860\" data-end=\"6913\"><strong data-start=\"6860\" data-end=\"6880\">Dosagem exata:<\/strong> Cada pellet cont\u00e9m 130 mg de 6-APB.<\/p>\n<\/li>\n<li data-start=\"6914\" data-end=\"6980\">\n<p data-start=\"6916\" data-end=\"6980\"><strong data-start=\"6916\" data-end=\"6937\">Quimicamente est\u00e1vel:<\/strong> Resistente \u00e0 decomposi\u00e7\u00e3o quando armazenado corretamente.<\/p>\n<\/li>\n<li data-start=\"6981\" data-end=\"7058\">\n<p data-start=\"6983\" data-end=\"7058\"><strong data-start=\"6983\" data-end=\"7000\">Testado em lote:<\/strong> Cada lote foi verificado quanto \u00e0 pureza e consist\u00eancia.<\/p>\n<\/li>\n<li data-start=\"7059\" data-end=\"7137\">\n<p data-start=\"7061\" data-end=\"7137\"><strong data-start=\"7061\" data-end=\"7079\">Produ\u00e7\u00e3o de GLP:<\/strong> Fabricado de acordo com padr\u00f5es laboratoriais internacionais.<\/p>\n<\/li>\n<li data-start=\"7138\" data-end=\"7230\">\n<p data-start=\"7140\" data-end=\"7230\"><strong data-start=\"7140\" data-end=\"7163\">Embalagem segura:<\/strong> Embalado hermeticamente e \u00e0 prova de umidade para m\u00e1xima vida \u00fatil.<\/p>\n<\/li>\n<\/ul>\n<hr data-start=\"7232\" data-end=\"7235\" \/>\n<h3 data-start=\"7237\" data-end=\"7254\"><strong data-start=\"7241\" data-end=\"7254\">Vantagens<\/strong><\/h3>\n<ol data-start=\"7256\" data-end=\"7666\">\n<li data-start=\"7256\" data-end=\"7345\">\n<p data-start=\"7259\" data-end=\"7345\"><strong data-start=\"7259\" data-end=\"7294\">Resultados constantes de pesquisa:<\/strong> Alta pureza garante dados reproduz\u00edveis.<\/p>\n<\/li>\n<li data-start=\"7346\" data-end=\"7432\">\n<p data-start=\"7349\" data-end=\"7432\"><strong data-start=\"7349\" data-end=\"7376\">Estabilidade a longo prazo:<\/strong> Resistente \u00e0 umidade, luz e mudan\u00e7as de temperatura.<\/p>\n<\/li>\n<li data-start=\"7433\" data-end=\"7506\">\n<p data-start=\"7436\" data-end=\"7506\"><strong data-start=\"7436\" data-end=\"7458\">Manuseio seguro:<\/strong> O formato de pellets minimiza os riscos de contamina\u00e7\u00e3o.<\/p>\n<\/li>\n<li data-start=\"7507\" data-end=\"7590\">\n<p data-start=\"7510\" data-end=\"7590\"><strong data-start=\"7510\" data-end=\"7538\">Qualidade profissional:<\/strong> Adequado para pesquisas anal\u00edticas e forenses. Compre 6 apb<\/p>\n<\/li>\n<li data-start=\"7591\" data-end=\"7666\">\n<p data-start=\"7594\" data-end=\"7666\"><strong data-start=\"7594\" data-end=\"7612\">Facilidade de uso:<\/strong> Pellets pr\u00e9-medidos para medi\u00e7\u00f5es precisas.<\/p>\n<\/li>\n<\/ol>\n<hr data-start=\"7668\" data-end=\"7671\" \/>\n<h3 data-start=\"7673\" data-end=\"7712\"><strong data-start=\"7677\" data-end=\"7712\">Uso (somente para pesquisa)<\/strong><\/h3>\n<ol data-start=\"7714\" data-end=\"8068\">\n<li data-start=\"7714\" data-end=\"7790\">\n<p data-start=\"7717\" data-end=\"7790\"><strong data-start=\"7717\" data-end=\"7747\">Use roupas de prote\u00e7\u00e3o<\/strong> (luvas, jaleco, \u00f3culos de seguran\u00e7a).<\/p>\n<\/li>\n<li data-start=\"7791\" data-end=\"7861\">\n<p data-start=\"7794\" data-end=\"7861\"><strong data-start=\"7794\" data-end=\"7832\">Use instrumentos calibrados<\/strong> para medi\u00e7\u00f5es precisas.<\/p>\n<\/li>\n<li data-start=\"7862\" data-end=\"7927\">\n<p data-start=\"7865\" data-end=\"7927\"><strong data-start=\"7865\" data-end=\"7903\">Registre informa\u00e7\u00f5es de lote e amostra<\/strong> para rastreabilidade.<\/p>\n<\/li>\n<li data-start=\"7928\" data-end=\"7992\">\n<p data-start=\"7931\" data-end=\"7992\"><strong data-start=\"7931\" data-end=\"7955\">Guarde o material restante<\/strong> em um recipiente bem fechado.<\/p>\n<\/li>\n<li data-start=\"7993\" data-end=\"8068\">\n<p data-start=\"7996\" data-end=\"8068\"><strong data-start=\"7996\" data-end=\"8022\">Remover res\u00edduos<\/strong> de acordo com as diretrizes de seguran\u00e7a aplic\u00e1veis.<\/p>\n<\/li>\n<\/ol>\n<blockquote data-start=\"8070\" data-end=\"8147\">\n<p data-start=\"8072\" data-end=\"8147\">\u2697\ufe0f <strong data-start=\"8075\" data-end=\"8147\">Somente para testes de laborat\u00f3rio \u2013 n\u00e3o para consumo humano.<\/strong><\/p>\n<\/blockquote>\n<hr data-start=\"8149\" data-end=\"8152\" \/>\n<h3 data-start=\"8154\" data-end=\"8179\"><strong data-start=\"8158\" data-end=\"8179\">Instru\u00e7\u00f5es de armazenamento<\/strong><\/h3>\n<ul data-start=\"8181\" data-end=\"8356\">\n<li data-start=\"8181\" data-end=\"8223\">\n<p data-start=\"8183\" data-end=\"8223\">Economize em <strong data-start=\"8194\" data-end=\"8203\">2\u20138\u00b0C<\/strong>, seco e escuro.<\/p>\n<\/li>\n<li data-start=\"8224\" data-end=\"8267\">\n<p data-start=\"8226\" data-end=\"8267\">Guarde a embalagem <strong data-start=\"8245\" data-end=\"8264\">bem fechado<\/strong>.<\/p>\n<\/li>\n<li data-start=\"8268\" data-end=\"8313\">\n<p data-start=\"8270\" data-end=\"8313\">Proteger contra <strong data-start=\"8285\" data-end=\"8310\">luz, umidade e calor<\/strong>.<\/p>\n<\/li>\n<li data-start=\"8314\" data-end=\"8356\">\n<p data-start=\"8316\" data-end=\"8356\">Mantenha fora do alcance de pessoas n\u00e3o autorizadas.<\/p>\n<\/li>\n<\/ul>\n<hr data-start=\"8358\" data-end=\"8361\" \/>\n<h3 data-start=\"8363\" data-end=\"8398\"><strong data-start=\"8367\" data-end=\"8398\">Perguntas Frequentes (FAQ&#039;s)<\/strong><\/h3>\n<p data-start=\"8400\" data-end=\"8548\"><strong data-start=\"8400\" data-end=\"8443\">1. Para que \u00e9 usado o 6-APB 130 mg?<\/strong><br data-start=\"8443\" data-end=\"8446\" \/>Para <strong data-start=\"8451\" data-end=\"8489\">pesquisa anal\u00edtica e forense<\/strong> Desagrad\u00e1vel <strong data-start=\"8495\" data-end=\"8545\">compostos de benzofurano e intera\u00e7\u00f5es com receptores<\/strong>.<\/p>\n<p data-start=\"8550\" data-end=\"8735\"><strong data-start=\"8550\" data-end=\"8597\">2. Este produto \u00e9 pr\u00f3prio para consumo?<\/strong><br data-start=\"8597\" data-end=\"8600\" \/>N\u00e3o. <strong data-start=\"8605\" data-end=\"8628\">Pellets 6-APB 130mg<\/strong> s\u00e3o <strong data-start=\"8634\" data-end=\"8684\">destinado apenas para pesquisa laboratorial<\/strong> e <strong data-start=\"8688\" data-end=\"8732\">n\u00e3o adequado para consumo humano<\/strong>.<\/p>\n<p data-start=\"8737\" data-end=\"8892\"><strong data-start=\"8737\" data-end=\"8787\">3. Qual \u00e9 a melhor maneira de armazenar pellets 6-APB?<\/strong><br data-start=\"8787\" data-end=\"8790\" \/>Mantenha-os em um <strong data-start=\"8807\" data-end=\"8851\">ambiente fresco, seco e escuro (2\u20138\u00b0C)<\/strong> em um <strong data-start=\"8859\" data-end=\"8889\">embalagem bem fechada<\/strong>.<\/p>\n<hr data-start=\"8894\" data-end=\"8897\" \/>\n<h3 data-start=\"8899\" data-end=\"8916\"><strong data-start=\"8903\" data-end=\"8916\">Conclus\u00e3o<\/strong><\/h3>\n<p data-start=\"8918\" data-end=\"9204\"><strong data-start=\"8918\" data-end=\"8941\">Pellets 6-APB 130mg<\/strong> oferecer <strong data-start=\"8949\" data-end=\"9014\">pureza, estabilidade e reprodutibilidade excepcionais<\/strong>, desenvolvido para pesquisa anal\u00edtica profissional.<br data-start=\"9067\" data-end=\"9070\" \/>Uma escolha confi\u00e1vel para laborat\u00f3rios que trabalham em <strong data-start=\"9124\" data-end=\"9201\">an\u00e1lises qu\u00edmicas e estudos estruturais de compostos benzofur\u00e2nicos<\/strong>.<\/p>\n<p><span style=\"vertical-align: inherit;\"><span style=\"vertical-align: inherit;\">\u00a0<\/span><\/span><a href=\"https:\/\/researchchemicalhub.com\/pt\/comprar\/lisergamidas\/1v-lsd-150-mcg-blotters\/\"><span style=\"vertical-align: inherit;\"><span style=\"vertical-align: inherit;\">1V-LSD 150 MCG Blotters<\/span><\/span><\/a><span style=\"vertical-align: inherit;\"><span style=\"vertical-align: inherit;\">\u00a0<\/span><\/span><a href=\"https:\/\/researchchemicalhub.com\/pt\/comprar\/catinonas\/%f0%9f%92%a1-po-cristalino-de-2-mmc-para-todas-as-perguntas-e-respostas-sobre-compra\/\"><span style=\"vertical-align: inherit;\"><span style=\"vertical-align: inherit;\">Pellets de 2-CMC 250 mg<\/span><\/span><\/a><span style=\"vertical-align: inherit;\"><span style=\"vertical-align: inherit;\">\u00a0<\/span><\/span><a href=\"https:\/\/researchchemicalhub.com\/pt\/comprar\/quase-proibido\/pellets-estrela-rosa-5-mapb-70mg-2-fma-20mg-5-meo-mipt-2mg\/\"><span style=\"vertical-align: inherit;\"><span style=\"vertical-align: inherit;\">Pellets Pink Star 5-MAPB 70mg \/ 2-FMA 20mg \/ 5-MeO-MiPT 2mg <\/span><\/span><\/a><a href=\"https:\/\/researchchemicalhub.com\/pt\/comprar\/quase-proibido\/4f-mph-25-mg-pellets\/\"><span style=\"vertical-align: inherit;\"><span style=\"vertical-align: inherit;\">Pelotas 4F-MPH 25 MG<\/span><\/span><\/a><span style=\"vertical-align: inherit;\"><span style=\"vertical-align: inherit;\">\u00a0<\/span><\/span><a href=\"https:\/\/researchchemicalhub.com\/pt\/comprar\/pelotas-2\/pellets-erextc-homosildenafil-100-mg\/\"><span style=\"vertical-align: inherit;\"><span style=\"vertical-align: inherit;\">EREXTC Homosildenafila 100 mg em comprimidos revestidos<\/span><\/span><\/a><\/p>","protected":false},"excerpt":{"rendered":"<h3><span style=\"vertical-align: inherit;\"><span style=\"vertical-align: inherit;\">Propriedades 6-APB<\/span><\/span><\/h3>\n<p><strong><span style=\"vertical-align: inherit;\"><span style=\"vertical-align: inherit;\">Sin\u00f4nimo<\/span><\/span><\/strong><span style=\"vertical-align: inherit;\"><span style=\"vertical-align: inherit;\"> : 6-(2-aminopropil)benzofurano <\/span><\/span><br \/>\n<strong><span style=\"vertical-align: inherit;\"><span style=\"vertical-align: inherit;\">N\u00famero CAS:<\/span><\/span><\/strong><span style=\"vertical-align: inherit;\"><span style=\"vertical-align: inherit;\"> 286834-85-3 <\/span><\/span><br \/>\n<strong><span style=\"vertical-align: inherit;\"><span style=\"vertical-align: inherit;\">F\u00f3rmula<\/span><\/span><\/strong><span style=\"vertical-align: inherit;\"><span style=\"vertical-align: inherit;\"> : <\/span><\/span><span title=\"Carbono\"><span style=\"vertical-align: inherit;\"><span style=\"vertical-align: inherit;\">C <\/span><\/span><\/span><sub><span style=\"vertical-align: inherit;\"><span style=\"vertical-align: inherit;\">11 <\/span><\/span><\/sub><span title=\"Hidrog\u00eanio\"><span style=\"vertical-align: inherit;\"><span style=\"vertical-align: inherit;\">H <\/span><\/span><\/span><sub><span style=\"vertical-align: inherit;\"><span style=\"vertical-align: inherit;\">13 <\/span><\/span><\/sub><span title=\"Azoto\"><span style=\"vertical-align: inherit;\"><span style=\"vertical-align: inherit;\">N <\/span><\/span><\/span><span title=\"Oxig\u00eanio\"><span style=\"vertical-align: inherit;\"><span style=\"vertical-align: inherit;\">O <\/span><\/span><\/span><br \/>\n<strong><span style=\"vertical-align: inherit;\"><span style=\"vertical-align: inherit;\">Massa molar<\/span><\/span><\/strong><span style=\"vertical-align: inherit;\"><span style=\"vertical-align: inherit;\"> : <\/span><\/span><span class=\"nowrap\"><span style=\"vertical-align: inherit;\"><span style=\"vertical-align: inherit;\">175.231<\/span><\/span><\/span><span style=\"vertical-align: inherit;\"><span style=\"vertical-align: inherit;\"> \u00a0g\/mol <\/span><\/span><br \/>\n<strong><span style=\"vertical-align: inherit;\"><span style=\"vertical-align: inherit;\">Pureza<\/span><\/span><\/strong><span style=\"vertical-align: inherit;\"><span style=\"vertical-align: inherit;\"> : &gt;98%<\/span><\/span><\/p>","protected":false},"featured_media":28696,"comment_status":"closed","ping_status":"closed","template":"","meta":[],"product_brand":[82],"product_cat":[340,341,339,322,324],"product_tag":[126,326],"class_list":{"0":"post-23992","1":"product","2":"type-product","3":"status-publish","4":"has-post-thumbnail","6":"product_brand-research-chemical","7":"product_cat-6-apb","8":"product_cat-6-apb-pellets","9":"product_cat-benzofuran","10":"product_cat-bijna-verboden","11":"product_cat-pellets-for-pellet","12":"product_tag-6-apb-kopen","13":"product_tag-nl","15":"first","16":"instock","17":"taxable","18":"shipping-taxable","19":"purchasable","20":"product-type-variable"},"_links":{"self":[{"href":"https:\/\/researchchemicalhub.com\/pt\/wp-json\/wp\/v2\/product\/23992","targetHints":{"allow":["GET"]}}],"collection":[{"href":"https:\/\/researchchemicalhub.com\/pt\/wp-json\/wp\/v2\/product"}],"about":[{"href":"https:\/\/researchchemicalhub.com\/pt\/wp-json\/wp\/v2\/types\/product"}],"replies":[{"embeddable":true,"href":"https:\/\/researchchemicalhub.com\/pt\/wp-json\/wp\/v2\/comments?post=23992"}],"version-history":[{"count":6,"href":"https:\/\/researchchemicalhub.com\/pt\/wp-json\/wp\/v2\/product\/23992\/revisions"}],"predecessor-version":[{"id":27907,"href":"https:\/\/researchchemicalhub.com\/pt\/wp-json\/wp\/v2\/product\/23992\/revisions\/27907"}],"wp:featuredmedia":[{"embeddable":true,"href":"https:\/\/researchchemicalhub.com\/pt\/wp-json\/wp\/v2\/media\/28696"}],"wp:attachment":[{"href":"https:\/\/researchchemicalhub.com\/pt\/wp-json\/wp\/v2\/media?parent=23992"}],"wp:term":[{"taxonomy":"product_brand","embeddable":true,"href":"https:\/\/researchchemicalhub.com\/pt\/wp-json\/wp\/v2\/product_brand?post=23992"},{"taxonomy":"product_cat","embeddable":true,"href":"https:\/\/researchchemicalhub.com\/pt\/wp-json\/wp\/v2\/product_cat?post=23992"},{"taxonomy":"product_tag","embeddable":true,"href":"https:\/\/researchchemicalhub.com\/pt\/wp-json\/wp\/v2\/product_tag?post=23992"}],"curies":[{"name":"wp","href":"https:\/\/api.w.org\/{rel}","templated":true}]}}