{"id":23968,"date":"2025-04-13T17:40:48","date_gmt":"2025-04-13T17:40:48","guid":{"rendered":"https:\/\/researchchemicalhub.com\/?post_type=product&#038;p=23968"},"modified":"2025-10-30T07:43:02","modified_gmt":"2025-10-30T07:43:02","slug":"mandala-amarela","status":"publish","type":"product","link":"https:\/\/researchchemicalhub.com\/pt\/comprar\/6-apb\/mandala-amarela\/","title":{"rendered":"Mandala Amarela"},"content":{"rendered":"<h3 data-start=\"5416\" data-end=\"5435\"><strong data-start=\"5420\" data-end=\"5435\"><span dir=\"auto\" style=\"vertical-align: inherit;\"><span dir=\"auto\" style=\"vertical-align: inherit;\">Introdu\u00e7\u00e3o<\/span><\/span><\/strong><\/h3>\n<p data-start=\"5437\" data-end=\"5656\"><span dir=\"auto\" style=\"vertical-align: inherit;\"><span dir=\"auto\" style=\"vertical-align: inherit;\">O <\/span><\/span><strong data-start=\"5440\" data-end=\"5458\"><span dir=\"auto\" style=\"vertical-align: inherit;\"><span dir=\"auto\" style=\"vertical-align: inherit;\">Mandala Amarela<\/span><\/span><\/strong><span dir=\"auto\" style=\"vertical-align: inherit;\"><span dir=\"auto\" style=\"vertical-align: inherit;\"> is a timeless symbol of <\/span><\/span><strong data-start=\"5487\" data-end=\"5528\"><span dir=\"auto\" style=\"vertical-align: inherit;\"><span dir=\"auto\" style=\"vertical-align: inherit;\">energy, enlightenment, and transformation<\/span><\/span><\/strong><span dir=\"auto\" style=\"vertical-align: inherit;\"><span dir=\"auto\" style=\"vertical-align: inherit;\"> . <\/span><\/span><br data-start=\"5529\" data-end=\"5532\" \/><span dir=\"auto\" style=\"vertical-align: inherit;\"><span dir=\"auto\" style=\"vertical-align: inherit;\">In ancient spiritual traditions, the mandala represents <\/span><\/span><strong data-start=\"5589\" data-end=\"5623\"><span dir=\"auto\" style=\"vertical-align: inherit;\"><span dir=\"auto\" style=\"vertical-align: inherit;\">balance, wholeness, and the connection<\/span><\/span><\/strong><span dir=\"auto\" style=\"vertical-align: inherit;\"><span dir=\"auto\" style=\"vertical-align: inherit;\"> between body, mind, and spirit.<\/span><\/span><\/p>\n<p data-start=\"5658\" data-end=\"5982\"><span dir=\"auto\" style=\"vertical-align: inherit;\"><span dir=\"auto\" style=\"vertical-align: inherit;\">O <\/span><\/span><strong data-start=\"5661\" data-end=\"5675\"><span dir=\"auto\" style=\"vertical-align: inherit;\"><span dir=\"auto\" style=\"vertical-align: inherit;\">yellow color<\/span><\/span><\/strong><span dir=\"auto\" style=\"vertical-align: inherit;\"><span dir=\"auto\" style=\"vertical-align: inherit;\"> of this mandala radiates <\/span><\/span><strong data-start=\"5701\" data-end=\"5742\"><span dir=\"auto\" style=\"vertical-align: inherit;\"><span dir=\"auto\" style=\"vertical-align: inherit;\">optimism, vitality, and creativity<\/span><\/span><\/strong><span dir=\"auto\" style=\"vertical-align: inherit;\"><span dir=\"auto\" style=\"vertical-align: inherit;\"> \u2013 perfect for meditation rooms, yoga studios, or living spaces where positive energy is desired. <\/span><\/span><br data-start=\"5841\" data-end=\"5844\" \/><span dir=\"auto\" style=\"vertical-align: inherit;\"><span dir=\"auto\" style=\"vertical-align: inherit;\">Each Yellow Mandala is <\/span><\/span><strong data-start=\"5870\" data-end=\"5906\"><span dir=\"auto\" style=\"vertical-align: inherit;\"><span dir=\"auto\" style=\"vertical-align: inherit;\">crafted with care and precision<\/span><\/span><\/strong><span dir=\"auto\" style=\"vertical-align: inherit;\"><span dir=\"auto\" style=\"vertical-align: inherit;\"> , combining aesthetics and spirituality into one powerful symbol.<\/span><\/span><\/p>\n<hr data-start=\"5984\" data-end=\"5987\" \/>\n<h3 data-start=\"5989\" data-end=\"6020\"><strong data-start=\"5993\" data-end=\"6020\"><span dir=\"auto\" style=\"vertical-align: inherit;\"><span dir=\"auto\" style=\"vertical-align: inherit;\">Principais caracter\u00edsticas<\/span><\/span><\/strong><\/h3>\n<ul data-start=\"6022\" data-end=\"6489\">\n<li data-start=\"6022\" data-end=\"6104\">\n<p data-start=\"6024\" data-end=\"6104\"><strong data-start=\"6024\" data-end=\"6047\"><span dir=\"auto\" style=\"vertical-align: inherit;\"><span dir=\"auto\" style=\"vertical-align: inherit;\">Symbolic design:<\/span><\/span><\/strong><span dir=\"auto\" style=\"vertical-align: inherit;\"><span dir=\"auto\" style=\"vertical-align: inherit;\"> Represents harmony, growth and spiritual balance.<\/span><\/span><\/p>\n<\/li>\n<li data-start=\"6105\" data-end=\"6176\">\n<p data-start=\"6107\" data-end=\"6176\"><strong data-start=\"6107\" data-end=\"6129\"><span dir=\"auto\" style=\"vertical-align: inherit;\"><span dir=\"auto\" style=\"vertical-align: inherit;\">Bright yellow hue:<\/span><\/span><\/strong><span dir=\"auto\" style=\"vertical-align: inherit;\"><span dir=\"auto\" style=\"vertical-align: inherit;\"> Symbol of light, energy and creativity.<\/span><\/span><\/p>\n<\/li>\n<li data-start=\"6177\" data-end=\"6251\">\n<p data-start=\"6179\" data-end=\"6251\"><strong data-start=\"6179\" data-end=\"6207\"><span dir=\"auto\" style=\"vertical-align: inherit;\"><span dir=\"auto\" style=\"vertical-align: inherit;\">High-quality materials:<\/span><\/span><\/strong><span dir=\"auto\" style=\"vertical-align: inherit;\"><span dir=\"auto\" style=\"vertical-align: inherit;\"> Made of durable, colorfast fabrics.<\/span><\/span><\/p>\n<\/li>\n<li data-start=\"6252\" data-end=\"6334\">\n<p data-start=\"6254\" data-end=\"6334\"><strong data-start=\"6254\" data-end=\"6277\"><span dir=\"auto\" style=\"vertical-align: inherit;\"><span dir=\"auto\" style=\"vertical-align: inherit;\">Versatile use:<\/span><\/span><\/strong><span dir=\"auto\" style=\"vertical-align: inherit;\"><span dir=\"auto\" style=\"vertical-align: inherit;\"> Suitable for wall decoration, meditation or mindfulness.<\/span><\/span><\/p>\n<\/li>\n<li data-start=\"6335\" data-end=\"6411\">\n<p data-start=\"6337\" data-end=\"6411\"><strong data-start=\"6337\" data-end=\"6365\"><span dir=\"auto\" style=\"vertical-align: inherit;\"><span dir=\"auto\" style=\"vertical-align: inherit;\">Handmade craftsmanship:<\/span><\/span><\/strong><span dir=\"auto\" style=\"vertical-align: inherit;\"><span dir=\"auto\" style=\"vertical-align: inherit;\"> Designed with attention to detail and symmetry.<\/span><\/span><\/p>\n<\/li>\n<li data-start=\"6412\" data-end=\"6489\">\n<p data-start=\"6414\" data-end=\"6489\"><strong data-start=\"6414\" data-end=\"6440\"><span dir=\"auto\" style=\"vertical-align: inherit;\"><span dir=\"auto\" style=\"vertical-align: inherit;\">Sustainably produced:<\/span><\/span><\/strong><span dir=\"auto\" style=\"vertical-align: inherit;\"><span dir=\"auto\" style=\"vertical-align: inherit;\"> Environmentally friendly and non-toxic materials.<\/span><\/span><\/p>\n<\/li>\n<\/ul>\n<hr data-start=\"6491\" data-end=\"6494\" \/>\n<h3 data-start=\"6496\" data-end=\"6513\"><strong data-start=\"6500\" data-end=\"6513\"><span dir=\"auto\" style=\"vertical-align: inherit;\"><span dir=\"auto\" style=\"vertical-align: inherit;\">Vantagens<\/span><\/span><\/strong><\/h3>\n<ol data-start=\"6515\" data-end=\"6923\">\n<li data-start=\"6515\" data-end=\"6623\">\n<p data-start=\"6518\" data-end=\"6623\"><strong data-start=\"6518\" data-end=\"6561\"><span dir=\"auto\" style=\"vertical-align: inherit;\"><span dir=\"auto\" style=\"vertical-align: inherit;\">Promotes positivity and concentration:<\/span><\/span><\/strong><span dir=\"auto\" style=\"vertical-align: inherit;\"><span dir=\"auto\" style=\"vertical-align: inherit;\"> The yellow color stimulates <\/span><\/span><strong data-start=\"6587\" data-end=\"6620\"><span dir=\"auto\" style=\"vertical-align: inherit;\"><span dir=\"auto\" style=\"vertical-align: inherit;\">creativity and clear thinking<\/span><\/span><\/strong><span dir=\"auto\" style=\"vertical-align: inherit;\"><span dir=\"auto\" style=\"vertical-align: inherit;\"> .<\/span><\/span><\/p>\n<\/li>\n<li data-start=\"6624\" data-end=\"6707\">\n<p data-start=\"6627\" data-end=\"6707\"><strong data-start=\"6627\" data-end=\"6657\"><span dir=\"auto\" style=\"vertical-align: inherit;\"><span dir=\"auto\" style=\"vertical-align: inherit;\">Creates a calm atmosphere:<\/span><\/span><\/strong><span dir=\"auto\" style=\"vertical-align: inherit;\"><span dir=\"auto\" style=\"vertical-align: inherit;\"> Ideal for <\/span><\/span><strong data-start=\"6670\" data-end=\"6704\"><span dir=\"auto\" style=\"vertical-align: inherit;\"><span dir=\"auto\" style=\"vertical-align: inherit;\">yoga, meditation and relaxation<\/span><\/span><\/strong><span dir=\"auto\" style=\"vertical-align: inherit;\"><span dir=\"auto\" style=\"vertical-align: inherit;\"> .<\/span><\/span><\/p>\n<\/li>\n<li data-start=\"6708\" data-end=\"6773\">\n<p data-start=\"6711\" data-end=\"6773\"><strong data-start=\"6711\" data-end=\"6736\"><span dir=\"auto\" style=\"vertical-align: inherit;\"><span dir=\"auto\" style=\"vertical-align: inherit;\">Symbol of harmony:<\/span><\/span><\/strong><span dir=\"auto\" style=\"vertical-align: inherit;\"><span dir=\"auto\" style=\"vertical-align: inherit;\"> Brings balance to body and mind.<\/span><\/span><\/p>\n<\/li>\n<li data-start=\"6774\" data-end=\"6847\">\n<p data-start=\"6777\" data-end=\"6847\"><strong data-start=\"6777\" data-end=\"6800\"><span dir=\"auto\" style=\"vertical-align: inherit;\"><span dir=\"auto\" style=\"vertical-align: inherit;\">Visual beauty:<\/span><\/span><\/strong><span dir=\"auto\" style=\"vertical-align: inherit;\"><span dir=\"auto\" style=\"vertical-align: inherit;\"> An artistic addition to any interior.<\/span><\/span><\/p>\n<\/li>\n<li data-start=\"6848\" data-end=\"6923\">\n<p data-start=\"6851\" data-end=\"6923\"><strong data-start=\"6851\" data-end=\"6883\"><span dir=\"auto\" style=\"vertical-align: inherit;\"><span dir=\"auto\" style=\"vertical-align: inherit;\">Mindfulness Tool:<\/span><\/span><\/strong><span dir=\"auto\" style=\"vertical-align: inherit;\"><span dir=\"auto\" style=\"vertical-align: inherit;\"> Helps with <\/span><\/span><strong data-start=\"6894\" data-end=\"6920\"><span dir=\"auto\" style=\"vertical-align: inherit;\"><span dir=\"auto\" style=\"vertical-align: inherit;\">Focus and Self-Reflection<\/span><\/span><\/strong><span dir=\"auto\" style=\"vertical-align: inherit;\"><span dir=\"auto\" style=\"vertical-align: inherit;\"> .<\/span><\/span><\/p>\n<\/li>\n<\/ol>\n<hr data-start=\"6925\" data-end=\"6928\" \/>\n<h3 data-start=\"6930\" data-end=\"6945\"><strong data-start=\"6934\" data-end=\"6945\"><span dir=\"auto\" style=\"vertical-align: inherit;\"><span dir=\"auto\" style=\"vertical-align: inherit;\">Uso<\/span><\/span><\/strong><\/h3>\n<ol data-start=\"6947\" data-end=\"7325\">\n<li data-start=\"6947\" data-end=\"7035\">\n<p data-start=\"6950\" data-end=\"7035\"><strong data-start=\"6950\" data-end=\"6969\"><span dir=\"auto\" style=\"vertical-align: inherit;\"><span dir=\"auto\" style=\"vertical-align: inherit;\">For meditation:<\/span><\/span><\/strong><span dir=\"auto\" style=\"vertical-align: inherit;\"><span dir=\"auto\" style=\"vertical-align: inherit;\"> Use the mandala as <\/span><\/span><strong data-start=\"6993\" data-end=\"7032\"><span dir=\"auto\" style=\"vertical-align: inherit;\"><span dir=\"auto\" style=\"vertical-align: inherit;\">a focus point for concentration and tranquility<\/span><\/span><\/strong><span dir=\"auto\" style=\"vertical-align: inherit;\"><span dir=\"auto\" style=\"vertical-align: inherit;\"> .<\/span><\/span><\/p>\n<\/li>\n<li data-start=\"7036\" data-end=\"7137\">\n<p data-start=\"7039\" data-end=\"7137\"><strong data-start=\"7039\" data-end=\"7058\"><span dir=\"auto\" style=\"vertical-align: inherit;\"><span dir=\"auto\" style=\"vertical-align: inherit;\">For decoration:<\/span><\/span><\/strong><span dir=\"auto\" style=\"vertical-align: inherit;\"><span dir=\"auto\" style=\"vertical-align: inherit;\"> Hang it on the wall or place it on an altar for <\/span><\/span><strong data-start=\"7113\" data-end=\"7134\"><span dir=\"auto\" style=\"vertical-align: inherit;\"><span dir=\"auto\" style=\"vertical-align: inherit;\">positive energy<\/span><\/span><\/strong><span dir=\"auto\" style=\"vertical-align: inherit;\"><span dir=\"auto\" style=\"vertical-align: inherit;\"> .<\/span><\/span><\/p>\n<\/li>\n<li data-start=\"7138\" data-end=\"7233\">\n<p data-start=\"7141\" data-end=\"7233\"><strong data-start=\"7141\" data-end=\"7164\"><span dir=\"auto\" style=\"vertical-align: inherit;\"><span dir=\"auto\" style=\"vertical-align: inherit;\">For self-reflection:<\/span><\/span><\/strong><span dir=\"auto\" style=\"vertical-align: inherit;\"><span dir=\"auto\" style=\"vertical-align: inherit;\"> Use it as a symbol of <\/span><\/span><strong data-start=\"7194\" data-end=\"7230\"><span dir=\"auto\" style=\"vertical-align: inherit;\"><span dir=\"auto\" style=\"vertical-align: inherit;\">personal growth and awareness<\/span><\/span><\/strong><span dir=\"auto\" style=\"vertical-align: inherit;\"><span dir=\"auto\" style=\"vertical-align: inherit;\"> .<\/span><\/span><\/p>\n<\/li>\n<li data-start=\"7234\" data-end=\"7325\">\n<p data-start=\"7237\" data-end=\"7325\"><strong data-start=\"7237\" data-end=\"7251\"><span dir=\"auto\" style=\"vertical-align: inherit;\"><span dir=\"auto\" style=\"vertical-align: inherit;\">For yoga:<\/span><\/span><\/strong><span dir=\"auto\" style=\"vertical-align: inherit;\"><span dir=\"auto\" style=\"vertical-align: inherit;\"> Place the mandala in your studio to <\/span><span dir=\"auto\" style=\"vertical-align: inherit;\">create a <\/span><\/span><strong data-start=\"7290\" data-end=\"7311\"><span dir=\"auto\" style=\"vertical-align: inherit;\"><span dir=\"auto\" style=\"vertical-align: inherit;\">calming atmosphere .<\/span><\/span><\/strong><\/p>\n<\/li>\n<\/ol>\n<blockquote data-start=\"7327\" data-end=\"7415\">\n<p data-start=\"7329\" data-end=\"7415\">\ud83c\udf3c <strong data-start=\"7332\" data-end=\"7340\"><span dir=\"auto\" style=\"vertical-align: inherit;\"><span dir=\"auto\" style=\"vertical-align: inherit;\">Dica:<\/span><\/span><\/strong><span dir=\"auto\" style=\"vertical-align: inherit;\"><span dir=\"auto\" style=\"vertical-align: inherit;\"> The Yellow Mandala looks best in natural lighting.<\/span><\/span><\/p>\n<\/blockquote>\n<hr data-start=\"7417\" data-end=\"7420\" \/>\n<h3 data-start=\"7422\" data-end=\"7457\"><strong data-start=\"7426\" data-end=\"7457\"><span dir=\"auto\" style=\"vertical-align: inherit;\"><span dir=\"auto\" style=\"vertical-align: inherit;\">Perguntas Frequentes (FAQs)<\/span><\/span><\/strong><\/h3>\n<p data-start=\"7459\" data-end=\"7636\"><strong data-start=\"7459\" data-end=\"7501\"><span dir=\"auto\" style=\"vertical-align: inherit;\"><span dir=\"auto\" style=\"vertical-align: inherit;\">1. What does the Yellow Mandala symbolize?<\/span><\/span><\/strong><br data-start=\"7501\" data-end=\"7504\" \/><span dir=\"auto\" style=\"vertical-align: inherit;\"><span dir=\"auto\" style=\"vertical-align: inherit;\"> The Yellow Mandala represents <\/span><\/span><strong data-start=\"7533\" data-end=\"7568\"><span dir=\"auto\" style=\"vertical-align: inherit;\"><span dir=\"auto\" style=\"vertical-align: inherit;\">energy, joy, and enlightenment<\/span><\/span><\/strong><span dir=\"auto\" style=\"vertical-align: inherit;\"><span dir=\"auto\" style=\"vertical-align: inherit;\"> , and symbolizes the <\/span><\/span><strong data-start=\"7589\" data-end=\"7633\"><span dir=\"auto\" style=\"vertical-align: inherit;\"><span dir=\"auto\" style=\"vertical-align: inherit;\">connection between body, mind, and soul<\/span><\/span><\/strong><span dir=\"auto\" style=\"vertical-align: inherit;\"><span dir=\"auto\" style=\"vertical-align: inherit;\"> .<\/span><\/span><\/p>\n<p data-start=\"7638\" data-end=\"7796\"><strong data-start=\"7638\" data-end=\"7679\"><span dir=\"auto\" style=\"vertical-align: inherit;\"><span dir=\"auto\" style=\"vertical-align: inherit;\">2. Where can I hang my mandala?<\/span><\/span><\/strong><br data-start=\"7679\" data-end=\"7682\" \/><span dir=\"auto\" style=\"vertical-align: inherit;\"><span dir=\"auto\" style=\"vertical-align: inherit;\"> Em <\/span><\/span><strong data-start=\"7685\" data-end=\"7744\"><span dir=\"auto\" style=\"vertical-align: inherit;\"><span dir=\"auto\" style=\"vertical-align: inherit;\">living rooms, yoga studios, meditation rooms, or offices<\/span><\/span><\/strong><span dir=\"auto\" style=\"vertical-align: inherit;\"><span dir=\"auto\" style=\"vertical-align: inherit;\"> \u2014anywhere you want to create peace and inspiration.<\/span><\/span><\/p>\n<p data-start=\"7798\" data-end=\"7920\"><strong data-start=\"7798\" data-end=\"7835\"><span dir=\"auto\" style=\"vertical-align: inherit;\"><span dir=\"auto\" style=\"vertical-align: inherit;\">3. How do I care for my mandala?<\/span><\/span><\/strong><br data-start=\"7835\" data-end=\"7838\" \/><span dir=\"auto\" style=\"vertical-align: inherit;\"><span dir=\"auto\" style=\"vertical-align: inherit;\"> Avoid direct sunlight and moisture. Clean gently with a soft, dry cloth.<\/span><\/span><\/p>\n<h5 class=\"serp-title\"><span dir=\"auto\"><span dir=\"auto\" style=\"vertical-align: inherit;\"><span dir=\"auto\" style=\"vertical-align: inherit;\">Mandala Amarela<\/span><\/span><\/span><\/h5>\n<hr data-start=\"7922\" data-end=\"7925\" \/>\n<h3 data-start=\"7927\" data-end=\"7959\"><strong data-start=\"7931\" data-end=\"7959\"><span dir=\"auto\" style=\"vertical-align: inherit;\"><span dir=\"auto\" style=\"vertical-align: inherit;\">Especifica\u00e7\u00f5es t\u00e9cnicas<\/span><\/span><\/strong><\/h3>\n<div class=\"_tableContainer_1rjym_1\">\n<div class=\"group _tableWrapper_1rjym_13 flex w-fit flex-col-reverse\" tabindex=\"-1\">\n<table class=\"w-fit min-w-(--thread-content-width)\" data-start=\"7961\" data-end=\"8422\">\n<thead data-start=\"7961\" data-end=\"7995\">\n<tr data-start=\"7961\" data-end=\"7995\">\n<th data-start=\"7961\" data-end=\"7980\" data-col-size=\"sm\"><strong data-start=\"7963\" data-end=\"7979\"><span dir=\"auto\" style=\"vertical-align: inherit;\"><span dir=\"auto\" style=\"vertical-align: inherit;\">Specification<\/span><\/span><\/strong><\/th>\n<th data-start=\"7980\" data-end=\"7995\" data-col-size=\"md\"><strong data-start=\"7982\" data-end=\"7993\"><span dir=\"auto\" style=\"vertical-align: inherit;\"><span dir=\"auto\" style=\"vertical-align: inherit;\">Detalhes<\/span><\/span><\/strong><\/th>\n<\/tr>\n<\/thead>\n<tbody data-start=\"8032\" data-end=\"8422\">\n<tr data-start=\"8032\" data-end=\"8068\">\n<td data-start=\"8032\" data-end=\"8050\" data-col-size=\"sm\"><strong data-start=\"8034\" data-end=\"8049\"><span dir=\"auto\" style=\"vertical-align: inherit;\"><span dir=\"auto\" style=\"vertical-align: inherit;\">Nome do produto<\/span><\/span><\/strong><\/td>\n<td data-start=\"8050\" data-end=\"8068\" data-col-size=\"md\"><span dir=\"auto\" style=\"vertical-align: inherit;\"><span dir=\"auto\" style=\"vertical-align: inherit;\">Mandala Amarela<\/span><\/span><\/td>\n<\/tr>\n<tr data-start=\"8069\" data-end=\"8105\">\n<td data-start=\"8069\" data-end=\"8090\" data-col-size=\"sm\"><strong data-start=\"8071\" data-end=\"8089\"><span dir=\"auto\" style=\"vertical-align: inherit;\"><span dir=\"auto\" style=\"vertical-align: inherit;\">Primary color<\/span><\/span><\/strong><\/td>\n<td data-start=\"8090\" data-end=\"8105\" data-col-size=\"md\"><span dir=\"auto\" style=\"vertical-align: inherit;\"><span dir=\"auto\" style=\"vertical-align: inherit;\">Yellow \/ Gold<\/span><\/span><\/td>\n<\/tr>\n<tr data-start=\"8106\" data-end=\"8150\">\n<td data-start=\"8106\" data-end=\"8122\" data-col-size=\"sm\"><strong data-start=\"8108\" data-end=\"8121\"><span dir=\"auto\" style=\"vertical-align: inherit;\"><span dir=\"auto\" style=\"vertical-align: inherit;\">Symbolism<\/span><\/span><\/strong><\/td>\n<td data-start=\"8122\" data-end=\"8150\" data-col-size=\"md\"><span dir=\"auto\" style=\"vertical-align: inherit;\"><span dir=\"auto\" style=\"vertical-align: inherit;\">Energy, Joy, Balance<\/span><\/span><\/td>\n<\/tr>\n<tr data-start=\"8151\" data-end=\"8193\">\n<td data-start=\"8151\" data-end=\"8167\" data-col-size=\"sm\"><strong data-start=\"8153\" data-end=\"8166\"><span dir=\"auto\" style=\"vertical-align: inherit;\"><span dir=\"auto\" style=\"vertical-align: inherit;\">Material<\/span><\/span><\/strong><\/td>\n<td data-start=\"8167\" data-end=\"8193\" data-col-size=\"md\"><span dir=\"auto\" style=\"vertical-align: inherit;\"><span dir=\"auto\" style=\"vertical-align: inherit;\">Canvas \/ Sustainable Fabric<\/span><\/span><\/td>\n<\/tr>\n<tr data-start=\"8194\" data-end=\"8236\">\n<td data-start=\"8194\" data-end=\"8210\" data-col-size=\"sm\"><strong data-start=\"8196\" data-end=\"8209\"><span dir=\"auto\" style=\"vertical-align: inherit;\"><span dir=\"auto\" style=\"vertical-align: inherit;\">Finishing<\/span><\/span><\/strong><\/td>\n<td data-start=\"8210\" data-end=\"8236\" data-col-size=\"md\"><span dir=\"auto\" style=\"vertical-align: inherit;\"><span dir=\"auto\" style=\"vertical-align: inherit;\">Handmade or printed<\/span><\/span><\/td>\n<\/tr>\n<tr data-start=\"8237\" data-end=\"8288\">\n<td data-start=\"8237\" data-end=\"8248\" data-col-size=\"sm\"><strong data-start=\"8239\" data-end=\"8247\"><span dir=\"auto\" style=\"vertical-align: inherit;\"><span dir=\"auto\" style=\"vertical-align: inherit;\">Forma<\/span><\/span><\/strong><\/td>\n<td data-start=\"8248\" data-end=\"8288\" data-col-size=\"md\"><span dir=\"auto\" style=\"vertical-align: inherit;\"><span dir=\"auto\" style=\"vertical-align: inherit;\">Circle design with geometric pattern<\/span><\/span><\/td>\n<\/tr>\n<tr data-start=\"8289\" data-end=\"8357\">\n<td data-start=\"8289\" data-end=\"8303\" data-col-size=\"sm\"><strong data-start=\"8291\" data-end=\"8302\"><span dir=\"auto\" style=\"vertical-align: inherit;\"><span dir=\"auto\" style=\"vertical-align: inherit;\">Uso<\/span><\/span><\/strong><\/td>\n<td data-start=\"8303\" data-end=\"8357\" data-col-size=\"md\"><span dir=\"auto\" style=\"vertical-align: inherit;\"><span dir=\"auto\" style=\"vertical-align: inherit;\">Decoration \/ Meditation \/ Yoga \/ Spiritual practice<\/span><\/span><\/td>\n<\/tr>\n<tr data-start=\"8358\" data-end=\"8422\">\n<td data-start=\"8358\" data-end=\"8374\" data-col-size=\"sm\"><strong data-start=\"8360\" data-end=\"8373\"><span dir=\"auto\" style=\"vertical-align: inherit;\"><span dir=\"auto\" style=\"vertical-align: inherit;\">Maintenance<\/span><\/span><\/strong><\/td>\n<td data-col-size=\"md\" data-start=\"8374\" data-end=\"8422\"><span dir=\"auto\" style=\"vertical-align: inherit;\"><span dir=\"auto\" style=\"vertical-align: inherit;\">Wipe with a soft cloth, keep out of sunlight<\/span><\/span><\/td>\n<\/tr>\n<\/tbody>\n<\/table>\n<\/div>\n<\/div>\n<hr data-start=\"8424\" data-end=\"8427\" \/>\n<h3 data-start=\"8429\" data-end=\"8446\"><strong data-start=\"8433\" data-end=\"8446\"><span dir=\"auto\" style=\"vertical-align: inherit;\"><span dir=\"auto\" style=\"vertical-align: inherit;\">Conclus\u00e3o<\/span><\/span><\/strong><\/h3>\n<p data-start=\"8448\" data-end=\"8700\"><span dir=\"auto\" style=\"vertical-align: inherit;\"><span dir=\"auto\" style=\"vertical-align: inherit;\">O <\/span><\/span><strong data-start=\"8451\" data-end=\"8469\"><span dir=\"auto\" style=\"vertical-align: inherit;\"><span dir=\"auto\" style=\"vertical-align: inherit;\">Mandala Amarela<\/span><\/span><\/strong><span dir=\"auto\" style=\"vertical-align: inherit;\"><span dir=\"auto\" style=\"vertical-align: inherit;\"> is more than just decoration \u2013 it&#8217;s a <\/span><\/span><strong data-start=\"8505\" data-end=\"8561\"><span dir=\"auto\" style=\"vertical-align: inherit;\"><span dir=\"auto\" style=\"vertical-align: inherit;\">spiritual symbol of light, balance, and creativity<\/span><\/span><\/strong><span dir=\"auto\" style=\"vertical-align: inherit;\"><span dir=\"auto\" style=\"vertical-align: inherit;\"> . <\/span><\/span><br data-start=\"8562\" data-end=\"8565\" \/><span dir=\"auto\" style=\"vertical-align: inherit;\"><span dir=\"auto\" style=\"vertical-align: inherit;\">Whether used for <\/span><\/span><strong data-start=\"8595\" data-end=\"8636\"><span dir=\"auto\" style=\"vertical-align: inherit;\"><span dir=\"auto\" style=\"vertical-align: inherit;\">yoga, meditation, or interior design<\/span><\/span><\/strong><span dir=\"auto\" style=\"vertical-align: inherit;\"><span dir=\"auto\" style=\"vertical-align: inherit;\"> , it brings <\/span><\/span><strong data-start=\"8649\" data-end=\"8682\"><span dir=\"auto\" style=\"vertical-align: inherit;\"><span dir=\"auto\" style=\"vertical-align: inherit;\">positive energy and harmony<\/span><\/span><\/strong><span dir=\"auto\" style=\"vertical-align: inherit;\"><span dir=\"auto\" style=\"vertical-align: inherit;\"> to any space.<\/span><\/span><\/p>","protected":false},"excerpt":{"rendered":"<h2><strong><span dir=\"auto\" style=\"vertical-align: inherit;\"><span dir=\"auto\" style=\"vertical-align: inherit;\"><span dir=\"auto\" style=\"vertical-align: inherit;\"><span dir=\"auto\" style=\"vertical-align: inherit;\">Mandala Amarela &#039;Benzo Fury&#039;<\/span><\/span><\/span><\/span><\/strong><\/h2>\n<p><strong><span dir=\"auto\" style=\"vertical-align: inherit;\"><span dir=\"auto\" style=\"vertical-align: inherit;\"><span dir=\"auto\" style=\"vertical-align: inherit;\"><span dir=\"auto\" style=\"vertical-align: inherit;\">A mistura Yellow Mandala com 6-APB cont\u00e9m o suficiente para uma pessoa realizar uma pesquisa. Comece sempre sua pesquisa com um quarto ou meio tubo e depois encontre a melhor dosagem para suas necessidades!<\/span><\/span><\/span><\/span><\/strong><\/p>","protected":false},"featured_media":28624,"comment_status":"closed","ping_status":"closed","template":"","meta":[],"product_brand":[],"product_cat":[340,339,322,396,486,398,381],"product_tag":[326,1101],"class_list":{"0":"post-23968","1":"product","2":"type-product","3":"status-publish","4":"has-post-thumbnail","6":"product_cat-6-apb","7":"product_cat-benzofuran","8":"product_cat-bijna-verboden","9":"product_cat-liquid-rcs","10":"product_cat-mandala-mixes","11":"product_cat-verkoop","12":"product_cat-tryptamines","13":"product_tag-nl","14":"product_tag-yellow-mandala","16":"first","17":"instock","18":"sale","19":"taxable","20":"shipping-taxable","21":"purchasable","22":"product-type-variable"},"_links":{"self":[{"href":"https:\/\/researchchemicalhub.com\/pt\/wp-json\/wp\/v2\/product\/23968","targetHints":{"allow":["GET"]}}],"collection":[{"href":"https:\/\/researchchemicalhub.com\/pt\/wp-json\/wp\/v2\/product"}],"about":[{"href":"https:\/\/researchchemicalhub.com\/pt\/wp-json\/wp\/v2\/types\/product"}],"replies":[{"embeddable":true,"href":"https:\/\/researchchemicalhub.com\/pt\/wp-json\/wp\/v2\/comments?post=23968"}],"version-history":[{"count":6,"href":"https:\/\/researchchemicalhub.com\/pt\/wp-json\/wp\/v2\/product\/23968\/revisions"}],"predecessor-version":[{"id":28697,"href":"https:\/\/researchchemicalhub.com\/pt\/wp-json\/wp\/v2\/product\/23968\/revisions\/28697"}],"wp:featuredmedia":[{"embeddable":true,"href":"https:\/\/researchchemicalhub.com\/pt\/wp-json\/wp\/v2\/media\/28624"}],"wp:attachment":[{"href":"https:\/\/researchchemicalhub.com\/pt\/wp-json\/wp\/v2\/media?parent=23968"}],"wp:term":[{"taxonomy":"product_brand","embeddable":true,"href":"https:\/\/researchchemicalhub.com\/pt\/wp-json\/wp\/v2\/product_brand?post=23968"},{"taxonomy":"product_cat","embeddable":true,"href":"https:\/\/researchchemicalhub.com\/pt\/wp-json\/wp\/v2\/product_cat?post=23968"},{"taxonomy":"product_tag","embeddable":true,"href":"https:\/\/researchchemicalhub.com\/pt\/wp-json\/wp\/v2\/product_tag?post=23968"}],"curies":[{"name":"wp","href":"https:\/\/api.w.org\/{rel}","templated":true}]}}