{"id":23933,"date":"2025-04-13T17:40:43","date_gmt":"2025-04-13T17:40:43","guid":{"rendered":"https:\/\/researchchemicalhub.com\/?post_type=product&#038;p=23933"},"modified":"2025-10-30T07:53:12","modified_gmt":"2025-10-30T07:53:12","slug":"pellets-de-norflurazepam-5-mg","status":"publish","type":"product","link":"https:\/\/researchchemicalhub.com\/pt\/comprar\/benzodiazepinicos\/pellets-de-norflurazepam-5-mg\/","title":{"rendered":"Pellets de Norflurazepam 5 MG"},"content":{"rendered":"<div class=\"dad65929\">\n<div class=\"_4f9bf79 d7dc56a8 _43c05b5\">\n<div class=\"ds-markdown ds-markdown--block\">\n<h3 data-start=\"6228\" data-end=\"6247\"><strong data-start=\"6232\" data-end=\"6247\">Introdu\u00e7\u00e3o<\/strong><\/h3>\n<p data-start=\"6249\" data-end=\"6610\"><strong data-start=\"6249\" data-end=\"6278\">Pellets de Norflurazepam 5mg<\/strong> s\u00e3o <strong data-start=\"6284\" data-end=\"6331\">subst\u00e2ncias de pesquisa de grau anal\u00edtico<\/strong>, especialmente desenvolvido para <strong data-start=\"6358\" data-end=\"6412\">pesquisa cient\u00edfica, forense e qu\u00edmica<\/strong>. Pellets de Norflurazepam 5mg<br data-start=\"6413\" data-end=\"6416\" \/>Tamb\u00e9m conhecido como <strong data-start=\"6431\" data-end=\"6453\">Desalquilflurazepam<\/strong>, essa conex\u00e3o pertence ao <strong data-start=\"6486\" data-end=\"6510\">classe de benzodiazep\u00ednicos<\/strong> e \u00e9 um <strong data-start=\"6521\" data-end=\"6563\">metab\u00f3lito de v\u00e1rios benzodiazep\u00ednicos<\/strong>, sob o qual <strong data-start=\"6575\" data-end=\"6589\">Flurazepam<\/strong> e <strong data-start=\"6593\" data-end=\"6607\">Diclazepam<\/strong>.<\/p>\n<p data-start=\"6612\" data-end=\"6857\">Produzido sob <strong data-start=\"6631\" data-end=\"6672\">Normas BPL (Boas Pr\u00e1ticas de Laborat\u00f3rio)<\/strong>, esses pellets oferecem uma <strong data-start=\"6698\" data-end=\"6721\">pureza de \u226599%<\/strong>, <strong data-start=\"6723\" data-end=\"6748\">estabilidade qu\u00edmica<\/strong> e <strong data-start=\"6752\" data-end=\"6775\">qualidade consistente<\/strong>.<br data-start=\"6776\" data-end=\"6779\" \/>Ideal para <strong data-start=\"6791\" data-end=\"6854\">an\u00e1lises cromatogr\u00e1ficas, espectrosc\u00f3picas e estruturais<\/strong>.<\/p>\n<blockquote data-start=\"6859\" data-end=\"7003\">\n<p data-start=\"6861\" data-end=\"7003\">\u26a0\ufe0f <strong data-start=\"6864\" data-end=\"6875\">OBS:<\/strong> Este produto \u00e9 <strong data-start=\"6891\" data-end=\"6941\">destinado apenas para pesquisa laboratorial<\/strong> e <strong data-start=\"6945\" data-end=\"7002\">n\u00e3o \u00e9 adequado para consumo humano ou animal<\/strong>.<\/p>\n<\/blockquote>\n<hr data-start=\"7005\" data-end=\"7008\" \/>\n<h3 data-start=\"7010\" data-end=\"7041\"><strong data-start=\"7014\" data-end=\"7041\">Principais caracter\u00edsticas<\/strong><\/h3>\n<ul data-start=\"7043\" data-end=\"7484\">\n<li data-start=\"7043\" data-end=\"7125\">\n<p data-start=\"7045\" data-end=\"7125\"><strong data-start=\"7045\" data-end=\"7077\">Alta pureza anal\u00edtica:<\/strong> \u226599% testado por t\u00e9cnicas cromatogr\u00e1ficas.<\/p>\n<\/li>\n<li data-start=\"7126\" data-end=\"7191\">\n<p data-start=\"7128\" data-end=\"7191\"><strong data-start=\"7128\" data-end=\"7148\">Dosagem exata:<\/strong> Cada pellet cont\u00e9m <strong data-start=\"7167\" data-end=\"7188\">5mg Norflurazepam<\/strong>.<\/p>\n<\/li>\n<li data-start=\"7192\" data-end=\"7258\">\n<p data-start=\"7194\" data-end=\"7258\"><strong data-start=\"7194\" data-end=\"7215\">Quimicamente est\u00e1vel:<\/strong> Resistente \u00e0 decomposi\u00e7\u00e3o quando armazenado corretamente.<\/p>\n<\/li>\n<li data-start=\"7259\" data-end=\"7328\">\n<p data-start=\"7261\" data-end=\"7328\"><strong data-start=\"7261\" data-end=\"7279\">Produ\u00e7\u00e3o de GLP:<\/strong> Fabricado sob rigorosos padr\u00f5es de laborat\u00f3rio.<\/p>\n<\/li>\n<li data-start=\"7329\" data-end=\"7404\">\n<p data-start=\"7331\" data-end=\"7404\"><strong data-start=\"7331\" data-end=\"7348\">Testado em lote:<\/strong> Cada lote \u00e9 verificado quanto \u00e0 identidade e pureza. Pellets de Norflurazepam 5mg<\/p>\n<\/li>\n<li data-start=\"7405\" data-end=\"7484\">\n<p data-start=\"7407\" data-end=\"7484\"><strong data-start=\"7407\" data-end=\"7430\">Embalagem segura:<\/strong> Herm\u00e9tico e selado para melhor validade.<\/p>\n<\/li>\n<\/ul>\n<hr data-start=\"7486\" data-end=\"7489\" \/>\n<h3 data-start=\"7491\" data-end=\"7508\"><strong data-start=\"7495\" data-end=\"7508\">Vantagens<\/strong><\/h3>\n<ol data-start=\"7510\" data-end=\"7970\">\n<li data-start=\"7510\" data-end=\"7601\">\n<p data-start=\"7513\" data-end=\"7601\"><strong data-start=\"7513\" data-end=\"7550\">Resultados de pesquisa confi\u00e1veis:<\/strong> Alta pureza garante dados reproduz\u00edveis.<\/p>\n<\/li>\n<li data-start=\"7602\" data-end=\"7690\">\n<p data-start=\"7605\" data-end=\"7690\"><strong data-start=\"7605\" data-end=\"7632\">Estabilidade a longo prazo:<\/strong> Resistente \u00e0 luz, umidade e flutua\u00e7\u00f5es de temperatura.<\/p>\n<\/li>\n<li data-start=\"7691\" data-end=\"7771\">\n<p data-start=\"7694\" data-end=\"7771\"><strong data-start=\"7694\" data-end=\"7722\">F\u00e1cil de manusear:<\/strong> O formato de pellet simplifica a dosagem precisa.<\/p>\n<\/li>\n<li data-start=\"7772\" data-end=\"7855\">\n<p data-start=\"7775\" data-end=\"7855\"><strong data-start=\"7775\" data-end=\"7803\">Padr\u00e3o profissional:<\/strong> Adequado para pesquisa forense e anal\u00edtica.<\/p>\n<\/li>\n<li data-start=\"7856\" data-end=\"7970\">\n<p data-start=\"7859\" data-end=\"7970\"><strong data-start=\"7859\" data-end=\"7880\">Amplamente aplic\u00e1vel:<\/strong> Ideal para <strong data-start=\"7893\" data-end=\"7967\">an\u00e1lise de benzodiazep\u00ednicos, estudo de metab\u00f3litos e identifica\u00e7\u00e3o qu\u00edmica<\/strong>.<\/p>\n<\/li>\n<\/ol>\n<hr data-start=\"7972\" data-end=\"7975\" \/>\n<h3 data-start=\"7977\" data-end=\"8016\"><strong data-start=\"7981\" data-end=\"8016\">Uso (somente para pesquisa)<\/strong><\/h3>\n<ol data-start=\"8018\" data-end=\"8403\">\n<li data-start=\"8018\" data-end=\"8105\">\n<p data-start=\"8021\" data-end=\"8105\"><strong data-start=\"8021\" data-end=\"8052\">Use roupas de prote\u00e7\u00e3o:<\/strong> Luvas, \u00f3culos de seguran\u00e7a e jaleco s\u00e3o obrigat\u00f3rios.<\/p>\n<\/li>\n<li data-start=\"8106\" data-end=\"8177\">\n<p data-start=\"8109\" data-end=\"8177\"><strong data-start=\"8109\" data-end=\"8148\">Uso em ambiente controlado:<\/strong> Trabalhe de forma limpa e precisa.<\/p>\n<\/li>\n<li data-start=\"8178\" data-end=\"8259\">\n<p data-start=\"8181\" data-end=\"8259\"><strong data-start=\"8181\" data-end=\"8208\">Observe as informa\u00e7\u00f5es do lote:<\/strong> Registre a pureza, a quantidade e as condi\u00e7\u00f5es.<\/p>\n<\/li>\n<li data-start=\"8260\" data-end=\"8329\">\n<p data-start=\"8263\" data-end=\"8329\"><strong data-start=\"8263\" data-end=\"8300\">Utilize equipamento calibrado:<\/strong> Para medi\u00e7\u00f5es confi\u00e1veis.<\/p>\n<\/li>\n<li data-start=\"8330\" data-end=\"8403\">\n<p data-start=\"8333\" data-end=\"8403\"><strong data-start=\"8333\" data-end=\"8367\">Descarte os res\u00edduos com seguran\u00e7a:<\/strong> Siga as instru\u00e7\u00f5es de seguran\u00e7a.<\/p>\n<\/li>\n<\/ol>\n<blockquote data-start=\"8405\" data-end=\"8490\">\n<p data-start=\"8407\" data-end=\"8490\">\u2697\ufe0f <strong data-start=\"8410\" data-end=\"8490\">Somente para testes de laborat\u00f3rio \u2013 n\u00e3o para consumo humano.<\/strong><\/p>\n<\/blockquote>\n<hr data-start=\"8492\" data-end=\"8495\" \/>\n<h3 data-start=\"8497\" data-end=\"8522\"><strong data-start=\"8501\" data-end=\"8522\">Instru\u00e7\u00f5es de armazenamento<\/strong><\/h3>\n<ul data-start=\"8524\" data-end=\"8692\">\n<li data-start=\"8524\" data-end=\"8566\">\n<p data-start=\"8526\" data-end=\"8566\">Economize em <strong data-start=\"8537\" data-end=\"8546\">2\u20138\u00b0C<\/strong>, seco e escuro.<\/p>\n<\/li>\n<li data-start=\"8567\" data-end=\"8603\">\n<p data-start=\"8569\" data-end=\"8603\">Mantenha o recipiente bem fechado.<\/p>\n<\/li>\n<li data-start=\"8604\" data-end=\"8649\">\n<p data-start=\"8606\" data-end=\"8649\">Proteger contra <strong data-start=\"8621\" data-end=\"8646\">luz, calor e umidade<\/strong>.<\/p>\n<\/li>\n<li data-start=\"8650\" data-end=\"8692\">\n<p data-start=\"8652\" data-end=\"8692\">Mantenha fora do alcance de pessoas n\u00e3o autorizadas.<\/p>\n<\/li>\n<\/ul>\n<hr data-start=\"8694\" data-end=\"8697\" \/>\n<h3 data-start=\"8699\" data-end=\"8734\"><strong data-start=\"8703\" data-end=\"8734\">Perguntas Frequentes (FAQ&#039;s)<\/strong><\/h3>\n<p data-start=\"8736\" data-end=\"8910\"><strong data-start=\"8736\" data-end=\"8781\">1. Para que \u00e9 usado o Norflurazepam?<\/strong><br data-start=\"8781\" data-end=\"8784\" \/>Para <strong data-start=\"8789\" data-end=\"8827\">pesquisa anal\u00edtica e forense<\/strong>, especialmente no campo de <strong data-start=\"8856\" data-end=\"8907\">metabolismo e an\u00e1lise qu\u00edmica de benzodiazep\u00ednicos<\/strong>.<\/p>\n<p data-start=\"8912\" data-end=\"9129\"><strong data-start=\"8912\" data-end=\"8972\">2. O Norflurazepam \u00e9 adequado para consumo humano?<\/strong><br data-start=\"8972\" data-end=\"8975\" \/>N\u00e3o. <strong data-start=\"8980\" data-end=\"9009\">Pellets de Norflurazepam 5mg<\/strong> s\u00e3o <strong data-start=\"9015\" data-end=\"9065\">destinado apenas para pesquisa laboratorial<\/strong> e <strong data-start=\"9069\" data-end=\"9126\">n\u00e3o \u00e9 adequado para consumo humano ou animal<\/strong>.<\/p>\n<p data-start=\"9131\" data-end=\"9277\"><strong data-start=\"9131\" data-end=\"9176\">3. Qual a melhor forma de armazenar o Norflurazepam?<\/strong><br data-start=\"9176\" data-end=\"9179\" \/>Economize em um <strong data-start=\"9193\" data-end=\"9235\">local fresco, seco e escuro (2\u20138\u00b0C)<\/strong>, em um <strong data-start=\"9244\" data-end=\"9274\">embalagem bem fechada<\/strong>.<\/p>\n<hr data-start=\"9279\" data-end=\"9282\" \/>\n<h3 data-start=\"9284\" data-end=\"9301\"><strong data-start=\"9288\" data-end=\"9301\">Conclus\u00e3o<\/strong><\/h3>\n<p data-start=\"9303\" data-end=\"9597\"><strong data-start=\"9303\" data-end=\"9332\">Pellets de Norflurazepam 5mg<\/strong> oferecer <strong data-start=\"9340\" data-end=\"9398\">pureza, estabilidade e consist\u00eancia excepcionais<\/strong>, ideal para <strong data-start=\"9412\" data-end=\"9464\">pesquisa anal\u00edtica e forense profissional<\/strong>.<br data-start=\"9465\" data-end=\"9468\" \/>Uma escolha confi\u00e1vel para laborat\u00f3rios focados em <strong data-start=\"9527\" data-end=\"9594\">an\u00e1lise de benzodiazep\u00ednicos, cromatografia e estudo estrutural<\/strong>.<\/p>\n<\/div>\n<\/div>\n<\/div>","protected":false},"excerpt":{"rendered":"<h3><span data-sheets-value=\"{\" data-sheets-userformat=\"{\"><span style=\"vertical-align: inherit;\"><span style=\"vertical-align: inherit;\"><span dir=\"auto\" style=\"vertical-align: inherit;\"><span dir=\"auto\" style=\"vertical-align: inherit;\">Propriedades do norflurazepam<\/span><\/span><\/span><\/span><\/span><\/h3>\n<p><strong><span style=\"vertical-align: inherit;\"><span style=\"vertical-align: inherit;\"><span dir=\"auto\" style=\"vertical-align: inherit;\"><span dir=\"auto\" style=\"vertical-align: inherit;\">Sin\u00f4nimo:<\/span><\/span><\/span><\/span><\/strong><span style=\"vertical-align: inherit;\"><span style=\"vertical-align: inherit;\"><span dir=\"auto\" style=\"vertical-align: inherit;\"><span dir=\"auto\" style=\"vertical-align: inherit;\"> Norflurazepam <\/span><\/span><\/span><\/span><br \/>\n<strong><span style=\"vertical-align: inherit;\"><span style=\"vertical-align: inherit;\"><span dir=\"auto\" style=\"vertical-align: inherit;\"><span dir=\"auto\" style=\"vertical-align: inherit;\">N\u00famero CAS:<\/span><\/span><\/span><\/span><\/strong><span style=\"vertical-align: inherit;\"><span style=\"vertical-align: inherit;\"><span dir=\"auto\" style=\"vertical-align: inherit;\"><span dir=\"auto\" style=\"vertical-align: inherit;\"> 2886-65-9 <\/span><\/span><\/span><\/span><br \/>\n<strong><span style=\"vertical-align: inherit;\"><span style=\"vertical-align: inherit;\"><span dir=\"auto\" style=\"vertical-align: inherit;\"><span dir=\"auto\" style=\"vertical-align: inherit;\">F\u00f3rmula:<\/span><\/span><\/span><\/span><\/strong><span style=\"vertical-align: inherit;\"><span style=\"vertical-align: inherit;\"><span dir=\"auto\" style=\"vertical-align: inherit;\"><span dir=\"auto\" style=\"vertical-align: inherit;\"> 7-cloro-5-(2-fluorofenil)-1,3-di-hidro-2H-1,4-benzodiazepin-2-ona <\/span><\/span><\/span><\/span><br \/>\n<strong><span style=\"vertical-align: inherit;\"><span style=\"vertical-align: inherit;\"><span dir=\"auto\" style=\"vertical-align: inherit;\"><span dir=\"auto\" style=\"vertical-align: inherit;\">Massa molar:<\/span><\/span><\/span><\/span><\/strong><span style=\"vertical-align: inherit;\"><span style=\"vertical-align: inherit;\"><span dir=\"auto\" style=\"vertical-align: inherit;\"><span dir=\"auto\" style=\"vertical-align: inherit;\"> 299,3 g\/mol <\/span><\/span><\/span><\/span><br \/>\n<strong><span style=\"vertical-align: inherit;\"><span style=\"vertical-align: inherit;\"><span dir=\"auto\" style=\"vertical-align: inherit;\"><span dir=\"auto\" style=\"vertical-align: inherit;\">Pureza:<\/span><\/span><\/span><\/span><\/strong><span style=\"vertical-align: inherit;\"><span style=\"vertical-align: inherit;\"><span dir=\"auto\" style=\"vertical-align: inherit;\"><span dir=\"auto\" style=\"vertical-align: inherit;\"> &gt;97%<\/span><\/span><\/span><\/span><\/p>","protected":false},"featured_media":28577,"comment_status":"closed","ping_status":"closed","template":"","meta":[],"product_brand":[],"product_cat":[76,388,394,324,398],"product_tag":[326],"class_list":{"0":"post-23933","1":"product","2":"type-product","3":"status-publish","4":"has-post-thumbnail","6":"product_cat-benzodiazepinen","7":"product_cat-norflurazepam","8":"product_cat-norflurazepam-pellets","9":"product_cat-pellets-for-pellet","10":"product_cat-verkoop","11":"product_tag-nl","13":"first","14":"instock","15":"sale","16":"taxable","17":"shipping-taxable","18":"purchasable","19":"product-type-variable"},"_links":{"self":[{"href":"https:\/\/researchchemicalhub.com\/pt\/wp-json\/wp\/v2\/product\/23933","targetHints":{"allow":["GET"]}}],"collection":[{"href":"https:\/\/researchchemicalhub.com\/pt\/wp-json\/wp\/v2\/product"}],"about":[{"href":"https:\/\/researchchemicalhub.com\/pt\/wp-json\/wp\/v2\/types\/product"}],"replies":[{"embeddable":true,"href":"https:\/\/researchchemicalhub.com\/pt\/wp-json\/wp\/v2\/comments?post=23933"}],"version-history":[{"count":5,"href":"https:\/\/researchchemicalhub.com\/pt\/wp-json\/wp\/v2\/product\/23933\/revisions"}],"predecessor-version":[{"id":27920,"href":"https:\/\/researchchemicalhub.com\/pt\/wp-json\/wp\/v2\/product\/23933\/revisions\/27920"}],"wp:featuredmedia":[{"embeddable":true,"href":"https:\/\/researchchemicalhub.com\/pt\/wp-json\/wp\/v2\/media\/28577"}],"wp:attachment":[{"href":"https:\/\/researchchemicalhub.com\/pt\/wp-json\/wp\/v2\/media?parent=23933"}],"wp:term":[{"taxonomy":"product_brand","embeddable":true,"href":"https:\/\/researchchemicalhub.com\/pt\/wp-json\/wp\/v2\/product_brand?post=23933"},{"taxonomy":"product_cat","embeddable":true,"href":"https:\/\/researchchemicalhub.com\/pt\/wp-json\/wp\/v2\/product_cat?post=23933"},{"taxonomy":"product_tag","embeddable":true,"href":"https:\/\/researchchemicalhub.com\/pt\/wp-json\/wp\/v2\/product_tag?post=23933"}],"curies":[{"name":"wp","href":"https:\/\/api.w.org\/{rel}","templated":true}]}}