{"id":23915,"date":"2025-04-13T17:40:40","date_gmt":"2025-04-13T17:40:40","guid":{"rendered":"https:\/\/researchchemicalhub.com\/?post_type=product&#038;p=23915"},"modified":"2025-10-30T07:54:01","modified_gmt":"2025-10-30T07:54:01","slug":"nb-5-meo-dalt-oxalato","status":"publish","type":"product","link":"https:\/\/researchchemicalhub.com\/pt\/comprar\/nb-5-de-maio-dalt\/nb-5-meo-dalt-oxalato\/","title":{"rendered":"Oxalato de NB-5-MeO-DALT"},"content":{"rendered":"<h3 data-start=\"6074\" data-end=\"6093\"><strong data-start=\"6078\" data-end=\"6093\">Introdu\u00e7\u00e3o<\/strong><\/h3>\n<p data-start=\"6095\" data-end=\"6425\"><strong data-start=\"6095\" data-end=\"6120\">Oxalato de NB-5-MeO-DALT<\/strong> \u00e9 um <strong data-start=\"6128\" data-end=\"6172\">material de pesquisa de qualidade anal\u00edtica<\/strong>, desenvolvido para <strong data-start=\"6190\" data-end=\"6244\">pesquisa qu\u00edmica, cient\u00edfica e forense<\/strong>. NB-5-MeO-DALT Oxalato<br data-start=\"6245\" data-end=\"6248\" \/>\u00c9 o <strong data-start=\"6259\" data-end=\"6274\">sal de oxalato<\/strong> por <strong data-start=\"6279\" data-end=\"6327\">5-MeO-DALT (N,N-dialil-5-metoxitriptamina)<\/strong>, uma conex\u00e3o do <strong data-start=\"6351\" data-end=\"6372\">fam\u00edlia da triptamina<\/strong>, estruturalmente relacionado \u00e0s indolaminas naturais.<\/p>\n<p data-start=\"6427\" data-end=\"6678\">Produzido sob <strong data-start=\"6446\" data-end=\"6487\">Normas BPL (Boas Pr\u00e1ticas de Laborat\u00f3rio)<\/strong>, este tecido oferece uma <strong data-start=\"6509\" data-end=\"6532\">pureza de \u226599%<\/strong>, <strong data-start=\"6534\" data-end=\"6559\">estabilidade qu\u00edmica<\/strong> e <strong data-start=\"6563\" data-end=\"6585\">consist\u00eancia do lote<\/strong>, o que o torna ideal para <strong data-start=\"6613\" data-end=\"6675\">pesquisa cromatogr\u00e1fica, espectrosc\u00f3pica e estrutural<\/strong>.<\/p>\n<blockquote data-start=\"6680\" data-end=\"6824\">\n<p data-start=\"6682\" data-end=\"6824\">\u26a0\ufe0f <strong data-start=\"6685\" data-end=\"6696\">OBS:<\/strong> Este produto \u00e9 <strong data-start=\"6712\" data-end=\"6762\">destinado apenas para pesquisa laboratorial<\/strong> e <strong data-start=\"6766\" data-end=\"6823\">n\u00e3o \u00e9 adequado para consumo humano ou animal<\/strong>.<\/p>\n<\/blockquote>\n<hr data-start=\"6826\" data-end=\"6829\" \/>\n<h3 data-start=\"6831\" data-end=\"6862\"><strong data-start=\"6835\" data-end=\"6862\">Principais caracter\u00edsticas<\/strong><\/h3>\n<ul data-start=\"6864\" data-end=\"7356\">\n<li data-start=\"6864\" data-end=\"6931\">\n<p data-start=\"6866\" data-end=\"6931\"><strong data-start=\"6866\" data-end=\"6898\">Alta pureza anal\u00edtica:<\/strong> \u226599% testado por HPLC e GC-MS.<\/p>\n<\/li>\n<li data-start=\"6932\" data-end=\"7025\">\n<p data-start=\"6934\" data-end=\"7025\"><strong data-start=\"6934\" data-end=\"6958\">Sal de oxalato est\u00e1vel:<\/strong> Maior estabilidade e maior prazo de validade do que a base livre.<\/p>\n<\/li>\n<li data-start=\"7026\" data-end=\"7095\">\n<p data-start=\"7028\" data-end=\"7095\"><strong data-start=\"7028\" data-end=\"7046\">Produ\u00e7\u00e3o de GLP:<\/strong> Fabricado sob rigorosos padr\u00f5es de laborat\u00f3rio.<\/p>\n<\/li>\n<li data-start=\"7096\" data-end=\"7183\">\n<p data-start=\"7098\" data-end=\"7183\"><strong data-start=\"7098\" data-end=\"7127\">Consist\u00eancia confi\u00e1vel:<\/strong> Cada lote foi verificado quanto \u00e0 identidade e pureza. NB-5-MeO-DALT Oxalato<\/p>\n<\/li>\n<li data-start=\"7184\" data-end=\"7276\">\n<p data-start=\"7186\" data-end=\"7276\"><strong data-start=\"7186\" data-end=\"7225\">Aplic\u00e1vel em pesquisa forense:<\/strong> Adequado para <strong data-start=\"7240\" data-end=\"7273\">an\u00e1lises de triptamina e indol<\/strong>.<\/p>\n<\/li>\n<li data-start=\"7277\" data-end=\"7356\">\n<p data-start=\"7279\" data-end=\"7356\"><strong data-start=\"7279\" data-end=\"7302\">Embalagem segura:<\/strong> Herm\u00e9tico e selado para melhor validade.<\/p>\n<\/li>\n<\/ul>\n<hr data-start=\"7358\" data-end=\"7361\" \/>\n<h3 data-start=\"7363\" data-end=\"7380\"><strong data-start=\"7367\" data-end=\"7380\">Vantagens<\/strong><\/h3>\n<ol data-start=\"7382\" data-end=\"7834\">\n<li data-start=\"7382\" data-end=\"7464\">\n<p data-start=\"7385\" data-end=\"7464\"><strong data-start=\"7385\" data-end=\"7412\">Composi\u00e7\u00e3o est\u00e1vel:<\/strong> A forma de oxalato proporciona estabilidade a longo prazo.<\/p>\n<\/li>\n<li data-start=\"7465\" data-end=\"7556\">\n<p data-start=\"7468\" data-end=\"7556\"><strong data-start=\"7468\" data-end=\"7505\">Resultados de pesquisa confi\u00e1veis:<\/strong> Alta pureza garante dados reproduz\u00edveis.<\/p>\n<\/li>\n<li data-start=\"7557\" data-end=\"7658\">\n<p data-start=\"7560\" data-end=\"7658\"><strong data-start=\"7560\" data-end=\"7588\">Qualidade profissional:<\/strong> Ideal para <strong data-start=\"7601\" data-end=\"7655\">aplica\u00e7\u00f5es cromatogr\u00e1ficas e espectrosc\u00f3picas<\/strong>.<\/p>\n<\/li>\n<li data-start=\"7659\" data-end=\"7752\">\n<p data-start=\"7662\" data-end=\"7752\"><strong data-start=\"7662\" data-end=\"7692\">Usabilidade forense:<\/strong> Adequado para <strong data-start=\"7707\" data-end=\"7749\">pesquisa toxicol\u00f3gica e estrutural<\/strong>.<\/p>\n<\/li>\n<li data-start=\"7753\" data-end=\"7834\">\n<p data-start=\"7756\" data-end=\"7834\"><strong data-start=\"7756\" data-end=\"7782\">F\u00e1cil de usar:<\/strong> Aplica\u00e7\u00e3o segura e precisa em laborat\u00f3rios.<\/p>\n<\/li>\n<\/ol>\n<hr data-start=\"7836\" data-end=\"7839\" \/>\n<h3 data-start=\"7841\" data-end=\"7880\"><strong data-start=\"7845\" data-end=\"7880\">Uso (somente para pesquisa)<\/strong><\/h3>\n<ol data-start=\"7882\" data-end=\"8301\">\n<li data-start=\"7882\" data-end=\"7969\">\n<p data-start=\"7885\" data-end=\"7969\"><strong data-start=\"7885\" data-end=\"7916\">Use roupas de prote\u00e7\u00e3o:<\/strong> Luvas, \u00f3culos de seguran\u00e7a e jaleco s\u00e3o obrigat\u00f3rios.<\/p>\n<\/li>\n<li data-start=\"7970\" data-end=\"8056\">\n<p data-start=\"7973\" data-end=\"8056\"><strong data-start=\"7973\" data-end=\"8012\">Uso em ambiente controlado:<\/strong> Evite exposi\u00e7\u00e3o ao ar ou umidade.<\/p>\n<\/li>\n<li data-start=\"8057\" data-end=\"8138\">\n<p data-start=\"8060\" data-end=\"8138\"><strong data-start=\"8060\" data-end=\"8087\">Observe as informa\u00e7\u00f5es do lote:<\/strong> Registre a pureza, a quantidade e as condi\u00e7\u00f5es.<\/p>\n<\/li>\n<li data-start=\"8139\" data-end=\"8208\">\n<p data-start=\"8142\" data-end=\"8208\"><strong data-start=\"8142\" data-end=\"8179\">Utilize equipamento calibrado:<\/strong> Para medi\u00e7\u00f5es precisas.<\/p>\n<\/li>\n<li data-start=\"8209\" data-end=\"8301\">\n<p data-start=\"8212\" data-end=\"8301\"><strong data-start=\"8212\" data-end=\"8246\">Descarte os res\u00edduos com seguran\u00e7a:<\/strong> Siga as diretrizes de seguran\u00e7a do laborat\u00f3rio.<\/p>\n<\/li>\n<\/ol>\n<blockquote data-start=\"8303\" data-end=\"8380\">\n<p data-start=\"8305\" data-end=\"8380\">\u2697\ufe0f <strong data-start=\"8308\" data-end=\"8380\">Somente para testes de laborat\u00f3rio \u2013 n\u00e3o para consumo humano.<\/strong><\/p>\n<\/blockquote>\n<hr data-start=\"8382\" data-end=\"8385\" \/>\n<h3 data-start=\"8387\" data-end=\"8412\"><strong data-start=\"8391\" data-end=\"8412\">Instru\u00e7\u00f5es de armazenamento<\/strong><\/h3>\n<ul data-start=\"8414\" data-end=\"8582\">\n<li data-start=\"8414\" data-end=\"8456\">\n<p data-start=\"8416\" data-end=\"8456\">Economize em <strong data-start=\"8427\" data-end=\"8436\">2\u20138\u00b0C<\/strong>, seco e escuro.<\/p>\n<\/li>\n<li data-start=\"8457\" data-end=\"8493\">\n<p data-start=\"8459\" data-end=\"8493\">Mantenha o recipiente bem fechado.<\/p>\n<\/li>\n<li data-start=\"8494\" data-end=\"8539\">\n<p data-start=\"8496\" data-end=\"8539\">Proteger contra <strong data-start=\"8511\" data-end=\"8536\">luz, calor e umidade<\/strong>.<\/p>\n<\/li>\n<li data-start=\"8540\" data-end=\"8582\">\n<p data-start=\"8542\" data-end=\"8582\">Mantenha fora do alcance de pessoas n\u00e3o autorizadas.<\/p>\n<\/li>\n<\/ul>\n<hr data-start=\"8584\" data-end=\"8587\" \/>\n<h3 data-start=\"8589\" data-end=\"8624\"><strong data-start=\"8593\" data-end=\"8624\">Perguntas Frequentes (FAQ&#039;s)<\/strong><\/h3>\n<p data-start=\"8626\" data-end=\"8795\"><strong data-start=\"8626\" data-end=\"8679\">1. Para que \u00e9 usado o oxalato de NB-5-MeO-DALT?<\/strong><br data-start=\"8679\" data-end=\"8682\" \/>Para <strong data-start=\"8687\" data-end=\"8735\">pesquisa anal\u00edtica, qu\u00edmica e forense<\/strong>, focado principalmente em <strong data-start=\"8755\" data-end=\"8792\">compostos de triptamina e indol<\/strong>.<\/p>\n<p data-start=\"8797\" data-end=\"9005\"><strong data-start=\"8797\" data-end=\"8854\">2. O oxalato NB-5-MeO-DALT \u00e9 adequado para consumo?<\/strong><br data-start=\"8854\" data-end=\"8857\" \/>N\u00e3o. <strong data-start=\"8862\" data-end=\"8887\">Oxalato de NB-5-MeO-DALT<\/strong> \u00e9 <strong data-start=\"8891\" data-end=\"8941\">destinado apenas para pesquisa laboratorial<\/strong> e <strong data-start=\"8945\" data-end=\"9002\">n\u00e3o \u00e9 adequado para consumo humano ou animal<\/strong>.<\/p>\n<p data-start=\"9007\" data-end=\"9165\"><strong data-start=\"9007\" data-end=\"9060\">3. Como o oxalato NB-5-MeO-DALT deve ser armazenado?<\/strong><br data-start=\"9060\" data-end=\"9063\" \/>Economize em um <strong data-start=\"9077\" data-end=\"9119\">local fresco, seco e escuro (2\u20138\u00b0C)<\/strong> no <strong data-start=\"9126\" data-end=\"9162\">embalagem herm\u00e9tica original<\/strong>.<\/p>\n<hr data-start=\"9167\" data-end=\"9170\" \/>\n<h3 data-start=\"9172\" data-end=\"9189\"><strong data-start=\"9176\" data-end=\"9189\">Conclus\u00e3o<\/strong><\/h3>\n<p data-start=\"9191\" data-end=\"9456\"><strong data-start=\"9191\" data-end=\"9216\">Oxalato de NB-5-MeO-DALT<\/strong> \u00e9 um <strong data-start=\"9224\" data-end=\"9255\">material de pesquisa de alta qualidade<\/strong> com excelente <strong data-start=\"9272\" data-end=\"9322\">estabilidade, pureza e reprodutibilidade<\/strong>.<br data-start=\"9323\" data-end=\"9326\" \/>\u00c9 a escolha ideal para laborat\u00f3rios focados em <strong data-start=\"9386\" data-end=\"9453\">an\u00e1lise de triptamina, pesquisa de indol e aplica\u00e7\u00f5es forenses<\/strong>.<\/p>","protected":false},"excerpt":{"rendered":"<h3><span data-sheets-value=\"{\" data-sheets-userformat=\"{\"><span style=\"vertical-align: inherit;\"><span style=\"vertical-align: inherit;\">Propriedades do oxalato NB-5-MeO-DALT<\/span><\/span><\/span><\/h3>\n<p><strong><span style=\"vertical-align: inherit;\"><span style=\"vertical-align: inherit;\">Sin\u00f4nimo: terc-butil 3-(2-(dialilamino)etil)-5-metoxi-1H-indol-1-carboxilato oxalato <\/span><\/span><\/strong><br \/>\n<strong><span style=\"vertical-align: inherit;\"><span style=\"vertical-align: inherit;\">N\u00famero CAS:<\/span><\/span><\/strong><span style=\"vertical-align: inherit;\"><span style=\"vertical-align: inherit;\"> nenhum <\/span><\/span><br \/>\n<strong><span style=\"vertical-align: inherit;\"><span style=\"vertical-align: inherit;\">F\u00f3rmula:<\/span><\/span><\/strong><span style=\"vertical-align: inherit;\"><span style=\"vertical-align: inherit;\"> XX <\/span><\/span><br \/>\n<strong><span style=\"vertical-align: inherit;\"><span style=\"vertical-align: inherit;\">Massa molar:<\/span><\/span><\/strong><span style=\"vertical-align: inherit;\"><span style=\"vertical-align: inherit;\"> xx <\/span><\/span><br \/>\n<strong><span style=\"vertical-align: inherit;\"><span style=\"vertical-align: inherit;\">Pureza:<\/span><\/span><\/strong><span style=\"vertical-align: inherit;\"><span style=\"vertical-align: inherit;\"> 98%&gt;<\/span><\/span><\/p>","protected":false},"featured_media":28567,"comment_status":"closed","ping_status":"closed","template":"","meta":[],"product_brand":[],"product_cat":[489,381],"product_tag":[452,1103],"class_list":{"0":"post-23915","1":"product","2":"type-product","3":"status-publish","4":"has-post-thumbnail","6":"product_cat-nb-5-meo-dalt","7":"product_cat-tryptamines","8":"product_tag-de","9":"product_tag-nb-5-meo-dalt-oxalate-2","11":"first","12":"instock","13":"taxable","14":"shipping-taxable","15":"purchasable","16":"product-type-variable"},"_links":{"self":[{"href":"https:\/\/researchchemicalhub.com\/pt\/wp-json\/wp\/v2\/product\/23915","targetHints":{"allow":["GET"]}}],"collection":[{"href":"https:\/\/researchchemicalhub.com\/pt\/wp-json\/wp\/v2\/product"}],"about":[{"href":"https:\/\/researchchemicalhub.com\/pt\/wp-json\/wp\/v2\/types\/product"}],"replies":[{"embeddable":true,"href":"https:\/\/researchchemicalhub.com\/pt\/wp-json\/wp\/v2\/comments?post=23915"}],"version-history":[{"count":6,"href":"https:\/\/researchchemicalhub.com\/pt\/wp-json\/wp\/v2\/product\/23915\/revisions"}],"predecessor-version":[{"id":27922,"href":"https:\/\/researchchemicalhub.com\/pt\/wp-json\/wp\/v2\/product\/23915\/revisions\/27922"}],"wp:featuredmedia":[{"embeddable":true,"href":"https:\/\/researchchemicalhub.com\/pt\/wp-json\/wp\/v2\/media\/28567"}],"wp:attachment":[{"href":"https:\/\/researchchemicalhub.com\/pt\/wp-json\/wp\/v2\/media?parent=23915"}],"wp:term":[{"taxonomy":"product_brand","embeddable":true,"href":"https:\/\/researchchemicalhub.com\/pt\/wp-json\/wp\/v2\/product_brand?post=23915"},{"taxonomy":"product_cat","embeddable":true,"href":"https:\/\/researchchemicalhub.com\/pt\/wp-json\/wp\/v2\/product_cat?post=23915"},{"taxonomy":"product_tag","embeddable":true,"href":"https:\/\/researchchemicalhub.com\/pt\/wp-json\/wp\/v2\/product_tag?post=23915"}],"curies":[{"name":"wp","href":"https:\/\/api.w.org\/{rel}","templated":true}]}}