{"id":23896,"date":"2025-04-13T17:40:39","date_gmt":"2025-04-13T17:40:39","guid":{"rendered":"https:\/\/researchchemicalhub.com\/?post_type=product&#038;p=23896"},"modified":"2025-10-30T07:56:46","modified_gmt":"2025-10-30T07:56:46","slug":"pellets-de-norflurazepam-10-mg","status":"publish","type":"product","link":"https:\/\/researchchemicalhub.com\/pt\/comprar\/benzodiazepinicos\/pellets-de-norflurazepam-10-mg\/","title":{"rendered":"Pellets de Norflurazepam 10 MG"},"content":{"rendered":"<h3 data-start=\"6139\" data-end=\"6158\"><strong data-start=\"6143\" data-end=\"6158\">Introdu\u00e7\u00e3o<\/strong><\/h3>\n<p data-start=\"6160\" data-end=\"6523\"><strong data-start=\"6160\" data-end=\"6190\">Pellets de Norflurazepam 10mg<\/strong> s\u00e3o <strong data-start=\"6196\" data-end=\"6243\">subst\u00e2ncias de pesquisa de grau anal\u00edtico<\/strong>, desenvolvido para <strong data-start=\"6261\" data-end=\"6315\">pesquisa cient\u00edfica, forense e qu\u00edmica<\/strong>. Pellets de Norflurazepam 10 mg<br data-start=\"6316\" data-end=\"6319\" \/>Tamb\u00e9m conhecido como <strong data-start=\"6334\" data-end=\"6356\">Desalquilflurazepam<\/strong>, essa conex\u00e3o pertence ao <strong data-start=\"6389\" data-end=\"6413\">classe de benzodiazep\u00ednicos<\/strong> e \u00e9 um <strong data-start=\"6428\" data-end=\"6476\">metab\u00f3lito de v\u00e1rios benzodiazep\u00ednicos<\/strong>, sob o qual <strong data-start=\"6488\" data-end=\"6502\">Diclazepam<\/strong> e <strong data-start=\"6506\" data-end=\"6520\">Flurazepam<\/strong>.<\/p>\n<p data-start=\"6525\" data-end=\"6758\">Cada pellet cont\u00e9m <strong data-start=\"6543\" data-end=\"6573\">10 miligramas de Norflurazepam<\/strong> com pureza garantida de <strong data-start=\"6611\" data-end=\"6619\">\u226599%<\/strong>, testado sob <strong data-start=\"6634\" data-end=\"6668\">Boas Pr\u00e1ticas de Laborat\u00f3rio (BPL)<\/strong>-padr\u00f5es.<br data-start=\"6676\" data-end=\"6679\" \/>Ideal para <strong data-start=\"6691\" data-end=\"6755\">exame cromatogr\u00e1fico, espectrosc\u00f3pico e toxicol\u00f3gico<\/strong>.<\/p>\n<blockquote data-start=\"6760\" data-end=\"6904\">\n<p data-start=\"6762\" data-end=\"6904\">\u26a0\ufe0f <strong data-start=\"6765\" data-end=\"6776\">OBS:<\/strong> Este produto \u00e9 <strong data-start=\"6792\" data-end=\"6842\">destinado apenas para pesquisa laboratorial<\/strong> e <strong data-start=\"6846\" data-end=\"6903\">n\u00e3o \u00e9 adequado para consumo humano ou animal<\/strong>.<\/p>\n<\/blockquote>\n<hr data-start=\"6906\" data-end=\"6909\" \/>\n<h3 data-start=\"6911\" data-end=\"6942\"><strong data-start=\"6915\" data-end=\"6942\">Principais caracter\u00edsticas<\/strong><\/h3>\n<ul data-start=\"6944\" data-end=\"7442\">\n<li data-start=\"6944\" data-end=\"7043\">\n<p data-start=\"6946\" data-end=\"7043\"><strong data-start=\"6946\" data-end=\"6978\">Alta pureza anal\u00edtica:<\/strong> \u226599% testado por an\u00e1lise cromatogr\u00e1fica e espectrosc\u00f3pica.<\/p>\n<\/li>\n<li data-start=\"7044\" data-end=\"7110\">\n<p data-start=\"7046\" data-end=\"7110\"><strong data-start=\"7046\" data-end=\"7066\">Dosagem exata:<\/strong> Cada pellet cont\u00e9m <strong data-start=\"7085\" data-end=\"7107\">10mg Norflurazepam<\/strong>.<\/p>\n<\/li>\n<li data-start=\"7111\" data-end=\"7186\">\n<p data-start=\"7113\" data-end=\"7186\"><strong data-start=\"7113\" data-end=\"7134\">Quimicamente est\u00e1vel:<\/strong> Resistente \u00e0 degrada\u00e7\u00e3o sob condi\u00e7\u00f5es adequadas de armazenamento.<\/p>\n<\/li>\n<li data-start=\"7187\" data-end=\"7278\">\n<p data-start=\"7189\" data-end=\"7278\"><strong data-start=\"7189\" data-end=\"7207\">Produ\u00e7\u00e3o de GLP:<\/strong> Produzido sob rigoroso controle <strong data-start=\"7235\" data-end=\"7263\">Boas Pr\u00e1ticas de Laborat\u00f3rio<\/strong>-diretrizes.<\/p>\n<\/li>\n<li data-start=\"7279\" data-end=\"7362\">\n<p data-start=\"7281\" data-end=\"7362\"><strong data-start=\"7281\" data-end=\"7298\">Testado em lote:<\/strong> Cada lote \u00e9 verificado quanto \u00e0 identidade e consist\u00eancia.<\/p>\n<\/li>\n<li data-start=\"7363\" data-end=\"7442\">\n<p data-start=\"7365\" data-end=\"7442\"><strong data-start=\"7365\" data-end=\"7388\">Embalagem segura:<\/strong> Herm\u00e9tico e selado para melhor validade.<\/p>\n<\/li>\n<\/ul>\n<hr data-start=\"7444\" data-end=\"7447\" \/>\n<h3 data-start=\"7449\" data-end=\"7466\"><strong data-start=\"7453\" data-end=\"7466\">Vantagens<\/strong><\/h3>\n<ol data-start=\"7468\" data-end=\"7886\">\n<li data-start=\"7468\" data-end=\"7555\">\n<p data-start=\"7471\" data-end=\"7555\"><strong data-start=\"7471\" data-end=\"7508\">Resultados de pesquisa confi\u00e1veis:<\/strong> Alta pureza garante dados consistentes.<\/p>\n<\/li>\n<li data-start=\"7556\" data-end=\"7644\">\n<p data-start=\"7559\" data-end=\"7644\"><strong data-start=\"7559\" data-end=\"7586\">Estabilidade a longo prazo:<\/strong> Resistente \u00e0 luz, umidade e mudan\u00e7as de temperatura.<\/p>\n<\/li>\n<li data-start=\"7645\" data-end=\"7717\">\n<p data-start=\"7648\" data-end=\"7717\"><strong data-start=\"7648\" data-end=\"7672\">Amigo do usu\u00e1rio:<\/strong> O formato de pellet permite uma dosagem f\u00e1cil.<\/p>\n<\/li>\n<li data-start=\"7718\" data-end=\"7805\">\n<p data-start=\"7721\" data-end=\"7805\"><strong data-start=\"7721\" data-end=\"7749\">Qualidade profissional:<\/strong> Adequado para <strong data-start=\"7764\" data-end=\"7802\">pesquisa forense e anal\u00edtica<\/strong>.<\/p>\n<\/li>\n<li data-start=\"7806\" data-end=\"7886\">\n<p data-start=\"7809\" data-end=\"7886\"><strong data-start=\"7809\" data-end=\"7840\">Normas internacionais:<\/strong> Fabricado de acordo com os padr\u00f5es de seguran\u00e7a GLP.<\/p>\n<\/li>\n<\/ol>\n<hr data-start=\"7888\" data-end=\"7891\" \/>\n<h3 data-start=\"7893\" data-end=\"7932\"><strong data-start=\"7897\" data-end=\"7932\">Uso (somente para pesquisa)<\/strong><\/h3>\n<ol data-start=\"7934\" data-end=\"8347\">\n<li data-start=\"7934\" data-end=\"8026\">\n<p data-start=\"7937\" data-end=\"8026\"><strong data-start=\"7937\" data-end=\"7968\">Use roupas de prote\u00e7\u00e3o:<\/strong> Luvas, \u00f3culos de seguran\u00e7a e jaleco s\u00e3o obrigat\u00f3rios.<\/p>\n<\/li>\n<li data-start=\"8027\" data-end=\"8096\">\n<p data-start=\"8030\" data-end=\"8096\"><strong data-start=\"8030\" data-end=\"8067\">Utilize equipamento calibrado:<\/strong> Para medi\u00e7\u00f5es precisas.<\/p>\n<\/li>\n<li data-start=\"8097\" data-end=\"8167\">\n<p data-start=\"8100\" data-end=\"8167\"><strong data-start=\"8100\" data-end=\"8127\">Observe as informa\u00e7\u00f5es do lote:<\/strong> Registre a pureza e a quantidade.<\/p>\n<\/li>\n<li data-start=\"8168\" data-end=\"8254\">\n<p data-start=\"8171\" data-end=\"8254\"><strong data-start=\"8171\" data-end=\"8211\">Trabalhar em ambiente controlado:<\/strong> Utilize equipamento de laborat\u00f3rio est\u00e9ril.<\/p>\n<\/li>\n<li data-start=\"8255\" data-end=\"8347\">\n<p data-start=\"8258\" data-end=\"8347\"><strong data-start=\"8258\" data-end=\"8292\">Descarte os res\u00edduos com seguran\u00e7a:<\/strong> Siga as diretrizes de seguran\u00e7a do laborat\u00f3rio.<\/p>\n<\/li>\n<\/ol>\n<blockquote data-start=\"8349\" data-end=\"8434\">\n<p data-start=\"8351\" data-end=\"8434\">\u2697\ufe0f <strong data-start=\"8354\" data-end=\"8434\">Somente para testes de laborat\u00f3rio \u2013 n\u00e3o para consumo humano.<\/strong><\/p>\n<\/blockquote>\n<hr data-start=\"8436\" data-end=\"8439\" \/>\n<h3 data-start=\"8441\" data-end=\"8466\"><strong data-start=\"8445\" data-end=\"8466\">Instru\u00e7\u00f5es de armazenamento<\/strong><\/h3>\n<ul data-start=\"8468\" data-end=\"8636\">\n<li data-start=\"8468\" data-end=\"8510\">\n<p data-start=\"8470\" data-end=\"8510\">Economize em <strong data-start=\"8481\" data-end=\"8490\">2\u20138\u00b0C<\/strong>, seco e escuro.<\/p>\n<\/li>\n<li data-start=\"8511\" data-end=\"8547\">\n<p data-start=\"8513\" data-end=\"8547\">Mantenha o recipiente bem fechado.<\/p>\n<\/li>\n<li data-start=\"8548\" data-end=\"8593\">\n<p data-start=\"8550\" data-end=\"8593\">Proteger contra <strong data-start=\"8565\" data-end=\"8590\">luz, umidade e calor<\/strong>.<\/p>\n<\/li>\n<li data-start=\"8594\" data-end=\"8636\">\n<p data-start=\"8596\" data-end=\"8636\">Mantenha fora do alcance de pessoas n\u00e3o autorizadas.<\/p>\n<\/li>\n<\/ul>\n<hr data-start=\"8638\" data-end=\"8641\" \/>\n<h3 data-start=\"8643\" data-end=\"8678\"><strong data-start=\"8647\" data-end=\"8678\">Perguntas Frequentes (FAQ&#039;s)<\/strong><\/h3>\n<p data-start=\"8680\" data-end=\"8839\"><strong data-start=\"8680\" data-end=\"8725\">1. Para que \u00e9 usado o Norflurazepam?<\/strong><br data-start=\"8725\" data-end=\"8728\" \/>Para <strong data-start=\"8733\" data-end=\"8771\">pesquisa anal\u00edtica e forense<\/strong>, com \u00eanfase em <strong data-start=\"8787\" data-end=\"8836\">an\u00e1lise de benzodiazep\u00ednicos e estudo de metab\u00f3litos<\/strong>. Pellets de Norflurazepam 10 mg<\/p>\n<p data-start=\"8841\" data-end=\"9059\"><strong data-start=\"8841\" data-end=\"8901\">2. O Norflurazepam \u00e9 adequado para consumo humano?<\/strong><br data-start=\"8901\" data-end=\"8904\" \/>N\u00e3o. <strong data-start=\"8909\" data-end=\"8939\">Pellets de Norflurazepam 10mg<\/strong> s\u00e3o <strong data-start=\"8945\" data-end=\"8995\">destinado apenas para pesquisa laboratorial<\/strong> e <strong data-start=\"8999\" data-end=\"9056\">n\u00e3o \u00e9 adequado para consumo humano ou animal<\/strong>.<\/p>\n<p data-start=\"9061\" data-end=\"9211\"><strong data-start=\"9061\" data-end=\"9106\">3. Qual a melhor forma de armazenar o Norflurazepam?<\/strong><br data-start=\"9106\" data-end=\"9109\" \/>Economize em um <strong data-start=\"9123\" data-end=\"9165\">local fresco, seco e escuro (2\u20138\u00b0C)<\/strong> no <strong data-start=\"9172\" data-end=\"9208\">embalagem herm\u00e9tica original<\/strong>.<\/p>\n<hr data-start=\"9213\" data-end=\"9216\" \/>\n<h3 data-start=\"9218\" data-end=\"9235\"><strong data-start=\"9222\" data-end=\"9235\">Conclus\u00e3o<\/strong><\/h3>\n<p data-start=\"9237\" data-end=\"9533\"><strong data-start=\"9237\" data-end=\"9267\">Pellets de Norflurazepam 10mg<\/strong> oferecer <strong data-start=\"9275\" data-end=\"9337\">excelente pureza, estabilidade e reprodutibilidade<\/strong>, ideal para <strong data-start=\"9351\" data-end=\"9399\">pesquisa anal\u00edtica, qu\u00edmica e forense<\/strong>.<br data-start=\"9400\" data-end=\"9403\" \/>Uma escolha confi\u00e1vel para laborat\u00f3rios focados em <strong data-start=\"9462\" data-end=\"9530\">an\u00e1lise de benzodiazep\u00ednicos, estudos de receptores e pesquisa estrutural<\/strong>.<\/p>","protected":false},"excerpt":{"rendered":"<h3><span data-sheets-value=\"{\" data-sheets-userformat=\"{\"><span dir=\"auto\" style=\"vertical-align: inherit;\"><span dir=\"auto\" style=\"vertical-align: inherit;\">Propriedades do norflurazepam<\/span><\/span><\/span><\/h3>\n<p><strong><span dir=\"auto\" style=\"vertical-align: inherit;\"><span dir=\"auto\" style=\"vertical-align: inherit;\">Sin\u00f4nimo:<\/span><\/span><\/strong><span dir=\"auto\" style=\"vertical-align: inherit;\"><span dir=\"auto\" style=\"vertical-align: inherit;\"> Norflurazepam <\/span><\/span><br \/>\n<strong><span dir=\"auto\" style=\"vertical-align: inherit;\"><span dir=\"auto\" style=\"vertical-align: inherit;\">N\u00famero CAS:<\/span><\/span><\/strong><span dir=\"auto\" style=\"vertical-align: inherit;\"><span dir=\"auto\" style=\"vertical-align: inherit;\"> 2886-65-9 <\/span><\/span><br \/>\n<strong><span dir=\"auto\" style=\"vertical-align: inherit;\"><span dir=\"auto\" style=\"vertical-align: inherit;\">F\u00f3rmula:<\/span><\/span><\/strong><span dir=\"auto\" style=\"vertical-align: inherit;\"><span dir=\"auto\" style=\"vertical-align: inherit;\"> 7-cloro-5-(2-fluorofenil)-1,3-di-hidro-2H-1,4-benzodiazepin-2-ona <\/span><\/span><br \/>\n<strong><span dir=\"auto\" style=\"vertical-align: inherit;\"><span dir=\"auto\" style=\"vertical-align: inherit;\">Massa molar:<\/span><\/span><\/strong><span dir=\"auto\" style=\"vertical-align: inherit;\"><span dir=\"auto\" style=\"vertical-align: inherit;\"> 299,3 g\/mol <\/span><\/span><br \/>\n<strong><span dir=\"auto\" style=\"vertical-align: inherit;\"><span dir=\"auto\" style=\"vertical-align: inherit;\">Pureza:<\/span><\/span><\/strong><span dir=\"auto\" style=\"vertical-align: inherit;\"><span dir=\"auto\" style=\"vertical-align: inherit;\"> &gt;97%<\/span><\/span><\/p>","protected":false},"featured_media":28578,"comment_status":"closed","ping_status":"closed","template":"","meta":[],"product_brand":[],"product_cat":[76,388,394,324,398],"product_tag":[326],"class_list":{"0":"post-23896","1":"product","2":"type-product","3":"status-publish","4":"has-post-thumbnail","6":"product_cat-benzodiazepinen","7":"product_cat-norflurazepam","8":"product_cat-norflurazepam-pellets","9":"product_cat-pellets-for-pellet","10":"product_cat-verkoop","11":"product_tag-nl","13":"first","14":"instock","15":"sale","16":"taxable","17":"shipping-taxable","18":"purchasable","19":"product-type-variable"},"_links":{"self":[{"href":"https:\/\/researchchemicalhub.com\/pt\/wp-json\/wp\/v2\/product\/23896","targetHints":{"allow":["GET"]}}],"collection":[{"href":"https:\/\/researchchemicalhub.com\/pt\/wp-json\/wp\/v2\/product"}],"about":[{"href":"https:\/\/researchchemicalhub.com\/pt\/wp-json\/wp\/v2\/types\/product"}],"replies":[{"embeddable":true,"href":"https:\/\/researchchemicalhub.com\/pt\/wp-json\/wp\/v2\/comments?post=23896"}],"version-history":[{"count":5,"href":"https:\/\/researchchemicalhub.com\/pt\/wp-json\/wp\/v2\/product\/23896\/revisions"}],"predecessor-version":[{"id":27924,"href":"https:\/\/researchchemicalhub.com\/pt\/wp-json\/wp\/v2\/product\/23896\/revisions\/27924"}],"wp:featuredmedia":[{"embeddable":true,"href":"https:\/\/researchchemicalhub.com\/pt\/wp-json\/wp\/v2\/media\/28578"}],"wp:attachment":[{"href":"https:\/\/researchchemicalhub.com\/pt\/wp-json\/wp\/v2\/media?parent=23896"}],"wp:term":[{"taxonomy":"product_brand","embeddable":true,"href":"https:\/\/researchchemicalhub.com\/pt\/wp-json\/wp\/v2\/product_brand?post=23896"},{"taxonomy":"product_cat","embeddable":true,"href":"https:\/\/researchchemicalhub.com\/pt\/wp-json\/wp\/v2\/product_cat?post=23896"},{"taxonomy":"product_tag","embeddable":true,"href":"https:\/\/researchchemicalhub.com\/pt\/wp-json\/wp\/v2\/product_tag?post=23896"}],"curies":[{"name":"wp","href":"https:\/\/api.w.org\/{rel}","templated":true}]}}