{"id":23824,"date":"2025-04-13T17:40:30","date_gmt":"2025-04-13T17:40:30","guid":{"rendered":"https:\/\/researchchemicalhub.com\/?post_type=product&#038;p=23824"},"modified":"2025-10-30T08:12:06","modified_gmt":"2025-10-30T08:12:06","slug":"nep","status":"publish","type":"product","link":"https:\/\/researchchemicalhub.com\/pt\/shop\/bijna-verboden\/nep\/","title":{"rendered":"NEP (N-Etilpentedrona)"},"content":{"rendered":"<p data-start=\"4929\" data-end=\"5282\"><strong data-start=\"4929\" data-end=\"4956\">NEP (N-Etilpentedrona)<\/strong> \u00e9 um <strong data-start=\"4964\" data-end=\"4997\">derivado sint\u00e9tico da catinona<\/strong> que \u00e9 frequentemente usado como <strong data-start=\"5026\" data-end=\"5059\">material de refer\u00eancia e pesquisa<\/strong> em laborat\u00f3rios anal\u00edticos e forenses. Est\u00e1 estruturalmente relacionado a <strong data-start=\"5134\" data-end=\"5148\">pentedrona<\/strong> e pertence ao <strong data-start=\"5167\" data-end=\"5190\">\u03b2-ceto-anfetaminas<\/strong>, tornando-o valioso para a pesquisa em <strong data-start=\"5238\" data-end=\"5281\">estrutura qu\u00edmica e m\u00e9todos de detec\u00e7\u00e3o<\/strong>. Falso<\/p>\n<p data-start=\"5284\" data-end=\"5590\">Este produto \u00e9 <strong data-start=\"5299\" data-end=\"5368\">destinado exclusivamente \u00e0 investiga\u00e7\u00e3o cient\u00edfica e forense<\/strong> e <strong data-start=\"5372\" data-end=\"5429\">n\u00e3o \u00e9 adequado para consumo humano ou animal<\/strong>. Os laborat\u00f3rios usam NEP para <strong data-start=\"5462\" data-end=\"5506\">perfil qu\u00edmico, valida\u00e7\u00e3o de detec\u00e7\u00e3o<\/strong> e <strong data-start=\"5510\" data-end=\"5546\">desenvolvimento de m\u00e9todos anal\u00edticos<\/strong> com t\u00e9cnicas como <strong data-start=\"5568\" data-end=\"5577\">GC-MS<\/strong> e <strong data-start=\"5581\" data-end=\"5589\">HPLC<\/strong>.<\/p>\n<hr data-start=\"5592\" data-end=\"5595\" \/>\n<h3 data-start=\"5597\" data-end=\"5628\"><strong data-start=\"5601\" data-end=\"5628\">Principais caracter\u00edsticas<\/strong><\/h3>\n<ul data-start=\"5630\" data-end=\"6141\">\n<li data-start=\"5630\" data-end=\"5731\">\n<p data-start=\"5632\" data-end=\"5731\"><strong data-start=\"5632\" data-end=\"5652\">Alta Pureza:<\/strong> Fabricado sob rigoroso controle de qualidade para m\u00e1xima confiabilidade.<\/p>\n<\/li>\n<li data-start=\"5732\" data-end=\"5826\">\n<p data-start=\"5734\" data-end=\"5826\"><strong data-start=\"5734\" data-end=\"5760\">Composi\u00e7\u00e3o testada:<\/strong> Cada lote vem com um <strong data-start=\"5795\" data-end=\"5823\">certificado de an\u00e1lise (COA)<\/strong>.<\/p>\n<\/li>\n<li data-start=\"5827\" data-end=\"5938\">\n<p data-start=\"5829\" data-end=\"5938\"><strong data-start=\"5829\" data-end=\"5852\">Estrutura est\u00e1vel:<\/strong> Adequado para resultados de pesquisa consistentes em diversas aplica\u00e7\u00f5es anal\u00edticas.<\/p>\n<\/li>\n<li data-start=\"5939\" data-end=\"6038\">\n<p data-start=\"5941\" data-end=\"6038\"><strong data-start=\"5941\" data-end=\"5972\">Qualidade do n\u00edvel de pesquisa:<\/strong> Adequado para uso em estudos toxicol\u00f3gicos e forenses.<\/p>\n<\/li>\n<li data-start=\"6039\" data-end=\"6141\">\n<p data-start=\"6041\" data-end=\"6141\"><strong data-start=\"6041\" data-end=\"6064\">Embalagem segura:<\/strong> Recipientes herm\u00e9ticos e quimicamente resistentes garantem a estabilidade do produto.<\/p>\n<\/li>\n<\/ul>\n<hr data-start=\"6143\" data-end=\"6146\" \/>\n<h3 data-start=\"6148\" data-end=\"6165\"><strong data-start=\"6152\" data-end=\"6165\">Vantagens<\/strong><\/h3>\n<ul data-start=\"6167\" data-end=\"6651\">\n<li data-start=\"6167\" data-end=\"6252\">\n<p data-start=\"6169\" data-end=\"6252\"><strong data-start=\"6169\" data-end=\"6206\">Resultados de pesquisa confi\u00e1veis:<\/strong> Fornece dados precisos e reproduz\u00edveis.<\/p>\n<\/li>\n<li data-start=\"6253\" data-end=\"6350\">\n<p data-start=\"6255\" data-end=\"6350\"><strong data-start=\"6255\" data-end=\"6284\">Aplica\u00e7\u00f5es Forenses:<\/strong> Frequentemente usado na identifica\u00e7\u00e3o de an\u00e1logos de catinona.<\/p>\n<\/li>\n<li data-start=\"6351\" data-end=\"6437\">\n<p data-start=\"6353\" data-end=\"6437\"><strong data-start=\"6353\" data-end=\"6377\">Qualidade constante:<\/strong> Minimiza a varia\u00e7\u00e3o entre diferentes experimentos.<\/p>\n<\/li>\n<li data-start=\"6438\" data-end=\"6551\">\n<p data-start=\"6440\" data-end=\"6551\"><strong data-start=\"6440\" data-end=\"6464\">Amplamente analis\u00e1vel:<\/strong> Compat\u00edvel com <strong data-start=\"6480\" data-end=\"6518\">cromatografia, espectrometria de massa<\/strong> e <strong data-start=\"6522\" data-end=\"6548\">espectroscopia infravermelha<\/strong>.<\/p>\n<\/li>\n<li data-start=\"6552\" data-end=\"6651\">\n<p data-start=\"6554\" data-end=\"6651\"><strong data-start=\"6554\" data-end=\"6588\">Atende aos padr\u00f5es de seguran\u00e7a:<\/strong> Fabricado de acordo com diretrizes laboratoriais internacionais.<\/p>\n<\/li>\n<\/ul>\n<hr data-start=\"6653\" data-end=\"6656\" \/>\n<h3 data-start=\"6658\" data-end=\"6719\"><strong data-start=\"6662\" data-end=\"6719\">Instru\u00e7\u00f5es de uso (somente para fins de pesquisa)<\/strong><\/h3>\n<ol data-start=\"6721\" data-end=\"7133\">\n<li data-start=\"6721\" data-end=\"6828\">\n<p data-start=\"6724\" data-end=\"6828\"><strong data-start=\"6724\" data-end=\"6742\">Prepara\u00e7\u00e3o:<\/strong> Use em um laborat\u00f3rio credenciado e use equipamento de prote\u00e7\u00e3o adequado.<\/p>\n<\/li>\n<li data-start=\"6829\" data-end=\"6919\">\n<p data-start=\"6832\" data-end=\"6919\"><strong data-start=\"6832\" data-end=\"6847\">Aplicativo:<\/strong> Aplique quantidades rastre\u00e1veis sob condi\u00e7\u00f5es controladas.<\/p>\n<\/li>\n<li data-start=\"6920\" data-end=\"7037\">\n<p data-start=\"6923\" data-end=\"7037\"><strong data-start=\"6923\" data-end=\"6934\">Armazenar:<\/strong> Economize em um <strong data-start=\"6949\" data-end=\"6983\">local fresco, seco e escuro<\/strong>, bem fechado e longe de fontes de calor.<\/p>\n<\/li>\n<li data-start=\"7038\" data-end=\"7133\">\n<p data-start=\"7041\" data-end=\"7133\"><strong data-start=\"7041\" data-end=\"7052\">Disposi\u00e7\u00e3o:<\/strong> Processe as sobras de acordo com as <strong data-start=\"7082\" data-end=\"7130\">diretrizes locais para gest\u00e3o de res\u00edduos qu\u00edmicos<\/strong>.<\/p>\n<\/li>\n<\/ol>\n<hr data-start=\"7135\" data-end=\"7138\" \/>\n<h3 data-start=\"7140\" data-end=\"7174\"><strong data-start=\"7144\" data-end=\"7174\">Seguran\u00e7a e Conformidade<\/strong><\/h3>\n<ul data-start=\"7176\" data-end=\"7541\">\n<li data-start=\"7176\" data-end=\"7271\">\n<p data-start=\"7178\" data-end=\"7271\"><strong data-start=\"7178\" data-end=\"7214\">Somente para uso em laborat\u00f3rio:<\/strong> N\u00e3o \u00e9 adequado para consumo humano ou animal.<\/p>\n<\/li>\n<li data-start=\"7272\" data-end=\"7347\">\n<p data-start=\"7274\" data-end=\"7347\"><strong data-start=\"7274\" data-end=\"7299\">Manuseie com cuidado:<\/strong> Evite contato com a pele, olhos e trato respirat\u00f3rio.<\/p>\n<\/li>\n<li data-start=\"7348\" data-end=\"7450\">\n<p data-start=\"7350\" data-end=\"7450\"><strong data-start=\"7350\" data-end=\"7366\">Regulamentos:<\/strong> Verifique sempre o <strong data-start=\"7388\" data-end=\"7408\">legisla\u00e7\u00e3o local<\/strong> sobre o uso do NEP.<\/p>\n<\/li>\n<li data-start=\"7451\" data-end=\"7541\">\n<p data-start=\"7453\" data-end=\"7541\"><strong data-start=\"7453\" data-end=\"7470\">Documenta\u00e7\u00e3o:<\/strong> UM <strong data-start=\"7475\" data-end=\"7511\">ficha de dados de seguran\u00e7a (FISPQ)<\/strong> est\u00e1 dispon\u00edvel mediante solicita\u00e7\u00e3o.<\/p>\n<\/li>\n<\/ul>\n<hr data-start=\"7543\" data-end=\"7546\" \/>\n<h3 data-start=\"7548\" data-end=\"7583\"><strong data-start=\"7552\" data-end=\"7583\">Perguntas Frequentes (FAQ&#039;s)<\/strong><\/h3>\n<p data-start=\"7585\" data-end=\"7734\"><strong data-start=\"7585\" data-end=\"7620\">1. Para que serve o NEP?<\/strong><br data-start=\"7620\" data-end=\"7623\" \/>O NEP \u00e9 usado apenas como <strong data-start=\"7658\" data-end=\"7691\">material de refer\u00eancia e pesquisa<\/strong> em laborat\u00f3rios anal\u00edticos e forenses.<\/p>\n<p data-start=\"7736\" data-end=\"7907\"><strong data-start=\"7736\" data-end=\"7786\">2. O NEP \u00e9 adequado para consumo humano?<\/strong><br data-start=\"7786\" data-end=\"7789\" \/>N\u00e3o. Este produto \u00e9 <strong data-start=\"7809\" data-end=\"7866\">n\u00e3o \u00e9 adequado para consumo humano ou animal<\/strong> e destinado apenas para fins de pesquisa.<\/p>\n<p data-start=\"7909\" data-end=\"8045\"><strong data-start=\"7909\" data-end=\"7947\">3. Como o NEP deve ser armazenado?<\/strong><br data-start=\"7947\" data-end=\"7950\" \/>Salvar em um <strong data-start=\"7964\" data-end=\"8000\">ambiente fresco, seco e escuro<\/strong>, de prefer\u00eancia em um arm\u00e1rio de armazenamento de produtos qu\u00edmicos.<\/p>\n<p><a href=\"https:\/\/researchchemicalhub.com\/pt\/shop\/lysergamides\/1v-lsd-150-mcg-blotters\/\">1V-LSD 150 MCG Blotters <\/a><a href=\"https:\/\/researchchemicalhub.com\/pt\/shop\/cathinonen\/2-cmc-kopen\/\">Pellets de 2-CMC 250 mg <\/a><a href=\"https:\/\/researchchemicalhub.com\/pt\/shop\/bijna-verboden\/6-cl-adba\/\">6-CL-ADBA <\/a><a href=\"https:\/\/researchchemicalhub.com\/pt\/shop\/bijna-verboden\/pink-star-pellets-5-mapb-70mg-2-fma-20mg-5-meo-mipt-2mg\/\">Pellets Pink Star 5-MAPB 70mg \/ 2-FMA 20mg \/ 5-MeO-MiPT 2mg <\/a><a href=\"https:\/\/researchchemicalhub.com\/pt\/shop\/bijna-verboden\/4f-mph-25-mg-pellets\/\">Pelotas 4F-MPH 25 MG<\/a><\/p>","protected":false},"excerpt":{"rendered":"<h2>FALSO<b>\u00a0<\/b>propriedades<\/h2>\n<p><strong>Sin\u00f4nimo: <\/strong>N-Etilpentedrona (\u03b1-etilaminopentiofenona, \u03b1-EAPP, \u03b1-etilaminovalerofenona, N-etilnorpentedrona)<strong><br \/>\nN\u00famero CAS<\/strong>: 779974-89-9<br \/>\n<strong>F\u00f3rmula<\/strong>: <span title=\"Carbono\">C<\/span><sub>13<\/sub><span title=\"Hidrog\u00eanio\">H<\/span><sub>19<\/sub><span title=\"Azoto\">N<\/span><span title=\"Oxig\u00eanio\">O<\/span><br \/>\n<strong>Massa molar<\/strong>: 205,301 g mol<br \/>\n<strong>Pureza<\/strong>: \u226598%<\/p>","protected":false},"featured_media":28570,"comment_status":"closed","ping_status":"closed","template":"","meta":[],"product_brand":[],"product_cat":[322,79,334],"product_tag":[604,654,1106,1107,609,597,326],"class_list":{"0":"post-23824","1":"product","2":"type-product","3":"status-publish","4":"has-post-thumbnail","6":"product_cat-bijna-verboden","7":"product_cat-cathinonen","8":"product_cat-nep","9":"product_tag-n-ethyl-pentedrone","10":"product_tag-n-ethylpentedrone","11":"product_tag-nep","12":"product_tag-nep-kopen","13":"product_tag-nep-research-chemical","14":"product_tag-nep-snuiven","15":"product_tag-nl","17":"first","18":"instock","19":"taxable","20":"shipping-taxable","21":"purchasable","22":"product-type-variable"},"_links":{"self":[{"href":"https:\/\/researchchemicalhub.com\/pt\/wp-json\/wp\/v2\/product\/23824","targetHints":{"allow":["GET"]}}],"collection":[{"href":"https:\/\/researchchemicalhub.com\/pt\/wp-json\/wp\/v2\/product"}],"about":[{"href":"https:\/\/researchchemicalhub.com\/pt\/wp-json\/wp\/v2\/types\/product"}],"replies":[{"embeddable":true,"href":"https:\/\/researchchemicalhub.com\/pt\/wp-json\/wp\/v2\/comments?post=23824"}],"version-history":[{"count":5,"href":"https:\/\/researchchemicalhub.com\/pt\/wp-json\/wp\/v2\/product\/23824\/revisions"}],"predecessor-version":[{"id":27947,"href":"https:\/\/researchchemicalhub.com\/pt\/wp-json\/wp\/v2\/product\/23824\/revisions\/27947"}],"wp:featuredmedia":[{"embeddable":true,"href":"https:\/\/researchchemicalhub.com\/pt\/wp-json\/wp\/v2\/media\/28570"}],"wp:attachment":[{"href":"https:\/\/researchchemicalhub.com\/pt\/wp-json\/wp\/v2\/media?parent=23824"}],"wp:term":[{"taxonomy":"product_brand","embeddable":true,"href":"https:\/\/researchchemicalhub.com\/pt\/wp-json\/wp\/v2\/product_brand?post=23824"},{"taxonomy":"product_cat","embeddable":true,"href":"https:\/\/researchchemicalhub.com\/pt\/wp-json\/wp\/v2\/product_cat?post=23824"},{"taxonomy":"product_tag","embeddable":true,"href":"https:\/\/researchchemicalhub.com\/pt\/wp-json\/wp\/v2\/product_tag?post=23824"}],"curies":[{"name":"wp","href":"https:\/\/api.w.org\/{rel}","templated":true}]}}