{"id":23751,"date":"2025-04-13T17:40:22","date_gmt":"2025-04-13T17:40:22","guid":{"rendered":"https:\/\/researchchemicalhub.com\/?post_type=product&#038;p=23751"},"modified":"2025-10-30T08:27:33","modified_gmt":"2025-10-30T08:27:33","slug":"nevoa-quimica-2f-dck-spray-30","status":"publish","type":"product","link":"https:\/\/researchchemicalhub.com\/pt\/comprar\/2f-dck-100-mg-pellets\/nevoa-quimica-2f-dck-spray-30\/","title":{"rendered":"Spray Chem-mist 2F-DCK 30%"},"content":{"rendered":"<p data-start=\"4870\" data-end=\"5213\"><strong data-start=\"4870\" data-end=\"4900\">Spray Chem Mist 2F-DCK 30%<\/strong> \u00e9 um <strong data-start=\"4908\" data-end=\"4942\">material de refer\u00eancia anal\u00edtico<\/strong> que <strong data-start=\"4947\" data-end=\"4985\">2-Fluorodesclorocetamina (2F-DCK)<\/strong> cont\u00e9m, uma conex\u00e3o do <strong data-start=\"5015\" data-end=\"5045\">classe de arilciclohexilamina<\/strong>Spray Chem Mist 2F DCK<br data-start=\"5046\" data-end=\"5049\" \/>\u00c9 usado em <strong data-start=\"5071\" data-end=\"5113\">laborat\u00f3rios forenses e anal\u00edticos<\/strong> para o desenvolvimento de m\u00e9todos anal\u00edticos, calibra\u00e7\u00e3o e identifica\u00e7\u00e3o de compostos qu\u00edmicos.<\/p>\n<p data-start=\"5215\" data-end=\"5332\">Este produto \u00e9 <strong data-start=\"5230\" data-end=\"5268\">destinado apenas para fins de pesquisa<\/strong> e <strong data-start=\"5272\" data-end=\"5329\">n\u00e3o \u00e9 adequado para consumo humano ou animal<\/strong>.<\/p>\n<hr data-start=\"5334\" data-end=\"5337\" \/>\n<h3 data-start=\"5339\" data-end=\"5370\"><strong data-start=\"5343\" data-end=\"5370\">Principais caracter\u00edsticas<\/strong><\/h3>\n<ul data-start=\"5372\" data-end=\"5862\">\n<li data-start=\"5372\" data-end=\"5481\">\n<p data-start=\"5374\" data-end=\"5481\"><strong data-start=\"5374\" data-end=\"5394\">Alta Pureza:<\/strong> Fabricado sob rigoroso controle de qualidade para resultados de pesquisa confi\u00e1veis.<\/p>\n<\/li>\n<li data-start=\"5482\" data-end=\"5577\">\n<p data-start=\"5484\" data-end=\"5577\"><strong data-start=\"5484\" data-end=\"5520\">Concentra\u00e7\u00e3o padronizada:<\/strong> Solu\u00e7\u00e3o 30% para calibra\u00e7\u00e3o anal\u00edtica precisa.<\/p>\n<\/li>\n<li data-start=\"5578\" data-end=\"5665\">\n<p data-start=\"5580\" data-end=\"5665\"><strong data-start=\"5580\" data-end=\"5613\">Documenta\u00e7\u00e3o Certificada:<\/strong> Fornecido com certificado de an\u00e1lise e dados do lote.<\/p>\n<\/li>\n<li data-start=\"5666\" data-end=\"5765\">\n<p data-start=\"5668\" data-end=\"5765\"><strong data-start=\"5668\" data-end=\"5699\">Anal\u00edtico amplamente implant\u00e1vel:<\/strong> Adequado para <strong data-start=\"5714\" data-end=\"5723\">GC-MS<\/strong>, <strong data-start=\"5725\" data-end=\"5737\">LC-MS\/MS<\/strong> e <strong data-start=\"5741\" data-end=\"5749\">HPLC<\/strong> aplica\u00e7\u00f5es.<\/p>\n<\/li>\n<li data-start=\"5766\" data-end=\"5862\">\n<p data-start=\"5768\" data-end=\"5862\"><strong data-start=\"5768\" data-end=\"5793\">Formula\u00e7\u00e3o est\u00e1vel:<\/strong> Projetado para armazenamento de longo prazo em condi\u00e7\u00f5es de laborat\u00f3rio. Spray Chem Mist 2F DCK<\/p>\n<\/li>\n<\/ul>\n<hr data-start=\"5864\" data-end=\"5867\" \/>\n<h3 data-start=\"5869\" data-end=\"5886\"><strong data-start=\"5873\" data-end=\"5886\">Vantagens<\/strong><\/h3>\n<ul data-start=\"5888\" data-end=\"6339\">\n<li data-start=\"5888\" data-end=\"5979\">\n<p data-start=\"5890\" data-end=\"5979\"><strong data-start=\"5890\" data-end=\"5916\">Aplic\u00e1vel forensemente:<\/strong> Apoia a pesquisa de compostos de arilciclohexilamina.<\/p>\n<\/li>\n<li data-start=\"5980\" data-end=\"6069\">\n<p data-start=\"5982\" data-end=\"6069\"><strong data-start=\"5982\" data-end=\"6009\">Calibra\u00e7\u00e3o confi\u00e1vel:<\/strong> Garante resultados de medi\u00e7\u00e3o consistentes e reproduz\u00edveis.<\/p>\n<\/li>\n<li data-start=\"6070\" data-end=\"6163\">\n<p data-start=\"6072\" data-end=\"6163\"><strong data-start=\"6072\" data-end=\"6117\">Apoia o Desenvolvimento Metodol\u00f3gico:<\/strong> Adequado para m\u00e9todos de detec\u00e7\u00e3o e an\u00e1lise.<\/p>\n<\/li>\n<li data-start=\"6164\" data-end=\"6246\">\n<p data-start=\"6166\" data-end=\"6246\"><strong data-start=\"6166\" data-end=\"6188\">Valor Educacional:<\/strong> Pode ser usado em projetos de pesquisa acad\u00eamica.<\/p>\n<\/li>\n<li data-start=\"6247\" data-end=\"6339\">\n<p data-start=\"6249\" data-end=\"6339\"><strong data-start=\"6249\" data-end=\"6276\">Seguro e em conformidade:<\/strong> Fabricado de acordo com diretrizes laboratoriais internacionais.<\/p>\n<\/li>\n<\/ul>\n<hr data-start=\"6341\" data-end=\"6344\" \/>\n<h3 data-start=\"6346\" data-end=\"6407\"><strong data-start=\"6350\" data-end=\"6407\">Instru\u00e7\u00f5es de uso (somente para fins de pesquisa)<\/strong><\/h3>\n<ol data-start=\"6409\" data-end=\"6758\">\n<li data-start=\"6409\" data-end=\"6511\">\n<p data-start=\"6412\" data-end=\"6511\"><strong data-start=\"6412\" data-end=\"6426\">Manuseio:<\/strong> Utilizar somente em laborat\u00f3rios credenciados e sob supervis\u00e3o de pessoal qualificado.<\/p>\n<\/li>\n<li data-start=\"6512\" data-end=\"6609\">\n<p data-start=\"6515\" data-end=\"6609\"><strong data-start=\"6515\" data-end=\"6530\">Aplicativo:<\/strong> Use de acordo com protocolos validados em um ambiente bem ventilado.<\/p>\n<\/li>\n<li data-start=\"6610\" data-end=\"6673\">\n<p data-start=\"6613\" data-end=\"6673\"><strong data-start=\"6613\" data-end=\"6624\">Armazenar:<\/strong> Conservar em local fresco, seco e escuro, bem fechado.<\/p>\n<\/li>\n<li data-start=\"6674\" data-end=\"6758\">\n<p data-start=\"6677\" data-end=\"6758\"><strong data-start=\"6677\" data-end=\"6688\">Disposi\u00e7\u00e3o:<\/strong> Descarte os res\u00edduos de acordo com as regulamenta\u00e7\u00f5es locais para res\u00edduos qu\u00edmicos.<\/p>\n<\/li>\n<\/ol>\n<hr data-start=\"6760\" data-end=\"6763\" \/>\n<h3 data-start=\"6765\" data-end=\"6799\"><strong data-start=\"6769\" data-end=\"6799\">Seguran\u00e7a e Conformidade<\/strong><\/h3>\n<ul data-start=\"6801\" data-end=\"7239\">\n<li data-start=\"6801\" data-end=\"6896\">\n<p data-start=\"6803\" data-end=\"6896\"><strong data-start=\"6803\" data-end=\"6839\">Somente para uso em laborat\u00f3rio:<\/strong> N\u00e3o \u00e9 adequado para consumo humano ou animal.<\/p>\n<\/li>\n<li data-start=\"6897\" data-end=\"7009\">\n<p data-start=\"6899\" data-end=\"7009\"><strong data-start=\"6899\" data-end=\"6927\">Considera\u00e7\u00f5es legais:<\/strong> O status do 2F-DCK varia de acordo com o pa\u00eds; sempre verifique os regulamentos locais.<\/p>\n<\/li>\n<li data-start=\"7010\" data-end=\"7114\">\n<p data-start=\"7012\" data-end=\"7114\"><strong data-start=\"7012\" data-end=\"7040\">Sa\u00fade e Seguran\u00e7a:<\/strong> Evite contato com a pele e inala\u00e7\u00e3o; use equipamento de prote\u00e7\u00e3o adequado.<\/p>\n<\/li>\n<li data-start=\"7115\" data-end=\"7239\">\n<p data-start=\"7117\" data-end=\"7239\"><strong data-start=\"7117\" data-end=\"7134\">Documenta\u00e7\u00e3o:<\/strong> UM <strong data-start=\"7139\" data-end=\"7175\">ficha de dados de seguran\u00e7a (FISPQ)<\/strong> e <strong data-start=\"7179\" data-end=\"7207\">certificado de an\u00e1lise (COA)<\/strong> est\u00e3o dispon\u00edveis mediante solicita\u00e7\u00e3o.<\/p>\n<\/li>\n<\/ul>\n<hr data-start=\"7241\" data-end=\"7244\" \/>\n<h3 data-start=\"7246\" data-end=\"7281\"><strong data-start=\"7250\" data-end=\"7281\">Perguntas Frequentes (FAQ&#039;s)<\/strong><\/h3>\n<p data-start=\"7283\" data-end=\"7478\"><strong data-start=\"7283\" data-end=\"7341\">1. Para que \u00e9 usado o Chem Mist 2F-DCK Spray 30%?<\/strong><br data-start=\"7341\" data-end=\"7344\" \/>\u00c9 usado como <strong data-start=\"7367\" data-end=\"7390\">solu\u00e7\u00e3o de refer\u00eancia<\/strong> em laborat\u00f3rios forenses e anal\u00edticos para desenvolvimento e identifica\u00e7\u00e3o de m\u00e9todos.<\/p>\n<p data-start=\"7480\" data-end=\"7641\"><strong data-start=\"7480\" data-end=\"7538\">2. Este produto \u00e9 adequado para consumo humano?<\/strong><br data-start=\"7538\" data-end=\"7541\" \/>N\u00e3o. \u00c9 <strong data-start=\"7553\" data-end=\"7591\">destinado apenas para fins de pesquisa<\/strong> e <strong data-start=\"7595\" data-end=\"7638\">n\u00e3o aprovado para uso humano<\/strong>.<\/p>\n<p data-start=\"7643\" data-end=\"7788\"><strong data-start=\"7643\" data-end=\"7704\">3. Como o Chem Mist 2F-DCK Spray 30% deve ser armazenado?<\/strong><br data-start=\"7704\" data-end=\"7707\" \/>Conservar em local fresco, seco e escuro, bem fechado e fora do alcance de pessoas n\u00e3o autorizadas.<\/p>","protected":false},"excerpt":{"rendered":"<h2><span style=\"vertical-align: inherit;\"><span style=\"vertical-align: inherit;\">Propriedades do Chem-mist 2F-DCK 30% Vanilla Sky<\/span><\/span><\/h2>\n<p><strong><span style=\"vertical-align: inherit;\"><span style=\"vertical-align: inherit;\">Sin\u00f4nimo:<\/span><\/span><\/strong><span style=\"vertical-align: inherit;\"><span style=\"vertical-align: inherit;\"> 2-fluorodesclorocetamina HCl <\/span><\/span><br \/>\n<strong><span style=\"vertical-align: inherit;\"><span style=\"vertical-align: inherit;\">N\u00famero CAS:<\/span><\/span><\/strong><span style=\"vertical-align: inherit;\"><span style=\"vertical-align: inherit;\"> 111982-49-1 <\/span><\/span><br \/>\n<strong><span style=\"vertical-align: inherit;\"><span style=\"vertical-align: inherit;\">F\u00f3rmula:<\/span><\/span><\/strong><span style=\"vertical-align: inherit;\"><span style=\"vertical-align: inherit;\"> 2-(2-fluorofenil)-2-(metilamino)-ciclohexanona <\/span><\/span><br \/>\n<strong><span style=\"vertical-align: inherit;\"><span style=\"vertical-align: inherit;\">Massa molar:<\/span><\/span><\/strong><span style=\"vertical-align: inherit;\"><span style=\"vertical-align: inherit;\"> 257,7 g\/mol <\/span><\/span><br \/>\n<strong><span style=\"vertical-align: inherit;\"><span style=\"vertical-align: inherit;\">Pureza:<\/span><\/span><\/strong><span style=\"vertical-align: inherit;\"><span style=\"vertical-align: inherit;\"> &gt;98%<\/span><\/span><\/p>","protected":false},"featured_media":28495,"comment_status":"closed","ping_status":"closed","template":"","meta":[],"product_brand":[],"product_cat":[474,498,71,471,396],"product_tag":[1115,1116,1117,326,472],"class_list":{"0":"post-23751","1":"product","2":"type-product","3":"status-publish","4":"has-post-thumbnail","6":"product_cat-2f-dck-kopen","7":"product_cat-2f-dck-sprays","8":"product_cat-arylcyclohexylamine","9":"product_cat-chem-mist-sprays","10":"product_cat-liquid-rcs","11":"product_tag-chem-mist-2f-dck-spray","12":"product_tag-chem-mist-2f-dck-spray-30","13":"product_tag-chem-mist-2f-dck-spray-kopen","14":"product_tag-nl","15":"product_tag-spring-is-in-the-air","17":"first","18":"instock","19":"taxable","20":"shipping-taxable","21":"purchasable","22":"product-type-variable"},"_links":{"self":[{"href":"https:\/\/researchchemicalhub.com\/pt\/wp-json\/wp\/v2\/product\/23751","targetHints":{"allow":["GET"]}}],"collection":[{"href":"https:\/\/researchchemicalhub.com\/pt\/wp-json\/wp\/v2\/product"}],"about":[{"href":"https:\/\/researchchemicalhub.com\/pt\/wp-json\/wp\/v2\/types\/product"}],"replies":[{"embeddable":true,"href":"https:\/\/researchchemicalhub.com\/pt\/wp-json\/wp\/v2\/comments?post=23751"}],"version-history":[{"count":6,"href":"https:\/\/researchchemicalhub.com\/pt\/wp-json\/wp\/v2\/product\/23751\/revisions"}],"predecessor-version":[{"id":27959,"href":"https:\/\/researchchemicalhub.com\/pt\/wp-json\/wp\/v2\/product\/23751\/revisions\/27959"}],"wp:featuredmedia":[{"embeddable":true,"href":"https:\/\/researchchemicalhub.com\/pt\/wp-json\/wp\/v2\/media\/28495"}],"wp:attachment":[{"href":"https:\/\/researchchemicalhub.com\/pt\/wp-json\/wp\/v2\/media?parent=23751"}],"wp:term":[{"taxonomy":"product_brand","embeddable":true,"href":"https:\/\/researchchemicalhub.com\/pt\/wp-json\/wp\/v2\/product_brand?post=23751"},{"taxonomy":"product_cat","embeddable":true,"href":"https:\/\/researchchemicalhub.com\/pt\/wp-json\/wp\/v2\/product_cat?post=23751"},{"taxonomy":"product_tag","embeddable":true,"href":"https:\/\/researchchemicalhub.com\/pt\/wp-json\/wp\/v2\/product_tag?post=23751"}],"curies":[{"name":"wp","href":"https:\/\/api.w.org\/{rel}","templated":true}]}}