{"id":23740,"date":"2025-04-13T17:40:19","date_gmt":"2025-04-13T17:40:19","guid":{"rendered":"https:\/\/researchchemicalhub.com\/?post_type=product&#038;p=23740"},"modified":"2025-10-30T08:38:05","modified_gmt":"2025-10-30T08:38:05","slug":"nevoa-quimica-2f-dck-spray-10","status":"publish","type":"product","link":"https:\/\/researchchemicalhub.com\/pt\/comprar\/2f-dck-100-mg-pellets\/nevoa-quimica-2f-dck-spray-10\/","title":{"rendered":"Spray Chem-mist 2F-DCK 10%"},"content":{"rendered":"<p data-start=\"5182\" data-end=\"5517\"><strong data-start=\"5182\" data-end=\"5212\"><span dir=\"auto\" style=\"vertical-align: inherit;\"><span dir=\"auto\" style=\"vertical-align: inherit;\">Spray Chem-Mist 2F-DCK 10%<\/span><\/span><\/strong><span dir=\"auto\" style=\"vertical-align: inherit;\"><span dir=\"auto\" style=\"vertical-align: inherit;\"> \u00e9 um <\/span><\/span><strong data-start=\"5220\" data-end=\"5255\"><span dir=\"auto\" style=\"vertical-align: inherit;\"><span dir=\"auto\" style=\"vertical-align: inherit;\">solu\u00e7\u00e3o de refer\u00eancia anal\u00edtica<\/span><\/span><\/strong><span dir=\"auto\" style=\"vertical-align: inherit;\"><span dir=\"auto\" style=\"vertical-align: inherit;\"> contendo <\/span><\/span><strong data-start=\"5260\" data-end=\"5298\"><span dir=\"auto\" style=\"vertical-align: inherit;\"><span dir=\"auto\" style=\"vertical-align: inherit;\">2-Fluorodesclorocetamina (2F-DCK)<\/span><\/span><\/strong><span dir=\"auto\" style=\"vertical-align: inherit;\"><span dir=\"auto\" style=\"vertical-align: inherit;\"> , um composto no <\/span><\/span><strong data-start=\"5328\" data-end=\"5359\"><span dir=\"auto\" style=\"vertical-align: inherit;\"><span dir=\"auto\" style=\"vertical-align: inherit;\">fam\u00edlia da arilciclohexilamina<\/span><\/span><\/strong><span dir=\"auto\" style=\"vertical-align: inherit;\"><span dir=\"auto\" style=\"vertical-align: inherit;\"> . spray de n\u00e9voa qu\u00edmica <\/span><\/span><br data-start=\"5360\" data-end=\"5363\" \/><span dir=\"auto\" style=\"vertical-align: inherit;\"><span dir=\"auto\" style=\"vertical-align: inherit;\">\u00c9 usado em <\/span><\/span><strong data-start=\"5385\" data-end=\"5427\"><span dir=\"auto\" style=\"vertical-align: inherit;\"><span dir=\"auto\" style=\"vertical-align: inherit;\">laborat\u00f3rios forenses e anal\u00edticos<\/span><\/span><\/strong><span dir=\"auto\" style=\"vertical-align: inherit;\"><span dir=\"auto\" style=\"vertical-align: inherit;\"> para <\/span><\/span><strong data-start=\"5433\" data-end=\"5468\"><span dir=\"auto\" style=\"vertical-align: inherit;\"><span dir=\"auto\" style=\"vertical-align: inherit;\">calibra\u00e7\u00e3o e valida\u00e7\u00e3o do m\u00e9todo<\/span><\/span><\/strong><span dir=\"auto\" style=\"vertical-align: inherit;\"><span dir=\"auto\" style=\"vertical-align: inherit;\"> ao investigar compostos semelhantes.<\/span><\/span><\/p>\n<p data-start=\"5519\" data-end=\"5651\"><span dir=\"auto\" style=\"vertical-align: inherit;\"><span dir=\"auto\" style=\"vertical-align: inherit;\">Este produto \u00e9 <\/span><\/span><strong data-start=\"5534\" data-end=\"5589\"><span dir=\"auto\" style=\"vertical-align: inherit;\"><span dir=\"auto\" style=\"vertical-align: inherit;\">destinado apenas \u00e0 pesquisa cient\u00edfica<\/span><\/span><\/strong><span dir=\"auto\" style=\"vertical-align: inherit;\"><span dir=\"auto\" style=\"vertical-align: inherit;\"> e <\/span><\/span><strong data-start=\"5593\" data-end=\"5650\"><span dir=\"auto\" style=\"vertical-align: inherit;\"><span dir=\"auto\" style=\"vertical-align: inherit;\">N\u00e3o \u00e9 adequado para consumo humano ou animal.<\/span><\/span><\/strong><span dir=\"auto\" style=\"vertical-align: inherit;\"><span dir=\"auto\" style=\"vertical-align: inherit;\"> .<\/span><\/span><\/p>\n<hr data-start=\"5653\" data-end=\"5656\" \/>\n<h3 data-start=\"5658\" data-end=\"5689\"><strong data-start=\"5662\" data-end=\"5689\"><span dir=\"auto\" style=\"vertical-align: inherit;\"><span dir=\"auto\" style=\"vertical-align: inherit;\">Principais caracter\u00edsticas<\/span><\/span><\/strong><\/h3>\n<ul data-start=\"5691\" data-end=\"6145\">\n<li data-start=\"5691\" data-end=\"5777\">\n<p data-start=\"5693\" data-end=\"5777\"><strong data-start=\"5693\" data-end=\"5713\"><span dir=\"auto\" style=\"vertical-align: inherit;\"><span dir=\"auto\" style=\"vertical-align: inherit;\">Alta pureza:<\/span><\/span><\/strong><span dir=\"auto\" style=\"vertical-align: inherit;\"><span dir=\"auto\" style=\"vertical-align: inherit;\"> Produzido em condi\u00e7\u00f5es laboratoriais controladas.<\/span><\/span><\/p>\n<\/li>\n<li data-start=\"5778\" data-end=\"5854\">\n<p data-start=\"5780\" data-end=\"5854\"><strong data-start=\"5780\" data-end=\"5801\"><span dir=\"auto\" style=\"vertical-align: inherit;\"><span dir=\"auto\" style=\"vertical-align: inherit;\">Concentra\u00e7\u00e3o de 10%:<\/span><\/span><\/strong><span dir=\"auto\" style=\"vertical-align: inherit;\"><span dir=\"auto\" style=\"vertical-align: inherit;\"> Projetado para um desempenho anal\u00edtico consistente.<\/span><\/span><\/p>\n<\/li>\n<li data-start=\"5855\" data-end=\"5957\">\n<p data-start=\"5857\" data-end=\"5957\"><strong data-start=\"5857\" data-end=\"5896\"><span dir=\"auto\" style=\"vertical-align: inherit;\"><span dir=\"auto\" style=\"vertical-align: inherit;\">Material de refer\u00eancia certificado:<\/span><\/span><\/strong><span dir=\"auto\" style=\"vertical-align: inherit;\"><span dir=\"auto\" style=\"vertical-align: inherit;\"> Fornecido com <\/span><\/span><strong data-start=\"5910\" data-end=\"5938\"><span dir=\"auto\" style=\"vertical-align: inherit;\"><span dir=\"auto\" style=\"vertical-align: inherit;\">Certificado de An\u00e1lise (COA)<\/span><\/span><\/strong><span dir=\"auto\" style=\"vertical-align: inherit;\"><span dir=\"auto\" style=\"vertical-align: inherit;\"> e documenta\u00e7\u00e3o.<\/span><\/span><\/p>\n<\/li>\n<li data-start=\"5958\" data-end=\"6053\">\n<p data-start=\"5960\" data-end=\"6053\"><strong data-start=\"5960\" data-end=\"5991\"><span dir=\"auto\" style=\"vertical-align: inherit;\"><span dir=\"auto\" style=\"vertical-align: inherit;\">Versatilidade anal\u00edtica:<\/span><\/span><\/strong><span dir=\"auto\" style=\"vertical-align: inherit;\"><span dir=\"auto\" style=\"vertical-align: inherit;\"> Adequado para <\/span><\/span><strong data-start=\"6006\" data-end=\"6015\"><span dir=\"auto\" style=\"vertical-align: inherit;\"><span dir=\"auto\" style=\"vertical-align: inherit;\">GC-MS<\/span><\/span><\/strong><span dir=\"auto\" style=\"vertical-align: inherit;\"><span dir=\"auto\" style=\"vertical-align: inherit;\"> , <\/span><\/span><strong data-start=\"6017\" data-end=\"6025\"><span dir=\"auto\" style=\"vertical-align: inherit;\"><span dir=\"auto\" style=\"vertical-align: inherit;\">HPLC<\/span><\/span><\/strong><span dir=\"auto\" style=\"vertical-align: inherit;\"><span dir=\"auto\" style=\"vertical-align: inherit;\"> e <\/span><\/span><strong data-start=\"6029\" data-end=\"6041\"><span dir=\"auto\" style=\"vertical-align: inherit;\"><span dir=\"auto\" style=\"vertical-align: inherit;\">LC-MS\/MS<\/span><\/span><\/strong><span dir=\"auto\" style=\"vertical-align: inherit;\"><span dir=\"auto\" style=\"vertical-align: inherit;\"> an\u00e1lises.<\/span><\/span><\/p>\n<\/li>\n<li data-start=\"6054\" data-end=\"6145\">\n<p data-start=\"6056\" data-end=\"6145\"><strong data-start=\"6056\" data-end=\"6082\"><span dir=\"auto\" style=\"vertical-align: inherit;\"><span dir=\"auto\" style=\"vertical-align: inherit;\">Sistema de pulveriza\u00e7\u00e3o est\u00e1vel:<\/span><\/span><\/strong><span dir=\"auto\" style=\"vertical-align: inherit;\"><span dir=\"auto\" style=\"vertical-align: inherit;\"> Garante uma aplica\u00e7\u00e3o confi\u00e1vel em ambientes anal\u00edticos.<\/span><\/span><\/p>\n<\/li>\n<\/ul>\n<hr data-start=\"6147\" data-end=\"6150\" \/>\n<h3 data-start=\"6152\" data-end=\"6169\"><strong data-start=\"6156\" data-end=\"6169\"><span dir=\"auto\" style=\"vertical-align: inherit;\"><span dir=\"auto\" style=\"vertical-align: inherit;\">Vantagens<\/span><\/span><\/strong><\/h3>\n<ul data-start=\"6171\" data-end=\"6680\">\n<li data-start=\"6171\" data-end=\"6278\">\n<p data-start=\"6173\" data-end=\"6278\"><strong data-start=\"6173\" data-end=\"6209\"><span dir=\"auto\" style=\"vertical-align: inherit;\"><span dir=\"auto\" style=\"vertical-align: inherit;\">Apoia a an\u00e1lise forense:<\/span><\/span><\/strong><span dir=\"auto\" style=\"vertical-align: inherit;\"><span dir=\"auto\" style=\"vertical-align: inherit;\"> Auxilia na detec\u00e7\u00e3o e calibra\u00e7\u00e3o de an\u00e1logos de arilciclohexilamina.<\/span><\/span><\/p>\n<\/li>\n<li data-start=\"6279\" data-end=\"6399\">\n<p data-start=\"6281\" data-end=\"6399\"><strong data-start=\"6281\" data-end=\"6308\"><span dir=\"auto\" style=\"vertical-align: inherit;\"><span dir=\"auto\" style=\"vertical-align: inherit;\">Calibra\u00e7\u00e3o confi\u00e1vel:<\/span><\/span><\/strong><span dir=\"auto\" style=\"vertical-align: inherit;\"><span dir=\"auto\" style=\"vertical-align: inherit;\"> Garante resultados reproduz\u00edveis em estudos cromatogr\u00e1ficos e espectrosc\u00f3picos.<\/span><\/span><\/p>\n<\/li>\n<li data-start=\"6400\" data-end=\"6476\">\n<p data-start=\"6402\" data-end=\"6476\"><strong data-start=\"6402\" data-end=\"6424\"><span dir=\"auto\" style=\"vertical-align: inherit;\"><span dir=\"auto\" style=\"vertical-align: inherit;\">Valor educativo:<\/span><\/span><\/strong><span dir=\"auto\" style=\"vertical-align: inherit;\"><span dir=\"auto\" style=\"vertical-align: inherit;\"> Adequado para pesquisa acad\u00eamica e anal\u00edtica.<\/span><\/span><\/p>\n<\/li>\n<li data-start=\"6477\" data-end=\"6572\">\n<p data-start=\"6479\" data-end=\"6572\"><strong data-start=\"6479\" data-end=\"6510\"><span dir=\"auto\" style=\"vertical-align: inherit;\"><span dir=\"auto\" style=\"vertical-align: inherit;\">Uso seguro em laborat\u00f3rio:<\/span><\/span><\/strong><span dir=\"auto\" style=\"vertical-align: inherit;\"><span dir=\"auto\" style=\"vertical-align: inherit;\"> Projetado para aplica\u00e7\u00e3o cient\u00edfica controlada.<\/span><\/span><\/p>\n<\/li>\n<li data-start=\"6573\" data-end=\"6680\">\n<p data-start=\"6575\" data-end=\"6680\"><strong data-start=\"6575\" data-end=\"6609\"><span dir=\"auto\" style=\"vertical-align: inherit;\"><span dir=\"auto\" style=\"vertical-align: inherit;\">Em conformidade com as normas de seguran\u00e7a:<\/span><\/span><\/strong><span dir=\"auto\" style=\"vertical-align: inherit;\"><span dir=\"auto\" style=\"vertical-align: inherit;\"> Fornecido com documenta\u00e7\u00e3o para comprova\u00e7\u00e3o de conformidade laboratorial.<\/span><\/span><\/p>\n<\/li>\n<\/ul>\n<hr data-start=\"6682\" data-end=\"6685\" \/>\n<h3 data-start=\"6687\" data-end=\"6748\"><strong data-start=\"6691\" data-end=\"6748\"><span dir=\"auto\" style=\"vertical-align: inherit;\"><span dir=\"auto\" style=\"vertical-align: inherit;\">Instru\u00e7\u00f5es de Uso (Somente para Fins de Pesquisa)<\/span><\/span><\/strong><\/h3>\n<ol data-start=\"6750\" data-end=\"7103\">\n<li data-start=\"6750\" data-end=\"6848\">\n<p data-start=\"6753\" data-end=\"6848\"><strong data-start=\"6753\" data-end=\"6771\"><span dir=\"auto\" style=\"vertical-align: inherit;\"><span dir=\"auto\" style=\"vertical-align: inherit;\">Prepara\u00e7\u00e3o:<\/span><\/span><\/strong><span dir=\"auto\" style=\"vertical-align: inherit;\"><span dir=\"auto\" style=\"vertical-align: inherit;\"> Utilizar somente em laborat\u00f3rios acreditados e com equipamentos de seguran\u00e7a adequados.<\/span><\/span><\/p>\n<\/li>\n<li data-start=\"6849\" data-end=\"6945\">\n<p data-start=\"6852\" data-end=\"6945\"><strong data-start=\"6852\" data-end=\"6867\"><span dir=\"auto\" style=\"vertical-align: inherit;\"><span dir=\"auto\" style=\"vertical-align: inherit;\">Aplicativo:<\/span><\/span><\/strong><span dir=\"auto\" style=\"vertical-align: inherit;\"><span dir=\"auto\" style=\"vertical-align: inherit;\"> Utilizar em \u00e1reas bem ventiladas, de acordo com protocolos validados.<\/span><\/span><\/p>\n<\/li>\n<li data-start=\"6946\" data-end=\"7009\">\n<p data-start=\"6949\" data-end=\"7009\"><strong data-start=\"6949\" data-end=\"6960\"><span dir=\"auto\" style=\"vertical-align: inherit;\"><span dir=\"auto\" style=\"vertical-align: inherit;\">Armazenar:<\/span><\/span><\/strong><span dir=\"auto\" style=\"vertical-align: inherit;\"><span dir=\"auto\" style=\"vertical-align: inherit;\"> Conservar em local fresco, seco e escuro, bem fechado.<\/span><\/span><\/p>\n<\/li>\n<li data-start=\"7010\" data-end=\"7103\">\n<p data-start=\"7013\" data-end=\"7103\"><strong data-start=\"7013\" data-end=\"7024\"><span dir=\"auto\" style=\"vertical-align: inherit;\"><span dir=\"auto\" style=\"vertical-align: inherit;\">Disposi\u00e7\u00e3o:<\/span><\/span><\/strong><span dir=\"auto\" style=\"vertical-align: inherit;\"><span dir=\"auto\" style=\"vertical-align: inherit;\"> Descarte os res\u00edduos de acordo com as normas locais para o gerenciamento de res\u00edduos qu\u00edmicos.<\/span><\/span><\/p>\n<\/li>\n<\/ol>\n<hr data-start=\"7105\" data-end=\"7108\" \/>\n<h3 data-start=\"7110\" data-end=\"7144\"><strong data-start=\"7114\" data-end=\"7144\"><span dir=\"auto\" style=\"vertical-align: inherit;\"><span dir=\"auto\" style=\"vertical-align: inherit;\">Seguran\u00e7a e Conformidade<\/span><\/span><\/strong><\/h3>\n<ul data-start=\"7146\" data-end=\"7599\">\n<li data-start=\"7146\" data-end=\"7241\">\n<p data-start=\"7148\" data-end=\"7241\"><strong data-start=\"7148\" data-end=\"7184\"><span dir=\"auto\" style=\"vertical-align: inherit;\"><span dir=\"auto\" style=\"vertical-align: inherit;\">Para uso exclusivo em laborat\u00f3rio:<\/span><\/span><\/strong><span dir=\"auto\" style=\"vertical-align: inherit;\"><span dir=\"auto\" style=\"vertical-align: inherit;\"> N\u00e3o adequado para consumo humano ou animal.<\/span><\/span><\/p>\n<\/li>\n<li data-start=\"7242\" data-end=\"7364\">\n<p data-start=\"7244\" data-end=\"7364\"><strong data-start=\"7244\" data-end=\"7272\"><span dir=\"auto\" style=\"vertical-align: inherit;\"><span dir=\"auto\" style=\"vertical-align: inherit;\">Considera\u00e7\u00f5es legais:<\/span><\/span><\/strong><span dir=\"auto\" style=\"vertical-align: inherit;\"><span dir=\"auto\" style=\"vertical-align: inherit;\"> O estatuto legal do 2F-DCK varia de pa\u00eds para pa\u00eds; consulte sempre a legisla\u00e7\u00e3o local.<\/span><\/span><\/p>\n<\/li>\n<li data-start=\"7365\" data-end=\"7474\">\n<p data-start=\"7367\" data-end=\"7474\"><strong data-start=\"7367\" data-end=\"7395\"><span dir=\"auto\" style=\"vertical-align: inherit;\"><span dir=\"auto\" style=\"vertical-align: inherit;\">Sa\u00fade e Seguran\u00e7a:<\/span><\/span><\/strong><span dir=\"auto\" style=\"vertical-align: inherit;\"><span dir=\"auto\" style=\"vertical-align: inherit;\"> Evite a inala\u00e7\u00e3o e o contato com a pele; use equipamento de prote\u00e7\u00e3o individual. Spray de n\u00e9voa qu\u00edmica<\/span><\/span><\/p>\n<\/li>\n<li data-start=\"7475\" data-end=\"7599\">\n<p data-start=\"7477\" data-end=\"7599\"><strong data-start=\"7477\" data-end=\"7494\"><span dir=\"auto\" style=\"vertical-align: inherit;\"><span dir=\"auto\" style=\"vertical-align: inherit;\">Documenta\u00e7\u00e3o:<\/span><\/span><\/strong><span dir=\"auto\" style=\"vertical-align: inherit;\"><span dir=\"auto\" style=\"vertical-align: inherit;\"> UM <\/span><\/span><strong data-start=\"7499\" data-end=\"7535\"><span dir=\"auto\" style=\"vertical-align: inherit;\"><span dir=\"auto\" style=\"vertical-align: inherit;\">Ficha de Dados de Seguran\u00e7a de Materiais (MSDS)<\/span><\/span><\/strong><span dir=\"auto\" style=\"vertical-align: inherit;\"><span dir=\"auto\" style=\"vertical-align: inherit;\"> e <\/span><\/span><strong data-start=\"7539\" data-end=\"7567\"><span dir=\"auto\" style=\"vertical-align: inherit;\"><span dir=\"auto\" style=\"vertical-align: inherit;\">Certificado de An\u00e1lise (COA)<\/span><\/span><\/strong><span dir=\"auto\" style=\"vertical-align: inherit;\"><span dir=\"auto\" style=\"vertical-align: inherit;\"> Est\u00e3o dispon\u00edveis mediante solicita\u00e7\u00e3o.<\/span><\/span><\/p>\n<\/li>\n<\/ul>\n<hr data-start=\"7601\" data-end=\"7604\" \/>\n<h3 data-start=\"7606\" data-end=\"7641\"><strong data-start=\"7610\" data-end=\"7641\"><span dir=\"auto\" style=\"vertical-align: inherit;\"><span dir=\"auto\" style=\"vertical-align: inherit;\">Perguntas Frequentes (FAQs)<\/span><\/span><\/strong><\/h3>\n<p data-start=\"7643\" data-end=\"7831\"><strong data-start=\"7643\" data-end=\"7701\"><span dir=\"auto\" style=\"vertical-align: inherit;\"><span dir=\"auto\" style=\"vertical-align: inherit;\">1. Para que serve o spray Chem-Mist 2F-DCK 10%?<\/span><\/span><\/strong><br data-start=\"7701\" data-end=\"7704\" \/><span dir=\"auto\" style=\"vertical-align: inherit;\"><span dir=\"auto\" style=\"vertical-align: inherit;\"> \u00c9 usado como <\/span><\/span><strong data-start=\"7727\" data-end=\"7750\"><span dir=\"auto\" style=\"vertical-align: inherit;\"><span dir=\"auto\" style=\"vertical-align: inherit;\">uma solu\u00e7\u00e3o de refer\u00eancia<\/span><\/span><\/strong><span dir=\"auto\" style=\"vertical-align: inherit;\"><span dir=\"auto\" style=\"vertical-align: inherit;\"> Em laborat\u00f3rios forenses e qu\u00edmicos para pesquisa de detec\u00e7\u00e3o e calibra\u00e7\u00e3o.<\/span><\/span><\/p>\n<p data-start=\"7833\" data-end=\"8034\"><strong data-start=\"7833\" data-end=\"7906\"><span dir=\"auto\" style=\"vertical-align: inherit;\"><span dir=\"auto\" style=\"vertical-align: inherit;\">2. O spray Chem-Mist 2F-DCK 10% \u00e9 adequado para consumo humano?<\/span><\/span><\/strong><br data-start=\"7906\" data-end=\"7909\" \/><span dir=\"auto\" style=\"vertical-align: inherit;\"><span dir=\"auto\" style=\"vertical-align: inherit;\"> N\u00e3o. Este produto \u00e9 <\/span><\/span><strong data-start=\"7929\" data-end=\"7984\"><span dir=\"auto\" style=\"vertical-align: inherit;\"><span dir=\"auto\" style=\"vertical-align: inherit;\">destinado apenas \u00e0 pesquisa cient\u00edfica<\/span><\/span><\/strong><span dir=\"auto\" style=\"vertical-align: inherit;\"><span dir=\"auto\" style=\"vertical-align: inherit;\"> e <\/span><\/span><strong data-start=\"7988\" data-end=\"8031\"><span dir=\"auto\" style=\"vertical-align: inherit;\"><span dir=\"auto\" style=\"vertical-align: inherit;\">N\u00e3o \u00e9 aprovado para uso humano.<\/span><\/span><\/strong><span dir=\"auto\" style=\"vertical-align: inherit;\"><span dir=\"auto\" style=\"vertical-align: inherit;\"> .<\/span><\/span><\/p>\n<p data-start=\"8036\" data-end=\"8181\"><strong data-start=\"8036\" data-end=\"8097\"><span dir=\"auto\" style=\"vertical-align: inherit;\"><span dir=\"auto\" style=\"vertical-align: inherit;\">3. Como o spray Chem-Mist 2F-DCK 10% deve ser armazenado?<\/span><\/span><\/strong><br data-start=\"8097\" data-end=\"8100\" \/><span dir=\"auto\" style=\"vertical-align: inherit;\"><span dir=\"auto\" style=\"vertical-align: inherit;\"> Armazene em local fresco, seco e escuro, bem fechado e fora do alcance de pessoas n\u00e3o autorizadas.<\/span><\/span><\/p>\n<p data-start=\"8036\" data-end=\"8181\"><a href=\"https:\/\/researchchemicalhub.com\/pt\/comprar\/lisergamidas\/1cp-lsd-150-mcg-mata-borroes-artisticos\/\"><span dir=\"auto\" style=\"vertical-align: inherit;\"><span dir=\"auto\" style=\"vertical-align: inherit;\">1 comprimido de LSD <\/span><\/span><\/a><a href=\"https:\/\/researchchemicalhub.com\/pt\/comprar\/pelotas\/pellets-de-dsmt-50mg\/\"><span dir=\"auto\" style=\"vertical-align: inherit;\"><span dir=\"auto\" style=\"vertical-align: inherit;\">o-dsmt <\/span><\/span><\/a><a href=\"https:\/\/researchchemicalhub.com\/pt\/comprar\/pelotas\/1p-microdose-de-lsd\/\"><span dir=\"auto\" style=\"vertical-align: inherit;\"><span dir=\"auto\" style=\"vertical-align: inherit;\">Microdose de 1P-LSD<\/span><\/span><\/a><\/p>","protected":false},"excerpt":{"rendered":"<h2><span style=\"vertical-align: inherit;\"><span style=\"vertical-align: inherit;\"><span dir=\"auto\" style=\"vertical-align: inherit;\"><span dir=\"auto\" style=\"vertical-align: inherit;\">Propriedades do spray Chem-mist 2F-DCK 10% Vanilla Sky<\/span><\/span><\/span><\/span><\/h2>\n<p><strong><span style=\"vertical-align: inherit;\"><span style=\"vertical-align: inherit;\"><span dir=\"auto\" style=\"vertical-align: inherit;\"><span dir=\"auto\" style=\"vertical-align: inherit;\">Sin\u00f4nimo:<\/span><\/span><\/span><\/span><\/strong><span style=\"vertical-align: inherit;\"><span style=\"vertical-align: inherit;\"><span dir=\"auto\" style=\"vertical-align: inherit;\"><span dir=\"auto\" style=\"vertical-align: inherit;\"> 2-fluorodesclorocetamina HCl <\/span><\/span><\/span><\/span><br \/>\n<strong><span style=\"vertical-align: inherit;\"><span style=\"vertical-align: inherit;\"><span dir=\"auto\" style=\"vertical-align: inherit;\"><span dir=\"auto\" style=\"vertical-align: inherit;\">N\u00famero CAS:<\/span><\/span><\/span><\/span><\/strong><span style=\"vertical-align: inherit;\"><span style=\"vertical-align: inherit;\"><span dir=\"auto\" style=\"vertical-align: inherit;\"><span dir=\"auto\" style=\"vertical-align: inherit;\"> 111982-49-1 <\/span><\/span><\/span><\/span><br \/>\n<strong><span style=\"vertical-align: inherit;\"><span style=\"vertical-align: inherit;\"><span dir=\"auto\" style=\"vertical-align: inherit;\"><span dir=\"auto\" style=\"vertical-align: inherit;\">F\u00f3rmula:<\/span><\/span><\/span><\/span><\/strong><span style=\"vertical-align: inherit;\"><span style=\"vertical-align: inherit;\"><span dir=\"auto\" style=\"vertical-align: inherit;\"><span dir=\"auto\" style=\"vertical-align: inherit;\"> 2-(2-fluorofenil)-2-(metilamino)-ciclohexanona <\/span><\/span><\/span><\/span><br \/>\n<strong><span style=\"vertical-align: inherit;\"><span style=\"vertical-align: inherit;\"><span dir=\"auto\" style=\"vertical-align: inherit;\"><span dir=\"auto\" style=\"vertical-align: inherit;\">Massa molar:<\/span><\/span><\/span><\/span><\/strong><span style=\"vertical-align: inherit;\"><span style=\"vertical-align: inherit;\"><span dir=\"auto\" style=\"vertical-align: inherit;\"><span dir=\"auto\" style=\"vertical-align: inherit;\"> 257,7 g\/mol <\/span><\/span><\/span><\/span><br \/>\n<strong><span style=\"vertical-align: inherit;\"><span style=\"vertical-align: inherit;\"><span dir=\"auto\" style=\"vertical-align: inherit;\"><span dir=\"auto\" style=\"vertical-align: inherit;\">Pureza:<\/span><\/span><\/span><\/span><\/strong><span style=\"vertical-align: inherit;\"><span style=\"vertical-align: inherit;\"><span dir=\"auto\" style=\"vertical-align: inherit;\"><span dir=\"auto\" style=\"vertical-align: inherit;\"> &gt;98%<\/span><\/span><\/span><\/span><\/p>","protected":false},"featured_media":28492,"comment_status":"closed","ping_status":"closed","template":"","meta":[],"product_brand":[],"product_cat":[474,498,71,471,396],"product_tag":[810,1092,326,472],"class_list":{"0":"post-23740","1":"product","2":"type-product","3":"status-publish","4":"has-post-thumbnail","6":"product_cat-2f-dck-kopen","7":"product_cat-2f-dck-sprays","8":"product_cat-arylcyclohexylamine","9":"product_cat-chem-mist-sprays","10":"product_cat-liquid-rcs","11":"product_tag-chem-mist-spray","12":"product_tag-chem-mist-spray-kopen","13":"product_tag-nl","14":"product_tag-spring-is-in-the-air","16":"first","17":"instock","18":"taxable","19":"shipping-taxable","20":"purchasable","21":"product-type-variable"},"_links":{"self":[{"href":"https:\/\/researchchemicalhub.com\/pt\/wp-json\/wp\/v2\/product\/23740","targetHints":{"allow":["GET"]}}],"collection":[{"href":"https:\/\/researchchemicalhub.com\/pt\/wp-json\/wp\/v2\/product"}],"about":[{"href":"https:\/\/researchchemicalhub.com\/pt\/wp-json\/wp\/v2\/types\/product"}],"replies":[{"embeddable":true,"href":"https:\/\/researchchemicalhub.com\/pt\/wp-json\/wp\/v2\/comments?post=23740"}],"version-history":[{"count":7,"href":"https:\/\/researchchemicalhub.com\/pt\/wp-json\/wp\/v2\/product\/23740\/revisions"}],"predecessor-version":[{"id":28711,"href":"https:\/\/researchchemicalhub.com\/pt\/wp-json\/wp\/v2\/product\/23740\/revisions\/28711"}],"wp:featuredmedia":[{"embeddable":true,"href":"https:\/\/researchchemicalhub.com\/pt\/wp-json\/wp\/v2\/media\/28492"}],"wp:attachment":[{"href":"https:\/\/researchchemicalhub.com\/pt\/wp-json\/wp\/v2\/media?parent=23740"}],"wp:term":[{"taxonomy":"product_brand","embeddable":true,"href":"https:\/\/researchchemicalhub.com\/pt\/wp-json\/wp\/v2\/product_brand?post=23740"},{"taxonomy":"product_cat","embeddable":true,"href":"https:\/\/researchchemicalhub.com\/pt\/wp-json\/wp\/v2\/product_cat?post=23740"},{"taxonomy":"product_tag","embeddable":true,"href":"https:\/\/researchchemicalhub.com\/pt\/wp-json\/wp\/v2\/product_tag?post=23740"}],"curies":[{"name":"wp","href":"https:\/\/api.w.org\/{rel}","templated":true}]}}