{"id":23732,"date":"2025-04-13T17:40:19","date_gmt":"2025-04-13T17:40:19","guid":{"rendered":"https:\/\/researchchemicalhub.com\/?post_type=product&#038;p=23732"},"modified":"2025-10-30T08:31:47","modified_gmt":"2025-10-30T08:31:47","slug":"mistura-de-mandala-azul","status":"publish","type":"product","link":"https:\/\/researchchemicalhub.com\/pt\/comprar\/2-fa\/mistura-de-mandala-azul\/","title":{"rendered":"Mistura de Mandala Azul"},"content":{"rendered":"<p data-start=\"4843\" data-end=\"5084\"><strong data-start=\"4843\" data-end=\"4863\"><span dir=\"auto\" style=\"vertical-align: inherit;\"><span dir=\"auto\" style=\"vertical-align: inherit;\">Mistura de Mandala Azul<\/span><\/span><\/strong><span dir=\"auto\" style=\"vertical-align: inherit;\"><span dir=\"auto\" style=\"vertical-align: inherit;\"> \u00e9 um <\/span><\/span><strong data-start=\"4871\" data-end=\"4898\"><span dir=\"auto\" style=\"vertical-align: inherit;\"><span dir=\"auto\" style=\"vertical-align: inherit;\">f\u00f3rmula anal\u00edtica da mistura<\/span><\/span><\/strong><span dir=\"auto\" style=\"vertical-align: inherit;\"><span dir=\"auto\" style=\"vertical-align: inherit;\"> usado em <\/span><\/span><strong data-start=\"4923\" data-end=\"4959\"><span dir=\"auto\" style=\"vertical-align: inherit;\"><span dir=\"auto\" style=\"vertical-align: inherit;\">forensic and chemical testing<\/span><\/span><\/strong><span dir=\"auto\" style=\"vertical-align: inherit;\"><span dir=\"auto\" style=\"vertical-align: inherit;\"> . <\/span><\/span><br data-start=\"4960\" data-end=\"4963\" \/><span dir=\"auto\" style=\"vertical-align: inherit;\"><span dir=\"auto\" style=\"vertical-align: inherit;\">It serves as <\/span><\/span><strong data-start=\"4977\" data-end=\"5000\"><span dir=\"auto\" style=\"vertical-align: inherit;\"><span dir=\"auto\" style=\"vertical-align: inherit;\">um material de refer\u00eancia<\/span><\/span><\/strong><span dir=\"auto\" style=\"vertical-align: inherit;\"><span dir=\"auto\" style=\"vertical-align: inherit;\"> for calibration, compound identification, and spectrometric comparison.<\/span><\/span><\/p>\n<p data-start=\"5086\" data-end=\"5341\"><span dir=\"auto\" style=\"vertical-align: inherit;\"><span dir=\"auto\" style=\"vertical-align: inherit;\">The mixture helps researchers study the <\/span><\/span><strong data-start=\"5143\" data-end=\"5196\"><span dir=\"auto\" style=\"vertical-align: inherit;\"><span dir=\"auto\" style=\"vertical-align: inherit;\">chemical composition and detection properties<\/span><\/span><\/strong><span dir=\"auto\" style=\"vertical-align: inherit;\"><span dir=\"auto\" style=\"vertical-align: inherit;\"> of complex samples. <\/span><\/span><br data-start=\"5219\" data-end=\"5222\" \/><span dir=\"auto\" style=\"vertical-align: inherit;\"><span dir=\"auto\" style=\"vertical-align: inherit;\">Isso \u00e9 <\/span><\/span><strong data-start=\"5229\" data-end=\"5279\"><span dir=\"auto\" style=\"vertical-align: inherit;\"><span dir=\"auto\" style=\"vertical-align: inherit;\">Destinado exclusivamente \u00e0 pesquisa laboratorial.<\/span><\/span><\/strong><span dir=\"auto\" style=\"vertical-align: inherit;\"><span dir=\"auto\" style=\"vertical-align: inherit;\"> e <\/span><\/span><strong data-start=\"5283\" data-end=\"5340\"><span dir=\"auto\" style=\"vertical-align: inherit;\"><span dir=\"auto\" style=\"vertical-align: inherit;\">N\u00e3o \u00e9 adequado para consumo humano ou animal.<\/span><\/span><\/strong><span dir=\"auto\" style=\"vertical-align: inherit;\"><span dir=\"auto\" style=\"vertical-align: inherit;\"> .<\/span><\/span><\/p>\n<hr data-start=\"5343\" data-end=\"5346\" \/>\n<h3 data-start=\"5348\" data-end=\"5379\"><strong data-start=\"5352\" data-end=\"5379\"><span dir=\"auto\" style=\"vertical-align: inherit;\"><span dir=\"auto\" style=\"vertical-align: inherit;\">Principais caracter\u00edsticas<\/span><\/span><\/strong><\/h3>\n<ul data-start=\"5381\" data-end=\"5813\">\n<li data-start=\"5381\" data-end=\"5467\">\n<p data-start=\"5383\" data-end=\"5467\"><strong data-start=\"5383\" data-end=\"5403\"><span dir=\"auto\" style=\"vertical-align: inherit;\"><span dir=\"auto\" style=\"vertical-align: inherit;\">Alta pureza:<\/span><\/span><\/strong><span dir=\"auto\" style=\"vertical-align: inherit;\"><span dir=\"auto\" style=\"vertical-align: inherit;\"> Produzido em condi\u00e7\u00f5es laboratoriais controladas.<\/span><\/span><\/p>\n<\/li>\n<li data-start=\"5468\" data-end=\"5555\">\n<p data-start=\"5470\" data-end=\"5555\"><strong data-start=\"5470\" data-end=\"5500\"><span dir=\"auto\" style=\"vertical-align: inherit;\"><span dir=\"auto\" style=\"vertical-align: inherit;\">Composi\u00e7\u00e3o m\u00faltipla:<\/span><\/span><\/strong><span dir=\"auto\" style=\"vertical-align: inherit;\"><span dir=\"auto\" style=\"vertical-align: inherit;\"> Designed for calibration and comparative analysis.<\/span><\/span><\/p>\n<\/li>\n<li data-start=\"5556\" data-end=\"5645\">\n<p data-start=\"5558\" data-end=\"5645\"><strong data-start=\"5558\" data-end=\"5591\"><span dir=\"auto\" style=\"vertical-align: inherit;\"><span dir=\"auto\" style=\"vertical-align: inherit;\">Documenta\u00e7\u00e3o certificada:<\/span><\/span><\/strong><span dir=\"auto\" style=\"vertical-align: inherit;\"><span dir=\"auto\" style=\"vertical-align: inherit;\"> Supplied with certificate of analysis and batch information.<\/span><\/span><\/p>\n<\/li>\n<li data-start=\"5646\" data-end=\"5737\">\n<p data-start=\"5648\" data-end=\"5737\"><strong data-start=\"5648\" data-end=\"5678\"><span dir=\"auto\" style=\"vertical-align: inherit;\"><span dir=\"auto\" style=\"vertical-align: inherit;\">Compatible with Equipment:<\/span><\/span><\/strong><span dir=\"auto\" style=\"vertical-align: inherit;\"><span dir=\"auto\" style=\"vertical-align: inherit;\"> Adequado para <\/span><\/span><strong data-start=\"5693\" data-end=\"5702\"><span dir=\"auto\" style=\"vertical-align: inherit;\"><span dir=\"auto\" style=\"vertical-align: inherit;\">GC-MS<\/span><\/span><\/strong><span dir=\"auto\" style=\"vertical-align: inherit;\"><span dir=\"auto\" style=\"vertical-align: inherit;\"> , <\/span><\/span><strong data-start=\"5704\" data-end=\"5712\"><span dir=\"auto\" style=\"vertical-align: inherit;\"><span dir=\"auto\" style=\"vertical-align: inherit;\">HPLC<\/span><\/span><\/strong><span dir=\"auto\" style=\"vertical-align: inherit;\"><span dir=\"auto\" style=\"vertical-align: inherit;\"> , e <\/span><\/span><strong data-start=\"5717\" data-end=\"5725\"><span dir=\"auto\" style=\"vertical-align: inherit;\"><span dir=\"auto\" style=\"vertical-align: inherit;\">FTIR<\/span><\/span><\/strong><span dir=\"auto\" style=\"vertical-align: inherit;\"><span dir=\"auto\" style=\"vertical-align: inherit;\"> an\u00e1lises.<\/span><\/span><\/p>\n<\/li>\n<li data-start=\"5738\" data-end=\"5813\">\n<p data-start=\"5740\" data-end=\"5813\"><strong data-start=\"5740\" data-end=\"5761\"><span dir=\"auto\" style=\"vertical-align: inherit;\"><span dir=\"auto\" style=\"vertical-align: inherit;\">F\u00f3rmula est\u00e1vel:<\/span><\/span><\/strong><span dir=\"auto\" style=\"vertical-align: inherit;\"><span dir=\"auto\" style=\"vertical-align: inherit;\"> Mant\u00e9m a estabilidade em condi\u00e7\u00f5es adequadas de armazenamento.<\/span><\/span><\/p>\n<\/li>\n<\/ul>\n<hr data-start=\"5815\" data-end=\"5818\" \/>\n<h3 data-start=\"5820\" data-end=\"5837\"><strong data-start=\"5824\" data-end=\"5837\"><span dir=\"auto\" style=\"vertical-align: inherit;\"><span dir=\"auto\" style=\"vertical-align: inherit;\">Vantagens<\/span><\/span><\/strong><\/h3>\n<ul data-start=\"5839\" data-end=\"6253\">\n<li data-start=\"5839\" data-end=\"5922\">\n<p data-start=\"5841\" data-end=\"5922\"><strong data-start=\"5841\" data-end=\"5878\"><span dir=\"auto\" style=\"vertical-align: inherit;\"><span dir=\"auto\" style=\"vertical-align: inherit;\">Apoia a investiga\u00e7\u00e3o forense:<\/span><\/span><\/strong><span dir=\"auto\" style=\"vertical-align: inherit;\"><span dir=\"auto\" style=\"vertical-align: inherit;\"> Helps detect complex mixtures.<\/span><\/span><\/p>\n<\/li>\n<li data-start=\"5923\" data-end=\"6004\">\n<p data-start=\"5925\" data-end=\"6004\"><strong data-start=\"5925\" data-end=\"5952\"><span dir=\"auto\" style=\"vertical-align: inherit;\"><span dir=\"auto\" style=\"vertical-align: inherit;\">Calibra\u00e7\u00e3o confi\u00e1vel:<\/span><\/span><\/strong><span dir=\"auto\" style=\"vertical-align: inherit;\"><span dir=\"auto\" style=\"vertical-align: inherit;\"> Delivers consistent and reproducible results.<\/span><\/span><\/p>\n<\/li>\n<li data-start=\"6005\" data-end=\"6083\">\n<p data-start=\"6007\" data-end=\"6083\"><strong data-start=\"6007\" data-end=\"6033\"><span dir=\"auto\" style=\"vertical-align: inherit;\"><span dir=\"auto\" style=\"vertical-align: inherit;\">Educational Application:<\/span><\/span><\/strong><span dir=\"auto\" style=\"vertical-align: inherit;\"><span dir=\"auto\" style=\"vertical-align: inherit;\"> Suitable for teaching and research projects.<\/span><\/span><\/p>\n<\/li>\n<li data-start=\"6084\" data-end=\"6155\">\n<p data-start=\"6086\" data-end=\"6155\"><strong data-start=\"6086\" data-end=\"6114\"><span dir=\"auto\" style=\"vertical-align: inherit;\"><span dir=\"auto\" style=\"vertical-align: inherit;\">Increases Accuracy:<\/span><\/span><\/strong><span dir=\"auto\" style=\"vertical-align: inherit;\"><span dir=\"auto\" style=\"vertical-align: inherit;\"> Supports methodological validation.<\/span><\/span><\/p>\n<\/li>\n<li data-start=\"6156\" data-end=\"6253\">\n<p data-start=\"6158\" data-end=\"6253\"><strong data-start=\"6158\" data-end=\"6192\"><span dir=\"auto\" style=\"vertical-align: inherit;\"><span dir=\"auto\" style=\"vertical-align: inherit;\">Atende aos padr\u00f5es de seguran\u00e7a:<\/span><\/span><\/strong><span dir=\"auto\" style=\"vertical-align: inherit;\"><span dir=\"auto\" style=\"vertical-align: inherit;\"> Manufactured according to international quality guidelines.<\/span><\/span><\/p>\n<\/li>\n<\/ul>\n<hr data-start=\"6255\" data-end=\"6258\" \/>\n<h3 data-start=\"6260\" data-end=\"6321\"><strong data-start=\"6264\" data-end=\"6321\"><span dir=\"auto\" style=\"vertical-align: inherit;\"><span dir=\"auto\" style=\"vertical-align: inherit;\">Instru\u00e7\u00f5es de Uso (Somente para Fins de Pesquisa)<\/span><\/span><\/strong><\/h3>\n<ol data-start=\"6323\" data-end=\"6671\">\n<li data-start=\"6323\" data-end=\"6420\">\n<p data-start=\"6326\" data-end=\"6420\"><strong data-start=\"6326\" data-end=\"6344\"><span dir=\"auto\" style=\"vertical-align: inherit;\"><span dir=\"auto\" style=\"vertical-align: inherit;\">Prepara\u00e7\u00e3o:<\/span><\/span><\/strong><span dir=\"auto\" style=\"vertical-align: inherit;\"><span dir=\"auto\" style=\"vertical-align: inherit;\"> Utilizar somente em laborat\u00f3rios acreditados com equipamento de prote\u00e7\u00e3o adequado.<\/span><\/span><\/p>\n<\/li>\n<li data-start=\"6421\" data-end=\"6518\">\n<p data-start=\"6424\" data-end=\"6518\"><strong data-start=\"6424\" data-end=\"6439\"><span dir=\"auto\" style=\"vertical-align: inherit;\"><span dir=\"auto\" style=\"vertical-align: inherit;\">Aplicativo:<\/span><\/span><\/strong><span dir=\"auto\" style=\"vertical-align: inherit;\"><span dir=\"auto\" style=\"vertical-align: inherit;\"> Use as <\/span><\/span><strong data-start=\"6452\" data-end=\"6475\"><span dir=\"auto\" style=\"vertical-align: inherit;\"><span dir=\"auto\" style=\"vertical-align: inherit;\">reference material<\/span><\/span><\/strong><span dir=\"auto\" style=\"vertical-align: inherit;\"><span dir=\"auto\" style=\"vertical-align: inherit;\"> in analytical and forensic analyses.<\/span><\/span><\/p>\n<\/li>\n<li data-start=\"6519\" data-end=\"6582\">\n<p data-start=\"6522\" data-end=\"6582\"><strong data-start=\"6522\" data-end=\"6533\"><span dir=\"auto\" style=\"vertical-align: inherit;\"><span dir=\"auto\" style=\"vertical-align: inherit;\">Armazenar:<\/span><\/span><\/strong><span dir=\"auto\" style=\"vertical-align: inherit;\"><span dir=\"auto\" style=\"vertical-align: inherit;\"> Conservar em local fresco, seco e escuro, bem fechado.<\/span><\/span><\/p>\n<\/li>\n<li data-start=\"6583\" data-end=\"6671\">\n<p data-start=\"6586\" data-end=\"6671\"><strong data-start=\"6586\" data-end=\"6597\"><span dir=\"auto\" style=\"vertical-align: inherit;\"><span dir=\"auto\" style=\"vertical-align: inherit;\">Disposi\u00e7\u00e3o:<\/span><\/span><\/strong><span dir=\"auto\" style=\"vertical-align: inherit;\"><span dir=\"auto\" style=\"vertical-align: inherit;\"> Dispose of residues in accordance with local guidelines for chemical waste management.<\/span><\/span><\/p>\n<\/li>\n<\/ol>\n<hr data-start=\"6673\" data-end=\"6676\" \/>\n<h3 data-start=\"6678\" data-end=\"6712\"><strong data-start=\"6682\" data-end=\"6712\"><span dir=\"auto\" style=\"vertical-align: inherit;\"><span dir=\"auto\" style=\"vertical-align: inherit;\">Seguran\u00e7a e Conformidade<\/span><\/span><\/strong><\/h3>\n<ul data-start=\"6714\" data-end=\"7157\">\n<li data-start=\"6714\" data-end=\"6809\">\n<p data-start=\"6716\" data-end=\"6809\"><strong data-start=\"6716\" data-end=\"6752\"><span dir=\"auto\" style=\"vertical-align: inherit;\"><span dir=\"auto\" style=\"vertical-align: inherit;\">Para uso exclusivo em laborat\u00f3rio:<\/span><\/span><\/strong><span dir=\"auto\" style=\"vertical-align: inherit;\"><span dir=\"auto\" style=\"vertical-align: inherit;\"> N\u00e3o adequado para consumo humano ou animal.<\/span><\/span><\/p>\n<\/li>\n<li data-start=\"6810\" data-end=\"6933\">\n<p data-start=\"6812\" data-end=\"6933\"><strong data-start=\"6812\" data-end=\"6840\"><span dir=\"auto\" style=\"vertical-align: inherit;\"><span dir=\"auto\" style=\"vertical-align: inherit;\">Considera\u00e7\u00f5es legais:<\/span><\/span><\/strong><span dir=\"auto\" style=\"vertical-align: inherit;\"><span dir=\"auto\" style=\"vertical-align: inherit;\"> Always check local laws regarding the composition of this product.<\/span><\/span><\/p>\n<\/li>\n<li data-start=\"6934\" data-end=\"7032\">\n<p data-start=\"6936\" data-end=\"7032\"><strong data-start=\"6936\" data-end=\"6964\"><span dir=\"auto\" style=\"vertical-align: inherit;\"><span dir=\"auto\" style=\"vertical-align: inherit;\">Sa\u00fade e Seguran\u00e7a:<\/span><\/span><\/strong><span dir=\"auto\" style=\"vertical-align: inherit;\"><span dir=\"auto\" style=\"vertical-align: inherit;\"> Avoid contact and inhalation; use standard laboratory PPE.<\/span><\/span><\/p>\n<\/li>\n<li data-start=\"7033\" data-end=\"7157\">\n<p data-start=\"7035\" data-end=\"7157\"><strong data-start=\"7035\" data-end=\"7052\"><span dir=\"auto\" style=\"vertical-align: inherit;\"><span dir=\"auto\" style=\"vertical-align: inherit;\">Documenta\u00e7\u00e3o:<\/span><\/span><\/strong><span dir=\"auto\" style=\"vertical-align: inherit;\"><span dir=\"auto\" style=\"vertical-align: inherit;\"> UM <\/span><\/span><strong data-start=\"7057\" data-end=\"7093\"><span dir=\"auto\" style=\"vertical-align: inherit;\"><span dir=\"auto\" style=\"vertical-align: inherit;\">Ficha de Dados de Seguran\u00e7a de Materiais (MSDS)<\/span><\/span><\/strong><span dir=\"auto\" style=\"vertical-align: inherit;\"><span dir=\"auto\" style=\"vertical-align: inherit;\"> e <\/span><\/span><strong data-start=\"7097\" data-end=\"7125\"><span dir=\"auto\" style=\"vertical-align: inherit;\"><span dir=\"auto\" style=\"vertical-align: inherit;\">Certificado de An\u00e1lise (COA)<\/span><\/span><\/strong><span dir=\"auto\" style=\"vertical-align: inherit;\"><span dir=\"auto\" style=\"vertical-align: inherit;\"> Est\u00e3o dispon\u00edveis mediante solicita\u00e7\u00e3o.<\/span><\/span><\/p>\n<\/li>\n<\/ul>\n<hr data-start=\"7159\" data-end=\"7162\" \/>\n<h3 data-start=\"7164\" data-end=\"7199\"><strong data-start=\"7168\" data-end=\"7199\"><span dir=\"auto\" style=\"vertical-align: inherit;\"><span dir=\"auto\" style=\"vertical-align: inherit;\">Perguntas Frequentes (FAQs)<\/span><\/span><\/strong><\/h3>\n<p data-start=\"7201\" data-end=\"7376\"><strong data-start=\"7201\" data-end=\"7249\"><span dir=\"auto\" style=\"vertical-align: inherit;\"><span dir=\"auto\" style=\"vertical-align: inherit;\">1. What is Blue Mandala Mix used for?<\/span><\/span><\/strong><br data-start=\"7249\" data-end=\"7252\" \/><span dir=\"auto\" style=\"vertical-align: inherit;\"><span dir=\"auto\" style=\"vertical-align: inherit;\"> Blue Mandala Mix is \u200b\u200bused as <\/span><\/span><strong data-start=\"7288\" data-end=\"7311\"><span dir=\"auto\" style=\"vertical-align: inherit;\"><span dir=\"auto\" style=\"vertical-align: inherit;\">um material de refer\u00eancia<\/span><\/span><\/strong><span dir=\"auto\" style=\"vertical-align: inherit;\"><span dir=\"auto\" style=\"vertical-align: inherit;\"> for chemical and forensic calibration and detection testing.<\/span><\/span><\/p>\n<p data-start=\"7378\" data-end=\"7552\"><strong data-start=\"7378\" data-end=\"7441\"><span dir=\"auto\" style=\"vertical-align: inherit;\"><span dir=\"auto\" style=\"vertical-align: inherit;\">2. Is Blue Mandala Mix suitable for human consumption?<\/span><\/span><\/strong><br data-start=\"7441\" data-end=\"7444\" \/><span dir=\"auto\" style=\"vertical-align: inherit;\"><span dir=\"auto\" style=\"vertical-align: inherit;\"> N\u00e3o. Este produto \u00e9 <\/span><\/span><strong data-start=\"7464\" data-end=\"7502\"><span dir=\"auto\" style=\"vertical-align: inherit;\"><span dir=\"auto\" style=\"vertical-align: inherit;\">Apenas para fins de pesquisa<\/span><\/span><\/strong><span dir=\"auto\" style=\"vertical-align: inherit;\"><span dir=\"auto\" style=\"vertical-align: inherit;\"> e <\/span><\/span><strong data-start=\"7506\" data-end=\"7549\"><span dir=\"auto\" style=\"vertical-align: inherit;\"><span dir=\"auto\" style=\"vertical-align: inherit;\">N\u00e3o \u00e9 aprovado para uso humano.<\/span><\/span><\/strong><span dir=\"auto\" style=\"vertical-align: inherit;\"><span dir=\"auto\" style=\"vertical-align: inherit;\"> .<\/span><\/span><\/p>\n<p data-start=\"7554\" data-end=\"7689\"><strong data-start=\"7554\" data-end=\"7605\"><span dir=\"auto\" style=\"vertical-align: inherit;\"><span dir=\"auto\" style=\"vertical-align: inherit;\">3. How should Blue Mandala Mix be stored?<\/span><\/span><\/strong><br data-start=\"7605\" data-end=\"7608\" \/><span dir=\"auto\" style=\"vertical-align: inherit;\"><span dir=\"auto\" style=\"vertical-align: inherit;\"> Armazene em local fresco, seco e escuro, bem fechado e fora do alcance de pessoas n\u00e3o autorizadas.<\/span><\/span><\/p>","protected":false},"excerpt":{"rendered":"<h3><span style=\"vertical-align: inherit;\"><span style=\"vertical-align: inherit;\"><span dir=\"auto\" style=\"vertical-align: inherit;\"><span dir=\"auto\" style=\"vertical-align: inherit;\">Propriedades do Mandala Azul:<\/span><\/span><\/span><\/span><\/h3>\n<ul>\n<li><span style=\"vertical-align: inherit;\"><span style=\"vertical-align: inherit;\"><span dir=\"auto\" style=\"vertical-align: inherit;\"><span dir=\"auto\" style=\"vertical-align: inherit;\">40 mg 2-FA<\/span><\/span><\/span><\/span><\/li>\n<li><span style=\"vertical-align: inherit;\"><span style=\"vertical-align: inherit;\"><span dir=\"auto\" style=\"vertical-align: inherit;\"><span dir=\"auto\" style=\"vertical-align: inherit;\">40 mg 4-FMA<\/span><\/span><\/span><\/span><\/li>\n<li><span style=\"vertical-align: inherit;\"><span style=\"vertical-align: inherit;\"><span dir=\"auto\" style=\"vertical-align: inherit;\"><span dir=\"auto\" style=\"vertical-align: inherit;\">20 MG 2-FMA<\/span><\/span><\/span><\/span><\/li>\n<\/ul>","protected":false},"featured_media":28485,"comment_status":"closed","ping_status":"closed","template":"","meta":[],"product_brand":[],"product_cat":[470,431,459,322,333,396,486,398],"product_tag":[1120,1121,1118,1119,326],"class_list":{"0":"post-23732","1":"product","2":"type-product","3":"status-publish","4":"has-post-thumbnail","6":"product_cat-2-fa","7":"product_cat-2-fma-kopen","8":"product_cat-4fma-kopen","9":"product_cat-bijna-verboden","10":"product_cat-gefluoreerden","11":"product_cat-liquid-rcs","12":"product_cat-mandala-mixes","13":"product_cat-verkoop","14":"product_tag-blue-mandala","15":"product_tag-blue-mandala-kopen","16":"product_tag-blue-mandala-mix","17":"product_tag-blue-mandala-mix-kopen","18":"product_tag-nl","20":"first","21":"instock","22":"sale","23":"taxable","24":"shipping-taxable","25":"purchasable","26":"product-type-variable"},"_links":{"self":[{"href":"https:\/\/researchchemicalhub.com\/pt\/wp-json\/wp\/v2\/product\/23732","targetHints":{"allow":["GET"]}}],"collection":[{"href":"https:\/\/researchchemicalhub.com\/pt\/wp-json\/wp\/v2\/product"}],"about":[{"href":"https:\/\/researchchemicalhub.com\/pt\/wp-json\/wp\/v2\/types\/product"}],"replies":[{"embeddable":true,"href":"https:\/\/researchchemicalhub.com\/pt\/wp-json\/wp\/v2\/comments?post=23732"}],"version-history":[{"count":6,"href":"https:\/\/researchchemicalhub.com\/pt\/wp-json\/wp\/v2\/product\/23732\/revisions"}],"predecessor-version":[{"id":28709,"href":"https:\/\/researchchemicalhub.com\/pt\/wp-json\/wp\/v2\/product\/23732\/revisions\/28709"}],"wp:featuredmedia":[{"embeddable":true,"href":"https:\/\/researchchemicalhub.com\/pt\/wp-json\/wp\/v2\/media\/28485"}],"wp:attachment":[{"href":"https:\/\/researchchemicalhub.com\/pt\/wp-json\/wp\/v2\/media?parent=23732"}],"wp:term":[{"taxonomy":"product_brand","embeddable":true,"href":"https:\/\/researchchemicalhub.com\/pt\/wp-json\/wp\/v2\/product_brand?post=23732"},{"taxonomy":"product_cat","embeddable":true,"href":"https:\/\/researchchemicalhub.com\/pt\/wp-json\/wp\/v2\/product_cat?post=23732"},{"taxonomy":"product_tag","embeddable":true,"href":"https:\/\/researchchemicalhub.com\/pt\/wp-json\/wp\/v2\/product_tag?post=23732"}],"curies":[{"name":"wp","href":"https:\/\/api.w.org\/{rel}","templated":true}]}}