{"id":23715,"date":"2025-04-13T17:40:18","date_gmt":"2025-04-13T17:40:18","guid":{"rendered":"https:\/\/researchchemicalhub.com\/?post_type=product&#038;p=23715"},"modified":"2025-10-30T08:38:58","modified_gmt":"2025-10-30T08:38:58","slug":"5meomipt","status":"publish","type":"product","link":"https:\/\/researchchemicalhub.com\/pt\/comprar\/mandala-rosa-2\/5meomipt\/","title":{"rendered":"5-MeO-MiPT base livre"},"content":{"rendered":"<p data-start=\"4864\" data-end=\"5134\"><strong data-start=\"4864\" data-end=\"4921\"><span dir=\"auto\" style=\"vertical-align: inherit;\"><span dir=\"auto\" style=\"vertical-align: inherit;\">5-MeO-MiPT (5-metoxi-N-metil-N-isopropiltriptamina)<\/span><\/span><\/strong><span dir=\"auto\" style=\"vertical-align: inherit;\"><span dir=\"auto\" style=\"vertical-align: inherit;\"> \u00e9 um <\/span><\/span><strong data-start=\"4929\" data-end=\"4954\"><span dir=\"auto\" style=\"vertical-align: inherit;\"><span dir=\"auto\" style=\"vertical-align: inherit;\">tryptamine compound<\/span><\/span><\/strong><span dir=\"auto\" style=\"vertical-align: inherit;\"><span dir=\"auto\" style=\"vertical-align: inherit;\"> usado em <\/span><\/span><strong data-start=\"4984\" data-end=\"5021\"><span dir=\"auto\" style=\"vertical-align: inherit;\"><span dir=\"auto\" style=\"vertical-align: inherit;\">analytical and forensic chemistry<\/span><\/span><\/strong><span dir=\"auto\" style=\"vertical-align: inherit;\"><span dir=\"auto\" style=\"vertical-align: inherit;\"> for studying the structure, spectral properties and detection methods of similar compounds.<\/span><\/span><\/p>\n<p data-start=\"5136\" data-end=\"5366\"><span dir=\"auto\" style=\"vertical-align: inherit;\"><span dir=\"auto\" style=\"vertical-align: inherit;\">O <\/span><\/span><strong data-start=\"5139\" data-end=\"5156\"><span dir=\"auto\" style=\"vertical-align: inherit;\"><span dir=\"auto\" style=\"vertical-align: inherit;\">freebase form<\/span><\/span><\/strong><span dir=\"auto\" style=\"vertical-align: inherit;\"><span dir=\"auto\" style=\"vertical-align: inherit;\"> of 5-MeO-MiPT is particularly useful for <\/span><\/span><strong data-start=\"5197\" data-end=\"5243\"><span dir=\"auto\" style=\"vertical-align: inherit;\"><span dir=\"auto\" style=\"vertical-align: inherit;\">calibration, validation, and detection studies<\/span><\/span><\/strong><span dir=\"auto\" style=\"vertical-align: inherit;\"><span dir=\"auto\" style=\"vertical-align: inherit;\"> . <\/span><\/span><br data-start=\"5244\" data-end=\"5247\" \/><span dir=\"auto\" style=\"vertical-align: inherit;\"><span dir=\"auto\" style=\"vertical-align: inherit;\">Isso \u00e9 <\/span><\/span><strong data-start=\"5254\" data-end=\"5304\"><span dir=\"auto\" style=\"vertical-align: inherit;\"><span dir=\"auto\" style=\"vertical-align: inherit;\">intended for laboratory use only<\/span><\/span><\/strong><span dir=\"auto\" style=\"vertical-align: inherit;\"><span dir=\"auto\" style=\"vertical-align: inherit;\"> e <\/span><\/span><strong data-start=\"5308\" data-end=\"5365\"><span dir=\"auto\" style=\"vertical-align: inherit;\"><span dir=\"auto\" style=\"vertical-align: inherit;\">N\u00e3o \u00e9 adequado para consumo humano ou animal.<\/span><\/span><\/strong><span dir=\"auto\" style=\"vertical-align: inherit;\"><span dir=\"auto\" style=\"vertical-align: inherit;\"> .<\/span><\/span><\/p>\n<hr data-start=\"5368\" data-end=\"5371\" \/>\n<h3 data-start=\"5373\" data-end=\"5404\"><strong data-start=\"5377\" data-end=\"5404\"><span dir=\"auto\" style=\"vertical-align: inherit;\"><span dir=\"auto\" style=\"vertical-align: inherit;\">Principais caracter\u00edsticas<\/span><\/span><\/strong><\/h3>\n<ul data-start=\"5406\" data-end=\"5856\">\n<li data-start=\"5406\" data-end=\"5492\">\n<p data-start=\"5408\" data-end=\"5492\"><strong data-start=\"5408\" data-end=\"5428\"><span dir=\"auto\" style=\"vertical-align: inherit;\"><span dir=\"auto\" style=\"vertical-align: inherit;\">Alta pureza:<\/span><\/span><\/strong><span dir=\"auto\" style=\"vertical-align: inherit;\"><span dir=\"auto\" style=\"vertical-align: inherit;\"> Produzido em condi\u00e7\u00f5es laboratoriais controladas.<\/span><\/span><\/p>\n<\/li>\n<li data-start=\"5493\" data-end=\"5575\">\n<p data-start=\"5495\" data-end=\"5575\"><strong data-start=\"5495\" data-end=\"5513\"><span dir=\"auto\" style=\"vertical-align: inherit;\"><span dir=\"auto\" style=\"vertical-align: inherit;\">Freebase Form:<\/span><\/span><\/strong><span dir=\"auto\" style=\"vertical-align: inherit;\"><span dir=\"auto\" style=\"vertical-align: inherit;\"> Suitable for chemical analysis and spectral identification.<\/span><\/span><\/p>\n<\/li>\n<li data-start=\"5576\" data-end=\"5685\">\n<p data-start=\"5578\" data-end=\"5685\"><strong data-start=\"5578\" data-end=\"5617\"><span dir=\"auto\" style=\"vertical-align: inherit;\"><span dir=\"auto\" style=\"vertical-align: inherit;\">Material de refer\u00eancia certificado:<\/span><\/span><\/strong><span dir=\"auto\" style=\"vertical-align: inherit;\"><span dir=\"auto\" style=\"vertical-align: inherit;\"> Fornecido com <\/span><\/span><strong data-start=\"5631\" data-end=\"5659\"><span dir=\"auto\" style=\"vertical-align: inherit;\"><span dir=\"auto\" style=\"vertical-align: inherit;\">Certificado de An\u00e1lise (COA)<\/span><\/span><\/strong><span dir=\"auto\" style=\"vertical-align: inherit;\"><span dir=\"auto\" style=\"vertical-align: inherit;\"> and purity data.<\/span><\/span><\/p>\n<\/li>\n<li data-start=\"5686\" data-end=\"5783\">\n<p data-start=\"5688\" data-end=\"5783\"><strong data-start=\"5688\" data-end=\"5719\"><span dir=\"auto\" style=\"vertical-align: inherit;\"><span dir=\"auto\" style=\"vertical-align: inherit;\">Analytical Versatility:<\/span><\/span><\/strong><span dir=\"auto\" style=\"vertical-align: inherit;\"><span dir=\"auto\" style=\"vertical-align: inherit;\"> Compatible with <\/span><\/span><strong data-start=\"5735\" data-end=\"5744\"><span dir=\"auto\" style=\"vertical-align: inherit;\"><span dir=\"auto\" style=\"vertical-align: inherit;\">GC-MS<\/span><\/span><\/strong><span dir=\"auto\" style=\"vertical-align: inherit;\"><span dir=\"auto\" style=\"vertical-align: inherit;\"> , <\/span><\/span><strong data-start=\"5746\" data-end=\"5758\"><span dir=\"auto\" style=\"vertical-align: inherit;\"><span dir=\"auto\" style=\"vertical-align: inherit;\">LC-MS\/MS<\/span><\/span><\/strong><span dir=\"auto\" style=\"vertical-align: inherit;\"><span dir=\"auto\" style=\"vertical-align: inherit;\"> , <\/span><\/span><strong data-start=\"5760\" data-end=\"5768\"><span dir=\"auto\" style=\"vertical-align: inherit;\"><span dir=\"auto\" style=\"vertical-align: inherit;\">HPLC<\/span><\/span><\/strong><span dir=\"auto\" style=\"vertical-align: inherit;\"><span dir=\"auto\" style=\"vertical-align: inherit;\"> , e <\/span><\/span><strong data-start=\"5772\" data-end=\"5780\"><span dir=\"auto\" style=\"vertical-align: inherit;\"><span dir=\"auto\" style=\"vertical-align: inherit;\">FTIR<\/span><\/span><\/strong><span dir=\"auto\" style=\"vertical-align: inherit;\"><span dir=\"auto\" style=\"vertical-align: inherit;\"> .<\/span><\/span><\/p>\n<\/li>\n<li data-start=\"5784\" data-end=\"5856\">\n<p data-start=\"5786\" data-end=\"5856\"><strong data-start=\"5786\" data-end=\"5813\"><span dir=\"auto\" style=\"vertical-align: inherit;\"><span dir=\"auto\" style=\"vertical-align: inherit;\">Stable Composition:<\/span><\/span><\/strong><span dir=\"auto\" style=\"vertical-align: inherit;\"><span dir=\"auto\" style=\"vertical-align: inherit;\"> Retains stability when stored correctly.<\/span><\/span><\/p>\n<\/li>\n<\/ul>\n<hr data-start=\"5858\" data-end=\"5861\" \/>\n<h3 data-start=\"5863\" data-end=\"5880\"><strong data-start=\"5867\" data-end=\"5880\"><span dir=\"auto\" style=\"vertical-align: inherit;\"><span dir=\"auto\" style=\"vertical-align: inherit;\">Vantagens<\/span><\/span><\/strong><\/h3>\n<ul data-start=\"5882\" data-end=\"6342\">\n<li data-start=\"5882\" data-end=\"5975\">\n<p data-start=\"5884\" data-end=\"5975\"><strong data-start=\"5884\" data-end=\"5921\"><span dir=\"auto\" style=\"vertical-align: inherit;\"><span dir=\"auto\" style=\"vertical-align: inherit;\">Apoia a investiga\u00e7\u00e3o forense:<\/span><\/span><\/strong><span dir=\"auto\" style=\"vertical-align: inherit;\"><span dir=\"auto\" style=\"vertical-align: inherit;\"> Helps in the identification of tryptamine analogs.<\/span><\/span><\/p>\n<\/li>\n<li data-start=\"5976\" data-end=\"6071\">\n<p data-start=\"5978\" data-end=\"6071\"><strong data-start=\"5978\" data-end=\"6005\"><span dir=\"auto\" style=\"vertical-align: inherit;\"><span dir=\"auto\" style=\"vertical-align: inherit;\">Calibra\u00e7\u00e3o confi\u00e1vel:<\/span><\/span><\/strong><span dir=\"auto\" style=\"vertical-align: inherit;\"><span dir=\"auto\" style=\"vertical-align: inherit;\"> Provides consistent data for validation of analytical methods.<\/span><\/span><\/p>\n<\/li>\n<li data-start=\"6072\" data-end=\"6159\">\n<p data-start=\"6074\" data-end=\"6159\"><strong data-start=\"6074\" data-end=\"6096\"><span dir=\"auto\" style=\"vertical-align: inherit;\"><span dir=\"auto\" style=\"vertical-align: inherit;\">Valor educativo:<\/span><\/span><\/strong><span dir=\"auto\" style=\"vertical-align: inherit;\"><span dir=\"auto\" style=\"vertical-align: inherit;\"> Suitable for academic courses in analytical chemistry.<\/span><\/span><\/p>\n<\/li>\n<li data-start=\"6160\" data-end=\"6265\">\n<p data-start=\"6162\" data-end=\"6265\"><strong data-start=\"6162\" data-end=\"6193\"><span dir=\"auto\" style=\"vertical-align: inherit;\"><span dir=\"auto\" style=\"vertical-align: inherit;\">Precis\u00e3o cient\u00edfica:<\/span><\/span><\/strong><span dir=\"auto\" style=\"vertical-align: inherit;\"><span dir=\"auto\" style=\"vertical-align: inherit;\"> Suitable for methodological development and comparative research.<\/span><\/span><\/p>\n<\/li>\n<li data-start=\"6266\" data-end=\"6342\">\n<p data-start=\"6268\" data-end=\"6342\"><strong data-start=\"6268\" data-end=\"6303\"><span dir=\"auto\" style=\"vertical-align: inherit;\"><span dir=\"auto\" style=\"vertical-align: inherit;\">Complies with Laboratory Standards:<\/span><\/span><\/strong><span dir=\"auto\" style=\"vertical-align: inherit;\"><span dir=\"auto\" style=\"vertical-align: inherit;\"> Supplied with full documentation.<\/span><\/span><\/p>\n<\/li>\n<\/ul>\n<hr data-start=\"6344\" data-end=\"6347\" \/>\n<h3 data-start=\"6349\" data-end=\"6410\"><strong data-start=\"6353\" data-end=\"6410\"><span dir=\"auto\" style=\"vertical-align: inherit;\"><span dir=\"auto\" style=\"vertical-align: inherit;\">Instru\u00e7\u00f5es de Uso (Somente para Fins de Pesquisa)<\/span><\/span><\/strong><\/h3>\n<ol data-start=\"6412\" data-end=\"6758\">\n<li data-start=\"6412\" data-end=\"6511\">\n<p data-start=\"6415\" data-end=\"6511\"><strong data-start=\"6415\" data-end=\"6429\"><span dir=\"auto\" style=\"vertical-align: inherit;\"><span dir=\"auto\" style=\"vertical-align: inherit;\">Manuseio:<\/span><\/span><\/strong><span dir=\"auto\" style=\"vertical-align: inherit;\"><span dir=\"auto\" style=\"vertical-align: inherit;\"> Utilizar somente em laborat\u00f3rios aprovados e com equipamentos de seguran\u00e7a adequados.<\/span><\/span><\/p>\n<\/li>\n<li data-start=\"6512\" data-end=\"6605\">\n<p data-start=\"6515\" data-end=\"6605\"><strong data-start=\"6515\" data-end=\"6533\"><span dir=\"auto\" style=\"vertical-align: inherit;\"><span dir=\"auto\" style=\"vertical-align: inherit;\">Prepara\u00e7\u00e3o:<\/span><\/span><\/strong><span dir=\"auto\" style=\"vertical-align: inherit;\"><span dir=\"auto\" style=\"vertical-align: inherit;\"> Use according to validated protocols for analytical application.<\/span><\/span><\/p>\n<\/li>\n<li data-start=\"6606\" data-end=\"6669\">\n<p data-start=\"6609\" data-end=\"6669\"><strong data-start=\"6609\" data-end=\"6620\"><span dir=\"auto\" style=\"vertical-align: inherit;\"><span dir=\"auto\" style=\"vertical-align: inherit;\">Armazenar:<\/span><\/span><\/strong><span dir=\"auto\" style=\"vertical-align: inherit;\"><span dir=\"auto\" style=\"vertical-align: inherit;\"> Conservar em local fresco, seco e escuro, bem fechado.<\/span><\/span><\/p>\n<\/li>\n<li data-start=\"6670\" data-end=\"6758\">\n<p data-start=\"6673\" data-end=\"6758\"><strong data-start=\"6673\" data-end=\"6684\"><span dir=\"auto\" style=\"vertical-align: inherit;\"><span dir=\"auto\" style=\"vertical-align: inherit;\">Disposi\u00e7\u00e3o:<\/span><\/span><\/strong><span dir=\"auto\" style=\"vertical-align: inherit;\"><span dir=\"auto\" style=\"vertical-align: inherit;\"> Dispose of residues in accordance with local guidelines for chemical waste management.<\/span><\/span><\/p>\n<\/li>\n<\/ol>\n<hr data-start=\"6760\" data-end=\"6763\" \/>\n<h3 data-start=\"6765\" data-end=\"6799\"><strong data-start=\"6769\" data-end=\"6799\"><span dir=\"auto\" style=\"vertical-align: inherit;\"><span dir=\"auto\" style=\"vertical-align: inherit;\">Seguran\u00e7a e Conformidade<\/span><\/span><\/strong><\/h3>\n<ul data-start=\"6801\" data-end=\"7241\">\n<li data-start=\"6801\" data-end=\"6896\">\n<p data-start=\"6803\" data-end=\"6896\"><strong data-start=\"6803\" data-end=\"6839\"><span dir=\"auto\" style=\"vertical-align: inherit;\"><span dir=\"auto\" style=\"vertical-align: inherit;\">Para uso exclusivo em laborat\u00f3rio:<\/span><\/span><\/strong><span dir=\"auto\" style=\"vertical-align: inherit;\"><span dir=\"auto\" style=\"vertical-align: inherit;\"> N\u00e3o adequado para consumo humano ou animal.<\/span><\/span><\/p>\n<\/li>\n<li data-start=\"6897\" data-end=\"7011\">\n<p data-start=\"6899\" data-end=\"7011\"><strong data-start=\"6899\" data-end=\"6927\"><span dir=\"auto\" style=\"vertical-align: inherit;\"><span dir=\"auto\" style=\"vertical-align: inherit;\">Considera\u00e7\u00f5es legais:<\/span><\/span><\/strong><span dir=\"auto\" style=\"vertical-align: inherit;\"><span dir=\"auto\" style=\"vertical-align: inherit;\"> Check local regulations regarding 5-MeO-MiPT before using the product.<\/span><\/span><\/p>\n<\/li>\n<li data-start=\"7012\" data-end=\"7116\">\n<p data-start=\"7014\" data-end=\"7116\"><strong data-start=\"7014\" data-end=\"7042\"><span dir=\"auto\" style=\"vertical-align: inherit;\"><span dir=\"auto\" style=\"vertical-align: inherit;\">Sa\u00fade e Seguran\u00e7a:<\/span><\/span><\/strong><span dir=\"auto\" style=\"vertical-align: inherit;\"><span dir=\"auto\" style=\"vertical-align: inherit;\"> Avoid skin contact and inhalation; wear appropriate protective equipment.<\/span><\/span><\/p>\n<\/li>\n<li data-start=\"7117\" data-end=\"7241\">\n<p data-start=\"7119\" data-end=\"7241\"><strong data-start=\"7119\" data-end=\"7136\"><span dir=\"auto\" style=\"vertical-align: inherit;\"><span dir=\"auto\" style=\"vertical-align: inherit;\">Documenta\u00e7\u00e3o:<\/span><\/span><\/strong><span dir=\"auto\" style=\"vertical-align: inherit;\"><span dir=\"auto\" style=\"vertical-align: inherit;\"> UM <\/span><\/span><strong data-start=\"7141\" data-end=\"7177\"><span dir=\"auto\" style=\"vertical-align: inherit;\"><span dir=\"auto\" style=\"vertical-align: inherit;\">Ficha de Dados de Seguran\u00e7a de Materiais (MSDS)<\/span><\/span><\/strong><span dir=\"auto\" style=\"vertical-align: inherit;\"><span dir=\"auto\" style=\"vertical-align: inherit;\"> e <\/span><\/span><strong data-start=\"7181\" data-end=\"7209\"><span dir=\"auto\" style=\"vertical-align: inherit;\"><span dir=\"auto\" style=\"vertical-align: inherit;\">Certificado de An\u00e1lise (COA)<\/span><\/span><\/strong><span dir=\"auto\" style=\"vertical-align: inherit;\"><span dir=\"auto\" style=\"vertical-align: inherit;\"> Est\u00e3o dispon\u00edveis mediante solicita\u00e7\u00e3o.<\/span><\/span><\/p>\n<\/li>\n<\/ul>\n<hr data-start=\"7243\" data-end=\"7246\" \/>\n<h3 data-start=\"7248\" data-end=\"7283\"><strong data-start=\"7252\" data-end=\"7283\"><span dir=\"auto\" style=\"vertical-align: inherit;\"><span dir=\"auto\" style=\"vertical-align: inherit;\">Perguntas Frequentes (FAQs)<\/span><\/span><\/strong><\/h3>\n<p data-start=\"7285\" data-end=\"7454\"><strong data-start=\"7285\" data-end=\"7336\"><span dir=\"auto\" style=\"vertical-align: inherit;\"><span dir=\"auto\" style=\"vertical-align: inherit;\">1. What is 5-MeO-MiPT Freebase used for?<\/span><\/span><\/strong><br data-start=\"7336\" data-end=\"7339\" \/><span dir=\"auto\" style=\"vertical-align: inherit;\"><span dir=\"auto\" style=\"vertical-align: inherit;\"> \u00c9 usado como <\/span><\/span><strong data-start=\"7362\" data-end=\"7385\"><span dir=\"auto\" style=\"vertical-align: inherit;\"><span dir=\"auto\" style=\"vertical-align: inherit;\">um material de refer\u00eancia<\/span><\/span><\/strong><span dir=\"auto\" style=\"vertical-align: inherit;\"><span dir=\"auto\" style=\"vertical-align: inherit;\"> in forensic and analytical testing of tryptamine compounds.<\/span><\/span><\/p>\n<p data-start=\"7456\" data-end=\"7648\"><strong data-start=\"7456\" data-end=\"7522\"><span dir=\"auto\" style=\"vertical-align: inherit;\"><span dir=\"auto\" style=\"vertical-align: inherit;\">2. Is 5-MeO-MiPT Freebase suitable for human consumption?<\/span><\/span><\/strong><br data-start=\"7522\" data-end=\"7525\" \/><span dir=\"auto\" style=\"vertical-align: inherit;\"><span dir=\"auto\" style=\"vertical-align: inherit;\"> N\u00e3o. Este produto \u00e9 <\/span><\/span><strong data-start=\"7545\" data-end=\"7600\"><span dir=\"auto\" style=\"vertical-align: inherit;\"><span dir=\"auto\" style=\"vertical-align: inherit;\">destinado apenas \u00e0 pesquisa cient\u00edfica<\/span><\/span><\/strong><span dir=\"auto\" style=\"vertical-align: inherit;\"><span dir=\"auto\" style=\"vertical-align: inherit;\"> e <\/span><\/span><strong data-start=\"7604\" data-end=\"7645\"><span dir=\"auto\" style=\"vertical-align: inherit;\"><span dir=\"auto\" style=\"vertical-align: inherit;\">is not approved for medical use<\/span><\/span><\/strong><span dir=\"auto\" style=\"vertical-align: inherit;\"><span dir=\"auto\" style=\"vertical-align: inherit;\"> .<\/span><\/span><\/p>\n<p data-start=\"7650\" data-end=\"7788\"><strong data-start=\"7650\" data-end=\"7704\"><span dir=\"auto\" style=\"vertical-align: inherit;\"><span dir=\"auto\" style=\"vertical-align: inherit;\">3. How should 5-MeO-MiPT Freebase be stored?<\/span><\/span><\/strong><br data-start=\"7704\" data-end=\"7707\" \/><span dir=\"auto\" style=\"vertical-align: inherit;\"><span dir=\"auto\" style=\"vertical-align: inherit;\"> Armazene em local fresco, seco e escuro, bem fechado e fora do alcance de pessoas n\u00e3o autorizadas.<\/span><\/span><\/p>\n<p><a href=\"https:\/\/researchchemicalhub.com\/pt\/comprar\/lisergamidas\/1v-lsd-150-mcg-blotters\/\"><span dir=\"auto\" style=\"vertical-align: inherit;\"><span dir=\"auto\" style=\"vertical-align: inherit;\"><span dir=\"auto\" style=\"vertical-align: inherit;\"><span dir=\"auto\" style=\"vertical-align: inherit;\">1V-LSD 150 MCG Blotters <\/span><\/span><\/span><\/span><\/a><a href=\"https:\/\/researchchemicalhub.com\/pt\/comprar\/fenetilamina\/capsulas-2c-ef-2mg\/\"><span dir=\"auto\" style=\"vertical-align: inherit;\"><span dir=\"auto\" style=\"vertical-align: inherit;\"><span dir=\"auto\" style=\"vertical-align: inherit;\"><span dir=\"auto\" style=\"vertical-align: inherit;\">C\u00e1psulas 2C-EF 2mg <\/span><\/span><\/span><\/span><\/a><a href=\"https:\/\/researchchemicalhub.com\/pt\/comprar\/quase-proibido\/6-cl-adba\/\"><span dir=\"auto\" style=\"vertical-align: inherit;\"><span dir=\"auto\" style=\"vertical-align: inherit;\"><span dir=\"auto\" style=\"vertical-align: inherit;\"><span dir=\"auto\" style=\"vertical-align: inherit;\">6-CL-ADBA <\/span><\/span><\/span><\/span><\/a><a href=\"https:\/\/researchchemicalhub.com\/pt\/comprar\/catinonas\/%f0%9f%92%a1-po-cristalino-de-2-mmc-para-todas-as-perguntas-e-respostas-sobre-compra\/\"><span dir=\"auto\" style=\"vertical-align: inherit;\"><span dir=\"auto\" style=\"vertical-align: inherit;\"><span dir=\"auto\" style=\"vertical-align: inherit;\"><span dir=\"auto\" style=\"vertical-align: inherit;\">Pellets de 2-CMC 250 mg <\/span><\/span><\/span><\/span><\/a><a href=\"https:\/\/researchchemicalhub.com\/pt\/comprar\/outro\/meai\/\"><span dir=\"auto\" style=\"vertical-align: inherit;\"><span dir=\"auto\" style=\"vertical-align: inherit;\"><span dir=\"auto\" style=\"vertical-align: inherit;\"><span dir=\"auto\" style=\"vertical-align: inherit;\">MEAI<\/span><\/span><\/span><\/span><\/a><\/p>","protected":false},"excerpt":{"rendered":"<h3><span dir=\"auto\" style=\"vertical-align: inherit;\"><span dir=\"auto\" style=\"vertical-align: inherit;\"><span dir=\"auto\" style=\"vertical-align: inherit;\"><span dir=\"auto\" style=\"vertical-align: inherit;\">5-MeO-MiPT freebase properties<\/span><\/span><\/span><\/span><\/h3>\n<p><strong><span dir=\"auto\" style=\"vertical-align: inherit;\"><span dir=\"auto\" style=\"vertical-align: inherit;\"><span dir=\"auto\" style=\"vertical-align: inherit;\"><span dir=\"auto\" style=\"vertical-align: inherit;\">Synonym:<\/span><\/span><\/span><\/span><\/strong><span dir=\"auto\" style=\"vertical-align: inherit;\"><span dir=\"auto\" style=\"vertical-align: inherit;\"><span dir=\"auto\" style=\"vertical-align: inherit;\"><span dir=\"auto\" style=\"vertical-align: inherit;\"> 5-methoxy-N-isopropyl-N-methyltryptamine freebase <\/span><\/span><\/span><\/span><br \/>\n<strong><span dir=\"auto\" style=\"vertical-align: inherit;\"><span dir=\"auto\" style=\"vertical-align: inherit;\"><span dir=\"auto\" style=\"vertical-align: inherit;\"><span dir=\"auto\" style=\"vertical-align: inherit;\">CAS Number:<\/span><\/span><\/span><\/span><\/strong><span dir=\"auto\" style=\"vertical-align: inherit;\"><span dir=\"auto\" style=\"vertical-align: inherit;\"><span dir=\"auto\" style=\"vertical-align: inherit;\"><span dir=\"auto\" style=\"vertical-align: inherit;\"> 96096-55-8 <\/span><\/span><\/span><\/span><br \/>\n<strong><span dir=\"auto\" style=\"vertical-align: inherit;\"><span dir=\"auto\" style=\"vertical-align: inherit;\"><span dir=\"auto\" style=\"vertical-align: inherit;\"><span dir=\"auto\" style=\"vertical-align: inherit;\">Formula:<\/span><\/span><\/span><\/span><\/strong><span dir=\"auto\" style=\"vertical-align: inherit;\"><span dir=\"auto\" style=\"vertical-align: inherit;\"><span dir=\"auto\" style=\"vertical-align: inherit;\"><span dir=\"auto\" style=\"vertical-align: inherit;\"> 3-[2-(isopropylmethylamino)ethyl]-5-methoxyindole freebase <\/span><\/span><\/span><\/span><br \/>\n<strong><span dir=\"auto\" style=\"vertical-align: inherit;\"><span dir=\"auto\" style=\"vertical-align: inherit;\"><span dir=\"auto\" style=\"vertical-align: inherit;\"><span dir=\"auto\" style=\"vertical-align: inherit;\">Molecular mass:<\/span><\/span><\/span><\/span><\/strong><span dir=\"auto\" style=\"vertical-align: inherit;\"><span dir=\"auto\" style=\"vertical-align: inherit;\"><span dir=\"auto\" style=\"vertical-align: inherit;\"><span dir=\"auto\" style=\"vertical-align: inherit;\"> 282.8 g\/mol <\/span><\/span><\/span><\/span><br \/>\n<strong><span dir=\"auto\" style=\"vertical-align: inherit;\"><span dir=\"auto\" style=\"vertical-align: inherit;\"><span dir=\"auto\" style=\"vertical-align: inherit;\"><span dir=\"auto\" style=\"vertical-align: inherit;\">Purity:<\/span><\/span><\/span><\/span><\/strong><span dir=\"auto\" style=\"vertical-align: inherit;\"><span dir=\"auto\" style=\"vertical-align: inherit;\"><span dir=\"auto\" style=\"vertical-align: inherit;\"><span dir=\"auto\" style=\"vertical-align: inherit;\"> &gt;97%<\/span><\/span><\/span><\/span><\/p>\n","protected":false},"featured_media":28465,"comment_status":"closed","ping_status":"closed","template":"","meta":[],"product_brand":[82],"product_cat":[436,381],"product_tag":[650,1124,643,326],"class_list":{"0":"post-23715","1":"product","2":"type-product","3":"status-publish","4":"has-post-thumbnail","6":"product_brand-research-chemical","7":"product_cat-5-meo-mipt","8":"product_cat-tryptamines","9":"product_tag-5-meo-mipt","10":"product_tag-5-meo-mipt-freebase-2","11":"product_tag-5meomipt","12":"product_tag-nl","14":"first","15":"instock","16":"taxable","17":"shipping-taxable","18":"purchasable","19":"product-type-variable"},"_links":{"self":[{"href":"https:\/\/researchchemicalhub.com\/pt\/wp-json\/wp\/v2\/product\/23715","targetHints":{"allow":["GET"]}}],"collection":[{"href":"https:\/\/researchchemicalhub.com\/pt\/wp-json\/wp\/v2\/product"}],"about":[{"href":"https:\/\/researchchemicalhub.com\/pt\/wp-json\/wp\/v2\/types\/product"}],"replies":[{"embeddable":true,"href":"https:\/\/researchchemicalhub.com\/pt\/wp-json\/wp\/v2\/comments?post=23715"}],"version-history":[{"count":6,"href":"https:\/\/researchchemicalhub.com\/pt\/wp-json\/wp\/v2\/product\/23715\/revisions"}],"predecessor-version":[{"id":28712,"href":"https:\/\/researchchemicalhub.com\/pt\/wp-json\/wp\/v2\/product\/23715\/revisions\/28712"}],"wp:featuredmedia":[{"embeddable":true,"href":"https:\/\/researchchemicalhub.com\/pt\/wp-json\/wp\/v2\/media\/28465"}],"wp:attachment":[{"href":"https:\/\/researchchemicalhub.com\/pt\/wp-json\/wp\/v2\/media?parent=23715"}],"wp:term":[{"taxonomy":"product_brand","embeddable":true,"href":"https:\/\/researchchemicalhub.com\/pt\/wp-json\/wp\/v2\/product_brand?post=23715"},{"taxonomy":"product_cat","embeddable":true,"href":"https:\/\/researchchemicalhub.com\/pt\/wp-json\/wp\/v2\/product_cat?post=23715"},{"taxonomy":"product_tag","embeddable":true,"href":"https:\/\/researchchemicalhub.com\/pt\/wp-json\/wp\/v2\/product_tag?post=23715"}],"curies":[{"name":"wp","href":"https:\/\/api.w.org\/{rel}","templated":true}]}}