{"id":23635,"date":"2025-04-13T17:40:07","date_gmt":"2025-04-13T17:40:07","guid":{"rendered":"https:\/\/researchchemicalhub.com\/?post_type=product&#038;p=23635"},"modified":"2025-10-30T09:10:39","modified_gmt":"2025-10-30T09:10:39","slug":"compre-4f-mph","status":"publish","type":"product","link":"https:\/\/researchchemicalhub.com\/pt\/comprar\/4-fma-puro-4-fluorometanfetamina\/compre-4f-mph\/","title":{"rendered":"Pellets de 4F-MPH 30 MG (4-Fluorometilfenidato)"},"content":{"rendered":"<h3 data-start=\"3944\" data-end=\"3963\"><strong data-start=\"3948\" data-end=\"3963\">Introdu\u00e7\u00e3o<\/strong><\/h3>\n<p data-start=\"3964\" data-end=\"4264\"><strong data-start=\"3964\" data-end=\"4000\">4F-MPH (4-Fluorometilfenidato)<\/strong> Pellets de 30 MG s\u00e3o <strong data-start=\"4020\" data-end=\"4066\">compostos de pesquisa de alta pureza<\/strong>, desenvolvido para <strong data-start=\"4084\" data-end=\"4137\">pesquisa neurocient\u00edfica e farmacol\u00f3gica<\/strong>Esta variante de fluorometilfenidato \u00e9 amplamente utilizada em estudos de <strong data-start=\"4212\" data-end=\"4261\">sistemas de transporte dopamin\u00e9rgico e noradren\u00e9rgico<\/strong>. 4f mph comprar<\/p>\n<p data-start=\"4266\" data-end=\"4517\">Cada pellet cont\u00e9m <strong data-start=\"4284\" data-end=\"4308\">30 mg de 4F-MPH puro<\/strong>, cuidadosamente medidos para garantir resultados de pesquisa confi\u00e1veis e reproduz\u00edveis. Este produto destina-se apenas a <strong data-start=\"4441\" data-end=\"4473\">pesquisadores qualificados<\/strong> em ambientes laboratoriais controlados.<\/p>\n<blockquote data-start=\"4519\" data-end=\"4668\">\n<p data-start=\"4521\" data-end=\"4668\">\u26a0\ufe0f <strong data-start=\"4524\" data-end=\"4535\">OBS:<\/strong> Os pellets 4F-MPH 30 MG s\u00e3o <strong data-start=\"4562\" data-end=\"4617\">destinado apenas \u00e0 pesquisa cient\u00edfica<\/strong> e <strong data-start=\"4621\" data-end=\"4665\">n\u00e3o adequado para consumo humano<\/strong>.<\/p>\n<\/blockquote>\n<hr data-start=\"4670\" data-end=\"4673\" \/>\n<h3 data-start=\"4675\" data-end=\"4706\"><strong data-start=\"4679\" data-end=\"4706\">Principais caracter\u00edsticas<\/strong><\/h3>\n<ul data-start=\"4707\" data-end=\"5183\">\n<li data-start=\"4707\" data-end=\"4802\">\n<p data-start=\"4709\" data-end=\"4802\"><strong data-start=\"4709\" data-end=\"4735\">Alta Pureza (\u226599%)<\/strong> \u2013 Testado em laborat\u00f3rio para garantir qualidade e confiabilidade ideais.<\/p>\n<\/li>\n<li data-start=\"4803\" data-end=\"4910\">\n<p data-start=\"4805\" data-end=\"4910\"><strong data-start=\"4805\" data-end=\"4837\">Dosagem precisa (30 mg)<\/strong> \u2013 Cada pellet \u00e9 medido consistentemente para resultados reproduz\u00edveis.<\/p>\n<\/li>\n<li data-start=\"4911\" data-end=\"5000\">\n<p data-start=\"4913\" data-end=\"5000\"><strong data-start=\"4913\" data-end=\"4939\">Estabilidade melhorada<\/strong> \u2013 O formato em pellets previne a degrada\u00e7\u00e3o e prolonga a vida \u00fatil. Compre 4f mph<\/p>\n<\/li>\n<li data-start=\"5001\" data-end=\"5082\">\n<p data-start=\"5003\" data-end=\"5082\"><strong data-start=\"5003\" data-end=\"5037\">Controle de Qualidade Confi\u00e1vel<\/strong> \u2013 Fabricado de acordo com padr\u00f5es GMP.<\/p>\n<\/li>\n<li data-start=\"5083\" data-end=\"5183\">\n<p data-start=\"5085\" data-end=\"5183\"><strong data-start=\"5085\" data-end=\"5107\">Embalagem Segura<\/strong> \u2013 Embalado hermeticamente e resistente \u00e0 umidade para manter a integridade do produto.<\/p>\n<\/li>\n<\/ul>\n<hr data-start=\"5185\" data-end=\"5188\" \/>\n<h3 data-start=\"5190\" data-end=\"5207\"><strong data-start=\"5194\" data-end=\"5207\">Vantagens<\/strong><\/h3>\n<ul data-start=\"5208\" data-end=\"5479\">\n<li data-start=\"5208\" data-end=\"5284\">\n<p data-start=\"5210\" data-end=\"5284\">Fornece para <strong data-start=\"5221\" data-end=\"5245\">dosagem precisa<\/strong> e resultados de pesquisa consistentes.<\/p>\n<\/li>\n<li data-start=\"5285\" data-end=\"5349\">\n<p data-start=\"5287\" data-end=\"5349\">Adequado para <strong data-start=\"5301\" data-end=\"5346\">pesquisa neuroqu\u00edmica e farmacol\u00f3gica<\/strong>.<\/p>\n<\/li>\n<li data-start=\"5350\" data-end=\"5408\">\n<p data-start=\"5352\" data-end=\"5408\"><strong data-start=\"5352\" data-end=\"5376\">Maior vida \u00fatil<\/strong> gra\u00e7as \u00e0 formula\u00e7\u00e3o est\u00e1vel.<\/p>\n<\/li>\n<li data-start=\"5409\" data-end=\"5479\">\n<p data-start=\"5411\" data-end=\"5479\">F\u00e1cil de <strong data-start=\"5424\" data-end=\"5451\">manusear e armazenar<\/strong> sem perda de qualidade.<\/p>\n<\/li>\n<\/ul>\n<hr data-start=\"5481\" data-end=\"5484\" \/>\n<h3 data-start=\"5486\" data-end=\"5501\"><strong data-start=\"5490\" data-end=\"5501\">Uso<\/strong><\/h3>\n<ul data-start=\"5502\" data-end=\"5772\">\n<li data-start=\"5502\" data-end=\"5562\">\n<p data-start=\"5504\" data-end=\"5562\">Somente para ser usado para <strong data-start=\"5529\" data-end=\"5559\">pesquisa cient\u00edfica<\/strong>.<\/p>\n<\/li>\n<li data-start=\"5563\" data-end=\"5637\">\n<p data-start=\"5565\" data-end=\"5637\">Use roupas adequadas <strong data-start=\"5581\" data-end=\"5605\">equipamento de prote\u00e7\u00e3o<\/strong> (luvas, \u00f3culos de prote\u00e7\u00e3o, jaleco).<\/p>\n<\/li>\n<li data-start=\"5638\" data-end=\"5713\">\n<p data-start=\"5640\" data-end=\"5713\">Economize em um <strong data-start=\"5655\" data-end=\"5678\">lugar fresco e seco<\/strong>, protegido da luz e da umidade.<\/p>\n<\/li>\n<li data-start=\"5714\" data-end=\"5772\">\n<p data-start=\"5716\" data-end=\"5772\">N\u00e3o \u00e9 adequado para consumo humano ou animal.<\/p>\n<\/li>\n<\/ul>\n<hr data-start=\"5774\" data-end=\"5777\" \/>\n<h3 data-start=\"5779\" data-end=\"5814\"><strong data-start=\"5783\" data-end=\"5814\">Perguntas Frequentes (FAQ&#039;s)<\/strong><\/h3>\n<p data-start=\"5816\" data-end=\"6007\"><strong data-start=\"5816\" data-end=\"5854\">1. Para que \u00e9 usado 4F-MPH?<\/strong><br data-start=\"5854\" data-end=\"5857\" \/>4F-MPH \u00e9 usado em <strong data-start=\"5882\" data-end=\"5927\">pesquisa farmacol\u00f3gica e neuroqu\u00edmica<\/strong> para estimulantes e sistemas neurotransmissores como dopamina e noradrenalina.<\/p>\n<p data-start=\"6009\" data-end=\"6184\"><strong data-start=\"6009\" data-end=\"6062\">2. O 4F-MPH 30 MG \u00e9 seguro para uso humano?<\/strong><br data-start=\"6062\" data-end=\"6065\" \/>N\u00e3o. Este produto \u00e9 <strong data-start=\"6085\" data-end=\"6134\">destinado apenas para fins de pesquisa<\/strong> e n\u00e3o aprovado para consumo humano.<\/p>\n<p data-start=\"6186\" data-end=\"6359\"><strong data-start=\"6186\" data-end=\"6230\">3. Como o 4F-MPH 30 MG deve ser armazenado?<\/strong><br data-start=\"6230\" data-end=\"6233\" \/>Armazene em um <strong data-start=\"6248\" data-end=\"6278\">embalagem bem fechada<\/strong> abelha <strong data-start=\"6283\" data-end=\"6313\">temperatura ambiente (15\u201325\u00b0C)<\/strong>, longe da umidade e da luz solar direta.<\/p>","protected":false},"excerpt":{"rendered":"<p><strong><span dir=\"auto\" style=\"vertical-align: inherit;\"><span dir=\"auto\" style=\"vertical-align: inherit;\">TEMPORARIAMENTE EM PELLETS AZUIS (diferen\u00e7a apenas na cor).<\/span><\/span><\/strong><\/p>","protected":false},"featured_media":28441,"comment_status":"closed","ping_status":"closed","template":"","meta":[],"product_brand":[82],"product_cat":[444,445,322,333,324],"product_tag":[570,571,326],"class_list":{"0":"post-23635","1":"product","2":"type-product","3":"status-publish","4":"has-post-thumbnail","6":"product_brand-research-chemical","7":"product_cat-4f-mph","8":"product_cat-4f-mph-pellets","9":"product_cat-bijna-verboden","10":"product_cat-gefluoreerden","11":"product_cat-pellets-for-pellet","12":"product_tag-4f-mph-kopen","13":"product_tag-4f-mph","14":"product_tag-nl","16":"first","17":"instock","18":"taxable","19":"shipping-taxable","20":"purchasable","21":"product-type-variable"},"_links":{"self":[{"href":"https:\/\/researchchemicalhub.com\/pt\/wp-json\/wp\/v2\/product\/23635","targetHints":{"allow":["GET"]}}],"collection":[{"href":"https:\/\/researchchemicalhub.com\/pt\/wp-json\/wp\/v2\/product"}],"about":[{"href":"https:\/\/researchchemicalhub.com\/pt\/wp-json\/wp\/v2\/types\/product"}],"replies":[{"embeddable":true,"href":"https:\/\/researchchemicalhub.com\/pt\/wp-json\/wp\/v2\/comments?post=23635"}],"version-history":[{"count":6,"href":"https:\/\/researchchemicalhub.com\/pt\/wp-json\/wp\/v2\/product\/23635\/revisions"}],"predecessor-version":[{"id":27993,"href":"https:\/\/researchchemicalhub.com\/pt\/wp-json\/wp\/v2\/product\/23635\/revisions\/27993"}],"wp:featuredmedia":[{"embeddable":true,"href":"https:\/\/researchchemicalhub.com\/pt\/wp-json\/wp\/v2\/media\/28441"}],"wp:attachment":[{"href":"https:\/\/researchchemicalhub.com\/pt\/wp-json\/wp\/v2\/media?parent=23635"}],"wp:term":[{"taxonomy":"product_brand","embeddable":true,"href":"https:\/\/researchchemicalhub.com\/pt\/wp-json\/wp\/v2\/product_brand?post=23635"},{"taxonomy":"product_cat","embeddable":true,"href":"https:\/\/researchchemicalhub.com\/pt\/wp-json\/wp\/v2\/product_cat?post=23635"},{"taxonomy":"product_tag","embeddable":true,"href":"https:\/\/researchchemicalhub.com\/pt\/wp-json\/wp\/v2\/product_tag?post=23635"}],"curies":[{"name":"wp","href":"https:\/\/api.w.org\/{rel}","templated":true}]}}