{"id":23611,"date":"2025-04-13T17:40:06","date_gmt":"2025-04-13T17:40:06","guid":{"rendered":"https:\/\/researchchemicalhub.com\/?post_type=product&#038;p=23611"},"modified":"2025-10-30T09:11:28","modified_gmt":"2025-10-30T09:11:28","slug":"3-fpm-compre-2","status":"publish","type":"product","link":"https:\/\/researchchemicalhub.com\/pt\/comprar\/3-fpm-3-fluorofenmetrazina\/3-fpm-compre-2\/","title":{"rendered":"Pellets 3-FPM 50 MG (3-Fluorofenmetrazina)"},"content":{"rendered":"<h1><strong><span dir=\"auto\" style=\"vertical-align: inherit;\"><span dir=\"auto\" style=\"vertical-align: inherit;\">Pellets 3 fpm 50 MG (3-Fluorofenmetrazina) \u2013 Qualidade e Precis\u00e3o em Pesquisa<\/span><\/span><\/strong><\/h1>\n<p data-start=\"3687\" data-end=\"4034\"><strong data-start=\"3687\" data-end=\"3720\">3-FPM (3-Fluorofenmetrazina)<\/strong> Pellets de 50 MG s\u00e3o <strong data-start=\"3740\" data-end=\"3786\">compostos de pesquisa de alta pureza<\/strong>, desenvolvido para <strong data-start=\"3804\" data-end=\"3857\">pesquisa neurocient\u00edfica e farmacol\u00f3gica<\/strong>. 3 fpm comprar<br data-start=\"3858\" data-end=\"3861\" \/>Como uma variante fluorada de <strong data-start=\"3894\" data-end=\"3911\">fenmetrazina<\/strong> O 3-FPM est\u00e1 sendo investigado por seu potencial de fornecer informa\u00e7\u00f5es sobre <strong data-start=\"3982\" data-end=\"4031\">sistemas de transporte dopamin\u00e9rgico e noradren\u00e9rgico<\/strong>.<\/p>\n<p data-start=\"4036\" data-end=\"4294\">Cada pellet cont\u00e9m <strong data-start=\"4054\" data-end=\"4085\">50 mg de 3-fluorofenmetrazina<\/strong>, cuidadosamente medido para dosagem precisa e resultados de pesquisa confi\u00e1veis. Este produto destina-se apenas a <strong data-start=\"4211\" data-end=\"4243\">pesquisadores qualificados<\/strong> e <strong data-start=\"4247\" data-end=\"4291\">n\u00e3o adequado para consumo humano<\/strong>.<\/p>\n<blockquote data-start=\"4296\" data-end=\"4391\">\n<p data-start=\"4298\" data-end=\"4391\">\u26a0\ufe0f <strong data-start=\"4301\" data-end=\"4312\">OBS:<\/strong> Os pellets 3-FPM 50 MG s\u00e3o <strong data-start=\"4338\" data-end=\"4388\">destinado apenas para pesquisa laboratorial<\/strong>.<\/p>\n<\/blockquote>\n<hr data-start=\"4393\" data-end=\"4396\" \/>\n<h3 data-start=\"4398\" data-end=\"4429\"><strong data-start=\"4402\" data-end=\"4429\">Principais caracter\u00edsticas<\/strong><\/h3>\n<ul data-start=\"4430\" data-end=\"4879\">\n<li data-start=\"4430\" data-end=\"4525\">\n<p data-start=\"4432\" data-end=\"4525\"><strong data-start=\"4432\" data-end=\"4458\">Alta Pureza (\u226599%)<\/strong> \u2013 Testado em laborat\u00f3rio quanto \u00e0 qualidade, estabilidade e composi\u00e7\u00e3o.<\/p>\n<\/li>\n<li data-start=\"4526\" data-end=\"4614\">\n<p data-start=\"4528\" data-end=\"4614\"><strong data-start=\"4528\" data-end=\"4571\">Dosagem precisa (50 mg por pellet)<\/strong> \u2013 Garante resultados reproduz\u00edveis.<\/p>\n<\/li>\n<li data-start=\"4615\" data-end=\"4704\">\n<p data-start=\"4617\" data-end=\"4704\"><strong data-start=\"4617\" data-end=\"4643\">Estabilidade melhorada<\/strong> \u2013 O formato de pellets previne a degrada\u00e7\u00e3o e aumenta a vida \u00fatil.<\/p>\n<\/li>\n<li data-start=\"4705\" data-end=\"4783\">\n<p data-start=\"4707\" data-end=\"4783\"><strong data-start=\"4707\" data-end=\"4732\">Produ\u00e7\u00e3o semelhante a GMP<\/strong> \u2013 Consist\u00eancia e confiabilidade garantidas.<\/p>\n<\/li>\n<li data-start=\"4784\" data-end=\"4879\">\n<p data-start=\"4786\" data-end=\"4879\"><strong data-start=\"4786\" data-end=\"4808\">Embalagem Segura<\/strong> \u2013 A embalagem herm\u00e9tica e \u00e0 prova de umidade protege a conex\u00e3o. Compre 3 fpm<\/p>\n<\/li>\n<\/ul>\n<hr data-start=\"4881\" data-end=\"4884\" \/>\n<h3 data-start=\"4886\" data-end=\"4903\"><strong data-start=\"4890\" data-end=\"4903\">Vantagens<\/strong><\/h3>\n<ul data-start=\"4904\" data-end=\"5187\">\n<li data-start=\"4904\" data-end=\"4980\">\n<p data-start=\"4906\" data-end=\"4980\">Fornece para <strong data-start=\"4917\" data-end=\"4941\">dosagem precisa<\/strong> e resultados de pesquisa confi\u00e1veis.<\/p>\n<\/li>\n<li data-start=\"4981\" data-end=\"5058\">\n<p data-start=\"4983\" data-end=\"5058\">Adequado para <strong data-start=\"4997\" data-end=\"5055\">pesquisa sobre estimulantes e sistemas de neurotransmissores<\/strong>.<\/p>\n<\/li>\n<li data-start=\"5059\" data-end=\"5107\">\n<p data-start=\"5061\" data-end=\"5107\"><strong data-start=\"5061\" data-end=\"5083\">Longa vida \u00fatil<\/strong> e f\u00e1cil armazenamento.<\/p>\n<\/li>\n<li data-start=\"5108\" data-end=\"5187\">\n<p data-start=\"5110\" data-end=\"5187\"><strong data-start=\"5110\" data-end=\"5143\">F\u00e1cil de usar e seguro<\/strong> em ambientes laboratoriais controlados.<\/p>\n<\/li>\n<\/ul>\n<hr data-start=\"5189\" data-end=\"5192\" \/>\n<h3 data-start=\"5194\" data-end=\"5209\"><strong data-start=\"5198\" data-end=\"5209\">Uso<\/strong><\/h3>\n<ul data-start=\"5210\" data-end=\"5490\">\n<li data-start=\"5210\" data-end=\"5272\">\n<p data-start=\"5212\" data-end=\"5272\">Somente para <strong data-start=\"5224\" data-end=\"5269\">pesquisa cient\u00edfica e laboratorial<\/strong>.<\/p>\n<\/li>\n<li data-start=\"5273\" data-end=\"5356\">\n<p data-start=\"5275\" data-end=\"5356\">Use roupas adequadas <strong data-start=\"5291\" data-end=\"5315\">equipamento de prote\u00e7\u00e3o<\/strong> como luvas e \u00f3culos de seguran\u00e7a.<\/p>\n<\/li>\n<li data-start=\"5357\" data-end=\"5432\">\n<p data-start=\"5359\" data-end=\"5432\">Economize em um <strong data-start=\"5374\" data-end=\"5397\">lugar fresco e seco<\/strong>, protegido da luz e da umidade.<\/p>\n<\/li>\n<li data-start=\"5433\" data-end=\"5490\">\n<p data-start=\"5435\" data-end=\"5490\">N\u00e3o se destina ao consumo humano ou animal.<\/p>\n<\/li>\n<\/ul>\n<hr data-start=\"5492\" data-end=\"5495\" \/>\n<h3 data-start=\"5497\" data-end=\"5532\"><strong data-start=\"5501\" data-end=\"5532\">Perguntas Frequentes (FAQ&#039;s)<\/strong><\/h3>\n<p data-start=\"5534\" data-end=\"5687\"><strong data-start=\"5534\" data-end=\"5571\">1. Para que \u00e9 usado o 3-FPM?<\/strong><br data-start=\"5571\" data-end=\"5574\" \/>3-FPM \u00e9 usado em <strong data-start=\"5598\" data-end=\"5633\">pesquisa em neuroci\u00eancia<\/strong> aos estimulantes e mecanismos de transporte de monoaminas.<\/p>\n<p data-start=\"5689\" data-end=\"5865\"><strong data-start=\"5689\" data-end=\"5743\">2. O 3-FPM 50 MG \u00e9 adequado para uso humano?<\/strong><br data-start=\"5743\" data-end=\"5746\" \/>N\u00e3o. Este produto \u00e9 <strong data-start=\"5766\" data-end=\"5815\">destinado apenas para fins de pesquisa<\/strong> e n\u00e3o aprovado para consumo humano.<\/p>\n<p data-start=\"5867\" data-end=\"6035\"><strong data-start=\"5867\" data-end=\"5910\">3. Como o 3-FPM 50 MG deve ser armazenado?<\/strong><br data-start=\"5910\" data-end=\"5913\" \/>Armazene em um <strong data-start=\"5928\" data-end=\"5958\">embalagem bem fechada<\/strong> em temperatura ambiente (15\u201325\u00b0C), longe da umidade e da luz solar direta.<\/p>\n<h3><a style=\"font-size: 16px;\" href=\"https:\/\/researchchemicalhub.com\/pt\/comprar\/iboga-ibogaina\/casca-da-raiz-de-iboga\/\"><span dir=\"auto\" style=\"vertical-align: inherit;\"><span dir=\"auto\" style=\"vertical-align: inherit;\">casca da raiz de iboga<\/span><\/span><\/a><a style=\"font-size: 16px;\" href=\"https:\/\/researchchemicalhub.com\/pt\/comprar\/iboga-ibogaina\/comprar-cloridrato-de-ibogaina-online\/\"><span dir=\"auto\" style=\"vertical-align: inherit;\"><span dir=\"auto\" style=\"vertical-align: inherit;\">\u200b comprar iboga\u00edna hcl online<\/span><\/span><\/a><a style=\"font-size: 16px;\" href=\"https:\/\/researchchemicalhub.com\/pt\/comprar\/lisergamidas\/1cp-lsd-150-mcg-mata-borroes-artisticos\/\"><span dir=\"auto\" style=\"vertical-align: inherit;\"><span dir=\"auto\" style=\"vertical-align: inherit;\">1 colher de ch\u00e1 de LSD <\/span><\/span><\/a><a style=\"font-size: 16px;\" href=\"https:\/\/researchchemicalhub.com\/pt\/comprar\/pelotas-2\/pellets-de-dsmt-50mg\/\"><span dir=\"auto\" style=\"vertical-align: inherit;\"><span dir=\"auto\" style=\"vertical-align: inherit;\">o-dsmt <\/span><\/span><\/a><a style=\"font-size: 16px;\" href=\"https:\/\/researchchemicalhub.com\/pt\/comprar\/lisergamidas\/1v-lsd-150-mcg-blotters\/\"><span dir=\"auto\" style=\"vertical-align: inherit;\"><span dir=\"auto\" style=\"vertical-align: inherit;\">1vlsd<\/span><\/span><\/a><\/h3>","protected":false},"excerpt":{"rendered":"<p>Pellets 3 fpm 50 MG (3-Fluorofenmetrazina) \u2013 Qualidade e Precis\u00e3o em Pesquisa Pellets 3-FPM (3-Fluorofenmetrazina) 50 MG s\u00e3o compostos de pesquisa de<\/p>","protected":false},"featured_media":28406,"comment_status":"closed","ping_status":"closed","template":"","meta":[],"product_brand":[82],"product_cat":[441,442,322,333,324],"product_tag":[606,601,605,326],"class_list":{"0":"post-23611","1":"product","2":"type-product","3":"status-publish","4":"has-post-thumbnail","6":"product_brand-research-chemical","7":"product_cat-3-fpm","8":"product_cat-3-fpm-pellets","9":"product_cat-bijna-verboden","10":"product_cat-gefluoreerden","11":"product_cat-pellets-for-pellet","12":"product_tag-3-fluorophenmetrazine","13":"product_tag-3-fpm","14":"product_tag-3fpm","15":"product_tag-nl","17":"first","18":"instock","19":"taxable","20":"shipping-taxable","21":"purchasable","22":"product-type-variable"},"_links":{"self":[{"href":"https:\/\/researchchemicalhub.com\/pt\/wp-json\/wp\/v2\/product\/23611","targetHints":{"allow":["GET"]}}],"collection":[{"href":"https:\/\/researchchemicalhub.com\/pt\/wp-json\/wp\/v2\/product"}],"about":[{"href":"https:\/\/researchchemicalhub.com\/pt\/wp-json\/wp\/v2\/types\/product"}],"replies":[{"embeddable":true,"href":"https:\/\/researchchemicalhub.com\/pt\/wp-json\/wp\/v2\/comments?post=23611"}],"version-history":[{"count":5,"href":"https:\/\/researchchemicalhub.com\/pt\/wp-json\/wp\/v2\/product\/23611\/revisions"}],"predecessor-version":[{"id":27994,"href":"https:\/\/researchchemicalhub.com\/pt\/wp-json\/wp\/v2\/product\/23611\/revisions\/27994"}],"wp:featuredmedia":[{"embeddable":true,"href":"https:\/\/researchchemicalhub.com\/pt\/wp-json\/wp\/v2\/media\/28406"}],"wp:attachment":[{"href":"https:\/\/researchchemicalhub.com\/pt\/wp-json\/wp\/v2\/media?parent=23611"}],"wp:term":[{"taxonomy":"product_brand","embeddable":true,"href":"https:\/\/researchchemicalhub.com\/pt\/wp-json\/wp\/v2\/product_brand?post=23611"},{"taxonomy":"product_cat","embeddable":true,"href":"https:\/\/researchchemicalhub.com\/pt\/wp-json\/wp\/v2\/product_cat?post=23611"},{"taxonomy":"product_tag","embeddable":true,"href":"https:\/\/researchchemicalhub.com\/pt\/wp-json\/wp\/v2\/product_tag?post=23611"}],"curies":[{"name":"wp","href":"https:\/\/api.w.org\/{rel}","templated":true}]}}