{"id":23595,"date":"2025-04-13T17:40:01","date_gmt":"2025-04-13T17:40:01","guid":{"rendered":"https:\/\/researchchemicalhub.com\/?post_type=product&#038;p=23595"},"modified":"2025-10-30T09:18:12","modified_gmt":"2025-10-30T09:18:12","slug":"1p-compre-lsd-3","status":"publish","type":"product","link":"https:\/\/researchchemicalhub.com\/pt\/comprar\/1p-compre-lsd\/1p-compre-lsd-3\/","title":{"rendered":"Pastilhas 1P-LSD 150 MCG"},"content":{"rendered":"<h3>Encomende LSD 1P-LSD 150 MCG Pellets \u2013 Qualidade Premium para Pesquisa Cient\u00edfica<\/h3>\n<p data-start=\"4066\" data-end=\"4258\"><strong data-start=\"4066\" data-end=\"4117\">1P-LSD (Dietilamida do \u00c1cido 1-Propionil-Lis\u00e9rgico)<\/strong> Pellets de 150 \u00b5g s\u00e3o <strong data-start=\"4138\" data-end=\"4184\">compostos de pesquisa de alta pureza<\/strong>, desenvolvido para <strong data-start=\"4202\" data-end=\"4255\">pesquisa neurocient\u00edfica e farmacol\u00f3gica<\/strong>. 1p compre lsd<\/p>\n<p data-start=\"4260\" data-end=\"4523\">Se <strong data-start=\"4264\" data-end=\"4296\">an\u00e1logo estrutural do LSD<\/strong>, O 1P-LSD cont\u00e9m um grupo propionil que influencia suas propriedades farmacol\u00f3gicas. \u00c9 frequentemente usado em <strong data-start=\"4406\" data-end=\"4446\">pesquisa sobre receptores de serotonina<\/strong> e <strong data-start=\"4450\" data-end=\"4492\">rela\u00e7\u00f5es estrutura-atividade (SAR)<\/strong> dentro da classe das lisergamidas.<\/p>\n<p data-start=\"4525\" data-end=\"4673\">Cada pellet cont\u00e9m <strong data-start=\"4543\" data-end=\"4567\">150 microgramas de 1P-LSD<\/strong> com alta precis\u00e3o, o que garante resultados de pesquisa reprodut\u00edveis e estabilidade a longo prazo.<\/p>\n<blockquote data-start=\"4675\" data-end=\"4813\">\n<p data-start=\"4677\" data-end=\"4813\">\u26a0\ufe0f <strong data-start=\"4680\" data-end=\"4691\">OBS:<\/strong> Este produto \u00e9 <strong data-start=\"4707\" data-end=\"4762\">destinado apenas \u00e0 pesquisa cient\u00edfica<\/strong> e <strong data-start=\"4766\" data-end=\"4810\">n\u00e3o adequado para consumo humano<\/strong>.<\/p>\n<\/blockquote>\n<hr data-start=\"4815\" data-end=\"4818\" \/>\n<h3 data-start=\"4820\" data-end=\"4851\"><strong data-start=\"4824\" data-end=\"4851\">Principais caracter\u00edsticas<\/strong><\/h3>\n<ul data-start=\"4852\" data-end=\"5288\">\n<li data-start=\"4852\" data-end=\"4935\">\n<p data-start=\"4854\" data-end=\"4935\"><strong data-start=\"4854\" data-end=\"4880\">Alta Pureza (\u226599%)<\/strong> \u2013 Testado em laborat\u00f3rio para identidade e estabilidade.<\/p>\n<\/li>\n<li data-start=\"4936\" data-end=\"5034\">\n<p data-start=\"4938\" data-end=\"5034\"><strong data-start=\"4938\" data-end=\"4976\">Microdosagem precisa (150 \u00b5g)<\/strong> \u2013 Para resultados de pesquisa consistentes e confi\u00e1veis.<\/p>\n<\/li>\n<li data-start=\"5035\" data-end=\"5117\">\n<p data-start=\"5037\" data-end=\"5117\"><strong data-start=\"5037\" data-end=\"5063\">Estabilidade melhorada<\/strong> \u2013 Projetado para evitar degrada\u00e7\u00e3o durante o armazenamento.<\/p>\n<\/li>\n<li data-start=\"5118\" data-end=\"5200\">\n<p data-start=\"5120\" data-end=\"5200\"><strong data-start=\"5120\" data-end=\"5145\">Produ\u00e7\u00e3o semelhante a GMP<\/strong> \u2013 Qualidade garantida para fins de pesquisa.<\/p>\n<\/li>\n<li data-start=\"5201\" data-end=\"5288\">\n<p data-start=\"5203\" data-end=\"5288\"><strong data-start=\"5203\" data-end=\"5225\">Embalagem Segura<\/strong> \u2013 Herm\u00e9tico e resistente \u00e0 umidade para maior durabilidade.<\/p>\n<\/li>\n<\/ul>\n<hr data-start=\"5290\" data-end=\"5293\" \/>\n<h3 data-start=\"5295\" data-end=\"5312\"><strong data-start=\"5299\" data-end=\"5312\">Vantagens<\/strong><\/h3>\n<ul data-start=\"5313\" data-end=\"5576\">\n<li data-start=\"5313\" data-end=\"5394\">\n<p data-start=\"5315\" data-end=\"5394\">Suportes <strong data-start=\"5327\" data-end=\"5391\">pesquisa sobre receptores de serotonina e an\u00e1logos de lisergamida<\/strong>.<\/p>\n<\/li>\n<li data-start=\"5395\" data-end=\"5461\">\n<p data-start=\"5397\" data-end=\"5461\"><strong data-start=\"5397\" data-end=\"5421\">Dosagem precisa<\/strong> para reprodutibilidade confi\u00e1vel.<\/p>\n<\/li>\n<li data-start=\"5462\" data-end=\"5514\">\n<p data-start=\"5464\" data-end=\"5514\"><strong data-start=\"5464\" data-end=\"5490\">Estabilidade a longo prazo<\/strong> e f\u00e1cil armazenamento. Compre LSD de 1p<\/p>\n<\/li>\n<li data-start=\"5515\" data-end=\"5576\">\n<p data-start=\"5517\" data-end=\"5576\">Adequado para <strong data-start=\"5531\" data-end=\"5573\">pesquisa farmacol\u00f3gica e anal\u00edtica<\/strong>.<\/p>\n<\/li>\n<\/ul>\n<hr data-start=\"5578\" data-end=\"5581\" \/>\n<h3 data-start=\"5583\" data-end=\"5598\"><strong data-start=\"5587\" data-end=\"5598\">Uso<\/strong><\/h3>\n<ul data-start=\"5599\" data-end=\"5881\">\n<li data-start=\"5599\" data-end=\"5669\">\n<p data-start=\"5601\" data-end=\"5669\">Somente para ser usado por <strong data-start=\"5626\" data-end=\"5666\">pessoal de laborat\u00f3rio qualificado<\/strong>.<\/p>\n<\/li>\n<li data-start=\"5670\" data-end=\"5746\">\n<p data-start=\"5672\" data-end=\"5746\">Use adequado <strong data-start=\"5690\" data-end=\"5714\">equipamento de prote\u00e7\u00e3o<\/strong> (luvas, \u00f3culos de prote\u00e7\u00e3o, jaleco).<\/p>\n<\/li>\n<li data-start=\"5747\" data-end=\"5822\">\n<p data-start=\"5749\" data-end=\"5822\">Economize em um <strong data-start=\"5764\" data-end=\"5787\">lugar fresco e seco<\/strong>, protegido da luz e da umidade.<\/p>\n<\/li>\n<li data-start=\"5823\" data-end=\"5881\">\n<p data-start=\"5825\" data-end=\"5881\">N\u00e3o \u00e9 adequado para consumo humano ou animal.<\/p>\n<\/li>\n<\/ul>\n<hr data-start=\"5883\" data-end=\"5886\" \/>\n<h3 data-start=\"5888\" data-end=\"5923\"><strong data-start=\"5892\" data-end=\"5923\">Perguntas Frequentes (FAQ&#039;s)<\/strong><\/h3>\n<p data-start=\"5925\" data-end=\"6082\"><strong data-start=\"5925\" data-end=\"5963\">1. Para que \u00e9 usado o 1P-LSD?<\/strong><br data-start=\"5963\" data-end=\"5966\" \/>1P-LSD \u00e9 usado em <strong data-start=\"5991\" data-end=\"6021\">pesquisa cient\u00edfica<\/strong> sobre lisergamidas e seus efeitos nos receptores de serotonina.<\/p>\n<p data-start=\"6084\" data-end=\"6260\"><strong data-start=\"6084\" data-end=\"6138\">2. O 1P-LSD 150 \u00b5g \u00e9 seguro para uso humano?<\/strong><br data-start=\"6138\" data-end=\"6141\" \/>N\u00e3o. Este produto \u00e9 <strong data-start=\"6161\" data-end=\"6210\">destinado apenas para fins de pesquisa<\/strong> e n\u00e3o aprovado para consumo humano.<\/p>\n<p data-start=\"6262\" data-end=\"6430\"><strong data-start=\"6262\" data-end=\"6307\">3. Como o 1P-LSD 150 \u00b5g deve ser armazenado?<\/strong><br data-start=\"6307\" data-end=\"6310\" \/>Armazene em um <strong data-start=\"6325\" data-end=\"6355\">embalagem bem fechada<\/strong> em temperatura ambiente (15\u201325\u00b0C), longe da umidade, calor e luz.<\/p>\n<h4><span style=\"color: #333333; font-size: 16px;\">.<\/span><a style=\"font-size: 16px;\" href=\"https:\/\/researchchemicalhub.com\/pt\/comprar\/iboga-ibogaina\/casca-da-raiz-de-iboga\/\">casca da raiz de iboga<\/a><a style=\"font-size: 16px;\" href=\"https:\/\/researchchemicalhub.com\/pt\/comprar\/iboga-ibogaina\/comprar-cloridrato-de-ibogaina-online\/\">comprar cloridrato de iboga\u00edna online<\/a><a style=\"font-size: 16px;\" href=\"https:\/\/researchchemicalhub.com\/pt\/comprar\/pelotas-2\/pellets-de-dsmt-50mg\/\">o-dsmt<\/a><a style=\"font-size: 16px;\" href=\"https:\/\/researchchemicalhub.com\/pt\/comprar\/lisergamidas\/1v-lsd-150-mcg-blotters\/\">1vlsd\u200b<\/a><a style=\"font-size: 16px;\" href=\"https:\/\/researchchemicalhub.com\/pt\/comprar\/lisergamidas\/1cp-lsd-150-mcg-mata-borroes-artisticos\/\">1 comprimido de LSD<\/a><\/h4>","protected":false},"excerpt":{"rendered":"<h2>1P-LSD 150 MCG Pellets eigenschappen<\/h2>\n<p><strong>Synoniemen<\/strong>: N,N-diethyl-7-methyl-4-propanoyl-6,6a,8,9-tetrahydroindolo [4,3-fg]chinoline-9-carboxamide<br \/>\n<strong>CAS Nummer<\/strong>: 2349358-81-0<br \/>\n<strong>Formule<\/strong>: C23H29N3O2<br \/>\n<strong>Molmassa<\/strong>: 379,5 g\/mol<br \/>\n<strong>Zuiverheid<\/strong>: \u226599,3%<\/p>\n","protected":false},"featured_media":28356,"comment_status":"closed","ping_status":"closed","template":"","meta":[],"product_brand":[82],"product_cat":[363,379,358,324],"product_tag":[929,926,774,326],"class_list":{"0":"post-23595","1":"product","2":"type-product","3":"status-publish","4":"has-post-thumbnail","6":"product_brand-research-chemical","7":"product_cat-1p-lsd-kopen","8":"product_cat-1p-lsd-pellets","9":"product_cat-lysergamides","10":"product_cat-pellets-for-pellet","11":"product_tag-1p-lsd","12":"product_tag-1p-lsd-kopen","13":"product_tag-lsd-bestellen","14":"product_tag-nl","16":"first","17":"instock","18":"taxable","19":"shipping-taxable","20":"purchasable","21":"product-type-variable"},"_links":{"self":[{"href":"https:\/\/researchchemicalhub.com\/pt\/wp-json\/wp\/v2\/product\/23595","targetHints":{"allow":["GET"]}}],"collection":[{"href":"https:\/\/researchchemicalhub.com\/pt\/wp-json\/wp\/v2\/product"}],"about":[{"href":"https:\/\/researchchemicalhub.com\/pt\/wp-json\/wp\/v2\/types\/product"}],"replies":[{"embeddable":true,"href":"https:\/\/researchchemicalhub.com\/pt\/wp-json\/wp\/v2\/comments?post=23595"}],"version-history":[{"count":5,"href":"https:\/\/researchchemicalhub.com\/pt\/wp-json\/wp\/v2\/product\/23595\/revisions"}],"predecessor-version":[{"id":28001,"href":"https:\/\/researchchemicalhub.com\/pt\/wp-json\/wp\/v2\/product\/23595\/revisions\/28001"}],"wp:featuredmedia":[{"embeddable":true,"href":"https:\/\/researchchemicalhub.com\/pt\/wp-json\/wp\/v2\/media\/28356"}],"wp:attachment":[{"href":"https:\/\/researchchemicalhub.com\/pt\/wp-json\/wp\/v2\/media?parent=23595"}],"wp:term":[{"taxonomy":"product_brand","embeddable":true,"href":"https:\/\/researchchemicalhub.com\/pt\/wp-json\/wp\/v2\/product_brand?post=23595"},{"taxonomy":"product_cat","embeddable":true,"href":"https:\/\/researchchemicalhub.com\/pt\/wp-json\/wp\/v2\/product_cat?post=23595"},{"taxonomy":"product_tag","embeddable":true,"href":"https:\/\/researchchemicalhub.com\/pt\/wp-json\/wp\/v2\/product_tag?post=23595"}],"curies":[{"name":"wp","href":"https:\/\/api.w.org\/{rel}","templated":true}]}}